{"id":7321,"date":"2025-01-27T13:57:09","date_gmt":"2025-01-27T13:57:09","guid":{"rendered":"https:\/\/usa-gv.com\/visitar-nova-iorque\/queens\/"},"modified":"2025-02-25T11:56:03","modified_gmt":"2025-02-25T11:56:03","slug":"queens","status":"publish","type":"page","link":"https:\/\/usa-gv.com\/pt-pt\/visitar-nova-iorque\/queens\/","title":{"rendered":"Queens: o bairro mais cosmopolita de Nova Iorque"},"content":{"rendered":"\n<h1 class=\"wp-block-heading\">Visita o bairro de Queens, em Nova Iorque<\/h1>\n\n<h2 class=\"wp-block-heading\">Porqu\u00ea visitar Queens?<\/h2>\n\n<p>Queens \u00e9 o bairro mais multicultural <a href=\"https:\/\/usa-gv.com\/pt-pt\/visitar-nova-iorque\/\">de Nova Iorque<\/a>, oferecendo uma diversidade incompar\u00e1vel de cultura, comida e actividades. Com mais de 150 l\u00ednguas faladas e pessoas de todo o mundo, Queens \u00e9 um caldeir\u00e3o onde cada esquina oferece uma nova descoberta. Quer seja a explorar os seus bairros vibrantes, a provar cozinhas ex\u00f3ticas ou a visitar museus fascinantes, Queens \u00e9 um destino de visita obrigat\u00f3ria para uma aut\u00eantica imers\u00e3o na diversidade de Nova Iorque.  <\/p>\n\n<h2 class=\"wp-block-heading\">O que tens de ter<\/h2>\n\n<ul class=\"wp-block-list\">\n<li><a href=\"https:\/\/www.nycgovparks.org\/parks\/flushing-meadows-corona-park\">Flushing Meadows-Corona Park<\/a>: Este parque ic\u00f3nico alberga o Unisphere, s\u00edmbolo das Feiras Mundiais de 1964-65, bem como atrac\u00e7\u00f5es como o Queens Museum e o est\u00e1dio de t\u00e9nis Arthur Ashe.<\/li>\n\n\n\n<li><a href=\"https:\/\/www.citifieldstadium.com\/\">Citi Field<\/a>: O est\u00e1dio dos <a href=\"https:\/\/usa-gv.com\/pt-pt\/visitar-nova-iorque\/\">New York<\/a> Mets, perfeito para assistir a um jogo de basebol e viver o ambiente desportivo local.<\/li>\n\n\n\n<li><a href=\"https:\/\/en.wikipedia.org\/wiki\/Astoria,_Queens\">Astoria<\/a>: Um bairro din\u00e2mico conhecido pela sua cena culin\u00e1ria mediterr\u00e2nica e pelos seus muitos bares e caf\u00e9s da moda.<\/li>\n\n\n\n<li><a href=\"https:\/\/www.momaps1.org\/en\">MoMA PS1<\/a>: Um ramo do famoso Museu de Arte Moderna dedicado \u00e0 arte contempor\u00e2nea experimental.<\/li>\n\n\n\n<li><a href=\"https:\/\/en.wikipedia.org\/wiki\/Rockaway_Beach,_Queens\">Rockaway Beach<\/a>: Uma praia popular para relaxar e desfrutar do oceano sem sair da cidade.<\/li>\n<\/ul>\n\n<div style=\"height:10px\" aria-hidden=\"true\" class=\"wp-block-spacer\"><\/div>\n\n<h2 class=\"wp-block-heading\">Bairros a explorar<\/h2>\n\n<ul class=\"wp-block-list\">\n<li><strong>Astoria<\/strong>: Um bairro simp\u00e1tico e animado, famoso pela sua comunidade grega, restaurantes aut\u00eanticos e ambiente descontra\u00eddo.<\/li>\n\n\n\n<li><strong>Flushing<\/strong>: O cora\u00e7\u00e3o da comunidade asi\u00e1tica de <a href=\"https:\/\/usa-gv.com\/pt-pt\/visitar-nova-iorque\/\">Nova Iorque<\/a>, onde se encontram alguns dos melhores restaurantes chineses e coreanos da cidade.<\/li>\n\n\n\n<li><strong>Long Island City<\/strong>: Um bairro em r\u00e1pido crescimento, conhecido pelas suas galerias de arte, lofts modernos e vistas deslumbrantes sobre o horizonte de <a href=\"https:\/\/usa-gv.com\/pt-pt\/visitar-nova-iorque\/manhattan\/\">Manhattan<\/a>.<\/li>\n\n\n\n<li><strong>Jackson Heights<\/strong>: Um cruzamento cultural com uma impressionante diversidade de cozinhas de todo o mundo.<\/li>\n\n\n\n<li><strong>Forest Hills<\/strong>: Uma zona residencial chique com espa\u00e7os verdes, boutiques elegantes e caf\u00e9s encantadores.<\/li>\n<\/ul>\n\n<div style=\"height:10px\" aria-hidden=\"true\" class=\"wp-block-spacer\"><\/div>\n\n<h2 class=\"wp-block-heading\">O que fazer em Queens<\/h2>\n\n<p>\u00c9 obrigat\u00f3rio ir ao <a href=\"https:\/\/queensnightmarket.com\/\">Queens Night Market<\/a> para provar comida de todo o mundo e desfrutar de um ambiente noturno animado.<\/p>\n\n<p>Visita a <a href=\"https:\/\/www.louisarmstronghouse.org\/\">Casa-Museu Louis Armstrong<\/a> para explorar a heran\u00e7a musical do jazz e descobrir a vida do famoso trompetista.<\/p>\n\n<p>Relaxa no <a href=\"https:\/\/parks.ny.gov\/parks\/gantryplaza\/details.aspx\">Gantry Plaza State Park<\/a>, um excelente local para passear \u00e0 beira-mar enquanto desfrutas de vistas espectaculares de Manhattan.<\/p>\n\n<p>Descobre a cena art\u00edstica emergente explorando galerias de arte e <a href=\"https:\/\/www.culturelablic.org\/\">exposi\u00e7\u00f5es em Long Island City<\/a>.<\/p>\n\n<p>Faz uma viagem a <a href=\"https:\/\/en.wikipedia.org\/wiki\/Fort_Tilden\">Fort Tilden<\/a> para uma experi\u00eancia mais natural, longe da agita\u00e7\u00e3o da cidade, com as suas praias selvagens e trilhos para caminhadas.<\/p>\n\n<h2 class=\"wp-block-heading\">Informa\u00e7\u00f5es pr\u00e1ticas para visitar Queens<\/h2>\n\n<figure class=\"wp-block-table\"><table><tbody><tr><th>Categoria<\/th><th>Detalhes<\/th><\/tr><tr><td><strong>Transporte<\/strong><\/td><td>V\u00e1rias linhas de metro servem Queens, facilitando o acesso a partir de <a href=\"https:\/\/usa-gv.com\/pt-pt\/visitar-nova-iorque\/manhattan\/\">Manhattan<\/a>.<\/td><\/tr><tr><td><strong>Alojamento<\/strong><\/td><td>Queens oferece uma grande variedade de hot\u00e9is econ\u00f3micos e propriedades Airbnb para todos os or\u00e7amentos.<\/td><\/tr><tr><td><strong>Melhor per\u00edodo<\/strong><\/td><td>A primavera e o ver\u00e3o s\u00e3o perfeitos para explorares os espa\u00e7os verdes e desfrutares das praias.<\/td><\/tr><\/tbody><\/table><\/figure>\n\n<p>Queens \u00e9 um bairro fascinante que vale a pena explorar pela sua diversidade, energia e muitas surpresas culturais. Uma visita a Queens \u00e9 uma aventura culin\u00e1ria e cultural que te transportar\u00e1 para os quatro cantos do mundo sem sair de Nova Iorque. <\/p>\n\n<p>Enquanto <a href=\"https:\/\/usa-gv.com\/pt-pt\/visitar-nova-iorque\/manhattan\/\">Manhattan<\/a> \u00e9 o centro nevr\u00e1lgico da cidade, com os seus arranha-c\u00e9us e agita\u00e7\u00e3o, <a href=\"https:\/\/usa-gv.com\/pt-pt\/visitar-nova-iorque\/brooklyn\/\">Brooklyn<\/a> cativa com a sua atmosfera art\u00edstica e moderna. O <a href=\"https:\/\/usa-gv.com\/pt-pt\/visitar-nova-iorque\/bronx\/\">Bronx<\/a>, por sua vez, est\u00e1 impregnado de hist\u00f3ria e cultura urbana, nomeadamente pelo seu papel no nascimento do hip-hop. Por fim, Staten Island oferece um ambiente mais tranquilo, com as suas praias e paisagens naturais. Cada um dos bairros de <a href=\"https:\/\/usa-gv.com\/pt-pt\/visitar-nova-iorque\/\">Nova Iorque<\/a> traz uma faceta \u00fanica \u00e0 cidade, e Queens destaca-se pela sua incr\u00edvel diversidade e mistura cultural incompar\u00e1vel.   <\/p>\n","protected":false},"excerpt":{"rendered":"<p>Visita o bairro de Queens, em Nova Iorque Porqu\u00ea visitar Queens? Queens \u00e9 o bairro mais multicultural de Nova Iorque, oferecendo uma diversidade incompar\u00e1vel de cultura, comida e actividades. Com mais de 150 l\u00ednguas faladas e pessoas de todo o mundo, Queens \u00e9 um caldeir\u00e3o onde cada esquina oferece uma nova descoberta. Quer seja a [&hellip;]<\/p>\n","protected":false},"author":1,"featured_media":0,"parent":6226,"menu_order":0,"comment_status":"closed","ping_status":"closed","template":"","meta":{"footnotes":""},"class_list":["post-7321","page","type-page","status-publish","hentry"],"yoast_head":"<!-- This site is optimized with the Yoast SEO plugin v26.6 - https:\/\/yoast.com\/wordpress\/plugins\/seo\/ -->\n<title>Queens: o bairro mais cosmopolita de Nova Iorque - USA-GV.COM<\/title>\n<meta name=\"description\" content=\"Descobre as atrac\u00e7\u00f5es tur\u00edsticas de Queens, o bairro mais multicultural da cidade de Nova Iorque\" \/>\n<meta name=\"robots\" content=\"index, follow, max-snippet:-1, max-image-preview:large, max-video-preview:-1\" \/>\n<link rel=\"canonical\" href=\"https:\/\/usa-gv.com\/pt-pt\/visitar-nova-iorque\/queens\/\" \/>\n<meta property=\"og:locale\" content=\"pt_PT\" \/>\n<meta property=\"og:type\" content=\"article\" \/>\n<meta property=\"og:title\" content=\"Queens: o bairro mais cosmopolita de Nova Iorque - USA-GV.COM\" \/>\n<meta property=\"og:description\" content=\"Descobre as atrac\u00e7\u00f5es tur\u00edsticas de Queens, o bairro mais multicultural da cidade de Nova Iorque\" \/>\n<meta property=\"og:url\" content=\"https:\/\/usa-gv.com\/pt-pt\/visitar-nova-iorque\/queens\/\" \/>\n<meta property=\"og:site_name\" content=\"USA-GV.COM\" \/>\n<meta property=\"article:modified_time\" content=\"2025-02-25T11:56:03+00:00\" \/>\n<meta name=\"twitter:card\" content=\"summary_large_image\" \/>\n<meta name=\"twitter:label1\" content=\"Tempo estimado de leitura\" \/>\n\t<meta name=\"twitter:data1\" content=\"3 minutos\" \/>\n<script type=\"application\/ld+json\" class=\"yoast-schema-graph\">{\"@context\":\"https:\/\/schema.org\",\"@graph\":[{\"@type\":\"WebPage\",\"@id\":\"https:\/\/usa-gv.com\/pt-pt\/visitar-nova-iorque\/queens\/\",\"url\":\"https:\/\/usa-gv.com\/pt-pt\/visitar-nova-iorque\/queens\/\",\"name\":\"Queens: o bairro mais cosmopolita de Nova Iorque - USA-GV.COM\",\"isPartOf\":{\"@id\":\"https:\/\/usa-gv.com\/pt-pt\/#website\"},\"datePublished\":\"2025-01-27T13:57:09+00:00\",\"dateModified\":\"2025-02-25T11:56:03+00:00\",\"description\":\"Descobre as atrac\u00e7\u00f5es tur\u00edsticas de Queens, o bairro mais multicultural da cidade de Nova Iorque\",\"breadcrumb\":{\"@id\":\"https:\/\/usa-gv.com\/pt-pt\/visitar-nova-iorque\/queens\/#breadcrumb\"},\"inLanguage\":\"pt-PT\",\"potentialAction\":[{\"@type\":\"ReadAction\",\"target\":[\"https:\/\/usa-gv.com\/pt-pt\/visitar-nova-iorque\/queens\/\"]}]},{\"@type\":\"BreadcrumbList\",\"@id\":\"https:\/\/usa-gv.com\/pt-pt\/visitar-nova-iorque\/queens\/#breadcrumb\",\"itemListElement\":[{\"@type\":\"ListItem\",\"position\":1,\"name\":\"Home\",\"item\":\"https:\/\/usa-gv.com\/pt-pt\/guia-de-viagem-dos-eua\/\"},{\"@type\":\"ListItem\",\"position\":2,\"name\":\"Visitar Nova Iorque: Explorar a cidade que nunca dorme\",\"item\":\"https:\/\/usa-gv.com\/pt-pt\/visitar-nova-iorque\/\"},{\"@type\":\"ListItem\",\"position\":3,\"name\":\"Queens: o bairro mais cosmopolita de Nova Iorque\"}]},{\"@type\":\"WebSite\",\"@id\":\"https:\/\/usa-gv.com\/pt-pt\/#website\",\"url\":\"https:\/\/usa-gv.com\/pt-pt\/\",\"name\":\"USA-GV.COM\",\"description\":\"\",\"potentialAction\":[{\"@type\":\"SearchAction\",\"target\":{\"@type\":\"EntryPoint\",\"urlTemplate\":\"https:\/\/usa-gv.com\/pt-pt\/?s={search_term_string}\"},\"query-input\":{\"@type\":\"PropertyValueSpecification\",\"valueRequired\":true,\"valueName\":\"search_term_string\"}}],\"inLanguage\":\"pt-PT\"}]}<\/script>\n<!-- \/ Yoast SEO plugin. -->","yoast_head_json":{"title":"Queens: o bairro mais cosmopolita de Nova Iorque - USA-GV.COM","description":"Descobre as atrac\u00e7\u00f5es tur\u00edsticas de Queens, o bairro mais multicultural da cidade de Nova Iorque","robots":{"index":"index","follow":"follow","max-snippet":"max-snippet:-1","max-image-preview":"max-image-preview:large","max-video-preview":"max-video-preview:-1"},"canonical":"https:\/\/usa-gv.com\/pt-pt\/visitar-nova-iorque\/queens\/","og_locale":"pt_PT","og_type":"article","og_title":"Queens: o bairro mais cosmopolita de Nova Iorque - USA-GV.COM","og_description":"Descobre as atrac\u00e7\u00f5es tur\u00edsticas de Queens, o bairro mais multicultural da cidade de Nova Iorque","og_url":"https:\/\/usa-gv.com\/pt-pt\/visitar-nova-iorque\/queens\/","og_site_name":"USA-GV.COM","article_modified_time":"2025-02-25T11:56:03+00:00","twitter_card":"summary_large_image","twitter_misc":{"Tempo estimado de leitura":"3 minutos"},"schema":{"@context":"https:\/\/schema.org","@graph":[{"@type":"WebPage","@id":"https:\/\/usa-gv.com\/pt-pt\/visitar-nova-iorque\/queens\/","url":"https:\/\/usa-gv.com\/pt-pt\/visitar-nova-iorque\/queens\/","name":"Queens: o bairro mais cosmopolita de Nova Iorque - USA-GV.COM","isPartOf":{"@id":"https:\/\/usa-gv.com\/pt-pt\/#website"},"datePublished":"2025-01-27T13:57:09+00:00","dateModified":"2025-02-25T11:56:03+00:00","description":"Descobre as atrac\u00e7\u00f5es tur\u00edsticas de Queens, o bairro mais multicultural da cidade de Nova Iorque","breadcrumb":{"@id":"https:\/\/usa-gv.com\/pt-pt\/visitar-nova-iorque\/queens\/#breadcrumb"},"inLanguage":"pt-PT","potentialAction":[{"@type":"ReadAction","target":["https:\/\/usa-gv.com\/pt-pt\/visitar-nova-iorque\/queens\/"]}]},{"@type":"BreadcrumbList","@id":"https:\/\/usa-gv.com\/pt-pt\/visitar-nova-iorque\/queens\/#breadcrumb","itemListElement":[{"@type":"ListItem","position":1,"name":"Home","item":"https:\/\/usa-gv.com\/pt-pt\/guia-de-viagem-dos-eua\/"},{"@type":"ListItem","position":2,"name":"Visitar Nova Iorque: Explorar a cidade que nunca dorme","item":"https:\/\/usa-gv.com\/pt-pt\/visitar-nova-iorque\/"},{"@type":"ListItem","position":3,"name":"Queens: o bairro mais cosmopolita de Nova Iorque"}]},{"@type":"WebSite","@id":"https:\/\/usa-gv.com\/pt-pt\/#website","url":"https:\/\/usa-gv.com\/pt-pt\/","name":"USA-GV.COM","description":"","potentialAction":[{"@type":"SearchAction","target":{"@type":"EntryPoint","urlTemplate":"https:\/\/usa-gv.com\/pt-pt\/?s={search_term_string}"},"query-input":{"@type":"PropertyValueSpecification","valueRequired":true,"valueName":"search_term_string"}}],"inLanguage":"pt-PT"}]}},"_links":{"self":[{"href":"https:\/\/usa-gv.com\/pt-pt\/wp-json\/wp\/v2\/pages\/7321","targetHints":{"allow":["GET"]}}],"collection":[{"href":"https:\/\/usa-gv.com\/pt-pt\/wp-json\/wp\/v2\/pages"}],"about":[{"href":"https:\/\/usa-gv.com\/pt-pt\/wp-json\/wp\/v2\/types\/page"}],"author":[{"embeddable":true,"href":"https:\/\/usa-gv.com\/pt-pt\/wp-json\/wp\/v2\/users\/1"}],"replies":[{"embeddable":true,"href":"https:\/\/usa-gv.com\/pt-pt\/wp-json\/wp\/v2\/comments?post=7321"}],"version-history":[{"count":2,"href":"https:\/\/usa-gv.com\/pt-pt\/wp-json\/wp\/v2\/pages\/7321\/revisions"}],"predecessor-version":[{"id":7366,"href":"https:\/\/usa-gv.com\/pt-pt\/wp-json\/wp\/v2\/pages\/7321\/revisions\/7366"}],"up":[{"embeddable":true,"href":"https:\/\/usa-gv.com\/pt-pt\/wp-json\/wp\/v2\/pages\/6226"}],"wp:attachment":[{"href":"https:\/\/usa-gv.com\/pt-pt\/wp-json\/wp\/v2\/media?parent=7321"}],"curies":[{"name":"wp","href":"https:\/\/api.w.org\/{rel}","templated":true}]}}