{"id":7136,"date":"2025-01-21T14:07:05","date_gmt":"2025-01-21T14:07:05","guid":{"rendered":"https:\/\/usa-gv.com\/esta-chicago\/"},"modified":"2025-02-25T11:52:20","modified_gmt":"2025-02-25T11:52:20","slug":"esta-chicago","status":"publish","type":"page","link":"https:\/\/usa-gv.com\/pt-pt\/esta-chicago\/","title":{"rendered":"Obter um ESTA para Chicago"},"content":{"rendered":"\n<h1 class=\"wp-block-heading\">ESTA online para viajar para Chicago<\/h1>\n\n<p><a href=\"https:\/\/usa-gv.com\/pt-pt\/chicago\/chicago-2\/\">Chicago<\/a> situa-se no Lago Michigan, nos Estados Unidos. Para permanecer em Chicago, os estrangeiros devem possuir uma autoriza\u00e7\u00e3o de viagem ou um visto v\u00e1lido. <\/p>\n\n<h2 class=\"wp-block-heading\">Posso viajar para Chicago com um ESTA?<\/h2>\n\n<p>Para estadias inferiores a 90 dias, os viajantes dos pa\u00edses membros do <a href=\"https:\/\/usa-gv.com\/pt-pt\/visa-waiver-program-eua\/\">Programa de Isen\u00e7\u00e3o de Vistos<\/a> podem aterrar em Chicago apenas com uma autoriza\u00e7\u00e3o de viagem ESTA.<\/p>\n\n<h2 class=\"wp-block-heading\">Como \u00e9 que obtenho um ESTA?<\/h2>\n\n<p>O pedido de autoriza\u00e7\u00e3o ESTA pode ser efectuado inteiramente em linha. O <a href=\"https:\/\/usa-gv.com\/pt-pt\/preencha-formulario-esta-online\/\">preenchimento do formul\u00e1rio ESTA<\/a> demora apenas alguns minutos se o requerente estiver na posse de um <a href=\"https:\/\/usa-gv.com\/pt-pt\/passaporte-para-os-eua\/\">passaporte v\u00e1lido para viajar para os EUA<\/a>. O procedimento em linha deve ser conclu\u00eddo pelo menos 3 dias antes de embarcares no avi\u00e3o para Chicago.<\/p>\n\n<p><strong>Para obter a autoriza\u00e7\u00e3o ESTA<\/strong>, basta clicar no <a href=\"https:\/\/usa-gv.com\/pt-pt\/formulario-esta-em-linha\/\">formul\u00e1rio ESTA em linha<\/a>.<\/p>\n\n<div style=\"height:10px\" aria-hidden=\"true\" class=\"wp-block-spacer\"><\/div>\n\n<h2 class=\"wp-block-heading\">Preciso de um ESTA para uma escala em Chicago?<\/h2>\n\n<p>Um viajante que tenha obtido um ESTA pode fazer uma escala em <a href=\"https:\/\/usa-gv.com\/pt-pt\/chicago\/chicago-2\/\">Chicago<\/a> sem necessitar de um visto americano. A autoriza\u00e7\u00e3o ESTA permite-lhe fazer escalas em qualquer ponto dos Estados Unidos. Os viajantes devem estar na posse dos seus <a href=\"https:\/\/usa-gv.com\/pt-pt\/documentos-viagem-para-eua\/\">documentos de viagem para os EUA<\/a>.<\/p>\n\n<p>No entanto, n\u00e3o precisa de <a href=\"https:\/\/usa-gv.com\/pt-pt\/imprimir-esta\/\">imprimir o seu ESTA<\/a> antes de se deslocar ao aeroporto.<\/p>\n\n<h2 class=\"wp-block-heading\">Quanto custa um ESTA?<\/h2>\n\n<p>O <a href=\"https:\/\/usa-gv.com\/pt-pt\/preco-esta-eua\/\">pre\u00e7o do ESTA<\/a> \u00e9 fixado pelas autoridades americanas. O pre\u00e7o mudou desde que o Programa de Isen\u00e7\u00e3o de Vistos foi introduzido: a taxa de base \u00e9 de 21 USD desde maio de 2022. O <a href=\"https:\/\/usa-gv.com\/pt-pt\/como-pagar-um-esta\/\">pagamento do ESTA<\/a> \u00e9 efectuado exclusivamente por cart\u00e3o de cr\u00e9dito em linha. O pedido s\u00f3 ser\u00e1 processado depois de o pagamento ter sido validado.<\/p>\n","protected":false},"excerpt":{"rendered":"<p>ESTA online para viajar para Chicago Chicago situa-se no Lago Michigan, nos Estados Unidos. Para permanecer em Chicago, os estrangeiros devem possuir uma autoriza\u00e7\u00e3o de viagem ou um visto v\u00e1lido. Posso viajar para Chicago com um ESTA? Para estadias inferiores a 90 dias, os viajantes dos pa\u00edses membros do Programa de Isen\u00e7\u00e3o de Vistos podem [&hellip;]<\/p>\n","protected":false},"author":1,"featured_media":0,"parent":0,"menu_order":0,"comment_status":"closed","ping_status":"closed","template":"","meta":{"footnotes":""},"class_list":["post-7136","page","type-page","status-publish","hentry"],"yoast_head":"<!-- This site is optimized with the Yoast SEO plugin v26.6 - https:\/\/yoast.com\/wordpress\/plugins\/seo\/ -->\n<title>Obter um ESTA para Chicago - USA-GV.COM<\/title>\n<meta name=\"description\" content=\"Para viajar para Chicago, nos Estados Unidos, precisas de uma autoriza\u00e7\u00e3o de viagem ou de um visto v\u00e1lido.\" \/>\n<meta name=\"robots\" content=\"index, follow, max-snippet:-1, max-image-preview:large, max-video-preview:-1\" \/>\n<link rel=\"canonical\" href=\"https:\/\/usa-gv.com\/pt-pt\/esta-chicago\/\" \/>\n<meta property=\"og:locale\" content=\"pt_PT\" \/>\n<meta property=\"og:type\" content=\"article\" \/>\n<meta property=\"og:title\" content=\"Obter um ESTA para Chicago - USA-GV.COM\" \/>\n<meta property=\"og:description\" content=\"Para viajar para Chicago, nos Estados Unidos, precisas de uma autoriza\u00e7\u00e3o de viagem ou de um visto v\u00e1lido.\" \/>\n<meta property=\"og:url\" content=\"https:\/\/usa-gv.com\/pt-pt\/esta-chicago\/\" \/>\n<meta property=\"og:site_name\" content=\"USA-GV.COM\" \/>\n<meta property=\"article:modified_time\" content=\"2025-02-25T11:52:20+00:00\" \/>\n<meta name=\"twitter:card\" content=\"summary_large_image\" \/>\n<meta name=\"twitter:label1\" content=\"Tempo estimado de leitura\" \/>\n\t<meta name=\"twitter:data1\" content=\"1 minuto\" \/>\n<script type=\"application\/ld+json\" class=\"yoast-schema-graph\">{\"@context\":\"https:\/\/schema.org\",\"@graph\":[{\"@type\":\"WebPage\",\"@id\":\"https:\/\/usa-gv.com\/pt-pt\/esta-chicago\/\",\"url\":\"https:\/\/usa-gv.com\/pt-pt\/esta-chicago\/\",\"name\":\"Obter um ESTA para Chicago - USA-GV.COM\",\"isPartOf\":{\"@id\":\"https:\/\/usa-gv.com\/pt-pt\/#website\"},\"datePublished\":\"2025-01-21T14:07:05+00:00\",\"dateModified\":\"2025-02-25T11:52:20+00:00\",\"description\":\"Para viajar para Chicago, nos Estados Unidos, precisas de uma autoriza\u00e7\u00e3o de viagem ou de um visto v\u00e1lido.\",\"breadcrumb\":{\"@id\":\"https:\/\/usa-gv.com\/pt-pt\/esta-chicago\/#breadcrumb\"},\"inLanguage\":\"pt-PT\",\"potentialAction\":[{\"@type\":\"ReadAction\",\"target\":[\"https:\/\/usa-gv.com\/pt-pt\/esta-chicago\/\"]}]},{\"@type\":\"BreadcrumbList\",\"@id\":\"https:\/\/usa-gv.com\/pt-pt\/esta-chicago\/#breadcrumb\",\"itemListElement\":[{\"@type\":\"ListItem\",\"position\":1,\"name\":\"Home\",\"item\":\"https:\/\/usa-gv.com\/pt-pt\/guia-de-viagem-dos-eua\/\"},{\"@type\":\"ListItem\",\"position\":2,\"name\":\"Obter um ESTA para Chicago\"}]},{\"@type\":\"WebSite\",\"@id\":\"https:\/\/usa-gv.com\/pt-pt\/#website\",\"url\":\"https:\/\/usa-gv.com\/pt-pt\/\",\"name\":\"USA-GV.COM\",\"description\":\"\",\"potentialAction\":[{\"@type\":\"SearchAction\",\"target\":{\"@type\":\"EntryPoint\",\"urlTemplate\":\"https:\/\/usa-gv.com\/pt-pt\/?s={search_term_string}\"},\"query-input\":{\"@type\":\"PropertyValueSpecification\",\"valueRequired\":true,\"valueName\":\"search_term_string\"}}],\"inLanguage\":\"pt-PT\"}]}<\/script>\n<!-- \/ Yoast SEO plugin. -->","yoast_head_json":{"title":"Obter um ESTA para Chicago - USA-GV.COM","description":"Para viajar para Chicago, nos Estados Unidos, precisas de uma autoriza\u00e7\u00e3o de viagem ou de um visto v\u00e1lido.","robots":{"index":"index","follow":"follow","max-snippet":"max-snippet:-1","max-image-preview":"max-image-preview:large","max-video-preview":"max-video-preview:-1"},"canonical":"https:\/\/usa-gv.com\/pt-pt\/esta-chicago\/","og_locale":"pt_PT","og_type":"article","og_title":"Obter um ESTA para Chicago - USA-GV.COM","og_description":"Para viajar para Chicago, nos Estados Unidos, precisas de uma autoriza\u00e7\u00e3o de viagem ou de um visto v\u00e1lido.","og_url":"https:\/\/usa-gv.com\/pt-pt\/esta-chicago\/","og_site_name":"USA-GV.COM","article_modified_time":"2025-02-25T11:52:20+00:00","twitter_card":"summary_large_image","twitter_misc":{"Tempo estimado de leitura":"1 minuto"},"schema":{"@context":"https:\/\/schema.org","@graph":[{"@type":"WebPage","@id":"https:\/\/usa-gv.com\/pt-pt\/esta-chicago\/","url":"https:\/\/usa-gv.com\/pt-pt\/esta-chicago\/","name":"Obter um ESTA para Chicago - USA-GV.COM","isPartOf":{"@id":"https:\/\/usa-gv.com\/pt-pt\/#website"},"datePublished":"2025-01-21T14:07:05+00:00","dateModified":"2025-02-25T11:52:20+00:00","description":"Para viajar para Chicago, nos Estados Unidos, precisas de uma autoriza\u00e7\u00e3o de viagem ou de um visto v\u00e1lido.","breadcrumb":{"@id":"https:\/\/usa-gv.com\/pt-pt\/esta-chicago\/#breadcrumb"},"inLanguage":"pt-PT","potentialAction":[{"@type":"ReadAction","target":["https:\/\/usa-gv.com\/pt-pt\/esta-chicago\/"]}]},{"@type":"BreadcrumbList","@id":"https:\/\/usa-gv.com\/pt-pt\/esta-chicago\/#breadcrumb","itemListElement":[{"@type":"ListItem","position":1,"name":"Home","item":"https:\/\/usa-gv.com\/pt-pt\/guia-de-viagem-dos-eua\/"},{"@type":"ListItem","position":2,"name":"Obter um ESTA para Chicago"}]},{"@type":"WebSite","@id":"https:\/\/usa-gv.com\/pt-pt\/#website","url":"https:\/\/usa-gv.com\/pt-pt\/","name":"USA-GV.COM","description":"","potentialAction":[{"@type":"SearchAction","target":{"@type":"EntryPoint","urlTemplate":"https:\/\/usa-gv.com\/pt-pt\/?s={search_term_string}"},"query-input":{"@type":"PropertyValueSpecification","valueRequired":true,"valueName":"search_term_string"}}],"inLanguage":"pt-PT"}]}},"_links":{"self":[{"href":"https:\/\/usa-gv.com\/pt-pt\/wp-json\/wp\/v2\/pages\/7136","targetHints":{"allow":["GET"]}}],"collection":[{"href":"https:\/\/usa-gv.com\/pt-pt\/wp-json\/wp\/v2\/pages"}],"about":[{"href":"https:\/\/usa-gv.com\/pt-pt\/wp-json\/wp\/v2\/types\/page"}],"author":[{"embeddable":true,"href":"https:\/\/usa-gv.com\/pt-pt\/wp-json\/wp\/v2\/users\/1"}],"replies":[{"embeddable":true,"href":"https:\/\/usa-gv.com\/pt-pt\/wp-json\/wp\/v2\/comments?post=7136"}],"version-history":[{"count":2,"href":"https:\/\/usa-gv.com\/pt-pt\/wp-json\/wp\/v2\/pages\/7136\/revisions"}],"predecessor-version":[{"id":7635,"href":"https:\/\/usa-gv.com\/pt-pt\/wp-json\/wp\/v2\/pages\/7136\/revisions\/7635"}],"wp:attachment":[{"href":"https:\/\/usa-gv.com\/pt-pt\/wp-json\/wp\/v2\/media?parent=7136"}],"curies":[{"name":"wp","href":"https:\/\/api.w.org\/{rel}","templated":true}]}}