{"id":6996,"date":"2025-01-15T09:52:26","date_gmt":"2025-01-15T09:52:26","guid":{"rendered":"https:\/\/usa-gv.com\/washington\/"},"modified":"2025-02-25T11:56:26","modified_gmt":"2025-02-25T11:56:26","slug":"washington","status":"publish","type":"page","link":"https:\/\/usa-gv.com\/pt-pt\/washington\/","title":{"rendered":"Visita Washington D.C. para descobrir a capital dos Estados Unidos"},"content":{"rendered":"\n<h1 class=\"wp-block-heading\">Visita Washington nos Estados Unidos<\/h1>\n\n<p>Bem-vindo a <a href=\"https:\/\/wa.gov\/\">Washington D.C.<\/a>, uma cidade ic\u00f3nica que combina hist\u00f3ria, pol\u00edtica e cultura. Capital dos Estados Unidos, Washington est\u00e1 repleta de monumentos famosos, museus gratuitos e bairros vibrantes. \u00c9 um destino obrigat\u00f3rio para os amantes da hist\u00f3ria, da arquitetura e da arte.  <\/p>\n\n<figure class=\"wp-block-image size-large\"><img fetchpriority=\"high\" decoding=\"async\" width=\"1024\" height=\"473\" src=\"https:\/\/usa-gv.com\/wp-content\/uploads\/2025\/01\/washington-1024x473.jpg\" alt=\"\" class=\"wp-image-7003\" srcset=\"https:\/\/usa-gv.com\/wp-content\/uploads\/2025\/01\/washington-1024x473.jpg 1024w, https:\/\/usa-gv.com\/wp-content\/uploads\/2025\/01\/washington-300x139.jpg 300w, https:\/\/usa-gv.com\/wp-content\/uploads\/2025\/01\/washington-768x355.jpg 768w, https:\/\/usa-gv.com\/wp-content\/uploads\/2025\/01\/washington-1536x709.jpg 1536w, https:\/\/usa-gv.com\/wp-content\/uploads\/2025\/01\/washington.jpg 1704w\" sizes=\"(max-width: 1024px) 100vw, 1024px\" \/><figcaption class=\"wp-element-caption\">Washington e o seu Capit\u00f3lio<\/figcaption><\/figure>\n\n<div style=\"height:10px\" aria-hidden=\"true\" class=\"wp-block-spacer\"><\/div>\n\n<h2 class=\"wp-block-heading\">Porqu\u00ea visitar Washington D.C.?<\/h2>\n\n<p>Washington D.C. \u00e9 uma cidade que personifica a hist\u00f3ria e o poder. \u00c9 a sede das institui\u00e7\u00f5es mais importantes dos Estados Unidos, como a Casa Branca, o Capit\u00f3lio e o Supremo Tribunal. Para al\u00e9m do seu papel pol\u00edtico, oferece uma experi\u00eancia cultural \u00fanica com os seus museus de classe mundial, a maioria dos quais s\u00e3o gratuitos, gra\u00e7as ao Smithsonian Institution.  <\/p>\n\n<p>A sua arquitetura impressionante, as largas avenidas arborizadas e os parques arborizados, como o National Mall, tornam-na uma cidade agrad\u00e1vel para explorar a p\u00e9 ou de bicicleta. Al\u00e9m disso, Washington \u00e9 um lugar onde a diversidade cultural brilha nos seus festivais, restaurantes internacionais e bairros variados, cada um com a sua pr\u00f3pria atmosfera e hist\u00f3ria \u00fanicas. <\/p>\n\n<div style=\"height:10px\" aria-hidden=\"true\" class=\"wp-block-spacer\"><\/div>\n\n<h2 class=\"wp-block-heading\">A n\u00e3o perder em Washington<\/h2>\n\n<ul class=\"wp-block-list\">\n<li><a href=\"https:\/\/washington.org\/fr\/find-dc-listings\/white-house\">A Casa Branca<\/a>: o emblema da presid\u00eancia americana, uma visita obrigat\u00f3ria.<\/li>\n\n\n\n<li><a href=\"https:\/\/www.visitthecapitol.gov\/\">O Capit\u00f3lio<\/a>: Descobre este edif\u00edcio ic\u00f3nico, sede do Congresso dos Estados Unidos.<\/li>\n\n\n\n<li><a href=\"https:\/\/www.nps.gov\/linc\/index.htm\">Lincoln Memorial<\/a>: Um majestoso monumento dedicado ao 16\u00ba Presidente dos Estados Unidos.<\/li>\n\n\n\n<li><a href=\"https:\/\/www.si.edu\/\">Smithsonian Institution<\/a>: Uma cole\u00e7\u00e3o de museus gratuitos que cobrem uma variedade de temas, incluindo arte, hist\u00f3ria natural e aeroespacial.<\/li>\n\n\n\n<li><a href=\"https:\/\/en.wikipedia.org\/wiki\/National_Mall\">National Mall<\/a>: Uma vasta esplanada rodeada de monumentos e museus, perfeita para um passeio ou um piquenique.<\/li>\n\n\n\n<li><a href=\"https:\/\/www.nps.gov\/wamo\/index.htm\">Washington Monument<\/a>: Este obelisco ic\u00f3nico oferece-te uma vista panor\u00e2mica incr\u00edvel da cidade.<\/li>\n<\/ul>\n\n<div style=\"height:10px\" aria-hidden=\"true\" class=\"wp-block-spacer\"><\/div>\n\n<h2 class=\"wp-block-heading\">Bairros a explorar<\/h2>\n\n<ul class=\"wp-block-list\">\n<li><strong>Georgetown<\/strong>: Um bairro hist\u00f3rico com ruas empedradas, boutiques elegantes e restaurantes \u00e0 beira-rio.<\/li>\n\n\n\n<li><strong>Dupont Circle<\/strong>: Conhecido pela sua cena cultural, galerias de arte e caf\u00e9s animados.<\/li>\n\n\n\n<li><strong>Adams Morgan<\/strong>: Um bairro vibrante com uma vida nocturna animada e restaurantes internacionais.<\/li>\n\n\n\n<li><strong>Capitol Hill<\/strong>: onde se encontra o Capit\u00f3lio, este bairro combina hist\u00f3ria e arquitetura elegante.<\/li>\n\n\n\n<li><strong>The Wharf<\/strong>: Um local moderno \u00e0 beira-rio com restaurantes, m\u00fasica ao vivo e vistas deslumbrantes.<\/li>\n<\/ul>\n\n<div style=\"height:10px\" aria-hidden=\"true\" class=\"wp-block-spacer\"><\/div>\n\n<h2 class=\"wp-block-heading\">Quando \u00e9 que deves viajar para Washington D.C.?<\/h2>\n\n<p>Washington D.C. \u00e9 uma cidade agrad\u00e1vel para visitar durante todo o ano, mas certos per\u00edodos s\u00e3o particularmente interessantes. A primavera, de mar\u00e7o a maio, \u00e9 a altura ideal para ver as cerejeiras em flor no National Cherry Blossom Festival, um espet\u00e1culo \u00fanico. O ver\u00e3o, de junho a agosto, \u00e9 marcado por dias quentes e h\u00famidos, mas tamb\u00e9m por numerosos eventos culturais e festivais. O outono, de setembro a novembro, \u00e9 a altura ideal para explorar a cidade com temperaturas moderadas e apreciar as cores outonais. Finalmente, o inverno, de dezembro a fevereiro, oferece um ambiente calmo e uma atmosfera festiva durante a \u00e9poca festiva, embora as temperaturas sejam baixas.    <\/p>\n\n<div style=\"height:10px\" aria-hidden=\"true\" class=\"wp-block-spacer\"><\/div>\n\n<h2 class=\"wp-block-heading\">Dicas pr\u00e1ticas para a tua visita<\/h2>\n\n<figure class=\"wp-block-table\"><table><thead><tr><th><strong>Categoria<\/strong><\/th><th><strong>Aconselha-te<\/strong><\/th><\/tr><\/thead><tbody><tr><td><strong>Transporte<\/strong><\/td><td>Utiliza o metro para te deslocares facilmente pela cidade. O sistema \u00e9 limpo, seguro e tem boas liga\u00e7\u00f5es \u00e0s principais atrac\u00e7\u00f5es. <\/td><\/tr><tr><td><strong>Tempo<\/strong><\/td><td>N\u00e3o te esque\u00e7as de usar roupas adequadas \u00e0 esta\u00e7\u00e3o, especialmente no ver\u00e3o, quando a humidade \u00e9 elevada, e no inverno, quando as temperaturas podem ser frias.<\/td><\/tr><tr><td><strong>Or\u00e7amento<\/strong><\/td><td>Aproveita os muitos museus e monumentos p\u00fablicos gratuitos para poupares dinheiro, mas faz um or\u00e7amento para os restaurantes e certas atrac\u00e7\u00f5es pagas.<\/td><\/tr><tr><td><strong>Seguran\u00e7a<\/strong><\/td><td>Washington \u00e9, em geral, segura, mas tem de estar atento \u00e0s zonas tur\u00edsticas e evitar certos bairros perif\u00e9ricos \u00e0 noite.<\/td><\/tr><tr><td><strong>Roupa<\/strong><\/td><td>Usa sapatos confort\u00e1veis para caminhar nas amplas esplanadas e nos museus, e traz uma garrafa de \u00e1gua reutiliz\u00e1vel para as tuas visitas.<\/td><\/tr><tr><td><strong>Reservas<\/strong><\/td><td>Reserva com anteced\u00eancia as visitas guiadas a locais como o Capit\u00f3lio ou a Casa Branca, pois os lugares s\u00e3o limitados.<\/td><\/tr><tr><td><strong>Actividades ao ar livre<\/strong><\/td><td>Planeia as tuas visitas para a manh\u00e3 ou para o fim da tarde, para evitar o calor do ver\u00e3o, e aproveita os parques como o National Mall para fazer pausas relaxantes.<\/td><\/tr><\/tbody><\/table><\/figure>\n\n<div style=\"height:10px\" aria-hidden=\"true\" class=\"wp-block-spacer\"><\/div>\n\n<h2 class=\"wp-block-heading\">Onde comer em Washington D.C.?<\/h2>\n\n<ul class=\"wp-block-list\">\n<li><a href=\"https:\/\/www.ebbitt.com\/\">Old Ebbitt Grill<\/a>: Um restaurante hist\u00f3rico perto da Casa Branca, ideal para saborear marisco fresco.<\/li>\n\n\n\n<li><a href=\"https:\/\/www.wearefoundingfarmers.com\/location\/dc\/\">Founding Farmers<\/a>: Um favorito local, que oferece uma cozinha americana saborosa e sustent\u00e1vel.<\/li>\n\n\n\n<li><a href=\"https:\/\/benschilibowl.com\/\">Ben&#8217;s Chili Bowl<\/a>: Um \u00f3timo lugar para experimentar o famoso chilli dog, uma especialidade local.<\/li>\n\n\n\n<li><a href=\"https:\/\/lediplomatedc.com\/\">Le Diplomate<\/a>: Um bistr\u00f4 franc\u00eas chique em Logan Circle, perfeito para um jantar elegante.<\/li>\n\n\n\n<li><a href=\"https:\/\/www.wearefoundingfarmers.com\/location\/founding-farmers-fishers-bakers\/\">Farmers Fishers Bakers<\/a>: Um restaurante \u00e0 beira-rio no The Wharf, que oferece pratos inspirados nos produtos locais.<\/li>\n<\/ul>\n\n<div style=\"height:10px\" aria-hidden=\"true\" class=\"wp-block-spacer\"><\/div>\n\n<h2 class=\"wp-block-heading\">Conclus\u00e3o<\/h2>\n\n<p><a href=\"https:\/\/wa.gov\/\">Washington D.C.<\/a> \u00e9 um destino imperd\u00edvel que combina hist\u00f3ria, cultura e diversidade. Quer sejas um aficionado da hist\u00f3ria, um amante da arte ou simplesmente um curioso, a capital americana ir\u00e1 satisfazer todas as tuas expectativas. <\/p>\n\n<p>Para mais conselhos ou recomenda\u00e7\u00f5es personalizadas, n\u00e3o hesites em consultar os nossos outros guias sobre as principais cidades americanas, tais como : <a href=\"https:\/\/usa-gv.com\/pt-pt\/visitar-los-angeles\/\">Los Angeles<\/a>, <a href=\"https:\/\/usa-gv.com\/pt-pt\/chicago\/\">Chicago<\/a>, <a href=\"https:\/\/usa-gv.com\/pt-pt\/miami\/\">Miami<\/a>, <a href=\"https:\/\/usa-gv.com\/pt-pt\/las-vegas\/\">Las Vegas<\/a>, <a href=\"https:\/\/usa-gv.com\/pt-pt\/boston\/\">Boston<\/a> e <a href=\"https:\/\/usa-gv.com\/pt-pt\/visitar-sao-francisco\/\">S\u00e3o Francisco<\/a>. E n\u00e3o te esque\u00e7as de pedir um <a href=\"https:\/\/usa-gv.com\/pt-pt\/esta-washington\/\">ESTA para Washington<\/a>. As <a href=\"https:\/\/usa-gv.com\/pt-pt\/formalidades-usa\/\">formalidades para viajar para os Estados Unidos<\/a> s\u00e3o preparadas antes de partires para Washington.  <\/p>\n","protected":false},"excerpt":{"rendered":"<p>Visita Washington nos Estados Unidos Bem-vindo a Washington D.C., uma cidade ic\u00f3nica que combina hist\u00f3ria, pol\u00edtica e cultura. Capital dos Estados Unidos, Washington est\u00e1 repleta de monumentos famosos, museus gratuitos e bairros vibrantes. \u00c9 um destino obrigat\u00f3rio para os amantes da hist\u00f3ria, da arquitetura e da arte. Porqu\u00ea visitar Washington D.C.? Washington D.C. \u00e9 uma [&hellip;]<\/p>\n","protected":false},"author":1,"featured_media":0,"parent":0,"menu_order":0,"comment_status":"closed","ping_status":"closed","template":"","meta":{"footnotes":""},"class_list":["post-6996","page","type-page","status-publish","hentry"],"yoast_head":"<!-- This site is optimized with the Yoast SEO plugin v26.6 - https:\/\/yoast.com\/wordpress\/plugins\/seo\/ -->\n<title>Visita Washington D.C. para descobrir a capital dos Estados Unidos - USA-GV.COM<\/title>\n<meta name=\"description\" content=\"Descobre a cidade de Washington durante as tuas f\u00e9rias nos Estados Unidos. \u00c9 uma cidade que personifica a hist\u00f3ria e o poder.\" \/>\n<meta name=\"robots\" content=\"index, follow, max-snippet:-1, max-image-preview:large, max-video-preview:-1\" \/>\n<link rel=\"canonical\" href=\"https:\/\/usa-gv.com\/pt-pt\/washington\/\" \/>\n<meta property=\"og:locale\" content=\"pt_PT\" \/>\n<meta property=\"og:type\" content=\"article\" \/>\n<meta property=\"og:title\" content=\"Visita Washington D.C. para descobrir a capital dos Estados Unidos - USA-GV.COM\" \/>\n<meta property=\"og:description\" content=\"Descobre a cidade de Washington durante as tuas f\u00e9rias nos Estados Unidos. \u00c9 uma cidade que personifica a hist\u00f3ria e o poder.\" \/>\n<meta property=\"og:url\" content=\"https:\/\/usa-gv.com\/pt-pt\/washington\/\" \/>\n<meta property=\"og:site_name\" content=\"USA-GV.COM\" \/>\n<meta property=\"article:modified_time\" content=\"2025-02-25T11:56:26+00:00\" \/>\n<meta property=\"og:image\" content=\"https:\/\/usa-gv.com\/wp-content\/uploads\/2025\/01\/washington-1024x473.jpg\" \/>\n<meta name=\"twitter:card\" content=\"summary_large_image\" \/>\n<meta name=\"twitter:label1\" content=\"Tempo estimado de leitura\" \/>\n\t<meta name=\"twitter:data1\" content=\"4 minutos\" \/>\n<script type=\"application\/ld+json\" class=\"yoast-schema-graph\">{\"@context\":\"https:\/\/schema.org\",\"@graph\":[{\"@type\":\"WebPage\",\"@id\":\"https:\/\/usa-gv.com\/pt-pt\/washington\/\",\"url\":\"https:\/\/usa-gv.com\/pt-pt\/washington\/\",\"name\":\"Visita Washington D.C. para descobrir a capital dos Estados Unidos - USA-GV.COM\",\"isPartOf\":{\"@id\":\"https:\/\/usa-gv.com\/pt-pt\/#website\"},\"primaryImageOfPage\":{\"@id\":\"https:\/\/usa-gv.com\/pt-pt\/washington\/#primaryimage\"},\"image\":{\"@id\":\"https:\/\/usa-gv.com\/pt-pt\/washington\/#primaryimage\"},\"thumbnailUrl\":\"https:\/\/usa-gv.com\/wp-content\/uploads\/2025\/01\/washington-1024x473.jpg\",\"datePublished\":\"2025-01-15T09:52:26+00:00\",\"dateModified\":\"2025-02-25T11:56:26+00:00\",\"description\":\"Descobre a cidade de Washington durante as tuas f\u00e9rias nos Estados Unidos. \u00c9 uma cidade que personifica a hist\u00f3ria e o poder.\",\"breadcrumb\":{\"@id\":\"https:\/\/usa-gv.com\/pt-pt\/washington\/#breadcrumb\"},\"inLanguage\":\"pt-PT\",\"potentialAction\":[{\"@type\":\"ReadAction\",\"target\":[\"https:\/\/usa-gv.com\/pt-pt\/washington\/\"]}]},{\"@type\":\"ImageObject\",\"inLanguage\":\"pt-PT\",\"@id\":\"https:\/\/usa-gv.com\/pt-pt\/washington\/#primaryimage\",\"url\":\"https:\/\/usa-gv.com\/wp-content\/uploads\/2025\/01\/washington-1024x473.jpg\",\"contentUrl\":\"https:\/\/usa-gv.com\/wp-content\/uploads\/2025\/01\/washington-1024x473.jpg\"},{\"@type\":\"BreadcrumbList\",\"@id\":\"https:\/\/usa-gv.com\/pt-pt\/washington\/#breadcrumb\",\"itemListElement\":[{\"@type\":\"ListItem\",\"position\":1,\"name\":\"Home\",\"item\":\"https:\/\/usa-gv.com\/pt-pt\/guia-de-viagem-dos-eua\/\"},{\"@type\":\"ListItem\",\"position\":2,\"name\":\"Visita Washington D.C. para descobrir a capital dos Estados Unidos\"}]},{\"@type\":\"WebSite\",\"@id\":\"https:\/\/usa-gv.com\/pt-pt\/#website\",\"url\":\"https:\/\/usa-gv.com\/pt-pt\/\",\"name\":\"USA-GV.COM\",\"description\":\"\",\"potentialAction\":[{\"@type\":\"SearchAction\",\"target\":{\"@type\":\"EntryPoint\",\"urlTemplate\":\"https:\/\/usa-gv.com\/pt-pt\/?s={search_term_string}\"},\"query-input\":{\"@type\":\"PropertyValueSpecification\",\"valueRequired\":true,\"valueName\":\"search_term_string\"}}],\"inLanguage\":\"pt-PT\"}]}<\/script>\n<!-- \/ Yoast SEO plugin. -->","yoast_head_json":{"title":"Visita Washington D.C. para descobrir a capital dos Estados Unidos - USA-GV.COM","description":"Descobre a cidade de Washington durante as tuas f\u00e9rias nos Estados Unidos. \u00c9 uma cidade que personifica a hist\u00f3ria e o poder.","robots":{"index":"index","follow":"follow","max-snippet":"max-snippet:-1","max-image-preview":"max-image-preview:large","max-video-preview":"max-video-preview:-1"},"canonical":"https:\/\/usa-gv.com\/pt-pt\/washington\/","og_locale":"pt_PT","og_type":"article","og_title":"Visita Washington D.C. para descobrir a capital dos Estados Unidos - USA-GV.COM","og_description":"Descobre a cidade de Washington durante as tuas f\u00e9rias nos Estados Unidos. \u00c9 uma cidade que personifica a hist\u00f3ria e o poder.","og_url":"https:\/\/usa-gv.com\/pt-pt\/washington\/","og_site_name":"USA-GV.COM","article_modified_time":"2025-02-25T11:56:26+00:00","og_image":[{"url":"https:\/\/usa-gv.com\/wp-content\/uploads\/2025\/01\/washington-1024x473.jpg","type":"","width":"","height":""}],"twitter_card":"summary_large_image","twitter_misc":{"Tempo estimado de leitura":"4 minutos"},"schema":{"@context":"https:\/\/schema.org","@graph":[{"@type":"WebPage","@id":"https:\/\/usa-gv.com\/pt-pt\/washington\/","url":"https:\/\/usa-gv.com\/pt-pt\/washington\/","name":"Visita Washington D.C. para descobrir a capital dos Estados Unidos - USA-GV.COM","isPartOf":{"@id":"https:\/\/usa-gv.com\/pt-pt\/#website"},"primaryImageOfPage":{"@id":"https:\/\/usa-gv.com\/pt-pt\/washington\/#primaryimage"},"image":{"@id":"https:\/\/usa-gv.com\/pt-pt\/washington\/#primaryimage"},"thumbnailUrl":"https:\/\/usa-gv.com\/wp-content\/uploads\/2025\/01\/washington-1024x473.jpg","datePublished":"2025-01-15T09:52:26+00:00","dateModified":"2025-02-25T11:56:26+00:00","description":"Descobre a cidade de Washington durante as tuas f\u00e9rias nos Estados Unidos. \u00c9 uma cidade que personifica a hist\u00f3ria e o poder.","breadcrumb":{"@id":"https:\/\/usa-gv.com\/pt-pt\/washington\/#breadcrumb"},"inLanguage":"pt-PT","potentialAction":[{"@type":"ReadAction","target":["https:\/\/usa-gv.com\/pt-pt\/washington\/"]}]},{"@type":"ImageObject","inLanguage":"pt-PT","@id":"https:\/\/usa-gv.com\/pt-pt\/washington\/#primaryimage","url":"https:\/\/usa-gv.com\/wp-content\/uploads\/2025\/01\/washington-1024x473.jpg","contentUrl":"https:\/\/usa-gv.com\/wp-content\/uploads\/2025\/01\/washington-1024x473.jpg"},{"@type":"BreadcrumbList","@id":"https:\/\/usa-gv.com\/pt-pt\/washington\/#breadcrumb","itemListElement":[{"@type":"ListItem","position":1,"name":"Home","item":"https:\/\/usa-gv.com\/pt-pt\/guia-de-viagem-dos-eua\/"},{"@type":"ListItem","position":2,"name":"Visita Washington D.C. para descobrir a capital dos Estados Unidos"}]},{"@type":"WebSite","@id":"https:\/\/usa-gv.com\/pt-pt\/#website","url":"https:\/\/usa-gv.com\/pt-pt\/","name":"USA-GV.COM","description":"","potentialAction":[{"@type":"SearchAction","target":{"@type":"EntryPoint","urlTemplate":"https:\/\/usa-gv.com\/pt-pt\/?s={search_term_string}"},"query-input":{"@type":"PropertyValueSpecification","valueRequired":true,"valueName":"search_term_string"}}],"inLanguage":"pt-PT"}]}},"_links":{"self":[{"href":"https:\/\/usa-gv.com\/pt-pt\/wp-json\/wp\/v2\/pages\/6996","targetHints":{"allow":["GET"]}}],"collection":[{"href":"https:\/\/usa-gv.com\/pt-pt\/wp-json\/wp\/v2\/pages"}],"about":[{"href":"https:\/\/usa-gv.com\/pt-pt\/wp-json\/wp\/v2\/types\/page"}],"author":[{"embeddable":true,"href":"https:\/\/usa-gv.com\/pt-pt\/wp-json\/wp\/v2\/users\/1"}],"replies":[{"embeddable":true,"href":"https:\/\/usa-gv.com\/pt-pt\/wp-json\/wp\/v2\/comments?post=6996"}],"version-history":[{"count":2,"href":"https:\/\/usa-gv.com\/pt-pt\/wp-json\/wp\/v2\/pages\/6996\/revisions"}],"predecessor-version":[{"id":7022,"href":"https:\/\/usa-gv.com\/pt-pt\/wp-json\/wp\/v2\/pages\/6996\/revisions\/7022"}],"wp:attachment":[{"href":"https:\/\/usa-gv.com\/pt-pt\/wp-json\/wp\/v2\/media?parent=6996"}],"curies":[{"name":"wp","href":"https:\/\/api.w.org\/{rel}","templated":true}]}}