{"id":6931,"date":"2025-01-14T15:27:41","date_gmt":"2025-01-14T15:27:41","guid":{"rendered":"https:\/\/usa-gv.com\/boston\/"},"modified":"2025-02-25T11:53:55","modified_gmt":"2025-02-25T11:53:55","slug":"boston","status":"publish","type":"page","link":"https:\/\/usa-gv.com\/pt-pt\/boston\/","title":{"rendered":"Visita Boston para explorar o encanto da Nova Inglaterra"},"content":{"rendered":"\n<h1 class=\"wp-block-heading\">Visita a cidade de Boston, no nordeste dos Estados Unidos<\/h1>\n\n<p>Bem-vindo a <a href=\"https:\/\/www.boston.gov\/\">Boston<\/a>, uma cidade onde a hist\u00f3ria e a modernidade se encontram. Ber\u00e7o da Am\u00e9rica moderna, Boston transporta-te no tempo com os seus monumentos hist\u00f3ricos, universidades prestigiadas e bairros pitorescos. Descobre uma cidade rica em cultura, arquitetura e gastronomia.  <\/p>\n\n<h2 class=\"wp-block-heading\">Porqu\u00ea visitar Boston?<\/h2>\n\n<p>Boston \u00e9 uma cidade fascinante onde a hist\u00f3ria americana ganha vida em cada esquina. Conhecida como o local de nascimento da Revolu\u00e7\u00e3o Americana, est\u00e1 repleta de monumentos hist\u00f3ricos e marcos que contam a hist\u00f3ria da independ\u00eancia americana. Mas Boston \u00e9 mais do que apenas o seu passado glorioso: \u00e9 tamb\u00e9m um centro de excel\u00eancia acad\u00e9mica e inova\u00e7\u00e3o, onde se encontram algumas das universidades mais prestigiadas do mundo, como Harvard e MIT.  <\/p>\n\n<p>A sua arquitetura \u00fanica mistura harmoniosamente edif\u00edcios coloniais, casas vitorianas e arranha-c\u00e9us modernos, enquanto os seus bairros variados oferecem atmosferas distintas, desde a sofistica\u00e7\u00e3o de Beacon Hill \u00e0 agita\u00e7\u00e3o do Seaport District.<\/p>\n\n<p>Acrescenta a isso uma cena culin\u00e1ria vibrante, parques verdejantes, uma cultura desportiva apaixonada e vistas espectaculares do porto, e \u00e9 f\u00e1cil perceber porque \u00e9 que Boston atrai tanto os entusiastas da hist\u00f3ria como os exploradores modernos. \u00c9 um destino onde o velho e o novo se juntam em perfeita harmonia. <\/p>\n\n<h2 class=\"wp-block-heading\">O que tens de ver em Boston<\/h2>\n\n<ol class=\"wp-block-list\">\n<li><a href=\"https:\/\/www.thefreedomtrail.org\/\">Freedom Trail<\/a>: Um passeio de 4 km que liga 16 locais hist\u00f3ricos importantes, incluindo Faneuil Hall, Boston Common e a Old North Church.<\/li>\n\n\n\n<li><a href=\"https:\/\/www.mlb.com\/redsox\/ballpark\">Fenway Park<\/a>: O ic\u00f3nico est\u00e1dio de basebol dos Red Sox, perfeito para os f\u00e3s do desporto e da hist\u00f3ria desportiva.<\/li>\n\n\n\n<li><a href=\"https:\/\/www.nps.gov\/places\/boston-public-garden.htm\">Boston Public Garden<\/a> e Boston Common: Estes parques adjacentes s\u00e3o ref\u00fagios de paz onde podes dar um mergulho ou simplesmente relaxar.<\/li>\n\n\n\n<li><a href=\"https:\/\/www.harvard.edu\/\">Harvard<\/a> e MIT: Visita os campus destas universidades lend\u00e1rias, situadas do outro lado do rio Charles, em Cambridge.<\/li>\n\n\n\n<li><a href=\"https:\/\/www.mfa.org\/\">Museu de Belas Artes<\/a>: Um museu de renome mundial que alberga uma cole\u00e7\u00e3o excecional de arte americana, europeia e asi\u00e1tica.<\/li>\n\n\n\n<li><a href=\"https:\/\/www.neaq.org\/\">New England Aquarium<\/a>: Uma atra\u00e7\u00e3o ideal para toda a fam\u00edlia, com exposi\u00e7\u00f5es interactivas e espect\u00e1culos marinhos.<\/li>\n<\/ol>\n\n<div style=\"height:10px\" aria-hidden=\"true\" class=\"wp-block-spacer\"><\/div>\n\n<h2 class=\"wp-block-heading\">Bairros a explorar em Boston<\/h2>\n\n<ul class=\"wp-block-list\">\n<li><strong>Beacon Hill<\/strong>: Um bairro pitoresco com ruas empedradas, postes de ilumina\u00e7\u00e3o a g\u00e1s e casas de tijolo vermelho.<\/li>\n\n\n\n<li><strong>Back Bay<\/strong>: Perfeito para fazer compras na Newbury Street, com a sua elegante arquitetura vitoriana.<\/li>\n\n\n\n<li><strong>North End<\/strong>: O Bairro Italiano, famoso pelos seus restaurantes e padarias, como a Mike&#8217;s Pastry.<\/li>\n\n\n\n<li><strong>Seaport District<\/strong>: Moderno e na moda, este bairro \u00e9 ideal para desfrutar de restaurantes, bares e vistas sobre o porto.<\/li>\n\n\n\n<li><strong>Cambridge<\/strong>: Sede de Harvard e do MIT, este bairro oferece uma atmosfera intelectual e caf\u00e9s animados.<\/li>\n<\/ul>\n\n<div style=\"height:10px\" aria-hidden=\"true\" class=\"wp-block-spacer\"><\/div>\n\n<h2 class=\"wp-block-heading\">Dicas pr\u00e1ticas para visitar Boston<\/h2>\n\n<figure class=\"wp-block-table\"><table><thead><tr><th><strong>Categoria<\/strong><\/th><th><strong>Aconselha-te<\/strong><\/th><\/tr><\/thead><tbody><tr><td><strong>Transporte<\/strong><\/td><td>Utiliza o metro (&#8220;T&#8221;) para te deslocares facilmente pela cidade, ou explora a p\u00e9 para desfrutares da atmosfera dos bairros hist\u00f3ricos.<\/td><\/tr><tr><td><strong>Tempo<\/strong><\/td><td>Usa roupa adequada \u00e0 esta\u00e7\u00e3o, especialmente no inverno, quando as temperaturas podem ser negativas, e traz um guarda-chuva no outono.<\/td><\/tr><tr><td><strong>Or\u00e7amento<\/strong><\/td><td>Aproveita as atrac\u00e7\u00f5es gratuitas, como o Freedom Trail e os parques p\u00fablicos, mas reserva um or\u00e7amento para museus e espect\u00e1culos.<\/td><\/tr><tr><td><strong>Seguran\u00e7a<\/strong><\/td><td>Boston \u00e9 uma cidade geralmente segura, mas tem cuidado em \u00e1reas com muita gente e tem cuidado com os teus pertences nos transportes p\u00fablicos.<\/td><\/tr><tr><td><strong>Roupa<\/strong><\/td><td>Usa sapatos confort\u00e1veis para caminhar pelas pedras de Beacon Hill e pelos bairros hist\u00f3ricos.<\/td><\/tr><tr><td><strong>Reservas<\/strong><\/td><td>Reserva os teus bilhetes para os jogos dos Red Sox ou para as visitas guiadas a Harvard com bastante anteced\u00eancia, especialmente na \u00e9poca alta.<\/td><\/tr><tr><td><strong>Actividades ao ar livre<\/strong><\/td><td>Planeia um passeio de barco pelo porto de Boston ou uma excurs\u00e3o a Cape Cod se estiveres de visita no ver\u00e3o ou no outono.<\/td><\/tr><\/tbody><\/table><\/figure>\n\n<h2 class=\"wp-block-heading\">Onde comer em Boston?<\/h2>\n\n<ul class=\"wp-block-list\">\n<li><a href=\"https:\/\/en.wikipedia.org\/wiki\/Union_Oyster_House\">Union Oyster House<\/a>: O restaurante mais antigo em funcionamento nos Estados Unidos, famoso pelo seu marisco fresco.<\/li>\n\n\n\n<li><a href=\"https:\/\/www.legalseafoods.com\/\">Legal Sea Foods<\/a>: Uma institui\u00e7\u00e3o local para pratos como a sopa de am\u00eaijoas.<\/li>\n\n\n\n<li><a href=\"https:\/\/www.mikespastry.com\/\">Mike&#8217;s Pastry<\/a>: Situada no North End, esta pastelaria \u00e9 famosa pelos seus cannolis.<\/li>\n\n\n\n<li><a href=\"https:\/\/tattebakery.com\/boston\/\">Tatte Bakery &amp; Caf\u00e9<\/a>: Uma cadeia local que oferece pastelaria caseira e refei\u00e7\u00f5es ligeiras.<\/li>\n\n\n\n<li><a href=\"https:\/\/www.neptuneoyster.com\/\">Neptune Oyster<\/a>: Um pequeno restaurante no North End, perfeito para ostras e rolos de lagosta.<\/li>\n<\/ul>\n\n<div style=\"height:10px\" aria-hidden=\"true\" class=\"wp-block-spacer\"><\/div>\n\n<h2 class=\"wp-block-heading\">Conclus\u00e3o<\/h2>\n\n<p><a href=\"https:\/\/www.boston.gov\/\">Boston<\/a> \u00e9 uma cidade cativante com uma mistura harmoniosa de hist\u00f3ria, cultura e modernidade. Quer sejas um f\u00e3 de hist\u00f3ria, um apreciador de comida ou apenas um explorador, Boston tem algo para todos. <\/p>\n\n<p>Para mais conselhos ou recomenda\u00e7\u00f5es personalizadas, n\u00e3o hesites em consultar os nossos outros guias sobre : <a href=\"https:\/\/usa-gv.com\/pt-pt\/visitar-los-angeles\/\">Los Angeles<\/a>, <a href=\"https:\/\/usa-gv.com\/pt-pt\/chicago\/\">Chicago<\/a>, <a href=\"https:\/\/usa-gv.com\/pt-pt\/visitar-nova-iorque\/\">Nova Iorque<\/a>, <a href=\"https:\/\/usa-gv.com\/pt-pt\/miami\/\">Miami<\/a>, <a href=\"https:\/\/usa-gv.com\/pt-pt\/las-vegas\/\">Las Vegas<\/a> e <a href=\"https:\/\/usa-gv.com\/pt-pt\/visitar-sao-francisco\/\">S\u00e3o Francisco<\/a>. N\u00e3o te esque\u00e7as de que as <a href=\"https:\/\/usa-gv.com\/pt-pt\/formalidades-usa\/\">formalidades para viajar para os Estados Unidos<\/a> s\u00e3o preparadas muito antes da tua chegada a Boston. <\/p>\n","protected":false},"excerpt":{"rendered":"<p>Visita a cidade de Boston, no nordeste dos Estados Unidos Bem-vindo a Boston, uma cidade onde a hist\u00f3ria e a modernidade se encontram. Ber\u00e7o da Am\u00e9rica moderna, Boston transporta-te no tempo com os seus monumentos hist\u00f3ricos, universidades prestigiadas e bairros pitorescos. Descobre uma cidade rica em cultura, arquitetura e gastronomia. Porqu\u00ea visitar Boston? Boston \u00e9 [&hellip;]<\/p>\n","protected":false},"author":1,"featured_media":0,"parent":0,"menu_order":0,"comment_status":"closed","ping_status":"closed","template":"","meta":{"footnotes":""},"class_list":["post-6931","page","type-page","status-publish","hentry"],"yoast_head":"<!-- This site is optimized with the Yoast SEO plugin v26.6 - https:\/\/yoast.com\/wordpress\/plugins\/seo\/ -->\n<title>Visita Boston para explorar o encanto da Nova Inglaterra - USA-GV.COM<\/title>\n<meta name=\"description\" content=\"Descobre todas as nossas melhores dicas para visitar Boston e explorar o encanto tur\u00edstico desta cidade americana.\" \/>\n<meta name=\"robots\" content=\"index, follow, max-snippet:-1, max-image-preview:large, max-video-preview:-1\" \/>\n<link rel=\"canonical\" href=\"https:\/\/usa-gv.com\/pt-pt\/boston\/\" \/>\n<meta property=\"og:locale\" content=\"pt_PT\" \/>\n<meta property=\"og:type\" content=\"article\" \/>\n<meta property=\"og:title\" content=\"Visita Boston para explorar o encanto da Nova Inglaterra - USA-GV.COM\" \/>\n<meta property=\"og:description\" content=\"Descobre todas as nossas melhores dicas para visitar Boston e explorar o encanto tur\u00edstico desta cidade americana.\" \/>\n<meta property=\"og:url\" content=\"https:\/\/usa-gv.com\/pt-pt\/boston\/\" \/>\n<meta property=\"og:site_name\" content=\"USA-GV.COM\" \/>\n<meta property=\"article:modified_time\" content=\"2025-02-25T11:53:55+00:00\" \/>\n<meta name=\"twitter:card\" content=\"summary_large_image\" \/>\n<meta name=\"twitter:label1\" content=\"Tempo estimado de leitura\" \/>\n\t<meta name=\"twitter:data1\" content=\"4 minutos\" \/>\n<script type=\"application\/ld+json\" class=\"yoast-schema-graph\">{\"@context\":\"https:\/\/schema.org\",\"@graph\":[{\"@type\":\"WebPage\",\"@id\":\"https:\/\/usa-gv.com\/pt-pt\/boston\/\",\"url\":\"https:\/\/usa-gv.com\/pt-pt\/boston\/\",\"name\":\"Visita Boston para explorar o encanto da Nova Inglaterra - USA-GV.COM\",\"isPartOf\":{\"@id\":\"https:\/\/usa-gv.com\/pt-pt\/#website\"},\"datePublished\":\"2025-01-14T15:27:41+00:00\",\"dateModified\":\"2025-02-25T11:53:55+00:00\",\"description\":\"Descobre todas as nossas melhores dicas para visitar Boston e explorar o encanto tur\u00edstico desta cidade americana.\",\"breadcrumb\":{\"@id\":\"https:\/\/usa-gv.com\/pt-pt\/boston\/#breadcrumb\"},\"inLanguage\":\"pt-PT\",\"potentialAction\":[{\"@type\":\"ReadAction\",\"target\":[\"https:\/\/usa-gv.com\/pt-pt\/boston\/\"]}]},{\"@type\":\"BreadcrumbList\",\"@id\":\"https:\/\/usa-gv.com\/pt-pt\/boston\/#breadcrumb\",\"itemListElement\":[{\"@type\":\"ListItem\",\"position\":1,\"name\":\"Home\",\"item\":\"https:\/\/usa-gv.com\/pt-pt\/guia-de-viagem-dos-eua\/\"},{\"@type\":\"ListItem\",\"position\":2,\"name\":\"Visita Boston para explorar o encanto da Nova Inglaterra\"}]},{\"@type\":\"WebSite\",\"@id\":\"https:\/\/usa-gv.com\/pt-pt\/#website\",\"url\":\"https:\/\/usa-gv.com\/pt-pt\/\",\"name\":\"USA-GV.COM\",\"description\":\"\",\"potentialAction\":[{\"@type\":\"SearchAction\",\"target\":{\"@type\":\"EntryPoint\",\"urlTemplate\":\"https:\/\/usa-gv.com\/pt-pt\/?s={search_term_string}\"},\"query-input\":{\"@type\":\"PropertyValueSpecification\",\"valueRequired\":true,\"valueName\":\"search_term_string\"}}],\"inLanguage\":\"pt-PT\"}]}<\/script>\n<!-- \/ Yoast SEO plugin. -->","yoast_head_json":{"title":"Visita Boston para explorar o encanto da Nova Inglaterra - USA-GV.COM","description":"Descobre todas as nossas melhores dicas para visitar Boston e explorar o encanto tur\u00edstico desta cidade americana.","robots":{"index":"index","follow":"follow","max-snippet":"max-snippet:-1","max-image-preview":"max-image-preview:large","max-video-preview":"max-video-preview:-1"},"canonical":"https:\/\/usa-gv.com\/pt-pt\/boston\/","og_locale":"pt_PT","og_type":"article","og_title":"Visita Boston para explorar o encanto da Nova Inglaterra - USA-GV.COM","og_description":"Descobre todas as nossas melhores dicas para visitar Boston e explorar o encanto tur\u00edstico desta cidade americana.","og_url":"https:\/\/usa-gv.com\/pt-pt\/boston\/","og_site_name":"USA-GV.COM","article_modified_time":"2025-02-25T11:53:55+00:00","twitter_card":"summary_large_image","twitter_misc":{"Tempo estimado de leitura":"4 minutos"},"schema":{"@context":"https:\/\/schema.org","@graph":[{"@type":"WebPage","@id":"https:\/\/usa-gv.com\/pt-pt\/boston\/","url":"https:\/\/usa-gv.com\/pt-pt\/boston\/","name":"Visita Boston para explorar o encanto da Nova Inglaterra - USA-GV.COM","isPartOf":{"@id":"https:\/\/usa-gv.com\/pt-pt\/#website"},"datePublished":"2025-01-14T15:27:41+00:00","dateModified":"2025-02-25T11:53:55+00:00","description":"Descobre todas as nossas melhores dicas para visitar Boston e explorar o encanto tur\u00edstico desta cidade americana.","breadcrumb":{"@id":"https:\/\/usa-gv.com\/pt-pt\/boston\/#breadcrumb"},"inLanguage":"pt-PT","potentialAction":[{"@type":"ReadAction","target":["https:\/\/usa-gv.com\/pt-pt\/boston\/"]}]},{"@type":"BreadcrumbList","@id":"https:\/\/usa-gv.com\/pt-pt\/boston\/#breadcrumb","itemListElement":[{"@type":"ListItem","position":1,"name":"Home","item":"https:\/\/usa-gv.com\/pt-pt\/guia-de-viagem-dos-eua\/"},{"@type":"ListItem","position":2,"name":"Visita Boston para explorar o encanto da Nova Inglaterra"}]},{"@type":"WebSite","@id":"https:\/\/usa-gv.com\/pt-pt\/#website","url":"https:\/\/usa-gv.com\/pt-pt\/","name":"USA-GV.COM","description":"","potentialAction":[{"@type":"SearchAction","target":{"@type":"EntryPoint","urlTemplate":"https:\/\/usa-gv.com\/pt-pt\/?s={search_term_string}"},"query-input":{"@type":"PropertyValueSpecification","valueRequired":true,"valueName":"search_term_string"}}],"inLanguage":"pt-PT"}]}},"_links":{"self":[{"href":"https:\/\/usa-gv.com\/pt-pt\/wp-json\/wp\/v2\/pages\/6931","targetHints":{"allow":["GET"]}}],"collection":[{"href":"https:\/\/usa-gv.com\/pt-pt\/wp-json\/wp\/v2\/pages"}],"about":[{"href":"https:\/\/usa-gv.com\/pt-pt\/wp-json\/wp\/v2\/types\/page"}],"author":[{"embeddable":true,"href":"https:\/\/usa-gv.com\/pt-pt\/wp-json\/wp\/v2\/users\/1"}],"replies":[{"embeddable":true,"href":"https:\/\/usa-gv.com\/pt-pt\/wp-json\/wp\/v2\/comments?post=6931"}],"version-history":[{"count":2,"href":"https:\/\/usa-gv.com\/pt-pt\/wp-json\/wp\/v2\/pages\/6931\/revisions"}],"predecessor-version":[{"id":6942,"href":"https:\/\/usa-gv.com\/pt-pt\/wp-json\/wp\/v2\/pages\/6931\/revisions\/6942"}],"wp:attachment":[{"href":"https:\/\/usa-gv.com\/pt-pt\/wp-json\/wp\/v2\/media?parent=6931"}],"curies":[{"name":"wp","href":"https:\/\/api.w.org\/{rel}","templated":true}]}}