{"id":6624,"date":"2025-01-10T16:36:20","date_gmt":"2025-01-10T16:36:20","guid":{"rendered":"https:\/\/usa-gv.com\/las-vegas\/"},"modified":"2025-02-25T11:54:08","modified_gmt":"2025-02-25T11:54:08","slug":"las-vegas","status":"publish","type":"page","link":"https:\/\/usa-gv.com\/pt-pt\/las-vegas\/","title":{"rendered":"Visitar Las Vegas: Explorar a cidade do entretenimento"},"content":{"rendered":"\n<h1 class=\"wp-block-heading\">Las Vegas no meio do deserto do Colorado<\/h1>\n\n<p>Bem-vindo a <a href=\"https:\/\/www.visitlasvegas.com\/\">Las Vegas<\/a>, a capital mundial do entretenimento e um destino obrigat\u00f3rio para os f\u00e3s de espect\u00e1culos, casinos e experi\u00eancias \u00fanicas. Com os seus hot\u00e9is sumptuosos, restaurantes de classe mundial e espect\u00e1culos inesquec\u00edveis, Las Vegas promete uma experi\u00eancia inigual\u00e1vel. <\/p>\n\n<figure class=\"wp-block-image size-large\"><img fetchpriority=\"high\" decoding=\"async\" width=\"1024\" height=\"484\" src=\"https:\/\/usa-gv.com\/wp-content\/uploads\/2025\/01\/Las-Vegas-1024x484.jpg\" alt=\"\" class=\"wp-image-6587\" srcset=\"https:\/\/usa-gv.com\/wp-content\/uploads\/2025\/01\/Las-Vegas-1024x484.jpg 1024w, https:\/\/usa-gv.com\/wp-content\/uploads\/2025\/01\/Las-Vegas-300x142.jpg 300w, https:\/\/usa-gv.com\/wp-content\/uploads\/2025\/01\/Las-Vegas-768x363.jpg 768w, https:\/\/usa-gv.com\/wp-content\/uploads\/2025\/01\/Las-Vegas.jpg 1260w\" sizes=\"(max-width: 1024px) 100vw, 1024px\" \/><\/figure>\n\n<h2 class=\"wp-block-heading\">Porqu\u00ea visitar Las Vegas?<\/h2>\n\n<ul class=\"wp-block-list\">\n<li><strong>Vida nocturna lend\u00e1ria<\/strong>: desfruta das discotecas, bares e espect\u00e1culos pelos quais a cidade \u00e9 famosa.<\/li>\n\n\n\n<li><strong>Hot\u00e9is incr\u00edveis<\/strong>: Cada resort \u00e9 um destino por si s\u00f3.<\/li>\n\n\n\n<li><strong>Uma cena culin\u00e1ria excecional<\/strong>: De chefs com estrelas Michelin a buffets gigantescos, Las Vegas \u00e9 o para\u00edso dos gourmets.<\/li>\n\n\n\n<li><strong>Experi\u00eancias \u00fanicas<\/strong>: voos de helic\u00f3ptero, excurs\u00f5es no deserto e muito mais.<\/li>\n<\/ul>\n\n<div style=\"height:10px\" aria-hidden=\"true\" class=\"wp-block-spacer\"><\/div>\n\n<h2 class=\"wp-block-heading\">A n\u00e3o perder em Las Vegas<\/h2>\n\n<h3 class=\"wp-block-heading\">1. A tira<\/h3>\n\n<p>Descobre a ic\u00f3nica avenida de Las Vegas na <a href=\"https:\/\/www.visitlasvegas.com\/las-vegas-strip\/\">Strip<\/a>, com os seus espectaculares hot\u00e9is e casinos, como o <a href=\"https:\/\/bellagio.mgmresorts.com\/en.html\">Bellagio<\/a>, o <a href=\"https:\/\/www.venetianlasvegas.com\/\">Venetian<\/a> e o <a href=\"https:\/\/www.caesars.com\/caesars-palace\">Caesars Palace<\/a>.<\/p>\n\n<h3 class=\"wp-block-heading\">2. As fontes do Bellagio<\/h3>\n\n<p>Desfruta de um cativante espet\u00e1culo de \u00e1gua e m\u00fasica. O espet\u00e1culo <a href=\"https:\/\/bellagio.mgmresorts.com\/en\/entertainment\/fountains-of-bellagio.html\">das fontes do Bellagio<\/a> \u00e9 gratuito para todos os visitantes. <\/p>\n\n<h3 class=\"wp-block-heading\">3. Experi\u00eancia de Fremont Street<\/h3>\n\n<p>A <a href=\"https:\/\/vegasexperience.com\/\">Fremont Street Experience<\/a> \u00e9 um espet\u00e1culo de luzes sob uma enorme cobertura de LED, acompanhado de m\u00fasica e entretenimento ao vivo.<\/p>\n\n<h3 class=\"wp-block-heading\">4. Roda de observa\u00e7\u00e3o de rolos altos<\/h3>\n\n<p>Sobe a bordo desta roda gigante localizada no <a href=\"https:\/\/www.caesars.com\/linq\">The LINQ<\/a> para uma vista deslumbrante da cidade, especialmente ao p\u00f4r do sol.<\/p>\n\n<h3 class=\"wp-block-heading\">5. Desfiladeiro da Rocha Vermelha<\/h3>\n\n<p>A poucos quil\u00f3metros da cidade, descobre um parque natural com paisagens des\u00e9rticas espectaculares. O <a href=\"https:\/\/www.redrockcanyonlv.org\/\">Red Rock Canyon<\/a> \u00e9 perfeito para fazeres caminhadas. <\/p>\n\n<h3 class=\"wp-block-heading\">6. Espect\u00e1culos de renome mundial<\/h3>\n\n<p>Assiste a espect\u00e1culos excepcionais, como os do <a href=\"https:\/\/www.cirquedusoleil.com\/\">Cirque du Soleil<\/a> ou concertos de artistas internacionais.<\/p>\n\n<div style=\"height:10px\" aria-hidden=\"true\" class=\"wp-block-spacer\"><\/div>\n\n<h2 class=\"wp-block-heading\">Bairros a explorar<\/h2>\n\n<ul class=\"wp-block-list\">\n<li><strong>The Strip<\/strong>: O cora\u00e7\u00e3o da a\u00e7\u00e3o, com os maiores hot\u00e9is e casinos.<\/li>\n\n\n\n<li><strong>Downtown Las Vegas<\/strong>: Um bairro hist\u00f3rico com a Fremont Street e bares da moda.<\/li>\n\n\n\n<li><strong>Bairro das Artes<\/strong>: Um bairro criativo com galerias, boutiques vintage e restaurantes \u00fanicos.<\/li>\n\n\n\n<li><strong>Summerlin<\/strong>: Um sub\u00farbio chique perto do Red Rock Canyon, ideal para relaxar.<\/li>\n<\/ul>\n\n<div style=\"height:10px\" aria-hidden=\"true\" class=\"wp-block-spacer\"><\/div>\n\n<h2 class=\"wp-block-heading\">Conselhos pr\u00e1ticos para a tua estadia em Las Vegas<\/h2>\n\n<figure class=\"wp-block-table is-style-stripes\"><table><thead><tr><th><strong>Categoria<\/strong><\/th><th><strong>Aconselha-te<\/strong><\/th><\/tr><\/thead><tbody><tr><td><strong>Transporte<\/strong><\/td><td>Caminha ao longo da Strip para desfrutar da atmosfera, ou utiliza o monocarril e os autocarros locais para uma viagem r\u00e1pida e econ\u00f3mica.<\/td><\/tr><tr><td><strong>Tempo<\/strong><\/td><td>Prepara-te para o tempo quente e seco, especialmente no ver\u00e3o. Leva uma garrafa de \u00e1gua reutiliz\u00e1vel para te manteres hidratado. <\/td><\/tr><tr><td><strong>Or\u00e7amento<\/strong><\/td><td>Opta por buffets econ\u00f3micos e aproveita os espect\u00e1culos gratuitos, como as Fontes do Bellagio, para poupares dinheiro.<\/td><\/tr><tr><td><strong>Seguran\u00e7a<\/strong><\/td><td>Las Vegas \u00e9 geralmente segura, mas tem cuidado nas zonas com muita gente e mant\u00e9m-te atento aos teus pertences pessoais nos casinos e nas atrac\u00e7\u00f5es.<\/td><\/tr><tr><td><strong>Roupa<\/strong><\/td><td>Usa roupas leves no ver\u00e3o, mas guarda um casaco leve para a noite, pois os interiores com ar condicionado podem ser frescos.<\/td><\/tr><tr><td><strong>Reservas<\/strong><\/td><td>Reserva com anteced\u00eancia os espect\u00e1culos, hot\u00e9is e restaurantes mais populares para evitar desilus\u00f5es, especialmente na \u00e9poca alta.<\/td><\/tr><tr><td><strong>Actividades ao ar livre<\/strong><\/td><td>Se est\u00e1s a planear uma viagem ao deserto, parte de manh\u00e3 cedo para evitar o calor e lembra-te de levar protetor solar e um chap\u00e9u.<\/td><\/tr><\/tbody><\/table><\/figure>\n\n<div style=\"height:10px\" aria-hidden=\"true\" class=\"wp-block-spacer\"><\/div>\n\n<h2 class=\"wp-block-heading\">Onde comer em Las Vegas?<\/h2>\n\n<ul class=\"wp-block-list\">\n<li><a href=\"https:\/\/jrobuchon.com\/our_locations\/restaurant-de-joel-robuchon-las-vegas\/\">Jo\u00ebl Robuchon<\/a>: Uma experi\u00eancia gastron\u00f3mica inesquec\u00edvel repleta de estrelas no MGM Grand.<\/li>\n\n\n\n<li><a href=\"https:\/\/www.gordonramsayrestaurants.com\/en\/us\/hells-kitchen\/locations\/las-vegas\">Hell&#8217;s Kitchen<\/a>: O restaurante de Gordon Ramsay no Caesar Palace, famoso pelos seus pratos de assinatura, como o Beef Wellington.<\/li>\n\n\n\n<li><a href=\"https:\/\/www.caesars.com\/caesars-palace\/restaurants\/bacchanal-buffet\">Buffet Bacchanal<\/a>: Um dos buffets mais sumptuosos de Las Vegas, localizado no Caesars Palace.<\/li>\n\n\n\n<li><a href=\"https:\/\/lotusofsiamlv.com\/\">Lotus of Siam<\/a>: Um restaurante tailand\u00eas premiado, frequentemente considerado um dos melhores do pa\u00eds.<\/li>\n\n\n\n<li><a href=\"https:\/\/www.eataly.com\/us_en\/stores\/las-vegas\">Eataly Las Vegas<\/a>: Uma experi\u00eancia culin\u00e1ria italiana imersiva no Park MGM.<\/li>\n<\/ul>\n\n<div style=\"height:10px\" aria-hidden=\"true\" class=\"wp-block-spacer\"><\/div>\n\n<h2 class=\"wp-block-heading\">Quando ir a Las Vegas?<\/h2>\n\n<p>Las Vegas \u00e9 um destino para todo o ano, mas cada esta\u00e7\u00e3o oferece uma experi\u00eancia diferente. A primavera, de mar\u00e7o a maio, \u00e9 uma das melhores alturas para visitar, com temperaturas agrad\u00e1veis e um ambiente festivo gra\u00e7as aos muitos eventos e festivais. O ver\u00e3o, de junho a agosto, \u00e9 sin\u00f3nimo de calor intenso, mas as espectaculares piscinas dos hot\u00e9is s\u00e3o a oportunidade perfeita para te refrescares e desfrutares do ambiente animado. O outono, de setembro a novembro, oferece temperaturas mais amenas, ideais para explorar a cidade e os arredores com menos multid\u00f5es. Finalmente, o inverno, de dezembro a fevereiro, oferece uma escapadela ao sol com dias frescos, mas perfeitos para desfrutar de actividades no interior e das luzes festivas durante a \u00e9poca festiva.    <\/p>\n\n<h2 class=\"wp-block-heading\">Conclus\u00e3o<\/h2>\n\n<p><a href=\"https:\/\/www.visitlasvegas.com\/\">Las Vegas<\/a> \u00e9 um destino \u00fanico onde a extravag\u00e2ncia e o entretenimento se misturam com incr\u00edveis paisagens naturais. Quer venhas pelos espect\u00e1culos, pelos casinos ou pelas excurs\u00f5es ao ar livre, Las Vegas garante uma estadia memor\u00e1vel. <\/p>\n\n<p>Para mais conselhos ou recomenda\u00e7\u00f5es personalizadas, n\u00e3o hesites em consultar os nossos outros guias sobre as principais cidades americanas, como <a href=\"https:\/\/usa-gv.com\/pt-pt\/visitar-nova-iorque\/\">Nova Iorque<\/a>, <a href=\"https:\/\/usa-gv.com\/pt-pt\/visitar-los-angeles\/\">Los Angeles<\/a>, <a href=\"https:\/\/usa-gv.com\/pt-pt\/chicago\/\">Chicago<\/a>, <a href=\"https:\/\/usa-gv.com\/pt-pt\/miami\/\">Miami<\/a> ou <a href=\"https:\/\/usa-gv.com\/pt-pt\/visitar-sao-francisco\/\">S\u00e3o Francisco<\/a>. N\u00e3o te esque\u00e7as de que as <a href=\"https:\/\/usa-gv.com\/pt-pt\/formalidades-usa\/\">formalidades para viajar para os Estados Unidos<\/a> s\u00e3o preparadas antes de embarcares no teu avi\u00e3o. <\/p>\n\n<p><\/p>\n","protected":false},"excerpt":{"rendered":"<p>Las Vegas no meio do deserto do Colorado Bem-vindo a Las Vegas, a capital mundial do entretenimento e um destino obrigat\u00f3rio para os f\u00e3s de espect\u00e1culos, casinos e experi\u00eancias \u00fanicas. Com os seus hot\u00e9is sumptuosos, restaurantes de classe mundial e espect\u00e1culos inesquec\u00edveis, Las Vegas promete uma experi\u00eancia inigual\u00e1vel. Porqu\u00ea visitar Las Vegas? A n\u00e3o perder [&hellip;]<\/p>\n","protected":false},"author":1,"featured_media":0,"parent":0,"menu_order":0,"comment_status":"closed","ping_status":"closed","template":"","meta":{"footnotes":""},"class_list":["post-6624","page","type-page","status-publish","hentry"],"yoast_head":"<!-- This site is optimized with the Yoast SEO plugin v26.6 - https:\/\/yoast.com\/wordpress\/plugins\/seo\/ -->\n<title>Visitar Las Vegas: Explorar a cidade do entretenimento - USA-GV.COM<\/title>\n<meta name=\"robots\" content=\"index, follow, max-snippet:-1, max-image-preview:large, max-video-preview:-1\" \/>\n<link rel=\"canonical\" href=\"https:\/\/usa-gv.com\/pt-pt\/las-vegas\/\" \/>\n<meta property=\"og:locale\" content=\"pt_PT\" \/>\n<meta property=\"og:type\" content=\"article\" \/>\n<meta property=\"og:title\" content=\"Visitar Las Vegas: Explorar a cidade do entretenimento - USA-GV.COM\" \/>\n<meta property=\"og:description\" content=\"Las Vegas no meio do deserto do Colorado Bem-vindo a Las Vegas, a capital mundial do entretenimento e um destino obrigat\u00f3rio para os f\u00e3s de espect\u00e1culos, casinos e experi\u00eancias \u00fanicas. Com os seus hot\u00e9is sumptuosos, restaurantes de classe mundial e espect\u00e1culos inesquec\u00edveis, Las Vegas promete uma experi\u00eancia inigual\u00e1vel. Porqu\u00ea visitar Las Vegas? A n\u00e3o perder [&hellip;]\" \/>\n<meta property=\"og:url\" content=\"https:\/\/usa-gv.com\/pt-pt\/las-vegas\/\" \/>\n<meta property=\"og:site_name\" content=\"USA-GV.COM\" \/>\n<meta property=\"article:modified_time\" content=\"2025-02-25T11:54:08+00:00\" \/>\n<meta property=\"og:image\" content=\"https:\/\/usa-gv.com\/wp-content\/uploads\/2025\/01\/Las-Vegas-1024x484.jpg\" \/>\n<meta name=\"twitter:card\" content=\"summary_large_image\" \/>\n<meta name=\"twitter:label1\" content=\"Tempo estimado de leitura\" \/>\n\t<meta name=\"twitter:data1\" content=\"4 minutos\" \/>\n<script type=\"application\/ld+json\" class=\"yoast-schema-graph\">{\"@context\":\"https:\/\/schema.org\",\"@graph\":[{\"@type\":\"WebPage\",\"@id\":\"https:\/\/usa-gv.com\/pt-pt\/las-vegas\/\",\"url\":\"https:\/\/usa-gv.com\/pt-pt\/las-vegas\/\",\"name\":\"Visitar Las Vegas: Explorar a cidade do entretenimento - USA-GV.COM\",\"isPartOf\":{\"@id\":\"https:\/\/usa-gv.com\/pt-pt\/#website\"},\"primaryImageOfPage\":{\"@id\":\"https:\/\/usa-gv.com\/pt-pt\/las-vegas\/#primaryimage\"},\"image\":{\"@id\":\"https:\/\/usa-gv.com\/pt-pt\/las-vegas\/#primaryimage\"},\"thumbnailUrl\":\"https:\/\/usa-gv.com\/wp-content\/uploads\/2025\/01\/Las-Vegas-1024x484.jpg\",\"datePublished\":\"2025-01-10T16:36:20+00:00\",\"dateModified\":\"2025-02-25T11:54:08+00:00\",\"breadcrumb\":{\"@id\":\"https:\/\/usa-gv.com\/pt-pt\/las-vegas\/#breadcrumb\"},\"inLanguage\":\"pt-PT\",\"potentialAction\":[{\"@type\":\"ReadAction\",\"target\":[\"https:\/\/usa-gv.com\/pt-pt\/las-vegas\/\"]}]},{\"@type\":\"ImageObject\",\"inLanguage\":\"pt-PT\",\"@id\":\"https:\/\/usa-gv.com\/pt-pt\/las-vegas\/#primaryimage\",\"url\":\"https:\/\/usa-gv.com\/wp-content\/uploads\/2025\/01\/Las-Vegas-1024x484.jpg\",\"contentUrl\":\"https:\/\/usa-gv.com\/wp-content\/uploads\/2025\/01\/Las-Vegas-1024x484.jpg\"},{\"@type\":\"BreadcrumbList\",\"@id\":\"https:\/\/usa-gv.com\/pt-pt\/las-vegas\/#breadcrumb\",\"itemListElement\":[{\"@type\":\"ListItem\",\"position\":1,\"name\":\"Home\",\"item\":\"https:\/\/usa-gv.com\/pt-pt\/guia-de-viagem-dos-eua\/\"},{\"@type\":\"ListItem\",\"position\":2,\"name\":\"Visitar Las Vegas: Explorar a cidade do entretenimento\"}]},{\"@type\":\"WebSite\",\"@id\":\"https:\/\/usa-gv.com\/pt-pt\/#website\",\"url\":\"https:\/\/usa-gv.com\/pt-pt\/\",\"name\":\"USA-GV.COM\",\"description\":\"\",\"potentialAction\":[{\"@type\":\"SearchAction\",\"target\":{\"@type\":\"EntryPoint\",\"urlTemplate\":\"https:\/\/usa-gv.com\/pt-pt\/?s={search_term_string}\"},\"query-input\":{\"@type\":\"PropertyValueSpecification\",\"valueRequired\":true,\"valueName\":\"search_term_string\"}}],\"inLanguage\":\"pt-PT\"}]}<\/script>\n<!-- \/ Yoast SEO plugin. -->","yoast_head_json":{"title":"Visitar Las Vegas: Explorar a cidade do entretenimento - USA-GV.COM","robots":{"index":"index","follow":"follow","max-snippet":"max-snippet:-1","max-image-preview":"max-image-preview:large","max-video-preview":"max-video-preview:-1"},"canonical":"https:\/\/usa-gv.com\/pt-pt\/las-vegas\/","og_locale":"pt_PT","og_type":"article","og_title":"Visitar Las Vegas: Explorar a cidade do entretenimento - USA-GV.COM","og_description":"Las Vegas no meio do deserto do Colorado Bem-vindo a Las Vegas, a capital mundial do entretenimento e um destino obrigat\u00f3rio para os f\u00e3s de espect\u00e1culos, casinos e experi\u00eancias \u00fanicas. Com os seus hot\u00e9is sumptuosos, restaurantes de classe mundial e espect\u00e1culos inesquec\u00edveis, Las Vegas promete uma experi\u00eancia inigual\u00e1vel. Porqu\u00ea visitar Las Vegas? A n\u00e3o perder [&hellip;]","og_url":"https:\/\/usa-gv.com\/pt-pt\/las-vegas\/","og_site_name":"USA-GV.COM","article_modified_time":"2025-02-25T11:54:08+00:00","og_image":[{"url":"https:\/\/usa-gv.com\/wp-content\/uploads\/2025\/01\/Las-Vegas-1024x484.jpg","type":"","width":"","height":""}],"twitter_card":"summary_large_image","twitter_misc":{"Tempo estimado de leitura":"4 minutos"},"schema":{"@context":"https:\/\/schema.org","@graph":[{"@type":"WebPage","@id":"https:\/\/usa-gv.com\/pt-pt\/las-vegas\/","url":"https:\/\/usa-gv.com\/pt-pt\/las-vegas\/","name":"Visitar Las Vegas: Explorar a cidade do entretenimento - USA-GV.COM","isPartOf":{"@id":"https:\/\/usa-gv.com\/pt-pt\/#website"},"primaryImageOfPage":{"@id":"https:\/\/usa-gv.com\/pt-pt\/las-vegas\/#primaryimage"},"image":{"@id":"https:\/\/usa-gv.com\/pt-pt\/las-vegas\/#primaryimage"},"thumbnailUrl":"https:\/\/usa-gv.com\/wp-content\/uploads\/2025\/01\/Las-Vegas-1024x484.jpg","datePublished":"2025-01-10T16:36:20+00:00","dateModified":"2025-02-25T11:54:08+00:00","breadcrumb":{"@id":"https:\/\/usa-gv.com\/pt-pt\/las-vegas\/#breadcrumb"},"inLanguage":"pt-PT","potentialAction":[{"@type":"ReadAction","target":["https:\/\/usa-gv.com\/pt-pt\/las-vegas\/"]}]},{"@type":"ImageObject","inLanguage":"pt-PT","@id":"https:\/\/usa-gv.com\/pt-pt\/las-vegas\/#primaryimage","url":"https:\/\/usa-gv.com\/wp-content\/uploads\/2025\/01\/Las-Vegas-1024x484.jpg","contentUrl":"https:\/\/usa-gv.com\/wp-content\/uploads\/2025\/01\/Las-Vegas-1024x484.jpg"},{"@type":"BreadcrumbList","@id":"https:\/\/usa-gv.com\/pt-pt\/las-vegas\/#breadcrumb","itemListElement":[{"@type":"ListItem","position":1,"name":"Home","item":"https:\/\/usa-gv.com\/pt-pt\/guia-de-viagem-dos-eua\/"},{"@type":"ListItem","position":2,"name":"Visitar Las Vegas: Explorar a cidade do entretenimento"}]},{"@type":"WebSite","@id":"https:\/\/usa-gv.com\/pt-pt\/#website","url":"https:\/\/usa-gv.com\/pt-pt\/","name":"USA-GV.COM","description":"","potentialAction":[{"@type":"SearchAction","target":{"@type":"EntryPoint","urlTemplate":"https:\/\/usa-gv.com\/pt-pt\/?s={search_term_string}"},"query-input":{"@type":"PropertyValueSpecification","valueRequired":true,"valueName":"search_term_string"}}],"inLanguage":"pt-PT"}]}},"_links":{"self":[{"href":"https:\/\/usa-gv.com\/pt-pt\/wp-json\/wp\/v2\/pages\/6624","targetHints":{"allow":["GET"]}}],"collection":[{"href":"https:\/\/usa-gv.com\/pt-pt\/wp-json\/wp\/v2\/pages"}],"about":[{"href":"https:\/\/usa-gv.com\/pt-pt\/wp-json\/wp\/v2\/types\/page"}],"author":[{"embeddable":true,"href":"https:\/\/usa-gv.com\/pt-pt\/wp-json\/wp\/v2\/users\/1"}],"replies":[{"embeddable":true,"href":"https:\/\/usa-gv.com\/pt-pt\/wp-json\/wp\/v2\/comments?post=6624"}],"version-history":[{"count":1,"href":"https:\/\/usa-gv.com\/pt-pt\/wp-json\/wp\/v2\/pages\/6624\/revisions"}],"predecessor-version":[{"id":6625,"href":"https:\/\/usa-gv.com\/pt-pt\/wp-json\/wp\/v2\/pages\/6624\/revisions\/6625"}],"wp:attachment":[{"href":"https:\/\/usa-gv.com\/pt-pt\/wp-json\/wp\/v2\/media?parent=6624"}],"curies":[{"name":"wp","href":"https:\/\/api.w.org\/{rel}","templated":true}]}}