{"id":6226,"date":"2025-01-08T08:22:35","date_gmt":"2025-01-08T08:22:35","guid":{"rendered":"https:\/\/usa-gv.com\/visitar-nova-iorque\/"},"modified":"2025-02-25T11:54:35","modified_gmt":"2025-02-25T11:54:35","slug":"visitar-nova-iorque","status":"publish","type":"page","link":"https:\/\/usa-gv.com\/pt-pt\/visitar-nova-iorque\/","title":{"rendered":"Visitar Nova Iorque: Explorar a cidade que nunca dorme"},"content":{"rendered":"\n<h1 class=\"wp-block-heading\">Visita a cidade de Nova Iorque nos Estados Unidos<\/h1>\n\n<p>Bem-vindo a <a href=\"https:\/\/www.nyc.gov\/\">Nova Iorque<\/a>, uma das cidades mais fascinantes do mundo! Quer sejas um viajante experiente ou um visitante pela primeira vez, esta metr\u00f3pole vibrante vai conquistar-te com os seus monumentos ic\u00f3nicos, bairros \u00fanicos e uma energia inigual\u00e1vel. <\/p>\n\n<figure class=\"wp-block-image size-large\"><img fetchpriority=\"high\" decoding=\"async\" width=\"1024\" height=\"454\" src=\"https:\/\/usa-gv.com\/wp-content\/uploads\/2025\/01\/new-york-1-1024x454.jpg\" alt=\"\" class=\"wp-image-6189\" srcset=\"https:\/\/usa-gv.com\/wp-content\/uploads\/2025\/01\/new-york-1-1024x454.jpg 1024w, https:\/\/usa-gv.com\/wp-content\/uploads\/2025\/01\/new-york-1-300x133.jpg 300w, https:\/\/usa-gv.com\/wp-content\/uploads\/2025\/01\/new-york-1-768x341.jpg 768w, https:\/\/usa-gv.com\/wp-content\/uploads\/2025\/01\/new-york-1.jpg 1407w\" sizes=\"(max-width: 1024px) 100vw, 1024px\" \/><figcaption class=\"wp-element-caption\">Foto de Nova Iorque a partir de Brooklyn<\/figcaption><\/figure>\n\n<h2 class=\"wp-block-heading\">Porqu\u00ea visitar Nova Iorque?<\/h2>\n\n<ul class=\"wp-block-list\">\n<li><strong>Uma cidade m\u00edtica<\/strong>: Da Est\u00e1tua da Liberdade a Times Square, Nova Iorque tem sido o cen\u00e1rio de muitos filmes e s\u00e9ries de televis\u00e3o.<\/li>\n\n\n\n<li><strong>Com grande diversidade cultural<\/strong>: Descobre um mosaico de culturas com cozinhas, festivais e comunidades de todo o mundo.<\/li>\n\n\n\n<li><strong>Um destino para todos<\/strong>: Quer gostes de arte, hist\u00f3ria, compras ou comida, Nova Iorque tem de tudo.<\/li>\n<\/ul>\n\n<div style=\"height:10px\" aria-hidden=\"true\" class=\"wp-block-spacer\"><\/div>\n\n<h2 class=\"wp-block-heading\">Visita obrigat\u00f3ria em Nova Iorque<\/h2>\n\n<h3 class=\"wp-block-heading\">1. Est\u00e1tua da Liberdade e Ilha Ellis<\/h3>\n\n<p>S\u00edmbolo de liberdade e esperan\u00e7a, a <a href=\"https:\/\/www.statueofliberty.org\/\">Est\u00e1tua da Liberdade<\/a> \u00e9 um local de visita obrigat\u00f3ria. Apanha um ferry para admirar este monumento e explora a Ilha Ellis para aprenderes mais sobre a hist\u00f3ria dos imigrantes. <\/p>\n\n<h3 class=\"wp-block-heading\">2. Parque Central<\/h3>\n\n<p>Um ref\u00fagio de paz no cora\u00e7\u00e3o de <a href=\"https:\/\/usa-gv.com\/pt-pt\/visitar-nova-iorque\/manhattan\/\">Manhattan<\/a>. Aluga uma bicicleta, faz um piquenique ou explora locais famosos como os Strawberry Fields e a <a href=\"https:\/\/www.centralpark.com\/things-to-do\/attractions\/bethesda-fountain\/\">Bethesda Fountain<\/a>. <\/p>\n\n<h3 class=\"wp-block-heading\">3. Times Square<\/h3>\n\n<p>O cora\u00e7\u00e3o brilhante de Nova Iorque. Descobre os outdoors gigantes, os <a href=\"https:\/\/www.broadway.com\/\">teatros da Broadway<\/a> e a emo\u00e7\u00e3o deste local ic\u00f3nico. <\/p>\n\n<h3 class=\"wp-block-heading\">4. Edif\u00edcio Empire State<\/h3>\n\n<p>Desfruta de uma vista panor\u00e2mica da cidade a partir do <a href=\"https:\/\/www.esbnyc.com\/\">Empire State Building<\/a>, um dos edif\u00edcios mais famosos do mundo. N\u00e3o deixes de tirar fotografias memor\u00e1veis! <\/p>\n\n<h3 class=\"wp-block-heading\">5. Museu de Arte Moderna (MoMA)<\/h3>\n\n<p>Admira as obras-primas de Picasso, Van Gogh e muitos outros no <a href=\"https:\/\/www.moma.org\/\">MoMA<\/a>, um dos melhores museus do mundo.<\/p>\n\n<h3 class=\"wp-block-heading\">6. Ponte de Brooklyn<\/h3>\n\n<p>Atravessa esta ponte ic\u00f3nica para obteres vistas espectaculares sobre <a href=\"https:\/\/usa-gv.com\/pt-pt\/visitar-nova-iorque\/manhattan\/\">Manhattan<\/a> e <a href=\"https:\/\/usa-gv.com\/pt-pt\/visitar-nova-iorque\/brooklyn\/\">Brooklyn<\/a>, especialmente ao p\u00f4r do sol.<\/p>\n\n<figure class=\"wp-block-image size-full\"><a href=\"https:\/\/en.wikipedia.org\/wiki\/Brooklyn_Bridge\"><img decoding=\"async\" width=\"750\" height=\"227\" src=\"https:\/\/usa-gv.com\/wp-content\/uploads\/2025\/01\/brooklyn-bridge-NYC.jpg\" alt=\"\" class=\"wp-image-6167\" srcset=\"https:\/\/usa-gv.com\/wp-content\/uploads\/2025\/01\/brooklyn-bridge-NYC.jpg 750w, https:\/\/usa-gv.com\/wp-content\/uploads\/2025\/01\/brooklyn-bridge-NYC-300x91.jpg 300w\" sizes=\"(max-width: 750px) 100vw, 750px\" \/><\/a><\/figure>\n\n<h2 class=\"wp-block-heading\">Bairros a n\u00e3o perder<\/h2>\n\n<ul class=\"wp-block-list\">\n<li><a href=\"https:\/\/usa-gv.com\/pt-pt\/visitar-nova-iorque\/manhattan\/\">Manhattan<\/a>: O centro nevr\u00e1lgico com Wall Street, Harlem e Soho.<\/li>\n\n\n\n<li><a href=\"https:\/\/usa-gv.com\/pt-pt\/visitar-nova-iorque\/brooklyn\/\">Brooklyn<\/a>: Local moderno com Dumbo, Williamsburg e Coney Island.<\/li>\n\n\n\n<li><a href=\"https:\/\/usa-gv.com\/pt-pt\/visitar-nova-iorque\/queens\/\">Queens<\/a>: Capital da cozinha multicultural e dos espa\u00e7os verdes.<\/li>\n\n\n\n<li><a href=\"https:\/\/usa-gv.com\/pt-pt\/visitar-nova-iorque\/bronx\/\">Bronx<\/a>: Local de nascimento do hip-hop e casa dos Yankees.<\/li>\n\n\n\n<li><strong>Staten Island<\/strong>: Um ref\u00fagio tranquilo com praias e um magn\u00edfico ferry gratuito.<\/li>\n<\/ul>\n\n<div style=\"height:10px\" aria-hidden=\"true\" class=\"wp-block-spacer\"><\/div>\n\n<h2 class=\"wp-block-heading\">Dicas pr\u00e1ticas para visitar Nova Iorque<\/h2>\n\n<figure class=\"wp-block-table is-style-stripes\"><table><thead><tr><th><strong>Categoria<\/strong><\/th><th><strong>Aconselha-te<\/strong><\/th><\/tr><\/thead><tbody><tr><td><strong>Transporte<\/strong><\/td><td>Utiliza o metro para te deslocares de forma f\u00e1cil e barata. Compra um MetroCard para viagens ilimitadas. <\/td><\/tr><tr><td><strong>Tempo<\/strong><\/td><td>Prepara-te de acordo com a esta\u00e7\u00e3o do ano: roupas quentes para o inverno e roupas leves para o ver\u00e3o. Leva um guarda-chuva para os dias de chuva. <\/td><\/tr><tr><td><strong>Or\u00e7amento<\/strong><\/td><td>Faz um or\u00e7amento para as atrac\u00e7\u00f5es pagas, mas aproveita tamb\u00e9m as muitas actividades gratuitas, como os museus com entrada gratuita em determinados dias.<\/td><\/tr><tr><td><strong>Seguran\u00e7a<\/strong><\/td><td>Nova Iorque \u00e9, de um modo geral, segura, mas mant\u00e9m-te vigilante nas zonas tur\u00edsticas e tem cuidado com os teus pertences no metro ou nas ruas movimentadas.<\/td><\/tr><tr><td><strong>Roupa<\/strong><\/td><td>Usa sapatos confort\u00e1veis para passear na cidade e adapta o teu vestu\u00e1rio \u00e0s mudan\u00e7as de tempo, especialmente na primavera e no outono.<\/td><\/tr><tr><td><strong>Reservas<\/strong><\/td><td>Reserva com anteced\u00eancia para as atrac\u00e7\u00f5es populares, como o Top of the Rock ou a Est\u00e1tua da Liberdade, e para os restaurantes na \u00e9poca alta.<\/td><\/tr><tr><td><strong>Actividades ao ar livre<\/strong><\/td><td>Planeia pausas em parques como o Central Park ou o Bryant Park para relaxar entre visitas e desfrutar da natureza no cora\u00e7\u00e3o da cidade.<\/td><\/tr><\/tbody><\/table><\/figure>\n\n<div style=\"height:10px\" aria-hidden=\"true\" class=\"wp-block-spacer\"><\/div>\n\n<h2 class=\"wp-block-heading\">Onde comer em Nova Iorque?<\/h2>\n\n<ul class=\"wp-block-list\">\n<li><a href=\"https:\/\/katzsdelicatessen.com\/\">Katz&#8217;s Delicatessen<\/a>: Experimenta a famosa sandu\u00edche de pastrami.<\/li>\n\n\n\n<li><a href=\"https:\/\/www.joespizzanyc.com\/\">Joe&#8217;s Pizza<\/a>: Uma fatia de pizza t\u00edpica de Nova Iorque.<\/li>\n\n\n\n<li><a href=\"https:\/\/shakeshack.com\/\">Shake Shack<\/a>: Hamb\u00fargueres para uma refei\u00e7\u00e3o r\u00e1pida.<\/li>\n\n\n\n<li><a href=\"https:\/\/chinatown.nyc\/\">Chinatown NYC<\/a>: Para dim sum delicioso e macarr\u00e3o fresco.<\/li>\n\n\n\n<li><a href=\"https:\/\/www.newyork.nl\/little-italy-new-york\/\">Little Italy NYC<\/a>: Perfeito para um aut\u00eantico jantar italiano.<\/li>\n<\/ul>\n\n<div style=\"height:10px\" aria-hidden=\"true\" class=\"wp-block-spacer\"><\/div>\n\n<h2 class=\"wp-block-heading\">Quando \u00e9 que deves ir a Nova Iorque?<\/h2>\n\n<p>Nova Iorque \u00e9 uma cidade que pode ser visitada em qualquer altura do ano, com cada esta\u00e7\u00e3o a oferecer uma experi\u00eancia \u00fanica. A primavera, de mar\u00e7o a maio, \u00e9 ideal para explorar parques como o Central Park, quando as \u00e1rvores est\u00e3o em flor e as temperaturas s\u00e3o amenas. O ver\u00e3o, de junho a agosto, traz uma atmosfera vibrante com festivais, telhados animados e actividades ao ar livre, embora o calor possa ser intenso. O outono, de setembro a novembro, \u00e9 uma das melhores alturas para visitar, com um clima agrad\u00e1vel e as cores espectaculares das folhas nos parques. Finalmente, o inverno, de dezembro a fevereiro, \u00e9 perfeito para apreciar as decora\u00e7\u00f5es de Natal, os mercados de inverno e a pista de gelo do Rockefeller Center, embora as temperaturas possam ser frias.    <\/p>\n\n<div style=\"height:10px\" aria-hidden=\"true\" class=\"wp-block-spacer\"><\/div>\n\n<h2 class=\"wp-block-heading\">Conclus\u00e3o<\/h2>\n\n<p><a href=\"https:\/\/www.nyc.gov\/\">Nova Iorque<\/a> \u00e9 um destino excitante e inesquec\u00edvel. Quer venhas passar um fim de semana ou uma semana, a cidade oferece uma multiplicidade de experi\u00eancias ricas e variadas. Faz as malas e deixa-te levar pelo entusiasmo desta cidade \u00fanica!  <\/p>\n\n<p>Se precisares de mais conselhos ou recomenda\u00e7\u00f5es personalizadas, n\u00e3o hesites em consultar os nossos outros guias sobre as principais cidades americanas, tais como : <a href=\"https:\/\/usa-gv.com\/pt-pt\/visitar-los-angeles\/\">Los Angeles<\/a>, <a href=\"https:\/\/usa-gv.com\/pt-pt\/chicago\/\">Chicago<\/a>, <a href=\"https:\/\/usa-gv.com\/pt-pt\/miami\/\">Miami<\/a>, <a href=\"https:\/\/usa-gv.com\/pt-pt\/las-vegas\/\">Las Vegas<\/a> e <a href=\"https:\/\/usa-gv.com\/pt-pt\/visitar-sao-francisco\/\">S\u00e3o Francisco<\/a>. E n\u00e3o te esque\u00e7as de pedir um <a href=\"https:\/\/usa-gv.com\/pt-pt\/esta-nova-iorque\/\">ESTA para Nova Iorque<\/a>. As <a href=\"https:\/\/usa-gv.com\/pt-pt\/formalidades-usa\/\">formalidades para viajar para os Estados Unidos<\/a> s\u00e3o preparadas antes do embarque.  <\/p>\n","protected":false},"excerpt":{"rendered":"<p>Visita a cidade de Nova Iorque nos Estados Unidos Bem-vindo a Nova Iorque, uma das cidades mais fascinantes do mundo! Quer sejas um viajante experiente ou um visitante pela primeira vez, esta metr\u00f3pole vibrante vai conquistar-te com os seus monumentos ic\u00f3nicos, bairros \u00fanicos e uma energia inigual\u00e1vel. Porqu\u00ea visitar Nova Iorque? Visita obrigat\u00f3ria em Nova [&hellip;]<\/p>\n","protected":false},"author":1,"featured_media":0,"parent":0,"menu_order":0,"comment_status":"closed","ping_status":"closed","template":"","meta":{"footnotes":""},"class_list":["post-6226","page","type-page","status-publish","hentry"],"yoast_head":"<!-- This site is optimized with the Yoast SEO plugin v26.6 - https:\/\/yoast.com\/wordpress\/plugins\/seo\/ -->\n<title>Visitar Nova Iorque: Explorar a cidade que nunca dorme - USA-GV.COM<\/title>\n<meta name=\"description\" content=\"Descobre o nosso guia de viagem para a cidade de Nova Iorque nos EUA. Damos-te os melhores planos para uma estadia de sucesso.\" \/>\n<meta name=\"robots\" content=\"index, follow, max-snippet:-1, max-image-preview:large, max-video-preview:-1\" \/>\n<link rel=\"canonical\" href=\"https:\/\/usa-gv.com\/pt-pt\/visitar-nova-iorque\/\" \/>\n<meta property=\"og:locale\" content=\"pt_PT\" \/>\n<meta property=\"og:type\" content=\"article\" \/>\n<meta property=\"og:title\" content=\"Visitar Nova Iorque: Explorar a cidade que nunca dorme - USA-GV.COM\" \/>\n<meta property=\"og:description\" content=\"Descobre o nosso guia de viagem para a cidade de Nova Iorque nos EUA. Damos-te os melhores planos para uma estadia de sucesso.\" \/>\n<meta property=\"og:url\" content=\"https:\/\/usa-gv.com\/pt-pt\/visitar-nova-iorque\/\" \/>\n<meta property=\"og:site_name\" content=\"USA-GV.COM\" \/>\n<meta property=\"article:modified_time\" content=\"2025-02-25T11:54:35+00:00\" \/>\n<meta property=\"og:image\" content=\"https:\/\/usa-gv.com\/wp-content\/uploads\/2025\/01\/new-york-1-1024x454.jpg\" \/>\n<meta name=\"twitter:card\" content=\"summary_large_image\" \/>\n<meta name=\"twitter:label1\" content=\"Tempo estimado de leitura\" \/>\n\t<meta name=\"twitter:data1\" content=\"4 minutos\" \/>\n<script type=\"application\/ld+json\" class=\"yoast-schema-graph\">{\"@context\":\"https:\/\/schema.org\",\"@graph\":[{\"@type\":\"WebPage\",\"@id\":\"https:\/\/usa-gv.com\/pt-pt\/visitar-nova-iorque\/\",\"url\":\"https:\/\/usa-gv.com\/pt-pt\/visitar-nova-iorque\/\",\"name\":\"Visitar Nova Iorque: Explorar a cidade que nunca dorme - USA-GV.COM\",\"isPartOf\":{\"@id\":\"https:\/\/usa-gv.com\/pt-pt\/#website\"},\"primaryImageOfPage\":{\"@id\":\"https:\/\/usa-gv.com\/pt-pt\/visitar-nova-iorque\/#primaryimage\"},\"image\":{\"@id\":\"https:\/\/usa-gv.com\/pt-pt\/visitar-nova-iorque\/#primaryimage\"},\"thumbnailUrl\":\"https:\/\/usa-gv.com\/wp-content\/uploads\/2025\/01\/new-york-1-1024x454.jpg\",\"datePublished\":\"2025-01-08T08:22:35+00:00\",\"dateModified\":\"2025-02-25T11:54:35+00:00\",\"description\":\"Descobre o nosso guia de viagem para a cidade de Nova Iorque nos EUA. Damos-te os melhores planos para uma estadia de sucesso.\",\"breadcrumb\":{\"@id\":\"https:\/\/usa-gv.com\/pt-pt\/visitar-nova-iorque\/#breadcrumb\"},\"inLanguage\":\"pt-PT\",\"potentialAction\":[{\"@type\":\"ReadAction\",\"target\":[\"https:\/\/usa-gv.com\/pt-pt\/visitar-nova-iorque\/\"]}]},{\"@type\":\"ImageObject\",\"inLanguage\":\"pt-PT\",\"@id\":\"https:\/\/usa-gv.com\/pt-pt\/visitar-nova-iorque\/#primaryimage\",\"url\":\"https:\/\/usa-gv.com\/wp-content\/uploads\/2025\/01\/new-york-1-1024x454.jpg\",\"contentUrl\":\"https:\/\/usa-gv.com\/wp-content\/uploads\/2025\/01\/new-york-1-1024x454.jpg\"},{\"@type\":\"BreadcrumbList\",\"@id\":\"https:\/\/usa-gv.com\/pt-pt\/visitar-nova-iorque\/#breadcrumb\",\"itemListElement\":[{\"@type\":\"ListItem\",\"position\":1,\"name\":\"Home\",\"item\":\"https:\/\/usa-gv.com\/pt-pt\/guia-de-viagem-dos-eua\/\"},{\"@type\":\"ListItem\",\"position\":2,\"name\":\"Visitar Nova Iorque: Explorar a cidade que nunca dorme\"}]},{\"@type\":\"WebSite\",\"@id\":\"https:\/\/usa-gv.com\/pt-pt\/#website\",\"url\":\"https:\/\/usa-gv.com\/pt-pt\/\",\"name\":\"USA-GV.COM\",\"description\":\"\",\"potentialAction\":[{\"@type\":\"SearchAction\",\"target\":{\"@type\":\"EntryPoint\",\"urlTemplate\":\"https:\/\/usa-gv.com\/pt-pt\/?s={search_term_string}\"},\"query-input\":{\"@type\":\"PropertyValueSpecification\",\"valueRequired\":true,\"valueName\":\"search_term_string\"}}],\"inLanguage\":\"pt-PT\"}]}<\/script>\n<!-- \/ Yoast SEO plugin. -->","yoast_head_json":{"title":"Visitar Nova Iorque: Explorar a cidade que nunca dorme - USA-GV.COM","description":"Descobre o nosso guia de viagem para a cidade de Nova Iorque nos EUA. Damos-te os melhores planos para uma estadia de sucesso.","robots":{"index":"index","follow":"follow","max-snippet":"max-snippet:-1","max-image-preview":"max-image-preview:large","max-video-preview":"max-video-preview:-1"},"canonical":"https:\/\/usa-gv.com\/pt-pt\/visitar-nova-iorque\/","og_locale":"pt_PT","og_type":"article","og_title":"Visitar Nova Iorque: Explorar a cidade que nunca dorme - USA-GV.COM","og_description":"Descobre o nosso guia de viagem para a cidade de Nova Iorque nos EUA. Damos-te os melhores planos para uma estadia de sucesso.","og_url":"https:\/\/usa-gv.com\/pt-pt\/visitar-nova-iorque\/","og_site_name":"USA-GV.COM","article_modified_time":"2025-02-25T11:54:35+00:00","og_image":[{"url":"https:\/\/usa-gv.com\/wp-content\/uploads\/2025\/01\/new-york-1-1024x454.jpg","type":"","width":"","height":""}],"twitter_card":"summary_large_image","twitter_misc":{"Tempo estimado de leitura":"4 minutos"},"schema":{"@context":"https:\/\/schema.org","@graph":[{"@type":"WebPage","@id":"https:\/\/usa-gv.com\/pt-pt\/visitar-nova-iorque\/","url":"https:\/\/usa-gv.com\/pt-pt\/visitar-nova-iorque\/","name":"Visitar Nova Iorque: Explorar a cidade que nunca dorme - USA-GV.COM","isPartOf":{"@id":"https:\/\/usa-gv.com\/pt-pt\/#website"},"primaryImageOfPage":{"@id":"https:\/\/usa-gv.com\/pt-pt\/visitar-nova-iorque\/#primaryimage"},"image":{"@id":"https:\/\/usa-gv.com\/pt-pt\/visitar-nova-iorque\/#primaryimage"},"thumbnailUrl":"https:\/\/usa-gv.com\/wp-content\/uploads\/2025\/01\/new-york-1-1024x454.jpg","datePublished":"2025-01-08T08:22:35+00:00","dateModified":"2025-02-25T11:54:35+00:00","description":"Descobre o nosso guia de viagem para a cidade de Nova Iorque nos EUA. Damos-te os melhores planos para uma estadia de sucesso.","breadcrumb":{"@id":"https:\/\/usa-gv.com\/pt-pt\/visitar-nova-iorque\/#breadcrumb"},"inLanguage":"pt-PT","potentialAction":[{"@type":"ReadAction","target":["https:\/\/usa-gv.com\/pt-pt\/visitar-nova-iorque\/"]}]},{"@type":"ImageObject","inLanguage":"pt-PT","@id":"https:\/\/usa-gv.com\/pt-pt\/visitar-nova-iorque\/#primaryimage","url":"https:\/\/usa-gv.com\/wp-content\/uploads\/2025\/01\/new-york-1-1024x454.jpg","contentUrl":"https:\/\/usa-gv.com\/wp-content\/uploads\/2025\/01\/new-york-1-1024x454.jpg"},{"@type":"BreadcrumbList","@id":"https:\/\/usa-gv.com\/pt-pt\/visitar-nova-iorque\/#breadcrumb","itemListElement":[{"@type":"ListItem","position":1,"name":"Home","item":"https:\/\/usa-gv.com\/pt-pt\/guia-de-viagem-dos-eua\/"},{"@type":"ListItem","position":2,"name":"Visitar Nova Iorque: Explorar a cidade que nunca dorme"}]},{"@type":"WebSite","@id":"https:\/\/usa-gv.com\/pt-pt\/#website","url":"https:\/\/usa-gv.com\/pt-pt\/","name":"USA-GV.COM","description":"","potentialAction":[{"@type":"SearchAction","target":{"@type":"EntryPoint","urlTemplate":"https:\/\/usa-gv.com\/pt-pt\/?s={search_term_string}"},"query-input":{"@type":"PropertyValueSpecification","valueRequired":true,"valueName":"search_term_string"}}],"inLanguage":"pt-PT"}]}},"_links":{"self":[{"href":"https:\/\/usa-gv.com\/pt-pt\/wp-json\/wp\/v2\/pages\/6226","targetHints":{"allow":["GET"]}}],"collection":[{"href":"https:\/\/usa-gv.com\/pt-pt\/wp-json\/wp\/v2\/pages"}],"about":[{"href":"https:\/\/usa-gv.com\/pt-pt\/wp-json\/wp\/v2\/types\/page"}],"author":[{"embeddable":true,"href":"https:\/\/usa-gv.com\/pt-pt\/wp-json\/wp\/v2\/users\/1"}],"replies":[{"embeddable":true,"href":"https:\/\/usa-gv.com\/pt-pt\/wp-json\/wp\/v2\/comments?post=6226"}],"version-history":[{"count":14,"href":"https:\/\/usa-gv.com\/pt-pt\/wp-json\/wp\/v2\/pages\/6226\/revisions"}],"predecessor-version":[{"id":7383,"href":"https:\/\/usa-gv.com\/pt-pt\/wp-json\/wp\/v2\/pages\/6226\/revisions\/7383"}],"wp:attachment":[{"href":"https:\/\/usa-gv.com\/pt-pt\/wp-json\/wp\/v2\/media?parent=6226"}],"curies":[{"name":"wp","href":"https:\/\/api.w.org\/{rel}","templated":true}]}}