{"id":6093,"date":"2025-01-08T07:51:05","date_gmt":"2025-01-08T07:51:05","guid":{"rendered":"https:\/\/usa-gv.com\/guia-de-viagem-dos-eua\/"},"modified":"2025-02-25T11:50:34","modified_gmt":"2025-02-25T11:50:34","slug":"guia-de-viagem-dos-eua","status":"publish","type":"page","link":"https:\/\/usa-gv.com\/pt-pt\/","title":{"rendered":"Guia para viajar nos Estados Unidos"},"content":{"rendered":"\n<h1 class=\"wp-block-heading\">Bem-vindo ao nosso guia de viagens dos EUA<\/h1>\n\n<p>Descobre as maravilhas dos Estados Unidos com o nosso guia completo, concebido para te ajudar a planear a tua viagem de sonho. Dos arranha-c\u00e9us de Nova Iorque \u00e0s praias soalheiras da Calif\u00f3rnia, mergulha na diversidade e riqueza cultural deste vasto pa\u00eds. <\/p>\n\n<h2 class=\"wp-block-heading\">Explora as cidades imperd\u00edveis dos Estados Unidos<\/h2>\n\n<p>Aqui encontras uma lista das principais cidades americanas, cada uma com os seus tesouros \u00fanicos. Clica num destino para acederes a um guia detalhado com as melhores atrac\u00e7\u00f5es, dicas pr\u00e1ticas e recomenda\u00e7\u00f5es. <\/p>\n\n<ul class=\"wp-block-list\">\n<li><a href=\"https:\/\/usa-gv.com\/pt-pt\/visitar-nova-iorque\/\">Nova Iorque<\/a>: A cidade que nunca dorme, com \u00edcones como Times Square, a Est\u00e1tua da Liberdade e o Central Park.<\/li>\n\n\n\n<li><a href=\"https:\/\/usa-gv.com\/pt-pt\/visitar-los-angeles\/\">Los Angeles<\/a>: Capital do cinema e das praias douradas, de Hollywood a Santa M\u00f3nica.<\/li>\n\n\n\n<li><a href=\"https:\/\/usa-gv.com\/pt-pt\/chicago\/\">Chicago<\/a>: arquitetura arrojada e as margens do Lago Michigan.<\/li>\n\n\n\n<li><a href=\"https:\/\/usa-gv.com\/pt-pt\/miami\/\">Miami<\/a>: sol, art d\u00e9co e cultura latina.<\/li>\n\n\n\n<li><a href=\"https:\/\/usa-gv.com\/pt-pt\/las-vegas\/\">Las Vegas<\/a>: o brilho e o glamour dos casinos e dos espect\u00e1culos no meio do deserto.<\/li>\n\n\n\n<li><a href=\"https:\/\/usa-gv.com\/pt-pt\/visitar-sao-francisco\/\">S\u00e3o Francisco<\/a>: A lend\u00e1ria Golden Gate e as suas ruas \u00edngremes.<\/li>\n\n\n\n<li><a href=\"https:\/\/usa-gv.com\/pt-pt\/orlando\/\">Orlando<\/a>: Um para\u00edso de parques tem\u00e1ticos como a Disney e a Universal Studios.<\/li>\n\n\n\n<li><a href=\"https:\/\/usa-gv.com\/pt-pt\/boston\/\">Boston<\/a>: Hist\u00f3ria e encanto colonial americano.<\/li>\n\n\n\n<li><a href=\"https:\/\/usa-gv.com\/pt-pt\/washington\/\">Washington<\/a>: monumentos ic\u00f3nicos e museus gratuitos.<\/li>\n\n\n\n<li><strong>Seattle<\/strong>: A cidade da inova\u00e7\u00e3o e das paisagens de cortar a respira\u00e7\u00e3o.<\/li>\n\n\n\n<li><strong>Houston<\/strong>: a cultura do Texas e o centro espacial da NASA.<\/li>\n\n\n\n<li><strong>Denver<\/strong>: Porta de entrada para as Montanhas Rochosas e para a aventura ao ar livre.<\/li>\n\n\n\n<li><strong>Nova Orle\u00e3es<\/strong>: ber\u00e7o do jazz e do Mardi Gras.<\/li>\n\n\n\n<li><strong>Honolulu<\/strong>: foge para o para\u00edso nas ilhas havaianas.<\/li>\n<\/ul>\n\n<div style=\"height:20px\" aria-hidden=\"true\" class=\"wp-block-spacer\"><\/div>\n\n<figure class=\"wp-block-image size-large\"><img fetchpriority=\"high\" decoding=\"async\" width=\"1024\" height=\"623\" src=\"https:\/\/usa-gv.com\/wp-content\/uploads\/2025\/01\/USA-map-1024x623.jpg\" alt=\"\" class=\"wp-image-6677\" srcset=\"https:\/\/usa-gv.com\/wp-content\/uploads\/2025\/01\/USA-map-1024x623.jpg 1024w, https:\/\/usa-gv.com\/wp-content\/uploads\/2025\/01\/USA-map-300x183.jpg 300w, https:\/\/usa-gv.com\/wp-content\/uploads\/2025\/01\/USA-map-768x467.jpg 768w, https:\/\/usa-gv.com\/wp-content\/uploads\/2025\/01\/USA-map.jpg 1527w\" sizes=\"(max-width: 1024px) 100vw, 1024px\" \/><\/figure>\n\n<p>N\u00e3o te esque\u00e7as de cumprir <a href=\"https:\/\/usa-gv.com\/pt-pt\/formalidades-usa\/\">as formalidades de viagem<\/a> com bastante anteced\u00eancia em rela\u00e7\u00e3o \u00e0 tua partida para os Estados Unidos.<\/p>\n\n<h2 class=\"wp-block-heading\">Descobre os parques nacionais da Am\u00e9rica<\/h2>\n\n<p>Aqui tens uma lista dos parques nacionais americanos mais emblem\u00e1ticos para visitar, classificados por regi\u00e3o. Cada um deles oferece paisagens \u00fanicas e experi\u00eancias inesquec\u00edveis: <\/p>\n\n<h3 class=\"wp-block-heading\">Parques Nacionais do Oeste dos Estados Unidos :<\/h3>\n\n<ul class=\"wp-block-list\">\n<li><strong>Yellowstone (Wyoming, Montana, Idaho)<\/strong>: G\u00e9iseres, fontes termais coloridas, vida selvagem abundante (bisontes, ursos, lobos).<\/li>\n\n\n\n<li><strong>Grand Teton (Wyoming)<\/strong>: Montanhas majestosas, lagos alpinos e caminhadas espectaculares.<\/li>\n\n\n\n<li><strong>Yosemite (Calif\u00f3rnia)<\/strong>: penhascos de granito, cascatas, sequ\u00f3ias gigantes (Mariposa Grove).<\/li>\n\n\n\n<li><strong>Grand Canyon (Arizona)<\/strong>: imenso desfiladeiro escavado pelo rio Colorado, vistas panor\u00e2micas.<\/li>\n\n\n\n<li><strong>Zion (Utah)<\/strong>: Desfiladeiros de arenito vermelho, caminhadas famosas como Angel&#8217;s Landing.<\/li>\n\n\n\n<li><strong>Bryce Canyon (Utah)<\/strong>: Hoodoos e paisagens sobrenaturais.<\/li>\n\n\n\n<li><strong>Death Valley (Calif\u00f3rnia, Nevada)<\/strong>: Deserto mais quente, dunas de areia, Badwater Basin (ponto mais baixo dos Estados Unidos).<\/li>\n\n\n\n<li><strong>Arches (Utah)<\/strong>: Mais de 2.000 arcos naturais de arenito.<\/li>\n\n\n\n<li><strong>Sequoia e Kings Canyon (Calif\u00f3rnia)<\/strong>: \u00c1rvores gigantes, incluindo a famosa \u00e1rvore General Sherman, e montanhas.<\/li>\n\n\n\n<li><strong>Olympic (Washington)<\/strong>: Florestas tropicais, montanhas e praias selvagens.<\/li>\n<\/ul>\n\n<div style=\"height:10px\" aria-hidden=\"true\" class=\"wp-block-spacer\"><\/div>\n\n<h3 class=\"wp-block-heading\">Parques nacionais do centro dos Estados Unidos :<\/h3>\n\n<ul class=\"wp-block-list\">\n<li><strong>Rocky Mountain (Colorado)<\/strong>: Picos cobertos de neve, lagos de montanha e uma grande variedade de vida selvagem.<\/li>\n\n\n\n<li><strong>Badlands (Dakota do Sul)<\/strong>: forma\u00e7\u00f5es rochosas e f\u00f3sseis espectaculares.<\/li>\n\n\n\n<li><strong>Great Sand Dunes (Colorado)<\/strong>: As dunas de areia mais altas da Am\u00e9rica do Norte.<\/li>\n\n\n\n<li><strong>Wind Cave (Dakota do Sul)<\/strong>: sistema de cavernas e prados \u00fanicos.<\/li>\n<\/ul>\n\n<div style=\"height:10px\" aria-hidden=\"true\" class=\"wp-block-spacer\"><\/div>\n\n<h3 class=\"wp-block-heading\">Parques nacionais do sul dos Estados Unidos :<\/h3>\n\n<ul class=\"wp-block-list\">\n<li><a href=\"https:\/\/www.nps.gov\/bibe\/index.htm\">Big Bend, Texas<\/a>: Desertos, desfiladeiros e o rio Rio Grande.<\/li>\n\n\n\n<li><a href=\"https:\/\/fr.visittheusa.ca\/destination\/everglades-national-park\">Florida Everglades<\/a>: p\u00e2ntanos, jacar\u00e9s e observa\u00e7\u00e3o de aves.<\/li>\n\n\n\n<li><a href=\"https:\/\/www.nps.gov\/cave\/index.htm\">Cavernas de Carlsbad<\/a>, no Novo M\u00e9xico: uma impressionante rede de grutas subterr\u00e2neas.<\/li>\n<\/ul>\n\n<div style=\"height:10px\" aria-hidden=\"true\" class=\"wp-block-spacer\"><\/div>\n\n<h3 class=\"wp-block-heading\">Parques nacionais no leste dos Estados Unidos :<\/h3>\n\n<ul class=\"wp-block-list\">\n<li><strong>Great Smoky Mountains<\/strong> (Tennessee, Carolina do Norte): Montanhas enevoadas, cascatas e trilhos arborizados.<\/li>\n\n\n\n<li><strong>Acadia<\/strong> (Maine) : Costa rochosa, montanhas e florestas costeiras.<\/li>\n\n\n\n<li><strong>Shenandoah<\/strong> (Virg\u00ednia): Vale pitoresco e caminhadas ao longo da Skyline Drive.<\/li>\n<\/ul>\n\n<div style=\"height:10px\" aria-hidden=\"true\" class=\"wp-block-spacer\"><\/div>\n\n<h3 class=\"wp-block-heading\">Parques nacionais no Alasca e no Havai :<\/h3>\n\n<ul class=\"wp-block-list\">\n<li><strong>Denali (Alasca)<\/strong>: Monte Denali (pico mais alto da Am\u00e9rica do Norte), paisagens selvagens e vida selvagem.<\/li>\n\n\n\n<li><strong>Glacier Bay (Alasca)<\/strong>: fiordes, glaciares e observa\u00e7\u00e3o de baleias.<\/li>\n\n\n\n<li><strong>Haleakal\u0101 (Hawaii)<\/strong>: Nasce o sol espetacular sobre a cratera vulc\u00e2nica.<\/li>\n\n\n\n<li><strong>Parque Nacional dos Vulc\u00f5es (Havai)<\/strong>: Vulc\u00f5es activos, fluxos de lava e paisagens lunares.<\/li>\n<\/ul>\n\n<div style=\"height:10px\" aria-hidden=\"true\" class=\"wp-block-spacer\"><\/div>\n\n<p>Estes parques oferecem uma grande variedade de paisagens e actividades, desde caminhadas e observa\u00e7\u00e3o da vida selvagem a experi\u00eancias culturais.  <\/p>\n","protected":false},"excerpt":{"rendered":"<p>Bem-vindo ao nosso guia de viagens dos EUA Descobre as maravilhas dos Estados Unidos com o nosso guia completo, concebido para te ajudar a planear a tua viagem de sonho. Dos arranha-c\u00e9us de Nova Iorque \u00e0s praias soalheiras da Calif\u00f3rnia, mergulha na diversidade e riqueza cultural deste vasto pa\u00eds. Explora as cidades imperd\u00edveis dos Estados [&hellip;]<\/p>\n","protected":false},"author":1,"featured_media":0,"parent":0,"menu_order":0,"comment_status":"closed","ping_status":"closed","template":"","meta":{"footnotes":""},"class_list":["post-6093","page","type-page","status-publish","hentry"],"yoast_head":"<!-- This site is optimized with the Yoast SEO plugin v26.6 - https:\/\/yoast.com\/wordpress\/plugins\/seo\/ -->\n<title>Guia para viajar nos Estados Unidos - USA-GV.COM<\/title>\n<meta name=\"description\" content=\"Descobre o nosso guia de viagens dedicado \u00e0s f\u00e9rias nos Estados Unidos. Partilhamos contigo as nossas melhores experi\u00eancias.\" \/>\n<meta name=\"robots\" content=\"index, follow, max-snippet:-1, max-image-preview:large, max-video-preview:-1\" \/>\n<link rel=\"canonical\" href=\"https:\/\/usa-gv.com\/pt-pt\/\" \/>\n<meta property=\"og:locale\" content=\"pt_PT\" \/>\n<meta property=\"og:type\" content=\"article\" \/>\n<meta property=\"og:title\" content=\"Guia para viajar nos Estados Unidos - USA-GV.COM\" \/>\n<meta property=\"og:description\" content=\"Descobre o nosso guia de viagens dedicado \u00e0s f\u00e9rias nos Estados Unidos. Partilhamos contigo as nossas melhores experi\u00eancias.\" \/>\n<meta property=\"og:url\" content=\"https:\/\/usa-gv.com\/pt-pt\/\" \/>\n<meta property=\"og:site_name\" content=\"USA-GV.COM\" \/>\n<meta property=\"article:modified_time\" content=\"2025-02-25T11:50:34+00:00\" \/>\n<meta property=\"og:image\" content=\"https:\/\/usa-gv.com\/wp-content\/uploads\/2025\/01\/USA-map-1024x623.jpg\" \/>\n<meta name=\"twitter:card\" content=\"summary_large_image\" \/>\n<meta name=\"twitter:label1\" content=\"Tempo estimado de leitura\" \/>\n\t<meta name=\"twitter:data1\" content=\"3 minutos\" \/>\n<script type=\"application\/ld+json\" class=\"yoast-schema-graph\">{\"@context\":\"https:\/\/schema.org\",\"@graph\":[{\"@type\":\"WebPage\",\"@id\":\"https:\/\/usa-gv.com\/pt-pt\/\",\"url\":\"https:\/\/usa-gv.com\/pt-pt\/\",\"name\":\"Guia para viajar nos Estados Unidos - USA-GV.COM\",\"isPartOf\":{\"@id\":\"https:\/\/usa-gv.com\/pt-pt\/#website\"},\"primaryImageOfPage\":{\"@id\":\"https:\/\/usa-gv.com\/pt-pt\/#primaryimage\"},\"image\":{\"@id\":\"https:\/\/usa-gv.com\/pt-pt\/#primaryimage\"},\"thumbnailUrl\":\"https:\/\/usa-gv.com\/wp-content\/uploads\/2025\/01\/USA-map-1024x623.jpg\",\"datePublished\":\"2025-01-08T07:51:05+00:00\",\"dateModified\":\"2025-02-25T11:50:34+00:00\",\"description\":\"Descobre o nosso guia de viagens dedicado \u00e0s f\u00e9rias nos Estados Unidos. Partilhamos contigo as nossas melhores experi\u00eancias.\",\"breadcrumb\":{\"@id\":\"https:\/\/usa-gv.com\/pt-pt\/#breadcrumb\"},\"inLanguage\":\"pt-PT\",\"potentialAction\":[{\"@type\":\"ReadAction\",\"target\":[\"https:\/\/usa-gv.com\/pt-pt\/\"]}]},{\"@type\":\"ImageObject\",\"inLanguage\":\"pt-PT\",\"@id\":\"https:\/\/usa-gv.com\/pt-pt\/#primaryimage\",\"url\":\"https:\/\/usa-gv.com\/wp-content\/uploads\/2025\/01\/USA-map-1024x623.jpg\",\"contentUrl\":\"https:\/\/usa-gv.com\/wp-content\/uploads\/2025\/01\/USA-map-1024x623.jpg\"},{\"@type\":\"BreadcrumbList\",\"@id\":\"https:\/\/usa-gv.com\/pt-pt\/#breadcrumb\",\"itemListElement\":[{\"@type\":\"ListItem\",\"position\":1,\"name\":\"Home\",\"item\":\"https:\/\/usa-gv.com\/pt-pt\/guia-de-viagem-dos-eua\/\"},{\"@type\":\"ListItem\",\"position\":2,\"name\":\"Guia para viajar nos Estados Unidos\"}]},{\"@type\":\"WebSite\",\"@id\":\"https:\/\/usa-gv.com\/pt-pt\/#website\",\"url\":\"https:\/\/usa-gv.com\/pt-pt\/\",\"name\":\"USA-GV.COM\",\"description\":\"\",\"potentialAction\":[{\"@type\":\"SearchAction\",\"target\":{\"@type\":\"EntryPoint\",\"urlTemplate\":\"https:\/\/usa-gv.com\/pt-pt\/?s={search_term_string}\"},\"query-input\":{\"@type\":\"PropertyValueSpecification\",\"valueRequired\":true,\"valueName\":\"search_term_string\"}}],\"inLanguage\":\"pt-PT\"}]}<\/script>\n<!-- \/ Yoast SEO plugin. -->","yoast_head_json":{"title":"Guia para viajar nos Estados Unidos - USA-GV.COM","description":"Descobre o nosso guia de viagens dedicado \u00e0s f\u00e9rias nos Estados Unidos. Partilhamos contigo as nossas melhores experi\u00eancias.","robots":{"index":"index","follow":"follow","max-snippet":"max-snippet:-1","max-image-preview":"max-image-preview:large","max-video-preview":"max-video-preview:-1"},"canonical":"https:\/\/usa-gv.com\/pt-pt\/","og_locale":"pt_PT","og_type":"article","og_title":"Guia para viajar nos Estados Unidos - USA-GV.COM","og_description":"Descobre o nosso guia de viagens dedicado \u00e0s f\u00e9rias nos Estados Unidos. Partilhamos contigo as nossas melhores experi\u00eancias.","og_url":"https:\/\/usa-gv.com\/pt-pt\/","og_site_name":"USA-GV.COM","article_modified_time":"2025-02-25T11:50:34+00:00","og_image":[{"url":"https:\/\/usa-gv.com\/wp-content\/uploads\/2025\/01\/USA-map-1024x623.jpg","type":"","width":"","height":""}],"twitter_card":"summary_large_image","twitter_misc":{"Tempo estimado de leitura":"3 minutos"},"schema":{"@context":"https:\/\/schema.org","@graph":[{"@type":"WebPage","@id":"https:\/\/usa-gv.com\/pt-pt\/","url":"https:\/\/usa-gv.com\/pt-pt\/","name":"Guia para viajar nos Estados Unidos - USA-GV.COM","isPartOf":{"@id":"https:\/\/usa-gv.com\/pt-pt\/#website"},"primaryImageOfPage":{"@id":"https:\/\/usa-gv.com\/pt-pt\/#primaryimage"},"image":{"@id":"https:\/\/usa-gv.com\/pt-pt\/#primaryimage"},"thumbnailUrl":"https:\/\/usa-gv.com\/wp-content\/uploads\/2025\/01\/USA-map-1024x623.jpg","datePublished":"2025-01-08T07:51:05+00:00","dateModified":"2025-02-25T11:50:34+00:00","description":"Descobre o nosso guia de viagens dedicado \u00e0s f\u00e9rias nos Estados Unidos. Partilhamos contigo as nossas melhores experi\u00eancias.","breadcrumb":{"@id":"https:\/\/usa-gv.com\/pt-pt\/#breadcrumb"},"inLanguage":"pt-PT","potentialAction":[{"@type":"ReadAction","target":["https:\/\/usa-gv.com\/pt-pt\/"]}]},{"@type":"ImageObject","inLanguage":"pt-PT","@id":"https:\/\/usa-gv.com\/pt-pt\/#primaryimage","url":"https:\/\/usa-gv.com\/wp-content\/uploads\/2025\/01\/USA-map-1024x623.jpg","contentUrl":"https:\/\/usa-gv.com\/wp-content\/uploads\/2025\/01\/USA-map-1024x623.jpg"},{"@type":"BreadcrumbList","@id":"https:\/\/usa-gv.com\/pt-pt\/#breadcrumb","itemListElement":[{"@type":"ListItem","position":1,"name":"Home","item":"https:\/\/usa-gv.com\/pt-pt\/guia-de-viagem-dos-eua\/"},{"@type":"ListItem","position":2,"name":"Guia para viajar nos Estados Unidos"}]},{"@type":"WebSite","@id":"https:\/\/usa-gv.com\/pt-pt\/#website","url":"https:\/\/usa-gv.com\/pt-pt\/","name":"USA-GV.COM","description":"","potentialAction":[{"@type":"SearchAction","target":{"@type":"EntryPoint","urlTemplate":"https:\/\/usa-gv.com\/pt-pt\/?s={search_term_string}"},"query-input":{"@type":"PropertyValueSpecification","valueRequired":true,"valueName":"search_term_string"}}],"inLanguage":"pt-PT"}]}},"_links":{"self":[{"href":"https:\/\/usa-gv.com\/pt-pt\/wp-json\/wp\/v2\/pages\/6093","targetHints":{"allow":["GET"]}}],"collection":[{"href":"https:\/\/usa-gv.com\/pt-pt\/wp-json\/wp\/v2\/pages"}],"about":[{"href":"https:\/\/usa-gv.com\/pt-pt\/wp-json\/wp\/v2\/types\/page"}],"author":[{"embeddable":true,"href":"https:\/\/usa-gv.com\/pt-pt\/wp-json\/wp\/v2\/users\/1"}],"replies":[{"embeddable":true,"href":"https:\/\/usa-gv.com\/pt-pt\/wp-json\/wp\/v2\/comments?post=6093"}],"version-history":[{"count":15,"href":"https:\/\/usa-gv.com\/pt-pt\/wp-json\/wp\/v2\/pages\/6093\/revisions"}],"predecessor-version":[{"id":7032,"href":"https:\/\/usa-gv.com\/pt-pt\/wp-json\/wp\/v2\/pages\/6093\/revisions\/7032"}],"wp:attachment":[{"href":"https:\/\/usa-gv.com\/pt-pt\/wp-json\/wp\/v2\/media?parent=6093"}],"curies":[{"name":"wp","href":"https:\/\/api.w.org\/{rel}","templated":true}]}}