{"id":3730,"date":"2024-04-06T07:11:38","date_gmt":"2024-04-06T07:11:38","guid":{"rendered":"https:\/\/usa-gv.com\/visto-turista-eua\/"},"modified":"2025-02-25T11:53:48","modified_gmt":"2025-02-25T11:53:48","slug":"visto-turista-eua","status":"publish","type":"page","link":"https:\/\/usa-gv.com\/pt-pt\/visto-turista-eua\/","title":{"rendered":"Visto de turista para viajar para os Estados Unidos"},"content":{"rendered":"\n<h1 class=\"wp-block-heading\">Obter um visto de turista para entrar nos EUA<\/h1>\n\n<p>Um visto de turista permite a um cidad\u00e3o estrangeiro permanecer nos Estados Unidos durante um determinado per\u00edodo.  <\/p>\n\n<p><strong>Para estadias inferiores a 90 dias<\/strong>: n\u00e3o \u00e9 necess\u00e1rio solicitar um visto de turista se o seu pa\u00eds for membro do <a href=\"https:\/\/usa-gv.com\/pt-pt\/visa-waiver-program-eua\/\">Programa de Isen\u00e7\u00e3o de Vistos<\/a>. Pode solicitar uma autoriza\u00e7\u00e3o eletr\u00f3nica de viagem em apenas alguns minutos, clicando no <a href=\"https:\/\/usa-gv.com\/pt-pt\/formulario-esta-em-linha\/\">formul\u00e1rio em linha ESTA<\/a>.<\/p>\n\n<div style=\"height:10px\" aria-hidden=\"true\" class=\"wp-block-spacer\"><\/div>\n\n<h2 class=\"wp-block-heading\">O que \u00e9 um visto de turista americano?<\/h2>\n\n<p>Um visto de turista americano \u00e9 uma autoriza\u00e7\u00e3o oficial para viajar para os Estados Unidos.\nUm visto permite que os viajantes estrangeiros entrem nos Estados Unidos e permane\u00e7am durante um per\u00edodo especificado no visto. <\/p>\n\n<h3 class=\"wp-block-heading\">O que posso fazer nos EUA com um visto de turista?<\/h3>\n\n<p>Um visto de turista permite-lhe permanecer nos Estados Unidos para realizar as seguintes actividades:<\/p>\n\n<ul class=\"wp-block-list\">\n<li>Fazer uma viagem tur\u00edstica, visitar amigos ou familiares;<\/li>\n\n\n\n<li>Obter tratamento m\u00e9dico;<\/li>\n\n\n\n<li>Participar em eventos desportivos ou musicais n\u00e3o remunerados;<\/li>\n\n\n\n<li>Participar em eventos amig\u00e1veis ou sociais.<\/li>\n<\/ul>\n\n<div style=\"height:10px\" aria-hidden=\"true\" class=\"wp-block-spacer\"><\/div>\n\n<p>No entanto, um visto de turista n\u00e3o lhe permite trabalhar nos Estados Unidos.  <\/p>\n\n<h3 class=\"wp-block-heading\">Quais s\u00e3o os crit\u00e9rios para obter um visto de turista?<\/h3>\n\n<p>Os principais requisitos para obter um visto de turista para visitar os EUA s\u00e3o :<\/p>\n\n<ul class=\"wp-block-list\">\n<li>Resid\u00eancia tempor\u00e1ria nos Estados Unidos e prova da inten\u00e7\u00e3o de regressar ao seu pa\u00eds de origem no final da sua estadia;<\/li>\n\n\n\n<li>Exercer apenas as actividades autorizadas pelo visto de turismo B2;<\/li>\n\n\n\n<li>Prova de meios financeiros suficientes para permanecer nos EUA.<\/li>\n<\/ul>\n\n<div style=\"height:10px\" aria-hidden=\"true\" class=\"wp-block-spacer\"><\/div>\n\n<h2 class=\"wp-block-heading\">Como posso requerer um visto B2?<\/h2>\n\n<p>Pode candidatar-se a um visto de turista para os EUA em linha atrav\u00e9s dos Servi\u00e7os de Cidadania e Imigra\u00e7\u00e3o dos EUA, cujo s\u00edtio Web \u00e9 <a href=\"https:\/\/www.uscis.gov\/\">uscis.gov<\/a>. Compreende as seguintes fases:<\/p>\n\n<ul class=\"wp-block-list\">\n<li>Preencher o formul\u00e1rio de candidatura em linha DS 160;<\/li>\n\n\n\n<li>Pagar a taxa de visto B2 para validar o pedido;<\/li>\n\n\n\n<li>Marcar uma reuni\u00e3o com o consulado ou a embaixada americana;<\/li>\n\n\n\n<li>Reunir os documentos comprovativos do pedido de visto ;<\/li>\n\n\n\n<li>Passar a entrevista para obten\u00e7\u00e3o de visto com um funcion\u00e1rio consular dos EUA.<\/li>\n<\/ul>\n\n<div style=\"height:10px\" aria-hidden=\"true\" class=\"wp-block-spacer\"><\/div>\n\n<p>O processo para obter um visto de turista \u00e9 mais longo e mais complicado do que para <a href=\"https:\/\/usa-gv.com\/pt-pt\/como-obter-esta\/\">obter um ESTA<\/a>.<\/p>\n\n<h3 class=\"wp-block-heading\">Quanto custa obter um visto de turista?<\/h3>\n\n<p>Para os pedidos de visto de turista, a taxa a pagar em linha \u00e9 de 185 USD.\nO custo do visto \u00e9, por conseguinte, muito mais elevado do que o <a href=\"https:\/\/usa-gv.com\/pt-pt\/preco-esta-eua\/\">custo do ESTA<\/a>. <\/p>\n\n<h3 class=\"wp-block-heading\">Quanto tempo \u00e9 necess\u00e1rio para obter um visto de turista?<\/h3>\n\n<p>O processamento de um pedido de visto demora, pelo menos, algumas semanas.\nEste per\u00edodo depende do n\u00famero de pedidos que est\u00e3o a ser tratados pela autoridade consular americana no pa\u00eds de origem do requerente.\nO tempo necess\u00e1rio \u00e9, por conseguinte, muito mais longo do que o <a href=\"https:\/\/usa-gv.com\/pt-pt\/prazos-obtencao-esta\/\">tempo necess\u00e1rio para obter o ESTA<\/a>.  <\/p>\n\n<h3 class=\"wp-block-heading\">Qual \u00e9 o prazo de validade de um visto de turista?<\/h3>\n\n<p>A dura\u00e7\u00e3o inicial de um visto de turista B2 para os Estados Unidos \u00e9 de 6 meses.\nIsto representa o dobro da <a href=\"https:\/\/usa-gv.com\/pt-pt\/periodo-validade-esta\/\">validade do ESTA<\/a>.  Para prolongar a dura\u00e7\u00e3o do visto, o titular do visto deve solicitar uma prorroga\u00e7\u00e3o por mais 6 meses. Este pedido de prorroga\u00e7\u00e3o s\u00f3 pode ser efectuado ap\u00f3s 3 meses e, o mais tardar, 42 dias antes do termo da validade do visto.<\/p>\n\n<h2 class=\"wp-block-heading\">Imagem de um visto de turista dos EUA<\/h2>\n\n<figure class=\"wp-block-image size-large\"><img fetchpriority=\"high\" decoding=\"async\" width=\"1024\" height=\"642\" src=\"https:\/\/usa-gv.com\/wp-content\/uploads\/2024\/04\/visa-usa-1024x642.png\" alt=\"Visto de turista para os Estados Unidos\" class=\"wp-image-3708\" srcset=\"https:\/\/usa-gv.com\/wp-content\/uploads\/2024\/04\/visa-usa-1024x642.png 1024w, https:\/\/usa-gv.com\/wp-content\/uploads\/2024\/04\/visa-usa-300x188.png 300w, https:\/\/usa-gv.com\/wp-content\/uploads\/2024\/04\/visa-usa-768x482.png 768w, https:\/\/usa-gv.com\/wp-content\/uploads\/2024\/04\/visa-usa.png 1473w\" sizes=\"(max-width: 1024px) 100vw, 1024px\" \/><figcaption class=\"wp-element-caption\">Visto de turista para os Estados Unidos<\/figcaption><\/figure>\n","protected":false},"excerpt":{"rendered":"<p>Obter um visto de turista para entrar nos EUA Um visto de turista permite a um cidad\u00e3o estrangeiro permanecer nos Estados Unidos durante um determinado per\u00edodo. Para estadias inferiores a 90 dias: n\u00e3o \u00e9 necess\u00e1rio solicitar um visto de turista se o seu pa\u00eds for membro do Programa de Isen\u00e7\u00e3o de Vistos. Pode solicitar uma [&hellip;]<\/p>\n","protected":false},"author":1,"featured_media":0,"parent":0,"menu_order":0,"comment_status":"closed","ping_status":"closed","template":"","meta":{"footnotes":""},"class_list":["post-3730","page","type-page","status-publish","hentry"],"yoast_head":"<!-- This site is optimized with the Yoast SEO plugin v26.6 - https:\/\/yoast.com\/wordpress\/plugins\/seo\/ -->\n<title>Visto de turista para viajar para os Estados Unidos - USA-GV.COM<\/title>\n<meta name=\"description\" content=\"Como obter em linha, em poucos minutos, um visto para uma estada tur\u00edstica de curta dura\u00e7\u00e3o nos Estados Unidos.\" \/>\n<meta name=\"robots\" content=\"index, follow, max-snippet:-1, max-image-preview:large, max-video-preview:-1\" \/>\n<link rel=\"canonical\" href=\"https:\/\/usa-gv.com\/pt-pt\/visto-turista-eua\/\" \/>\n<meta property=\"og:locale\" content=\"pt_PT\" \/>\n<meta property=\"og:type\" content=\"article\" \/>\n<meta property=\"og:title\" content=\"Visto de turista para viajar para os Estados Unidos - USA-GV.COM\" \/>\n<meta property=\"og:description\" content=\"Como obter em linha, em poucos minutos, um visto para uma estada tur\u00edstica de curta dura\u00e7\u00e3o nos Estados Unidos.\" \/>\n<meta property=\"og:url\" content=\"https:\/\/usa-gv.com\/pt-pt\/visto-turista-eua\/\" \/>\n<meta property=\"og:site_name\" content=\"USA-GV.COM\" \/>\n<meta property=\"article:modified_time\" content=\"2025-02-25T11:53:48+00:00\" \/>\n<meta property=\"og:image\" content=\"https:\/\/usa-gv.com\/wp-content\/uploads\/2024\/04\/visa-usa-1024x642.png\" \/>\n<meta name=\"twitter:card\" content=\"summary_large_image\" \/>\n<meta name=\"twitter:label1\" content=\"Tempo estimado de leitura\" \/>\n\t<meta name=\"twitter:data1\" content=\"3 minutos\" \/>\n<script type=\"application\/ld+json\" class=\"yoast-schema-graph\">{\"@context\":\"https:\/\/schema.org\",\"@graph\":[{\"@type\":\"WebPage\",\"@id\":\"https:\/\/usa-gv.com\/pt-pt\/visto-turista-eua\/\",\"url\":\"https:\/\/usa-gv.com\/pt-pt\/visto-turista-eua\/\",\"name\":\"Visto de turista para viajar para os Estados Unidos - USA-GV.COM\",\"isPartOf\":{\"@id\":\"https:\/\/usa-gv.com\/pt-pt\/#website\"},\"primaryImageOfPage\":{\"@id\":\"https:\/\/usa-gv.com\/pt-pt\/visto-turista-eua\/#primaryimage\"},\"image\":{\"@id\":\"https:\/\/usa-gv.com\/pt-pt\/visto-turista-eua\/#primaryimage\"},\"thumbnailUrl\":\"https:\/\/usa-gv.com\/wp-content\/uploads\/2024\/04\/visa-usa-1024x642.png\",\"datePublished\":\"2024-04-06T07:11:38+00:00\",\"dateModified\":\"2025-02-25T11:53:48+00:00\",\"description\":\"Como obter em linha, em poucos minutos, um visto para uma estada tur\u00edstica de curta dura\u00e7\u00e3o nos Estados Unidos.\",\"breadcrumb\":{\"@id\":\"https:\/\/usa-gv.com\/pt-pt\/visto-turista-eua\/#breadcrumb\"},\"inLanguage\":\"pt-PT\",\"potentialAction\":[{\"@type\":\"ReadAction\",\"target\":[\"https:\/\/usa-gv.com\/pt-pt\/visto-turista-eua\/\"]}]},{\"@type\":\"ImageObject\",\"inLanguage\":\"pt-PT\",\"@id\":\"https:\/\/usa-gv.com\/pt-pt\/visto-turista-eua\/#primaryimage\",\"url\":\"https:\/\/usa-gv.com\/wp-content\/uploads\/2024\/04\/visa-usa-1024x642.png\",\"contentUrl\":\"https:\/\/usa-gv.com\/wp-content\/uploads\/2024\/04\/visa-usa-1024x642.png\"},{\"@type\":\"BreadcrumbList\",\"@id\":\"https:\/\/usa-gv.com\/pt-pt\/visto-turista-eua\/#breadcrumb\",\"itemListElement\":[{\"@type\":\"ListItem\",\"position\":1,\"name\":\"Home\",\"item\":\"https:\/\/usa-gv.com\/pt-pt\/guia-de-viagem-dos-eua\/\"},{\"@type\":\"ListItem\",\"position\":2,\"name\":\"Visto de turista para viajar para os Estados Unidos\"}]},{\"@type\":\"WebSite\",\"@id\":\"https:\/\/usa-gv.com\/pt-pt\/#website\",\"url\":\"https:\/\/usa-gv.com\/pt-pt\/\",\"name\":\"USA-GV.COM\",\"description\":\"\",\"potentialAction\":[{\"@type\":\"SearchAction\",\"target\":{\"@type\":\"EntryPoint\",\"urlTemplate\":\"https:\/\/usa-gv.com\/pt-pt\/?s={search_term_string}\"},\"query-input\":{\"@type\":\"PropertyValueSpecification\",\"valueRequired\":true,\"valueName\":\"search_term_string\"}}],\"inLanguage\":\"pt-PT\"}]}<\/script>\n<!-- \/ Yoast SEO plugin. -->","yoast_head_json":{"title":"Visto de turista para viajar para os Estados Unidos - USA-GV.COM","description":"Como obter em linha, em poucos minutos, um visto para uma estada tur\u00edstica de curta dura\u00e7\u00e3o nos Estados Unidos.","robots":{"index":"index","follow":"follow","max-snippet":"max-snippet:-1","max-image-preview":"max-image-preview:large","max-video-preview":"max-video-preview:-1"},"canonical":"https:\/\/usa-gv.com\/pt-pt\/visto-turista-eua\/","og_locale":"pt_PT","og_type":"article","og_title":"Visto de turista para viajar para os Estados Unidos - USA-GV.COM","og_description":"Como obter em linha, em poucos minutos, um visto para uma estada tur\u00edstica de curta dura\u00e7\u00e3o nos Estados Unidos.","og_url":"https:\/\/usa-gv.com\/pt-pt\/visto-turista-eua\/","og_site_name":"USA-GV.COM","article_modified_time":"2025-02-25T11:53:48+00:00","og_image":[{"url":"https:\/\/usa-gv.com\/wp-content\/uploads\/2024\/04\/visa-usa-1024x642.png","type":"","width":"","height":""}],"twitter_card":"summary_large_image","twitter_misc":{"Tempo estimado de leitura":"3 minutos"},"schema":{"@context":"https:\/\/schema.org","@graph":[{"@type":"WebPage","@id":"https:\/\/usa-gv.com\/pt-pt\/visto-turista-eua\/","url":"https:\/\/usa-gv.com\/pt-pt\/visto-turista-eua\/","name":"Visto de turista para viajar para os Estados Unidos - USA-GV.COM","isPartOf":{"@id":"https:\/\/usa-gv.com\/pt-pt\/#website"},"primaryImageOfPage":{"@id":"https:\/\/usa-gv.com\/pt-pt\/visto-turista-eua\/#primaryimage"},"image":{"@id":"https:\/\/usa-gv.com\/pt-pt\/visto-turista-eua\/#primaryimage"},"thumbnailUrl":"https:\/\/usa-gv.com\/wp-content\/uploads\/2024\/04\/visa-usa-1024x642.png","datePublished":"2024-04-06T07:11:38+00:00","dateModified":"2025-02-25T11:53:48+00:00","description":"Como obter em linha, em poucos minutos, um visto para uma estada tur\u00edstica de curta dura\u00e7\u00e3o nos Estados Unidos.","breadcrumb":{"@id":"https:\/\/usa-gv.com\/pt-pt\/visto-turista-eua\/#breadcrumb"},"inLanguage":"pt-PT","potentialAction":[{"@type":"ReadAction","target":["https:\/\/usa-gv.com\/pt-pt\/visto-turista-eua\/"]}]},{"@type":"ImageObject","inLanguage":"pt-PT","@id":"https:\/\/usa-gv.com\/pt-pt\/visto-turista-eua\/#primaryimage","url":"https:\/\/usa-gv.com\/wp-content\/uploads\/2024\/04\/visa-usa-1024x642.png","contentUrl":"https:\/\/usa-gv.com\/wp-content\/uploads\/2024\/04\/visa-usa-1024x642.png"},{"@type":"BreadcrumbList","@id":"https:\/\/usa-gv.com\/pt-pt\/visto-turista-eua\/#breadcrumb","itemListElement":[{"@type":"ListItem","position":1,"name":"Home","item":"https:\/\/usa-gv.com\/pt-pt\/guia-de-viagem-dos-eua\/"},{"@type":"ListItem","position":2,"name":"Visto de turista para viajar para os Estados Unidos"}]},{"@type":"WebSite","@id":"https:\/\/usa-gv.com\/pt-pt\/#website","url":"https:\/\/usa-gv.com\/pt-pt\/","name":"USA-GV.COM","description":"","potentialAction":[{"@type":"SearchAction","target":{"@type":"EntryPoint","urlTemplate":"https:\/\/usa-gv.com\/pt-pt\/?s={search_term_string}"},"query-input":{"@type":"PropertyValueSpecification","valueRequired":true,"valueName":"search_term_string"}}],"inLanguage":"pt-PT"}]}},"_links":{"self":[{"href":"https:\/\/usa-gv.com\/pt-pt\/wp-json\/wp\/v2\/pages\/3730","targetHints":{"allow":["GET"]}}],"collection":[{"href":"https:\/\/usa-gv.com\/pt-pt\/wp-json\/wp\/v2\/pages"}],"about":[{"href":"https:\/\/usa-gv.com\/pt-pt\/wp-json\/wp\/v2\/types\/page"}],"author":[{"embeddable":true,"href":"https:\/\/usa-gv.com\/pt-pt\/wp-json\/wp\/v2\/users\/1"}],"replies":[{"embeddable":true,"href":"https:\/\/usa-gv.com\/pt-pt\/wp-json\/wp\/v2\/comments?post=3730"}],"version-history":[{"count":1,"href":"https:\/\/usa-gv.com\/pt-pt\/wp-json\/wp\/v2\/pages\/3730\/revisions"}],"predecessor-version":[{"id":7734,"href":"https:\/\/usa-gv.com\/pt-pt\/wp-json\/wp\/v2\/pages\/3730\/revisions\/7734"}],"wp:attachment":[{"href":"https:\/\/usa-gv.com\/pt-pt\/wp-json\/wp\/v2\/media?parent=3730"}],"curies":[{"name":"wp","href":"https:\/\/api.w.org\/{rel}","templated":true}]}}