{"id":3057,"date":"2024-03-12T20:12:59","date_gmt":"2024-03-12T20:12:59","guid":{"rendered":"https:\/\/usa-gv.com\/verifique-validade-esta\/"},"modified":"2025-02-25T11:53:40","modified_gmt":"2025-02-25T11:53:40","slug":"verifique-validade-esta","status":"publish","type":"page","link":"https:\/\/usa-gv.com\/pt-pt\/verifique-validade-esta\/","title":{"rendered":"Verificar a validade de uma ESTA em linha"},"content":{"rendered":"\n<h1 class=\"wp-block-heading\">Verificar a validade do seu certificado ESTA<\/h1>\n\n<p>Antes de embarcarem para os Estados Unidos, os viajantes com um ESTA devem assegurar-se de que este \u00e9 v\u00e1lido.\nUma autoriza\u00e7\u00e3o ESTA \u00e9 v\u00e1lida por um per\u00edodo fixo e pode tornar-se inv\u00e1lida em determinadas condi\u00e7\u00f5es. <\/p>\n\n<p><strong>Para se candidatar em apenas alguns minutos<\/strong>, basta clicar no <a href=\"https:\/\/usa-gv.com\/pt-pt\/formulario-esta-em-linha\/\">formul\u00e1rio ESTA em linha<\/a>.  <\/p>\n\n<div style=\"height:10px\" aria-hidden=\"true\" class=\"wp-block-spacer\"><\/div>\n\n<h2 class=\"wp-block-heading\">Qual \u00e9 o prazo de validade do ESTA?<\/h2>\n\n<p>Os <a href=\"https:\/\/usa-gv.com\/pt-pt\/periodo-validade-esta\/\">ESTAs s\u00e3o v\u00e1lidos<\/a> por 2 anos. A autoriza\u00e7\u00e3o de viagem permite-lhe efetuar v\u00e1rias viagens durante estes dois anos.<\/p>\n\n<p><strong>Duas excep\u00e7\u00f5es<\/strong>: O Brunei e a Hungria s\u00e3o ambos membros do <a href=\"https:\/\/usa-gv.com\/pt-pt\/visa-waiver-program-eua\/\">Programa de Isen\u00e7\u00e3o de Vistos<\/a>. Desde 2023, os seus nacionais apenas t\u00eam acesso a um ESTA v\u00e1lido por 1 ano.<\/p>\n\n<h2 class=\"wp-block-heading\">Em que situa\u00e7\u00f5es \u00e9 que o per\u00edodo de validade do ESTA \u00e9 diferente?<\/h2>\n\n<p>Em determinadas situa\u00e7\u00f5es, a validade inicial de dois anos do ESTA ser\u00e1 reduzida.\nEis os principais casos: <\/p>\n\n<ul class=\"wp-block-list\">\n<li><strong>Passaporte caducado<\/strong>: A autoriza\u00e7\u00e3o ESTA do viajante \u00e9 anexada ao <a href=\"https:\/\/usa-gv.com\/pt-pt\/passaporte-para-os-eua\/\">passaporte utilizado para os EUA<\/a>. Quando o passaporte utilizado para obter o ESTA caduca, a autoriza\u00e7\u00e3o ESTA deixa de ser v\u00e1lida, mesmo que a sua data de validade inicial n\u00e3o tenha sido atingida;<\/li>\n\n\n\n<li><strong>Altera\u00e7\u00e3o das informa\u00e7\u00f5es pessoais<\/strong>: Se o titular de uma autoriza\u00e7\u00e3o de viagem ESTA mudar de nome, sexo ou nacionalidade durante o <a href=\"https:\/\/usa-gv.com\/pt-pt\/periodo-validade-esta\/\">per\u00edodo de validade de dois anos do ESTA<\/a>, a autoriza\u00e7\u00e3o deixa de ser v\u00e1lida. Os viajantes devem <a href=\"https:\/\/usa-gv.com\/pt-pt\/esta-renovacao\/\">renovar o seu ESTA<\/a>.<\/li>\n\n\n\n<li><strong>Mudan\u00e7a de situa\u00e7\u00e3o<\/strong>: No \u00e2mbito de um pedido ESTA, o viajante respondeu SIM ou N\u00c3O \u00e0s perguntas do formul\u00e1rio relativas ao seu estado de sa\u00fade e registo criminal.\nSe a sua situa\u00e7\u00e3o pessoal se alterou desde a obten\u00e7\u00e3o do ESTA, deve <a href=\"https:\/\/usa-gv.com\/pt-pt\/atualizacao-esta\/\">atualizar o seu ESTA<\/a>.\nSe as altera\u00e7\u00f5es \u00e0 sua situa\u00e7\u00e3o disserem respeito \u00e0s quest\u00f5es de responsabilidade constantes do formul\u00e1rio, ter\u00e1 de apresentar um novo pedido ESTA.  <\/li>\n<\/ul>\n\n<h2 class=\"wp-block-heading\">Como verificar a validade da sua ESTA<\/h2>\n\n<p>Para verificar o estado de uma autoriza\u00e7\u00e3o ESTA, visite o s\u00edtio <a href=\"https:\/\/usa-gv.com\/pt-pt\/sitio-web-oficial-esta\/\">Web oficial do ESTA<\/a>. Em seguida, basta clicar na liga\u00e7\u00e3o do menu: <strong>verificar o estado do seu ESTA<\/strong>.<\/p>\n\n<p>O formul\u00e1rio de verifica\u00e7\u00e3o requer : O n\u00famero do passaporte e a data de nascimento do titular do ESTA.\nEm seguida, \u00e9 necess\u00e1rio preencher a sua escolha de : <\/p>\n\n<ul class=\"wp-block-list\">\n<li>N\u00famero do pedido ESTA<\/li>\n\n\n\n<li>Ou o pa\u00eds de nacionalidade, a data de emiss\u00e3o e a data de validade do passaporte.<\/li>\n<\/ul>\n\n<div style=\"height:10px\" aria-hidden=\"true\" class=\"wp-block-spacer\"><\/div>\n\n<p>Ao introduzir esta informa\u00e7\u00e3o nos seus <a href=\"https:\/\/usa-gv.com\/pt-pt\/documentos-viagem-para-eua\/\">documentos de viagem pessoais<\/a>, pode obter o estado do seu pedido ESTA:  <\/p>\n\n<ul class=\"wp-block-list\">\n<li>Aprovado pelo ESTA ;<\/li>\n\n\n\n<li><a href=\"https:\/\/usa-gv.com\/pt-pt\/pedido-esta-pendente\/\">ESTA pendente<\/a>;<\/li>\n\n\n\n<li><a href=\"https:\/\/usa-gv.com\/pt-pt\/pedido-esta-recusado\/\">ESTA recusado<\/a>;<\/li>\n\n\n\n<li>O ESTA expirou.<\/li>\n<\/ul>\n\n<h2 class=\"wp-block-heading\">Imagem da p\u00e1gina em linha para verificar o seu ESTA<\/h2>\n\n<figure class=\"wp-block-image size-large\"><img decoding=\"async\" src=\"https:\/\/usa-gv.com\/wp-content\/uploads\/2024\/04\/verificar-esta-PT-1024x638.jpg\" alt=\"Verificar a validade da sua autoriza&#xE7;&#xE3;o ESTA\" class=\"wp-image-3670\"\/><figcaption class=\"wp-element-caption\">Formul\u00e1rio de verifica\u00e7\u00e3o do estatuto ESTA<\/figcaption><\/figure>\n","protected":false},"excerpt":{"rendered":"<p>Verificar a validade do seu certificado ESTA Antes de embarcarem para os Estados Unidos, os viajantes com um ESTA devem assegurar-se de que este \u00e9 v\u00e1lido. Uma autoriza\u00e7\u00e3o ESTA \u00e9 v\u00e1lida por um per\u00edodo fixo e pode tornar-se inv\u00e1lida em determinadas condi\u00e7\u00f5es. Para se candidatar em apenas alguns minutos, basta clicar no formul\u00e1rio ESTA em [&hellip;]<\/p>\n","protected":false},"author":1,"featured_media":0,"parent":0,"menu_order":0,"comment_status":"closed","ping_status":"closed","template":"","meta":{"footnotes":""},"class_list":["post-3057","page","type-page","status-publish","hentry"],"yoast_head":"<!-- This site is optimized with the Yoast SEO plugin v26.6 - https:\/\/yoast.com\/wordpress\/plugins\/seo\/ -->\n<title>Verificar a validade de uma ESTA em linha - USA-GV.COM<\/title>\n<meta name=\"description\" content=\"Como verificar a validade da sua autoriza\u00e7\u00e3o ESTA em linha em apenas alguns minutos antes de viajar para os Estados Unidos\" \/>\n<meta name=\"robots\" content=\"index, follow, max-snippet:-1, max-image-preview:large, max-video-preview:-1\" \/>\n<link rel=\"canonical\" href=\"https:\/\/usa-gv.com\/pt-pt\/verifique-validade-esta\/\" \/>\n<meta property=\"og:locale\" content=\"pt_PT\" \/>\n<meta property=\"og:type\" content=\"article\" \/>\n<meta property=\"og:title\" content=\"Verificar a validade de uma ESTA em linha - USA-GV.COM\" \/>\n<meta property=\"og:description\" content=\"Como verificar a validade da sua autoriza\u00e7\u00e3o ESTA em linha em apenas alguns minutos antes de viajar para os Estados Unidos\" \/>\n<meta property=\"og:url\" content=\"https:\/\/usa-gv.com\/pt-pt\/verifique-validade-esta\/\" \/>\n<meta property=\"og:site_name\" content=\"USA-GV.COM\" \/>\n<meta property=\"article:modified_time\" content=\"2025-02-25T11:53:40+00:00\" \/>\n<meta property=\"og:image\" content=\"https:\/\/usa-gv.com\/wp-content\/uploads\/2024\/04\/verificar-esta-PT-1024x638.jpg\" \/>\n<meta name=\"twitter:card\" content=\"summary_large_image\" \/>\n<meta name=\"twitter:label1\" content=\"Tempo estimado de leitura\" \/>\n\t<meta name=\"twitter:data1\" content=\"2 minutos\" \/>\n<script type=\"application\/ld+json\" class=\"yoast-schema-graph\">{\"@context\":\"https:\/\/schema.org\",\"@graph\":[{\"@type\":\"WebPage\",\"@id\":\"https:\/\/usa-gv.com\/pt-pt\/verifique-validade-esta\/\",\"url\":\"https:\/\/usa-gv.com\/pt-pt\/verifique-validade-esta\/\",\"name\":\"Verificar a validade de uma ESTA em linha - USA-GV.COM\",\"isPartOf\":{\"@id\":\"https:\/\/usa-gv.com\/pt-pt\/#website\"},\"primaryImageOfPage\":{\"@id\":\"https:\/\/usa-gv.com\/pt-pt\/verifique-validade-esta\/#primaryimage\"},\"image\":{\"@id\":\"https:\/\/usa-gv.com\/pt-pt\/verifique-validade-esta\/#primaryimage\"},\"thumbnailUrl\":\"https:\/\/usa-gv.com\/wp-content\/uploads\/2024\/04\/verificar-esta-PT-1024x638.jpg\",\"datePublished\":\"2024-03-12T20:12:59+00:00\",\"dateModified\":\"2025-02-25T11:53:40+00:00\",\"description\":\"Como verificar a validade da sua autoriza\u00e7\u00e3o ESTA em linha em apenas alguns minutos antes de viajar para os Estados Unidos\",\"breadcrumb\":{\"@id\":\"https:\/\/usa-gv.com\/pt-pt\/verifique-validade-esta\/#breadcrumb\"},\"inLanguage\":\"pt-PT\",\"potentialAction\":[{\"@type\":\"ReadAction\",\"target\":[\"https:\/\/usa-gv.com\/pt-pt\/verifique-validade-esta\/\"]}]},{\"@type\":\"ImageObject\",\"inLanguage\":\"pt-PT\",\"@id\":\"https:\/\/usa-gv.com\/pt-pt\/verifique-validade-esta\/#primaryimage\",\"url\":\"https:\/\/usa-gv.com\/wp-content\/uploads\/2024\/04\/verificar-esta-PT-1024x638.jpg\",\"contentUrl\":\"https:\/\/usa-gv.com\/wp-content\/uploads\/2024\/04\/verificar-esta-PT-1024x638.jpg\"},{\"@type\":\"BreadcrumbList\",\"@id\":\"https:\/\/usa-gv.com\/pt-pt\/verifique-validade-esta\/#breadcrumb\",\"itemListElement\":[{\"@type\":\"ListItem\",\"position\":1,\"name\":\"Home\",\"item\":\"https:\/\/usa-gv.com\/pt-pt\/guia-de-viagem-dos-eua\/\"},{\"@type\":\"ListItem\",\"position\":2,\"name\":\"Verificar a validade de uma ESTA em linha\"}]},{\"@type\":\"WebSite\",\"@id\":\"https:\/\/usa-gv.com\/pt-pt\/#website\",\"url\":\"https:\/\/usa-gv.com\/pt-pt\/\",\"name\":\"USA-GV.COM\",\"description\":\"\",\"potentialAction\":[{\"@type\":\"SearchAction\",\"target\":{\"@type\":\"EntryPoint\",\"urlTemplate\":\"https:\/\/usa-gv.com\/pt-pt\/?s={search_term_string}\"},\"query-input\":{\"@type\":\"PropertyValueSpecification\",\"valueRequired\":true,\"valueName\":\"search_term_string\"}}],\"inLanguage\":\"pt-PT\"}]}<\/script>\n<!-- \/ Yoast SEO plugin. -->","yoast_head_json":{"title":"Verificar a validade de uma ESTA em linha - USA-GV.COM","description":"Como verificar a validade da sua autoriza\u00e7\u00e3o ESTA em linha em apenas alguns minutos antes de viajar para os Estados Unidos","robots":{"index":"index","follow":"follow","max-snippet":"max-snippet:-1","max-image-preview":"max-image-preview:large","max-video-preview":"max-video-preview:-1"},"canonical":"https:\/\/usa-gv.com\/pt-pt\/verifique-validade-esta\/","og_locale":"pt_PT","og_type":"article","og_title":"Verificar a validade de uma ESTA em linha - USA-GV.COM","og_description":"Como verificar a validade da sua autoriza\u00e7\u00e3o ESTA em linha em apenas alguns minutos antes de viajar para os Estados Unidos","og_url":"https:\/\/usa-gv.com\/pt-pt\/verifique-validade-esta\/","og_site_name":"USA-GV.COM","article_modified_time":"2025-02-25T11:53:40+00:00","og_image":[{"url":"https:\/\/usa-gv.com\/wp-content\/uploads\/2024\/04\/verificar-esta-PT-1024x638.jpg","type":"","width":"","height":""}],"twitter_card":"summary_large_image","twitter_misc":{"Tempo estimado de leitura":"2 minutos"},"schema":{"@context":"https:\/\/schema.org","@graph":[{"@type":"WebPage","@id":"https:\/\/usa-gv.com\/pt-pt\/verifique-validade-esta\/","url":"https:\/\/usa-gv.com\/pt-pt\/verifique-validade-esta\/","name":"Verificar a validade de uma ESTA em linha - USA-GV.COM","isPartOf":{"@id":"https:\/\/usa-gv.com\/pt-pt\/#website"},"primaryImageOfPage":{"@id":"https:\/\/usa-gv.com\/pt-pt\/verifique-validade-esta\/#primaryimage"},"image":{"@id":"https:\/\/usa-gv.com\/pt-pt\/verifique-validade-esta\/#primaryimage"},"thumbnailUrl":"https:\/\/usa-gv.com\/wp-content\/uploads\/2024\/04\/verificar-esta-PT-1024x638.jpg","datePublished":"2024-03-12T20:12:59+00:00","dateModified":"2025-02-25T11:53:40+00:00","description":"Como verificar a validade da sua autoriza\u00e7\u00e3o ESTA em linha em apenas alguns minutos antes de viajar para os Estados Unidos","breadcrumb":{"@id":"https:\/\/usa-gv.com\/pt-pt\/verifique-validade-esta\/#breadcrumb"},"inLanguage":"pt-PT","potentialAction":[{"@type":"ReadAction","target":["https:\/\/usa-gv.com\/pt-pt\/verifique-validade-esta\/"]}]},{"@type":"ImageObject","inLanguage":"pt-PT","@id":"https:\/\/usa-gv.com\/pt-pt\/verifique-validade-esta\/#primaryimage","url":"https:\/\/usa-gv.com\/wp-content\/uploads\/2024\/04\/verificar-esta-PT-1024x638.jpg","contentUrl":"https:\/\/usa-gv.com\/wp-content\/uploads\/2024\/04\/verificar-esta-PT-1024x638.jpg"},{"@type":"BreadcrumbList","@id":"https:\/\/usa-gv.com\/pt-pt\/verifique-validade-esta\/#breadcrumb","itemListElement":[{"@type":"ListItem","position":1,"name":"Home","item":"https:\/\/usa-gv.com\/pt-pt\/guia-de-viagem-dos-eua\/"},{"@type":"ListItem","position":2,"name":"Verificar a validade de uma ESTA em linha"}]},{"@type":"WebSite","@id":"https:\/\/usa-gv.com\/pt-pt\/#website","url":"https:\/\/usa-gv.com\/pt-pt\/","name":"USA-GV.COM","description":"","potentialAction":[{"@type":"SearchAction","target":{"@type":"EntryPoint","urlTemplate":"https:\/\/usa-gv.com\/pt-pt\/?s={search_term_string}"},"query-input":{"@type":"PropertyValueSpecification","valueRequired":true,"valueName":"search_term_string"}}],"inLanguage":"pt-PT"}]}},"_links":{"self":[{"href":"https:\/\/usa-gv.com\/pt-pt\/wp-json\/wp\/v2\/pages\/3057","targetHints":{"allow":["GET"]}}],"collection":[{"href":"https:\/\/usa-gv.com\/pt-pt\/wp-json\/wp\/v2\/pages"}],"about":[{"href":"https:\/\/usa-gv.com\/pt-pt\/wp-json\/wp\/v2\/types\/page"}],"author":[{"embeddable":true,"href":"https:\/\/usa-gv.com\/pt-pt\/wp-json\/wp\/v2\/users\/1"}],"replies":[{"embeddable":true,"href":"https:\/\/usa-gv.com\/pt-pt\/wp-json\/wp\/v2\/comments?post=3057"}],"version-history":[{"count":1,"href":"https:\/\/usa-gv.com\/pt-pt\/wp-json\/wp\/v2\/pages\/3057\/revisions"}],"predecessor-version":[{"id":7723,"href":"https:\/\/usa-gv.com\/pt-pt\/wp-json\/wp\/v2\/pages\/3057\/revisions\/7723"}],"wp:attachment":[{"href":"https:\/\/usa-gv.com\/pt-pt\/wp-json\/wp\/v2\/media?parent=3057"}],"curies":[{"name":"wp","href":"https:\/\/api.w.org\/{rel}","templated":true}]}}