{"id":3039,"date":"2024-03-12T09:13:25","date_gmt":"2024-03-12T09:13:25","guid":{"rendered":"https:\/\/usa-gv.com\/preencha-formulario-esta-online\/"},"modified":"2025-02-25T11:53:17","modified_gmt":"2025-02-25T11:53:17","slug":"preencha-formulario-esta-online","status":"publish","type":"page","link":"https:\/\/usa-gv.com\/pt-pt\/preencha-formulario-esta-online\/","title":{"rendered":"Preencher o formul\u00e1rio ESTA em linha"},"content":{"rendered":"\n<h1 class=\"wp-block-heading\">Como preencher o seu formul\u00e1rio ESTA<\/h1>\n\n<p>Preencher corretamente o <a href=\"https:\/\/usa-gv.com\/pt-pt\/formulario-esta-em-linha\/\">formul\u00e1rio ESTA online<\/a> \u00e9 essencial para garantir que o teu pedido ESTA \u00e9 aprovado. O procedimento em linha inclui v\u00e1rias p\u00e1ginas de formul\u00e1rio nas quais podes preencher as seguintes informa\u00e7\u00f5es:<\/p>\n\n<ol class=\"wp-block-list\">\n<li>Informa\u00e7\u00f5es pessoais<\/li>\n\n\n\n<li>Contactos<\/li>\n\n\n\n<li>Informa\u00e7\u00f5es de viagem<\/li>\n\n\n\n<li>Responde a quest\u00f5es de seguran\u00e7a e de elegibilidade<\/li>\n\n\n\n<li>Verifica as informa\u00e7\u00f5es introduzidas e efectua o pagamento<\/li>\n<\/ol>\n\n<div style=\"height:10px\" aria-hidden=\"true\" class=\"wp-block-spacer\"><\/div>\n\n<p><strong>Para se candidatar agora<\/strong>, basta clicar no <a href=\"https:\/\/usa-gv.com\/pt-pt\/formulario-esta-em-linha\/\">formul\u00e1rio ESTA em linha<\/a>.<\/p>\n\n<div style=\"height:10px\" aria-hidden=\"true\" class=\"wp-block-spacer\"><\/div>\n\n<h2 class=\"wp-block-heading\">Etapas do formul\u00e1rio em linha<\/h2>\n\n<p><\/p>\n\n<figure class=\"wp-block-image size-full\"><img decoding=\"async\" src=\"https:\/\/usa-gv.com\/wp-content\/uploads\/2024\/06\/Processo-de-obtencao-de-ESTA-online-PT.jpg\" alt=\"Como preencher o formul&#xE1;rio ESTA\" class=\"wp-image-4483\"\/><figcaption class=\"wp-element-caption\">Procedimento para obter um ESTA  <\/figcaption><\/figure>\n","protected":false},"excerpt":{"rendered":"<p>Como preencher o seu formul\u00e1rio ESTA Preencher corretamente o formul\u00e1rio ESTA online \u00e9 essencial para garantir que o teu pedido ESTA \u00e9 aprovado. O procedimento em linha inclui v\u00e1rias p\u00e1ginas de formul\u00e1rio nas quais podes preencher as seguintes informa\u00e7\u00f5es: Para se candidatar agora, basta clicar no formul\u00e1rio ESTA em linha. Etapas do formul\u00e1rio em linha<\/p>\n","protected":false},"author":1,"featured_media":0,"parent":0,"menu_order":0,"comment_status":"closed","ping_status":"closed","template":"","meta":{"footnotes":""},"class_list":["post-3039","page","type-page","status-publish","hentry"],"yoast_head":"<!-- This site is optimized with the Yoast SEO plugin v26.6 - https:\/\/yoast.com\/wordpress\/plugins\/seo\/ -->\n<title>Preencher o formul\u00e1rio ESTA em linha - USA-GV.COM<\/title>\n<meta name=\"description\" content=\"Como preencher o formul\u00e1rio ESTA para obter uma autoriza\u00e7\u00e3o oficial de viagem para os Estados Unidos em apenas alguns minutos\" \/>\n<meta name=\"robots\" content=\"index, follow, max-snippet:-1, max-image-preview:large, max-video-preview:-1\" \/>\n<link rel=\"canonical\" href=\"https:\/\/usa-gv.com\/pt-pt\/preencha-formulario-esta-online\/\" \/>\n<meta property=\"og:locale\" content=\"pt_PT\" \/>\n<meta property=\"og:type\" content=\"article\" \/>\n<meta property=\"og:title\" content=\"Preencher o formul\u00e1rio ESTA em linha - USA-GV.COM\" \/>\n<meta property=\"og:description\" content=\"Como preencher o formul\u00e1rio ESTA para obter uma autoriza\u00e7\u00e3o oficial de viagem para os Estados Unidos em apenas alguns minutos\" \/>\n<meta property=\"og:url\" content=\"https:\/\/usa-gv.com\/pt-pt\/preencha-formulario-esta-online\/\" \/>\n<meta property=\"og:site_name\" content=\"USA-GV.COM\" \/>\n<meta property=\"article:modified_time\" content=\"2025-02-25T11:53:17+00:00\" \/>\n<meta property=\"og:image\" content=\"https:\/\/usa-gv.com\/wp-content\/uploads\/2024\/06\/Processo-de-obtencao-de-ESTA-online-PT.jpg\" \/>\n<meta name=\"twitter:card\" content=\"summary_large_image\" \/>\n<script type=\"application\/ld+json\" class=\"yoast-schema-graph\">{\"@context\":\"https:\/\/schema.org\",\"@graph\":[{\"@type\":\"WebPage\",\"@id\":\"https:\/\/usa-gv.com\/pt-pt\/preencha-formulario-esta-online\/\",\"url\":\"https:\/\/usa-gv.com\/pt-pt\/preencha-formulario-esta-online\/\",\"name\":\"Preencher o formul\u00e1rio ESTA em linha - USA-GV.COM\",\"isPartOf\":{\"@id\":\"https:\/\/usa-gv.com\/pt-pt\/#website\"},\"primaryImageOfPage\":{\"@id\":\"https:\/\/usa-gv.com\/pt-pt\/preencha-formulario-esta-online\/#primaryimage\"},\"image\":{\"@id\":\"https:\/\/usa-gv.com\/pt-pt\/preencha-formulario-esta-online\/#primaryimage\"},\"thumbnailUrl\":\"https:\/\/usa-gv.com\/wp-content\/uploads\/2024\/06\/Processo-de-obtencao-de-ESTA-online-PT.jpg\",\"datePublished\":\"2024-03-12T09:13:25+00:00\",\"dateModified\":\"2025-02-25T11:53:17+00:00\",\"description\":\"Como preencher o formul\u00e1rio ESTA para obter uma autoriza\u00e7\u00e3o oficial de viagem para os Estados Unidos em apenas alguns minutos\",\"breadcrumb\":{\"@id\":\"https:\/\/usa-gv.com\/pt-pt\/preencha-formulario-esta-online\/#breadcrumb\"},\"inLanguage\":\"pt-PT\",\"potentialAction\":[{\"@type\":\"ReadAction\",\"target\":[\"https:\/\/usa-gv.com\/pt-pt\/preencha-formulario-esta-online\/\"]}]},{\"@type\":\"ImageObject\",\"inLanguage\":\"pt-PT\",\"@id\":\"https:\/\/usa-gv.com\/pt-pt\/preencha-formulario-esta-online\/#primaryimage\",\"url\":\"https:\/\/usa-gv.com\/wp-content\/uploads\/2024\/06\/Processo-de-obtencao-de-ESTA-online-PT.jpg\",\"contentUrl\":\"https:\/\/usa-gv.com\/wp-content\/uploads\/2024\/06\/Processo-de-obtencao-de-ESTA-online-PT.jpg\"},{\"@type\":\"BreadcrumbList\",\"@id\":\"https:\/\/usa-gv.com\/pt-pt\/preencha-formulario-esta-online\/#breadcrumb\",\"itemListElement\":[{\"@type\":\"ListItem\",\"position\":1,\"name\":\"Home\",\"item\":\"https:\/\/usa-gv.com\/pt-pt\/guia-de-viagem-dos-eua\/\"},{\"@type\":\"ListItem\",\"position\":2,\"name\":\"Preencher o formul\u00e1rio ESTA em linha\"}]},{\"@type\":\"WebSite\",\"@id\":\"https:\/\/usa-gv.com\/pt-pt\/#website\",\"url\":\"https:\/\/usa-gv.com\/pt-pt\/\",\"name\":\"USA-GV.COM\",\"description\":\"\",\"potentialAction\":[{\"@type\":\"SearchAction\",\"target\":{\"@type\":\"EntryPoint\",\"urlTemplate\":\"https:\/\/usa-gv.com\/pt-pt\/?s={search_term_string}\"},\"query-input\":{\"@type\":\"PropertyValueSpecification\",\"valueRequired\":true,\"valueName\":\"search_term_string\"}}],\"inLanguage\":\"pt-PT\"}]}<\/script>\n<!-- \/ Yoast SEO plugin. -->","yoast_head_json":{"title":"Preencher o formul\u00e1rio ESTA em linha - USA-GV.COM","description":"Como preencher o formul\u00e1rio ESTA para obter uma autoriza\u00e7\u00e3o oficial de viagem para os Estados Unidos em apenas alguns minutos","robots":{"index":"index","follow":"follow","max-snippet":"max-snippet:-1","max-image-preview":"max-image-preview:large","max-video-preview":"max-video-preview:-1"},"canonical":"https:\/\/usa-gv.com\/pt-pt\/preencha-formulario-esta-online\/","og_locale":"pt_PT","og_type":"article","og_title":"Preencher o formul\u00e1rio ESTA em linha - USA-GV.COM","og_description":"Como preencher o formul\u00e1rio ESTA para obter uma autoriza\u00e7\u00e3o oficial de viagem para os Estados Unidos em apenas alguns minutos","og_url":"https:\/\/usa-gv.com\/pt-pt\/preencha-formulario-esta-online\/","og_site_name":"USA-GV.COM","article_modified_time":"2025-02-25T11:53:17+00:00","og_image":[{"url":"https:\/\/usa-gv.com\/wp-content\/uploads\/2024\/06\/Processo-de-obtencao-de-ESTA-online-PT.jpg","type":"","width":"","height":""}],"twitter_card":"summary_large_image","schema":{"@context":"https:\/\/schema.org","@graph":[{"@type":"WebPage","@id":"https:\/\/usa-gv.com\/pt-pt\/preencha-formulario-esta-online\/","url":"https:\/\/usa-gv.com\/pt-pt\/preencha-formulario-esta-online\/","name":"Preencher o formul\u00e1rio ESTA em linha - USA-GV.COM","isPartOf":{"@id":"https:\/\/usa-gv.com\/pt-pt\/#website"},"primaryImageOfPage":{"@id":"https:\/\/usa-gv.com\/pt-pt\/preencha-formulario-esta-online\/#primaryimage"},"image":{"@id":"https:\/\/usa-gv.com\/pt-pt\/preencha-formulario-esta-online\/#primaryimage"},"thumbnailUrl":"https:\/\/usa-gv.com\/wp-content\/uploads\/2024\/06\/Processo-de-obtencao-de-ESTA-online-PT.jpg","datePublished":"2024-03-12T09:13:25+00:00","dateModified":"2025-02-25T11:53:17+00:00","description":"Como preencher o formul\u00e1rio ESTA para obter uma autoriza\u00e7\u00e3o oficial de viagem para os Estados Unidos em apenas alguns minutos","breadcrumb":{"@id":"https:\/\/usa-gv.com\/pt-pt\/preencha-formulario-esta-online\/#breadcrumb"},"inLanguage":"pt-PT","potentialAction":[{"@type":"ReadAction","target":["https:\/\/usa-gv.com\/pt-pt\/preencha-formulario-esta-online\/"]}]},{"@type":"ImageObject","inLanguage":"pt-PT","@id":"https:\/\/usa-gv.com\/pt-pt\/preencha-formulario-esta-online\/#primaryimage","url":"https:\/\/usa-gv.com\/wp-content\/uploads\/2024\/06\/Processo-de-obtencao-de-ESTA-online-PT.jpg","contentUrl":"https:\/\/usa-gv.com\/wp-content\/uploads\/2024\/06\/Processo-de-obtencao-de-ESTA-online-PT.jpg"},{"@type":"BreadcrumbList","@id":"https:\/\/usa-gv.com\/pt-pt\/preencha-formulario-esta-online\/#breadcrumb","itemListElement":[{"@type":"ListItem","position":1,"name":"Home","item":"https:\/\/usa-gv.com\/pt-pt\/guia-de-viagem-dos-eua\/"},{"@type":"ListItem","position":2,"name":"Preencher o formul\u00e1rio ESTA em linha"}]},{"@type":"WebSite","@id":"https:\/\/usa-gv.com\/pt-pt\/#website","url":"https:\/\/usa-gv.com\/pt-pt\/","name":"USA-GV.COM","description":"","potentialAction":[{"@type":"SearchAction","target":{"@type":"EntryPoint","urlTemplate":"https:\/\/usa-gv.com\/pt-pt\/?s={search_term_string}"},"query-input":{"@type":"PropertyValueSpecification","valueRequired":true,"valueName":"search_term_string"}}],"inLanguage":"pt-PT"}]}},"_links":{"self":[{"href":"https:\/\/usa-gv.com\/pt-pt\/wp-json\/wp\/v2\/pages\/3039","targetHints":{"allow":["GET"]}}],"collection":[{"href":"https:\/\/usa-gv.com\/pt-pt\/wp-json\/wp\/v2\/pages"}],"about":[{"href":"https:\/\/usa-gv.com\/pt-pt\/wp-json\/wp\/v2\/types\/page"}],"author":[{"embeddable":true,"href":"https:\/\/usa-gv.com\/pt-pt\/wp-json\/wp\/v2\/users\/1"}],"replies":[{"embeddable":true,"href":"https:\/\/usa-gv.com\/pt-pt\/wp-json\/wp\/v2\/comments?post=3039"}],"version-history":[{"count":1,"href":"https:\/\/usa-gv.com\/pt-pt\/wp-json\/wp\/v2\/pages\/3039\/revisions"}],"predecessor-version":[{"id":7712,"href":"https:\/\/usa-gv.com\/pt-pt\/wp-json\/wp\/v2\/pages\/3039\/revisions\/7712"}],"wp:attachment":[{"href":"https:\/\/usa-gv.com\/pt-pt\/wp-json\/wp\/v2\/media?parent=3039"}],"curies":[{"name":"wp","href":"https:\/\/api.w.org\/{rel}","templated":true}]}}