{"id":3021,"date":"2024-03-12T09:20:03","date_gmt":"2024-03-12T09:20:03","guid":{"rendered":"https:\/\/usa-gv.com\/preco-esta-eua\/"},"modified":"2025-02-25T11:53:08","modified_gmt":"2025-02-25T11:53:08","slug":"preco-esta-eua","status":"publish","type":"page","link":"https:\/\/usa-gv.com\/pt-pt\/preco-esta-eua\/","title":{"rendered":"Quanto custa a autoriza\u00e7\u00e3o ESTA?"},"content":{"rendered":"\n<h1 class=\"wp-block-heading\">Quanto custa o ESTA?<\/h1>\n\n<p>Para obter a autoriza\u00e7\u00e3o ESTA, os requerentes devem preencher o <a href=\"https:\/\/usa-gv.com\/pt-pt\/formulario-esta-em-linha\/\">formul\u00e1rio ESTA em linha<\/a>. No final do processo em linha, os requerentes devem <a href=\"https:\/\/usa-gv.com\/pt-pt\/como-pagar-um-esta\/\">pagar a taxa ESTA<\/a> para validar o seu pedido.<\/p>\n\n<h2 class=\"wp-block-heading\">Quanto custa uma autoriza\u00e7\u00e3o ESTA?<\/h2>\n\n<p>As taxas administrativas para os <a href=\"https:\/\/usa-gv.com\/pt-pt\/como-solicitar-esta\/\">pedidos ESTA<\/a> aumentaram v\u00e1rias vezes desde que o <a href=\"https:\/\/usa-gv.com\/pt-pt\/visa-waiver-program-eua\/\">Programa de Isen\u00e7\u00e3o de Vistos<\/a> foi lan\u00e7ado em 2009. Desde maio de 2022, a taxa a pagar \u00e9 de 21 d\u00f3lares americanos no <a href=\"https:\/\/usa-gv.com\/pt-pt\/sitio-web-oficial-esta\/\">s\u00edtio Web oficial do ESTA<\/a>. Por isso, n\u00e3o existe uma autoriza\u00e7\u00e3o <a href=\"https:\/\/usa-gv.com\/pt-pt\/esta-gratuita\/\">ESTA gratuita<\/a>.<\/p>\n\n<h2 class=\"wp-block-heading\">O que \u00e9 que o pre\u00e7o do ESTA inclui?<\/h2>\n\n<p>A taxa paga pelos viajantes estrangeiros para <a href=\"https:\/\/usa-gv.com\/pt-pt\/como-obter-esta\/\">obterem um ESTA<\/a> \u00e9 utilizada para financiar dois or\u00e7amentos do Departamento de Estado dos EUA:<\/p>\n\n<ul class=\"wp-block-list\">\n<li>O custo de gest\u00e3o do sistema eletr\u00f3nico e das equipas que gerem o ESTA;<\/li>\n\n\n\n<li>Investimento na promo\u00e7\u00e3o do turismo nos Estados Unidos.<\/li>\n<\/ul>\n\n<div style=\"height:10px\" aria-hidden=\"true\" class=\"wp-block-spacer\"><\/div>\n\n<h2 class=\"wp-block-heading\">Como \u00e9 que pago as taxas ESTA?<\/h2>\n\n<p>O pagamento da autoriza\u00e7\u00e3o ESTA s\u00f3 pode ser efectuado em linha por cart\u00e3o de cr\u00e9dito.\nS\u00e3o aceites v\u00e1rios tipos de cart\u00f5es de pagamento para pagamento: Visa, MasterCard, American Express, Discover, Diner&#8217;s Club, Maestro ou JCB. <\/p>\n\n<h2 class=\"wp-block-heading\">P\u00e1gina de pagamento em linha da autoriza\u00e7\u00e3o ESTA<\/h2>\n\n<figure class=\"wp-block-image size-large\"><img decoding=\"async\" src=\"https:\/\/usa-gv.com\/wp-content\/uploads\/2024\/04\/pagamento-esta-PT-1024x737.jpg\" alt=\"P&#xE1;gina de pagamento em linha do ESTA\" class=\"wp-image-3375\"\/><figcaption class=\"wp-element-caption\">Fotografia da p\u00e1gina de pagamento do ESTA<\/figcaption><\/figure>\n","protected":false},"excerpt":{"rendered":"<p>Quanto custa o ESTA? Para obter a autoriza\u00e7\u00e3o ESTA, os requerentes devem preencher o formul\u00e1rio ESTA em linha. No final do processo em linha, os requerentes devem pagar a taxa ESTA para validar o seu pedido. Quanto custa uma autoriza\u00e7\u00e3o ESTA? As taxas administrativas para os pedidos ESTA aumentaram v\u00e1rias vezes desde que o Programa [&hellip;]<\/p>\n","protected":false},"author":1,"featured_media":0,"parent":0,"menu_order":0,"comment_status":"closed","ping_status":"closed","template":"","meta":{"footnotes":""},"class_list":["post-3021","page","type-page","status-publish","hentry"],"yoast_head":"<!-- This site is optimized with the Yoast SEO plugin v26.6 - https:\/\/yoast.com\/wordpress\/plugins\/seo\/ -->\n<title>Quanto custa a autoriza\u00e7\u00e3o ESTA? - USA-GV.COM<\/title>\n<meta name=\"description\" content=\"Quanto custa validar um pedido ESTA em linha para os Estados Unidos?\" \/>\n<meta name=\"robots\" content=\"index, follow, max-snippet:-1, max-image-preview:large, max-video-preview:-1\" \/>\n<link rel=\"canonical\" href=\"https:\/\/usa-gv.com\/pt-pt\/preco-esta-eua\/\" \/>\n<meta property=\"og:locale\" content=\"pt_PT\" \/>\n<meta property=\"og:type\" content=\"article\" \/>\n<meta property=\"og:title\" content=\"Quanto custa a autoriza\u00e7\u00e3o ESTA? - USA-GV.COM\" \/>\n<meta property=\"og:description\" content=\"Quanto custa validar um pedido ESTA em linha para os Estados Unidos?\" \/>\n<meta property=\"og:url\" content=\"https:\/\/usa-gv.com\/pt-pt\/preco-esta-eua\/\" \/>\n<meta property=\"og:site_name\" content=\"USA-GV.COM\" \/>\n<meta property=\"article:modified_time\" content=\"2025-02-25T11:53:08+00:00\" \/>\n<meta property=\"og:image\" content=\"https:\/\/usa-gv.com\/wp-content\/uploads\/2024\/04\/pagamento-esta-PT-1024x737.jpg\" \/>\n<meta name=\"twitter:card\" content=\"summary_large_image\" \/>\n<meta name=\"twitter:label1\" content=\"Tempo estimado de leitura\" \/>\n\t<meta name=\"twitter:data1\" content=\"1 minuto\" \/>\n<script type=\"application\/ld+json\" class=\"yoast-schema-graph\">{\"@context\":\"https:\/\/schema.org\",\"@graph\":[{\"@type\":\"WebPage\",\"@id\":\"https:\/\/usa-gv.com\/pt-pt\/preco-esta-eua\/\",\"url\":\"https:\/\/usa-gv.com\/pt-pt\/preco-esta-eua\/\",\"name\":\"Quanto custa a autoriza\u00e7\u00e3o ESTA? - USA-GV.COM\",\"isPartOf\":{\"@id\":\"https:\/\/usa-gv.com\/pt-pt\/#website\"},\"primaryImageOfPage\":{\"@id\":\"https:\/\/usa-gv.com\/pt-pt\/preco-esta-eua\/#primaryimage\"},\"image\":{\"@id\":\"https:\/\/usa-gv.com\/pt-pt\/preco-esta-eua\/#primaryimage\"},\"thumbnailUrl\":\"https:\/\/usa-gv.com\/wp-content\/uploads\/2024\/04\/pagamento-esta-PT-1024x737.jpg\",\"datePublished\":\"2024-03-12T09:20:03+00:00\",\"dateModified\":\"2025-02-25T11:53:08+00:00\",\"description\":\"Quanto custa validar um pedido ESTA em linha para os Estados Unidos?\",\"breadcrumb\":{\"@id\":\"https:\/\/usa-gv.com\/pt-pt\/preco-esta-eua\/#breadcrumb\"},\"inLanguage\":\"pt-PT\",\"potentialAction\":[{\"@type\":\"ReadAction\",\"target\":[\"https:\/\/usa-gv.com\/pt-pt\/preco-esta-eua\/\"]}]},{\"@type\":\"ImageObject\",\"inLanguage\":\"pt-PT\",\"@id\":\"https:\/\/usa-gv.com\/pt-pt\/preco-esta-eua\/#primaryimage\",\"url\":\"https:\/\/usa-gv.com\/wp-content\/uploads\/2024\/04\/pagamento-esta-PT-1024x737.jpg\",\"contentUrl\":\"https:\/\/usa-gv.com\/wp-content\/uploads\/2024\/04\/pagamento-esta-PT-1024x737.jpg\"},{\"@type\":\"BreadcrumbList\",\"@id\":\"https:\/\/usa-gv.com\/pt-pt\/preco-esta-eua\/#breadcrumb\",\"itemListElement\":[{\"@type\":\"ListItem\",\"position\":1,\"name\":\"Home\",\"item\":\"https:\/\/usa-gv.com\/pt-pt\/guia-de-viagem-dos-eua\/\"},{\"@type\":\"ListItem\",\"position\":2,\"name\":\"Quanto custa a autoriza\u00e7\u00e3o ESTA?\"}]},{\"@type\":\"WebSite\",\"@id\":\"https:\/\/usa-gv.com\/pt-pt\/#website\",\"url\":\"https:\/\/usa-gv.com\/pt-pt\/\",\"name\":\"USA-GV.COM\",\"description\":\"\",\"potentialAction\":[{\"@type\":\"SearchAction\",\"target\":{\"@type\":\"EntryPoint\",\"urlTemplate\":\"https:\/\/usa-gv.com\/pt-pt\/?s={search_term_string}\"},\"query-input\":{\"@type\":\"PropertyValueSpecification\",\"valueRequired\":true,\"valueName\":\"search_term_string\"}}],\"inLanguage\":\"pt-PT\"}]}<\/script>\n<!-- \/ Yoast SEO plugin. -->","yoast_head_json":{"title":"Quanto custa a autoriza\u00e7\u00e3o ESTA? - USA-GV.COM","description":"Quanto custa validar um pedido ESTA em linha para os Estados Unidos?","robots":{"index":"index","follow":"follow","max-snippet":"max-snippet:-1","max-image-preview":"max-image-preview:large","max-video-preview":"max-video-preview:-1"},"canonical":"https:\/\/usa-gv.com\/pt-pt\/preco-esta-eua\/","og_locale":"pt_PT","og_type":"article","og_title":"Quanto custa a autoriza\u00e7\u00e3o ESTA? - USA-GV.COM","og_description":"Quanto custa validar um pedido ESTA em linha para os Estados Unidos?","og_url":"https:\/\/usa-gv.com\/pt-pt\/preco-esta-eua\/","og_site_name":"USA-GV.COM","article_modified_time":"2025-02-25T11:53:08+00:00","og_image":[{"url":"https:\/\/usa-gv.com\/wp-content\/uploads\/2024\/04\/pagamento-esta-PT-1024x737.jpg","type":"","width":"","height":""}],"twitter_card":"summary_large_image","twitter_misc":{"Tempo estimado de leitura":"1 minuto"},"schema":{"@context":"https:\/\/schema.org","@graph":[{"@type":"WebPage","@id":"https:\/\/usa-gv.com\/pt-pt\/preco-esta-eua\/","url":"https:\/\/usa-gv.com\/pt-pt\/preco-esta-eua\/","name":"Quanto custa a autoriza\u00e7\u00e3o ESTA? - USA-GV.COM","isPartOf":{"@id":"https:\/\/usa-gv.com\/pt-pt\/#website"},"primaryImageOfPage":{"@id":"https:\/\/usa-gv.com\/pt-pt\/preco-esta-eua\/#primaryimage"},"image":{"@id":"https:\/\/usa-gv.com\/pt-pt\/preco-esta-eua\/#primaryimage"},"thumbnailUrl":"https:\/\/usa-gv.com\/wp-content\/uploads\/2024\/04\/pagamento-esta-PT-1024x737.jpg","datePublished":"2024-03-12T09:20:03+00:00","dateModified":"2025-02-25T11:53:08+00:00","description":"Quanto custa validar um pedido ESTA em linha para os Estados Unidos?","breadcrumb":{"@id":"https:\/\/usa-gv.com\/pt-pt\/preco-esta-eua\/#breadcrumb"},"inLanguage":"pt-PT","potentialAction":[{"@type":"ReadAction","target":["https:\/\/usa-gv.com\/pt-pt\/preco-esta-eua\/"]}]},{"@type":"ImageObject","inLanguage":"pt-PT","@id":"https:\/\/usa-gv.com\/pt-pt\/preco-esta-eua\/#primaryimage","url":"https:\/\/usa-gv.com\/wp-content\/uploads\/2024\/04\/pagamento-esta-PT-1024x737.jpg","contentUrl":"https:\/\/usa-gv.com\/wp-content\/uploads\/2024\/04\/pagamento-esta-PT-1024x737.jpg"},{"@type":"BreadcrumbList","@id":"https:\/\/usa-gv.com\/pt-pt\/preco-esta-eua\/#breadcrumb","itemListElement":[{"@type":"ListItem","position":1,"name":"Home","item":"https:\/\/usa-gv.com\/pt-pt\/guia-de-viagem-dos-eua\/"},{"@type":"ListItem","position":2,"name":"Quanto custa a autoriza\u00e7\u00e3o ESTA?"}]},{"@type":"WebSite","@id":"https:\/\/usa-gv.com\/pt-pt\/#website","url":"https:\/\/usa-gv.com\/pt-pt\/","name":"USA-GV.COM","description":"","potentialAction":[{"@type":"SearchAction","target":{"@type":"EntryPoint","urlTemplate":"https:\/\/usa-gv.com\/pt-pt\/?s={search_term_string}"},"query-input":{"@type":"PropertyValueSpecification","valueRequired":true,"valueName":"search_term_string"}}],"inLanguage":"pt-PT"}]}},"_links":{"self":[{"href":"https:\/\/usa-gv.com\/pt-pt\/wp-json\/wp\/v2\/pages\/3021","targetHints":{"allow":["GET"]}}],"collection":[{"href":"https:\/\/usa-gv.com\/pt-pt\/wp-json\/wp\/v2\/pages"}],"about":[{"href":"https:\/\/usa-gv.com\/pt-pt\/wp-json\/wp\/v2\/types\/page"}],"author":[{"embeddable":true,"href":"https:\/\/usa-gv.com\/pt-pt\/wp-json\/wp\/v2\/users\/1"}],"replies":[{"embeddable":true,"href":"https:\/\/usa-gv.com\/pt-pt\/wp-json\/wp\/v2\/comments?post=3021"}],"version-history":[{"count":1,"href":"https:\/\/usa-gv.com\/pt-pt\/wp-json\/wp\/v2\/pages\/3021\/revisions"}],"predecessor-version":[{"id":7701,"href":"https:\/\/usa-gv.com\/pt-pt\/wp-json\/wp\/v2\/pages\/3021\/revisions\/7701"}],"wp:attachment":[{"href":"https:\/\/usa-gv.com\/pt-pt\/wp-json\/wp\/v2\/media?parent=3021"}],"curies":[{"name":"wp","href":"https:\/\/api.w.org\/{rel}","templated":true}]}}