{"id":3003,"date":"2024-03-19T10:22:32","date_gmt":"2024-03-19T10:22:32","guid":{"rendered":"https:\/\/usa-gv.com\/pedido-esta-recusado\/"},"modified":"2025-02-25T11:53:02","modified_gmt":"2025-02-25T11:53:02","slug":"pedido-esta-recusado","status":"publish","type":"page","link":"https:\/\/usa-gv.com\/pt-pt\/pedido-esta-recusado\/","title":{"rendered":"O que fazer se o seu pedido ESTA for recusado"},"content":{"rendered":"\n<h1 class=\"wp-block-heading\">O seu pedido ESTA foi recusado<\/h1>\n\n<p>Para viajar para os Estados Unidos ao abrigo do Programa de Isen\u00e7\u00e3o de Vistos, \u00e9 necess\u00e1rio obter uma autoriza\u00e7\u00e3o eletr\u00f3nica de viagem ESTA.\nEmbora a maioria dos pedidos seja aprovada, alguns ESTAs s\u00e3o recusados. <\/p>\n\n<h2 class=\"wp-block-heading\">Compreender os motivos de recusa<\/h2>\n\n<p>O primeiro passo \u00e9 perceber porque \u00e9 que o teu pedido ESTA foi recusado.\nAs raz\u00f5es mais comuns s\u00e3o : <\/p>\n\n<ul class=\"wp-block-list\">\n<li><strong>Informa\u00e7\u00f5es incorrectas ou incompletas<\/strong>: Um erro no <a href=\"https:\/\/usa-gv.com\/pt-pt\/preencha-formulario-esta-online\/\">preenchimento do formul\u00e1rio ESTA<\/a>, como um n\u00famero de passaporte incorreto ou um erro de digita\u00e7\u00e3o no nome.<\/li>\n\n\n\n<li><strong>Hist\u00f3rico criminal ou preocupa\u00e7\u00f5es com a seguran\u00e7a<\/strong>: As respostas afirmativas \u00e0s perguntas sobre hist\u00f3rico criminal ou preocupa\u00e7\u00f5es com a seguran\u00e7a n\u00e3o cumprem os <a href=\"https:\/\/usa-gv.com\/pt-pt\/regras-de-elegibilidade-para-esta\/\">requisitos de elegibilidade do ESTA<\/a>.<\/li>\n\n\n\n<li><strong>Viagens anteriores<\/strong>: Exceder a dura\u00e7\u00e3o da estada autorizada durante viagens anteriores aos Estados Unidos ou visitas a pa\u00edses sens\u00edveis como o Ir\u00e3o, o Iraque, a L\u00edbia, a Coreia do Norte, a Som\u00e1lia, o Sud\u00e3o, a S\u00edria ou o I\u00e9men ap\u00f3s 1 de mar\u00e7o de 2011.<\/li>\n<\/ul>\n\n<div style=\"height:10px\" aria-hidden=\"true\" class=\"wp-block-spacer\"><\/div>\n\n<h2 class=\"wp-block-heading\">Medidas a tomar ap\u00f3s uma recusa<\/h2>\n\n<p>Se o teu pedido ESTA for recusado, segue estes passos:<\/p>\n\n<ul class=\"wp-block-list\">\n<li>Verifica e corrige as informa\u00e7\u00f5es introduzidas para detetar eventuais erros.\nCorrige todas as informa\u00e7\u00f5es incorrectas e assegura que todos os campos s\u00e3o preenchidos com exatid\u00e3o. <\/li>\n\n\n\n<li>Aguarda 10 dias antes de apresentares um novo pedido.\nCertifica-te de que todas as informa\u00e7\u00f5es est\u00e3o correctas e actualizadas. <a href=\"https:\/\/usa-gv.com\/pt-pt\/como-pagar-um-esta\/\">Paga novamente a taxa ESTA<\/a>. <\/li>\n<\/ul>\n\n<div style=\"height:10px\" aria-hidden=\"true\" class=\"wp-block-spacer\"><\/div>\n\n<p>Se o teu pedido ESTA for novamente rejeitado, podes requerer um <a href=\"https:\/\/usa-gv.com\/pt-pt\/visto-turista-eua\/\">visto americano<\/a> numa embaixada americana. O processo de pedido de visto \u00e9 mais longo e mais caro, mas constitui uma alternativa fi\u00e1vel para viajar para os Estados Unidos. Prepara-te para apresentar documentos adicionais, tais como provas de liga\u00e7\u00f5es com o teu pa\u00eds de origem, extractos banc\u00e1rios e uma carta de convite, se necess\u00e1rio.<\/p>\n\n<p>Em caso de recusa persistente, pode ser \u00fatil consultar um perito em imigra\u00e7\u00e3o ou um advogado especializado.<br\/>Um profissional pode ajudar-te a compreender os motivos da recusa e a preparar um pedido de visto s\u00f3lido.<\/p>\n\n<h2 class=\"wp-block-heading\">Dicas para evitar a rejei\u00e7\u00e3o<\/h2>\n\n<p>Para minimizar o risco de o teu pedido ESTA ser rejeitado, segue estes conselhos:<\/p>\n\n<ul class=\"wp-block-list\">\n<li>Antes de apresentares a tua candidatura, rev\u00ea todas as informa\u00e7\u00f5es para evitares erros.<\/li>\n\n\n\n<li>Responde honestamente \u00e0s perguntas sobre seguran\u00e7a e antecedentes.\nQualquer declara\u00e7\u00e3o falsa pode dar origem a uma recusa. <\/li>\n\n\n\n<li>N\u00e3o esperes at\u00e9 ao \u00faltimo minuto para apresentar a tua candidatura.\nSe fores recusado, ter\u00e1s tempo para pedir um visto. <\/li>\n<\/ul>\n\n<div style=\"height:10px\" aria-hidden=\"true\" class=\"wp-block-spacer\"><\/div>\n","protected":false},"excerpt":{"rendered":"<p>O seu pedido ESTA foi recusado Para viajar para os Estados Unidos ao abrigo do Programa de Isen\u00e7\u00e3o de Vistos, \u00e9 necess\u00e1rio obter uma autoriza\u00e7\u00e3o eletr\u00f3nica de viagem ESTA. Embora a maioria dos pedidos seja aprovada, alguns ESTAs s\u00e3o recusados. Compreender os motivos de recusa O primeiro passo \u00e9 perceber porque \u00e9 que o teu [&hellip;]<\/p>\n","protected":false},"author":1,"featured_media":0,"parent":0,"menu_order":0,"comment_status":"closed","ping_status":"closed","template":"","meta":{"footnotes":""},"class_list":["post-3003","page","type-page","status-publish","hentry"],"yoast_head":"<!-- This site is optimized with the Yoast SEO plugin v26.6 - https:\/\/yoast.com\/wordpress\/plugins\/seo\/ -->\n<title>O que fazer se o seu pedido ESTA for recusado - USA-GV.COM<\/title>\n<meta name=\"description\" content=\"A recusa de um pedido ESTA em linha n\u00e3o significa que n\u00e3o possa viajar para os Estados Unidos. Descubra as nossas solu\u00e7\u00f5es\" \/>\n<meta name=\"robots\" content=\"index, follow, max-snippet:-1, max-image-preview:large, max-video-preview:-1\" \/>\n<link rel=\"canonical\" href=\"https:\/\/usa-gv.com\/pt-pt\/pedido-esta-recusado\/\" \/>\n<meta property=\"og:locale\" content=\"pt_PT\" \/>\n<meta property=\"og:type\" content=\"article\" \/>\n<meta property=\"og:title\" content=\"O que fazer se o seu pedido ESTA for recusado - USA-GV.COM\" \/>\n<meta property=\"og:description\" content=\"A recusa de um pedido ESTA em linha n\u00e3o significa que n\u00e3o possa viajar para os Estados Unidos. Descubra as nossas solu\u00e7\u00f5es\" \/>\n<meta property=\"og:url\" content=\"https:\/\/usa-gv.com\/pt-pt\/pedido-esta-recusado\/\" \/>\n<meta property=\"og:site_name\" content=\"USA-GV.COM\" \/>\n<meta property=\"article:modified_time\" content=\"2025-02-25T11:53:02+00:00\" \/>\n<meta name=\"twitter:card\" content=\"summary_large_image\" \/>\n<meta name=\"twitter:label1\" content=\"Tempo estimado de leitura\" \/>\n\t<meta name=\"twitter:data1\" content=\"2 minutos\" \/>\n<script type=\"application\/ld+json\" class=\"yoast-schema-graph\">{\"@context\":\"https:\/\/schema.org\",\"@graph\":[{\"@type\":\"WebPage\",\"@id\":\"https:\/\/usa-gv.com\/pt-pt\/pedido-esta-recusado\/\",\"url\":\"https:\/\/usa-gv.com\/pt-pt\/pedido-esta-recusado\/\",\"name\":\"O que fazer se o seu pedido ESTA for recusado - USA-GV.COM\",\"isPartOf\":{\"@id\":\"https:\/\/usa-gv.com\/pt-pt\/#website\"},\"datePublished\":\"2024-03-19T10:22:32+00:00\",\"dateModified\":\"2025-02-25T11:53:02+00:00\",\"description\":\"A recusa de um pedido ESTA em linha n\u00e3o significa que n\u00e3o possa viajar para os Estados Unidos. Descubra as nossas solu\u00e7\u00f5es\",\"breadcrumb\":{\"@id\":\"https:\/\/usa-gv.com\/pt-pt\/pedido-esta-recusado\/#breadcrumb\"},\"inLanguage\":\"pt-PT\",\"potentialAction\":[{\"@type\":\"ReadAction\",\"target\":[\"https:\/\/usa-gv.com\/pt-pt\/pedido-esta-recusado\/\"]}]},{\"@type\":\"BreadcrumbList\",\"@id\":\"https:\/\/usa-gv.com\/pt-pt\/pedido-esta-recusado\/#breadcrumb\",\"itemListElement\":[{\"@type\":\"ListItem\",\"position\":1,\"name\":\"Home\",\"item\":\"https:\/\/usa-gv.com\/pt-pt\/guia-de-viagem-dos-eua\/\"},{\"@type\":\"ListItem\",\"position\":2,\"name\":\"O que fazer se o seu pedido ESTA for recusado\"}]},{\"@type\":\"WebSite\",\"@id\":\"https:\/\/usa-gv.com\/pt-pt\/#website\",\"url\":\"https:\/\/usa-gv.com\/pt-pt\/\",\"name\":\"USA-GV.COM\",\"description\":\"\",\"potentialAction\":[{\"@type\":\"SearchAction\",\"target\":{\"@type\":\"EntryPoint\",\"urlTemplate\":\"https:\/\/usa-gv.com\/pt-pt\/?s={search_term_string}\"},\"query-input\":{\"@type\":\"PropertyValueSpecification\",\"valueRequired\":true,\"valueName\":\"search_term_string\"}}],\"inLanguage\":\"pt-PT\"}]}<\/script>\n<!-- \/ Yoast SEO plugin. -->","yoast_head_json":{"title":"O que fazer se o seu pedido ESTA for recusado - USA-GV.COM","description":"A recusa de um pedido ESTA em linha n\u00e3o significa que n\u00e3o possa viajar para os Estados Unidos. Descubra as nossas solu\u00e7\u00f5es","robots":{"index":"index","follow":"follow","max-snippet":"max-snippet:-1","max-image-preview":"max-image-preview:large","max-video-preview":"max-video-preview:-1"},"canonical":"https:\/\/usa-gv.com\/pt-pt\/pedido-esta-recusado\/","og_locale":"pt_PT","og_type":"article","og_title":"O que fazer se o seu pedido ESTA for recusado - USA-GV.COM","og_description":"A recusa de um pedido ESTA em linha n\u00e3o significa que n\u00e3o possa viajar para os Estados Unidos. Descubra as nossas solu\u00e7\u00f5es","og_url":"https:\/\/usa-gv.com\/pt-pt\/pedido-esta-recusado\/","og_site_name":"USA-GV.COM","article_modified_time":"2025-02-25T11:53:02+00:00","twitter_card":"summary_large_image","twitter_misc":{"Tempo estimado de leitura":"2 minutos"},"schema":{"@context":"https:\/\/schema.org","@graph":[{"@type":"WebPage","@id":"https:\/\/usa-gv.com\/pt-pt\/pedido-esta-recusado\/","url":"https:\/\/usa-gv.com\/pt-pt\/pedido-esta-recusado\/","name":"O que fazer se o seu pedido ESTA for recusado - USA-GV.COM","isPartOf":{"@id":"https:\/\/usa-gv.com\/pt-pt\/#website"},"datePublished":"2024-03-19T10:22:32+00:00","dateModified":"2025-02-25T11:53:02+00:00","description":"A recusa de um pedido ESTA em linha n\u00e3o significa que n\u00e3o possa viajar para os Estados Unidos. Descubra as nossas solu\u00e7\u00f5es","breadcrumb":{"@id":"https:\/\/usa-gv.com\/pt-pt\/pedido-esta-recusado\/#breadcrumb"},"inLanguage":"pt-PT","potentialAction":[{"@type":"ReadAction","target":["https:\/\/usa-gv.com\/pt-pt\/pedido-esta-recusado\/"]}]},{"@type":"BreadcrumbList","@id":"https:\/\/usa-gv.com\/pt-pt\/pedido-esta-recusado\/#breadcrumb","itemListElement":[{"@type":"ListItem","position":1,"name":"Home","item":"https:\/\/usa-gv.com\/pt-pt\/guia-de-viagem-dos-eua\/"},{"@type":"ListItem","position":2,"name":"O que fazer se o seu pedido ESTA for recusado"}]},{"@type":"WebSite","@id":"https:\/\/usa-gv.com\/pt-pt\/#website","url":"https:\/\/usa-gv.com\/pt-pt\/","name":"USA-GV.COM","description":"","potentialAction":[{"@type":"SearchAction","target":{"@type":"EntryPoint","urlTemplate":"https:\/\/usa-gv.com\/pt-pt\/?s={search_term_string}"},"query-input":{"@type":"PropertyValueSpecification","valueRequired":true,"valueName":"search_term_string"}}],"inLanguage":"pt-PT"}]}},"_links":{"self":[{"href":"https:\/\/usa-gv.com\/pt-pt\/wp-json\/wp\/v2\/pages\/3003","targetHints":{"allow":["GET"]}}],"collection":[{"href":"https:\/\/usa-gv.com\/pt-pt\/wp-json\/wp\/v2\/pages"}],"about":[{"href":"https:\/\/usa-gv.com\/pt-pt\/wp-json\/wp\/v2\/types\/page"}],"author":[{"embeddable":true,"href":"https:\/\/usa-gv.com\/pt-pt\/wp-json\/wp\/v2\/users\/1"}],"replies":[{"embeddable":true,"href":"https:\/\/usa-gv.com\/pt-pt\/wp-json\/wp\/v2\/comments?post=3003"}],"version-history":[{"count":1,"href":"https:\/\/usa-gv.com\/pt-pt\/wp-json\/wp\/v2\/pages\/3003\/revisions"}],"predecessor-version":[{"id":7690,"href":"https:\/\/usa-gv.com\/pt-pt\/wp-json\/wp\/v2\/pages\/3003\/revisions\/7690"}],"wp:attachment":[{"href":"https:\/\/usa-gv.com\/pt-pt\/wp-json\/wp\/v2\/media?parent=3003"}],"curies":[{"name":"wp","href":"https:\/\/api.w.org\/{rel}","templated":true}]}}