{"id":2985,"date":"2024-03-19T10:31:27","date_gmt":"2024-03-19T10:31:27","guid":{"rendered":"https:\/\/usa-gv.com\/autorizacao-esta-perdida\/"},"modified":"2025-02-25T11:52:55","modified_gmt":"2025-02-25T11:52:55","slug":"autorizacao-esta-perdida","status":"publish","type":"page","link":"https:\/\/usa-gv.com\/pt-pt\/autorizacao-esta-perdida\/","title":{"rendered":"O que fazer se a sua autoriza\u00e7\u00e3o ESTA se perder"},"content":{"rendered":"\n<h1 class=\"wp-block-heading\">O que fazer se perdeu o seu ESTA<\/h1>\n\n<p>O ESTA \u00e9 essencial para os nacionais dos pa\u00edses que participam no Programa de Isen\u00e7\u00e3o de Vistos que pretendam viajar para os Estados Unidos para estadias de curta dura\u00e7\u00e3o.\nSe perderes o teu ESTA ou n\u00e3o conseguires encontrar o teu n\u00famero de autoriza\u00e7\u00e3o, isso n\u00e3o te impedir\u00e1 de viajar para os EUA. <\/p>\n\n<h2 class=\"wp-block-heading\">Medidas a tomar se perderes o teu ESTA<\/h2>\n\n<p>Se perdeste o teu n\u00famero ESTA, podes aceder facilmente ao teu pedido em linha:<\/p>\n\n<ul class=\"wp-block-list\">\n<li>Visita o s\u00edtio <a href=\"https:\/\/usa-gv.com\/pt-pt\/sitio-web-oficial-esta\/\">Web oficial do ESTA<\/a>.<\/li>\n\n\n\n<li>Clica em <a href=\"https:\/\/usa-gv.com\/pt-pt\/verifique-validade-esta\/\">verificar o teu ESTA<\/a>.<\/li>\n\n\n\n<li>Introduz os dados pessoais do viajante, incluindo o n\u00famero do passaporte, a data de nascimento e o pa\u00eds de nacionalidade.<\/li>\n\n\n\n<li>Obt\u00e9m o n\u00famero de autoriza\u00e7\u00e3o e verifica o estatuto ESTA.<\/li>\n<\/ul>\n\n<div style=\"height:10px\" aria-hidden=\"true\" class=\"wp-block-spacer\"><\/div>\n\n<h2 class=\"wp-block-heading\">Fazer um novo pedido de ESTA<\/h2>\n\n<p>Se todas as tentativas de recupera\u00e7\u00e3o falharem, \u00e9 poss\u00edvel apresentar um novo pedido ESTA.\nV\u00ea como funciona: <\/p>\n\n<ul class=\"wp-block-list\">\n<li>Acede ao <a href=\"https:\/\/usa-gv.com\/pt-pt\/formulario-esta-em-linha\/\">formul\u00e1rio ESTA em linha<\/a>.<\/li>\n\n\n\n<li><a href=\"https:\/\/usa-gv.com\/pt-pt\/preencha-formulario-esta-online\/\">Preenche o formul\u00e1rio ESTA<\/a> com exatid\u00e3o e fornece as informa\u00e7\u00f5es correctas.<\/li>\n\n\n\n<li><a href=\"https:\/\/usa-gv.com\/pt-pt\/como-pagar-um-esta\/\">Paga a taxa ESTA<\/a> para completar o pedido em linha.<\/li>\n<\/ul>\n\n<div style=\"height:10px\" aria-hidden=\"true\" class=\"wp-block-spacer\"><\/div>\n","protected":false},"excerpt":{"rendered":"<p>O que fazer se perdeu o seu ESTA O ESTA \u00e9 essencial para os nacionais dos pa\u00edses que participam no Programa de Isen\u00e7\u00e3o de Vistos que pretendam viajar para os Estados Unidos para estadias de curta dura\u00e7\u00e3o. Se perderes o teu ESTA ou n\u00e3o conseguires encontrar o teu n\u00famero de autoriza\u00e7\u00e3o, isso n\u00e3o te impedir\u00e1 [&hellip;]<\/p>\n","protected":false},"author":1,"featured_media":0,"parent":0,"menu_order":0,"comment_status":"closed","ping_status":"closed","template":"","meta":{"footnotes":""},"class_list":["post-2985","page","type-page","status-publish","hentry"],"yoast_head":"<!-- This site is optimized with the Yoast SEO plugin v26.6 - https:\/\/yoast.com\/wordpress\/plugins\/seo\/ -->\n<title>O que fazer se a sua autoriza\u00e7\u00e3o ESTA se perder - USA-GV.COM<\/title>\n<meta name=\"description\" content=\"Se perdeu o seu certificado ESTA, pode continuar a viajar para os Estados Unidos sem qualquer problema. Eis o que precisa de saber\" \/>\n<meta name=\"robots\" content=\"index, follow, max-snippet:-1, max-image-preview:large, max-video-preview:-1\" \/>\n<link rel=\"canonical\" href=\"https:\/\/usa-gv.com\/pt-pt\/autorizacao-esta-perdida\/\" \/>\n<meta property=\"og:locale\" content=\"pt_PT\" \/>\n<meta property=\"og:type\" content=\"article\" \/>\n<meta property=\"og:title\" content=\"O que fazer se a sua autoriza\u00e7\u00e3o ESTA se perder - USA-GV.COM\" \/>\n<meta property=\"og:description\" content=\"Se perdeu o seu certificado ESTA, pode continuar a viajar para os Estados Unidos sem qualquer problema. Eis o que precisa de saber\" \/>\n<meta property=\"og:url\" content=\"https:\/\/usa-gv.com\/pt-pt\/autorizacao-esta-perdida\/\" \/>\n<meta property=\"og:site_name\" content=\"USA-GV.COM\" \/>\n<meta property=\"article:modified_time\" content=\"2025-02-25T11:52:55+00:00\" \/>\n<meta name=\"twitter:card\" content=\"summary_large_image\" \/>\n<meta name=\"twitter:label1\" content=\"Tempo estimado de leitura\" \/>\n\t<meta name=\"twitter:data1\" content=\"1 minuto\" \/>\n<script type=\"application\/ld+json\" class=\"yoast-schema-graph\">{\"@context\":\"https:\/\/schema.org\",\"@graph\":[{\"@type\":\"WebPage\",\"@id\":\"https:\/\/usa-gv.com\/pt-pt\/autorizacao-esta-perdida\/\",\"url\":\"https:\/\/usa-gv.com\/pt-pt\/autorizacao-esta-perdida\/\",\"name\":\"O que fazer se a sua autoriza\u00e7\u00e3o ESTA se perder - USA-GV.COM\",\"isPartOf\":{\"@id\":\"https:\/\/usa-gv.com\/pt-pt\/#website\"},\"datePublished\":\"2024-03-19T10:31:27+00:00\",\"dateModified\":\"2025-02-25T11:52:55+00:00\",\"description\":\"Se perdeu o seu certificado ESTA, pode continuar a viajar para os Estados Unidos sem qualquer problema. Eis o que precisa de saber\",\"breadcrumb\":{\"@id\":\"https:\/\/usa-gv.com\/pt-pt\/autorizacao-esta-perdida\/#breadcrumb\"},\"inLanguage\":\"pt-PT\",\"potentialAction\":[{\"@type\":\"ReadAction\",\"target\":[\"https:\/\/usa-gv.com\/pt-pt\/autorizacao-esta-perdida\/\"]}]},{\"@type\":\"BreadcrumbList\",\"@id\":\"https:\/\/usa-gv.com\/pt-pt\/autorizacao-esta-perdida\/#breadcrumb\",\"itemListElement\":[{\"@type\":\"ListItem\",\"position\":1,\"name\":\"Home\",\"item\":\"https:\/\/usa-gv.com\/pt-pt\/guia-de-viagem-dos-eua\/\"},{\"@type\":\"ListItem\",\"position\":2,\"name\":\"O que fazer se a sua autoriza\u00e7\u00e3o ESTA se perder\"}]},{\"@type\":\"WebSite\",\"@id\":\"https:\/\/usa-gv.com\/pt-pt\/#website\",\"url\":\"https:\/\/usa-gv.com\/pt-pt\/\",\"name\":\"USA-GV.COM\",\"description\":\"\",\"potentialAction\":[{\"@type\":\"SearchAction\",\"target\":{\"@type\":\"EntryPoint\",\"urlTemplate\":\"https:\/\/usa-gv.com\/pt-pt\/?s={search_term_string}\"},\"query-input\":{\"@type\":\"PropertyValueSpecification\",\"valueRequired\":true,\"valueName\":\"search_term_string\"}}],\"inLanguage\":\"pt-PT\"}]}<\/script>\n<!-- \/ Yoast SEO plugin. -->","yoast_head_json":{"title":"O que fazer se a sua autoriza\u00e7\u00e3o ESTA se perder - USA-GV.COM","description":"Se perdeu o seu certificado ESTA, pode continuar a viajar para os Estados Unidos sem qualquer problema. Eis o que precisa de saber","robots":{"index":"index","follow":"follow","max-snippet":"max-snippet:-1","max-image-preview":"max-image-preview:large","max-video-preview":"max-video-preview:-1"},"canonical":"https:\/\/usa-gv.com\/pt-pt\/autorizacao-esta-perdida\/","og_locale":"pt_PT","og_type":"article","og_title":"O que fazer se a sua autoriza\u00e7\u00e3o ESTA se perder - USA-GV.COM","og_description":"Se perdeu o seu certificado ESTA, pode continuar a viajar para os Estados Unidos sem qualquer problema. Eis o que precisa de saber","og_url":"https:\/\/usa-gv.com\/pt-pt\/autorizacao-esta-perdida\/","og_site_name":"USA-GV.COM","article_modified_time":"2025-02-25T11:52:55+00:00","twitter_card":"summary_large_image","twitter_misc":{"Tempo estimado de leitura":"1 minuto"},"schema":{"@context":"https:\/\/schema.org","@graph":[{"@type":"WebPage","@id":"https:\/\/usa-gv.com\/pt-pt\/autorizacao-esta-perdida\/","url":"https:\/\/usa-gv.com\/pt-pt\/autorizacao-esta-perdida\/","name":"O que fazer se a sua autoriza\u00e7\u00e3o ESTA se perder - USA-GV.COM","isPartOf":{"@id":"https:\/\/usa-gv.com\/pt-pt\/#website"},"datePublished":"2024-03-19T10:31:27+00:00","dateModified":"2025-02-25T11:52:55+00:00","description":"Se perdeu o seu certificado ESTA, pode continuar a viajar para os Estados Unidos sem qualquer problema. Eis o que precisa de saber","breadcrumb":{"@id":"https:\/\/usa-gv.com\/pt-pt\/autorizacao-esta-perdida\/#breadcrumb"},"inLanguage":"pt-PT","potentialAction":[{"@type":"ReadAction","target":["https:\/\/usa-gv.com\/pt-pt\/autorizacao-esta-perdida\/"]}]},{"@type":"BreadcrumbList","@id":"https:\/\/usa-gv.com\/pt-pt\/autorizacao-esta-perdida\/#breadcrumb","itemListElement":[{"@type":"ListItem","position":1,"name":"Home","item":"https:\/\/usa-gv.com\/pt-pt\/guia-de-viagem-dos-eua\/"},{"@type":"ListItem","position":2,"name":"O que fazer se a sua autoriza\u00e7\u00e3o ESTA se perder"}]},{"@type":"WebSite","@id":"https:\/\/usa-gv.com\/pt-pt\/#website","url":"https:\/\/usa-gv.com\/pt-pt\/","name":"USA-GV.COM","description":"","potentialAction":[{"@type":"SearchAction","target":{"@type":"EntryPoint","urlTemplate":"https:\/\/usa-gv.com\/pt-pt\/?s={search_term_string}"},"query-input":{"@type":"PropertyValueSpecification","valueRequired":true,"valueName":"search_term_string"}}],"inLanguage":"pt-PT"}]}},"_links":{"self":[{"href":"https:\/\/usa-gv.com\/pt-pt\/wp-json\/wp\/v2\/pages\/2985","targetHints":{"allow":["GET"]}}],"collection":[{"href":"https:\/\/usa-gv.com\/pt-pt\/wp-json\/wp\/v2\/pages"}],"about":[{"href":"https:\/\/usa-gv.com\/pt-pt\/wp-json\/wp\/v2\/types\/page"}],"author":[{"embeddable":true,"href":"https:\/\/usa-gv.com\/pt-pt\/wp-json\/wp\/v2\/users\/1"}],"replies":[{"embeddable":true,"href":"https:\/\/usa-gv.com\/pt-pt\/wp-json\/wp\/v2\/comments?post=2985"}],"version-history":[{"count":1,"href":"https:\/\/usa-gv.com\/pt-pt\/wp-json\/wp\/v2\/pages\/2985\/revisions"}],"predecessor-version":[{"id":7679,"href":"https:\/\/usa-gv.com\/pt-pt\/wp-json\/wp\/v2\/pages\/2985\/revisions\/7679"}],"wp:attachment":[{"href":"https:\/\/usa-gv.com\/pt-pt\/wp-json\/wp\/v2\/media?parent=2985"}],"curies":[{"name":"wp","href":"https:\/\/api.w.org\/{rel}","templated":true}]}}