{"id":2967,"date":"2024-03-10T21:26:19","date_gmt":"2024-03-10T21:26:19","guid":{"rendered":"https:\/\/usa-gv.com\/o-que-e-uma-autorizacao-esta\/"},"modified":"2025-02-25T11:52:49","modified_gmt":"2025-02-25T11:52:49","slug":"o-que-e-uma-autorizacao-esta","status":"publish","type":"page","link":"https:\/\/usa-gv.com\/pt-pt\/o-que-e-uma-autorizacao-esta\/","title":{"rendered":"O que \u00e9 a autoriza\u00e7\u00e3o ESTA USA?"},"content":{"rendered":"\n<h1 class=\"wp-block-heading\">O que \u00e9 uma autoriza\u00e7\u00e3o ESTA?<\/h1>\n\n<p>O ESTA \u00e9 um sistema eletr\u00f3nico de pedido de autoriza\u00e7\u00e3o de viagem criado pelo governo dos EUA.\nESTA significa <strong>Electronic System for Travel Authorization (Sistema eletr\u00f3nico de autoriza\u00e7\u00e3o de viagem)<\/strong>.\nEste programa de isen\u00e7\u00e3o de vistos permite que os nacionais de pa\u00edses que beneficiam do <a href=\"https:\/\/usa-gv.com\/pt-pt\/visa-waiver-program-eua\/\">programa de isen\u00e7\u00e3o de vistos<\/a> viajem para os Estados Unidos em turismo ou neg\u00f3cios sem necessitarem de visto.  <\/p>\n\n<h2 class=\"wp-block-heading\">Como \u00e9 que o ESTA funciona?<\/h2>\n\n<p>Para obter a autoriza\u00e7\u00e3o ESTA, os viajantes devem preencher o <a href=\"https:\/\/usa-gv.com\/pt-pt\/formulario-esta-em-linha\/\">formul\u00e1rio ESTA em linha<\/a>. O procedimento consiste em preencher os dados pessoais do viajante e responder \u00e0s <a href=\"https:\/\/usa-gv.com\/pt-pt\/perguntas-do-formulario-esta\/\">perguntas do ESTA<\/a> de forma verdadeira. Este processo informatizado verifica a elegibilidade dos visitantes ao abrigo do Programa de Isen\u00e7\u00e3o de Vistos antes da sua chegada aos Estados Unidos. Uma vez aprovada, a autoriza\u00e7\u00e3o ESTA \u00e9 v\u00e1lida por dois anos ou at\u00e9 \u00e0 expira\u00e7\u00e3o do <a href=\"https:\/\/usa-gv.com\/pt-pt\/passaporte-para-os-eua\/\">passaporte v\u00e1lido do titular para os EUA<\/a>.<\/p>\n\n<h2 class=\"wp-block-heading\">Vantagens do ESTA para viajar para os Estados Unidos<\/h2>\n\n<p>O ESTA oferece uma s\u00e9rie de vantagens aos viajantes internacionais.\nO processo de candidatura \u00e9 inteiramente em linha, simplificando os procedimentos administrativos e permitindo uma resposta no prazo de 72 horas.\nOs viajantes podem visitar os Estados Unidos v\u00e1rias vezes durante o <a href=\"https:\/\/usa-gv.com\/pt-pt\/periodo-validade-esta\/\">per\u00edodo de validade do ESTA<\/a> sem terem de <a href=\"https:\/\/usa-gv.com\/pt-pt\/esta-renovacao\/\">renovar o seu ESTA<\/a> para cada visita.  <\/p>\n\n<h2 class=\"wp-block-heading\">Condi\u00e7\u00f5es e restri\u00e7\u00f5es do ESTA<\/h2>\n\n<p>O ESTA facilita o acesso aos Estados Unidos para uma estadia de curta dura\u00e7\u00e3o, mas tem algumas restri\u00e7\u00f5es.\nOs titulares de uma autoriza\u00e7\u00e3o ESTA n\u00e3o podem trabalhar ou estudar para obterem cr\u00e9ditos acad\u00e9micos.\nTamb\u00e9m n\u00e3o \u00e9 poss\u00edvel tornar-se um residente permanente entrando nos EUA com a autoriza\u00e7\u00e3o ESTA.\n\u00c9 fundamental respeitar estas condi\u00e7\u00f5es para evitar complica\u00e7\u00f5es legais ou a <a href=\"https:\/\/usa-gv.com\/pt-pt\/pedido-esta-recusado\/\">recusa do ESTA<\/a>.   <\/p>\n\n<h2 class=\"wp-block-heading\">Import\u00e2ncia do ESTA para o turismo e as empresas<\/h2>\n\n<p>O ESTA tornou-se um instrumento essencial para as viagens de turismo e de neg\u00f3cios, permitindo uma entrada r\u00e1pida e segura nos Estados Unidos.\nIsto refor\u00e7a os la\u00e7os econ\u00f3micos e culturais entre os Estados Unidos e os pa\u00edses do Programa de Isen\u00e7\u00e3o de Vistos, mantendo simultaneamente as normas de seguran\u00e7a nacional. <\/p>\n","protected":false},"excerpt":{"rendered":"<p>O que \u00e9 uma autoriza\u00e7\u00e3o ESTA? O ESTA \u00e9 um sistema eletr\u00f3nico de pedido de autoriza\u00e7\u00e3o de viagem criado pelo governo dos EUA. ESTA significa Electronic System for Travel Authorization (Sistema eletr\u00f3nico de autoriza\u00e7\u00e3o de viagem). Este programa de isen\u00e7\u00e3o de vistos permite que os nacionais de pa\u00edses que beneficiam do programa de isen\u00e7\u00e3o de [&hellip;]<\/p>\n","protected":false},"author":1,"featured_media":0,"parent":0,"menu_order":0,"comment_status":"closed","ping_status":"closed","template":"","meta":{"footnotes":""},"class_list":["post-2967","page","type-page","status-publish","hentry"],"yoast_head":"<!-- This site is optimized with the Yoast SEO plugin v26.6 - https:\/\/yoast.com\/wordpress\/plugins\/seo\/ -->\n<title>O que \u00e9 a autoriza\u00e7\u00e3o ESTA USA? - USA-GV.COM<\/title>\n<meta name=\"description\" content=\"Saiba em pormenor o que \u00e9 uma autoriza\u00e7\u00e3o de viagem ESTA para os Estados Unidos antes de apresentar um pedido ESTA em linha.\" \/>\n<meta name=\"robots\" content=\"index, follow, max-snippet:-1, max-image-preview:large, max-video-preview:-1\" \/>\n<link rel=\"canonical\" href=\"https:\/\/usa-gv.com\/pt-pt\/o-que-e-uma-autorizacao-esta\/\" \/>\n<meta property=\"og:locale\" content=\"pt_PT\" \/>\n<meta property=\"og:type\" content=\"article\" \/>\n<meta property=\"og:title\" content=\"O que \u00e9 a autoriza\u00e7\u00e3o ESTA USA? - USA-GV.COM\" \/>\n<meta property=\"og:description\" content=\"Saiba em pormenor o que \u00e9 uma autoriza\u00e7\u00e3o de viagem ESTA para os Estados Unidos antes de apresentar um pedido ESTA em linha.\" \/>\n<meta property=\"og:url\" content=\"https:\/\/usa-gv.com\/pt-pt\/o-que-e-uma-autorizacao-esta\/\" \/>\n<meta property=\"og:site_name\" content=\"USA-GV.COM\" \/>\n<meta property=\"article:modified_time\" content=\"2025-02-25T11:52:49+00:00\" \/>\n<meta name=\"twitter:card\" content=\"summary_large_image\" \/>\n<meta name=\"twitter:label1\" content=\"Tempo estimado de leitura\" \/>\n\t<meta name=\"twitter:data1\" content=\"2 minutos\" \/>\n<script type=\"application\/ld+json\" class=\"yoast-schema-graph\">{\"@context\":\"https:\/\/schema.org\",\"@graph\":[{\"@type\":\"WebPage\",\"@id\":\"https:\/\/usa-gv.com\/pt-pt\/o-que-e-uma-autorizacao-esta\/\",\"url\":\"https:\/\/usa-gv.com\/pt-pt\/o-que-e-uma-autorizacao-esta\/\",\"name\":\"O que \u00e9 a autoriza\u00e7\u00e3o ESTA USA? - USA-GV.COM\",\"isPartOf\":{\"@id\":\"https:\/\/usa-gv.com\/pt-pt\/#website\"},\"datePublished\":\"2024-03-10T21:26:19+00:00\",\"dateModified\":\"2025-02-25T11:52:49+00:00\",\"description\":\"Saiba em pormenor o que \u00e9 uma autoriza\u00e7\u00e3o de viagem ESTA para os Estados Unidos antes de apresentar um pedido ESTA em linha.\",\"breadcrumb\":{\"@id\":\"https:\/\/usa-gv.com\/pt-pt\/o-que-e-uma-autorizacao-esta\/#breadcrumb\"},\"inLanguage\":\"pt-PT\",\"potentialAction\":[{\"@type\":\"ReadAction\",\"target\":[\"https:\/\/usa-gv.com\/pt-pt\/o-que-e-uma-autorizacao-esta\/\"]}]},{\"@type\":\"BreadcrumbList\",\"@id\":\"https:\/\/usa-gv.com\/pt-pt\/o-que-e-uma-autorizacao-esta\/#breadcrumb\",\"itemListElement\":[{\"@type\":\"ListItem\",\"position\":1,\"name\":\"Home\",\"item\":\"https:\/\/usa-gv.com\/pt-pt\/guia-de-viagem-dos-eua\/\"},{\"@type\":\"ListItem\",\"position\":2,\"name\":\"O que \u00e9 a autoriza\u00e7\u00e3o ESTA USA?\"}]},{\"@type\":\"WebSite\",\"@id\":\"https:\/\/usa-gv.com\/pt-pt\/#website\",\"url\":\"https:\/\/usa-gv.com\/pt-pt\/\",\"name\":\"USA-GV.COM\",\"description\":\"\",\"potentialAction\":[{\"@type\":\"SearchAction\",\"target\":{\"@type\":\"EntryPoint\",\"urlTemplate\":\"https:\/\/usa-gv.com\/pt-pt\/?s={search_term_string}\"},\"query-input\":{\"@type\":\"PropertyValueSpecification\",\"valueRequired\":true,\"valueName\":\"search_term_string\"}}],\"inLanguage\":\"pt-PT\"}]}<\/script>\n<!-- \/ Yoast SEO plugin. -->","yoast_head_json":{"title":"O que \u00e9 a autoriza\u00e7\u00e3o ESTA USA? - USA-GV.COM","description":"Saiba em pormenor o que \u00e9 uma autoriza\u00e7\u00e3o de viagem ESTA para os Estados Unidos antes de apresentar um pedido ESTA em linha.","robots":{"index":"index","follow":"follow","max-snippet":"max-snippet:-1","max-image-preview":"max-image-preview:large","max-video-preview":"max-video-preview:-1"},"canonical":"https:\/\/usa-gv.com\/pt-pt\/o-que-e-uma-autorizacao-esta\/","og_locale":"pt_PT","og_type":"article","og_title":"O que \u00e9 a autoriza\u00e7\u00e3o ESTA USA? - USA-GV.COM","og_description":"Saiba em pormenor o que \u00e9 uma autoriza\u00e7\u00e3o de viagem ESTA para os Estados Unidos antes de apresentar um pedido ESTA em linha.","og_url":"https:\/\/usa-gv.com\/pt-pt\/o-que-e-uma-autorizacao-esta\/","og_site_name":"USA-GV.COM","article_modified_time":"2025-02-25T11:52:49+00:00","twitter_card":"summary_large_image","twitter_misc":{"Tempo estimado de leitura":"2 minutos"},"schema":{"@context":"https:\/\/schema.org","@graph":[{"@type":"WebPage","@id":"https:\/\/usa-gv.com\/pt-pt\/o-que-e-uma-autorizacao-esta\/","url":"https:\/\/usa-gv.com\/pt-pt\/o-que-e-uma-autorizacao-esta\/","name":"O que \u00e9 a autoriza\u00e7\u00e3o ESTA USA? - USA-GV.COM","isPartOf":{"@id":"https:\/\/usa-gv.com\/pt-pt\/#website"},"datePublished":"2024-03-10T21:26:19+00:00","dateModified":"2025-02-25T11:52:49+00:00","description":"Saiba em pormenor o que \u00e9 uma autoriza\u00e7\u00e3o de viagem ESTA para os Estados Unidos antes de apresentar um pedido ESTA em linha.","breadcrumb":{"@id":"https:\/\/usa-gv.com\/pt-pt\/o-que-e-uma-autorizacao-esta\/#breadcrumb"},"inLanguage":"pt-PT","potentialAction":[{"@type":"ReadAction","target":["https:\/\/usa-gv.com\/pt-pt\/o-que-e-uma-autorizacao-esta\/"]}]},{"@type":"BreadcrumbList","@id":"https:\/\/usa-gv.com\/pt-pt\/o-que-e-uma-autorizacao-esta\/#breadcrumb","itemListElement":[{"@type":"ListItem","position":1,"name":"Home","item":"https:\/\/usa-gv.com\/pt-pt\/guia-de-viagem-dos-eua\/"},{"@type":"ListItem","position":2,"name":"O que \u00e9 a autoriza\u00e7\u00e3o ESTA USA?"}]},{"@type":"WebSite","@id":"https:\/\/usa-gv.com\/pt-pt\/#website","url":"https:\/\/usa-gv.com\/pt-pt\/","name":"USA-GV.COM","description":"","potentialAction":[{"@type":"SearchAction","target":{"@type":"EntryPoint","urlTemplate":"https:\/\/usa-gv.com\/pt-pt\/?s={search_term_string}"},"query-input":{"@type":"PropertyValueSpecification","valueRequired":true,"valueName":"search_term_string"}}],"inLanguage":"pt-PT"}]}},"_links":{"self":[{"href":"https:\/\/usa-gv.com\/pt-pt\/wp-json\/wp\/v2\/pages\/2967","targetHints":{"allow":["GET"]}}],"collection":[{"href":"https:\/\/usa-gv.com\/pt-pt\/wp-json\/wp\/v2\/pages"}],"about":[{"href":"https:\/\/usa-gv.com\/pt-pt\/wp-json\/wp\/v2\/types\/page"}],"author":[{"embeddable":true,"href":"https:\/\/usa-gv.com\/pt-pt\/wp-json\/wp\/v2\/users\/1"}],"replies":[{"embeddable":true,"href":"https:\/\/usa-gv.com\/pt-pt\/wp-json\/wp\/v2\/comments?post=2967"}],"version-history":[{"count":1,"href":"https:\/\/usa-gv.com\/pt-pt\/wp-json\/wp\/v2\/pages\/2967\/revisions"}],"predecessor-version":[{"id":7668,"href":"https:\/\/usa-gv.com\/pt-pt\/wp-json\/wp\/v2\/pages\/2967\/revisions\/7668"}],"wp:attachment":[{"href":"https:\/\/usa-gv.com\/pt-pt\/wp-json\/wp\/v2\/media?parent=2967"}],"curies":[{"name":"wp","href":"https:\/\/api.w.org\/{rel}","templated":true}]}}