{"id":2949,"date":"2024-03-19T10:16:25","date_gmt":"2024-03-19T10:16:25","guid":{"rendered":"https:\/\/usa-gv.com\/pedido-esta-pendente\/"},"modified":"2025-02-25T11:52:42","modified_gmt":"2025-02-25T11:52:42","slug":"pedido-esta-pendente","status":"publish","type":"page","link":"https:\/\/usa-gv.com\/pt-pt\/pedido-esta-pendente\/","title":{"rendered":"Porque \u00e9 que um pedido ESTA est\u00e1 em espera"},"content":{"rendered":"\n<h1 class=\"wp-block-heading\">O seu pedido ESTA tem um estatuto pendente<\/h1>\n\n<p>O procedimento para obter a autoriza\u00e7\u00e3o de viagem ESTA \u00e9 inteiramente em linha.\nEmbora a maioria das autoriza\u00e7\u00f5es seja emitida numa quest\u00e3o de minutos, alguns pedidos ficam com o estatuto de pendentes.  Este estatuto significa que a tua candidatura precisar\u00e1 de mais tempo para ser processada.<\/p>\n\n<h2 class=\"wp-block-heading\">Porque \u00e9 que um pedido ESTA est\u00e1 em espera?<\/h2>\n\n<p>Existem v\u00e1rias raz\u00f5es pelas quais um pedido ESTA pode ser suspenso:<\/p>\n\n<ol class=\"wp-block-list\">\n<li><strong>Tr\u00e1fego no s\u00edtio<\/strong>: Se apresentar o seu pedido de ESTA durante um per\u00edodo de grande aflu\u00eancia, a <a href=\"https:\/\/usa-gv.com\/pt-pt\/verifique-validade-esta\/\">validade do seu ESTA<\/a> pode n\u00e3o ser processada imediatamente, colocando o seu pedido temporariamente em espera.<\/li>\n\n\n\n<li><strong>Controlos aleat\u00f3rios<\/strong>: As autoridades americanas efectuam por vezes controlos aleat\u00f3rios dos pedidos, o que pode resultar em atrasos adicionais.<\/li>\n\n\n\n<li><strong>Controlos adicionais<\/strong>: Em fun\u00e7\u00e3o das informa\u00e7\u00f5es fornecidas, podem ser necess\u00e1rios controlos adicionais para garantir que n\u00e3o representas uma amea\u00e7a para o pa\u00eds.<\/li>\n<\/ol>\n\n<h2 class=\"wp-block-heading\">Tempos de espera do pedido ESTA<\/h2>\n\n<p>A maioria das candidaturas \u00e9 processada no prazo de 24 horas ap\u00f3s o envio.\nNo entanto, os <a href=\"https:\/\/usa-gv.com\/pt-pt\/prazos-obtencao-esta\/\">pedidos ESTA demoram<\/a>, no m\u00e1ximo, 72 horas a serem processados.\nPor conseguinte, \u00e9 fundamental ter em conta este per\u00edodo ao apresentar a tua candidatura, para evitar o risco de uma partida comprometida.   N\u00e3o podes viajar para os Estados Unidos sem autoriza\u00e7\u00e3o pr\u00e9via de viagem.<\/p>\n\n<h2 class=\"wp-block-heading\">O que devo fazer se o meu ESTA for recusado?<\/h2>\n\n<p>Se o teu <a href=\"https:\/\/usa-gv.com\/pt-pt\/pedido-esta-recusado\/\">pedido ESTA for recusado<\/a>, eis os passos a seguir:<\/p>\n\n<ol class=\"wp-block-list\">\n<li><strong>Voltar a apresentar uma candidatura<\/strong>: Podes apresentar uma nova candidatura ap\u00f3s 10 dias.\nCertifica-te de que todas as informa\u00e7\u00f5es introduzidas est\u00e3o correctas e de que cumpres todos os crit\u00e9rios de elegibilidade. <\/li>\n\n\n\n<li><strong>Pedido de visto<\/strong>: Podes pedir um <a href=\"https:\/\/usa-gv.com\/pt-pt\/visto-turista-eua\/\">visto de turista para os Estados Unidos<\/a> numa embaixada americana. Embora este procedimento seja mais moroso e dispendioso, permite-te viajar para os Estados Unidos apesar de te ter sido recusada a autoriza\u00e7\u00e3o ESTA.<\/li>\n<\/ol>\n\n<p>Para garantir que o teu pedido ESTA \u00e9 processado sem problemas, certifica-te de que as informa\u00e7\u00f5es que forneces s\u00e3o exactas e apresenta o teu pedido com bastante anteced\u00eancia para evitar quaisquer circunst\u00e2ncias imprevistas.<\/p>\n","protected":false},"excerpt":{"rendered":"<p>O seu pedido ESTA tem um estatuto pendente O procedimento para obter a autoriza\u00e7\u00e3o de viagem ESTA \u00e9 inteiramente em linha. Embora a maioria das autoriza\u00e7\u00f5es seja emitida numa quest\u00e3o de minutos, alguns pedidos ficam com o estatuto de pendentes. Este estatuto significa que a tua candidatura precisar\u00e1 de mais tempo para ser processada. Porque [&hellip;]<\/p>\n","protected":false},"author":1,"featured_media":0,"parent":0,"menu_order":0,"comment_status":"closed","ping_status":"closed","template":"","meta":{"footnotes":""},"class_list":["post-2949","page","type-page","status-publish","hentry"],"yoast_head":"<!-- This site is optimized with the Yoast SEO plugin v26.6 - https:\/\/yoast.com\/wordpress\/plugins\/seo\/ -->\n<title>Porque \u00e9 que um pedido ESTA est\u00e1 em espera - USA-GV.COM<\/title>\n<meta name=\"description\" content=\"O que \u00e9 que significa quando o estado do seu pedido ESTA est\u00e1 pendente? eis as informa\u00e7\u00f5es que precisa de compreender\" \/>\n<meta name=\"robots\" content=\"index, follow, max-snippet:-1, max-image-preview:large, max-video-preview:-1\" \/>\n<link rel=\"canonical\" href=\"https:\/\/usa-gv.com\/pt-pt\/pedido-esta-pendente\/\" \/>\n<meta property=\"og:locale\" content=\"pt_PT\" \/>\n<meta property=\"og:type\" content=\"article\" \/>\n<meta property=\"og:title\" content=\"Porque \u00e9 que um pedido ESTA est\u00e1 em espera - USA-GV.COM\" \/>\n<meta property=\"og:description\" content=\"O que \u00e9 que significa quando o estado do seu pedido ESTA est\u00e1 pendente? eis as informa\u00e7\u00f5es que precisa de compreender\" \/>\n<meta property=\"og:url\" content=\"https:\/\/usa-gv.com\/pt-pt\/pedido-esta-pendente\/\" \/>\n<meta property=\"og:site_name\" content=\"USA-GV.COM\" \/>\n<meta property=\"article:modified_time\" content=\"2025-02-25T11:52:42+00:00\" \/>\n<meta name=\"twitter:card\" content=\"summary_large_image\" \/>\n<meta name=\"twitter:label1\" content=\"Tempo estimado de leitura\" \/>\n\t<meta name=\"twitter:data1\" content=\"2 minutos\" \/>\n<script type=\"application\/ld+json\" class=\"yoast-schema-graph\">{\"@context\":\"https:\/\/schema.org\",\"@graph\":[{\"@type\":\"WebPage\",\"@id\":\"https:\/\/usa-gv.com\/pt-pt\/pedido-esta-pendente\/\",\"url\":\"https:\/\/usa-gv.com\/pt-pt\/pedido-esta-pendente\/\",\"name\":\"Porque \u00e9 que um pedido ESTA est\u00e1 em espera - USA-GV.COM\",\"isPartOf\":{\"@id\":\"https:\/\/usa-gv.com\/pt-pt\/#website\"},\"datePublished\":\"2024-03-19T10:16:25+00:00\",\"dateModified\":\"2025-02-25T11:52:42+00:00\",\"description\":\"O que \u00e9 que significa quando o estado do seu pedido ESTA est\u00e1 pendente? eis as informa\u00e7\u00f5es que precisa de compreender\",\"breadcrumb\":{\"@id\":\"https:\/\/usa-gv.com\/pt-pt\/pedido-esta-pendente\/#breadcrumb\"},\"inLanguage\":\"pt-PT\",\"potentialAction\":[{\"@type\":\"ReadAction\",\"target\":[\"https:\/\/usa-gv.com\/pt-pt\/pedido-esta-pendente\/\"]}]},{\"@type\":\"BreadcrumbList\",\"@id\":\"https:\/\/usa-gv.com\/pt-pt\/pedido-esta-pendente\/#breadcrumb\",\"itemListElement\":[{\"@type\":\"ListItem\",\"position\":1,\"name\":\"Home\",\"item\":\"https:\/\/usa-gv.com\/pt-pt\/guia-de-viagem-dos-eua\/\"},{\"@type\":\"ListItem\",\"position\":2,\"name\":\"Porque \u00e9 que um pedido ESTA est\u00e1 em espera\"}]},{\"@type\":\"WebSite\",\"@id\":\"https:\/\/usa-gv.com\/pt-pt\/#website\",\"url\":\"https:\/\/usa-gv.com\/pt-pt\/\",\"name\":\"USA-GV.COM\",\"description\":\"\",\"potentialAction\":[{\"@type\":\"SearchAction\",\"target\":{\"@type\":\"EntryPoint\",\"urlTemplate\":\"https:\/\/usa-gv.com\/pt-pt\/?s={search_term_string}\"},\"query-input\":{\"@type\":\"PropertyValueSpecification\",\"valueRequired\":true,\"valueName\":\"search_term_string\"}}],\"inLanguage\":\"pt-PT\"}]}<\/script>\n<!-- \/ Yoast SEO plugin. -->","yoast_head_json":{"title":"Porque \u00e9 que um pedido ESTA est\u00e1 em espera - USA-GV.COM","description":"O que \u00e9 que significa quando o estado do seu pedido ESTA est\u00e1 pendente? eis as informa\u00e7\u00f5es que precisa de compreender","robots":{"index":"index","follow":"follow","max-snippet":"max-snippet:-1","max-image-preview":"max-image-preview:large","max-video-preview":"max-video-preview:-1"},"canonical":"https:\/\/usa-gv.com\/pt-pt\/pedido-esta-pendente\/","og_locale":"pt_PT","og_type":"article","og_title":"Porque \u00e9 que um pedido ESTA est\u00e1 em espera - USA-GV.COM","og_description":"O que \u00e9 que significa quando o estado do seu pedido ESTA est\u00e1 pendente? eis as informa\u00e7\u00f5es que precisa de compreender","og_url":"https:\/\/usa-gv.com\/pt-pt\/pedido-esta-pendente\/","og_site_name":"USA-GV.COM","article_modified_time":"2025-02-25T11:52:42+00:00","twitter_card":"summary_large_image","twitter_misc":{"Tempo estimado de leitura":"2 minutos"},"schema":{"@context":"https:\/\/schema.org","@graph":[{"@type":"WebPage","@id":"https:\/\/usa-gv.com\/pt-pt\/pedido-esta-pendente\/","url":"https:\/\/usa-gv.com\/pt-pt\/pedido-esta-pendente\/","name":"Porque \u00e9 que um pedido ESTA est\u00e1 em espera - USA-GV.COM","isPartOf":{"@id":"https:\/\/usa-gv.com\/pt-pt\/#website"},"datePublished":"2024-03-19T10:16:25+00:00","dateModified":"2025-02-25T11:52:42+00:00","description":"O que \u00e9 que significa quando o estado do seu pedido ESTA est\u00e1 pendente? eis as informa\u00e7\u00f5es que precisa de compreender","breadcrumb":{"@id":"https:\/\/usa-gv.com\/pt-pt\/pedido-esta-pendente\/#breadcrumb"},"inLanguage":"pt-PT","potentialAction":[{"@type":"ReadAction","target":["https:\/\/usa-gv.com\/pt-pt\/pedido-esta-pendente\/"]}]},{"@type":"BreadcrumbList","@id":"https:\/\/usa-gv.com\/pt-pt\/pedido-esta-pendente\/#breadcrumb","itemListElement":[{"@type":"ListItem","position":1,"name":"Home","item":"https:\/\/usa-gv.com\/pt-pt\/guia-de-viagem-dos-eua\/"},{"@type":"ListItem","position":2,"name":"Porque \u00e9 que um pedido ESTA est\u00e1 em espera"}]},{"@type":"WebSite","@id":"https:\/\/usa-gv.com\/pt-pt\/#website","url":"https:\/\/usa-gv.com\/pt-pt\/","name":"USA-GV.COM","description":"","potentialAction":[{"@type":"SearchAction","target":{"@type":"EntryPoint","urlTemplate":"https:\/\/usa-gv.com\/pt-pt\/?s={search_term_string}"},"query-input":{"@type":"PropertyValueSpecification","valueRequired":true,"valueName":"search_term_string"}}],"inLanguage":"pt-PT"}]}},"_links":{"self":[{"href":"https:\/\/usa-gv.com\/pt-pt\/wp-json\/wp\/v2\/pages\/2949","targetHints":{"allow":["GET"]}}],"collection":[{"href":"https:\/\/usa-gv.com\/pt-pt\/wp-json\/wp\/v2\/pages"}],"about":[{"href":"https:\/\/usa-gv.com\/pt-pt\/wp-json\/wp\/v2\/types\/page"}],"author":[{"embeddable":true,"href":"https:\/\/usa-gv.com\/pt-pt\/wp-json\/wp\/v2\/users\/1"}],"replies":[{"embeddable":true,"href":"https:\/\/usa-gv.com\/pt-pt\/wp-json\/wp\/v2\/comments?post=2949"}],"version-history":[{"count":1,"href":"https:\/\/usa-gv.com\/pt-pt\/wp-json\/wp\/v2\/pages\/2949\/revisions"}],"predecessor-version":[{"id":7657,"href":"https:\/\/usa-gv.com\/pt-pt\/wp-json\/wp\/v2\/pages\/2949\/revisions\/7657"}],"wp:attachment":[{"href":"https:\/\/usa-gv.com\/pt-pt\/wp-json\/wp\/v2\/media?parent=2949"}],"curies":[{"name":"wp","href":"https:\/\/api.w.org\/{rel}","templated":true}]}}