{"id":2931,"date":"2024-03-12T18:55:40","date_gmt":"2024-03-12T18:55:40","guid":{"rendered":"https:\/\/usa-gv.com\/passaporte-para-os-eua\/"},"modified":"2025-02-25T11:52:28","modified_gmt":"2025-02-25T11:52:28","slug":"passaporte-para-os-eua","status":"publish","type":"page","link":"https:\/\/usa-gv.com\/pt-pt\/passaporte-para-os-eua\/","title":{"rendered":"Passaportes aceites para viajar para os EUA"},"content":{"rendered":"\n<h1 class=\"wp-block-heading\">De que passaporte necessito para viajar para os Estados Unidos?<\/h1>\n\n<p>Os Estados Unidos imp\u00f5em determinadas condi\u00e7\u00f5es ao tipo de passaporte exigido aos viajantes que pretendam entrar no pa\u00eds ao abrigo do <a href=\"https:\/\/usa-gv.com\/pt-pt\/visa-waiver-program-eua\/\">programa de isen\u00e7\u00e3o de vistos<\/a>. Eis as especifica\u00e7\u00f5es do passaporte exigidas pelas autoridades americanas para um <a href=\"https:\/\/usa-gv.com\/pt-pt\/formulario-esta-em-linha\/\">pedido ESTA em linha<\/a> para os Estados Unidos:<\/p>\n\n<ul class=\"wp-block-list\">\n<li>Os viajantes devem possuir um passaporte biom\u00e9trico ou eletr\u00f3nico;<\/li>\n\n\n\n<li>O passaporte deve ser v\u00e1lido por um per\u00edodo de 6 meses para al\u00e9m da data prevista de partida dos Estados Unidos.<\/li>\n<\/ul>\n\n<div style=\"height:10px\" aria-hidden=\"true\" class=\"wp-block-spacer\"><\/div>\n\n<p><strong>Aten\u00e7\u00e3o<\/strong>: O per\u00edodo de validade do passaporte pode ter um impacto no <a href=\"https:\/\/usa-gv.com\/pt-pt\/periodo-validade-esta\/\">per\u00edodo de validade do ESTA<\/a>. Quando um passaporte atinge a sua data de validade, a autoriza\u00e7\u00e3o ESTA obtida com o passaporte deixa de ser v\u00e1lida. Os viajantes devem <a href=\"https:\/\/usa-gv.com\/pt-pt\/esta-renovacao\/\">renovar o seu ESTA<\/a> assim que obtiverem um novo passaporte.<\/p>\n\n<h2 class=\"wp-block-heading\">O que \u00e9 um passaporte biom\u00e9trico?<\/h2>\n\n<p>O passaporte biom\u00e9trico \u00e9 um importante desenvolvimento tecnol\u00f3gico em mat\u00e9ria de <a href=\"https:\/\/usa-gv.com\/pt-pt\/documentos-viagem-para-eua\/\">documentos de viagem seguros para os EUA<\/a>. Cont\u00e9m um chip eletr\u00f3nico que armazena os dados biom\u00e9tricos do titular do passaporte. A informa\u00e7\u00e3o contida no microchip \u00e9 :  <\/p>\n\n<ul class=\"wp-block-list\">\n<li>dados de identifica\u00e7\u00e3o, como o nome, a data de nascimento e o local de resid\u00eancia;<\/li>\n\n\n\n<li>dados biom\u00e9tricos, tais como fotografias faciais e impress\u00f5es digitais.<\/li>\n<\/ul>\n\n<div style=\"height:10px\" aria-hidden=\"true\" class=\"wp-block-spacer\"><\/div>\n\n<p>Este tipo de passaporte foi concebido para <strong>aumentar a seguran\u00e7a e reduzir o risco de fraude e falsifica\u00e7\u00e3o<\/strong>.<\/p>\n\n<h2 class=\"wp-block-heading\">Qual \u00e9 a diferen\u00e7a entre um passaporte biom\u00e9trico e um passaporte eletr\u00f3nico?<\/h2>\n\n<p>O termo passaporte eletr\u00f3nico \u00e9 utilizado para designar um passaporte que incorpora fun\u00e7\u00f5es electr\u00f3nicas para armazenar os dados de identifica\u00e7\u00e3o do portador.\nO passaporte biom\u00e9trico \u00e9 um passaporte eletr\u00f3nico.\nNo entanto, em alguns pa\u00edses, \u00e9 feita uma distin\u00e7\u00e3o entre um passaporte eletr\u00f3nico e um passaporte biom\u00e9trico, que tem dados biom\u00e9tricos espec\u00edficos armazenados no chip.  <\/p>\n\n<h2 class=\"wp-block-heading\">Como posso saber se um passaporte \u00e9 biom\u00e9trico ou eletr\u00f3nico?<\/h2>\n\n<p>Para saber se um passaporte \u00e9 biom\u00e9trico ou eletr\u00f3nico, as autoridades nacionais imprimem na capa um s\u00edmbolo dourado que representa um c\u00edrculo entre duas linhas grossas.\nEste s\u00edmbolo est\u00e1 localizado sob a palavra PASSPORT na capa do passaporte. <\/p>\n\n<h2 class=\"wp-block-heading\">Fotografia de um passaporte eletr\u00f3nico com dados biom\u00e9tricos<\/h2>\n\n<p>Eis uma fotografia da capa de um passaporte europeu emitido pela Fran\u00e7a.\nEste passaporte tem um chip eletr\u00f3nico porque o s\u00edmbolo dourado que representa um c\u00edrculo com linhas est\u00e1 presente na parte inferior da capa do passaporte. <\/p>\n\n<figure class=\"wp-block-image size-full is-resized\"><img fetchpriority=\"high\" decoding=\"async\" width=\"674\" height=\"988\" src=\"https:\/\/usa-gv.com\/wp-content\/uploads\/2024\/03\/Europe-passport.jpg\" alt=\"Capa de passaporte eletr&#xF3;nico\" class=\"wp-image-3251\" style=\"width:840px;height:auto\" srcset=\"https:\/\/usa-gv.com\/wp-content\/uploads\/2024\/03\/Europe-passport.jpg 674w, https:\/\/usa-gv.com\/wp-content\/uploads\/2024\/03\/Europe-passport-205x300.jpg 205w\" sizes=\"(max-width: 674px) 100vw, 674px\" \/><\/figure>\n","protected":false},"excerpt":{"rendered":"<p>De que passaporte necessito para viajar para os Estados Unidos? Os Estados Unidos imp\u00f5em determinadas condi\u00e7\u00f5es ao tipo de passaporte exigido aos viajantes que pretendam entrar no pa\u00eds ao abrigo do programa de isen\u00e7\u00e3o de vistos. Eis as especifica\u00e7\u00f5es do passaporte exigidas pelas autoridades americanas para um pedido ESTA em linha para os Estados Unidos: [&hellip;]<\/p>\n","protected":false},"author":1,"featured_media":0,"parent":0,"menu_order":0,"comment_status":"closed","ping_status":"closed","template":"","meta":{"footnotes":""},"class_list":["post-2931","page","type-page","status-publish","hentry"],"yoast_head":"<!-- This site is optimized with the Yoast SEO plugin v26.6 - https:\/\/yoast.com\/wordpress\/plugins\/seo\/ -->\n<title>Passaportes aceites para viajar para os EUA - USA-GV.COM<\/title>\n<meta name=\"description\" content=\"Para viajar para os Estados Unidos, \u00e9 necess\u00e1rio um passaporte v\u00e1lido que tenha sido aprovado pelas autoridades americanas.\" \/>\n<meta name=\"robots\" content=\"index, follow, max-snippet:-1, max-image-preview:large, max-video-preview:-1\" \/>\n<link rel=\"canonical\" href=\"https:\/\/usa-gv.com\/pt-pt\/passaporte-para-os-eua\/\" \/>\n<meta property=\"og:locale\" content=\"pt_PT\" \/>\n<meta property=\"og:type\" content=\"article\" \/>\n<meta property=\"og:title\" content=\"Passaportes aceites para viajar para os EUA - USA-GV.COM\" \/>\n<meta property=\"og:description\" content=\"Para viajar para os Estados Unidos, \u00e9 necess\u00e1rio um passaporte v\u00e1lido que tenha sido aprovado pelas autoridades americanas.\" \/>\n<meta property=\"og:url\" content=\"https:\/\/usa-gv.com\/pt-pt\/passaporte-para-os-eua\/\" \/>\n<meta property=\"og:site_name\" content=\"USA-GV.COM\" \/>\n<meta property=\"article:modified_time\" content=\"2025-02-25T11:52:28+00:00\" \/>\n<meta property=\"og:image\" content=\"https:\/\/usa-gv.com\/wp-content\/uploads\/2024\/03\/Europe-passport.jpg\" \/>\n<meta name=\"twitter:card\" content=\"summary_large_image\" \/>\n<meta name=\"twitter:label1\" content=\"Tempo estimado de leitura\" \/>\n\t<meta name=\"twitter:data1\" content=\"2 minutos\" \/>\n<script type=\"application\/ld+json\" class=\"yoast-schema-graph\">{\"@context\":\"https:\/\/schema.org\",\"@graph\":[{\"@type\":\"WebPage\",\"@id\":\"https:\/\/usa-gv.com\/pt-pt\/passaporte-para-os-eua\/\",\"url\":\"https:\/\/usa-gv.com\/pt-pt\/passaporte-para-os-eua\/\",\"name\":\"Passaportes aceites para viajar para os EUA - USA-GV.COM\",\"isPartOf\":{\"@id\":\"https:\/\/usa-gv.com\/pt-pt\/#website\"},\"primaryImageOfPage\":{\"@id\":\"https:\/\/usa-gv.com\/pt-pt\/passaporte-para-os-eua\/#primaryimage\"},\"image\":{\"@id\":\"https:\/\/usa-gv.com\/pt-pt\/passaporte-para-os-eua\/#primaryimage\"},\"thumbnailUrl\":\"https:\/\/usa-gv.com\/wp-content\/uploads\/2024\/03\/Europe-passport.jpg\",\"datePublished\":\"2024-03-12T18:55:40+00:00\",\"dateModified\":\"2025-02-25T11:52:28+00:00\",\"description\":\"Para viajar para os Estados Unidos, \u00e9 necess\u00e1rio um passaporte v\u00e1lido que tenha sido aprovado pelas autoridades americanas.\",\"breadcrumb\":{\"@id\":\"https:\/\/usa-gv.com\/pt-pt\/passaporte-para-os-eua\/#breadcrumb\"},\"inLanguage\":\"pt-PT\",\"potentialAction\":[{\"@type\":\"ReadAction\",\"target\":[\"https:\/\/usa-gv.com\/pt-pt\/passaporte-para-os-eua\/\"]}]},{\"@type\":\"ImageObject\",\"inLanguage\":\"pt-PT\",\"@id\":\"https:\/\/usa-gv.com\/pt-pt\/passaporte-para-os-eua\/#primaryimage\",\"url\":\"https:\/\/usa-gv.com\/wp-content\/uploads\/2024\/03\/Europe-passport.jpg\",\"contentUrl\":\"https:\/\/usa-gv.com\/wp-content\/uploads\/2024\/03\/Europe-passport.jpg\"},{\"@type\":\"BreadcrumbList\",\"@id\":\"https:\/\/usa-gv.com\/pt-pt\/passaporte-para-os-eua\/#breadcrumb\",\"itemListElement\":[{\"@type\":\"ListItem\",\"position\":1,\"name\":\"Home\",\"item\":\"https:\/\/usa-gv.com\/pt-pt\/guia-de-viagem-dos-eua\/\"},{\"@type\":\"ListItem\",\"position\":2,\"name\":\"Passaportes aceites para viajar para os EUA\"}]},{\"@type\":\"WebSite\",\"@id\":\"https:\/\/usa-gv.com\/pt-pt\/#website\",\"url\":\"https:\/\/usa-gv.com\/pt-pt\/\",\"name\":\"USA-GV.COM\",\"description\":\"\",\"potentialAction\":[{\"@type\":\"SearchAction\",\"target\":{\"@type\":\"EntryPoint\",\"urlTemplate\":\"https:\/\/usa-gv.com\/pt-pt\/?s={search_term_string}\"},\"query-input\":{\"@type\":\"PropertyValueSpecification\",\"valueRequired\":true,\"valueName\":\"search_term_string\"}}],\"inLanguage\":\"pt-PT\"}]}<\/script>\n<!-- \/ Yoast SEO plugin. -->","yoast_head_json":{"title":"Passaportes aceites para viajar para os EUA - USA-GV.COM","description":"Para viajar para os Estados Unidos, \u00e9 necess\u00e1rio um passaporte v\u00e1lido que tenha sido aprovado pelas autoridades americanas.","robots":{"index":"index","follow":"follow","max-snippet":"max-snippet:-1","max-image-preview":"max-image-preview:large","max-video-preview":"max-video-preview:-1"},"canonical":"https:\/\/usa-gv.com\/pt-pt\/passaporte-para-os-eua\/","og_locale":"pt_PT","og_type":"article","og_title":"Passaportes aceites para viajar para os EUA - USA-GV.COM","og_description":"Para viajar para os Estados Unidos, \u00e9 necess\u00e1rio um passaporte v\u00e1lido que tenha sido aprovado pelas autoridades americanas.","og_url":"https:\/\/usa-gv.com\/pt-pt\/passaporte-para-os-eua\/","og_site_name":"USA-GV.COM","article_modified_time":"2025-02-25T11:52:28+00:00","og_image":[{"url":"https:\/\/usa-gv.com\/wp-content\/uploads\/2024\/03\/Europe-passport.jpg","type":"","width":"","height":""}],"twitter_card":"summary_large_image","twitter_misc":{"Tempo estimado de leitura":"2 minutos"},"schema":{"@context":"https:\/\/schema.org","@graph":[{"@type":"WebPage","@id":"https:\/\/usa-gv.com\/pt-pt\/passaporte-para-os-eua\/","url":"https:\/\/usa-gv.com\/pt-pt\/passaporte-para-os-eua\/","name":"Passaportes aceites para viajar para os EUA - USA-GV.COM","isPartOf":{"@id":"https:\/\/usa-gv.com\/pt-pt\/#website"},"primaryImageOfPage":{"@id":"https:\/\/usa-gv.com\/pt-pt\/passaporte-para-os-eua\/#primaryimage"},"image":{"@id":"https:\/\/usa-gv.com\/pt-pt\/passaporte-para-os-eua\/#primaryimage"},"thumbnailUrl":"https:\/\/usa-gv.com\/wp-content\/uploads\/2024\/03\/Europe-passport.jpg","datePublished":"2024-03-12T18:55:40+00:00","dateModified":"2025-02-25T11:52:28+00:00","description":"Para viajar para os Estados Unidos, \u00e9 necess\u00e1rio um passaporte v\u00e1lido que tenha sido aprovado pelas autoridades americanas.","breadcrumb":{"@id":"https:\/\/usa-gv.com\/pt-pt\/passaporte-para-os-eua\/#breadcrumb"},"inLanguage":"pt-PT","potentialAction":[{"@type":"ReadAction","target":["https:\/\/usa-gv.com\/pt-pt\/passaporte-para-os-eua\/"]}]},{"@type":"ImageObject","inLanguage":"pt-PT","@id":"https:\/\/usa-gv.com\/pt-pt\/passaporte-para-os-eua\/#primaryimage","url":"https:\/\/usa-gv.com\/wp-content\/uploads\/2024\/03\/Europe-passport.jpg","contentUrl":"https:\/\/usa-gv.com\/wp-content\/uploads\/2024\/03\/Europe-passport.jpg"},{"@type":"BreadcrumbList","@id":"https:\/\/usa-gv.com\/pt-pt\/passaporte-para-os-eua\/#breadcrumb","itemListElement":[{"@type":"ListItem","position":1,"name":"Home","item":"https:\/\/usa-gv.com\/pt-pt\/guia-de-viagem-dos-eua\/"},{"@type":"ListItem","position":2,"name":"Passaportes aceites para viajar para os EUA"}]},{"@type":"WebSite","@id":"https:\/\/usa-gv.com\/pt-pt\/#website","url":"https:\/\/usa-gv.com\/pt-pt\/","name":"USA-GV.COM","description":"","potentialAction":[{"@type":"SearchAction","target":{"@type":"EntryPoint","urlTemplate":"https:\/\/usa-gv.com\/pt-pt\/?s={search_term_string}"},"query-input":{"@type":"PropertyValueSpecification","valueRequired":true,"valueName":"search_term_string"}}],"inLanguage":"pt-PT"}]}},"_links":{"self":[{"href":"https:\/\/usa-gv.com\/pt-pt\/wp-json\/wp\/v2\/pages\/2931","targetHints":{"allow":["GET"]}}],"collection":[{"href":"https:\/\/usa-gv.com\/pt-pt\/wp-json\/wp\/v2\/pages"}],"about":[{"href":"https:\/\/usa-gv.com\/pt-pt\/wp-json\/wp\/v2\/types\/page"}],"author":[{"embeddable":true,"href":"https:\/\/usa-gv.com\/pt-pt\/wp-json\/wp\/v2\/users\/1"}],"replies":[{"embeddable":true,"href":"https:\/\/usa-gv.com\/pt-pt\/wp-json\/wp\/v2\/comments?post=2931"}],"version-history":[{"count":1,"href":"https:\/\/usa-gv.com\/pt-pt\/wp-json\/wp\/v2\/pages\/2931\/revisions"}],"predecessor-version":[{"id":7646,"href":"https:\/\/usa-gv.com\/pt-pt\/wp-json\/wp\/v2\/pages\/2931\/revisions\/7646"}],"wp:attachment":[{"href":"https:\/\/usa-gv.com\/pt-pt\/wp-json\/wp\/v2\/media?parent=2931"}],"curies":[{"name":"wp","href":"https:\/\/api.w.org\/{rel}","templated":true}]}}