{"id":2913,"date":"2024-03-11T21:42:38","date_gmt":"2024-03-11T21:42:38","guid":{"rendered":"https:\/\/usa-gv.com\/regras-de-elegibilidade-para-esta\/"},"modified":"2025-02-25T11:51:59","modified_gmt":"2025-02-25T11:51:59","slug":"regras-de-elegibilidade-para-esta","status":"publish","type":"page","link":"https:\/\/usa-gv.com\/pt-pt\/regras-de-elegibilidade-para-esta\/","title":{"rendered":"As regras para obter um ESTA"},"content":{"rendered":"\n<h1 class=\"wp-block-heading\">Requisitos de elegibilidade para obter um ESTA<\/h1>\n\n<p>Viajar para os Estados Unidos ao abrigo do Programa de Isen\u00e7\u00e3o de Vistos requer uma autoriza\u00e7\u00e3o de viagem ESTA.\nEsta autoriza\u00e7\u00e3o \u00e9 essencial para os nacionais dos pa\u00edses participantes no VWP que pretendam visitar os Estados Unidos para estadias at\u00e9 90 dias.\nAs condi\u00e7\u00f5es de elegibilidade para obter um ESTA dizem respeito a :  <\/p>\n\n<ol class=\"wp-block-list\">\n<li>A nacionalidade do requerente<\/li>\n\n\n\n<li>Tipo de passaporte<\/li>\n\n\n\n<li>Dura\u00e7\u00e3o da estadia e motivo da estadia<\/li>\n\n\n\n<li>Perfil pessoal e de seguran\u00e7a<\/li>\n<\/ol>\n\n<div style=\"height:10px\" aria-hidden=\"true\" class=\"wp-block-spacer\"><\/div>\n\n<p><strong>Se preencheres estes crit\u00e9rios de elegibilidade<\/strong>, podes preencher o <a href=\"https:\/\/usa-gv.com\/pt-pt\/formulario-esta-em-linha\/\">formul\u00e1rio ESTA em linha<\/a> em apenas alguns minutos.<\/p>\n\n<div style=\"height:10px\" aria-hidden=\"true\" class=\"wp-block-spacer\"><\/div>\n\n<h2 class=\"wp-block-heading\">1. Cidad\u00e3os autorizados a requerer um ESTA<\/h2>\n\n<p>Para ser eleg\u00edvel para o ESTA, o viajante deve ser cidad\u00e3o ou nacional de um <a href=\"https:\/\/usa-gv.com\/pt-pt\/visa-waiver-program-eua\/\">pa\u00eds participante no VWP<\/a>.<\/p>\n\n<h2 class=\"wp-block-heading\">2. Tipos de passaportes autorizados a viajar para os EUA<\/h2>\n\n<p>Os viajantes estrangeiros devem ser titulares de um <a href=\"https:\/\/usa-gv.com\/pt-pt\/passaporte-para-os-eua\/\">passaporte v\u00e1lido para os EUA<\/a> e emitido por um pa\u00eds participante no VWP. Este passaporte deve ser :<\/p>\n\n<ul class=\"wp-block-list\">\n<li>Um passaporte eletr\u00f3nico que cont\u00e9m um chip digital.<\/li>\n\n\n\n<li>V\u00e1lido durante a tua estadia nos Estados Unidos.<\/li>\n<\/ul>\n\n<div style=\"height:10px\" aria-hidden=\"true\" class=\"wp-block-spacer\"><\/div>\n\n<h2 class=\"wp-block-heading\">3. Motivo e dura\u00e7\u00e3o da estada<\/h2>\n\n<p>A autoriza\u00e7\u00e3o ESTA s\u00f3 \u00e9 necess\u00e1ria para estadias de curta dura\u00e7\u00e3o.\nO ESTA \u00e9 para estadias at\u00e9 90 dias.\nSe tencionas ficar mais tempo, ter\u00e1s de obter um <a href=\"https:\/\/usa-gv.com\/pt-pt\/visto-turista-eua\/\">visto de turista para os EUA<\/a>.  <\/p>\n\n<p><strong>Os motivos de viagem aceit\u00e1veis para obter um ESTA incluem<\/strong>: Turismo, visitas a familiares ou amigos, compromissos de neg\u00f3cios (reuni\u00f5es, confer\u00eancias), tratamento m\u00e9dico ou <a href=\"https:\/\/usa-gv.com\/pt-pt\/esta-transito-eua\/\">tr\u00e2nsito pelos EUA<\/a>.<\/p>\n\n<p>As estadias para efeitos de estudo, trabalho remunerado ou resid\u00eancia permanente n\u00e3o s\u00e3o autorizadas com a autoriza\u00e7\u00e3o de viagem ESTA.<\/p>\n\n<h2 class=\"wp-block-heading\">4. Condi\u00e7\u00f5es pessoais e de seguran\u00e7a<\/h2>\n\n<p>Para obter a autoriza\u00e7\u00e3o de viagem ESTA, tens de cumprir os requisitos de sa\u00fade e seguran\u00e7a das autoridades fronteiri\u00e7as dos EUA.\nA \u00faltima parte das <a href=\"https:\/\/usa-gv.com\/pt-pt\/perguntas-do-formulario-esta\/\">perguntas do ESTA<\/a> diz respeito ao teu perfil de seguran\u00e7a pessoal para os EUA: <\/p>\n\n<ul class=\"wp-block-list\">\n<li><strong>Registo criminal<\/strong>: Tem de responder a uma s\u00e9rie de perguntas de seguran\u00e7a quando <a href=\"https:\/\/usa-gv.com\/pt-pt\/como-solicitar-esta\/\">se candidata ao ESTA<\/a>. Qualquer condena\u00e7\u00e3o criminal, doen\u00e7a contagiosa ou viola\u00e7\u00e3o anterior das leis de imigra\u00e7\u00e3o dos EUA pode resultar na <a href=\"https:\/\/usa-gv.com\/pt-pt\/pedido-esta-recusado\/\">recusa do teu ESTA<\/a>.<\/li>\n\n\n\n<li><strong>Problemas de sa\u00fade<\/strong>: Tens de declarar se sofres de certas doen\u00e7as contagiosas.\nPode ser recusado o ESTA a pessoas que representem um risco para a sa\u00fade p\u00fablica. <\/li>\n\n\n\n<li><strong>Viagens a certos pa\u00edses<\/strong>: Se viajaste para o Ir\u00e3o, Iraque, L\u00edbia, Coreia do Norte, Som\u00e1lia, Sud\u00e3o, S\u00edria ou I\u00e9men depois de 1 de mar\u00e7o de 2011, n\u00e3o ser\u00e1s eleg\u00edvel para um ESTA e ter\u00e1s de pedir um visto.<\/li>\n<\/ul>\n\n<ol start=\"3\" class=\"wp-block-list\">\n<li><\/li>\n<\/ol>\n","protected":false},"excerpt":{"rendered":"<p>Requisitos de elegibilidade para obter um ESTA Viajar para os Estados Unidos ao abrigo do Programa de Isen\u00e7\u00e3o de Vistos requer uma autoriza\u00e7\u00e3o de viagem ESTA. Esta autoriza\u00e7\u00e3o \u00e9 essencial para os nacionais dos pa\u00edses participantes no VWP que pretendam visitar os Estados Unidos para estadias at\u00e9 90 dias. As condi\u00e7\u00f5es de elegibilidade para obter [&hellip;]<\/p>\n","protected":false},"author":1,"featured_media":0,"parent":0,"menu_order":0,"comment_status":"closed","ping_status":"closed","template":"","meta":{"footnotes":""},"class_list":["post-2913","page","type-page","status-publish","hentry"],"yoast_head":"<!-- This site is optimized with the Yoast SEO plugin v26.6 - https:\/\/yoast.com\/wordpress\/plugins\/seo\/ -->\n<title>As regras para obter um ESTA - USA-GV.COM<\/title>\n<meta name=\"description\" content=\"A autoriza\u00e7\u00e3o de viagem ESTA s\u00f3 pode ser obtida se o viajante preencher determinados crit\u00e9rios de elegibilidade.\" \/>\n<meta name=\"robots\" content=\"index, follow, max-snippet:-1, max-image-preview:large, max-video-preview:-1\" \/>\n<link rel=\"canonical\" href=\"https:\/\/usa-gv.com\/pt-pt\/regras-de-elegibilidade-para-esta\/\" \/>\n<meta property=\"og:locale\" content=\"pt_PT\" \/>\n<meta property=\"og:type\" content=\"article\" \/>\n<meta property=\"og:title\" content=\"As regras para obter um ESTA - USA-GV.COM\" \/>\n<meta property=\"og:description\" content=\"A autoriza\u00e7\u00e3o de viagem ESTA s\u00f3 pode ser obtida se o viajante preencher determinados crit\u00e9rios de elegibilidade.\" \/>\n<meta property=\"og:url\" content=\"https:\/\/usa-gv.com\/pt-pt\/regras-de-elegibilidade-para-esta\/\" \/>\n<meta property=\"og:site_name\" content=\"USA-GV.COM\" \/>\n<meta property=\"article:modified_time\" content=\"2025-02-25T11:51:59+00:00\" \/>\n<meta name=\"twitter:card\" content=\"summary_large_image\" \/>\n<meta name=\"twitter:label1\" content=\"Tempo estimado de leitura\" \/>\n\t<meta name=\"twitter:data1\" content=\"2 minutos\" \/>\n<script type=\"application\/ld+json\" class=\"yoast-schema-graph\">{\"@context\":\"https:\/\/schema.org\",\"@graph\":[{\"@type\":\"WebPage\",\"@id\":\"https:\/\/usa-gv.com\/pt-pt\/regras-de-elegibilidade-para-esta\/\",\"url\":\"https:\/\/usa-gv.com\/pt-pt\/regras-de-elegibilidade-para-esta\/\",\"name\":\"As regras para obter um ESTA - USA-GV.COM\",\"isPartOf\":{\"@id\":\"https:\/\/usa-gv.com\/pt-pt\/#website\"},\"datePublished\":\"2024-03-11T21:42:38+00:00\",\"dateModified\":\"2025-02-25T11:51:59+00:00\",\"description\":\"A autoriza\u00e7\u00e3o de viagem ESTA s\u00f3 pode ser obtida se o viajante preencher determinados crit\u00e9rios de elegibilidade.\",\"breadcrumb\":{\"@id\":\"https:\/\/usa-gv.com\/pt-pt\/regras-de-elegibilidade-para-esta\/#breadcrumb\"},\"inLanguage\":\"pt-PT\",\"potentialAction\":[{\"@type\":\"ReadAction\",\"target\":[\"https:\/\/usa-gv.com\/pt-pt\/regras-de-elegibilidade-para-esta\/\"]}]},{\"@type\":\"BreadcrumbList\",\"@id\":\"https:\/\/usa-gv.com\/pt-pt\/regras-de-elegibilidade-para-esta\/#breadcrumb\",\"itemListElement\":[{\"@type\":\"ListItem\",\"position\":1,\"name\":\"Home\",\"item\":\"https:\/\/usa-gv.com\/pt-pt\/guia-de-viagem-dos-eua\/\"},{\"@type\":\"ListItem\",\"position\":2,\"name\":\"As regras para obter um ESTA\"}]},{\"@type\":\"WebSite\",\"@id\":\"https:\/\/usa-gv.com\/pt-pt\/#website\",\"url\":\"https:\/\/usa-gv.com\/pt-pt\/\",\"name\":\"USA-GV.COM\",\"description\":\"\",\"potentialAction\":[{\"@type\":\"SearchAction\",\"target\":{\"@type\":\"EntryPoint\",\"urlTemplate\":\"https:\/\/usa-gv.com\/pt-pt\/?s={search_term_string}\"},\"query-input\":{\"@type\":\"PropertyValueSpecification\",\"valueRequired\":true,\"valueName\":\"search_term_string\"}}],\"inLanguage\":\"pt-PT\"}]}<\/script>\n<!-- \/ Yoast SEO plugin. -->","yoast_head_json":{"title":"As regras para obter um ESTA - USA-GV.COM","description":"A autoriza\u00e7\u00e3o de viagem ESTA s\u00f3 pode ser obtida se o viajante preencher determinados crit\u00e9rios de elegibilidade.","robots":{"index":"index","follow":"follow","max-snippet":"max-snippet:-1","max-image-preview":"max-image-preview:large","max-video-preview":"max-video-preview:-1"},"canonical":"https:\/\/usa-gv.com\/pt-pt\/regras-de-elegibilidade-para-esta\/","og_locale":"pt_PT","og_type":"article","og_title":"As regras para obter um ESTA - USA-GV.COM","og_description":"A autoriza\u00e7\u00e3o de viagem ESTA s\u00f3 pode ser obtida se o viajante preencher determinados crit\u00e9rios de elegibilidade.","og_url":"https:\/\/usa-gv.com\/pt-pt\/regras-de-elegibilidade-para-esta\/","og_site_name":"USA-GV.COM","article_modified_time":"2025-02-25T11:51:59+00:00","twitter_card":"summary_large_image","twitter_misc":{"Tempo estimado de leitura":"2 minutos"},"schema":{"@context":"https:\/\/schema.org","@graph":[{"@type":"WebPage","@id":"https:\/\/usa-gv.com\/pt-pt\/regras-de-elegibilidade-para-esta\/","url":"https:\/\/usa-gv.com\/pt-pt\/regras-de-elegibilidade-para-esta\/","name":"As regras para obter um ESTA - USA-GV.COM","isPartOf":{"@id":"https:\/\/usa-gv.com\/pt-pt\/#website"},"datePublished":"2024-03-11T21:42:38+00:00","dateModified":"2025-02-25T11:51:59+00:00","description":"A autoriza\u00e7\u00e3o de viagem ESTA s\u00f3 pode ser obtida se o viajante preencher determinados crit\u00e9rios de elegibilidade.","breadcrumb":{"@id":"https:\/\/usa-gv.com\/pt-pt\/regras-de-elegibilidade-para-esta\/#breadcrumb"},"inLanguage":"pt-PT","potentialAction":[{"@type":"ReadAction","target":["https:\/\/usa-gv.com\/pt-pt\/regras-de-elegibilidade-para-esta\/"]}]},{"@type":"BreadcrumbList","@id":"https:\/\/usa-gv.com\/pt-pt\/regras-de-elegibilidade-para-esta\/#breadcrumb","itemListElement":[{"@type":"ListItem","position":1,"name":"Home","item":"https:\/\/usa-gv.com\/pt-pt\/guia-de-viagem-dos-eua\/"},{"@type":"ListItem","position":2,"name":"As regras para obter um ESTA"}]},{"@type":"WebSite","@id":"https:\/\/usa-gv.com\/pt-pt\/#website","url":"https:\/\/usa-gv.com\/pt-pt\/","name":"USA-GV.COM","description":"","potentialAction":[{"@type":"SearchAction","target":{"@type":"EntryPoint","urlTemplate":"https:\/\/usa-gv.com\/pt-pt\/?s={search_term_string}"},"query-input":{"@type":"PropertyValueSpecification","valueRequired":true,"valueName":"search_term_string"}}],"inLanguage":"pt-PT"}]}},"_links":{"self":[{"href":"https:\/\/usa-gv.com\/pt-pt\/wp-json\/wp\/v2\/pages\/2913","targetHints":{"allow":["GET"]}}],"collection":[{"href":"https:\/\/usa-gv.com\/pt-pt\/wp-json\/wp\/v2\/pages"}],"about":[{"href":"https:\/\/usa-gv.com\/pt-pt\/wp-json\/wp\/v2\/types\/page"}],"author":[{"embeddable":true,"href":"https:\/\/usa-gv.com\/pt-pt\/wp-json\/wp\/v2\/users\/1"}],"replies":[{"embeddable":true,"href":"https:\/\/usa-gv.com\/pt-pt\/wp-json\/wp\/v2\/comments?post=2913"}],"version-history":[{"count":1,"href":"https:\/\/usa-gv.com\/pt-pt\/wp-json\/wp\/v2\/pages\/2913\/revisions"}],"predecessor-version":[{"id":7629,"href":"https:\/\/usa-gv.com\/pt-pt\/wp-json\/wp\/v2\/pages\/2913\/revisions\/7629"}],"wp:attachment":[{"href":"https:\/\/usa-gv.com\/pt-pt\/wp-json\/wp\/v2\/media?parent=2913"}],"curies":[{"name":"wp","href":"https:\/\/api.w.org\/{rel}","templated":true}]}}