{"id":2893,"date":"2024-03-12T09:15:27","date_gmt":"2024-03-12T09:15:27","guid":{"rendered":"https:\/\/usa-gv.com\/perguntas-do-formulario-esta\/"},"modified":"2025-02-25T11:51:40","modified_gmt":"2025-02-25T11:51:40","slug":"perguntas-do-formulario-esta","status":"publish","type":"page","link":"https:\/\/usa-gv.com\/pt-pt\/perguntas-do-formulario-esta\/","title":{"rendered":"Perguntas sobre o formul\u00e1rio ESTA em linha"},"content":{"rendered":"\n<h1 class=\"wp-block-heading\">Que perguntas s\u00e3o feitas no formul\u00e1rio ESTA?<\/h1>\n\n<p>O formul\u00e1rio ESTA \u00e9 preenchido em linha.\nInclui tr\u00eas sec\u00e7\u00f5es separadas de informa\u00e7\u00f5es que devem ser preenchidas para validar o pedido em linha de autoriza\u00e7\u00e3o de viagem ESTA. <\/p>\n\n<p>Estas tr\u00eas rubricas principais est\u00e3o em ordem:<\/p>\n\n<ul class=\"wp-block-list\">\n<li>Dados de identifica\u00e7\u00e3o pessoal do viajante ;<\/li>\n\n\n\n<li>Informa\u00e7\u00f5es de viagem para os Estados Unidos ;<\/li>\n\n\n\n<li>Perguntas sobre o estado de sa\u00fade, as inten\u00e7\u00f5es e o registo criminal do viajante.<\/li>\n<\/ul>\n\n<div style=\"height:10px\" aria-hidden=\"true\" class=\"wp-block-spacer\"><\/div>\n\n<p><strong>Para preencher o formul\u00e1rio<\/strong>, basta clicar em <a href=\"https:\/\/usa-gv.com\/pt-pt\/formulario-esta-em-linha\/\">ESTA online form<\/a>.<\/p>\n\n<div style=\"height:10px\" aria-hidden=\"true\" class=\"wp-block-spacer\"><\/div>\n\n<h2 class=\"wp-block-heading\">Dados pessoais do viajante<\/h2>\n\n<p>Nesta primeira parte do question\u00e1rio, os candidatos devem preencher todos os seus dados de identifica\u00e7\u00e3o pessoal.\nOs principais dados a introduzir s\u00e3o: nome pr\u00f3prio e apelido, data e local de nascimento, sexo, estado civil, endere\u00e7o eletr\u00f3nico, identidade dos pais, dados de contacto do \u00faltimo empregador. <\/p>\n\n<p>Desde dezembro de 2022, tem de descarregar o seu <a href=\"https:\/\/usa-gv.com\/pt-pt\/passaporte-para-os-eua\/\">passaporte para os EUA<\/a> em linha para validar as informa\u00e7\u00f5es introduzidas na primeira parte do formul\u00e1rio.<\/p>\n\n<h2 class=\"wp-block-heading\">Informa\u00e7\u00f5es de viagem para os Estados Unidos<\/h2>\n\n<p>A segunda parte do formul\u00e1rio no s\u00edtio <a href=\"https:\/\/usa-gv.com\/pt-pt\/sitio-web-oficial-esta\/\">Web oficial do ESTA<\/a> \u00e9 utilizada para introduzir informa\u00e7\u00f5es sobre a viagem para os Estados Unidos. O viajante deve fornecer informa\u00e7\u00f5es sobre a companhia a\u00e9rea, a cidade de embarque da viagem e o local de resid\u00eancia nos EUA durante a estadia.<\/p>\n\n<p>Por \u00faltimo, \u00e9 necess\u00e1rio fornecer os dados de contacto da pessoa a contactar em caso de emerg\u00eancia, quer se encontre nos Estados Unidos ou fora do pa\u00eds.<\/p>\n\n<h2 class=\"wp-block-heading\">Perguntas sobre sa\u00fade e registo criminal<\/h2>\n\n<p>A parte final do question\u00e1rio \u00e9 constitu\u00edda por 10 perguntas de qualifica\u00e7\u00e3o.\nEstas perguntas permitem \u00e0s autoridades americanas determinar a elegibilidade do viajante para entrar nos Estados Unidos ao abrigo do <a href=\"https:\/\/usa-gv.com\/pt-pt\/visa-waiver-program-eua\/\">Programa de Isen\u00e7\u00e3o de Vistos<\/a>.\nAs perguntas s\u00e3o fechadas, pelo que s\u00f3 precisa de responder SIM ou N\u00c3O.\nEis os temas das perguntas:   <\/p>\n\n<ul class=\"wp-block-list\">\n<li>A sa\u00fade pessoal do viajante<\/li>\n\n\n\n<li>O seu registo criminal<\/li>\n\n\n\n<li>O seu historial de drogas<\/li>\n\n\n\n<li>Potenciais actividades terroristas<\/li>\n\n\n\n<li>Aspira\u00e7\u00f5es profissionais dos candidatos nos Estados Unidos<\/li>\n\n\n\n<li>Hist\u00f3ria dos pedidos de visto nos EUA<\/li>\n\n\n\n<li>As suas viagens anteriores a \u00c1frica e ao M\u00e9dio Oriente.<\/li>\n<\/ul>\n\n<div style=\"height:10px\" aria-hidden=\"true\" class=\"wp-block-spacer\"><\/div>\n\n<p>A \u00faltima caixa a assinalar permite aos viajantes certificar que leram e compreenderam o formul\u00e1rio ESTA preenchido.\nO viajante renuncia ao direito de contestar qualquer decis\u00e3o tomada pelo funcion\u00e1rio dos servi\u00e7os de imigra\u00e7\u00e3o aquando do desalfandegamento \u00e0 chegada aos Estados Unidos. <\/p>\n\n<h2 class=\"wp-block-heading\">De que documentos necessito para responder \u00e0s perguntas do ESTA?<\/h2>\n\n<p>Para preencher as perguntas do formul\u00e1rio ESTA em linha, os viajantes devem ter consigo os seguintes <a href=\"https:\/\/usa-gv.com\/pt-pt\/documentos-viagem-para-eua\/\">documentos de viagem dos EUA<\/a>:<\/p>\n\n<ul class=\"wp-block-list\">\n<li><a href=\"https:\/\/usa-gv.com\/pt-pt\/passaporte-para-os-eua\/\">Passaporte v\u00e1lido para os EUA<\/a>;<\/li>\n\n\n\n<li>Informa\u00e7\u00f5es sobre o seu bilhete de avi\u00e3o para os EUA ;<\/li>\n\n\n\n<li>Um cart\u00e3o banc\u00e1rio para <a href=\"https:\/\/usa-gv.com\/pt-pt\/como-pagar-um-esta\/\">pagar o ESTA<\/a>.<\/li>\n<\/ul>\n","protected":false},"excerpt":{"rendered":"<p>Que perguntas s\u00e3o feitas no formul\u00e1rio ESTA? O formul\u00e1rio ESTA \u00e9 preenchido em linha. Inclui tr\u00eas sec\u00e7\u00f5es separadas de informa\u00e7\u00f5es que devem ser preenchidas para validar o pedido em linha de autoriza\u00e7\u00e3o de viagem ESTA. Estas tr\u00eas rubricas principais est\u00e3o em ordem: Para preencher o formul\u00e1rio, basta clicar em ESTA online form. Dados pessoais do [&hellip;]<\/p>\n","protected":false},"author":1,"featured_media":0,"parent":0,"menu_order":0,"comment_status":"closed","ping_status":"closed","template":"","meta":{"footnotes":""},"class_list":["post-2893","page","type-page","status-publish","hentry"],"yoast_head":"<!-- This site is optimized with the Yoast SEO plugin v26.6 - https:\/\/yoast.com\/wordpress\/plugins\/seo\/ -->\n<title>Perguntas sobre o formul\u00e1rio ESTA em linha - USA-GV.COM<\/title>\n<meta name=\"description\" content=\"Descubra todas as perguntas a preencher no formul\u00e1rio ESTA para validar um pedido ESTA em linha.\" \/>\n<meta name=\"robots\" content=\"index, follow, max-snippet:-1, max-image-preview:large, max-video-preview:-1\" \/>\n<link rel=\"canonical\" href=\"https:\/\/usa-gv.com\/pt-pt\/perguntas-do-formulario-esta\/\" \/>\n<meta property=\"og:locale\" content=\"pt_PT\" \/>\n<meta property=\"og:type\" content=\"article\" \/>\n<meta property=\"og:title\" content=\"Perguntas sobre o formul\u00e1rio ESTA em linha - USA-GV.COM\" \/>\n<meta property=\"og:description\" content=\"Descubra todas as perguntas a preencher no formul\u00e1rio ESTA para validar um pedido ESTA em linha.\" \/>\n<meta property=\"og:url\" content=\"https:\/\/usa-gv.com\/pt-pt\/perguntas-do-formulario-esta\/\" \/>\n<meta property=\"og:site_name\" content=\"USA-GV.COM\" \/>\n<meta property=\"article:modified_time\" content=\"2025-02-25T11:51:40+00:00\" \/>\n<meta name=\"twitter:card\" content=\"summary_large_image\" \/>\n<meta name=\"twitter:label1\" content=\"Tempo estimado de leitura\" \/>\n\t<meta name=\"twitter:data1\" content=\"2 minutos\" \/>\n<script type=\"application\/ld+json\" class=\"yoast-schema-graph\">{\"@context\":\"https:\/\/schema.org\",\"@graph\":[{\"@type\":\"WebPage\",\"@id\":\"https:\/\/usa-gv.com\/pt-pt\/perguntas-do-formulario-esta\/\",\"url\":\"https:\/\/usa-gv.com\/pt-pt\/perguntas-do-formulario-esta\/\",\"name\":\"Perguntas sobre o formul\u00e1rio ESTA em linha - USA-GV.COM\",\"isPartOf\":{\"@id\":\"https:\/\/usa-gv.com\/pt-pt\/#website\"},\"datePublished\":\"2024-03-12T09:15:27+00:00\",\"dateModified\":\"2025-02-25T11:51:40+00:00\",\"description\":\"Descubra todas as perguntas a preencher no formul\u00e1rio ESTA para validar um pedido ESTA em linha.\",\"breadcrumb\":{\"@id\":\"https:\/\/usa-gv.com\/pt-pt\/perguntas-do-formulario-esta\/#breadcrumb\"},\"inLanguage\":\"pt-PT\",\"potentialAction\":[{\"@type\":\"ReadAction\",\"target\":[\"https:\/\/usa-gv.com\/pt-pt\/perguntas-do-formulario-esta\/\"]}]},{\"@type\":\"BreadcrumbList\",\"@id\":\"https:\/\/usa-gv.com\/pt-pt\/perguntas-do-formulario-esta\/#breadcrumb\",\"itemListElement\":[{\"@type\":\"ListItem\",\"position\":1,\"name\":\"Home\",\"item\":\"https:\/\/usa-gv.com\/pt-pt\/guia-de-viagem-dos-eua\/\"},{\"@type\":\"ListItem\",\"position\":2,\"name\":\"Perguntas sobre o formul\u00e1rio ESTA em linha\"}]},{\"@type\":\"WebSite\",\"@id\":\"https:\/\/usa-gv.com\/pt-pt\/#website\",\"url\":\"https:\/\/usa-gv.com\/pt-pt\/\",\"name\":\"USA-GV.COM\",\"description\":\"\",\"potentialAction\":[{\"@type\":\"SearchAction\",\"target\":{\"@type\":\"EntryPoint\",\"urlTemplate\":\"https:\/\/usa-gv.com\/pt-pt\/?s={search_term_string}\"},\"query-input\":{\"@type\":\"PropertyValueSpecification\",\"valueRequired\":true,\"valueName\":\"search_term_string\"}}],\"inLanguage\":\"pt-PT\"}]}<\/script>\n<!-- \/ Yoast SEO plugin. -->","yoast_head_json":{"title":"Perguntas sobre o formul\u00e1rio ESTA em linha - USA-GV.COM","description":"Descubra todas as perguntas a preencher no formul\u00e1rio ESTA para validar um pedido ESTA em linha.","robots":{"index":"index","follow":"follow","max-snippet":"max-snippet:-1","max-image-preview":"max-image-preview:large","max-video-preview":"max-video-preview:-1"},"canonical":"https:\/\/usa-gv.com\/pt-pt\/perguntas-do-formulario-esta\/","og_locale":"pt_PT","og_type":"article","og_title":"Perguntas sobre o formul\u00e1rio ESTA em linha - USA-GV.COM","og_description":"Descubra todas as perguntas a preencher no formul\u00e1rio ESTA para validar um pedido ESTA em linha.","og_url":"https:\/\/usa-gv.com\/pt-pt\/perguntas-do-formulario-esta\/","og_site_name":"USA-GV.COM","article_modified_time":"2025-02-25T11:51:40+00:00","twitter_card":"summary_large_image","twitter_misc":{"Tempo estimado de leitura":"2 minutos"},"schema":{"@context":"https:\/\/schema.org","@graph":[{"@type":"WebPage","@id":"https:\/\/usa-gv.com\/pt-pt\/perguntas-do-formulario-esta\/","url":"https:\/\/usa-gv.com\/pt-pt\/perguntas-do-formulario-esta\/","name":"Perguntas sobre o formul\u00e1rio ESTA em linha - USA-GV.COM","isPartOf":{"@id":"https:\/\/usa-gv.com\/pt-pt\/#website"},"datePublished":"2024-03-12T09:15:27+00:00","dateModified":"2025-02-25T11:51:40+00:00","description":"Descubra todas as perguntas a preencher no formul\u00e1rio ESTA para validar um pedido ESTA em linha.","breadcrumb":{"@id":"https:\/\/usa-gv.com\/pt-pt\/perguntas-do-formulario-esta\/#breadcrumb"},"inLanguage":"pt-PT","potentialAction":[{"@type":"ReadAction","target":["https:\/\/usa-gv.com\/pt-pt\/perguntas-do-formulario-esta\/"]}]},{"@type":"BreadcrumbList","@id":"https:\/\/usa-gv.com\/pt-pt\/perguntas-do-formulario-esta\/#breadcrumb","itemListElement":[{"@type":"ListItem","position":1,"name":"Home","item":"https:\/\/usa-gv.com\/pt-pt\/guia-de-viagem-dos-eua\/"},{"@type":"ListItem","position":2,"name":"Perguntas sobre o formul\u00e1rio ESTA em linha"}]},{"@type":"WebSite","@id":"https:\/\/usa-gv.com\/pt-pt\/#website","url":"https:\/\/usa-gv.com\/pt-pt\/","name":"USA-GV.COM","description":"","potentialAction":[{"@type":"SearchAction","target":{"@type":"EntryPoint","urlTemplate":"https:\/\/usa-gv.com\/pt-pt\/?s={search_term_string}"},"query-input":{"@type":"PropertyValueSpecification","valueRequired":true,"valueName":"search_term_string"}}],"inLanguage":"pt-PT"}]}},"_links":{"self":[{"href":"https:\/\/usa-gv.com\/pt-pt\/wp-json\/wp\/v2\/pages\/2893","targetHints":{"allow":["GET"]}}],"collection":[{"href":"https:\/\/usa-gv.com\/pt-pt\/wp-json\/wp\/v2\/pages"}],"about":[{"href":"https:\/\/usa-gv.com\/pt-pt\/wp-json\/wp\/v2\/types\/page"}],"author":[{"embeddable":true,"href":"https:\/\/usa-gv.com\/pt-pt\/wp-json\/wp\/v2\/users\/1"}],"replies":[{"embeddable":true,"href":"https:\/\/usa-gv.com\/pt-pt\/wp-json\/wp\/v2\/comments?post=2893"}],"version-history":[{"count":1,"href":"https:\/\/usa-gv.com\/pt-pt\/wp-json\/wp\/v2\/pages\/2893\/revisions"}],"predecessor-version":[{"id":7618,"href":"https:\/\/usa-gv.com\/pt-pt\/wp-json\/wp\/v2\/pages\/2893\/revisions\/7618"}],"wp:attachment":[{"href":"https:\/\/usa-gv.com\/pt-pt\/wp-json\/wp\/v2\/media?parent=2893"}],"curies":[{"name":"wp","href":"https:\/\/api.w.org\/{rel}","templated":true}]}}