{"id":2875,"date":"2024-03-12T20:17:01","date_gmt":"2024-03-12T20:17:01","guid":{"rendered":"https:\/\/usa-gv.com\/documentos-viagem-para-eua\/"},"modified":"2025-02-25T11:51:33","modified_gmt":"2025-02-25T11:51:33","slug":"documentos-viagem-para-eua","status":"publish","type":"page","link":"https:\/\/usa-gv.com\/pt-pt\/documentos-viagem-para-eua\/","title":{"rendered":"Documentos de viagem para os Estados Unidos"},"content":{"rendered":"\n<h1 class=\"wp-block-heading\">De que documentos de viagem necessito para entrar nos Estados Unidos?<\/h1>\n\n<p>Para viajar para os Estados Unidos s\u00e3o necess\u00e1rios determinados documentos de viagem.\nQuer sejas turista, estudante ou profissional, eis os documentos necess\u00e1rios para entrar nos Estados Unidos. <\/p>\n\n<h2 class=\"wp-block-heading\">Passaporte v\u00e1lido para os EUA<\/h2>\n\n<p>Para viajar no continente americano, \u00e9 necess\u00e1rio um <a href=\"https:\/\/usa-gv.com\/pt-pt\/passaporte-para-os-eua\/\">passaporte v\u00e1lido para entrar nos Estados Unidos<\/a>. Certifica-te de que o passaporte :<\/p>\n\n<ul class=\"wp-block-list\">\n<li>\u00c9 um passaporte eletr\u00f3nico que cont\u00e9m um chip digital.<\/li>\n\n\n\n<li>Cont\u00e9m pelo menos uma p\u00e1gina em branco para carimbos de entrada e sa\u00edda.<\/li>\n\n\n\n<li>\u00c9 v\u00e1lido para a dura\u00e7\u00e3o da tua estadia.<\/li>\n<\/ul>\n\n<div style=\"height:10px\" aria-hidden=\"true\" class=\"wp-block-spacer\"><\/div>\n\n<h2 class=\"wp-block-heading\">Autoriza\u00e7\u00e3o de viagem ou visto ESTA<\/h2>\n\n<p>Consoante o teu pa\u00eds de nacionalidade e a natureza da tua viagem, necessitar\u00e1s de um visto ou de uma autoriza\u00e7\u00e3o ESTA.<\/p>\n\n<ul class=\"wp-block-list\">\n<li><a href=\"https:\/\/usa-gv.com\/pt-pt\/visto-turista-eua\/\">Visto de turista B2<\/a>: exigido para estadias tur\u00edsticas superiores a 90 dias ou para os nacionais de pa\u00edses n\u00e3o eleg\u00edveis para o programa de isen\u00e7\u00e3o de vistos.<\/li>\n\n\n\n<li>Visto de neg\u00f3cios B1: Para viagens de neg\u00f3cios, reuni\u00f5es, confer\u00eancias ou negocia\u00e7\u00f5es de contratos.<\/li>\n\n\n\n<li><a href=\"https:\/\/usa-gv.com\/pt-pt\/\">Autoriza\u00e7\u00e3o ESTA<\/a>: Para os nacionais de pa\u00edses eleg\u00edveis para o <a href=\"https:\/\/usa-gv.com\/pt-pt\/visa-waiver-program-eua\/\">Programa de Isen\u00e7\u00e3o de Vistos<\/a>, \u00e9 necess\u00e1ria uma autoriza\u00e7\u00e3o ESTA para estadias at\u00e9 90 dias. O <a href=\"https:\/\/usa-gv.com\/pt-pt\/periodo-validade-esta\/\">ESTA \u00e9 v\u00e1lido<\/a> por dois anos ou at\u00e9 \u00e0 expira\u00e7\u00e3o do teu passaporte.<\/li>\n<\/ul>\n\n<div style=\"height:10px\" aria-hidden=\"true\" class=\"wp-block-spacer\"><\/div>\n\n<h2 class=\"wp-block-heading\">Bilhete a\u00e9reo de regresso<\/h2>\n\n<p>\u00c9 necess\u00e1rio um bilhete de regresso para obter uma autoriza\u00e7\u00e3o de viagem para os Estados Unidos.\nAs autoridades de imigra\u00e7\u00e3o dos EUA querem certificar-se de que os visitantes n\u00e3o tencionam prolongar a sua estadia autorizada.\nCertifica-te de que tens o teu bilhete de regresso.  <\/p>\n\n<h2 class=\"wp-block-heading\">Prova de recursos financeiros suficientes<\/h2>\n\n<p>Deves poder provar que tens fundos suficientes para te sustentares durante a tua estadia nos Estados Unidos.\nPodes incluir extractos banc\u00e1rios recentes, cartas de patroc\u00ednio financeiro, comprovativos de rendimentos regulares ou cart\u00f5es de cr\u00e9dito v\u00e1lidos. <\/p>\n\n<h2 class=\"wp-block-heading\">Carta de convite ou documenta\u00e7\u00e3o adicional<\/h2>\n\n<p>Dependendo do motivo da tua viagem, podes precisar de documentos adicionais:<\/p>\n\n<ul class=\"wp-block-list\">\n<li><strong>Viagem de neg\u00f3cios<\/strong>: Carta de convite da empresa americana, programa da confer\u00eancia e informa\u00e7\u00f5es sobre os contactos comerciais.<\/li>\n\n\n\n<li><strong>Turismo<\/strong>: reservas de hot\u00e9is, itiner\u00e1rios de viagem e comprovativos de reservas de excurs\u00f5es.<\/li>\n\n\n\n<li><strong>Estudos<\/strong>: Formul\u00e1rio I20 ou visto F1 para estudantes, comprovativo de inscri\u00e7\u00e3o e cartas de admiss\u00e3o.<\/li>\n<\/ul>\n\n<div style=\"height:10px\" aria-hidden=\"true\" class=\"wp-block-spacer\"><\/div>\n\n<h2 class=\"wp-block-heading\">Documentos para menores<\/h2>\n\n<p>Se <a href=\"https:\/\/usa-gv.com\/pt-pt\/esta-para-menores\/\">viajares com filhos menores<\/a>, s\u00e3o necess\u00e1rios documentos adicionais:<\/p>\n\n<ul class=\"wp-block-list\">\n<li>Certid\u00e3o de nascimento: Para provar a rela\u00e7\u00e3o com os pais ou tutores.<\/li>\n\n\n\n<li>Carta de autoriza\u00e7\u00e3o: Se apenas um dos progenitores viajar, pode ser necess\u00e1ria uma carta de autoriza\u00e7\u00e3o do outro progenitor.<\/li>\n<\/ul>\n","protected":false},"excerpt":{"rendered":"<p>De que documentos de viagem necessito para entrar nos Estados Unidos? Para viajar para os Estados Unidos s\u00e3o necess\u00e1rios determinados documentos de viagem. Quer sejas turista, estudante ou profissional, eis os documentos necess\u00e1rios para entrar nos Estados Unidos. Passaporte v\u00e1lido para os EUA Para viajar no continente americano, \u00e9 necess\u00e1rio um passaporte v\u00e1lido para entrar [&hellip;]<\/p>\n","protected":false},"author":1,"featured_media":0,"parent":0,"menu_order":0,"comment_status":"closed","ping_status":"closed","template":"","meta":{"footnotes":""},"class_list":["post-2875","page","type-page","status-publish","hentry"],"yoast_head":"<!-- This site is optimized with the Yoast SEO plugin v26.6 - https:\/\/yoast.com\/wordpress\/plugins\/seo\/ -->\n<title>Documentos de viagem para os Estados Unidos - USA-GV.COM<\/title>\n<meta name=\"description\" content=\"Descubra a lista de documentos necess\u00e1rios para embarcar numa viagem aos Estados Unidos\" \/>\n<meta name=\"robots\" content=\"index, follow, max-snippet:-1, max-image-preview:large, max-video-preview:-1\" \/>\n<link rel=\"canonical\" href=\"https:\/\/usa-gv.com\/pt-pt\/documentos-viagem-para-eua\/\" \/>\n<meta property=\"og:locale\" content=\"pt_PT\" \/>\n<meta property=\"og:type\" content=\"article\" \/>\n<meta property=\"og:title\" content=\"Documentos de viagem para os Estados Unidos - USA-GV.COM\" \/>\n<meta property=\"og:description\" content=\"Descubra a lista de documentos necess\u00e1rios para embarcar numa viagem aos Estados Unidos\" \/>\n<meta property=\"og:url\" content=\"https:\/\/usa-gv.com\/pt-pt\/documentos-viagem-para-eua\/\" \/>\n<meta property=\"og:site_name\" content=\"USA-GV.COM\" \/>\n<meta property=\"article:modified_time\" content=\"2025-02-25T11:51:33+00:00\" \/>\n<meta name=\"twitter:card\" content=\"summary_large_image\" \/>\n<meta name=\"twitter:label1\" content=\"Tempo estimado de leitura\" \/>\n\t<meta name=\"twitter:data1\" content=\"2 minutos\" \/>\n<script type=\"application\/ld+json\" class=\"yoast-schema-graph\">{\"@context\":\"https:\/\/schema.org\",\"@graph\":[{\"@type\":\"WebPage\",\"@id\":\"https:\/\/usa-gv.com\/pt-pt\/documentos-viagem-para-eua\/\",\"url\":\"https:\/\/usa-gv.com\/pt-pt\/documentos-viagem-para-eua\/\",\"name\":\"Documentos de viagem para os Estados Unidos - USA-GV.COM\",\"isPartOf\":{\"@id\":\"https:\/\/usa-gv.com\/pt-pt\/#website\"},\"datePublished\":\"2024-03-12T20:17:01+00:00\",\"dateModified\":\"2025-02-25T11:51:33+00:00\",\"description\":\"Descubra a lista de documentos necess\u00e1rios para embarcar numa viagem aos Estados Unidos\",\"breadcrumb\":{\"@id\":\"https:\/\/usa-gv.com\/pt-pt\/documentos-viagem-para-eua\/#breadcrumb\"},\"inLanguage\":\"pt-PT\",\"potentialAction\":[{\"@type\":\"ReadAction\",\"target\":[\"https:\/\/usa-gv.com\/pt-pt\/documentos-viagem-para-eua\/\"]}]},{\"@type\":\"BreadcrumbList\",\"@id\":\"https:\/\/usa-gv.com\/pt-pt\/documentos-viagem-para-eua\/#breadcrumb\",\"itemListElement\":[{\"@type\":\"ListItem\",\"position\":1,\"name\":\"Home\",\"item\":\"https:\/\/usa-gv.com\/pt-pt\/guia-de-viagem-dos-eua\/\"},{\"@type\":\"ListItem\",\"position\":2,\"name\":\"Documentos de viagem para os Estados Unidos\"}]},{\"@type\":\"WebSite\",\"@id\":\"https:\/\/usa-gv.com\/pt-pt\/#website\",\"url\":\"https:\/\/usa-gv.com\/pt-pt\/\",\"name\":\"USA-GV.COM\",\"description\":\"\",\"potentialAction\":[{\"@type\":\"SearchAction\",\"target\":{\"@type\":\"EntryPoint\",\"urlTemplate\":\"https:\/\/usa-gv.com\/pt-pt\/?s={search_term_string}\"},\"query-input\":{\"@type\":\"PropertyValueSpecification\",\"valueRequired\":true,\"valueName\":\"search_term_string\"}}],\"inLanguage\":\"pt-PT\"}]}<\/script>\n<!-- \/ Yoast SEO plugin. -->","yoast_head_json":{"title":"Documentos de viagem para os Estados Unidos - USA-GV.COM","description":"Descubra a lista de documentos necess\u00e1rios para embarcar numa viagem aos Estados Unidos","robots":{"index":"index","follow":"follow","max-snippet":"max-snippet:-1","max-image-preview":"max-image-preview:large","max-video-preview":"max-video-preview:-1"},"canonical":"https:\/\/usa-gv.com\/pt-pt\/documentos-viagem-para-eua\/","og_locale":"pt_PT","og_type":"article","og_title":"Documentos de viagem para os Estados Unidos - USA-GV.COM","og_description":"Descubra a lista de documentos necess\u00e1rios para embarcar numa viagem aos Estados Unidos","og_url":"https:\/\/usa-gv.com\/pt-pt\/documentos-viagem-para-eua\/","og_site_name":"USA-GV.COM","article_modified_time":"2025-02-25T11:51:33+00:00","twitter_card":"summary_large_image","twitter_misc":{"Tempo estimado de leitura":"2 minutos"},"schema":{"@context":"https:\/\/schema.org","@graph":[{"@type":"WebPage","@id":"https:\/\/usa-gv.com\/pt-pt\/documentos-viagem-para-eua\/","url":"https:\/\/usa-gv.com\/pt-pt\/documentos-viagem-para-eua\/","name":"Documentos de viagem para os Estados Unidos - USA-GV.COM","isPartOf":{"@id":"https:\/\/usa-gv.com\/pt-pt\/#website"},"datePublished":"2024-03-12T20:17:01+00:00","dateModified":"2025-02-25T11:51:33+00:00","description":"Descubra a lista de documentos necess\u00e1rios para embarcar numa viagem aos Estados Unidos","breadcrumb":{"@id":"https:\/\/usa-gv.com\/pt-pt\/documentos-viagem-para-eua\/#breadcrumb"},"inLanguage":"pt-PT","potentialAction":[{"@type":"ReadAction","target":["https:\/\/usa-gv.com\/pt-pt\/documentos-viagem-para-eua\/"]}]},{"@type":"BreadcrumbList","@id":"https:\/\/usa-gv.com\/pt-pt\/documentos-viagem-para-eua\/#breadcrumb","itemListElement":[{"@type":"ListItem","position":1,"name":"Home","item":"https:\/\/usa-gv.com\/pt-pt\/guia-de-viagem-dos-eua\/"},{"@type":"ListItem","position":2,"name":"Documentos de viagem para os Estados Unidos"}]},{"@type":"WebSite","@id":"https:\/\/usa-gv.com\/pt-pt\/#website","url":"https:\/\/usa-gv.com\/pt-pt\/","name":"USA-GV.COM","description":"","potentialAction":[{"@type":"SearchAction","target":{"@type":"EntryPoint","urlTemplate":"https:\/\/usa-gv.com\/pt-pt\/?s={search_term_string}"},"query-input":{"@type":"PropertyValueSpecification","valueRequired":true,"valueName":"search_term_string"}}],"inLanguage":"pt-PT"}]}},"_links":{"self":[{"href":"https:\/\/usa-gv.com\/pt-pt\/wp-json\/wp\/v2\/pages\/2875","targetHints":{"allow":["GET"]}}],"collection":[{"href":"https:\/\/usa-gv.com\/pt-pt\/wp-json\/wp\/v2\/pages"}],"about":[{"href":"https:\/\/usa-gv.com\/pt-pt\/wp-json\/wp\/v2\/types\/page"}],"author":[{"embeddable":true,"href":"https:\/\/usa-gv.com\/pt-pt\/wp-json\/wp\/v2\/users\/1"}],"replies":[{"embeddable":true,"href":"https:\/\/usa-gv.com\/pt-pt\/wp-json\/wp\/v2\/comments?post=2875"}],"version-history":[{"count":1,"href":"https:\/\/usa-gv.com\/pt-pt\/wp-json\/wp\/v2\/pages\/2875\/revisions"}],"predecessor-version":[{"id":7607,"href":"https:\/\/usa-gv.com\/pt-pt\/wp-json\/wp\/v2\/pages\/2875\/revisions\/7607"}],"wp:attachment":[{"href":"https:\/\/usa-gv.com\/pt-pt\/wp-json\/wp\/v2\/media?parent=2875"}],"curies":[{"name":"wp","href":"https:\/\/api.w.org\/{rel}","templated":true}]}}