{"id":2857,"date":"2024-03-12T20:47:05","date_gmt":"2024-03-12T20:47:05","guid":{"rendered":"https:\/\/usa-gv.com\/prazos-obtencao-esta\/"},"modified":"2025-02-25T11:51:26","modified_gmt":"2025-02-25T11:51:26","slug":"prazos-obtencao-esta","status":"publish","type":"page","link":"https:\/\/usa-gv.com\/pt-pt\/prazos-obtencao-esta\/","title":{"rendered":"Prazos para a obten\u00e7\u00e3o do ESTA"},"content":{"rendered":"\n<h1 class=\"wp-block-heading\">Quanto tempo demora a obten\u00e7\u00e3o de um ESTA?<\/h1>\n\n<p>Ao planear uma viagem aos Estados Unidos, obter um ESTA \u00e9 um passo crucial para os cidad\u00e3os de pa\u00edses que s\u00e3o membros do <a href=\"https:\/\/usa-gv.com\/pt-pt\/visa-waiver-program-eua\/\">Programa de Isen\u00e7\u00e3o de Vistos<\/a>. Saber quanto tempo demora a obter um ESTA pode ajudar-te a planear a tua viagem de forma eficiente e a evitar qualquer stress de \u00faltima hora. Aqui est\u00e1 tudo o que precisas de saber sobre o tempo que demora a obter um ESTA.<\/p>\n\n<h2 class=\"wp-block-heading\">Tempo de processamento do pedido ESTA<\/h2>\n\n<p>A maioria dos pedidos ESTA s\u00e3o processados rapidamente.\nRegra geral, os prazos de tratamento s\u00e3o os seguintes: <\/p>\n\n<ul class=\"wp-block-list\">\n<li><strong>Processamento instant\u00e2neo<\/strong>: Muitos pedidos s\u00e3o aprovados quase instantaneamente, muitas vezes poucos minutos depois de submeteres o <a href=\"https:\/\/usa-gv.com\/pt-pt\/formulario-esta-em-linha\/\">formul\u00e1rio ESTA online<\/a>.<\/li>\n\n\n\n<li><strong>Tratamento de 72 horas<\/strong>: Em alguns casos, o tratamento pode demorar at\u00e9 72 horas.\nPor conseguinte, recomendamos que apresentes o teu pedido pelo menos tr\u00eas dias antes da partida prevista. <\/li>\n<\/ul>\n\n<h2 class=\"wp-block-heading\">Factores que influenciam o tempo de processamento dos pedidos ESTA<\/h2>\n\n<p>V\u00e1rios factores podem influenciar a rapidez com que o teu pedido ESTA \u00e9 processado:<\/p>\n\n<ul class=\"wp-block-list\">\n<li><strong>Exatid\u00e3o das informa\u00e7\u00f5es fornecidas<\/strong>: Certifica-te de que todas as respostas \u00e0s <a href=\"https:\/\/usa-gv.com\/pt-pt\/perguntas-do-formulario-esta\/\">perguntas do ESTA<\/a> s\u00e3o exactas e completas. Os erros ou omiss\u00f5es podem causar atrasos.<\/li>\n\n\n\n<li><strong>Volume de pedidos<\/strong>: Durante per\u00edodos de grande procura, como feriados e \u00e9pocas de viagem, os tempos de processamento podem ser ligeiramente mais longos.<\/li>\n\n\n\n<li><strong>Controlos adicionais<\/strong>: Se o teu pedido exigir controlos adicionais, o processamento pode demorar mais tempo.<\/li>\n<\/ul>\n\n<h2 class=\"wp-block-heading\">Dicas para processar rapidamente um pedido ESTA<\/h2>\n\n<p>Para maximizar as suas hip\u00f3teses de obter a aprova\u00e7\u00e3o r\u00e1pida do seu ESTA, segue estas dicas:<\/p>\n\n<ul class=\"wp-block-list\">\n<li><strong>Submeter o pedido ESTA com anteced\u00eancia<\/strong>: Submete o seu pedido assim que come\u00e7ar a planear a sua viagem.<\/li>\n\n\n\n<li><strong>Verifica a tua informa\u00e7\u00e3o<\/strong>: Verifica duas vezes toda a informa\u00e7\u00e3o antes de submeteres o <a href=\"https:\/\/usa-gv.com\/pt-pt\/preencha-formulario-esta-online\/\">formul\u00e1rio ESTA<\/a>. Um pedido completo e preciso \u00e9 tratado mais rapidamente.<\/li>\n\n\n\n<li><strong>Utiliza uma liga\u00e7\u00e3o fi\u00e1vel \u00e0 Internet<\/strong>: apresenta o teu pedido a partir de um local com uma liga\u00e7\u00e3o est\u00e1vel \u00e0 Internet para evitar interrup\u00e7\u00f5es durante o processo.<\/li>\n<\/ul>\n\n<h2 class=\"wp-block-heading\">O que devo fazer se me atrasar ou for recusado?<\/h2>\n\n<p>Se o teu pedido ESTA n\u00e3o for aprovado imediatamente, eis o que podes fazer:<\/p>\n\n<ul class=\"wp-block-list\">\n<li><strong>Verificar o estado do teu pedido ESTA<\/strong>: Utiliza o n\u00famero do pedido para <a href=\"https:\/\/usa-gv.com\/pt-pt\/verifique-validade-esta\/\">verificar o estado do teu ESTA em linha<\/a>. Se o teu <a href=\"https:\/\/usa-gv.com\/pt-pt\/pedido-esta-pendente\/\">ESTA estiver em espera<\/a>, isso n\u00e3o significa que ser\u00e1 recusado. S\u00f3 tens de esperar 72 horas por uma resposta.<\/li>\n\n\n\n<li><strong>Pedido de visto<\/strong>: Se o teu <a href=\"https:\/\/usa-gv.com\/pt-pt\/pedido-esta-recusado\/\">pedido ESTA for rejeitado<\/a>, podes ter de pedir um <a href=\"https:\/\/usa-gv.com\/pt-pt\/visto-turista-eua\/\">visto de turista americano<\/a> numa embaixada americana mais pr\u00f3xima.<\/li>\n<\/ul>\n\n<h2 class=\"wp-block-heading\">Prazo de validade e renova\u00e7\u00e3o<\/h2>\n\n<p>Uma vez aprovado, o teu ESTA \u00e9 v\u00e1lido por dois anos, ou at\u00e9 que o teu passaporte expire.\nPodes utilizar o mesmo ESTA para v\u00e1rias viagens aos Estados Unidos durante este per\u00edodo, desde que cada estadia n\u00e3o exceda 90 dias.\nSe o teu ESTA expirar, ter\u00e1s de apresentar um novo pedido antes da tua pr\u00f3xima viagem.  <\/p>\n","protected":false},"excerpt":{"rendered":"<p>Quanto tempo demora a obten\u00e7\u00e3o de um ESTA? Ao planear uma viagem aos Estados Unidos, obter um ESTA \u00e9 um passo crucial para os cidad\u00e3os de pa\u00edses que s\u00e3o membros do Programa de Isen\u00e7\u00e3o de Vistos. Saber quanto tempo demora a obter um ESTA pode ajudar-te a planear a tua viagem de forma eficiente e [&hellip;]<\/p>\n","protected":false},"author":1,"featured_media":0,"parent":0,"menu_order":0,"comment_status":"closed","ping_status":"closed","template":"","meta":{"footnotes":""},"class_list":["post-2857","page","type-page","status-publish","hentry"],"yoast_head":"<!-- This site is optimized with the Yoast SEO plugin v26.6 - https:\/\/yoast.com\/wordpress\/plugins\/seo\/ -->\n<title>Prazos para a obten\u00e7\u00e3o do ESTA - USA-GV.COM<\/title>\n<meta name=\"description\" content=\"Quanto tempo \u00e9 necess\u00e1rio para processar um pedido ESTA e obter um certificado de viagem v\u00e1lido?\" \/>\n<meta name=\"robots\" content=\"index, follow, max-snippet:-1, max-image-preview:large, max-video-preview:-1\" \/>\n<link rel=\"canonical\" href=\"https:\/\/usa-gv.com\/pt-pt\/prazos-obtencao-esta\/\" \/>\n<meta property=\"og:locale\" content=\"pt_PT\" \/>\n<meta property=\"og:type\" content=\"article\" \/>\n<meta property=\"og:title\" content=\"Prazos para a obten\u00e7\u00e3o do ESTA - USA-GV.COM\" \/>\n<meta property=\"og:description\" content=\"Quanto tempo \u00e9 necess\u00e1rio para processar um pedido ESTA e obter um certificado de viagem v\u00e1lido?\" \/>\n<meta property=\"og:url\" content=\"https:\/\/usa-gv.com\/pt-pt\/prazos-obtencao-esta\/\" \/>\n<meta property=\"og:site_name\" content=\"USA-GV.COM\" \/>\n<meta property=\"article:modified_time\" content=\"2025-02-25T11:51:26+00:00\" \/>\n<meta name=\"twitter:card\" content=\"summary_large_image\" \/>\n<meta name=\"twitter:label1\" content=\"Tempo estimado de leitura\" \/>\n\t<meta name=\"twitter:data1\" content=\"3 minutos\" \/>\n<script type=\"application\/ld+json\" class=\"yoast-schema-graph\">{\"@context\":\"https:\/\/schema.org\",\"@graph\":[{\"@type\":\"WebPage\",\"@id\":\"https:\/\/usa-gv.com\/pt-pt\/prazos-obtencao-esta\/\",\"url\":\"https:\/\/usa-gv.com\/pt-pt\/prazos-obtencao-esta\/\",\"name\":\"Prazos para a obten\u00e7\u00e3o do ESTA - USA-GV.COM\",\"isPartOf\":{\"@id\":\"https:\/\/usa-gv.com\/pt-pt\/#website\"},\"datePublished\":\"2024-03-12T20:47:05+00:00\",\"dateModified\":\"2025-02-25T11:51:26+00:00\",\"description\":\"Quanto tempo \u00e9 necess\u00e1rio para processar um pedido ESTA e obter um certificado de viagem v\u00e1lido?\",\"breadcrumb\":{\"@id\":\"https:\/\/usa-gv.com\/pt-pt\/prazos-obtencao-esta\/#breadcrumb\"},\"inLanguage\":\"pt-PT\",\"potentialAction\":[{\"@type\":\"ReadAction\",\"target\":[\"https:\/\/usa-gv.com\/pt-pt\/prazos-obtencao-esta\/\"]}]},{\"@type\":\"BreadcrumbList\",\"@id\":\"https:\/\/usa-gv.com\/pt-pt\/prazos-obtencao-esta\/#breadcrumb\",\"itemListElement\":[{\"@type\":\"ListItem\",\"position\":1,\"name\":\"Home\",\"item\":\"https:\/\/usa-gv.com\/pt-pt\/guia-de-viagem-dos-eua\/\"},{\"@type\":\"ListItem\",\"position\":2,\"name\":\"Prazos para a obten\u00e7\u00e3o do ESTA\"}]},{\"@type\":\"WebSite\",\"@id\":\"https:\/\/usa-gv.com\/pt-pt\/#website\",\"url\":\"https:\/\/usa-gv.com\/pt-pt\/\",\"name\":\"USA-GV.COM\",\"description\":\"\",\"potentialAction\":[{\"@type\":\"SearchAction\",\"target\":{\"@type\":\"EntryPoint\",\"urlTemplate\":\"https:\/\/usa-gv.com\/pt-pt\/?s={search_term_string}\"},\"query-input\":{\"@type\":\"PropertyValueSpecification\",\"valueRequired\":true,\"valueName\":\"search_term_string\"}}],\"inLanguage\":\"pt-PT\"}]}<\/script>\n<!-- \/ Yoast SEO plugin. -->","yoast_head_json":{"title":"Prazos para a obten\u00e7\u00e3o do ESTA - USA-GV.COM","description":"Quanto tempo \u00e9 necess\u00e1rio para processar um pedido ESTA e obter um certificado de viagem v\u00e1lido?","robots":{"index":"index","follow":"follow","max-snippet":"max-snippet:-1","max-image-preview":"max-image-preview:large","max-video-preview":"max-video-preview:-1"},"canonical":"https:\/\/usa-gv.com\/pt-pt\/prazos-obtencao-esta\/","og_locale":"pt_PT","og_type":"article","og_title":"Prazos para a obten\u00e7\u00e3o do ESTA - USA-GV.COM","og_description":"Quanto tempo \u00e9 necess\u00e1rio para processar um pedido ESTA e obter um certificado de viagem v\u00e1lido?","og_url":"https:\/\/usa-gv.com\/pt-pt\/prazos-obtencao-esta\/","og_site_name":"USA-GV.COM","article_modified_time":"2025-02-25T11:51:26+00:00","twitter_card":"summary_large_image","twitter_misc":{"Tempo estimado de leitura":"3 minutos"},"schema":{"@context":"https:\/\/schema.org","@graph":[{"@type":"WebPage","@id":"https:\/\/usa-gv.com\/pt-pt\/prazos-obtencao-esta\/","url":"https:\/\/usa-gv.com\/pt-pt\/prazos-obtencao-esta\/","name":"Prazos para a obten\u00e7\u00e3o do ESTA - USA-GV.COM","isPartOf":{"@id":"https:\/\/usa-gv.com\/pt-pt\/#website"},"datePublished":"2024-03-12T20:47:05+00:00","dateModified":"2025-02-25T11:51:26+00:00","description":"Quanto tempo \u00e9 necess\u00e1rio para processar um pedido ESTA e obter um certificado de viagem v\u00e1lido?","breadcrumb":{"@id":"https:\/\/usa-gv.com\/pt-pt\/prazos-obtencao-esta\/#breadcrumb"},"inLanguage":"pt-PT","potentialAction":[{"@type":"ReadAction","target":["https:\/\/usa-gv.com\/pt-pt\/prazos-obtencao-esta\/"]}]},{"@type":"BreadcrumbList","@id":"https:\/\/usa-gv.com\/pt-pt\/prazos-obtencao-esta\/#breadcrumb","itemListElement":[{"@type":"ListItem","position":1,"name":"Home","item":"https:\/\/usa-gv.com\/pt-pt\/guia-de-viagem-dos-eua\/"},{"@type":"ListItem","position":2,"name":"Prazos para a obten\u00e7\u00e3o do ESTA"}]},{"@type":"WebSite","@id":"https:\/\/usa-gv.com\/pt-pt\/#website","url":"https:\/\/usa-gv.com\/pt-pt\/","name":"USA-GV.COM","description":"","potentialAction":[{"@type":"SearchAction","target":{"@type":"EntryPoint","urlTemplate":"https:\/\/usa-gv.com\/pt-pt\/?s={search_term_string}"},"query-input":{"@type":"PropertyValueSpecification","valueRequired":true,"valueName":"search_term_string"}}],"inLanguage":"pt-PT"}]}},"_links":{"self":[{"href":"https:\/\/usa-gv.com\/pt-pt\/wp-json\/wp\/v2\/pages\/2857","targetHints":{"allow":["GET"]}}],"collection":[{"href":"https:\/\/usa-gv.com\/pt-pt\/wp-json\/wp\/v2\/pages"}],"about":[{"href":"https:\/\/usa-gv.com\/pt-pt\/wp-json\/wp\/v2\/types\/page"}],"author":[{"embeddable":true,"href":"https:\/\/usa-gv.com\/pt-pt\/wp-json\/wp\/v2\/users\/1"}],"replies":[{"embeddable":true,"href":"https:\/\/usa-gv.com\/pt-pt\/wp-json\/wp\/v2\/comments?post=2857"}],"version-history":[{"count":1,"href":"https:\/\/usa-gv.com\/pt-pt\/wp-json\/wp\/v2\/pages\/2857\/revisions"}],"predecessor-version":[{"id":7596,"href":"https:\/\/usa-gv.com\/pt-pt\/wp-json\/wp\/v2\/pages\/2857\/revisions\/7596"}],"wp:attachment":[{"href":"https:\/\/usa-gv.com\/pt-pt\/wp-json\/wp\/v2\/media?parent=2857"}],"curies":[{"name":"wp","href":"https:\/\/api.w.org\/{rel}","templated":true}]}}