{"id":2839,"date":"2024-03-11T21:37:08","date_gmt":"2024-03-11T21:37:08","guid":{"rendered":"https:\/\/usa-gv.com\/sitio-web-oficial-esta\/"},"modified":"2025-02-25T11:51:13","modified_gmt":"2025-02-25T11:51:13","slug":"sitio-web-oficial-esta","status":"publish","type":"page","link":"https:\/\/usa-gv.com\/pt-pt\/sitio-web-oficial-esta\/","title":{"rendered":"O s\u00edtio Web oficial do ESTA"},"content":{"rendered":"\n<h1 class=\"wp-block-heading\">O s\u00edtio Web oficial para obter um ESTA<\/h1>\n\n<p>A autoriza\u00e7\u00e3o ESTA permite que os cidad\u00e3os eleg\u00edveis viajem para os Estados Unidos em turismo ou neg\u00f3cios sem visto para estadias inferiores a 90 dias.\nA autoriza\u00e7\u00e3o ESTA pode ser obtida em linha no s\u00edtio Web oficial do Departamento de Seguran\u00e7a Interna. <\/p>\n\n<p><strong>Para obter a autoriza\u00e7\u00e3o em apenas alguns minutos<\/strong>, basta clicar no <a href=\"https:\/\/usa-gv.com\/pt-pt\/formulario-esta-em-linha\/\">formul\u00e1rio ESTA em linha<\/a>.<\/p>\n\n<div style=\"height:10px\" aria-hidden=\"true\" class=\"wp-block-spacer\"><\/div>\n\n<h2 class=\"wp-block-heading\">Qual \u00e9 o s\u00edtio Web oficial do ESTA?<\/h2>\n\n<p>O s\u00edtio Web oficial do pedido ESTA em linha inclui um formul\u00e1rio com todas as <a href=\"https:\/\/usa-gv.com\/pt-pt\/perguntas-do-formulario-esta\/\">perguntas ESTA<\/a> a preencher. O s\u00edtio Web oficial do Departamento de Seguran\u00e7a Interna dos EUA permite-te candidatar-te diretamente em linha: https:\/\/esta.cbp.dhs.gov\/. O s\u00edtio est\u00e1 dispon\u00edvel em 27 l\u00ednguas.  <\/p>\n\n<h2 class=\"wp-block-heading\">Posso consultar o meu ESTA no s\u00edtio Web oficial?<\/h2>\n\n<p>Tamb\u00e9m podes <a href=\"https:\/\/usa-gv.com\/pt-pt\/verifique-validade-esta\/\">verificar o estado do teu ESTA<\/a> no s\u00edtio Web oficial. Existem tr\u00eas estatutos poss\u00edveis para um pedido ESTA:<\/p>\n\n<ul class=\"wp-block-list\">\n<li>Aprovado pelo ESTA ;<\/li>\n\n\n\n<li><a href=\"https:\/\/usa-gv.com\/pt-pt\/pedido-esta-pendente\/\">ESTA pendente<\/a>;<\/li>\n\n\n\n<li><a href=\"https:\/\/usa-gv.com\/pt-pt\/pedido-esta-recusado\/\">Recusa o ESTA<\/a>.  <\/li>\n<\/ul>\n\n<div style=\"height:10px\" aria-hidden=\"true\" class=\"wp-block-spacer\"><\/div>\n\n<h2 class=\"wp-block-heading\">Quanto custa um ESTA no s\u00edtio Web oficial?<\/h2>\n\n<p>O processo de obten\u00e7\u00e3o da autoriza\u00e7\u00e3o ESTA no s\u00edtio Web oficial exige o pagamento em linha para validar o pedido.\nO pagamento da <a href=\"https:\/\/usa-gv.com\/pt-pt\/preco-esta-eua\/\">taxa ESTA<\/a> desencadeia o processamento inform\u00e1tico do pedido.\nA taxa de candidatura ao ESTA \u00e9 de 21 d\u00f3lares americanos.\nS\u00e3o utilizados para financiar a gest\u00e3o dos servi\u00e7os de pedidos ESTA e para promover o turismo nos Estados Unidos.   <\/p>\n\n<h2 class=\"wp-block-heading\">S\u00edtio oficial para obter um ESTA<\/h2>\n\n<figure class=\"wp-block-image size-large\"><img decoding=\"async\" src=\"https:\/\/usa-gv.com\/wp-content\/uploads\/2024\/04\/esta-PT-1024x896.jpg\" alt=\"S&#xED;tio Web oficial do ESTA para os Estados Unidos\" class=\"wp-image-3279\"\/><figcaption class=\"wp-element-caption\">S\u00edtio Web oficial para a obten\u00e7\u00e3o de um ESTA<\/figcaption><\/figure>\n","protected":false},"excerpt":{"rendered":"<p>O s\u00edtio Web oficial para obter um ESTA A autoriza\u00e7\u00e3o ESTA permite que os cidad\u00e3os eleg\u00edveis viajem para os Estados Unidos em turismo ou neg\u00f3cios sem visto para estadias inferiores a 90 dias. A autoriza\u00e7\u00e3o ESTA pode ser obtida em linha no s\u00edtio Web oficial do Departamento de Seguran\u00e7a Interna. Para obter a autoriza\u00e7\u00e3o em [&hellip;]<\/p>\n","protected":false},"author":1,"featured_media":0,"parent":0,"menu_order":0,"comment_status":"closed","ping_status":"closed","template":"","meta":{"footnotes":""},"class_list":["post-2839","page","type-page","status-publish","hentry"],"yoast_head":"<!-- This site is optimized with the Yoast SEO plugin v26.6 - https:\/\/yoast.com\/wordpress\/plugins\/seo\/ -->\n<title>O s\u00edtio Web oficial do ESTA - USA-GV.COM<\/title>\n<meta name=\"description\" content=\"Para apresentar um pedido ESTA em linha, \u00e9 necess\u00e1rio aceder ao s\u00edtio Web oficial do Departamento de Seguran\u00e7a Interna dos EUA\" \/>\n<meta name=\"robots\" content=\"index, follow, max-snippet:-1, max-image-preview:large, max-video-preview:-1\" \/>\n<link rel=\"canonical\" href=\"https:\/\/usa-gv.com\/pt-pt\/sitio-web-oficial-esta\/\" \/>\n<meta property=\"og:locale\" content=\"pt_PT\" \/>\n<meta property=\"og:type\" content=\"article\" \/>\n<meta property=\"og:title\" content=\"O s\u00edtio Web oficial do ESTA - USA-GV.COM\" \/>\n<meta property=\"og:description\" content=\"Para apresentar um pedido ESTA em linha, \u00e9 necess\u00e1rio aceder ao s\u00edtio Web oficial do Departamento de Seguran\u00e7a Interna dos EUA\" \/>\n<meta property=\"og:url\" content=\"https:\/\/usa-gv.com\/pt-pt\/sitio-web-oficial-esta\/\" \/>\n<meta property=\"og:site_name\" content=\"USA-GV.COM\" \/>\n<meta property=\"article:modified_time\" content=\"2025-02-25T11:51:13+00:00\" \/>\n<meta property=\"og:image\" content=\"https:\/\/usa-gv.com\/wp-content\/uploads\/2024\/04\/esta-PT-1024x896.jpg\" \/>\n<meta name=\"twitter:card\" content=\"summary_large_image\" \/>\n<meta name=\"twitter:label1\" content=\"Tempo estimado de leitura\" \/>\n\t<meta name=\"twitter:data1\" content=\"1 minuto\" \/>\n<script type=\"application\/ld+json\" class=\"yoast-schema-graph\">{\"@context\":\"https:\/\/schema.org\",\"@graph\":[{\"@type\":\"WebPage\",\"@id\":\"https:\/\/usa-gv.com\/pt-pt\/sitio-web-oficial-esta\/\",\"url\":\"https:\/\/usa-gv.com\/pt-pt\/sitio-web-oficial-esta\/\",\"name\":\"O s\u00edtio Web oficial do ESTA - USA-GV.COM\",\"isPartOf\":{\"@id\":\"https:\/\/usa-gv.com\/pt-pt\/#website\"},\"primaryImageOfPage\":{\"@id\":\"https:\/\/usa-gv.com\/pt-pt\/sitio-web-oficial-esta\/#primaryimage\"},\"image\":{\"@id\":\"https:\/\/usa-gv.com\/pt-pt\/sitio-web-oficial-esta\/#primaryimage\"},\"thumbnailUrl\":\"https:\/\/usa-gv.com\/wp-content\/uploads\/2024\/04\/esta-PT-1024x896.jpg\",\"datePublished\":\"2024-03-11T21:37:08+00:00\",\"dateModified\":\"2025-02-25T11:51:13+00:00\",\"description\":\"Para apresentar um pedido ESTA em linha, \u00e9 necess\u00e1rio aceder ao s\u00edtio Web oficial do Departamento de Seguran\u00e7a Interna dos EUA\",\"breadcrumb\":{\"@id\":\"https:\/\/usa-gv.com\/pt-pt\/sitio-web-oficial-esta\/#breadcrumb\"},\"inLanguage\":\"pt-PT\",\"potentialAction\":[{\"@type\":\"ReadAction\",\"target\":[\"https:\/\/usa-gv.com\/pt-pt\/sitio-web-oficial-esta\/\"]}]},{\"@type\":\"ImageObject\",\"inLanguage\":\"pt-PT\",\"@id\":\"https:\/\/usa-gv.com\/pt-pt\/sitio-web-oficial-esta\/#primaryimage\",\"url\":\"https:\/\/usa-gv.com\/wp-content\/uploads\/2024\/04\/esta-PT-1024x896.jpg\",\"contentUrl\":\"https:\/\/usa-gv.com\/wp-content\/uploads\/2024\/04\/esta-PT-1024x896.jpg\"},{\"@type\":\"BreadcrumbList\",\"@id\":\"https:\/\/usa-gv.com\/pt-pt\/sitio-web-oficial-esta\/#breadcrumb\",\"itemListElement\":[{\"@type\":\"ListItem\",\"position\":1,\"name\":\"Home\",\"item\":\"https:\/\/usa-gv.com\/pt-pt\/guia-de-viagem-dos-eua\/\"},{\"@type\":\"ListItem\",\"position\":2,\"name\":\"O s\u00edtio Web oficial do ESTA\"}]},{\"@type\":\"WebSite\",\"@id\":\"https:\/\/usa-gv.com\/pt-pt\/#website\",\"url\":\"https:\/\/usa-gv.com\/pt-pt\/\",\"name\":\"USA-GV.COM\",\"description\":\"\",\"potentialAction\":[{\"@type\":\"SearchAction\",\"target\":{\"@type\":\"EntryPoint\",\"urlTemplate\":\"https:\/\/usa-gv.com\/pt-pt\/?s={search_term_string}\"},\"query-input\":{\"@type\":\"PropertyValueSpecification\",\"valueRequired\":true,\"valueName\":\"search_term_string\"}}],\"inLanguage\":\"pt-PT\"}]}<\/script>\n<!-- \/ Yoast SEO plugin. -->","yoast_head_json":{"title":"O s\u00edtio Web oficial do ESTA - USA-GV.COM","description":"Para apresentar um pedido ESTA em linha, \u00e9 necess\u00e1rio aceder ao s\u00edtio Web oficial do Departamento de Seguran\u00e7a Interna dos EUA","robots":{"index":"index","follow":"follow","max-snippet":"max-snippet:-1","max-image-preview":"max-image-preview:large","max-video-preview":"max-video-preview:-1"},"canonical":"https:\/\/usa-gv.com\/pt-pt\/sitio-web-oficial-esta\/","og_locale":"pt_PT","og_type":"article","og_title":"O s\u00edtio Web oficial do ESTA - USA-GV.COM","og_description":"Para apresentar um pedido ESTA em linha, \u00e9 necess\u00e1rio aceder ao s\u00edtio Web oficial do Departamento de Seguran\u00e7a Interna dos EUA","og_url":"https:\/\/usa-gv.com\/pt-pt\/sitio-web-oficial-esta\/","og_site_name":"USA-GV.COM","article_modified_time":"2025-02-25T11:51:13+00:00","og_image":[{"url":"https:\/\/usa-gv.com\/wp-content\/uploads\/2024\/04\/esta-PT-1024x896.jpg","type":"","width":"","height":""}],"twitter_card":"summary_large_image","twitter_misc":{"Tempo estimado de leitura":"1 minuto"},"schema":{"@context":"https:\/\/schema.org","@graph":[{"@type":"WebPage","@id":"https:\/\/usa-gv.com\/pt-pt\/sitio-web-oficial-esta\/","url":"https:\/\/usa-gv.com\/pt-pt\/sitio-web-oficial-esta\/","name":"O s\u00edtio Web oficial do ESTA - USA-GV.COM","isPartOf":{"@id":"https:\/\/usa-gv.com\/pt-pt\/#website"},"primaryImageOfPage":{"@id":"https:\/\/usa-gv.com\/pt-pt\/sitio-web-oficial-esta\/#primaryimage"},"image":{"@id":"https:\/\/usa-gv.com\/pt-pt\/sitio-web-oficial-esta\/#primaryimage"},"thumbnailUrl":"https:\/\/usa-gv.com\/wp-content\/uploads\/2024\/04\/esta-PT-1024x896.jpg","datePublished":"2024-03-11T21:37:08+00:00","dateModified":"2025-02-25T11:51:13+00:00","description":"Para apresentar um pedido ESTA em linha, \u00e9 necess\u00e1rio aceder ao s\u00edtio Web oficial do Departamento de Seguran\u00e7a Interna dos EUA","breadcrumb":{"@id":"https:\/\/usa-gv.com\/pt-pt\/sitio-web-oficial-esta\/#breadcrumb"},"inLanguage":"pt-PT","potentialAction":[{"@type":"ReadAction","target":["https:\/\/usa-gv.com\/pt-pt\/sitio-web-oficial-esta\/"]}]},{"@type":"ImageObject","inLanguage":"pt-PT","@id":"https:\/\/usa-gv.com\/pt-pt\/sitio-web-oficial-esta\/#primaryimage","url":"https:\/\/usa-gv.com\/wp-content\/uploads\/2024\/04\/esta-PT-1024x896.jpg","contentUrl":"https:\/\/usa-gv.com\/wp-content\/uploads\/2024\/04\/esta-PT-1024x896.jpg"},{"@type":"BreadcrumbList","@id":"https:\/\/usa-gv.com\/pt-pt\/sitio-web-oficial-esta\/#breadcrumb","itemListElement":[{"@type":"ListItem","position":1,"name":"Home","item":"https:\/\/usa-gv.com\/pt-pt\/guia-de-viagem-dos-eua\/"},{"@type":"ListItem","position":2,"name":"O s\u00edtio Web oficial do ESTA"}]},{"@type":"WebSite","@id":"https:\/\/usa-gv.com\/pt-pt\/#website","url":"https:\/\/usa-gv.com\/pt-pt\/","name":"USA-GV.COM","description":"","potentialAction":[{"@type":"SearchAction","target":{"@type":"EntryPoint","urlTemplate":"https:\/\/usa-gv.com\/pt-pt\/?s={search_term_string}"},"query-input":{"@type":"PropertyValueSpecification","valueRequired":true,"valueName":"search_term_string"}}],"inLanguage":"pt-PT"}]}},"_links":{"self":[{"href":"https:\/\/usa-gv.com\/pt-pt\/wp-json\/wp\/v2\/pages\/2839","targetHints":{"allow":["GET"]}}],"collection":[{"href":"https:\/\/usa-gv.com\/pt-pt\/wp-json\/wp\/v2\/pages"}],"about":[{"href":"https:\/\/usa-gv.com\/pt-pt\/wp-json\/wp\/v2\/types\/page"}],"author":[{"embeddable":true,"href":"https:\/\/usa-gv.com\/pt-pt\/wp-json\/wp\/v2\/users\/1"}],"replies":[{"embeddable":true,"href":"https:\/\/usa-gv.com\/pt-pt\/wp-json\/wp\/v2\/comments?post=2839"}],"version-history":[{"count":1,"href":"https:\/\/usa-gv.com\/pt-pt\/wp-json\/wp\/v2\/pages\/2839\/revisions"}],"predecessor-version":[{"id":7575,"href":"https:\/\/usa-gv.com\/pt-pt\/wp-json\/wp\/v2\/pages\/2839\/revisions\/7575"}],"wp:attachment":[{"href":"https:\/\/usa-gv.com\/pt-pt\/wp-json\/wp\/v2\/media?parent=2839"}],"curies":[{"name":"wp","href":"https:\/\/api.w.org\/{rel}","templated":true}]}}