{"id":2821,"date":"2024-03-12T20:06:24","date_gmt":"2024-03-12T20:06:24","guid":{"rendered":"https:\/\/usa-gv.com\/periodo-validade-esta\/"},"modified":"2025-02-25T11:51:04","modified_gmt":"2025-02-25T11:51:04","slug":"periodo-validade-esta","status":"publish","type":"page","link":"https:\/\/usa-gv.com\/pt-pt\/periodo-validade-esta\/","title":{"rendered":"Per\u00edodo de validade do ESTA"},"content":{"rendered":"\n<h1 class=\"wp-block-heading\">Por quanto tempo \u00e9 v\u00e1lido um ESTA?<\/h1>\n\n<p>A autoriza\u00e7\u00e3o ESTA \u00e9 v\u00e1lida por dois anos a partir da data de aprova\u00e7\u00e3o.\nPara renovar ou solicitar a sua primeira autoriza\u00e7\u00e3o de viagem para os Estados Unidos, basta preencher o formul\u00e1rio ESTA em linha. <\/p>\n\n<h2 class=\"wp-block-heading\">Per\u00edodo de validade de uma autoriza\u00e7\u00e3o ESTA<\/h2>\n\n<p>O ESTA \u00e9 inicialmente v\u00e1lido por 2 anos.\nDurante este per\u00edodo, os viajantes podem efetuar v\u00e1rias viagens aos Estados Unidos sem terem de apresentar um novo pedido de cada vez.\nNo entanto, \u00e9 essencial <a href=\"https:\/\/usa-gv.com\/pt-pt\/verifique-validade-esta\/\">verificar a validade de um ESTA<\/a> antes de cada viagem aos Estados Unidos.  <\/p>\n\n<p>Desde o ver\u00e3o de 2023, o per\u00edodo m\u00e1ximo de validade foi reduzido para 1 ano para dois pa\u00edses do <a href=\"https:\/\/usa-gv.com\/pt-pt\/visa-waiver-program-eua\/\">programa de isen\u00e7\u00e3o de vistos<\/a>: Brunei e Hungria. Mais pormenores s\u00e3o fornecidos abaixo.<\/p>\n\n<h2 class=\"wp-block-heading\">Pa\u00edses com um per\u00edodo de validade ESTA reduzido<\/h2>\n\n<p>Os nacionais de pa\u00edses que s\u00e3o membros do programa de isen\u00e7\u00e3o de vistos dos EUA beneficiam geralmente de um per\u00edodo m\u00e1ximo de validade de 2 anos para um ESTA.\nNo entanto, desde 2023, h\u00e1 excep\u00e7\u00f5es: <\/p>\n\n<ul class=\"wp-block-list\">\n<li><strong>Desde 6 de julho de 2023<\/strong>: Os cidad\u00e3os do Brunei que utilizam um passaporte do Brunei viram a validade m\u00e1xima do seu ESTA reduzida para 1 ano.<\/li>\n\n\n\n<li><strong>A partir de 1 de agosto de 2023<\/strong>: Os cidad\u00e3os h\u00fangaros que utilizem um passaporte h\u00fangaro tamb\u00e9m ter\u00e3o o per\u00edodo m\u00e1ximo de validade do seu ESTA reduzido para 1 ano.<\/li>\n<\/ul>\n\n<div style=\"height:10px\" aria-hidden=\"true\" class=\"wp-block-spacer\"><\/div>\n\n<h2 class=\"wp-block-heading\">Condi\u00e7\u00f5es para reduzir a validade do ESTA<\/h2>\n\n<p>O per\u00edodo de validade do ESTA pode ser reduzido nos seguintes casos:<\/p>\n\n<ul class=\"wp-block-list\">\n<li><strong>Data de validade do passaporte<\/strong>: A autoriza\u00e7\u00e3o ESTA est\u00e1 ligada a um <a href=\"https:\/\/usa-gv.com\/pt-pt\/passaporte-para-os-eua\/\">passaporte v\u00e1lido para os EUA<\/a>. Se o teu passaporte expirar durante estes dois anos, o teu ESTA deixar\u00e1 de ser v\u00e1lido e ter\u00e1s de preencher um <a href=\"https:\/\/usa-gv.com\/pt-pt\/como-solicitar-esta\/\">novo pedido ESTA<\/a>.<\/li>\n\n\n\n<li><strong>Altera\u00e7\u00e3o dos dados pessoais<\/strong>: Se alterar o seu nome, sexo ou nacionalidade durante o per\u00edodo de dois anos, \u00e9 necess\u00e1rio apresentar um novo pedido ESTA, uma vez que os seus dados pessoais deixar\u00e3o de estar actualizados.<\/li>\n\n\n\n<li><strong>Altera\u00e7\u00e3o das respostas \u00e0s perguntas<\/strong>: Se as respostas \u00e0s <a href=\"https:\/\/usa-gv.com\/pt-pt\/perguntas-do-formulario-esta\/\">perguntas pessoais do ESTA<\/a> (sa\u00fade, registo criminal, comportamento) se alterarem, \u00e9 tamb\u00e9m necess\u00e1rio um novo pedido de ESTA.<\/li>\n<\/ul>\n\n<div style=\"height:10px\" aria-hidden=\"true\" class=\"wp-block-spacer\"><\/div>\n\n<h2 class=\"wp-block-heading\">Dura\u00e7\u00e3o da estadia autorizada com um ESTA<\/h2>\n\n<p>Embora a autoriza\u00e7\u00e3o ESTA seja v\u00e1lida por dois anos, n\u00e3o te permite permanecer nos Estados Unidos durante 24 meses consecutivos.\nCada estadia \u00e9 limitada a um m\u00e1ximo de 90 dias.\nPara estadias superiores a 90 dias, \u00e9 necess\u00e1rio um <a href=\"https:\/\/usa-gv.com\/pt-pt\/visto-turista-eua\/\">visto de turista dos EUA<\/a> ou um Green Card.  <\/p>\n\n<h2 class=\"wp-block-heading\">Expira\u00e7\u00e3o de um ESTA enquanto estiveres nos Estados Unidos<\/h2>\n\n<p>Se o teu ESTA expirar durante a tua estadia nos Estados Unidos, podes ficar at\u00e9 ao fim da tua estadia prevista sem preocupa\u00e7\u00f5es, desde que n\u00e3o excedas os 90 dias autorizados.\nN\u00e3o ter\u00e1s qualquer problema em sair dos Estados Unidos, desde que respeites este prazo. <\/p>\n\n<p><\/p>\n","protected":false},"excerpt":{"rendered":"<p>Por quanto tempo \u00e9 v\u00e1lido um ESTA? A autoriza\u00e7\u00e3o ESTA \u00e9 v\u00e1lida por dois anos a partir da data de aprova\u00e7\u00e3o. Para renovar ou solicitar a sua primeira autoriza\u00e7\u00e3o de viagem para os Estados Unidos, basta preencher o formul\u00e1rio ESTA em linha. Per\u00edodo de validade de uma autoriza\u00e7\u00e3o ESTA O ESTA \u00e9 inicialmente v\u00e1lido por [&hellip;]<\/p>\n","protected":false},"author":1,"featured_media":0,"parent":0,"menu_order":0,"comment_status":"closed","ping_status":"closed","template":"","meta":{"footnotes":""},"class_list":["post-2821","page","type-page","status-publish","hentry"],"yoast_head":"<!-- This site is optimized with the Yoast SEO plugin v26.6 - https:\/\/yoast.com\/wordpress\/plugins\/seo\/ -->\n<title>Per\u00edodo de validade do ESTA - USA-GV.COM<\/title>\n<meta name=\"description\" content=\"Saiba por quanto tempo a autoriza\u00e7\u00e3o ESTA \u00e9 v\u00e1lida para estadias nos Estados Unidos\" \/>\n<meta name=\"robots\" content=\"index, follow, max-snippet:-1, max-image-preview:large, max-video-preview:-1\" \/>\n<link rel=\"canonical\" href=\"https:\/\/usa-gv.com\/pt-pt\/periodo-validade-esta\/\" \/>\n<meta property=\"og:locale\" content=\"pt_PT\" \/>\n<meta property=\"og:type\" content=\"article\" \/>\n<meta property=\"og:title\" content=\"Per\u00edodo de validade do ESTA - USA-GV.COM\" \/>\n<meta property=\"og:description\" content=\"Saiba por quanto tempo a autoriza\u00e7\u00e3o ESTA \u00e9 v\u00e1lida para estadias nos Estados Unidos\" \/>\n<meta property=\"og:url\" content=\"https:\/\/usa-gv.com\/pt-pt\/periodo-validade-esta\/\" \/>\n<meta property=\"og:site_name\" content=\"USA-GV.COM\" \/>\n<meta property=\"article:modified_time\" content=\"2025-02-25T11:51:04+00:00\" \/>\n<meta name=\"twitter:card\" content=\"summary_large_image\" \/>\n<meta name=\"twitter:label1\" content=\"Tempo estimado de leitura\" \/>\n\t<meta name=\"twitter:data1\" content=\"2 minutos\" \/>\n<script type=\"application\/ld+json\" class=\"yoast-schema-graph\">{\"@context\":\"https:\/\/schema.org\",\"@graph\":[{\"@type\":\"WebPage\",\"@id\":\"https:\/\/usa-gv.com\/pt-pt\/periodo-validade-esta\/\",\"url\":\"https:\/\/usa-gv.com\/pt-pt\/periodo-validade-esta\/\",\"name\":\"Per\u00edodo de validade do ESTA - USA-GV.COM\",\"isPartOf\":{\"@id\":\"https:\/\/usa-gv.com\/pt-pt\/#website\"},\"datePublished\":\"2024-03-12T20:06:24+00:00\",\"dateModified\":\"2025-02-25T11:51:04+00:00\",\"description\":\"Saiba por quanto tempo a autoriza\u00e7\u00e3o ESTA \u00e9 v\u00e1lida para estadias nos Estados Unidos\",\"breadcrumb\":{\"@id\":\"https:\/\/usa-gv.com\/pt-pt\/periodo-validade-esta\/#breadcrumb\"},\"inLanguage\":\"pt-PT\",\"potentialAction\":[{\"@type\":\"ReadAction\",\"target\":[\"https:\/\/usa-gv.com\/pt-pt\/periodo-validade-esta\/\"]}]},{\"@type\":\"BreadcrumbList\",\"@id\":\"https:\/\/usa-gv.com\/pt-pt\/periodo-validade-esta\/#breadcrumb\",\"itemListElement\":[{\"@type\":\"ListItem\",\"position\":1,\"name\":\"Home\",\"item\":\"https:\/\/usa-gv.com\/pt-pt\/guia-de-viagem-dos-eua\/\"},{\"@type\":\"ListItem\",\"position\":2,\"name\":\"Per\u00edodo de validade do ESTA\"}]},{\"@type\":\"WebSite\",\"@id\":\"https:\/\/usa-gv.com\/pt-pt\/#website\",\"url\":\"https:\/\/usa-gv.com\/pt-pt\/\",\"name\":\"USA-GV.COM\",\"description\":\"\",\"potentialAction\":[{\"@type\":\"SearchAction\",\"target\":{\"@type\":\"EntryPoint\",\"urlTemplate\":\"https:\/\/usa-gv.com\/pt-pt\/?s={search_term_string}\"},\"query-input\":{\"@type\":\"PropertyValueSpecification\",\"valueRequired\":true,\"valueName\":\"search_term_string\"}}],\"inLanguage\":\"pt-PT\"}]}<\/script>\n<!-- \/ Yoast SEO plugin. -->","yoast_head_json":{"title":"Per\u00edodo de validade do ESTA - USA-GV.COM","description":"Saiba por quanto tempo a autoriza\u00e7\u00e3o ESTA \u00e9 v\u00e1lida para estadias nos Estados Unidos","robots":{"index":"index","follow":"follow","max-snippet":"max-snippet:-1","max-image-preview":"max-image-preview:large","max-video-preview":"max-video-preview:-1"},"canonical":"https:\/\/usa-gv.com\/pt-pt\/periodo-validade-esta\/","og_locale":"pt_PT","og_type":"article","og_title":"Per\u00edodo de validade do ESTA - USA-GV.COM","og_description":"Saiba por quanto tempo a autoriza\u00e7\u00e3o ESTA \u00e9 v\u00e1lida para estadias nos Estados Unidos","og_url":"https:\/\/usa-gv.com\/pt-pt\/periodo-validade-esta\/","og_site_name":"USA-GV.COM","article_modified_time":"2025-02-25T11:51:04+00:00","twitter_card":"summary_large_image","twitter_misc":{"Tempo estimado de leitura":"2 minutos"},"schema":{"@context":"https:\/\/schema.org","@graph":[{"@type":"WebPage","@id":"https:\/\/usa-gv.com\/pt-pt\/periodo-validade-esta\/","url":"https:\/\/usa-gv.com\/pt-pt\/periodo-validade-esta\/","name":"Per\u00edodo de validade do ESTA - USA-GV.COM","isPartOf":{"@id":"https:\/\/usa-gv.com\/pt-pt\/#website"},"datePublished":"2024-03-12T20:06:24+00:00","dateModified":"2025-02-25T11:51:04+00:00","description":"Saiba por quanto tempo a autoriza\u00e7\u00e3o ESTA \u00e9 v\u00e1lida para estadias nos Estados Unidos","breadcrumb":{"@id":"https:\/\/usa-gv.com\/pt-pt\/periodo-validade-esta\/#breadcrumb"},"inLanguage":"pt-PT","potentialAction":[{"@type":"ReadAction","target":["https:\/\/usa-gv.com\/pt-pt\/periodo-validade-esta\/"]}]},{"@type":"BreadcrumbList","@id":"https:\/\/usa-gv.com\/pt-pt\/periodo-validade-esta\/#breadcrumb","itemListElement":[{"@type":"ListItem","position":1,"name":"Home","item":"https:\/\/usa-gv.com\/pt-pt\/guia-de-viagem-dos-eua\/"},{"@type":"ListItem","position":2,"name":"Per\u00edodo de validade do ESTA"}]},{"@type":"WebSite","@id":"https:\/\/usa-gv.com\/pt-pt\/#website","url":"https:\/\/usa-gv.com\/pt-pt\/","name":"USA-GV.COM","description":"","potentialAction":[{"@type":"SearchAction","target":{"@type":"EntryPoint","urlTemplate":"https:\/\/usa-gv.com\/pt-pt\/?s={search_term_string}"},"query-input":{"@type":"PropertyValueSpecification","valueRequired":true,"valueName":"search_term_string"}}],"inLanguage":"pt-PT"}]}},"_links":{"self":[{"href":"https:\/\/usa-gv.com\/pt-pt\/wp-json\/wp\/v2\/pages\/2821","targetHints":{"allow":["GET"]}}],"collection":[{"href":"https:\/\/usa-gv.com\/pt-pt\/wp-json\/wp\/v2\/pages"}],"about":[{"href":"https:\/\/usa-gv.com\/pt-pt\/wp-json\/wp\/v2\/types\/page"}],"author":[{"embeddable":true,"href":"https:\/\/usa-gv.com\/pt-pt\/wp-json\/wp\/v2\/users\/1"}],"replies":[{"embeddable":true,"href":"https:\/\/usa-gv.com\/pt-pt\/wp-json\/wp\/v2\/comments?post=2821"}],"version-history":[{"count":1,"href":"https:\/\/usa-gv.com\/pt-pt\/wp-json\/wp\/v2\/pages\/2821\/revisions"}],"predecessor-version":[{"id":7563,"href":"https:\/\/usa-gv.com\/pt-pt\/wp-json\/wp\/v2\/pages\/2821\/revisions\/7563"}],"wp:attachment":[{"href":"https:\/\/usa-gv.com\/pt-pt\/wp-json\/wp\/v2\/media?parent=2821"}],"curies":[{"name":"wp","href":"https:\/\/api.w.org\/{rel}","templated":true}]}}