{"id":2779,"date":"2024-03-11T21:45:25","date_gmt":"2024-03-11T21:45:25","guid":{"rendered":"https:\/\/usa-gv.com\/esta-visto-eua\/"},"modified":"2025-02-25T11:50:45","modified_gmt":"2025-02-25T11:50:45","slug":"esta-visto-eua","status":"publish","type":"page","link":"https:\/\/usa-gv.com\/pt-pt\/esta-visto-eua\/","title":{"rendered":"O ESTA \u00e9 um visto para os EUA?"},"content":{"rendered":"\n<h1 class=\"wp-block-heading\">Qual \u00e9 a diferen\u00e7a entre um visto e o ESTA?<\/h1>\n\n<p>Estes dois documentos s\u00e3o autoriza\u00e7\u00f5es de viagem dos EUA.\nS\u00e3o fundamentalmente diferentes, e as principais diferen\u00e7as s\u00e3o as seguintes:   <\/p>\n\n<ol class=\"wp-block-list\">\n<li>O visto \u00e9 concedido por uma embaixada ou consulado americano no pa\u00eds onde o viajante reside, enquanto o ESTA \u00e9 uma <a href=\"https:\/\/usa-gv.com\/pt-pt\/o-que-e-uma-autorizacao-esta\/\">autoriza\u00e7\u00e3o eletr\u00f3nica obtida em linha<\/a>;<\/li>\n\n\n\n<li>Cada tipo de visto tem condi\u00e7\u00f5es espec\u00edficas e um per\u00edodo de validade espec\u00edfico, enquanto o ESTA permite estadias de curta dura\u00e7\u00e3o, inferiores a 90 dias, ao abrigo do <a href=\"https:\/\/usa-gv.com\/pt-pt\/visa-waiver-program-eua\/\">Programa de Isen\u00e7\u00e3o de Vistos<\/a>.<\/li>\n\n\n\n<li>A obten\u00e7\u00e3o de um <a href=\"https:\/\/usa-gv.com\/pt-pt\/visto-turista-eua\/\">visto de turista<\/a> implica uma entrevista consular e a apresenta\u00e7\u00e3o de documentos adicionais, ao passo que para o ESTA: basta preencher o <a href=\"https:\/\/usa-gv.com\/pt-pt\/preencha-formulario-esta-online\/\">formul\u00e1rio em linha<\/a> e <a href=\"https:\/\/usa-gv.com\/pt-pt\/como-pagar-um-esta\/\">pagar a taxa ESTA<\/a>.<\/li>\n<\/ol>\n\n<h2 class=\"wp-block-heading\">O ESTA \u00e9 um tipo de visto para os EUA?<\/h2>\n\n<p>N\u00e3o, a autoriza\u00e7\u00e3o ESTA n\u00e3o \u00e9 um visto para os Estados Unidos.\nO ESTA \u00e9 uma autoriza\u00e7\u00e3o eletr\u00f3nica de viagem que deve ser obtida antes de embarcar num voo para os EUA.\nEste procedimento permite-te viajar para os Estados Unidos sem visto, desde que <a href=\"https:\/\/usa-gv.com\/pt-pt\/regras-de-elegibilidade-para-esta\/\">sejas eleg\u00edvel para o ESTA<\/a>.  <\/p>\n\n<p>A autoriza\u00e7\u00e3o ESTA n\u00e3o garante a entrada nos Estados Unidos.\nOs viajantes na posse de um ESTA devem submeter-se a uma breve entrevista com um funcion\u00e1rio da alf\u00e2ndega \u00e0 chegada \u00e0 fronteira dos EUA.\nS\u00f3 depois desta entrevista \u00e9 que o viajante \u00e9 autorizado a entrar e a permanecer nos Estados Unidos.  <\/p>\n\n<h2 class=\"wp-block-heading\">Quem pode viajar para os Estados Unidos com um ESTA e sem um visto?<\/h2>\n\n<p>Apenas os cidad\u00e3os de pa\u00edses que s\u00e3o membros do <a href=\"https:\/\/usa-gv.com\/pt-pt\/visa-waiver-program-eua\/\">Programa de Isen\u00e7\u00e3o de Vistos<\/a> podem viajar para os Estados Unidos sem visto, bastando para isso obter uma autoriza\u00e7\u00e3o ESTA. Para obter o seu certificado, os viajantes devem preencher o <a href=\"https:\/\/usa-gv.com\/pt-pt\/formulario-esta-em-linha\/\">formul\u00e1rio ESTA em linha<\/a>. O <a href=\"https:\/\/usa-gv.com\/pt-pt\/prazos-obtencao-esta\/\">tempo de processamento do ESTA<\/a> \u00e9, no m\u00ednimo, de alguns minutos e, no m\u00e1ximo, de 72 horas.<\/p>\n\n<h2 class=\"wp-block-heading\">O pre\u00e7o do ESTA \u00e9 diferente do pre\u00e7o do visto?<\/h2>\n\n<p>Existem taxas diferentes para o ESTA e para o visto dos EUA:<\/p>\n\n<ul class=\"wp-block-list\">\n<li>O <a href=\"https:\/\/usa-gv.com\/pt-pt\/preco-esta-eua\/\">pre\u00e7o do ESTA<\/a> foi alterado v\u00e1rias vezes desde o lan\u00e7amento do programa em 2009. Desde 2022, a taxa administrativa a pagar online no <a href=\"https:\/\/usa-gv.com\/pt-pt\/sitio-web-oficial-esta\/\">s\u00edtio Web oficial do ESTA<\/a> \u00e9 de 21 d\u00f3lares americanos;<\/li>\n\n\n\n<li>Desde 2023, a taxa de processamento de um pedido de <a href=\"https:\/\/usa-gv.com\/pt-pt\/visto-turista-eua\/\">visto de turista B2<\/a> \u00e9 de 185 d\u00f3lares americanos, a pagar em linha.<\/li>\n<\/ul>\n","protected":false},"excerpt":{"rendered":"<p>Qual \u00e9 a diferen\u00e7a entre um visto e o ESTA? Estes dois documentos s\u00e3o autoriza\u00e7\u00f5es de viagem dos EUA. S\u00e3o fundamentalmente diferentes, e as principais diferen\u00e7as s\u00e3o as seguintes: O ESTA \u00e9 um tipo de visto para os EUA? N\u00e3o, a autoriza\u00e7\u00e3o ESTA n\u00e3o \u00e9 um visto para os Estados Unidos. O ESTA \u00e9 uma [&hellip;]<\/p>\n","protected":false},"author":1,"featured_media":0,"parent":0,"menu_order":0,"comment_status":"closed","ping_status":"closed","template":"","meta":{"footnotes":""},"class_list":["post-2779","page","type-page","status-publish","hentry"],"yoast_head":"<!-- This site is optimized with the Yoast SEO plugin v26.6 - https:\/\/yoast.com\/wordpress\/plugins\/seo\/ -->\n<title>O ESTA \u00e9 um visto para os EUA? - USA-GV.COM<\/title>\n<meta name=\"description\" content=\"Saber se o ESTA \u00e9 um visto americano e se lhe permite viajar para os Estados Unidos nas mesmas condi\u00e7\u00f5es\" \/>\n<meta name=\"robots\" content=\"index, follow, max-snippet:-1, max-image-preview:large, max-video-preview:-1\" \/>\n<link rel=\"canonical\" href=\"https:\/\/usa-gv.com\/pt-pt\/esta-visto-eua\/\" \/>\n<meta property=\"og:locale\" content=\"pt_PT\" \/>\n<meta property=\"og:type\" content=\"article\" \/>\n<meta property=\"og:title\" content=\"O ESTA \u00e9 um visto para os EUA? - USA-GV.COM\" \/>\n<meta property=\"og:description\" content=\"Saber se o ESTA \u00e9 um visto americano e se lhe permite viajar para os Estados Unidos nas mesmas condi\u00e7\u00f5es\" \/>\n<meta property=\"og:url\" content=\"https:\/\/usa-gv.com\/pt-pt\/esta-visto-eua\/\" \/>\n<meta property=\"og:site_name\" content=\"USA-GV.COM\" \/>\n<meta property=\"article:modified_time\" content=\"2025-02-25T11:50:45+00:00\" \/>\n<meta name=\"twitter:card\" content=\"summary_large_image\" \/>\n<meta name=\"twitter:label1\" content=\"Tempo estimado de leitura\" \/>\n\t<meta name=\"twitter:data1\" content=\"2 minutos\" \/>\n<script type=\"application\/ld+json\" class=\"yoast-schema-graph\">{\"@context\":\"https:\/\/schema.org\",\"@graph\":[{\"@type\":\"WebPage\",\"@id\":\"https:\/\/usa-gv.com\/pt-pt\/esta-visto-eua\/\",\"url\":\"https:\/\/usa-gv.com\/pt-pt\/esta-visto-eua\/\",\"name\":\"O ESTA \u00e9 um visto para os EUA? - USA-GV.COM\",\"isPartOf\":{\"@id\":\"https:\/\/usa-gv.com\/pt-pt\/#website\"},\"datePublished\":\"2024-03-11T21:45:25+00:00\",\"dateModified\":\"2025-02-25T11:50:45+00:00\",\"description\":\"Saber se o ESTA \u00e9 um visto americano e se lhe permite viajar para os Estados Unidos nas mesmas condi\u00e7\u00f5es\",\"breadcrumb\":{\"@id\":\"https:\/\/usa-gv.com\/pt-pt\/esta-visto-eua\/#breadcrumb\"},\"inLanguage\":\"pt-PT\",\"potentialAction\":[{\"@type\":\"ReadAction\",\"target\":[\"https:\/\/usa-gv.com\/pt-pt\/esta-visto-eua\/\"]}]},{\"@type\":\"BreadcrumbList\",\"@id\":\"https:\/\/usa-gv.com\/pt-pt\/esta-visto-eua\/#breadcrumb\",\"itemListElement\":[{\"@type\":\"ListItem\",\"position\":1,\"name\":\"Home\",\"item\":\"https:\/\/usa-gv.com\/pt-pt\/guia-de-viagem-dos-eua\/\"},{\"@type\":\"ListItem\",\"position\":2,\"name\":\"O ESTA \u00e9 um visto para os EUA?\"}]},{\"@type\":\"WebSite\",\"@id\":\"https:\/\/usa-gv.com\/pt-pt\/#website\",\"url\":\"https:\/\/usa-gv.com\/pt-pt\/\",\"name\":\"USA-GV.COM\",\"description\":\"\",\"potentialAction\":[{\"@type\":\"SearchAction\",\"target\":{\"@type\":\"EntryPoint\",\"urlTemplate\":\"https:\/\/usa-gv.com\/pt-pt\/?s={search_term_string}\"},\"query-input\":{\"@type\":\"PropertyValueSpecification\",\"valueRequired\":true,\"valueName\":\"search_term_string\"}}],\"inLanguage\":\"pt-PT\"}]}<\/script>\n<!-- \/ Yoast SEO plugin. -->","yoast_head_json":{"title":"O ESTA \u00e9 um visto para os EUA? - USA-GV.COM","description":"Saber se o ESTA \u00e9 um visto americano e se lhe permite viajar para os Estados Unidos nas mesmas condi\u00e7\u00f5es","robots":{"index":"index","follow":"follow","max-snippet":"max-snippet:-1","max-image-preview":"max-image-preview:large","max-video-preview":"max-video-preview:-1"},"canonical":"https:\/\/usa-gv.com\/pt-pt\/esta-visto-eua\/","og_locale":"pt_PT","og_type":"article","og_title":"O ESTA \u00e9 um visto para os EUA? - USA-GV.COM","og_description":"Saber se o ESTA \u00e9 um visto americano e se lhe permite viajar para os Estados Unidos nas mesmas condi\u00e7\u00f5es","og_url":"https:\/\/usa-gv.com\/pt-pt\/esta-visto-eua\/","og_site_name":"USA-GV.COM","article_modified_time":"2025-02-25T11:50:45+00:00","twitter_card":"summary_large_image","twitter_misc":{"Tempo estimado de leitura":"2 minutos"},"schema":{"@context":"https:\/\/schema.org","@graph":[{"@type":"WebPage","@id":"https:\/\/usa-gv.com\/pt-pt\/esta-visto-eua\/","url":"https:\/\/usa-gv.com\/pt-pt\/esta-visto-eua\/","name":"O ESTA \u00e9 um visto para os EUA? - USA-GV.COM","isPartOf":{"@id":"https:\/\/usa-gv.com\/pt-pt\/#website"},"datePublished":"2024-03-11T21:45:25+00:00","dateModified":"2025-02-25T11:50:45+00:00","description":"Saber se o ESTA \u00e9 um visto americano e se lhe permite viajar para os Estados Unidos nas mesmas condi\u00e7\u00f5es","breadcrumb":{"@id":"https:\/\/usa-gv.com\/pt-pt\/esta-visto-eua\/#breadcrumb"},"inLanguage":"pt-PT","potentialAction":[{"@type":"ReadAction","target":["https:\/\/usa-gv.com\/pt-pt\/esta-visto-eua\/"]}]},{"@type":"BreadcrumbList","@id":"https:\/\/usa-gv.com\/pt-pt\/esta-visto-eua\/#breadcrumb","itemListElement":[{"@type":"ListItem","position":1,"name":"Home","item":"https:\/\/usa-gv.com\/pt-pt\/guia-de-viagem-dos-eua\/"},{"@type":"ListItem","position":2,"name":"O ESTA \u00e9 um visto para os EUA?"}]},{"@type":"WebSite","@id":"https:\/\/usa-gv.com\/pt-pt\/#website","url":"https:\/\/usa-gv.com\/pt-pt\/","name":"USA-GV.COM","description":"","potentialAction":[{"@type":"SearchAction","target":{"@type":"EntryPoint","urlTemplate":"https:\/\/usa-gv.com\/pt-pt\/?s={search_term_string}"},"query-input":{"@type":"PropertyValueSpecification","valueRequired":true,"valueName":"search_term_string"}}],"inLanguage":"pt-PT"}]}},"_links":{"self":[{"href":"https:\/\/usa-gv.com\/pt-pt\/wp-json\/wp\/v2\/pages\/2779","targetHints":{"allow":["GET"]}}],"collection":[{"href":"https:\/\/usa-gv.com\/pt-pt\/wp-json\/wp\/v2\/pages"}],"about":[{"href":"https:\/\/usa-gv.com\/pt-pt\/wp-json\/wp\/v2\/types\/page"}],"author":[{"embeddable":true,"href":"https:\/\/usa-gv.com\/pt-pt\/wp-json\/wp\/v2\/users\/1"}],"replies":[{"embeddable":true,"href":"https:\/\/usa-gv.com\/pt-pt\/wp-json\/wp\/v2\/comments?post=2779"}],"version-history":[{"count":1,"href":"https:\/\/usa-gv.com\/pt-pt\/wp-json\/wp\/v2\/pages\/2779\/revisions"}],"predecessor-version":[{"id":7552,"href":"https:\/\/usa-gv.com\/pt-pt\/wp-json\/wp\/v2\/pages\/2779\/revisions\/7552"}],"wp:attachment":[{"href":"https:\/\/usa-gv.com\/pt-pt\/wp-json\/wp\/v2\/media?parent=2779"}],"curies":[{"name":"wp","href":"https:\/\/api.w.org\/{rel}","templated":true}]}}