{"id":2767,"date":"2024-03-10T21:42:34","date_gmt":"2024-03-10T21:42:34","guid":{"rendered":"https:\/\/usa-gv.com\/esta-para-menores\/"},"modified":"2025-02-25T11:49:51","modified_gmt":"2025-02-25T11:49:51","slug":"esta-para-menores","status":"publish","type":"page","link":"https:\/\/usa-gv.com\/pt-pt\/esta-para-menores\/","title":{"rendered":"ESTA para menores que visitam os EUA"},"content":{"rendered":"\n<h1 class=\"wp-block-heading\">Obter um ESTA para um menor nos EUA<\/h1>\n\n<p>Os menores estrangeiros que viajem para os Estados Unidos devem estar sempre na posse de uma autoriza\u00e7\u00e3o pessoal de viagem.  <\/p>\n\n<h2 class=\"wp-block-heading\">O ESTA \u00e9 obrigat\u00f3rio para os menores?<\/h2>\n\n<p>Quando as crian\u00e7as s\u00e3o eleg\u00edveis para obter um ESTA, cada crian\u00e7a deve ter uma autoriza\u00e7\u00e3o pessoal em seu nome, independentemente da sua idade.\nCada indiv\u00edduo de uma fam\u00edlia deve obter a sua pr\u00f3pria <a href=\"https:\/\/usa-gv.com\/pt-pt\/o-que-e-uma-autorizacao-esta\/\">autoriza\u00e7\u00e3o de viagem ESTA<\/a> antes de embarcar num voo para os EUA.   <\/p>\n\n<h2 class=\"wp-block-heading\">Como \u00e9 que preencho um ESTA para um menor?<\/h2>\n\n<p>Para obter uma autoriza\u00e7\u00e3o para um menor, preenche o <a href=\"https:\/\/usa-gv.com\/pt-pt\/formulario-esta-em-linha\/\">formul\u00e1rio ESTA em linha<\/a>. Este formul\u00e1rio \u00e9 o mesmo que para os adultos. As <a href=\"https:\/\/usa-gv.com\/pt-pt\/perguntas-do-formulario-esta\/\">perguntas do ESTA<\/a> s\u00e3o rigorosamente as mesmas, independentemente da idade do requerente.<\/p>\n\n<h2 class=\"wp-block-heading\">Que documentos de viagem s\u00e3o necess\u00e1rios para os menores?<\/h2>\n\n<p>Para embarcar para os Estados Unidos, um filho menor deve estar na posse de :<\/p>\n\n<ul class=\"wp-block-list\">\n<li>Um <a href=\"https:\/\/usa-gv.com\/pt-pt\/passaporte-para-os-eua\/\">passaporte v\u00e1lido para os EUA<\/a>;<\/li>\n\n\n\n<li>Uma autoriza\u00e7\u00e3o de viagem v\u00e1lida.\nSe a crian\u00e7a for eleg\u00edvel para um ESTA, deve ter uma autoriza\u00e7\u00e3o pessoal em seu nome. <\/li>\n<\/ul>\n\n<h2 class=\"wp-block-heading\">Posso apresentar um pedido de ESTA em grupo?<\/h2>\n\n<p>O <a href=\"https:\/\/usa-gv.com\/pt-pt\/sitio-web-oficial-esta\/\">site oficial do ESTA<\/a> permite-te fazer um pedido de ESTA para um indiv\u00edduo ou um grupo.  <\/p>\n\n<p>O <a href=\"https:\/\/usa-gv.com\/pt-pt\/como-solicitar-esta\/\">processo de pedido de grupo ESTA<\/a> permite-lhe efetuar um \u00fanico pagamento da <a href=\"https:\/\/usa-gv.com\/pt-pt\/preco-esta-eua\/\">taxa ESTA<\/a> para todas as autoriza\u00e7\u00f5es solicitadas. No entanto, para cada um dos pedidos do grupo, todas as informa\u00e7\u00f5es do <a href=\"https:\/\/usa-gv.com\/pt-pt\/formulario-esta-em-linha\/\">formul\u00e1rio ESTA em linha<\/a> devem ser preenchidas.<\/p>\n","protected":false},"excerpt":{"rendered":"<p>Obter um ESTA para um menor nos EUA Os menores estrangeiros que viajem para os Estados Unidos devem estar sempre na posse de uma autoriza\u00e7\u00e3o pessoal de viagem. O ESTA \u00e9 obrigat\u00f3rio para os menores? Quando as crian\u00e7as s\u00e3o eleg\u00edveis para obter um ESTA, cada crian\u00e7a deve ter uma autoriza\u00e7\u00e3o pessoal em seu nome, independentemente [&hellip;]<\/p>\n","protected":false},"author":1,"featured_media":0,"parent":0,"menu_order":0,"comment_status":"closed","ping_status":"closed","template":"","meta":{"footnotes":""},"class_list":["post-2767","page","type-page","status-publish","hentry"],"yoast_head":"<!-- This site is optimized with the Yoast SEO plugin v26.6 - https:\/\/yoast.com\/wordpress\/plugins\/seo\/ -->\n<title>ESTA para menores que visitam os EUA - USA-GV.COM<\/title>\n<meta name=\"description\" content=\"A autoriza\u00e7\u00e3o ESTA \u00e9 tamb\u00e9m necess\u00e1ria para os menores que viajam para os EUA ao abrigo do Programa de Isen\u00e7\u00e3o de Vistos.\" \/>\n<meta name=\"robots\" content=\"index, follow, max-snippet:-1, max-image-preview:large, max-video-preview:-1\" \/>\n<link rel=\"canonical\" href=\"https:\/\/usa-gv.com\/pt-pt\/esta-para-menores\/\" \/>\n<meta property=\"og:locale\" content=\"pt_PT\" \/>\n<meta property=\"og:type\" content=\"article\" \/>\n<meta property=\"og:title\" content=\"ESTA para menores que visitam os EUA - USA-GV.COM\" \/>\n<meta property=\"og:description\" content=\"A autoriza\u00e7\u00e3o ESTA \u00e9 tamb\u00e9m necess\u00e1ria para os menores que viajam para os EUA ao abrigo do Programa de Isen\u00e7\u00e3o de Vistos.\" \/>\n<meta property=\"og:url\" content=\"https:\/\/usa-gv.com\/pt-pt\/esta-para-menores\/\" \/>\n<meta property=\"og:site_name\" content=\"USA-GV.COM\" \/>\n<meta property=\"article:modified_time\" content=\"2025-02-25T11:49:51+00:00\" \/>\n<meta name=\"twitter:card\" content=\"summary_large_image\" \/>\n<meta name=\"twitter:label1\" content=\"Tempo estimado de leitura\" \/>\n\t<meta name=\"twitter:data1\" content=\"1 minuto\" \/>\n<script type=\"application\/ld+json\" class=\"yoast-schema-graph\">{\"@context\":\"https:\/\/schema.org\",\"@graph\":[{\"@type\":\"WebPage\",\"@id\":\"https:\/\/usa-gv.com\/pt-pt\/esta-para-menores\/\",\"url\":\"https:\/\/usa-gv.com\/pt-pt\/esta-para-menores\/\",\"name\":\"ESTA para menores que visitam os EUA - USA-GV.COM\",\"isPartOf\":{\"@id\":\"https:\/\/usa-gv.com\/pt-pt\/#website\"},\"datePublished\":\"2024-03-10T21:42:34+00:00\",\"dateModified\":\"2025-02-25T11:49:51+00:00\",\"description\":\"A autoriza\u00e7\u00e3o ESTA \u00e9 tamb\u00e9m necess\u00e1ria para os menores que viajam para os EUA ao abrigo do Programa de Isen\u00e7\u00e3o de Vistos.\",\"breadcrumb\":{\"@id\":\"https:\/\/usa-gv.com\/pt-pt\/esta-para-menores\/#breadcrumb\"},\"inLanguage\":\"pt-PT\",\"potentialAction\":[{\"@type\":\"ReadAction\",\"target\":[\"https:\/\/usa-gv.com\/pt-pt\/esta-para-menores\/\"]}]},{\"@type\":\"BreadcrumbList\",\"@id\":\"https:\/\/usa-gv.com\/pt-pt\/esta-para-menores\/#breadcrumb\",\"itemListElement\":[{\"@type\":\"ListItem\",\"position\":1,\"name\":\"Home\",\"item\":\"https:\/\/usa-gv.com\/pt-pt\/guia-de-viagem-dos-eua\/\"},{\"@type\":\"ListItem\",\"position\":2,\"name\":\"ESTA para menores que visitam os EUA\"}]},{\"@type\":\"WebSite\",\"@id\":\"https:\/\/usa-gv.com\/pt-pt\/#website\",\"url\":\"https:\/\/usa-gv.com\/pt-pt\/\",\"name\":\"USA-GV.COM\",\"description\":\"\",\"potentialAction\":[{\"@type\":\"SearchAction\",\"target\":{\"@type\":\"EntryPoint\",\"urlTemplate\":\"https:\/\/usa-gv.com\/pt-pt\/?s={search_term_string}\"},\"query-input\":{\"@type\":\"PropertyValueSpecification\",\"valueRequired\":true,\"valueName\":\"search_term_string\"}}],\"inLanguage\":\"pt-PT\"}]}<\/script>\n<!-- \/ Yoast SEO plugin. -->","yoast_head_json":{"title":"ESTA para menores que visitam os EUA - USA-GV.COM","description":"A autoriza\u00e7\u00e3o ESTA \u00e9 tamb\u00e9m necess\u00e1ria para os menores que viajam para os EUA ao abrigo do Programa de Isen\u00e7\u00e3o de Vistos.","robots":{"index":"index","follow":"follow","max-snippet":"max-snippet:-1","max-image-preview":"max-image-preview:large","max-video-preview":"max-video-preview:-1"},"canonical":"https:\/\/usa-gv.com\/pt-pt\/esta-para-menores\/","og_locale":"pt_PT","og_type":"article","og_title":"ESTA para menores que visitam os EUA - USA-GV.COM","og_description":"A autoriza\u00e7\u00e3o ESTA \u00e9 tamb\u00e9m necess\u00e1ria para os menores que viajam para os EUA ao abrigo do Programa de Isen\u00e7\u00e3o de Vistos.","og_url":"https:\/\/usa-gv.com\/pt-pt\/esta-para-menores\/","og_site_name":"USA-GV.COM","article_modified_time":"2025-02-25T11:49:51+00:00","twitter_card":"summary_large_image","twitter_misc":{"Tempo estimado de leitura":"1 minuto"},"schema":{"@context":"https:\/\/schema.org","@graph":[{"@type":"WebPage","@id":"https:\/\/usa-gv.com\/pt-pt\/esta-para-menores\/","url":"https:\/\/usa-gv.com\/pt-pt\/esta-para-menores\/","name":"ESTA para menores que visitam os EUA - USA-GV.COM","isPartOf":{"@id":"https:\/\/usa-gv.com\/pt-pt\/#website"},"datePublished":"2024-03-10T21:42:34+00:00","dateModified":"2025-02-25T11:49:51+00:00","description":"A autoriza\u00e7\u00e3o ESTA \u00e9 tamb\u00e9m necess\u00e1ria para os menores que viajam para os EUA ao abrigo do Programa de Isen\u00e7\u00e3o de Vistos.","breadcrumb":{"@id":"https:\/\/usa-gv.com\/pt-pt\/esta-para-menores\/#breadcrumb"},"inLanguage":"pt-PT","potentialAction":[{"@type":"ReadAction","target":["https:\/\/usa-gv.com\/pt-pt\/esta-para-menores\/"]}]},{"@type":"BreadcrumbList","@id":"https:\/\/usa-gv.com\/pt-pt\/esta-para-menores\/#breadcrumb","itemListElement":[{"@type":"ListItem","position":1,"name":"Home","item":"https:\/\/usa-gv.com\/pt-pt\/guia-de-viagem-dos-eua\/"},{"@type":"ListItem","position":2,"name":"ESTA para menores que visitam os EUA"}]},{"@type":"WebSite","@id":"https:\/\/usa-gv.com\/pt-pt\/#website","url":"https:\/\/usa-gv.com\/pt-pt\/","name":"USA-GV.COM","description":"","potentialAction":[{"@type":"SearchAction","target":{"@type":"EntryPoint","urlTemplate":"https:\/\/usa-gv.com\/pt-pt\/?s={search_term_string}"},"query-input":{"@type":"PropertyValueSpecification","valueRequired":true,"valueName":"search_term_string"}}],"inLanguage":"pt-PT"}]}},"_links":{"self":[{"href":"https:\/\/usa-gv.com\/pt-pt\/wp-json\/wp\/v2\/pages\/2767","targetHints":{"allow":["GET"]}}],"collection":[{"href":"https:\/\/usa-gv.com\/pt-pt\/wp-json\/wp\/v2\/pages"}],"about":[{"href":"https:\/\/usa-gv.com\/pt-pt\/wp-json\/wp\/v2\/types\/page"}],"author":[{"embeddable":true,"href":"https:\/\/usa-gv.com\/pt-pt\/wp-json\/wp\/v2\/users\/1"}],"replies":[{"embeddable":true,"href":"https:\/\/usa-gv.com\/pt-pt\/wp-json\/wp\/v2\/comments?post=2767"}],"version-history":[{"count":1,"href":"https:\/\/usa-gv.com\/pt-pt\/wp-json\/wp\/v2\/pages\/2767\/revisions"}],"predecessor-version":[{"id":7530,"href":"https:\/\/usa-gv.com\/pt-pt\/wp-json\/wp\/v2\/pages\/2767\/revisions\/7530"}],"wp:attachment":[{"href":"https:\/\/usa-gv.com\/pt-pt\/wp-json\/wp\/v2\/media?parent=2767"}],"curies":[{"name":"wp","href":"https:\/\/api.w.org\/{rel}","templated":true}]}}