{"id":2749,"date":"2024-03-19T10:41:15","date_gmt":"2024-03-19T10:41:15","guid":{"rendered":"https:\/\/usa-gv.com\/esta-canada\/"},"modified":"2025-02-25T11:49:28","modified_gmt":"2025-02-25T11:49:28","slug":"esta-canada","status":"publish","type":"page","link":"https:\/\/usa-gv.com\/pt-pt\/esta-canada\/","title":{"rendered":"ESTA para o Canad\u00e1 ou eTA Canad\u00e1"},"content":{"rendered":"\n<h1 class=\"wp-block-heading\">Autoriza\u00e7\u00e3o de viagem para o Canad\u00e1<\/h1>\n\n<p>Os Estados Unidos e o Canad\u00e1 s\u00e3o dois pa\u00edses que introduziram autoriza\u00e7\u00f5es electr\u00f3nicas de viagem para os estrangeiros que pretendam permanecer no seu territ\u00f3rio por um curto per\u00edodo.\nA autoriza\u00e7\u00e3o de viagem ESTA para os EUA n\u00e3o \u00e9 t\u00e3o \u00fatil como a autoriza\u00e7\u00e3o eTA para o Canad\u00e1.\nEis as informa\u00e7\u00f5es pormenorizadas de que necessita para compreender as regras aplic\u00e1veis \u00e0s viagens entre os dois pa\u00edses.    <\/p>\n\n<p><strong>Para uma estadia inferior a 90 dias nos Estados Unidos<\/strong>: Pode obter a sua autoriza\u00e7\u00e3o de viagem em apenas alguns minutos, clicando no <a href=\"https:\/\/usa-gv.com\/pt-pt\/formulario-esta-em-linha\/\">formul\u00e1rio em linha ESTA<\/a>.<\/p>\n\n<div style=\"height:20px\" aria-hidden=\"true\" class=\"wp-block-spacer\"><\/div>\n\n<h2 class=\"wp-block-heading\">Autoriza\u00e7\u00e3o de viagem para visitar o Canad\u00e1<\/h2>\n\n<h3 class=\"wp-block-heading\">O que \u00e9 o ESTA Canad\u00e1?<\/h3>\n\n<p>N\u00e3o existe uma autoriza\u00e7\u00e3o <strong>ESTA para o Canad\u00e1<\/strong>.\nO Canad\u00e1 introduziu um sistema eletr\u00f3nico de autoriza\u00e7\u00e3o de viagem semelhante ao dos Estados Unidos, denominado eTA (Electronic Travel Authorization).\nA notoriedade da autoriza\u00e7\u00e3o <a href=\"https:\/\/usa-gv.com\/pt-pt\/o-que-e-uma-autorizacao-esta\/\">ESTA para os EUA<\/a> causa confus\u00e3o a alguns viajantes estrangeiros que pensam que a autoriza\u00e7\u00e3o canadiana \u00e9 uma autoriza\u00e7\u00e3o ESTA Canad\u00e1.  <\/p>\n\n<h3 class=\"wp-block-heading\">Autoriza\u00e7\u00e3o de viagem eTA para o Canad\u00e1<\/h3>\n\n<p>A eTA Canada \u00e9 uma autoriza\u00e7\u00e3o eletr\u00f3nica de viagem que permite a um cidad\u00e3o estrangeiro entrar no Canad\u00e1 para uma estadia at\u00e9 6 meses.\nO Governo canadiano introduziu este sistema de autoriza\u00e7\u00e3o de viagem para facilitar a visita dos viajantes ao Canad\u00e1 e para refor\u00e7ar a seguran\u00e7a nos postos fronteiri\u00e7os canadianos. <\/p>\n\n<h3 class=\"wp-block-heading\">Posso visitar o Canad\u00e1 com um ESTA<\/h3>\n\n<p>N\u00e3o, n\u00e3o \u00e9 poss\u00edvel a um viajante estrangeiro entrar no Canad\u00e1 com uma autoriza\u00e7\u00e3o ESTA americana.\nA autoriza\u00e7\u00e3o <a href=\"https:\/\/usa-gv.com\/pt-pt\/utilitario-esta\/\">ESTA n\u00e3o \u00e9 necess\u00e1ria para entrar no Canad\u00e1<\/a>. <\/p>\n\n<h3 class=\"wp-block-heading\">Posso visitar o Canad\u00e1 com um Green Card?<\/h3>\n\n<p>Se tiveres um Green Card, podes atravessar a fronteira terrestre dos Estados Unidos para o Canad\u00e1 sem obteres previamente um visto de turista canadiano ou um eTA canadiano.<\/p>\n\n<p>No entanto, se viajar de avi\u00e3o ou em tr\u00e2nsito pelo Canad\u00e1, ter\u00e1 de obter um visto canadiano ou uma eTA canadiana antes de embarcar.<\/p>\n\n<h2 class=\"wp-block-heading\">Autoriza\u00e7\u00e3o de viagem para visitar os EUA a partir do Canad\u00e1<\/h2>\n\n<h3 class=\"wp-block-heading\">Preciso de uma eTA para transitar pelo Canad\u00e1?<\/h3>\n\n<p>Os viajantes estrangeiros que possuem um ESTA para entrar nos EUA devem tamb\u00e9m obter uma eTA do Canad\u00e1 se fizerem uma escala no Canad\u00e1 a caminho dos EUA:  <\/p>\n\n<ul class=\"wp-block-list\">\n<li>Uma eTA Canad\u00e1 permite a um cidad\u00e3o estrangeiro fazer uma escala no Canad\u00e1.  <\/li>\n\n\n\n<li>Uma autoriza\u00e7\u00e3o de <a href=\"https:\/\/usa-gv.com\/pt-pt\/esta-transito-eua\/\">tr\u00e2nsito ESTA para os EUA<\/a> n\u00e3o lhe permite fazer uma escala no Canad\u00e1.<\/li>\n<\/ul>\n\n<div style=\"height:10px\" aria-hidden=\"true\" class=\"wp-block-spacer\"><\/div>\n\n<h3 class=\"wp-block-heading\">Preciso de um ESTA para entrar nos EUA por via terrestre atrav\u00e9s da fronteira canadiana?<\/h3>\n\n<p>Desde 1 de outubro de 2022, os cidad\u00e3os estrangeiros de pa\u00edses que s\u00e3o membros do <a href=\"https:\/\/usa-gv.com\/pt-pt\/visa-waiver-program-eua\/\">Programa de Isen\u00e7\u00e3o de Vistos<\/a> t\u00eam de <a href=\"https:\/\/usa-gv.com\/pt-pt\/como-obter-esta\/\">obter uma autoriza\u00e7\u00e3o ESTA<\/a> para atravessar a fronteira terrestre entre o Canad\u00e1 e os EUA.<\/p>\n\n<h3 class=\"wp-block-heading\">Quais s\u00e3o as formalidades de entrada nos EUA para os cidad\u00e3os canadianos?<\/h3>\n\n<h4 class=\"wp-block-heading\">Canadianos que entram nos EUA por via a\u00e9rea<\/h4>\n\n<p>Os canadianos que pretendam viajar para os Estados Unidos devem apresentar prova da sua cidadania canadiana para entrar nos Estados Unidos.\nA melhor prova \u00e9 um passaporte canadiano v\u00e1lido. <\/p>\n\n<p>Este requisito aplica-se a todos os cidad\u00e3os canadianos, incluindo crian\u00e7as, que chegam aos Estados Unidos por via a\u00e9rea.\nEsta regra aplica-se igualmente aos cidad\u00e3os canadianos em tr\u00e2nsito nos Estados Unidos. <\/p>\n\n<h4 class=\"wp-block-heading\">Canadianos que entram nos EUA por via terrestre ou mar\u00edtima<\/h4>\n\n<p>Em conformidade com o acordo Western Hemisphere Travel Initiative (WHTI), todos os cidad\u00e3os canadianos com 16 anos ou mais devem apresentar um comprovativo de cidadania canadiana quando entram nos Estados Unidos por via terrestre ou mar\u00edtima.\nA melhor prova \u00e9 um passaporte canadiano v\u00e1lido. <\/p>\n\n<h2 class=\"wp-block-heading\">Imagem do s\u00edtio Web para obter uma ESTA Canad\u00e1 (eTA)<\/h2>\n\n<p>Eis uma captura de ecr\u00e3 do <a href=\"https:\/\/www.canada.ca\/en\/immigration-refugees-citizenship\/services\/visit-canada\/eta\/apply-pt.html\">s\u00edtio Web canada.ca<\/a>, onde os viajantes estrangeiros podem solicitar uma autoriza\u00e7\u00e3o de viagem em linha para o Canad\u00e1, semelhante \u00e0 autoriza\u00e7\u00e3o ESTA americana.<\/p>\n\n<figure class=\"wp-block-image size-large\"><img decoding=\"async\" src=\"https:\/\/usa-gv.com\/wp-content\/uploads\/2024\/04\/esta-canada-PT-1024x1010.jpg\" alt=\"Aplica&#xE7;&#xE3;o em linha do eTA Canad&#xE1; para viajar para o Canad&#xE1;\" class=\"wp-image-3503\"\/><figcaption class=\"wp-element-caption\">Pedir uma autoriza\u00e7\u00e3o de viagem para o Canad\u00e1<\/figcaption><\/figure>\n","protected":false},"excerpt":{"rendered":"<p>Autoriza\u00e7\u00e3o de viagem para o Canad\u00e1 Os Estados Unidos e o Canad\u00e1 s\u00e3o dois pa\u00edses que introduziram autoriza\u00e7\u00f5es electr\u00f3nicas de viagem para os estrangeiros que pretendam permanecer no seu territ\u00f3rio por um curto per\u00edodo. A autoriza\u00e7\u00e3o de viagem ESTA para os EUA n\u00e3o \u00e9 t\u00e3o \u00fatil como a autoriza\u00e7\u00e3o eTA para o Canad\u00e1. Eis as [&hellip;]<\/p>\n","protected":false},"author":1,"featured_media":0,"parent":0,"menu_order":0,"comment_status":"closed","ping_status":"closed","template":"","meta":{"footnotes":""},"class_list":["post-2749","page","type-page","status-publish","hentry"],"yoast_head":"<!-- This site is optimized with the Yoast SEO plugin v26.6 - https:\/\/yoast.com\/wordpress\/plugins\/seo\/ -->\n<title>ESTA para o Canad\u00e1 ou eTA Canad\u00e1 - USA-GV.COM<\/title>\n<meta name=\"description\" content=\"Obter em linha uma autoriza\u00e7\u00e3o de viagem para o Canad\u00e1 semelhante a uma autoriza\u00e7\u00e3o ESTA para os Estados Unidos\" \/>\n<meta name=\"robots\" content=\"index, follow, max-snippet:-1, max-image-preview:large, max-video-preview:-1\" \/>\n<link rel=\"canonical\" href=\"https:\/\/usa-gv.com\/pt-pt\/esta-canada\/\" \/>\n<meta property=\"og:locale\" content=\"pt_PT\" \/>\n<meta property=\"og:type\" content=\"article\" \/>\n<meta property=\"og:title\" content=\"ESTA para o Canad\u00e1 ou eTA Canad\u00e1 - USA-GV.COM\" \/>\n<meta property=\"og:description\" content=\"Obter em linha uma autoriza\u00e7\u00e3o de viagem para o Canad\u00e1 semelhante a uma autoriza\u00e7\u00e3o ESTA para os Estados Unidos\" \/>\n<meta property=\"og:url\" content=\"https:\/\/usa-gv.com\/pt-pt\/esta-canada\/\" \/>\n<meta property=\"og:site_name\" content=\"USA-GV.COM\" \/>\n<meta property=\"article:modified_time\" content=\"2025-02-25T11:49:28+00:00\" \/>\n<meta property=\"og:image\" content=\"https:\/\/usa-gv.com\/wp-content\/uploads\/2024\/04\/esta-canada-PT-1024x1010.jpg\" \/>\n<meta name=\"twitter:card\" content=\"summary_large_image\" \/>\n<meta name=\"twitter:label1\" content=\"Tempo estimado de leitura\" \/>\n\t<meta name=\"twitter:data1\" content=\"3 minutos\" \/>\n<script type=\"application\/ld+json\" class=\"yoast-schema-graph\">{\"@context\":\"https:\/\/schema.org\",\"@graph\":[{\"@type\":\"WebPage\",\"@id\":\"https:\/\/usa-gv.com\/pt-pt\/esta-canada\/\",\"url\":\"https:\/\/usa-gv.com\/pt-pt\/esta-canada\/\",\"name\":\"ESTA para o Canad\u00e1 ou eTA Canad\u00e1 - USA-GV.COM\",\"isPartOf\":{\"@id\":\"https:\/\/usa-gv.com\/pt-pt\/#website\"},\"primaryImageOfPage\":{\"@id\":\"https:\/\/usa-gv.com\/pt-pt\/esta-canada\/#primaryimage\"},\"image\":{\"@id\":\"https:\/\/usa-gv.com\/pt-pt\/esta-canada\/#primaryimage\"},\"thumbnailUrl\":\"https:\/\/usa-gv.com\/wp-content\/uploads\/2024\/04\/esta-canada-PT-1024x1010.jpg\",\"datePublished\":\"2024-03-19T10:41:15+00:00\",\"dateModified\":\"2025-02-25T11:49:28+00:00\",\"description\":\"Obter em linha uma autoriza\u00e7\u00e3o de viagem para o Canad\u00e1 semelhante a uma autoriza\u00e7\u00e3o ESTA para os Estados Unidos\",\"breadcrumb\":{\"@id\":\"https:\/\/usa-gv.com\/pt-pt\/esta-canada\/#breadcrumb\"},\"inLanguage\":\"pt-PT\",\"potentialAction\":[{\"@type\":\"ReadAction\",\"target\":[\"https:\/\/usa-gv.com\/pt-pt\/esta-canada\/\"]}]},{\"@type\":\"ImageObject\",\"inLanguage\":\"pt-PT\",\"@id\":\"https:\/\/usa-gv.com\/pt-pt\/esta-canada\/#primaryimage\",\"url\":\"https:\/\/usa-gv.com\/wp-content\/uploads\/2024\/04\/esta-canada-PT-1024x1010.jpg\",\"contentUrl\":\"https:\/\/usa-gv.com\/wp-content\/uploads\/2024\/04\/esta-canada-PT-1024x1010.jpg\"},{\"@type\":\"BreadcrumbList\",\"@id\":\"https:\/\/usa-gv.com\/pt-pt\/esta-canada\/#breadcrumb\",\"itemListElement\":[{\"@type\":\"ListItem\",\"position\":1,\"name\":\"Home\",\"item\":\"https:\/\/usa-gv.com\/pt-pt\/guia-de-viagem-dos-eua\/\"},{\"@type\":\"ListItem\",\"position\":2,\"name\":\"ESTA para o Canad\u00e1 ou eTA Canad\u00e1\"}]},{\"@type\":\"WebSite\",\"@id\":\"https:\/\/usa-gv.com\/pt-pt\/#website\",\"url\":\"https:\/\/usa-gv.com\/pt-pt\/\",\"name\":\"USA-GV.COM\",\"description\":\"\",\"potentialAction\":[{\"@type\":\"SearchAction\",\"target\":{\"@type\":\"EntryPoint\",\"urlTemplate\":\"https:\/\/usa-gv.com\/pt-pt\/?s={search_term_string}\"},\"query-input\":{\"@type\":\"PropertyValueSpecification\",\"valueRequired\":true,\"valueName\":\"search_term_string\"}}],\"inLanguage\":\"pt-PT\"}]}<\/script>\n<!-- \/ Yoast SEO plugin. -->","yoast_head_json":{"title":"ESTA para o Canad\u00e1 ou eTA Canad\u00e1 - USA-GV.COM","description":"Obter em linha uma autoriza\u00e7\u00e3o de viagem para o Canad\u00e1 semelhante a uma autoriza\u00e7\u00e3o ESTA para os Estados Unidos","robots":{"index":"index","follow":"follow","max-snippet":"max-snippet:-1","max-image-preview":"max-image-preview:large","max-video-preview":"max-video-preview:-1"},"canonical":"https:\/\/usa-gv.com\/pt-pt\/esta-canada\/","og_locale":"pt_PT","og_type":"article","og_title":"ESTA para o Canad\u00e1 ou eTA Canad\u00e1 - USA-GV.COM","og_description":"Obter em linha uma autoriza\u00e7\u00e3o de viagem para o Canad\u00e1 semelhante a uma autoriza\u00e7\u00e3o ESTA para os Estados Unidos","og_url":"https:\/\/usa-gv.com\/pt-pt\/esta-canada\/","og_site_name":"USA-GV.COM","article_modified_time":"2025-02-25T11:49:28+00:00","og_image":[{"url":"https:\/\/usa-gv.com\/wp-content\/uploads\/2024\/04\/esta-canada-PT-1024x1010.jpg","type":"","width":"","height":""}],"twitter_card":"summary_large_image","twitter_misc":{"Tempo estimado de leitura":"3 minutos"},"schema":{"@context":"https:\/\/schema.org","@graph":[{"@type":"WebPage","@id":"https:\/\/usa-gv.com\/pt-pt\/esta-canada\/","url":"https:\/\/usa-gv.com\/pt-pt\/esta-canada\/","name":"ESTA para o Canad\u00e1 ou eTA Canad\u00e1 - USA-GV.COM","isPartOf":{"@id":"https:\/\/usa-gv.com\/pt-pt\/#website"},"primaryImageOfPage":{"@id":"https:\/\/usa-gv.com\/pt-pt\/esta-canada\/#primaryimage"},"image":{"@id":"https:\/\/usa-gv.com\/pt-pt\/esta-canada\/#primaryimage"},"thumbnailUrl":"https:\/\/usa-gv.com\/wp-content\/uploads\/2024\/04\/esta-canada-PT-1024x1010.jpg","datePublished":"2024-03-19T10:41:15+00:00","dateModified":"2025-02-25T11:49:28+00:00","description":"Obter em linha uma autoriza\u00e7\u00e3o de viagem para o Canad\u00e1 semelhante a uma autoriza\u00e7\u00e3o ESTA para os Estados Unidos","breadcrumb":{"@id":"https:\/\/usa-gv.com\/pt-pt\/esta-canada\/#breadcrumb"},"inLanguage":"pt-PT","potentialAction":[{"@type":"ReadAction","target":["https:\/\/usa-gv.com\/pt-pt\/esta-canada\/"]}]},{"@type":"ImageObject","inLanguage":"pt-PT","@id":"https:\/\/usa-gv.com\/pt-pt\/esta-canada\/#primaryimage","url":"https:\/\/usa-gv.com\/wp-content\/uploads\/2024\/04\/esta-canada-PT-1024x1010.jpg","contentUrl":"https:\/\/usa-gv.com\/wp-content\/uploads\/2024\/04\/esta-canada-PT-1024x1010.jpg"},{"@type":"BreadcrumbList","@id":"https:\/\/usa-gv.com\/pt-pt\/esta-canada\/#breadcrumb","itemListElement":[{"@type":"ListItem","position":1,"name":"Home","item":"https:\/\/usa-gv.com\/pt-pt\/guia-de-viagem-dos-eua\/"},{"@type":"ListItem","position":2,"name":"ESTA para o Canad\u00e1 ou eTA Canad\u00e1"}]},{"@type":"WebSite","@id":"https:\/\/usa-gv.com\/pt-pt\/#website","url":"https:\/\/usa-gv.com\/pt-pt\/","name":"USA-GV.COM","description":"","potentialAction":[{"@type":"SearchAction","target":{"@type":"EntryPoint","urlTemplate":"https:\/\/usa-gv.com\/pt-pt\/?s={search_term_string}"},"query-input":{"@type":"PropertyValueSpecification","valueRequired":true,"valueName":"search_term_string"}}],"inLanguage":"pt-PT"}]}},"_links":{"self":[{"href":"https:\/\/usa-gv.com\/pt-pt\/wp-json\/wp\/v2\/pages\/2749","targetHints":{"allow":["GET"]}}],"collection":[{"href":"https:\/\/usa-gv.com\/pt-pt\/wp-json\/wp\/v2\/pages"}],"about":[{"href":"https:\/\/usa-gv.com\/pt-pt\/wp-json\/wp\/v2\/types\/page"}],"author":[{"embeddable":true,"href":"https:\/\/usa-gv.com\/pt-pt\/wp-json\/wp\/v2\/users\/1"}],"replies":[{"embeddable":true,"href":"https:\/\/usa-gv.com\/pt-pt\/wp-json\/wp\/v2\/comments?post=2749"}],"version-history":[{"count":1,"href":"https:\/\/usa-gv.com\/pt-pt\/wp-json\/wp\/v2\/pages\/2749\/revisions"}],"predecessor-version":[{"id":7519,"href":"https:\/\/usa-gv.com\/pt-pt\/wp-json\/wp\/v2\/pages\/2749\/revisions\/7519"}],"wp:attachment":[{"href":"https:\/\/usa-gv.com\/pt-pt\/wp-json\/wp\/v2\/media?parent=2749"}],"curies":[{"name":"wp","href":"https:\/\/api.w.org\/{rel}","templated":true}]}}