{"id":2722,"date":"2024-03-10T21:38:55","date_gmt":"2024-03-10T21:38:55","guid":{"rendered":"https:\/\/usa-gv.com\/esta-transito-eua\/"},"modified":"2025-02-25T11:49:19","modified_gmt":"2025-02-25T11:49:19","slug":"esta-transito-eua","status":"publish","type":"page","link":"https:\/\/usa-gv.com\/pt-pt\/esta-transito-eua\/","title":{"rendered":"ESTA para tr\u00e2nsito para os EUA"},"content":{"rendered":"\n<h1 class=\"wp-block-heading\">Fazer uma escala nos EUA com o ESTA<\/h1>\n\n<p>O Programa de Isen\u00e7\u00e3o de Vistos dos EUA permite que os nacionais dos pa\u00edses membros viajem para os Estados Unidos sem visto para fins de turismo, neg\u00f3cios ou tr\u00e2nsito.\nO tr\u00e2nsito pelo territ\u00f3rio americano \u00e9 uma das raz\u00f5es para obter um ESTA. <\/p>\n\n<p><strong>Para obter a autoriza\u00e7\u00e3o em apenas alguns minutos<\/strong>, basta clicar no <a href=\"https:\/\/usa-gv.com\/pt-pt\/formulario-esta-em-linha\/\">formul\u00e1rio ESTA em linha<\/a>.<\/p>\n\n<div style=\"height:10px\" aria-hidden=\"true\" class=\"wp-block-spacer\"><\/div>\n\n<h2 class=\"wp-block-heading\">O que \u00e9 uma autoriza\u00e7\u00e3o de tr\u00e2nsito ESTA?<\/h2>\n\n<p>A autoriza\u00e7\u00e3o ESTA permite ao seu titular efetuar uma escala nos Estados Unidos sem um visto de viagem americano.\nO tr\u00e2nsito \u00e9, portanto, uma das raz\u00f5es para obter uma autoriza\u00e7\u00e3o eletr\u00f3nica de viagem ESTA. <\/p>\n\n<h2 class=\"wp-block-heading\">Como \u00e9 que obtenho um ESTA para tr\u00e2nsito?<\/h2>\n\n<p>Ao <a href=\"https:\/\/usa-gv.com\/pt-pt\/como-solicitar-esta\/\">solicitar a autoriza\u00e7\u00e3o<\/a> ESTA, o viajante deve responder \u00e0s <a href=\"https:\/\/usa-gv.com\/pt-pt\/perguntas-do-formulario-esta\/\">perguntas do formul\u00e1rio ESTA<\/a>. Entre as perguntas feitas sobre as caracter\u00edsticas da viagem aos EUA, h\u00e1 uma pergunta espec\u00edfica sobre as viagens em tr\u00e2nsito.  <\/p>\n\n<p>O viajante deve responder \u00e0 pergunta: <strong>A sua viagem aos Estados Unidos \u00e9 um tr\u00e2nsito para outro pa\u00eds?<\/strong> O viajante deve responder assinalando SIM ou N\u00c3O.<\/p>\n\n<p>No caso de um pedido ESTA para tr\u00e2nsito, o viajante responde SIM \u00e0 pergunta.\nPor conseguinte, n\u00e3o tem de indicar o seu endere\u00e7o nos Estados Unidos.\nNo entanto, devem ainda preencher a sec\u00e7\u00e3o do formul\u00e1rio relativa aos <strong>contactos de emerg\u00eancia nos Estados Unidos e fora do pa\u00eds<\/strong>.  <\/p>\n\n<h2 class=\"wp-block-heading\">Quanto custa um ESTA de tr\u00e2nsito?<\/h2>\n\n<p>O <a href=\"https:\/\/usa-gv.com\/pt-pt\/preco-esta-eua\/\">pre\u00e7o do ESTA<\/a> \u00e9 o mesmo, qualquer que seja o motivo e a dura\u00e7\u00e3o da sua desloca\u00e7\u00e3o aos Estados Unidos. A taxa \u00e9 <strong>a mesma para uma estadia de 90 dias ou para uma simples escala<\/strong> nos Estados Unidos. Os viajantes devem <a href=\"https:\/\/usa-gv.com\/pt-pt\/como-pagar-um-esta\/\">pagar o seu ESTA em linha<\/a> imediatamente no final do formul\u00e1rio para validar o seu pedido.<\/p>\n\n<h2 class=\"wp-block-heading\">Imagem do formul\u00e1rio ESTA para tr\u00e2nsito para os EUA<\/h2>\n\n<p>Esta \u00e9 a parte do formul\u00e1rio ESTA que diz respeito \u00e0s informa\u00e7\u00f5es sobre a viagem.\nA quest\u00e3o das viagens de tr\u00e2nsito \u00e9 obrigat\u00f3ria e importante.   <\/p>\n\n<figure class=\"wp-block-image size-large\"><img decoding=\"async\" src=\"https:\/\/usa-gv.com\/wp-content\/uploads\/2024\/04\/esta-transito-PT-1024x668.png\" alt=\"Formul&#xE1;rio ESTA para escalas nos EUA\" class=\"wp-image-3882\"\/><figcaption class=\"wp-element-caption\">Formul\u00e1rio ESTA para tr\u00e2nsito para os EUA<\/figcaption><\/figure>\n","protected":false},"excerpt":{"rendered":"<p>Fazer uma escala nos EUA com o ESTA O Programa de Isen\u00e7\u00e3o de Vistos dos EUA permite que os nacionais dos pa\u00edses membros viajem para os Estados Unidos sem visto para fins de turismo, neg\u00f3cios ou tr\u00e2nsito. O tr\u00e2nsito pelo territ\u00f3rio americano \u00e9 uma das raz\u00f5es para obter um ESTA. Para obter a autoriza\u00e7\u00e3o em [&hellip;]<\/p>\n","protected":false},"author":1,"featured_media":0,"parent":0,"menu_order":0,"comment_status":"closed","ping_status":"closed","template":"","meta":{"footnotes":""},"class_list":["post-2722","page","type-page","status-publish","hentry"],"yoast_head":"<!-- This site is optimized with the Yoast SEO plugin v26.6 - https:\/\/yoast.com\/wordpress\/plugins\/seo\/ -->\n<title>ESTA para tr\u00e2nsito para os EUA - USA-GV.COM<\/title>\n<meta name=\"description\" content=\"Alguns viajantes estrangeiros podem fazer uma escala ou permanecer em tr\u00e2nsito nos Estados Unidos com autoriza\u00e7\u00e3o ESTA.\" \/>\n<meta name=\"robots\" content=\"index, follow, max-snippet:-1, max-image-preview:large, max-video-preview:-1\" \/>\n<link rel=\"canonical\" href=\"https:\/\/usa-gv.com\/pt-pt\/esta-transito-eua\/\" \/>\n<meta property=\"og:locale\" content=\"pt_PT\" \/>\n<meta property=\"og:type\" content=\"article\" \/>\n<meta property=\"og:title\" content=\"ESTA para tr\u00e2nsito para os EUA - USA-GV.COM\" \/>\n<meta property=\"og:description\" content=\"Alguns viajantes estrangeiros podem fazer uma escala ou permanecer em tr\u00e2nsito nos Estados Unidos com autoriza\u00e7\u00e3o ESTA.\" \/>\n<meta property=\"og:url\" content=\"https:\/\/usa-gv.com\/pt-pt\/esta-transito-eua\/\" \/>\n<meta property=\"og:site_name\" content=\"USA-GV.COM\" \/>\n<meta property=\"article:modified_time\" content=\"2025-02-25T11:49:19+00:00\" \/>\n<meta property=\"og:image\" content=\"https:\/\/usa-gv.com\/wp-content\/uploads\/2024\/04\/esta-transito-PT-1024x668.png\" \/>\n<meta name=\"twitter:card\" content=\"summary_large_image\" \/>\n<meta name=\"twitter:label1\" content=\"Tempo estimado de leitura\" \/>\n\t<meta name=\"twitter:data1\" content=\"2 minutos\" \/>\n<script type=\"application\/ld+json\" class=\"yoast-schema-graph\">{\"@context\":\"https:\/\/schema.org\",\"@graph\":[{\"@type\":\"WebPage\",\"@id\":\"https:\/\/usa-gv.com\/pt-pt\/esta-transito-eua\/\",\"url\":\"https:\/\/usa-gv.com\/pt-pt\/esta-transito-eua\/\",\"name\":\"ESTA para tr\u00e2nsito para os EUA - USA-GV.COM\",\"isPartOf\":{\"@id\":\"https:\/\/usa-gv.com\/pt-pt\/#website\"},\"primaryImageOfPage\":{\"@id\":\"https:\/\/usa-gv.com\/pt-pt\/esta-transito-eua\/#primaryimage\"},\"image\":{\"@id\":\"https:\/\/usa-gv.com\/pt-pt\/esta-transito-eua\/#primaryimage\"},\"thumbnailUrl\":\"https:\/\/usa-gv.com\/wp-content\/uploads\/2024\/04\/esta-transito-PT-1024x668.png\",\"datePublished\":\"2024-03-10T21:38:55+00:00\",\"dateModified\":\"2025-02-25T11:49:19+00:00\",\"description\":\"Alguns viajantes estrangeiros podem fazer uma escala ou permanecer em tr\u00e2nsito nos Estados Unidos com autoriza\u00e7\u00e3o ESTA.\",\"breadcrumb\":{\"@id\":\"https:\/\/usa-gv.com\/pt-pt\/esta-transito-eua\/#breadcrumb\"},\"inLanguage\":\"pt-PT\",\"potentialAction\":[{\"@type\":\"ReadAction\",\"target\":[\"https:\/\/usa-gv.com\/pt-pt\/esta-transito-eua\/\"]}]},{\"@type\":\"ImageObject\",\"inLanguage\":\"pt-PT\",\"@id\":\"https:\/\/usa-gv.com\/pt-pt\/esta-transito-eua\/#primaryimage\",\"url\":\"https:\/\/usa-gv.com\/wp-content\/uploads\/2024\/04\/esta-transito-PT-1024x668.png\",\"contentUrl\":\"https:\/\/usa-gv.com\/wp-content\/uploads\/2024\/04\/esta-transito-PT-1024x668.png\"},{\"@type\":\"BreadcrumbList\",\"@id\":\"https:\/\/usa-gv.com\/pt-pt\/esta-transito-eua\/#breadcrumb\",\"itemListElement\":[{\"@type\":\"ListItem\",\"position\":1,\"name\":\"Home\",\"item\":\"https:\/\/usa-gv.com\/pt-pt\/guia-de-viagem-dos-eua\/\"},{\"@type\":\"ListItem\",\"position\":2,\"name\":\"ESTA para tr\u00e2nsito para os EUA\"}]},{\"@type\":\"WebSite\",\"@id\":\"https:\/\/usa-gv.com\/pt-pt\/#website\",\"url\":\"https:\/\/usa-gv.com\/pt-pt\/\",\"name\":\"USA-GV.COM\",\"description\":\"\",\"potentialAction\":[{\"@type\":\"SearchAction\",\"target\":{\"@type\":\"EntryPoint\",\"urlTemplate\":\"https:\/\/usa-gv.com\/pt-pt\/?s={search_term_string}\"},\"query-input\":{\"@type\":\"PropertyValueSpecification\",\"valueRequired\":true,\"valueName\":\"search_term_string\"}}],\"inLanguage\":\"pt-PT\"}]}<\/script>\n<!-- \/ Yoast SEO plugin. -->","yoast_head_json":{"title":"ESTA para tr\u00e2nsito para os EUA - USA-GV.COM","description":"Alguns viajantes estrangeiros podem fazer uma escala ou permanecer em tr\u00e2nsito nos Estados Unidos com autoriza\u00e7\u00e3o ESTA.","robots":{"index":"index","follow":"follow","max-snippet":"max-snippet:-1","max-image-preview":"max-image-preview:large","max-video-preview":"max-video-preview:-1"},"canonical":"https:\/\/usa-gv.com\/pt-pt\/esta-transito-eua\/","og_locale":"pt_PT","og_type":"article","og_title":"ESTA para tr\u00e2nsito para os EUA - USA-GV.COM","og_description":"Alguns viajantes estrangeiros podem fazer uma escala ou permanecer em tr\u00e2nsito nos Estados Unidos com autoriza\u00e7\u00e3o ESTA.","og_url":"https:\/\/usa-gv.com\/pt-pt\/esta-transito-eua\/","og_site_name":"USA-GV.COM","article_modified_time":"2025-02-25T11:49:19+00:00","og_image":[{"url":"https:\/\/usa-gv.com\/wp-content\/uploads\/2024\/04\/esta-transito-PT-1024x668.png","type":"","width":"","height":""}],"twitter_card":"summary_large_image","twitter_misc":{"Tempo estimado de leitura":"2 minutos"},"schema":{"@context":"https:\/\/schema.org","@graph":[{"@type":"WebPage","@id":"https:\/\/usa-gv.com\/pt-pt\/esta-transito-eua\/","url":"https:\/\/usa-gv.com\/pt-pt\/esta-transito-eua\/","name":"ESTA para tr\u00e2nsito para os EUA - USA-GV.COM","isPartOf":{"@id":"https:\/\/usa-gv.com\/pt-pt\/#website"},"primaryImageOfPage":{"@id":"https:\/\/usa-gv.com\/pt-pt\/esta-transito-eua\/#primaryimage"},"image":{"@id":"https:\/\/usa-gv.com\/pt-pt\/esta-transito-eua\/#primaryimage"},"thumbnailUrl":"https:\/\/usa-gv.com\/wp-content\/uploads\/2024\/04\/esta-transito-PT-1024x668.png","datePublished":"2024-03-10T21:38:55+00:00","dateModified":"2025-02-25T11:49:19+00:00","description":"Alguns viajantes estrangeiros podem fazer uma escala ou permanecer em tr\u00e2nsito nos Estados Unidos com autoriza\u00e7\u00e3o ESTA.","breadcrumb":{"@id":"https:\/\/usa-gv.com\/pt-pt\/esta-transito-eua\/#breadcrumb"},"inLanguage":"pt-PT","potentialAction":[{"@type":"ReadAction","target":["https:\/\/usa-gv.com\/pt-pt\/esta-transito-eua\/"]}]},{"@type":"ImageObject","inLanguage":"pt-PT","@id":"https:\/\/usa-gv.com\/pt-pt\/esta-transito-eua\/#primaryimage","url":"https:\/\/usa-gv.com\/wp-content\/uploads\/2024\/04\/esta-transito-PT-1024x668.png","contentUrl":"https:\/\/usa-gv.com\/wp-content\/uploads\/2024\/04\/esta-transito-PT-1024x668.png"},{"@type":"BreadcrumbList","@id":"https:\/\/usa-gv.com\/pt-pt\/esta-transito-eua\/#breadcrumb","itemListElement":[{"@type":"ListItem","position":1,"name":"Home","item":"https:\/\/usa-gv.com\/pt-pt\/guia-de-viagem-dos-eua\/"},{"@type":"ListItem","position":2,"name":"ESTA para tr\u00e2nsito para os EUA"}]},{"@type":"WebSite","@id":"https:\/\/usa-gv.com\/pt-pt\/#website","url":"https:\/\/usa-gv.com\/pt-pt\/","name":"USA-GV.COM","description":"","potentialAction":[{"@type":"SearchAction","target":{"@type":"EntryPoint","urlTemplate":"https:\/\/usa-gv.com\/pt-pt\/?s={search_term_string}"},"query-input":{"@type":"PropertyValueSpecification","valueRequired":true,"valueName":"search_term_string"}}],"inLanguage":"pt-PT"}]}},"_links":{"self":[{"href":"https:\/\/usa-gv.com\/pt-pt\/wp-json\/wp\/v2\/pages\/2722","targetHints":{"allow":["GET"]}}],"collection":[{"href":"https:\/\/usa-gv.com\/pt-pt\/wp-json\/wp\/v2\/pages"}],"about":[{"href":"https:\/\/usa-gv.com\/pt-pt\/wp-json\/wp\/v2\/types\/page"}],"author":[{"embeddable":true,"href":"https:\/\/usa-gv.com\/pt-pt\/wp-json\/wp\/v2\/users\/1"}],"replies":[{"embeddable":true,"href":"https:\/\/usa-gv.com\/pt-pt\/wp-json\/wp\/v2\/comments?post=2722"}],"version-history":[{"count":1,"href":"https:\/\/usa-gv.com\/pt-pt\/wp-json\/wp\/v2\/pages\/2722\/revisions"}],"predecessor-version":[{"id":7508,"href":"https:\/\/usa-gv.com\/pt-pt\/wp-json\/wp\/v2\/pages\/2722\/revisions\/7508"}],"wp:attachment":[{"href":"https:\/\/usa-gv.com\/pt-pt\/wp-json\/wp\/v2\/media?parent=2722"}],"curies":[{"name":"wp","href":"https:\/\/api.w.org\/{rel}","templated":true}]}}