{"id":2677,"date":"2024-03-12T09:17:22","date_gmt":"2024-03-12T09:17:22","guid":{"rendered":"https:\/\/usa-gv.com\/como-pagar-um-esta\/"},"modified":"2025-02-25T11:49:12","modified_gmt":"2025-02-25T11:49:12","slug":"como-pagar-um-esta","status":"publish","type":"page","link":"https:\/\/usa-gv.com\/pt-pt\/como-pagar-um-esta\/","title":{"rendered":"Como pagar um ESTA em linha"},"content":{"rendered":"\n<h1 class=\"wp-block-heading\">Como pagar um pedido ESTA<\/h1>\n\n<p>O processo de obten\u00e7\u00e3o da autoriza\u00e7\u00e3o de viagem ESTA decorre inteiramente em linha.\nO procedimento implica o pagamento de uma taxa de processamento para validar o pedido e iniciar o seu tratamento inform\u00e1tico.\nEis o que precisa de saber sobre o pagamento do ESTA.  <\/p>\n\n<p><strong>Para se candidatar ao ESTA<\/strong>, basta clicar no <a href=\"https:\/\/usa-gv.com\/pt-pt\/formulario-esta-em-linha\/\">formul\u00e1rio em linha do ESTA<\/a>.<\/p>\n\n<div style=\"height:10px\" aria-hidden=\"true\" class=\"wp-block-spacer\"><\/div>\n\n<h2 class=\"wp-block-heading\">Existe algum custo para o ESTA?<\/h2>\n\n<p>A obten\u00e7\u00e3o da autoriza\u00e7\u00e3o de viagem ESTA est\u00e1 sujeita a uma taxa.\nN\u00e3o \u00e9 poss\u00edvel obter um <a href=\"https:\/\/usa-gv.com\/pt-pt\/esta-gratuita\/\">ESTA gratuito<\/a>.\nA <a href=\"https:\/\/usa-gv.com\/pt-pt\/preco-esta-eua\/\">taxa ESTA<\/a> cobre os custos de processamento e os custos de desenvolvimento do turismo nos EUA.  <\/p>\n\n<h2 class=\"wp-block-heading\">Quando \u00e9 que devo pagar?<\/h2>\n\n<p>Quando um <a href=\"https:\/\/usa-gv.com\/pt-pt\/como-solicitar-esta\/\">pedido ESTA<\/a> \u00e9 efectuado em linha, o requerente chega \u00e0 p\u00e1gina de pagamento da taxa na fase final do processo. O pedido n\u00e3o pode ser finalizado sem o pagamento da taxa no s\u00edtio <a href=\"https:\/\/usa-gv.com\/pt-pt\/sitio-web-oficial-esta\/\">Web oficial do ESTA<\/a>.  <\/p>\n\n<p>O ficheiro \u00e9 conservado por um per\u00edodo m\u00e1ximo de 7 dias sem pagamento.\nA data limite para o pagamento \u00e9 indicada na p\u00e1gina de pagamento. <strong>O pedido n\u00e3o ser\u00e1 processado at\u00e9 que o pagamento da taxa tenha sido validado<\/strong>. <\/p>\n\n<h2 class=\"wp-block-heading\">Como \u00e9 que pago?<\/h2>\n\n<p><strong>As taxas ESTA s\u00f3 podem ser pagas com cart\u00e3o de cr\u00e9dito<\/strong>.\nS\u00e3o aceites os seguintes tipos de cart\u00f5es para pagamento em linha: Visa, MasterCard, American Express, Discover, Diner&#8217;s Club, Maestro ou JCB. <\/p>\n\n<h2 class=\"wp-block-heading\">Foto da p\u00e1gina de pagamento do ESTA em portugu\u00eas<\/h2>\n\n<p>Eis uma captura de ecr\u00e3 da p\u00e1gina Web em que os viajantes devem pagar a taxa ESTA<\/p>\n\n<figure class=\"wp-block-image size-large\"><img decoding=\"async\" src=\"https:\/\/usa-gv.com\/wp-content\/uploads\/2024\/04\/pagamento-esta-PT-1024x737.jpg\" alt=\"P&#xE1;gina de pagamento em linha do ESTA\" class=\"wp-image-3375\"\/><figcaption class=\"wp-element-caption\">Fotografia da p\u00e1gina de pagamento do ESTA<\/figcaption><\/figure>\n\n<p><\/p>\n","protected":false},"excerpt":{"rendered":"<p>Como pagar um pedido ESTA O processo de obten\u00e7\u00e3o da autoriza\u00e7\u00e3o de viagem ESTA decorre inteiramente em linha. O procedimento implica o pagamento de uma taxa de processamento para validar o pedido e iniciar o seu tratamento inform\u00e1tico. Eis o que precisa de saber sobre o pagamento do ESTA. Para se candidatar ao ESTA, basta [&hellip;]<\/p>\n","protected":false},"author":1,"featured_media":0,"parent":0,"menu_order":0,"comment_status":"closed","ping_status":"closed","template":"","meta":{"footnotes":""},"class_list":["post-2677","page","type-page","status-publish","hentry"],"yoast_head":"<!-- This site is optimized with the Yoast SEO plugin v26.6 - https:\/\/yoast.com\/wordpress\/plugins\/seo\/ -->\n<title>Como pagar um ESTA em linha - USA-GV.COM<\/title>\n<meta name=\"description\" content=\"Como pagar um pedido ESTA em linha para finalizar o procedimento e obter autoriza\u00e7\u00e3o para viajar para os Estados Unidos\" \/>\n<meta name=\"robots\" content=\"index, follow, max-snippet:-1, max-image-preview:large, max-video-preview:-1\" \/>\n<link rel=\"canonical\" href=\"https:\/\/usa-gv.com\/pt-pt\/como-pagar-um-esta\/\" \/>\n<meta property=\"og:locale\" content=\"pt_PT\" \/>\n<meta property=\"og:type\" content=\"article\" \/>\n<meta property=\"og:title\" content=\"Como pagar um ESTA em linha - USA-GV.COM\" \/>\n<meta property=\"og:description\" content=\"Como pagar um pedido ESTA em linha para finalizar o procedimento e obter autoriza\u00e7\u00e3o para viajar para os Estados Unidos\" \/>\n<meta property=\"og:url\" content=\"https:\/\/usa-gv.com\/pt-pt\/como-pagar-um-esta\/\" \/>\n<meta property=\"og:site_name\" content=\"USA-GV.COM\" \/>\n<meta property=\"article:modified_time\" content=\"2025-02-25T11:49:12+00:00\" \/>\n<meta property=\"og:image\" content=\"https:\/\/usa-gv.com\/wp-content\/uploads\/2024\/04\/pagamento-esta-PT-1024x737.jpg\" \/>\n<meta name=\"twitter:card\" content=\"summary_large_image\" \/>\n<meta name=\"twitter:label1\" content=\"Tempo estimado de leitura\" \/>\n\t<meta name=\"twitter:data1\" content=\"1 minuto\" \/>\n<script type=\"application\/ld+json\" class=\"yoast-schema-graph\">{\"@context\":\"https:\/\/schema.org\",\"@graph\":[{\"@type\":\"WebPage\",\"@id\":\"https:\/\/usa-gv.com\/pt-pt\/como-pagar-um-esta\/\",\"url\":\"https:\/\/usa-gv.com\/pt-pt\/como-pagar-um-esta\/\",\"name\":\"Como pagar um ESTA em linha - USA-GV.COM\",\"isPartOf\":{\"@id\":\"https:\/\/usa-gv.com\/pt-pt\/#website\"},\"primaryImageOfPage\":{\"@id\":\"https:\/\/usa-gv.com\/pt-pt\/como-pagar-um-esta\/#primaryimage\"},\"image\":{\"@id\":\"https:\/\/usa-gv.com\/pt-pt\/como-pagar-um-esta\/#primaryimage\"},\"thumbnailUrl\":\"https:\/\/usa-gv.com\/wp-content\/uploads\/2024\/04\/pagamento-esta-PT-1024x737.jpg\",\"datePublished\":\"2024-03-12T09:17:22+00:00\",\"dateModified\":\"2025-02-25T11:49:12+00:00\",\"description\":\"Como pagar um pedido ESTA em linha para finalizar o procedimento e obter autoriza\u00e7\u00e3o para viajar para os Estados Unidos\",\"breadcrumb\":{\"@id\":\"https:\/\/usa-gv.com\/pt-pt\/como-pagar-um-esta\/#breadcrumb\"},\"inLanguage\":\"pt-PT\",\"potentialAction\":[{\"@type\":\"ReadAction\",\"target\":[\"https:\/\/usa-gv.com\/pt-pt\/como-pagar-um-esta\/\"]}]},{\"@type\":\"ImageObject\",\"inLanguage\":\"pt-PT\",\"@id\":\"https:\/\/usa-gv.com\/pt-pt\/como-pagar-um-esta\/#primaryimage\",\"url\":\"https:\/\/usa-gv.com\/wp-content\/uploads\/2024\/04\/pagamento-esta-PT-1024x737.jpg\",\"contentUrl\":\"https:\/\/usa-gv.com\/wp-content\/uploads\/2024\/04\/pagamento-esta-PT-1024x737.jpg\"},{\"@type\":\"BreadcrumbList\",\"@id\":\"https:\/\/usa-gv.com\/pt-pt\/como-pagar-um-esta\/#breadcrumb\",\"itemListElement\":[{\"@type\":\"ListItem\",\"position\":1,\"name\":\"Home\",\"item\":\"https:\/\/usa-gv.com\/pt-pt\/guia-de-viagem-dos-eua\/\"},{\"@type\":\"ListItem\",\"position\":2,\"name\":\"Como pagar um ESTA em linha\"}]},{\"@type\":\"WebSite\",\"@id\":\"https:\/\/usa-gv.com\/pt-pt\/#website\",\"url\":\"https:\/\/usa-gv.com\/pt-pt\/\",\"name\":\"USA-GV.COM\",\"description\":\"\",\"potentialAction\":[{\"@type\":\"SearchAction\",\"target\":{\"@type\":\"EntryPoint\",\"urlTemplate\":\"https:\/\/usa-gv.com\/pt-pt\/?s={search_term_string}\"},\"query-input\":{\"@type\":\"PropertyValueSpecification\",\"valueRequired\":true,\"valueName\":\"search_term_string\"}}],\"inLanguage\":\"pt-PT\"}]}<\/script>\n<!-- \/ Yoast SEO plugin. -->","yoast_head_json":{"title":"Como pagar um ESTA em linha - USA-GV.COM","description":"Como pagar um pedido ESTA em linha para finalizar o procedimento e obter autoriza\u00e7\u00e3o para viajar para os Estados Unidos","robots":{"index":"index","follow":"follow","max-snippet":"max-snippet:-1","max-image-preview":"max-image-preview:large","max-video-preview":"max-video-preview:-1"},"canonical":"https:\/\/usa-gv.com\/pt-pt\/como-pagar-um-esta\/","og_locale":"pt_PT","og_type":"article","og_title":"Como pagar um ESTA em linha - USA-GV.COM","og_description":"Como pagar um pedido ESTA em linha para finalizar o procedimento e obter autoriza\u00e7\u00e3o para viajar para os Estados Unidos","og_url":"https:\/\/usa-gv.com\/pt-pt\/como-pagar-um-esta\/","og_site_name":"USA-GV.COM","article_modified_time":"2025-02-25T11:49:12+00:00","og_image":[{"url":"https:\/\/usa-gv.com\/wp-content\/uploads\/2024\/04\/pagamento-esta-PT-1024x737.jpg","type":"","width":"","height":""}],"twitter_card":"summary_large_image","twitter_misc":{"Tempo estimado de leitura":"1 minuto"},"schema":{"@context":"https:\/\/schema.org","@graph":[{"@type":"WebPage","@id":"https:\/\/usa-gv.com\/pt-pt\/como-pagar-um-esta\/","url":"https:\/\/usa-gv.com\/pt-pt\/como-pagar-um-esta\/","name":"Como pagar um ESTA em linha - USA-GV.COM","isPartOf":{"@id":"https:\/\/usa-gv.com\/pt-pt\/#website"},"primaryImageOfPage":{"@id":"https:\/\/usa-gv.com\/pt-pt\/como-pagar-um-esta\/#primaryimage"},"image":{"@id":"https:\/\/usa-gv.com\/pt-pt\/como-pagar-um-esta\/#primaryimage"},"thumbnailUrl":"https:\/\/usa-gv.com\/wp-content\/uploads\/2024\/04\/pagamento-esta-PT-1024x737.jpg","datePublished":"2024-03-12T09:17:22+00:00","dateModified":"2025-02-25T11:49:12+00:00","description":"Como pagar um pedido ESTA em linha para finalizar o procedimento e obter autoriza\u00e7\u00e3o para viajar para os Estados Unidos","breadcrumb":{"@id":"https:\/\/usa-gv.com\/pt-pt\/como-pagar-um-esta\/#breadcrumb"},"inLanguage":"pt-PT","potentialAction":[{"@type":"ReadAction","target":["https:\/\/usa-gv.com\/pt-pt\/como-pagar-um-esta\/"]}]},{"@type":"ImageObject","inLanguage":"pt-PT","@id":"https:\/\/usa-gv.com\/pt-pt\/como-pagar-um-esta\/#primaryimage","url":"https:\/\/usa-gv.com\/wp-content\/uploads\/2024\/04\/pagamento-esta-PT-1024x737.jpg","contentUrl":"https:\/\/usa-gv.com\/wp-content\/uploads\/2024\/04\/pagamento-esta-PT-1024x737.jpg"},{"@type":"BreadcrumbList","@id":"https:\/\/usa-gv.com\/pt-pt\/como-pagar-um-esta\/#breadcrumb","itemListElement":[{"@type":"ListItem","position":1,"name":"Home","item":"https:\/\/usa-gv.com\/pt-pt\/guia-de-viagem-dos-eua\/"},{"@type":"ListItem","position":2,"name":"Como pagar um ESTA em linha"}]},{"@type":"WebSite","@id":"https:\/\/usa-gv.com\/pt-pt\/#website","url":"https:\/\/usa-gv.com\/pt-pt\/","name":"USA-GV.COM","description":"","potentialAction":[{"@type":"SearchAction","target":{"@type":"EntryPoint","urlTemplate":"https:\/\/usa-gv.com\/pt-pt\/?s={search_term_string}"},"query-input":{"@type":"PropertyValueSpecification","valueRequired":true,"valueName":"search_term_string"}}],"inLanguage":"pt-PT"}]}},"_links":{"self":[{"href":"https:\/\/usa-gv.com\/pt-pt\/wp-json\/wp\/v2\/pages\/2677","targetHints":{"allow":["GET"]}}],"collection":[{"href":"https:\/\/usa-gv.com\/pt-pt\/wp-json\/wp\/v2\/pages"}],"about":[{"href":"https:\/\/usa-gv.com\/pt-pt\/wp-json\/wp\/v2\/types\/page"}],"author":[{"embeddable":true,"href":"https:\/\/usa-gv.com\/pt-pt\/wp-json\/wp\/v2\/users\/1"}],"replies":[{"embeddable":true,"href":"https:\/\/usa-gv.com\/pt-pt\/wp-json\/wp\/v2\/comments?post=2677"}],"version-history":[{"count":1,"href":"https:\/\/usa-gv.com\/pt-pt\/wp-json\/wp\/v2\/pages\/2677\/revisions"}],"predecessor-version":[{"id":7497,"href":"https:\/\/usa-gv.com\/pt-pt\/wp-json\/wp\/v2\/pages\/2677\/revisions\/7497"}],"wp:attachment":[{"href":"https:\/\/usa-gv.com\/pt-pt\/wp-json\/wp\/v2\/media?parent=2677"}],"curies":[{"name":"wp","href":"https:\/\/api.w.org\/{rel}","templated":true}]}}