{"id":2657,"date":"2024-03-11T21:50:43","date_gmt":"2024-03-11T21:50:43","guid":{"rendered":"https:\/\/usa-gv.com\/como-obter-esta\/"},"modified":"2025-02-25T11:49:06","modified_gmt":"2025-02-25T11:49:06","slug":"como-obter-esta","status":"publish","type":"page","link":"https:\/\/usa-gv.com\/pt-pt\/como-obter-esta\/","title":{"rendered":"Como obter a autoriza\u00e7\u00e3o ESTA"},"content":{"rendered":"\n<h1 class=\"wp-block-heading\">Como obter um ESTA<\/h1>\n\n<p>A <a href=\"https:\/\/usa-gv.com\/pt-pt\/o-que-e-uma-autorizacao-esta\/\">autoriza\u00e7\u00e3o ESTA<\/a> permite que os nacionais dos pa\u00edses membros do VWP viajem para os EUA sem obterem um visto. O processo de candidatura ao ESTA decorre inteiramente em linha. Eis os passos a seguir para obter a autoriza\u00e7\u00e3o ESTA.<\/p>\n\n<h2 class=\"wp-block-heading\">Verifica a tua elegibilidade antes de te candidatares ao ESTA<\/h2>\n\n<p>Antes de preencher o <a href=\"https:\/\/usa-gv.com\/pt-pt\/formulario-esta-em-linha\/\">formul\u00e1rio ESTA em linha<\/a>, \u00e9 aconselh\u00e1vel <a href=\"https:\/\/usa-gv.com\/pt-pt\/regras-de-elegibilidade-para-esta\/\">verificar a tua elegibilidade para o ESTA<\/a>. A autoriza\u00e7\u00e3o ESTA s\u00f3 \u00e9 concedida para viagens de turismo ou de neg\u00f3cios com dura\u00e7\u00e3o inferior a 90 dias. Apenas os cidad\u00e3os de pa\u00edses que s\u00e3o membros do <a href=\"https:\/\/usa-gv.com\/pt-pt\/visa-waiver-program-eua\/\">Programa de Isen\u00e7\u00e3o de Vistos<\/a> dos EUA podem candidatar-se a um ESTA.  <\/p>\n\n<h2 class=\"wp-block-heading\">Candidata-te online<\/h2>\n\n<p>O formul\u00e1rio que tens de preencher para obter a autoriza\u00e7\u00e3o ESTA est\u00e1 dispon\u00edvel no s\u00edtio <a href=\"https:\/\/usa-gv.com\/pt-pt\/sitio-web-oficial-esta\/\">Web oficial do ESTA<\/a>. Todo o processo decorre em linha. Os requerentes do ESTA devem responder a todas as <a href=\"https:\/\/usa-gv.com\/pt-pt\/perguntas-do-formulario-esta\/\">perguntas do formul\u00e1rio ESTA<\/a> para poderem candidatar-se em linha.<\/p>\n\n<p>Para finalizar o seu pedido, os candidatos devem <a href=\"https:\/\/usa-gv.com\/pt-pt\/como-pagar-um-esta\/\">pagar o seu ESTA<\/a> em linha com cart\u00e3o de cr\u00e9dito.  <\/p>\n\n<h2 class=\"wp-block-heading\">Passos para obter a autoriza\u00e7\u00e3o ESTA em linha<\/h2>\n\n<figure class=\"wp-block-image size-large\"><img decoding=\"async\" src=\"https:\/\/usa-gv.com\/wp-content\/uploads\/2024\/05\/Passos-para-obter-o-formulario-ESTA-PT.jpg\" alt=\"Etapas do processo ESTA\" class=\"wp-image-4136\"\/><figcaption class=\"wp-element-caption\">Resumo dos passos em linha para obter o teu ESTA<\/figcaption><\/figure>\n","protected":false},"excerpt":{"rendered":"<p>Como obter um ESTA A autoriza\u00e7\u00e3o ESTA permite que os nacionais dos pa\u00edses membros do VWP viajem para os EUA sem obterem um visto. O processo de candidatura ao ESTA decorre inteiramente em linha. Eis os passos a seguir para obter a autoriza\u00e7\u00e3o ESTA. Verifica a tua elegibilidade antes de te candidatares ao ESTA Antes [&hellip;]<\/p>\n","protected":false},"author":1,"featured_media":0,"parent":0,"menu_order":0,"comment_status":"closed","ping_status":"closed","template":"","meta":{"footnotes":""},"class_list":["post-2657","page","type-page","status-publish","hentry"],"yoast_head":"<!-- This site is optimized with the Yoast SEO plugin v26.6 - https:\/\/yoast.com\/wordpress\/plugins\/seo\/ -->\n<title>Como obter a autoriza\u00e7\u00e3o ESTA - USA-GV.COM<\/title>\n<meta name=\"description\" content=\"Como obter a autoriza\u00e7\u00e3o de viagem ESTA em linha em apenas alguns minutos para a sua estadia nos Estados Unidos\" \/>\n<meta name=\"robots\" content=\"index, follow, max-snippet:-1, max-image-preview:large, max-video-preview:-1\" \/>\n<link rel=\"canonical\" href=\"https:\/\/usa-gv.com\/pt-pt\/como-obter-esta\/\" \/>\n<meta property=\"og:locale\" content=\"pt_PT\" \/>\n<meta property=\"og:type\" content=\"article\" \/>\n<meta property=\"og:title\" content=\"Como obter a autoriza\u00e7\u00e3o ESTA - USA-GV.COM\" \/>\n<meta property=\"og:description\" content=\"Como obter a autoriza\u00e7\u00e3o de viagem ESTA em linha em apenas alguns minutos para a sua estadia nos Estados Unidos\" \/>\n<meta property=\"og:url\" content=\"https:\/\/usa-gv.com\/pt-pt\/como-obter-esta\/\" \/>\n<meta property=\"og:site_name\" content=\"USA-GV.COM\" \/>\n<meta property=\"article:modified_time\" content=\"2025-02-25T11:49:06+00:00\" \/>\n<meta property=\"og:image\" content=\"https:\/\/usa-gv.com\/wp-content\/uploads\/2024\/05\/Passos-para-obter-o-formulario-ESTA-PT.jpg\" \/>\n<meta name=\"twitter:card\" content=\"summary_large_image\" \/>\n<meta name=\"twitter:label1\" content=\"Tempo estimado de leitura\" \/>\n\t<meta name=\"twitter:data1\" content=\"1 minuto\" \/>\n<script type=\"application\/ld+json\" class=\"yoast-schema-graph\">{\"@context\":\"https:\/\/schema.org\",\"@graph\":[{\"@type\":\"WebPage\",\"@id\":\"https:\/\/usa-gv.com\/pt-pt\/como-obter-esta\/\",\"url\":\"https:\/\/usa-gv.com\/pt-pt\/como-obter-esta\/\",\"name\":\"Como obter a autoriza\u00e7\u00e3o ESTA - USA-GV.COM\",\"isPartOf\":{\"@id\":\"https:\/\/usa-gv.com\/pt-pt\/#website\"},\"primaryImageOfPage\":{\"@id\":\"https:\/\/usa-gv.com\/pt-pt\/como-obter-esta\/#primaryimage\"},\"image\":{\"@id\":\"https:\/\/usa-gv.com\/pt-pt\/como-obter-esta\/#primaryimage\"},\"thumbnailUrl\":\"https:\/\/usa-gv.com\/wp-content\/uploads\/2024\/05\/Passos-para-obter-o-formulario-ESTA-PT.jpg\",\"datePublished\":\"2024-03-11T21:50:43+00:00\",\"dateModified\":\"2025-02-25T11:49:06+00:00\",\"description\":\"Como obter a autoriza\u00e7\u00e3o de viagem ESTA em linha em apenas alguns minutos para a sua estadia nos Estados Unidos\",\"breadcrumb\":{\"@id\":\"https:\/\/usa-gv.com\/pt-pt\/como-obter-esta\/#breadcrumb\"},\"inLanguage\":\"pt-PT\",\"potentialAction\":[{\"@type\":\"ReadAction\",\"target\":[\"https:\/\/usa-gv.com\/pt-pt\/como-obter-esta\/\"]}]},{\"@type\":\"ImageObject\",\"inLanguage\":\"pt-PT\",\"@id\":\"https:\/\/usa-gv.com\/pt-pt\/como-obter-esta\/#primaryimage\",\"url\":\"https:\/\/usa-gv.com\/wp-content\/uploads\/2024\/05\/Passos-para-obter-o-formulario-ESTA-PT.jpg\",\"contentUrl\":\"https:\/\/usa-gv.com\/wp-content\/uploads\/2024\/05\/Passos-para-obter-o-formulario-ESTA-PT.jpg\"},{\"@type\":\"BreadcrumbList\",\"@id\":\"https:\/\/usa-gv.com\/pt-pt\/como-obter-esta\/#breadcrumb\",\"itemListElement\":[{\"@type\":\"ListItem\",\"position\":1,\"name\":\"Home\",\"item\":\"https:\/\/usa-gv.com\/pt-pt\/guia-de-viagem-dos-eua\/\"},{\"@type\":\"ListItem\",\"position\":2,\"name\":\"Como obter a autoriza\u00e7\u00e3o ESTA\"}]},{\"@type\":\"WebSite\",\"@id\":\"https:\/\/usa-gv.com\/pt-pt\/#website\",\"url\":\"https:\/\/usa-gv.com\/pt-pt\/\",\"name\":\"USA-GV.COM\",\"description\":\"\",\"potentialAction\":[{\"@type\":\"SearchAction\",\"target\":{\"@type\":\"EntryPoint\",\"urlTemplate\":\"https:\/\/usa-gv.com\/pt-pt\/?s={search_term_string}\"},\"query-input\":{\"@type\":\"PropertyValueSpecification\",\"valueRequired\":true,\"valueName\":\"search_term_string\"}}],\"inLanguage\":\"pt-PT\"}]}<\/script>\n<!-- \/ Yoast SEO plugin. -->","yoast_head_json":{"title":"Como obter a autoriza\u00e7\u00e3o ESTA - USA-GV.COM","description":"Como obter a autoriza\u00e7\u00e3o de viagem ESTA em linha em apenas alguns minutos para a sua estadia nos Estados Unidos","robots":{"index":"index","follow":"follow","max-snippet":"max-snippet:-1","max-image-preview":"max-image-preview:large","max-video-preview":"max-video-preview:-1"},"canonical":"https:\/\/usa-gv.com\/pt-pt\/como-obter-esta\/","og_locale":"pt_PT","og_type":"article","og_title":"Como obter a autoriza\u00e7\u00e3o ESTA - USA-GV.COM","og_description":"Como obter a autoriza\u00e7\u00e3o de viagem ESTA em linha em apenas alguns minutos para a sua estadia nos Estados Unidos","og_url":"https:\/\/usa-gv.com\/pt-pt\/como-obter-esta\/","og_site_name":"USA-GV.COM","article_modified_time":"2025-02-25T11:49:06+00:00","og_image":[{"url":"https:\/\/usa-gv.com\/wp-content\/uploads\/2024\/05\/Passos-para-obter-o-formulario-ESTA-PT.jpg","type":"","width":"","height":""}],"twitter_card":"summary_large_image","twitter_misc":{"Tempo estimado de leitura":"1 minuto"},"schema":{"@context":"https:\/\/schema.org","@graph":[{"@type":"WebPage","@id":"https:\/\/usa-gv.com\/pt-pt\/como-obter-esta\/","url":"https:\/\/usa-gv.com\/pt-pt\/como-obter-esta\/","name":"Como obter a autoriza\u00e7\u00e3o ESTA - USA-GV.COM","isPartOf":{"@id":"https:\/\/usa-gv.com\/pt-pt\/#website"},"primaryImageOfPage":{"@id":"https:\/\/usa-gv.com\/pt-pt\/como-obter-esta\/#primaryimage"},"image":{"@id":"https:\/\/usa-gv.com\/pt-pt\/como-obter-esta\/#primaryimage"},"thumbnailUrl":"https:\/\/usa-gv.com\/wp-content\/uploads\/2024\/05\/Passos-para-obter-o-formulario-ESTA-PT.jpg","datePublished":"2024-03-11T21:50:43+00:00","dateModified":"2025-02-25T11:49:06+00:00","description":"Como obter a autoriza\u00e7\u00e3o de viagem ESTA em linha em apenas alguns minutos para a sua estadia nos Estados Unidos","breadcrumb":{"@id":"https:\/\/usa-gv.com\/pt-pt\/como-obter-esta\/#breadcrumb"},"inLanguage":"pt-PT","potentialAction":[{"@type":"ReadAction","target":["https:\/\/usa-gv.com\/pt-pt\/como-obter-esta\/"]}]},{"@type":"ImageObject","inLanguage":"pt-PT","@id":"https:\/\/usa-gv.com\/pt-pt\/como-obter-esta\/#primaryimage","url":"https:\/\/usa-gv.com\/wp-content\/uploads\/2024\/05\/Passos-para-obter-o-formulario-ESTA-PT.jpg","contentUrl":"https:\/\/usa-gv.com\/wp-content\/uploads\/2024\/05\/Passos-para-obter-o-formulario-ESTA-PT.jpg"},{"@type":"BreadcrumbList","@id":"https:\/\/usa-gv.com\/pt-pt\/como-obter-esta\/#breadcrumb","itemListElement":[{"@type":"ListItem","position":1,"name":"Home","item":"https:\/\/usa-gv.com\/pt-pt\/guia-de-viagem-dos-eua\/"},{"@type":"ListItem","position":2,"name":"Como obter a autoriza\u00e7\u00e3o ESTA"}]},{"@type":"WebSite","@id":"https:\/\/usa-gv.com\/pt-pt\/#website","url":"https:\/\/usa-gv.com\/pt-pt\/","name":"USA-GV.COM","description":"","potentialAction":[{"@type":"SearchAction","target":{"@type":"EntryPoint","urlTemplate":"https:\/\/usa-gv.com\/pt-pt\/?s={search_term_string}"},"query-input":{"@type":"PropertyValueSpecification","valueRequired":true,"valueName":"search_term_string"}}],"inLanguage":"pt-PT"}]}},"_links":{"self":[{"href":"https:\/\/usa-gv.com\/pt-pt\/wp-json\/wp\/v2\/pages\/2657","targetHints":{"allow":["GET"]}}],"collection":[{"href":"https:\/\/usa-gv.com\/pt-pt\/wp-json\/wp\/v2\/pages"}],"about":[{"href":"https:\/\/usa-gv.com\/pt-pt\/wp-json\/wp\/v2\/types\/page"}],"author":[{"embeddable":true,"href":"https:\/\/usa-gv.com\/pt-pt\/wp-json\/wp\/v2\/users\/1"}],"replies":[{"embeddable":true,"href":"https:\/\/usa-gv.com\/pt-pt\/wp-json\/wp\/v2\/comments?post=2657"}],"version-history":[{"count":1,"href":"https:\/\/usa-gv.com\/pt-pt\/wp-json\/wp\/v2\/pages\/2657\/revisions"}],"predecessor-version":[{"id":7486,"href":"https:\/\/usa-gv.com\/pt-pt\/wp-json\/wp\/v2\/pages\/2657\/revisions\/7486"}],"wp:attachment":[{"href":"https:\/\/usa-gv.com\/pt-pt\/wp-json\/wp\/v2\/media?parent=2657"}],"curies":[{"name":"wp","href":"https:\/\/api.w.org\/{rel}","templated":true}]}}