{"id":2639,"date":"2024-03-19T10:25:52","date_gmt":"2024-03-19T10:25:52","guid":{"rendered":"https:\/\/usa-gv.com\/editar-esta\/"},"modified":"2025-02-25T11:48:58","modified_gmt":"2025-02-25T11:48:58","slug":"editar-esta","status":"publish","type":"page","link":"https:\/\/usa-gv.com\/pt-pt\/editar-esta\/","title":{"rendered":"Como alterar a sua autoriza\u00e7\u00e3o ESTA"},"content":{"rendered":"\n<h1 class=\"wp-block-heading\">Alterar os dados da autoriza\u00e7\u00e3o ESTA<\/h1>\n\n<p>Os dados pessoais de um viajante titular de um ESTA podem ter sido alterados.\nOs viajantes devem alterar o seu ESTA para atualizar as informa\u00e7\u00f5es registadas. <\/p>\n\n<h2 class=\"wp-block-heading\">Uma autoriza\u00e7\u00e3o ESTA v\u00e1lida pode ser alterada?<\/h2>\n\n<p>Para alterar a tua autoriza\u00e7\u00e3o de viagem, acede ao s\u00edtio <a href=\"https:\/\/usa-gv.com\/pt-pt\/sitio-web-oficial-esta\/\">Web oficial do ESTA<\/a>. Os viajantes devem clicar no menu do s\u00edtio Web para <a href=\"https:\/\/usa-gv.com\/pt-pt\/verifique-validade-esta\/\">verificar o estado do ESTA<\/a>. Este procedimento em linha <strong>apenas<\/strong> te permite <strong>alterar o endere\u00e7o eletr\u00f3nico de contacto ou o endere\u00e7o postal<\/strong> de resid\u00eancia nos Estados Unidos.<\/p>\n\n<p>Para qualquer outra informa\u00e7\u00e3o que necessite de ser alterada, o viajante deve voltar a apresentar um <a href=\"https:\/\/usa-gv.com\/pt-pt\/como-solicitar-esta\/\">pedido ESTA em linha<\/a>.<\/p>\n\n<h2 class=\"wp-block-heading\">Como \u00e9 que corrijo um erro de autoriza\u00e7\u00e3o ESTA?<\/h2>\n\n<p>Se tiver sido cometido um erro no <a href=\"https:\/\/usa-gv.com\/pt-pt\/formulario-esta-em-linha\/\">formul\u00e1rio ESTA em linha<\/a>, o viajante pode tentar corrigir o erro respondendo \u00e0s <a href=\"https:\/\/usa-gv.com\/pt-pt\/perguntas-do-formulario-esta\/\">perguntas do formul\u00e1rio<\/a>. Uma vez que o pedido ESTA tenha sido aprovado ou o <a href=\"https:\/\/usa-gv.com\/pt-pt\/pedido-esta-pendente\/\">estatuto ESTA esteja pendente<\/a>, as informa\u00e7\u00f5es guardadas j\u00e1 n\u00e3o podem ser alteradas. O viajante deve apresentar um novo pedido para corrigir os dados pessoais incorrectos. O <a href=\"https:\/\/usa-gv.com\/pt-pt\/preco-esta-eua\/\">pre\u00e7o total do ESTA<\/a> ser\u00e1 cobrado por cada novo pedido apresentado.<\/p>\n","protected":false},"excerpt":{"rendered":"<p>Alterar os dados da autoriza\u00e7\u00e3o ESTA Os dados pessoais de um viajante titular de um ESTA podem ter sido alterados. Os viajantes devem alterar o seu ESTA para atualizar as informa\u00e7\u00f5es registadas. Uma autoriza\u00e7\u00e3o ESTA v\u00e1lida pode ser alterada? Para alterar a tua autoriza\u00e7\u00e3o de viagem, acede ao s\u00edtio Web oficial do ESTA. Os viajantes [&hellip;]<\/p>\n","protected":false},"author":1,"featured_media":0,"parent":0,"menu_order":0,"comment_status":"closed","ping_status":"closed","template":"","meta":{"footnotes":""},"class_list":["post-2639","page","type-page","status-publish","hentry"],"yoast_head":"<!-- This site is optimized with the Yoast SEO plugin v26.6 - https:\/\/yoast.com\/wordpress\/plugins\/seo\/ -->\n<title>Como alterar a sua autoriza\u00e7\u00e3o ESTA - USA-GV.COM<\/title>\n<meta name=\"description\" content=\"\u00c9 poss\u00edvel alterar as informa\u00e7\u00f5es introduzidas aquando do pedido em linha de autoriza\u00e7\u00e3o ESTA para os Estados Unidos\" \/>\n<meta name=\"robots\" content=\"index, follow, max-snippet:-1, max-image-preview:large, max-video-preview:-1\" \/>\n<link rel=\"canonical\" href=\"https:\/\/usa-gv.com\/pt-pt\/editar-esta\/\" \/>\n<meta property=\"og:locale\" content=\"pt_PT\" \/>\n<meta property=\"og:type\" content=\"article\" \/>\n<meta property=\"og:title\" content=\"Como alterar a sua autoriza\u00e7\u00e3o ESTA - USA-GV.COM\" \/>\n<meta property=\"og:description\" content=\"\u00c9 poss\u00edvel alterar as informa\u00e7\u00f5es introduzidas aquando do pedido em linha de autoriza\u00e7\u00e3o ESTA para os Estados Unidos\" \/>\n<meta property=\"og:url\" content=\"https:\/\/usa-gv.com\/pt-pt\/editar-esta\/\" \/>\n<meta property=\"og:site_name\" content=\"USA-GV.COM\" \/>\n<meta property=\"article:modified_time\" content=\"2025-02-25T11:48:58+00:00\" \/>\n<meta name=\"twitter:card\" content=\"summary_large_image\" \/>\n<meta name=\"twitter:label1\" content=\"Tempo estimado de leitura\" \/>\n\t<meta name=\"twitter:data1\" content=\"1 minuto\" \/>\n<script type=\"application\/ld+json\" class=\"yoast-schema-graph\">{\"@context\":\"https:\/\/schema.org\",\"@graph\":[{\"@type\":\"WebPage\",\"@id\":\"https:\/\/usa-gv.com\/pt-pt\/editar-esta\/\",\"url\":\"https:\/\/usa-gv.com\/pt-pt\/editar-esta\/\",\"name\":\"Como alterar a sua autoriza\u00e7\u00e3o ESTA - USA-GV.COM\",\"isPartOf\":{\"@id\":\"https:\/\/usa-gv.com\/pt-pt\/#website\"},\"datePublished\":\"2024-03-19T10:25:52+00:00\",\"dateModified\":\"2025-02-25T11:48:58+00:00\",\"description\":\"\u00c9 poss\u00edvel alterar as informa\u00e7\u00f5es introduzidas aquando do pedido em linha de autoriza\u00e7\u00e3o ESTA para os Estados Unidos\",\"breadcrumb\":{\"@id\":\"https:\/\/usa-gv.com\/pt-pt\/editar-esta\/#breadcrumb\"},\"inLanguage\":\"pt-PT\",\"potentialAction\":[{\"@type\":\"ReadAction\",\"target\":[\"https:\/\/usa-gv.com\/pt-pt\/editar-esta\/\"]}]},{\"@type\":\"BreadcrumbList\",\"@id\":\"https:\/\/usa-gv.com\/pt-pt\/editar-esta\/#breadcrumb\",\"itemListElement\":[{\"@type\":\"ListItem\",\"position\":1,\"name\":\"Home\",\"item\":\"https:\/\/usa-gv.com\/pt-pt\/guia-de-viagem-dos-eua\/\"},{\"@type\":\"ListItem\",\"position\":2,\"name\":\"Como alterar a sua autoriza\u00e7\u00e3o ESTA\"}]},{\"@type\":\"WebSite\",\"@id\":\"https:\/\/usa-gv.com\/pt-pt\/#website\",\"url\":\"https:\/\/usa-gv.com\/pt-pt\/\",\"name\":\"USA-GV.COM\",\"description\":\"\",\"potentialAction\":[{\"@type\":\"SearchAction\",\"target\":{\"@type\":\"EntryPoint\",\"urlTemplate\":\"https:\/\/usa-gv.com\/pt-pt\/?s={search_term_string}\"},\"query-input\":{\"@type\":\"PropertyValueSpecification\",\"valueRequired\":true,\"valueName\":\"search_term_string\"}}],\"inLanguage\":\"pt-PT\"}]}<\/script>\n<!-- \/ Yoast SEO plugin. -->","yoast_head_json":{"title":"Como alterar a sua autoriza\u00e7\u00e3o ESTA - USA-GV.COM","description":"\u00c9 poss\u00edvel alterar as informa\u00e7\u00f5es introduzidas aquando do pedido em linha de autoriza\u00e7\u00e3o ESTA para os Estados Unidos","robots":{"index":"index","follow":"follow","max-snippet":"max-snippet:-1","max-image-preview":"max-image-preview:large","max-video-preview":"max-video-preview:-1"},"canonical":"https:\/\/usa-gv.com\/pt-pt\/editar-esta\/","og_locale":"pt_PT","og_type":"article","og_title":"Como alterar a sua autoriza\u00e7\u00e3o ESTA - USA-GV.COM","og_description":"\u00c9 poss\u00edvel alterar as informa\u00e7\u00f5es introduzidas aquando do pedido em linha de autoriza\u00e7\u00e3o ESTA para os Estados Unidos","og_url":"https:\/\/usa-gv.com\/pt-pt\/editar-esta\/","og_site_name":"USA-GV.COM","article_modified_time":"2025-02-25T11:48:58+00:00","twitter_card":"summary_large_image","twitter_misc":{"Tempo estimado de leitura":"1 minuto"},"schema":{"@context":"https:\/\/schema.org","@graph":[{"@type":"WebPage","@id":"https:\/\/usa-gv.com\/pt-pt\/editar-esta\/","url":"https:\/\/usa-gv.com\/pt-pt\/editar-esta\/","name":"Como alterar a sua autoriza\u00e7\u00e3o ESTA - USA-GV.COM","isPartOf":{"@id":"https:\/\/usa-gv.com\/pt-pt\/#website"},"datePublished":"2024-03-19T10:25:52+00:00","dateModified":"2025-02-25T11:48:58+00:00","description":"\u00c9 poss\u00edvel alterar as informa\u00e7\u00f5es introduzidas aquando do pedido em linha de autoriza\u00e7\u00e3o ESTA para os Estados Unidos","breadcrumb":{"@id":"https:\/\/usa-gv.com\/pt-pt\/editar-esta\/#breadcrumb"},"inLanguage":"pt-PT","potentialAction":[{"@type":"ReadAction","target":["https:\/\/usa-gv.com\/pt-pt\/editar-esta\/"]}]},{"@type":"BreadcrumbList","@id":"https:\/\/usa-gv.com\/pt-pt\/editar-esta\/#breadcrumb","itemListElement":[{"@type":"ListItem","position":1,"name":"Home","item":"https:\/\/usa-gv.com\/pt-pt\/guia-de-viagem-dos-eua\/"},{"@type":"ListItem","position":2,"name":"Como alterar a sua autoriza\u00e7\u00e3o ESTA"}]},{"@type":"WebSite","@id":"https:\/\/usa-gv.com\/pt-pt\/#website","url":"https:\/\/usa-gv.com\/pt-pt\/","name":"USA-GV.COM","description":"","potentialAction":[{"@type":"SearchAction","target":{"@type":"EntryPoint","urlTemplate":"https:\/\/usa-gv.com\/pt-pt\/?s={search_term_string}"},"query-input":{"@type":"PropertyValueSpecification","valueRequired":true,"valueName":"search_term_string"}}],"inLanguage":"pt-PT"}]}},"_links":{"self":[{"href":"https:\/\/usa-gv.com\/pt-pt\/wp-json\/wp\/v2\/pages\/2639","targetHints":{"allow":["GET"]}}],"collection":[{"href":"https:\/\/usa-gv.com\/pt-pt\/wp-json\/wp\/v2\/pages"}],"about":[{"href":"https:\/\/usa-gv.com\/pt-pt\/wp-json\/wp\/v2\/types\/page"}],"author":[{"embeddable":true,"href":"https:\/\/usa-gv.com\/pt-pt\/wp-json\/wp\/v2\/users\/1"}],"replies":[{"embeddable":true,"href":"https:\/\/usa-gv.com\/pt-pt\/wp-json\/wp\/v2\/comments?post=2639"}],"version-history":[{"count":1,"href":"https:\/\/usa-gv.com\/pt-pt\/wp-json\/wp\/v2\/pages\/2639\/revisions"}],"predecessor-version":[{"id":7475,"href":"https:\/\/usa-gv.com\/pt-pt\/wp-json\/wp\/v2\/pages\/2639\/revisions\/7475"}],"wp:attachment":[{"href":"https:\/\/usa-gv.com\/pt-pt\/wp-json\/wp\/v2\/media?parent=2639"}],"curies":[{"name":"wp","href":"https:\/\/api.w.org\/{rel}","templated":true}]}}