{"id":2619,"date":"2024-03-19T10:29:17","date_gmt":"2024-03-19T10:29:17","guid":{"rendered":"https:\/\/usa-gv.com\/atualizacao-esta\/"},"modified":"2025-02-25T11:48:54","modified_gmt":"2025-02-25T11:48:54","slug":"atualizacao-esta","status":"publish","type":"page","link":"https:\/\/usa-gv.com\/pt-pt\/atualizacao-esta\/","title":{"rendered":"Como atualizar o seu ESTA"},"content":{"rendered":"\n<h1 class=\"wp-block-heading\">Atualizar uma autoriza\u00e7\u00e3o ESTA<\/h1>\n\n<h2 class=\"wp-block-heading\">Quando \u00e9 que devo atualizar o meu ESTA?<\/h2>\n\n<p>Os titulares da autoriza\u00e7\u00e3o ESTA que se preparam para viajar para os Estados Unidos devem verificar se os seus dados pessoais n\u00e3o sofreram altera\u00e7\u00f5es desde que obtiveram a autoriza\u00e7\u00e3o ESTA.\nSe algumas das informa\u00e7\u00f5es fornecidas aquando do pedido inicial do ESTA tiverem mudado, a autoriza\u00e7\u00e3o ESTA provavelmente j\u00e1 n\u00e3o ser\u00e1 v\u00e1lida para viajar para os EUA. <\/p>\n\n<p><strong>Para renovar o teu pedido em apenas alguns minutos<\/strong>, basta clicar no <a href=\"https:\/\/usa-gv.com\/pt-pt\/formulario-esta-em-linha\/\">formul\u00e1rio ESTA em linha<\/a>.<\/p>\n\n<div style=\"height:10px\" aria-hidden=\"true\" class=\"wp-block-spacer\"><\/div>\n\n<h2 class=\"wp-block-heading\">Que informa\u00e7\u00f5es podem ser actualizadas no ESTA?<\/h2>\n\n<p>Antes de apresentar um pedido de ESTA, o requerente pode alterar todas as informa\u00e7\u00f5es pessoais constantes do formul\u00e1rio ESTA.\nDepois de o pedido ESTA ter sido aprovado, a \u00fanica informa\u00e7\u00e3o que pode ser alterada \u00e9 : <\/p>\n\n<ul class=\"wp-block-list\">\n<li>O endere\u00e7o de correio eletr\u00f3nico de contacto;<\/li>\n\n\n\n<li>O endere\u00e7o postal de resid\u00eancia nos Estados Unidos durante a estada.<\/li>\n<\/ul>\n\n<div style=\"height:10px\" aria-hidden=\"true\" class=\"wp-block-spacer\"><\/div>\n\n<p>Todos os dados de identifica\u00e7\u00e3o pessoal do viajante n\u00e3o podem ser alterados.<\/p>\n\n<h2 class=\"wp-block-heading\">Como posso atualizar a minha autoriza\u00e7\u00e3o ESTA?<\/h2>\n\n<p>Para atualizar a sua autoriza\u00e7\u00e3o de viagem, acede ao s\u00edtio <a href=\"https:\/\/usa-gv.com\/pt-pt\/sitio-web-oficial-esta\/\">Web oficial do ESTA<\/a> e clica em &#8220;<a href=\"https:\/\/usa-gv.com\/pt-pt\/verifique-validade-esta\/\">Check ESTA status<\/a>&#8221; no menu. Este procedimento s\u00f3 te permite alterar o endere\u00e7o eletr\u00f3nico de contacto ou o endere\u00e7o postal de resid\u00eancia nos Estados Unidos.<\/p>\n\n<p>Para qualquer outra informa\u00e7\u00e3o que necessite de ser actualizada, os titulares do ESTA devem <a href=\"https:\/\/usa-gv.com\/pt-pt\/esta-renovacao\/\">renovar o seu ESTA<\/a>.<\/p>\n\n<h2 class=\"wp-block-heading\">Como \u00e9 que corrijo um erro no meu pedido ESTA?<\/h2>\n\n<p>Antes de <a href=\"https:\/\/usa-gv.com\/pt-pt\/como-solicitar-esta\/\">validar um pedido ESTA<\/a>, o requerente pode corrigir um erro nas respostas dadas \u00e0s perguntas do formul\u00e1rio. Depois de o pedido ESTA ter sido aprovado ou de o <a href=\"https:\/\/usa-gv.com\/pt-pt\/pedido-esta-pendente\/\">estatuto ESTA estar pendente<\/a>, o titular do ESTA j\u00e1 n\u00e3o pode alterar as informa\u00e7\u00f5es introduzidas. Ter\u00e1s de apresentar um novo pedido para corrigir as informa\u00e7\u00f5es pessoais incorrectas. O <a href=\"https:\/\/usa-gv.com\/pt-pt\/preco-esta-eua\/\">pre\u00e7o total do ESTA<\/a> ser\u00e1 cobrado por cada novo pedido apresentado.<\/p>\n\n<p>Se o viajante tiver cometido um erro ao responder \u00e0s <a href=\"https:\/\/usa-gv.com\/pt-pt\/perguntas-do-formulario-esta\/\">perguntas de elegibilidade do ESTA<\/a>, deve contactar o <a href=\"https:\/\/help.cbp.gov\/s\/?language=en_US\">CBP Info Center<\/a>.<\/p>\n\n<h2 class=\"wp-block-heading\">Quanto tempo demora a atualiza\u00e7\u00e3o do ESTA?<\/h2>\n\n<p>As informa\u00e7\u00f5es ESTA s\u00f3 podem ser actualizadas para o endere\u00e7o eletr\u00f3nico de contacto e para o endere\u00e7o postal de resid\u00eancia nos Estados Unidos durante a estadia.\nAs informa\u00e7\u00f5es sobre a resid\u00eancia s\u00e3o actualizadas imediatamente.\nNo entanto, quando o endere\u00e7o de correio eletr\u00f3nico \u00e9 alterado, \u00e9 verificado enviando uma mensagem de correio eletr\u00f3nico para ser validado.\nO tempo de atualiza\u00e7\u00e3o depender\u00e1, portanto, da capacidade de resposta do candidato em confirmar o seu novo endere\u00e7o eletr\u00f3nico.     <\/p>\n\n<p>Se solicitares uma nova autoriza\u00e7\u00e3o de viagem, aplicam-se novamente os <a href=\"https:\/\/usa-gv.com\/pt-pt\/prazos-obtencao-esta\/\">prazos ESTA<\/a>.<\/p>\n","protected":false},"excerpt":{"rendered":"<p>Atualizar uma autoriza\u00e7\u00e3o ESTA Quando \u00e9 que devo atualizar o meu ESTA? Os titulares da autoriza\u00e7\u00e3o ESTA que se preparam para viajar para os Estados Unidos devem verificar se os seus dados pessoais n\u00e3o sofreram altera\u00e7\u00f5es desde que obtiveram a autoriza\u00e7\u00e3o ESTA. Se algumas das informa\u00e7\u00f5es fornecidas aquando do pedido inicial do ESTA tiverem mudado, [&hellip;]<\/p>\n","protected":false},"author":1,"featured_media":0,"parent":0,"menu_order":0,"comment_status":"closed","ping_status":"closed","template":"","meta":{"footnotes":""},"class_list":["post-2619","page","type-page","status-publish","hentry"],"yoast_head":"<!-- This site is optimized with the Yoast SEO plugin v26.6 - https:\/\/yoast.com\/wordpress\/plugins\/seo\/ -->\n<title>Como atualizar o seu ESTA - USA-GV.COM<\/title>\n<meta name=\"description\" content=\"Se os seus dados pessoais foram alterados, deve atualizar em linha a sua autoriza\u00e7\u00e3o ESTA para os EUA.\" \/>\n<meta name=\"robots\" content=\"index, follow, max-snippet:-1, max-image-preview:large, max-video-preview:-1\" \/>\n<link rel=\"canonical\" href=\"https:\/\/usa-gv.com\/pt-pt\/atualizacao-esta\/\" \/>\n<meta property=\"og:locale\" content=\"pt_PT\" \/>\n<meta property=\"og:type\" content=\"article\" \/>\n<meta property=\"og:title\" content=\"Como atualizar o seu ESTA - USA-GV.COM\" \/>\n<meta property=\"og:description\" content=\"Se os seus dados pessoais foram alterados, deve atualizar em linha a sua autoriza\u00e7\u00e3o ESTA para os EUA.\" \/>\n<meta property=\"og:url\" content=\"https:\/\/usa-gv.com\/pt-pt\/atualizacao-esta\/\" \/>\n<meta property=\"og:site_name\" content=\"USA-GV.COM\" \/>\n<meta property=\"article:modified_time\" content=\"2025-02-25T11:48:54+00:00\" \/>\n<meta name=\"twitter:card\" content=\"summary_large_image\" \/>\n<meta name=\"twitter:label1\" content=\"Tempo estimado de leitura\" \/>\n\t<meta name=\"twitter:data1\" content=\"2 minutos\" \/>\n<script type=\"application\/ld+json\" class=\"yoast-schema-graph\">{\"@context\":\"https:\/\/schema.org\",\"@graph\":[{\"@type\":\"WebPage\",\"@id\":\"https:\/\/usa-gv.com\/pt-pt\/atualizacao-esta\/\",\"url\":\"https:\/\/usa-gv.com\/pt-pt\/atualizacao-esta\/\",\"name\":\"Como atualizar o seu ESTA - USA-GV.COM\",\"isPartOf\":{\"@id\":\"https:\/\/usa-gv.com\/pt-pt\/#website\"},\"datePublished\":\"2024-03-19T10:29:17+00:00\",\"dateModified\":\"2025-02-25T11:48:54+00:00\",\"description\":\"Se os seus dados pessoais foram alterados, deve atualizar em linha a sua autoriza\u00e7\u00e3o ESTA para os EUA.\",\"breadcrumb\":{\"@id\":\"https:\/\/usa-gv.com\/pt-pt\/atualizacao-esta\/#breadcrumb\"},\"inLanguage\":\"pt-PT\",\"potentialAction\":[{\"@type\":\"ReadAction\",\"target\":[\"https:\/\/usa-gv.com\/pt-pt\/atualizacao-esta\/\"]}]},{\"@type\":\"BreadcrumbList\",\"@id\":\"https:\/\/usa-gv.com\/pt-pt\/atualizacao-esta\/#breadcrumb\",\"itemListElement\":[{\"@type\":\"ListItem\",\"position\":1,\"name\":\"Home\",\"item\":\"https:\/\/usa-gv.com\/pt-pt\/guia-de-viagem-dos-eua\/\"},{\"@type\":\"ListItem\",\"position\":2,\"name\":\"Como atualizar o seu ESTA\"}]},{\"@type\":\"WebSite\",\"@id\":\"https:\/\/usa-gv.com\/pt-pt\/#website\",\"url\":\"https:\/\/usa-gv.com\/pt-pt\/\",\"name\":\"USA-GV.COM\",\"description\":\"\",\"potentialAction\":[{\"@type\":\"SearchAction\",\"target\":{\"@type\":\"EntryPoint\",\"urlTemplate\":\"https:\/\/usa-gv.com\/pt-pt\/?s={search_term_string}\"},\"query-input\":{\"@type\":\"PropertyValueSpecification\",\"valueRequired\":true,\"valueName\":\"search_term_string\"}}],\"inLanguage\":\"pt-PT\"}]}<\/script>\n<!-- \/ Yoast SEO plugin. -->","yoast_head_json":{"title":"Como atualizar o seu ESTA - USA-GV.COM","description":"Se os seus dados pessoais foram alterados, deve atualizar em linha a sua autoriza\u00e7\u00e3o ESTA para os EUA.","robots":{"index":"index","follow":"follow","max-snippet":"max-snippet:-1","max-image-preview":"max-image-preview:large","max-video-preview":"max-video-preview:-1"},"canonical":"https:\/\/usa-gv.com\/pt-pt\/atualizacao-esta\/","og_locale":"pt_PT","og_type":"article","og_title":"Como atualizar o seu ESTA - USA-GV.COM","og_description":"Se os seus dados pessoais foram alterados, deve atualizar em linha a sua autoriza\u00e7\u00e3o ESTA para os EUA.","og_url":"https:\/\/usa-gv.com\/pt-pt\/atualizacao-esta\/","og_site_name":"USA-GV.COM","article_modified_time":"2025-02-25T11:48:54+00:00","twitter_card":"summary_large_image","twitter_misc":{"Tempo estimado de leitura":"2 minutos"},"schema":{"@context":"https:\/\/schema.org","@graph":[{"@type":"WebPage","@id":"https:\/\/usa-gv.com\/pt-pt\/atualizacao-esta\/","url":"https:\/\/usa-gv.com\/pt-pt\/atualizacao-esta\/","name":"Como atualizar o seu ESTA - USA-GV.COM","isPartOf":{"@id":"https:\/\/usa-gv.com\/pt-pt\/#website"},"datePublished":"2024-03-19T10:29:17+00:00","dateModified":"2025-02-25T11:48:54+00:00","description":"Se os seus dados pessoais foram alterados, deve atualizar em linha a sua autoriza\u00e7\u00e3o ESTA para os EUA.","breadcrumb":{"@id":"https:\/\/usa-gv.com\/pt-pt\/atualizacao-esta\/#breadcrumb"},"inLanguage":"pt-PT","potentialAction":[{"@type":"ReadAction","target":["https:\/\/usa-gv.com\/pt-pt\/atualizacao-esta\/"]}]},{"@type":"BreadcrumbList","@id":"https:\/\/usa-gv.com\/pt-pt\/atualizacao-esta\/#breadcrumb","itemListElement":[{"@type":"ListItem","position":1,"name":"Home","item":"https:\/\/usa-gv.com\/pt-pt\/guia-de-viagem-dos-eua\/"},{"@type":"ListItem","position":2,"name":"Como atualizar o seu ESTA"}]},{"@type":"WebSite","@id":"https:\/\/usa-gv.com\/pt-pt\/#website","url":"https:\/\/usa-gv.com\/pt-pt\/","name":"USA-GV.COM","description":"","potentialAction":[{"@type":"SearchAction","target":{"@type":"EntryPoint","urlTemplate":"https:\/\/usa-gv.com\/pt-pt\/?s={search_term_string}"},"query-input":{"@type":"PropertyValueSpecification","valueRequired":true,"valueName":"search_term_string"}}],"inLanguage":"pt-PT"}]}},"_links":{"self":[{"href":"https:\/\/usa-gv.com\/pt-pt\/wp-json\/wp\/v2\/pages\/2619","targetHints":{"allow":["GET"]}}],"collection":[{"href":"https:\/\/usa-gv.com\/pt-pt\/wp-json\/wp\/v2\/pages"}],"about":[{"href":"https:\/\/usa-gv.com\/pt-pt\/wp-json\/wp\/v2\/types\/page"}],"author":[{"embeddable":true,"href":"https:\/\/usa-gv.com\/pt-pt\/wp-json\/wp\/v2\/users\/1"}],"replies":[{"embeddable":true,"href":"https:\/\/usa-gv.com\/pt-pt\/wp-json\/wp\/v2\/comments?post=2619"}],"version-history":[{"count":1,"href":"https:\/\/usa-gv.com\/pt-pt\/wp-json\/wp\/v2\/pages\/2619\/revisions"}],"predecessor-version":[{"id":7464,"href":"https:\/\/usa-gv.com\/pt-pt\/wp-json\/wp\/v2\/pages\/2619\/revisions\/7464"}],"wp:attachment":[{"href":"https:\/\/usa-gv.com\/pt-pt\/wp-json\/wp\/v2\/media?parent=2619"}],"curies":[{"name":"wp","href":"https:\/\/api.w.org\/{rel}","templated":true}]}}