{"id":2601,"date":"2024-03-12T09:05:20","date_gmt":"2024-03-12T09:05:20","guid":{"rendered":"https:\/\/usa-gv.com\/como-solicitar-esta\/"},"modified":"2025-02-25T11:48:48","modified_gmt":"2025-02-25T11:48:48","slug":"como-solicitar-esta","status":"publish","type":"page","link":"https:\/\/usa-gv.com\/pt-pt\/como-solicitar-esta\/","title":{"rendered":"Como se candidatar a um ESTA para os EUA"},"content":{"rendered":"\n<h1 class=\"wp-block-heading\">Como requerer o ESTA para os Estados Unidos<\/h1>\n\n<p>O ESTA \u00e9 uma autoriza\u00e7\u00e3o eletr\u00f3nica de viagem.\nS\u00f3 pode ser obtido em linha e os viajantes devem apresentar o seu pedido em linha.\nEis os passos a seguir para solicitar a autoriza\u00e7\u00e3o ESTA.    <\/p>\n\n<h2 class=\"wp-block-heading\">Certifica-te de que as condi\u00e7\u00f5es da tua estadia te permitem obter a autoriza\u00e7\u00e3o ESTA<\/h2>\n\n<p>Todos os viajantes que pretendam embarcar para os Estados Unidos devem possuir previamente uma autoriza\u00e7\u00e3o de viagem.\nOs viajantes devem <a href=\"https:\/\/usa-gv.com\/pt-pt\/regras-de-elegibilidade-para-esta\/\">verificar a sua elegibilidade para o ESTA<\/a> antes de se candidatarem em linha.\nEis as principais condi\u00e7\u00f5es:  <\/p>\n\n<ul class=\"wp-block-list\">\n<li>Apenas os nacionais de pa\u00edses que s\u00e3o membros do <a href=\"https:\/\/usa-gv.com\/pt-pt\/visa-waiver-program-eua\/\">Programa Visa Vaiwer<\/a> podem candidatar-se a um ESTA;<\/li>\n\n\n\n<li>A tua estadia nos Estados Unidos n\u00e3o pode exceder 90 dias<\/li>\n\n\n\n<li>O motivo da tua estadia pode ser apenas uma viagem de turismo ou uma viagem de neg\u00f3cios.\nTamb\u00e9m \u00e9 poss\u00edvel obter um <a href=\"https:\/\/usa-gv.com\/pt-pt\/esta-transito-eua\/\">ESTA para transitar pelos EUA<\/a>.   <\/li>\n<\/ul>\n\n<div style=\"height:10px\" aria-hidden=\"true\" class=\"wp-block-spacer\"><\/div>\n\n<h2 class=\"wp-block-heading\">Candidata-te online<\/h2>\n\n<p>Para se candidatar, basta preencher o <a href=\"https:\/\/usa-gv.com\/pt-pt\/formulario-esta-em-linha\/\">formul\u00e1rio ESTA em linha<\/a>, fornecendo todos os dados pessoais e informa\u00e7\u00f5es relativas \u00e0 sua viagem aos EUA. Para mais informa\u00e7\u00f5es sobre as <a href=\"https:\/\/usa-gv.com\/pt-pt\/perguntas-do-formulario-esta\/\">perguntas do formul\u00e1rio ESTA<\/a>, descrevemos em pormenor os passos para <a href=\"https:\/\/usa-gv.com\/pt-pt\/preencha-formulario-esta-online\/\">preencher o formul\u00e1rio ESTA<\/a>.<\/p>\n\n<p>O processo demora apenas alguns minutos se o viajante possuir um <a href=\"https:\/\/usa-gv.com\/pt-pt\/passaporte-para-os-eua\/\">passaporte v\u00e1lido para os EUA<\/a>.<\/p>\n\n<h2 class=\"wp-block-heading\">Paga as taxas administrativas obrigat\u00f3rias<\/h2>\n\n<p>Para validar o seu pedido em linha, os viajantes devem <a href=\"https:\/\/usa-gv.com\/pt-pt\/como-pagar-um-esta\/\">pagar o ESTA<\/a> com cart\u00e3o de cr\u00e9dito diretamente ap\u00f3s a apresenta\u00e7\u00e3o do formul\u00e1rio preenchido. O pre\u00e7o variou v\u00e1rias vezes desde a introdu\u00e7\u00e3o da autoriza\u00e7\u00e3o ESTA. Estes custos s\u00e3o utilizados para financiar :<\/p>\n\n<ul class=\"wp-block-list\">\n<li>O <a href=\"https:\/\/www.dhs.gov\/\">Departamento de Seguran\u00e7a Interna<\/a> (DHS), que gere as autoriza\u00e7\u00f5es ESTA;<\/li>\n\n\n\n<li>O desenvolvimento do turismo nos Estados Unidos.<\/li>\n<\/ul>\n\n<div style=\"height:10px\" aria-hidden=\"true\" class=\"wp-block-spacer\"><\/div>\n\n<h2 class=\"wp-block-heading\">Aguarda uma resposta do DHS<\/h2>\n\n<p>O viajante recebe uma resposta por correio eletr\u00f3nico do DHS no prazo de 72 horas.\nPode ent\u00e3o aceder ao <a href=\"https:\/\/usa-gv.com\/pt-pt\/sitio-web-oficial-esta\/\">s\u00edtio Web oficial do ESTA<\/a> para <a href=\"https:\/\/usa-gv.com\/pt-pt\/verifique-validade-esta\/\">verificar a validade do seu ESTA<\/a>. <\/p>\n\n<h2 class=\"wp-block-heading\">Imprime a tua autoriza\u00e7\u00e3o ESTA aprovada<\/h2>\n\n<p>Uma vez aprovada a autoriza\u00e7\u00e3o ESTA, \u00e9 aconselh\u00e1vel <a href=\"https:\/\/usa-gv.com\/pt-pt\/imprimir-esta\/\">imprimir o teu ESTA<\/a> antes de embarcar no avi\u00e3o. Este procedimento n\u00e3o \u00e9 de modo algum obrigat\u00f3rio e n\u00e3o \u00e9 necess\u00e1rio apresentar o teu ESTA no aeroporto ou \u00e0 chegada aos Estados Unidos. No entanto, \u00e9 sempre aconselh\u00e1vel lev\u00e1-lo juntamente com os teus <a href=\"https:\/\/usa-gv.com\/pt-pt\/documentos-viagem-para-eua\/\">documentos de viagem para os EUA<\/a>.  <\/p>\n\n<h2 class=\"wp-block-heading\">Renovar o teu pedido se o ESTA for recusado<\/h2>\n\n<p>Pode acontecer que um <a href=\"https:\/\/usa-gv.com\/pt-pt\/pedido-esta-recusado\/\">pedido ESTA seja recusado<\/a>. Neste caso, a resposta por correio eletr\u00f3nico n\u00e3o d\u00e1 qualquer explica\u00e7\u00e3o. Os requerentes rejeitados devem rever todas as informa\u00e7\u00f5es apresentadas no formul\u00e1rio ESTA, a fim de identificar quaisquer erros ou condi\u00e7\u00f5es que n\u00e3o estejam em conformidade com as <a href=\"https:\/\/usa-gv.com\/pt-pt\/regras-de-elegibilidade-para-esta\/\">regras de elegibilidade do ESTA<\/a>. O requerente pode ent\u00e3o tentar apresentar um novo pedido ESTA.<\/p>\n","protected":false},"excerpt":{"rendered":"<p>Como requerer o ESTA para os Estados Unidos O ESTA \u00e9 uma autoriza\u00e7\u00e3o eletr\u00f3nica de viagem. S\u00f3 pode ser obtido em linha e os viajantes devem apresentar o seu pedido em linha. Eis os passos a seguir para solicitar a autoriza\u00e7\u00e3o ESTA. Certifica-te de que as condi\u00e7\u00f5es da tua estadia te permitem obter a autoriza\u00e7\u00e3o [&hellip;]<\/p>\n","protected":false},"author":1,"featured_media":0,"parent":0,"menu_order":0,"comment_status":"closed","ping_status":"closed","template":"","meta":{"footnotes":""},"class_list":["post-2601","page","type-page","status-publish","hentry"],"yoast_head":"<!-- This site is optimized with the Yoast SEO plugin v26.6 - https:\/\/yoast.com\/wordpress\/plugins\/seo\/ -->\n<title>Como se candidatar a um ESTA para os EUA - USA-GV.COM<\/title>\n<meta name=\"description\" content=\"Como candidatar-se a um ESTA em linha para viajar para os Estados Unidos sem obter um visto americano\" \/>\n<meta name=\"robots\" content=\"index, follow, max-snippet:-1, max-image-preview:large, max-video-preview:-1\" \/>\n<link rel=\"canonical\" href=\"https:\/\/usa-gv.com\/pt-pt\/como-solicitar-esta\/\" \/>\n<meta property=\"og:locale\" content=\"pt_PT\" \/>\n<meta property=\"og:type\" content=\"article\" \/>\n<meta property=\"og:title\" content=\"Como se candidatar a um ESTA para os EUA - USA-GV.COM\" \/>\n<meta property=\"og:description\" content=\"Como candidatar-se a um ESTA em linha para viajar para os Estados Unidos sem obter um visto americano\" \/>\n<meta property=\"og:url\" content=\"https:\/\/usa-gv.com\/pt-pt\/como-solicitar-esta\/\" \/>\n<meta property=\"og:site_name\" content=\"USA-GV.COM\" \/>\n<meta property=\"article:modified_time\" content=\"2025-02-25T11:48:48+00:00\" \/>\n<meta name=\"twitter:card\" content=\"summary_large_image\" \/>\n<meta name=\"twitter:label1\" content=\"Tempo estimado de leitura\" \/>\n\t<meta name=\"twitter:data1\" content=\"2 minutos\" \/>\n<script type=\"application\/ld+json\" class=\"yoast-schema-graph\">{\"@context\":\"https:\/\/schema.org\",\"@graph\":[{\"@type\":\"WebPage\",\"@id\":\"https:\/\/usa-gv.com\/pt-pt\/como-solicitar-esta\/\",\"url\":\"https:\/\/usa-gv.com\/pt-pt\/como-solicitar-esta\/\",\"name\":\"Como se candidatar a um ESTA para os EUA - USA-GV.COM\",\"isPartOf\":{\"@id\":\"https:\/\/usa-gv.com\/pt-pt\/#website\"},\"datePublished\":\"2024-03-12T09:05:20+00:00\",\"dateModified\":\"2025-02-25T11:48:48+00:00\",\"description\":\"Como candidatar-se a um ESTA em linha para viajar para os Estados Unidos sem obter um visto americano\",\"breadcrumb\":{\"@id\":\"https:\/\/usa-gv.com\/pt-pt\/como-solicitar-esta\/#breadcrumb\"},\"inLanguage\":\"pt-PT\",\"potentialAction\":[{\"@type\":\"ReadAction\",\"target\":[\"https:\/\/usa-gv.com\/pt-pt\/como-solicitar-esta\/\"]}]},{\"@type\":\"BreadcrumbList\",\"@id\":\"https:\/\/usa-gv.com\/pt-pt\/como-solicitar-esta\/#breadcrumb\",\"itemListElement\":[{\"@type\":\"ListItem\",\"position\":1,\"name\":\"Home\",\"item\":\"https:\/\/usa-gv.com\/pt-pt\/guia-de-viagem-dos-eua\/\"},{\"@type\":\"ListItem\",\"position\":2,\"name\":\"Como se candidatar a um ESTA para os EUA\"}]},{\"@type\":\"WebSite\",\"@id\":\"https:\/\/usa-gv.com\/pt-pt\/#website\",\"url\":\"https:\/\/usa-gv.com\/pt-pt\/\",\"name\":\"USA-GV.COM\",\"description\":\"\",\"potentialAction\":[{\"@type\":\"SearchAction\",\"target\":{\"@type\":\"EntryPoint\",\"urlTemplate\":\"https:\/\/usa-gv.com\/pt-pt\/?s={search_term_string}\"},\"query-input\":{\"@type\":\"PropertyValueSpecification\",\"valueRequired\":true,\"valueName\":\"search_term_string\"}}],\"inLanguage\":\"pt-PT\"}]}<\/script>\n<!-- \/ Yoast SEO plugin. -->","yoast_head_json":{"title":"Como se candidatar a um ESTA para os EUA - USA-GV.COM","description":"Como candidatar-se a um ESTA em linha para viajar para os Estados Unidos sem obter um visto americano","robots":{"index":"index","follow":"follow","max-snippet":"max-snippet:-1","max-image-preview":"max-image-preview:large","max-video-preview":"max-video-preview:-1"},"canonical":"https:\/\/usa-gv.com\/pt-pt\/como-solicitar-esta\/","og_locale":"pt_PT","og_type":"article","og_title":"Como se candidatar a um ESTA para os EUA - USA-GV.COM","og_description":"Como candidatar-se a um ESTA em linha para viajar para os Estados Unidos sem obter um visto americano","og_url":"https:\/\/usa-gv.com\/pt-pt\/como-solicitar-esta\/","og_site_name":"USA-GV.COM","article_modified_time":"2025-02-25T11:48:48+00:00","twitter_card":"summary_large_image","twitter_misc":{"Tempo estimado de leitura":"2 minutos"},"schema":{"@context":"https:\/\/schema.org","@graph":[{"@type":"WebPage","@id":"https:\/\/usa-gv.com\/pt-pt\/como-solicitar-esta\/","url":"https:\/\/usa-gv.com\/pt-pt\/como-solicitar-esta\/","name":"Como se candidatar a um ESTA para os EUA - USA-GV.COM","isPartOf":{"@id":"https:\/\/usa-gv.com\/pt-pt\/#website"},"datePublished":"2024-03-12T09:05:20+00:00","dateModified":"2025-02-25T11:48:48+00:00","description":"Como candidatar-se a um ESTA em linha para viajar para os Estados Unidos sem obter um visto americano","breadcrumb":{"@id":"https:\/\/usa-gv.com\/pt-pt\/como-solicitar-esta\/#breadcrumb"},"inLanguage":"pt-PT","potentialAction":[{"@type":"ReadAction","target":["https:\/\/usa-gv.com\/pt-pt\/como-solicitar-esta\/"]}]},{"@type":"BreadcrumbList","@id":"https:\/\/usa-gv.com\/pt-pt\/como-solicitar-esta\/#breadcrumb","itemListElement":[{"@type":"ListItem","position":1,"name":"Home","item":"https:\/\/usa-gv.com\/pt-pt\/guia-de-viagem-dos-eua\/"},{"@type":"ListItem","position":2,"name":"Como se candidatar a um ESTA para os EUA"}]},{"@type":"WebSite","@id":"https:\/\/usa-gv.com\/pt-pt\/#website","url":"https:\/\/usa-gv.com\/pt-pt\/","name":"USA-GV.COM","description":"","potentialAction":[{"@type":"SearchAction","target":{"@type":"EntryPoint","urlTemplate":"https:\/\/usa-gv.com\/pt-pt\/?s={search_term_string}"},"query-input":{"@type":"PropertyValueSpecification","valueRequired":true,"valueName":"search_term_string"}}],"inLanguage":"pt-PT"}]}},"_links":{"self":[{"href":"https:\/\/usa-gv.com\/pt-pt\/wp-json\/wp\/v2\/pages\/2601","targetHints":{"allow":["GET"]}}],"collection":[{"href":"https:\/\/usa-gv.com\/pt-pt\/wp-json\/wp\/v2\/pages"}],"about":[{"href":"https:\/\/usa-gv.com\/pt-pt\/wp-json\/wp\/v2\/types\/page"}],"author":[{"embeddable":true,"href":"https:\/\/usa-gv.com\/pt-pt\/wp-json\/wp\/v2\/users\/1"}],"replies":[{"embeddable":true,"href":"https:\/\/usa-gv.com\/pt-pt\/wp-json\/wp\/v2\/comments?post=2601"}],"version-history":[{"count":1,"href":"https:\/\/usa-gv.com\/pt-pt\/wp-json\/wp\/v2\/pages\/2601\/revisions"}],"predecessor-version":[{"id":7453,"href":"https:\/\/usa-gv.com\/pt-pt\/wp-json\/wp\/v2\/pages\/2601\/revisions\/7453"}],"wp:attachment":[{"href":"https:\/\/usa-gv.com\/pt-pt\/wp-json\/wp\/v2\/media?parent=2601"}],"curies":[{"name":"wp","href":"https:\/\/api.w.org\/{rel}","templated":true}]}}