{"id":2563,"date":"2024-03-12T09:24:57","date_gmt":"2024-03-12T09:24:57","guid":{"rendered":"https:\/\/usa-gv.com\/esta-gratuita\/"},"modified":"2025-02-25T11:48:35","modified_gmt":"2025-02-25T11:48:35","slug":"esta-gratuita","status":"publish","type":"page","link":"https:\/\/usa-gv.com\/pt-pt\/esta-gratuita\/","title":{"rendered":"Autoriza\u00e7\u00e3o ESTA gratuita"},"content":{"rendered":"\n<h1 class=\"wp-block-heading\">Obter uma autoriza\u00e7\u00e3o ESTA gratuita<\/h1>\n\n<p>O Programa de Isen\u00e7\u00e3o de Vistos dos EUA permite que os viajantes eleg\u00edveis obtenham um certificado ESTA para uma estadia de menos de 90 dias nos Estados Unidos.\nPodes <a href=\"https:\/\/usa-gv.com\/pt-pt\/como-solicitar-esta\/\">candidatar-te a um ESTA<\/a> em linha. <\/p>\n\n<h2 class=\"wp-block-heading\">A autoriza\u00e7\u00e3o ESTA \u00e9 gratuita ou tem de ser paga?<\/h2>\n\n<p>O <a href=\"https:\/\/usa-gv.com\/pt-pt\/formulario-esta-em-linha\/\">formul\u00e1rio ESTA em linha<\/a> inclui uma s\u00e9rie de <a href=\"https:\/\/usa-gv.com\/pt-pt\/perguntas-do-formulario-esta\/\">perguntas sobre o viajante<\/a> e termina com uma p\u00e1gina de pagamento. Os viajantes devem <a href=\"https:\/\/usa-gv.com\/pt-pt\/como-pagar-um-esta\/\">pagar o seu ESTA online<\/a> com cart\u00e3o de cr\u00e9dito para validar o seu pedido. O <a href=\"https:\/\/usa-gv.com\/pt-pt\/preco-esta-eua\/\">pre\u00e7o do ESTA<\/a> \u00e9 fixado pelo Departamento de Estado dos EUA. O programa foi alterado v\u00e1rias vezes desde que o <a href=\"https:\/\/usa-gv.com\/pt-pt\/visa-waiver-program-eua\/\">Programa de Isen\u00e7\u00e3o de Vistos<\/a> foi lan\u00e7ado em 2009.<\/p>\n\n<p><strong>O formul\u00e1rio ESTA n\u00e3o \u00e9 gratuito no s\u00edtio Web oficial do ESTA<\/strong>.\nAs taxas s\u00e3o utilizadas para financiar o funcionamento do Programa de Isen\u00e7\u00e3o de Vistos e para promover o turismo nos EUA. <\/p>\n\n<h2 class=\"wp-block-heading\">Como \u00e9 que posso obter um ESTA gratuitamente?<\/h2>\n\n<p>Para saber o estado da sua autoriza\u00e7\u00e3o ESTA, basta aceder ao s\u00edtio <a href=\"https:\/\/usa-gv.com\/pt-pt\/sitio-web-oficial-esta\/\">Web oficial do ESTA<\/a> e <a href=\"https:\/\/usa-gv.com\/pt-pt\/verifique-validade-esta\/\">verificar a validade do seu ESTA<\/a>. O processo \u00e9 gratuito e demora apenas alguns minutos se o viajante estiver na posse dos seus dados de viagem.<\/p>\n\n<p>O <a href=\"https:\/\/usa-gv.com\/pt-pt\/periodo-validade-esta\/\">ESTA \u00e9 inicialmente v\u00e1lido<\/a> por dois anos. No entanto, por determinadas raz\u00f5es, este per\u00edodo pode ser reduzido. A principal raz\u00e3o \u00e9 a validade do <a href=\"https:\/\/usa-gv.com\/pt-pt\/passaporte-para-os-eua\/\">passaporte utilizado para obter o ESTA<\/a>. Quando o passaporte deixa de ser v\u00e1lido, o ESTA obtido tamb\u00e9m deixa de ser v\u00e1lido.<\/p>\n","protected":false},"excerpt":{"rendered":"<p>Obter uma autoriza\u00e7\u00e3o ESTA gratuita O Programa de Isen\u00e7\u00e3o de Vistos dos EUA permite que os viajantes eleg\u00edveis obtenham um certificado ESTA para uma estadia de menos de 90 dias nos Estados Unidos. Podes candidatar-te a um ESTA em linha. A autoriza\u00e7\u00e3o ESTA \u00e9 gratuita ou tem de ser paga? O formul\u00e1rio ESTA em linha [&hellip;]<\/p>\n","protected":false},"author":1,"featured_media":0,"parent":0,"menu_order":0,"comment_status":"closed","ping_status":"closed","template":"","meta":{"footnotes":""},"class_list":["post-2563","page","type-page","status-publish","hentry"],"yoast_head":"<!-- This site is optimized with the Yoast SEO plugin v26.6 - https:\/\/yoast.com\/wordpress\/plugins\/seo\/ -->\n<title>Autoriza\u00e7\u00e3o ESTA gratuita - USA-GV.COM<\/title>\n<meta name=\"description\" content=\"A autoriza\u00e7\u00e3o ESTA para viajar para os Estados Unidos pode ser obtida em linha. O formul\u00e1rio em linha no s\u00edtio Web oficial do ESTA \u00e9 pago.\" \/>\n<meta name=\"robots\" content=\"index, follow, max-snippet:-1, max-image-preview:large, max-video-preview:-1\" \/>\n<link rel=\"canonical\" href=\"https:\/\/usa-gv.com\/pt-pt\/esta-gratuita\/\" \/>\n<meta property=\"og:locale\" content=\"pt_PT\" \/>\n<meta property=\"og:type\" content=\"article\" \/>\n<meta property=\"og:title\" content=\"Autoriza\u00e7\u00e3o ESTA gratuita - USA-GV.COM\" \/>\n<meta property=\"og:description\" content=\"A autoriza\u00e7\u00e3o ESTA para viajar para os Estados Unidos pode ser obtida em linha. O formul\u00e1rio em linha no s\u00edtio Web oficial do ESTA \u00e9 pago.\" \/>\n<meta property=\"og:url\" content=\"https:\/\/usa-gv.com\/pt-pt\/esta-gratuita\/\" \/>\n<meta property=\"og:site_name\" content=\"USA-GV.COM\" \/>\n<meta property=\"article:modified_time\" content=\"2025-02-25T11:48:35+00:00\" \/>\n<meta name=\"twitter:card\" content=\"summary_large_image\" \/>\n<meta name=\"twitter:label1\" content=\"Tempo estimado de leitura\" \/>\n\t<meta name=\"twitter:data1\" content=\"1 minuto\" \/>\n<script type=\"application\/ld+json\" class=\"yoast-schema-graph\">{\"@context\":\"https:\/\/schema.org\",\"@graph\":[{\"@type\":\"WebPage\",\"@id\":\"https:\/\/usa-gv.com\/pt-pt\/esta-gratuita\/\",\"url\":\"https:\/\/usa-gv.com\/pt-pt\/esta-gratuita\/\",\"name\":\"Autoriza\u00e7\u00e3o ESTA gratuita - USA-GV.COM\",\"isPartOf\":{\"@id\":\"https:\/\/usa-gv.com\/pt-pt\/#website\"},\"datePublished\":\"2024-03-12T09:24:57+00:00\",\"dateModified\":\"2025-02-25T11:48:35+00:00\",\"description\":\"A autoriza\u00e7\u00e3o ESTA para viajar para os Estados Unidos pode ser obtida em linha. O formul\u00e1rio em linha no s\u00edtio Web oficial do ESTA \u00e9 pago.\",\"breadcrumb\":{\"@id\":\"https:\/\/usa-gv.com\/pt-pt\/esta-gratuita\/#breadcrumb\"},\"inLanguage\":\"pt-PT\",\"potentialAction\":[{\"@type\":\"ReadAction\",\"target\":[\"https:\/\/usa-gv.com\/pt-pt\/esta-gratuita\/\"]}]},{\"@type\":\"BreadcrumbList\",\"@id\":\"https:\/\/usa-gv.com\/pt-pt\/esta-gratuita\/#breadcrumb\",\"itemListElement\":[{\"@type\":\"ListItem\",\"position\":1,\"name\":\"Home\",\"item\":\"https:\/\/usa-gv.com\/pt-pt\/guia-de-viagem-dos-eua\/\"},{\"@type\":\"ListItem\",\"position\":2,\"name\":\"Autoriza\u00e7\u00e3o ESTA gratuita\"}]},{\"@type\":\"WebSite\",\"@id\":\"https:\/\/usa-gv.com\/pt-pt\/#website\",\"url\":\"https:\/\/usa-gv.com\/pt-pt\/\",\"name\":\"USA-GV.COM\",\"description\":\"\",\"potentialAction\":[{\"@type\":\"SearchAction\",\"target\":{\"@type\":\"EntryPoint\",\"urlTemplate\":\"https:\/\/usa-gv.com\/pt-pt\/?s={search_term_string}\"},\"query-input\":{\"@type\":\"PropertyValueSpecification\",\"valueRequired\":true,\"valueName\":\"search_term_string\"}}],\"inLanguage\":\"pt-PT\"}]}<\/script>\n<!-- \/ Yoast SEO plugin. -->","yoast_head_json":{"title":"Autoriza\u00e7\u00e3o ESTA gratuita - USA-GV.COM","description":"A autoriza\u00e7\u00e3o ESTA para viajar para os Estados Unidos pode ser obtida em linha. O formul\u00e1rio em linha no s\u00edtio Web oficial do ESTA \u00e9 pago.","robots":{"index":"index","follow":"follow","max-snippet":"max-snippet:-1","max-image-preview":"max-image-preview:large","max-video-preview":"max-video-preview:-1"},"canonical":"https:\/\/usa-gv.com\/pt-pt\/esta-gratuita\/","og_locale":"pt_PT","og_type":"article","og_title":"Autoriza\u00e7\u00e3o ESTA gratuita - USA-GV.COM","og_description":"A autoriza\u00e7\u00e3o ESTA para viajar para os Estados Unidos pode ser obtida em linha. O formul\u00e1rio em linha no s\u00edtio Web oficial do ESTA \u00e9 pago.","og_url":"https:\/\/usa-gv.com\/pt-pt\/esta-gratuita\/","og_site_name":"USA-GV.COM","article_modified_time":"2025-02-25T11:48:35+00:00","twitter_card":"summary_large_image","twitter_misc":{"Tempo estimado de leitura":"1 minuto"},"schema":{"@context":"https:\/\/schema.org","@graph":[{"@type":"WebPage","@id":"https:\/\/usa-gv.com\/pt-pt\/esta-gratuita\/","url":"https:\/\/usa-gv.com\/pt-pt\/esta-gratuita\/","name":"Autoriza\u00e7\u00e3o ESTA gratuita - USA-GV.COM","isPartOf":{"@id":"https:\/\/usa-gv.com\/pt-pt\/#website"},"datePublished":"2024-03-12T09:24:57+00:00","dateModified":"2025-02-25T11:48:35+00:00","description":"A autoriza\u00e7\u00e3o ESTA para viajar para os Estados Unidos pode ser obtida em linha. O formul\u00e1rio em linha no s\u00edtio Web oficial do ESTA \u00e9 pago.","breadcrumb":{"@id":"https:\/\/usa-gv.com\/pt-pt\/esta-gratuita\/#breadcrumb"},"inLanguage":"pt-PT","potentialAction":[{"@type":"ReadAction","target":["https:\/\/usa-gv.com\/pt-pt\/esta-gratuita\/"]}]},{"@type":"BreadcrumbList","@id":"https:\/\/usa-gv.com\/pt-pt\/esta-gratuita\/#breadcrumb","itemListElement":[{"@type":"ListItem","position":1,"name":"Home","item":"https:\/\/usa-gv.com\/pt-pt\/guia-de-viagem-dos-eua\/"},{"@type":"ListItem","position":2,"name":"Autoriza\u00e7\u00e3o ESTA gratuita"}]},{"@type":"WebSite","@id":"https:\/\/usa-gv.com\/pt-pt\/#website","url":"https:\/\/usa-gv.com\/pt-pt\/","name":"USA-GV.COM","description":"","potentialAction":[{"@type":"SearchAction","target":{"@type":"EntryPoint","urlTemplate":"https:\/\/usa-gv.com\/pt-pt\/?s={search_term_string}"},"query-input":{"@type":"PropertyValueSpecification","valueRequired":true,"valueName":"search_term_string"}}],"inLanguage":"pt-PT"}]}},"_links":{"self":[{"href":"https:\/\/usa-gv.com\/pt-pt\/wp-json\/wp\/v2\/pages\/2563","targetHints":{"allow":["GET"]}}],"collection":[{"href":"https:\/\/usa-gv.com\/pt-pt\/wp-json\/wp\/v2\/pages"}],"about":[{"href":"https:\/\/usa-gv.com\/pt-pt\/wp-json\/wp\/v2\/types\/page"}],"author":[{"embeddable":true,"href":"https:\/\/usa-gv.com\/pt-pt\/wp-json\/wp\/v2\/users\/1"}],"replies":[{"embeddable":true,"href":"https:\/\/usa-gv.com\/pt-pt\/wp-json\/wp\/v2\/comments?post=2563"}],"version-history":[{"count":1,"href":"https:\/\/usa-gv.com\/pt-pt\/wp-json\/wp\/v2\/pages\/2563\/revisions"}],"predecessor-version":[{"id":7431,"href":"https:\/\/usa-gv.com\/pt-pt\/wp-json\/wp\/v2\/pages\/2563\/revisions\/7431"}],"wp:attachment":[{"href":"https:\/\/usa-gv.com\/pt-pt\/wp-json\/wp\/v2\/media?parent=2563"}],"curies":[{"name":"wp","href":"https:\/\/api.w.org\/{rel}","templated":true}]}}