{"id":2545,"date":"2024-03-10T21:30:51","date_gmt":"2024-03-10T21:30:51","guid":{"rendered":"https:\/\/usa-gv.com\/utilitario-esta\/"},"modified":"2025-02-25T11:48:30","modified_gmt":"2025-02-25T11:48:30","slug":"utilitario-esta","status":"publish","type":"page","link":"https:\/\/usa-gv.com\/pt-pt\/utilitario-esta\/","title":{"rendered":"O que \u00e9 uma autoriza\u00e7\u00e3o ESTA para os EUA?"},"content":{"rendered":"\n<h1 class=\"wp-block-heading\">Que actividades s\u00e3o autorizadas nos EUA para os viajantes com um ESTA?  <\/h1>\n\n<p>A <a href=\"https:\/\/usa-gv.com\/pt-pt\/o-que-e-uma-autorizacao-esta\/\">autoriza\u00e7\u00e3o ESTA<\/a> permite aos cidad\u00e3os dos pa\u00edses que participam no <a href=\"https:\/\/usa-gv.com\/pt-pt\/visa-waiver-program-eua\/\">Programa de Isen\u00e7\u00e3o de Vistos<\/a> viajar para os Estados Unidos em turismo ou neg\u00f3cios sem visto para estadias inferiores a 90 dias. Apenas determinadas actividades s\u00e3o autorizadas em territ\u00f3rio americano para os viajantes com um ESTA.<\/p>\n\n<p><strong>Para obter um certificado de viagem em apenas alguns minutos<\/strong>, basta clicar no <a href=\"https:\/\/usa-gv.com\/pt-pt\/formulario-esta-em-linha\/\">formul\u00e1rio em linha ESTA<\/a>.<\/p>\n\n<div style=\"height:10px\" aria-hidden=\"true\" class=\"wp-block-spacer\"><\/div>\n\n<h2 class=\"wp-block-heading\">O que pode fazer nos EUA com um ESTA<\/h2>\n\n<p>Os viajantes com um ESTA podem entrar nos Estados Unidos para v\u00e1rios tipos de actividades, principalmente turismo ou neg\u00f3cios.\nAs seguintes actividades s\u00e3o permitidas com um ESTA. <\/p>\n\n<h3 class=\"wp-block-heading\">Actividades relacionadas com o turismo autorizadas com um ESTA nos EUA<\/h3>\n\n<ul class=\"wp-block-list\">\n<li>Visita locais tur\u00edsticos, monumentos e parques nacionais;<\/li>\n\n\n\n<li>Participa em actividades recreativas, como visitar museus, assistir a espect\u00e1culos, concertos ou eventos desportivos;<\/li>\n\n\n\n<li>Participa em actividades sociais com amigos ou familiares.<\/li>\n<\/ul>\n\n<div style=\"height:10px\" aria-hidden=\"true\" class=\"wp-block-spacer\"><\/div>\n\n<h3 class=\"wp-block-heading\">Actividades comerciais autorizadas com um ESTA nos EUA<\/h3>\n\n<ul class=\"wp-block-list\">\n<li>Participa em reuni\u00f5es de trabalho, confer\u00eancias ou semin\u00e1rios;<\/li>\n\n\n\n<li>Negoceia contratos ou consulta parceiros comerciais;<\/li>\n\n\n\n<li>Participa em exposi\u00e7\u00f5es e feiras comerciais.<\/li>\n<\/ul>\n\n<div style=\"height:10px\" aria-hidden=\"true\" class=\"wp-block-spacer\"><\/div>\n\n<h3 class=\"wp-block-heading\">Participa\u00e7\u00e3o em eventos autorizados com um ESTA nos EUA<\/h3>\n\n<ul class=\"wp-block-list\">\n<li>Participa em eventos ou cursos de curta dura\u00e7\u00e3o.\nEstes cursos n\u00e3o t\u00eam de ser creditados com um diploma ou certifica\u00e7\u00e3o acad\u00e9mica; <\/li>\n\n\n\n<li>Participa em eventos musicais ou desportivos amadores sem receber qualquer pagamento.<\/li>\n<\/ul>\n\n<div style=\"height:10px\" aria-hidden=\"true\" class=\"wp-block-spacer\"><\/div>\n\n<p>Informa\u00e7\u00e3o <strong>importante<\/strong>: O ESTA tamb\u00e9m permite que permane\u00e7as nos Estados Unidos para <strong>tratamento m\u00e9dico de curta dura\u00e7\u00e3o<\/strong>.<\/p>\n\n<div style=\"height:20px\" aria-hidden=\"true\" class=\"wp-block-spacer\"><\/div>\n\n<h2 class=\"wp-block-heading\">Que actividades s\u00e3o proibidas nos EUA com um ESTA?<\/h2>\n\n<p>Eis as principais actividades proibidas nos Estados Unidos para os viajantes titulares de uma autoriza\u00e7\u00e3o ESTA.<\/p>\n\n<h3 class=\"wp-block-heading\">Actividades relacionadas com o trabalho proibidas nos EUA para os titulares do ESTA<\/h3>\n\n<ul class=\"wp-block-list\">\n<li>Os viajantes na posse de um ESTA n\u00e3o est\u00e3o autorizados a aceitar trabalho remunerado nos Estados Unidos.\nIsto inclui qualquer trabalho pelo qual uma entidade patronal americana pague um sal\u00e1rio ou uma indemniza\u00e7\u00e3o; <\/li>\n\n\n\n<li>Trabalhar para a imprensa: Os jornalistas ou membros da imprensa que pretendam trabalhar nos Estados Unidos n\u00e3o o podem fazer com um ESTA.\nPara tal, devem obter um visto espec\u00edfico para os meios de comunica\u00e7\u00e3o social. <\/li>\n<\/ul>\n\n<div style=\"height:10px\" aria-hidden=\"true\" class=\"wp-block-spacer\"><\/div>\n\n<h3 class=\"wp-block-heading\">Outras actividades proibidas nos EUA para os viajantes com um ESTA<\/h3>\n\n<ul class=\"wp-block-list\">\n<li>Considera <strong>a resid\u00eancia permanente<\/strong>: Um viajante n\u00e3o pode utilizar um ESTA para entrar nos Estados Unidos com o objetivo de resid\u00eancia permanente ou imigra\u00e7\u00e3o.<\/li>\n\n\n\n<li>Estudos de <strong>longa dura\u00e7\u00e3o<\/strong>: Os estudos a tempo inteiro exigem um visto de estudante.<\/li>\n\n\n\n<li><strong>Programa de interc\u00e2mbio<\/strong>: Os participantes num programa de interc\u00e2mbio de estudantes n\u00e3o podem utilizar o ESTA e devem obter um visto J1.<\/li>\n\n\n\n<li><strong>Benef\u00edcios p\u00fablicos<\/strong>: Os viajantes que chegam aos EUA com a autoriza\u00e7\u00e3o ESTA n\u00e3o t\u00eam direito a benef\u00edcios governamentais ou programas de assist\u00eancia p\u00fablica.<\/li>\n<\/ul>\n\n<div style=\"height:20px\" aria-hidden=\"true\" class=\"wp-block-spacer\"><\/div>\n\n<h2 class=\"wp-block-heading\">Posso fazer uma escala nos EUA com um ESTA?<\/h2>\n\n<p>\u00c9 poss\u00edvel <a href=\"https:\/\/usa-gv.com\/pt-pt\/esta-transito-eua\/\">transitar pelos EUA com um ESTA<\/a>. Os titulares de uma autoriza\u00e7\u00e3o ESTA podem utilizar os Estados Unidos como ponto de tr\u00e2nsito para outro destino internacional.<\/p>\n","protected":false},"excerpt":{"rendered":"<p>Que actividades s\u00e3o autorizadas nos EUA para os viajantes com um ESTA? A autoriza\u00e7\u00e3o ESTA permite aos cidad\u00e3os dos pa\u00edses que participam no Programa de Isen\u00e7\u00e3o de Vistos viajar para os Estados Unidos em turismo ou neg\u00f3cios sem visto para estadias inferiores a 90 dias. Apenas determinadas actividades s\u00e3o autorizadas em territ\u00f3rio americano para os [&hellip;]<\/p>\n","protected":false},"author":1,"featured_media":0,"parent":0,"menu_order":0,"comment_status":"closed","ping_status":"closed","template":"","meta":{"footnotes":""},"class_list":["post-2545","page","type-page","status-publish","hentry"],"yoast_head":"<!-- This site is optimized with the Yoast SEO plugin v26.6 - https:\/\/yoast.com\/wordpress\/plugins\/seo\/ -->\n<title>O que \u00e9 uma autoriza\u00e7\u00e3o ESTA para os EUA? - USA-GV.COM<\/title>\n<meta name=\"description\" content=\"Saiba o que pode e n\u00e3o pode fazer com a autoriza\u00e7\u00e3o ESTA quando visita os Estados Unidos\" \/>\n<meta name=\"robots\" content=\"index, follow, max-snippet:-1, max-image-preview:large, max-video-preview:-1\" \/>\n<link rel=\"canonical\" href=\"https:\/\/usa-gv.com\/pt-pt\/utilitario-esta\/\" \/>\n<meta property=\"og:locale\" content=\"pt_PT\" \/>\n<meta property=\"og:type\" content=\"article\" \/>\n<meta property=\"og:title\" content=\"O que \u00e9 uma autoriza\u00e7\u00e3o ESTA para os EUA? - USA-GV.COM\" \/>\n<meta property=\"og:description\" content=\"Saiba o que pode e n\u00e3o pode fazer com a autoriza\u00e7\u00e3o ESTA quando visita os Estados Unidos\" \/>\n<meta property=\"og:url\" content=\"https:\/\/usa-gv.com\/pt-pt\/utilitario-esta\/\" \/>\n<meta property=\"og:site_name\" content=\"USA-GV.COM\" \/>\n<meta property=\"article:modified_time\" content=\"2025-02-25T11:48:30+00:00\" \/>\n<meta name=\"twitter:card\" content=\"summary_large_image\" \/>\n<meta name=\"twitter:label1\" content=\"Tempo estimado de leitura\" \/>\n\t<meta name=\"twitter:data1\" content=\"3 minutos\" \/>\n<script type=\"application\/ld+json\" class=\"yoast-schema-graph\">{\"@context\":\"https:\/\/schema.org\",\"@graph\":[{\"@type\":\"WebPage\",\"@id\":\"https:\/\/usa-gv.com\/pt-pt\/utilitario-esta\/\",\"url\":\"https:\/\/usa-gv.com\/pt-pt\/utilitario-esta\/\",\"name\":\"O que \u00e9 uma autoriza\u00e7\u00e3o ESTA para os EUA? - USA-GV.COM\",\"isPartOf\":{\"@id\":\"https:\/\/usa-gv.com\/pt-pt\/#website\"},\"datePublished\":\"2024-03-10T21:30:51+00:00\",\"dateModified\":\"2025-02-25T11:48:30+00:00\",\"description\":\"Saiba o que pode e n\u00e3o pode fazer com a autoriza\u00e7\u00e3o ESTA quando visita os Estados Unidos\",\"breadcrumb\":{\"@id\":\"https:\/\/usa-gv.com\/pt-pt\/utilitario-esta\/#breadcrumb\"},\"inLanguage\":\"pt-PT\",\"potentialAction\":[{\"@type\":\"ReadAction\",\"target\":[\"https:\/\/usa-gv.com\/pt-pt\/utilitario-esta\/\"]}]},{\"@type\":\"BreadcrumbList\",\"@id\":\"https:\/\/usa-gv.com\/pt-pt\/utilitario-esta\/#breadcrumb\",\"itemListElement\":[{\"@type\":\"ListItem\",\"position\":1,\"name\":\"Home\",\"item\":\"https:\/\/usa-gv.com\/pt-pt\/guia-de-viagem-dos-eua\/\"},{\"@type\":\"ListItem\",\"position\":2,\"name\":\"O que \u00e9 uma autoriza\u00e7\u00e3o ESTA para os EUA?\"}]},{\"@type\":\"WebSite\",\"@id\":\"https:\/\/usa-gv.com\/pt-pt\/#website\",\"url\":\"https:\/\/usa-gv.com\/pt-pt\/\",\"name\":\"USA-GV.COM\",\"description\":\"\",\"potentialAction\":[{\"@type\":\"SearchAction\",\"target\":{\"@type\":\"EntryPoint\",\"urlTemplate\":\"https:\/\/usa-gv.com\/pt-pt\/?s={search_term_string}\"},\"query-input\":{\"@type\":\"PropertyValueSpecification\",\"valueRequired\":true,\"valueName\":\"search_term_string\"}}],\"inLanguage\":\"pt-PT\"}]}<\/script>\n<!-- \/ Yoast SEO plugin. -->","yoast_head_json":{"title":"O que \u00e9 uma autoriza\u00e7\u00e3o ESTA para os EUA? - USA-GV.COM","description":"Saiba o que pode e n\u00e3o pode fazer com a autoriza\u00e7\u00e3o ESTA quando visita os Estados Unidos","robots":{"index":"index","follow":"follow","max-snippet":"max-snippet:-1","max-image-preview":"max-image-preview:large","max-video-preview":"max-video-preview:-1"},"canonical":"https:\/\/usa-gv.com\/pt-pt\/utilitario-esta\/","og_locale":"pt_PT","og_type":"article","og_title":"O que \u00e9 uma autoriza\u00e7\u00e3o ESTA para os EUA? - USA-GV.COM","og_description":"Saiba o que pode e n\u00e3o pode fazer com a autoriza\u00e7\u00e3o ESTA quando visita os Estados Unidos","og_url":"https:\/\/usa-gv.com\/pt-pt\/utilitario-esta\/","og_site_name":"USA-GV.COM","article_modified_time":"2025-02-25T11:48:30+00:00","twitter_card":"summary_large_image","twitter_misc":{"Tempo estimado de leitura":"3 minutos"},"schema":{"@context":"https:\/\/schema.org","@graph":[{"@type":"WebPage","@id":"https:\/\/usa-gv.com\/pt-pt\/utilitario-esta\/","url":"https:\/\/usa-gv.com\/pt-pt\/utilitario-esta\/","name":"O que \u00e9 uma autoriza\u00e7\u00e3o ESTA para os EUA? - USA-GV.COM","isPartOf":{"@id":"https:\/\/usa-gv.com\/pt-pt\/#website"},"datePublished":"2024-03-10T21:30:51+00:00","dateModified":"2025-02-25T11:48:30+00:00","description":"Saiba o que pode e n\u00e3o pode fazer com a autoriza\u00e7\u00e3o ESTA quando visita os Estados Unidos","breadcrumb":{"@id":"https:\/\/usa-gv.com\/pt-pt\/utilitario-esta\/#breadcrumb"},"inLanguage":"pt-PT","potentialAction":[{"@type":"ReadAction","target":["https:\/\/usa-gv.com\/pt-pt\/utilitario-esta\/"]}]},{"@type":"BreadcrumbList","@id":"https:\/\/usa-gv.com\/pt-pt\/utilitario-esta\/#breadcrumb","itemListElement":[{"@type":"ListItem","position":1,"name":"Home","item":"https:\/\/usa-gv.com\/pt-pt\/guia-de-viagem-dos-eua\/"},{"@type":"ListItem","position":2,"name":"O que \u00e9 uma autoriza\u00e7\u00e3o ESTA para os EUA?"}]},{"@type":"WebSite","@id":"https:\/\/usa-gv.com\/pt-pt\/#website","url":"https:\/\/usa-gv.com\/pt-pt\/","name":"USA-GV.COM","description":"","potentialAction":[{"@type":"SearchAction","target":{"@type":"EntryPoint","urlTemplate":"https:\/\/usa-gv.com\/pt-pt\/?s={search_term_string}"},"query-input":{"@type":"PropertyValueSpecification","valueRequired":true,"valueName":"search_term_string"}}],"inLanguage":"pt-PT"}]}},"_links":{"self":[{"href":"https:\/\/usa-gv.com\/pt-pt\/wp-json\/wp\/v2\/pages\/2545","targetHints":{"allow":["GET"]}}],"collection":[{"href":"https:\/\/usa-gv.com\/pt-pt\/wp-json\/wp\/v2\/pages"}],"about":[{"href":"https:\/\/usa-gv.com\/pt-pt\/wp-json\/wp\/v2\/types\/page"}],"author":[{"embeddable":true,"href":"https:\/\/usa-gv.com\/pt-pt\/wp-json\/wp\/v2\/users\/1"}],"replies":[{"embeddable":true,"href":"https:\/\/usa-gv.com\/pt-pt\/wp-json\/wp\/v2\/comments?post=2545"}],"version-history":[{"count":1,"href":"https:\/\/usa-gv.com\/pt-pt\/wp-json\/wp\/v2\/pages\/2545\/revisions"}],"predecessor-version":[{"id":7420,"href":"https:\/\/usa-gv.com\/pt-pt\/wp-json\/wp\/v2\/pages\/2545\/revisions\/7420"}],"wp:attachment":[{"href":"https:\/\/usa-gv.com\/pt-pt\/wp-json\/wp\/v2\/media?parent=2545"}],"curies":[{"name":"wp","href":"https:\/\/api.w.org\/{rel}","templated":true}]}}