{"id":2527,"date":"2024-03-12T18:53:43","date_gmt":"2024-03-12T18:53:43","guid":{"rendered":"https:\/\/usa-gv.com\/imprimir-esta\/"},"modified":"2025-02-25T11:50:40","modified_gmt":"2025-02-25T11:50:40","slug":"imprimir-esta","status":"publish","type":"page","link":"https:\/\/usa-gv.com\/pt-pt\/imprimir-esta\/","title":{"rendered":"Imprimir o seu ESTA para o aeroporto"},"content":{"rendered":"\n<h1 class=\"wp-block-heading\">Imprimir o seu ESTA antes de chegar aos EUA<\/h1>\n\n<p>O procedimento para obter a autoriza\u00e7\u00e3o ESTA \u00e9 efectuado inteiramente em linha.\nUma vez aprovado o pedido ESTA, os viajantes perguntam-se frequentemente se devem imprimi-lo e apresent\u00e1-lo \u00e0 alf\u00e2ndega dos EUA quando chegam aos Estados Unidos. <\/p>\n\n<p>Para solicitar uma autoriza\u00e7\u00e3o de viagem, basta clicar no <a href=\"https:\/\/usa-gv.com\/pt-pt\/formulario-esta-em-linha\/\">formul\u00e1rio em linha ESTA<\/a>.<\/p>\n\n<div style=\"height:10px\" aria-hidden=\"true\" class=\"wp-block-spacer\"><\/div>\n\n<h2 class=\"wp-block-heading\">Tenho de imprimir a minha autoriza\u00e7\u00e3o esta?<\/h2>\n\n<p><strong>N\u00e3o \u00e9 necess\u00e1rio apresentar uma vers\u00e3o em papel da autoriza\u00e7\u00e3o ESTA aprovada<\/strong> \u00e0 chegada aos Estados Unidos.\nO agente respons\u00e1vel pela valida\u00e7\u00e3o da entrada do viajante nos Estados Unidos consultar\u00e1 o certificado ESTA obtido diretamente no sistema inform\u00e1tico.   <\/p>\n\n<p>No entanto, \u00e9 aconselh\u00e1vel guardar uma c\u00f3pia do certificado ESTA aprovado juntamente com os seus <a href=\"https:\/\/usa-gv.com\/pt-pt\/documentos-viagem-para-eua\/\">documentos de viagem para os EUA<\/a>.<\/p>\n\n<p>A autoriza\u00e7\u00e3o <a href=\"https:\/\/usa-gv.com\/pt-pt\/esta-visto-eua\/\">ESTA n\u00e3o \u00e9 um visto para os EUA<\/a>; \u00e9 um <strong>documento de viagem essencial<\/strong> para os cidad\u00e3os dos pa\u00edses membros do <a href=\"https:\/\/usa-gv.com\/pt-pt\/visa-waiver-program-eua\/\">Programa de Isen\u00e7\u00e3o de Vistos<\/a> que pretendam viajar para os EUA sem visto.<\/p>\n\n<h2 class=\"wp-block-heading\">Como \u00e9 que imprimo a minha autoriza\u00e7\u00e3o de viagem ESTA?<\/h2>\n\n<p>Quando o pedido ESTA \u00e9 aprovado, o titular do ESTA pode optar por :<\/p>\n\n<ul class=\"wp-block-list\">\n<li>Descarregar o certificado ESTA<\/li>\n\n\n\n<li>imprimir o certificado ESTA<\/li>\n<\/ul>\n\n<div style=\"height:12px\" aria-hidden=\"true\" class=\"wp-block-spacer\"><\/div>\n\n<p>O certificado apresentado no ecr\u00e3 do viajante cont\u00e9m igualmente o recibo de <a href=\"https:\/\/usa-gv.com\/pt-pt\/como-pagar-um-esta\/\">pagamento ESTA<\/a>. Quando o certificado ESTA \u00e9 impresso, indica o <a href=\"https:\/\/usa-gv.com\/pt-pt\/preco-esta-eua\/\">pre\u00e7o pago pelo ESTA<\/a> com cart\u00e3o de cr\u00e9dito.<\/p>\n\n<h2 class=\"wp-block-heading\">Imagem de uma autoriza\u00e7\u00e3o ESTA impressa em portugu\u00eas<\/h2>\n\n<p>Aqui est\u00e1 uma imagem de uma autoriza\u00e7\u00e3o ESTA aprovada que pode ser impressa.\nEnumera as principais informa\u00e7\u00f5es necess\u00e1rias para obter autoriza\u00e7\u00e3o para viajar para os Estados Unidos. <\/p>\n\n<figure class=\"wp-block-image size-large\"><img decoding=\"async\" src=\"https:\/\/usa-gv.com\/wp-content\/uploads\/2024\/04\/imprimir-esta-PT-1024x568.jpg\" alt=\"Autoriza&#xE7;&#xE3;o aprovada para descarregar ou imprimir\" class=\"wp-image-3660\"\/><figcaption class=\"wp-element-caption\">Captura de ecr\u00e3 imprim\u00edvel de uma autoriza\u00e7\u00e3o ESTA aprovada<\/figcaption><\/figure>\n","protected":false},"excerpt":{"rendered":"<p>Imprimir o seu ESTA antes de chegar aos EUA O procedimento para obter a autoriza\u00e7\u00e3o ESTA \u00e9 efectuado inteiramente em linha. Uma vez aprovado o pedido ESTA, os viajantes perguntam-se frequentemente se devem imprimi-lo e apresent\u00e1-lo \u00e0 alf\u00e2ndega dos EUA quando chegam aos Estados Unidos. Para solicitar uma autoriza\u00e7\u00e3o de viagem, basta clicar no formul\u00e1rio [&hellip;]<\/p>\n","protected":false},"author":1,"featured_media":0,"parent":0,"menu_order":0,"comment_status":"closed","ping_status":"closed","template":"","meta":{"footnotes":""},"class_list":["post-2527","page","type-page","status-publish","hentry"],"yoast_head":"<!-- This site is optimized with the Yoast SEO plugin v26.6 - https:\/\/yoast.com\/wordpress\/plugins\/seo\/ -->\n<title>Imprimir o seu ESTA para o aeroporto - USA-GV.COM<\/title>\n<meta name=\"description\" content=\"Preciso de imprimir o meu certificado ESTA em papel antes de ir para o aeroporto e embarcar no meu voo para os Estados Unidos?\" \/>\n<meta name=\"robots\" content=\"index, follow, max-snippet:-1, max-image-preview:large, max-video-preview:-1\" \/>\n<link rel=\"canonical\" href=\"https:\/\/usa-gv.com\/pt-pt\/imprimir-esta\/\" \/>\n<meta property=\"og:locale\" content=\"pt_PT\" \/>\n<meta property=\"og:type\" content=\"article\" \/>\n<meta property=\"og:title\" content=\"Imprimir o seu ESTA para o aeroporto - USA-GV.COM\" \/>\n<meta property=\"og:description\" content=\"Preciso de imprimir o meu certificado ESTA em papel antes de ir para o aeroporto e embarcar no meu voo para os Estados Unidos?\" \/>\n<meta property=\"og:url\" content=\"https:\/\/usa-gv.com\/pt-pt\/imprimir-esta\/\" \/>\n<meta property=\"og:site_name\" content=\"USA-GV.COM\" \/>\n<meta property=\"article:modified_time\" content=\"2025-02-25T11:50:40+00:00\" \/>\n<meta property=\"og:image\" content=\"https:\/\/usa-gv.com\/wp-content\/uploads\/2024\/04\/imprimir-esta-PT-1024x568.jpg\" \/>\n<meta name=\"twitter:card\" content=\"summary_large_image\" \/>\n<meta name=\"twitter:label1\" content=\"Tempo estimado de leitura\" \/>\n\t<meta name=\"twitter:data1\" content=\"1 minuto\" \/>\n<script type=\"application\/ld+json\" class=\"yoast-schema-graph\">{\"@context\":\"https:\/\/schema.org\",\"@graph\":[{\"@type\":\"WebPage\",\"@id\":\"https:\/\/usa-gv.com\/pt-pt\/imprimir-esta\/\",\"url\":\"https:\/\/usa-gv.com\/pt-pt\/imprimir-esta\/\",\"name\":\"Imprimir o seu ESTA para o aeroporto - USA-GV.COM\",\"isPartOf\":{\"@id\":\"https:\/\/usa-gv.com\/pt-pt\/#website\"},\"primaryImageOfPage\":{\"@id\":\"https:\/\/usa-gv.com\/pt-pt\/imprimir-esta\/#primaryimage\"},\"image\":{\"@id\":\"https:\/\/usa-gv.com\/pt-pt\/imprimir-esta\/#primaryimage\"},\"thumbnailUrl\":\"https:\/\/usa-gv.com\/wp-content\/uploads\/2024\/04\/imprimir-esta-PT-1024x568.jpg\",\"datePublished\":\"2024-03-12T18:53:43+00:00\",\"dateModified\":\"2025-02-25T11:50:40+00:00\",\"description\":\"Preciso de imprimir o meu certificado ESTA em papel antes de ir para o aeroporto e embarcar no meu voo para os Estados Unidos?\",\"breadcrumb\":{\"@id\":\"https:\/\/usa-gv.com\/pt-pt\/imprimir-esta\/#breadcrumb\"},\"inLanguage\":\"pt-PT\",\"potentialAction\":[{\"@type\":\"ReadAction\",\"target\":[\"https:\/\/usa-gv.com\/pt-pt\/imprimir-esta\/\"]}]},{\"@type\":\"ImageObject\",\"inLanguage\":\"pt-PT\",\"@id\":\"https:\/\/usa-gv.com\/pt-pt\/imprimir-esta\/#primaryimage\",\"url\":\"https:\/\/usa-gv.com\/wp-content\/uploads\/2024\/04\/imprimir-esta-PT-1024x568.jpg\",\"contentUrl\":\"https:\/\/usa-gv.com\/wp-content\/uploads\/2024\/04\/imprimir-esta-PT-1024x568.jpg\"},{\"@type\":\"BreadcrumbList\",\"@id\":\"https:\/\/usa-gv.com\/pt-pt\/imprimir-esta\/#breadcrumb\",\"itemListElement\":[{\"@type\":\"ListItem\",\"position\":1,\"name\":\"Home\",\"item\":\"https:\/\/usa-gv.com\/pt-pt\/guia-de-viagem-dos-eua\/\"},{\"@type\":\"ListItem\",\"position\":2,\"name\":\"Imprimir o seu ESTA para o aeroporto\"}]},{\"@type\":\"WebSite\",\"@id\":\"https:\/\/usa-gv.com\/pt-pt\/#website\",\"url\":\"https:\/\/usa-gv.com\/pt-pt\/\",\"name\":\"USA-GV.COM\",\"description\":\"\",\"potentialAction\":[{\"@type\":\"SearchAction\",\"target\":{\"@type\":\"EntryPoint\",\"urlTemplate\":\"https:\/\/usa-gv.com\/pt-pt\/?s={search_term_string}\"},\"query-input\":{\"@type\":\"PropertyValueSpecification\",\"valueRequired\":true,\"valueName\":\"search_term_string\"}}],\"inLanguage\":\"pt-PT\"}]}<\/script>\n<!-- \/ Yoast SEO plugin. -->","yoast_head_json":{"title":"Imprimir o seu ESTA para o aeroporto - USA-GV.COM","description":"Preciso de imprimir o meu certificado ESTA em papel antes de ir para o aeroporto e embarcar no meu voo para os Estados Unidos?","robots":{"index":"index","follow":"follow","max-snippet":"max-snippet:-1","max-image-preview":"max-image-preview:large","max-video-preview":"max-video-preview:-1"},"canonical":"https:\/\/usa-gv.com\/pt-pt\/imprimir-esta\/","og_locale":"pt_PT","og_type":"article","og_title":"Imprimir o seu ESTA para o aeroporto - USA-GV.COM","og_description":"Preciso de imprimir o meu certificado ESTA em papel antes de ir para o aeroporto e embarcar no meu voo para os Estados Unidos?","og_url":"https:\/\/usa-gv.com\/pt-pt\/imprimir-esta\/","og_site_name":"USA-GV.COM","article_modified_time":"2025-02-25T11:50:40+00:00","og_image":[{"url":"https:\/\/usa-gv.com\/wp-content\/uploads\/2024\/04\/imprimir-esta-PT-1024x568.jpg","type":"","width":"","height":""}],"twitter_card":"summary_large_image","twitter_misc":{"Tempo estimado de leitura":"1 minuto"},"schema":{"@context":"https:\/\/schema.org","@graph":[{"@type":"WebPage","@id":"https:\/\/usa-gv.com\/pt-pt\/imprimir-esta\/","url":"https:\/\/usa-gv.com\/pt-pt\/imprimir-esta\/","name":"Imprimir o seu ESTA para o aeroporto - USA-GV.COM","isPartOf":{"@id":"https:\/\/usa-gv.com\/pt-pt\/#website"},"primaryImageOfPage":{"@id":"https:\/\/usa-gv.com\/pt-pt\/imprimir-esta\/#primaryimage"},"image":{"@id":"https:\/\/usa-gv.com\/pt-pt\/imprimir-esta\/#primaryimage"},"thumbnailUrl":"https:\/\/usa-gv.com\/wp-content\/uploads\/2024\/04\/imprimir-esta-PT-1024x568.jpg","datePublished":"2024-03-12T18:53:43+00:00","dateModified":"2025-02-25T11:50:40+00:00","description":"Preciso de imprimir o meu certificado ESTA em papel antes de ir para o aeroporto e embarcar no meu voo para os Estados Unidos?","breadcrumb":{"@id":"https:\/\/usa-gv.com\/pt-pt\/imprimir-esta\/#breadcrumb"},"inLanguage":"pt-PT","potentialAction":[{"@type":"ReadAction","target":["https:\/\/usa-gv.com\/pt-pt\/imprimir-esta\/"]}]},{"@type":"ImageObject","inLanguage":"pt-PT","@id":"https:\/\/usa-gv.com\/pt-pt\/imprimir-esta\/#primaryimage","url":"https:\/\/usa-gv.com\/wp-content\/uploads\/2024\/04\/imprimir-esta-PT-1024x568.jpg","contentUrl":"https:\/\/usa-gv.com\/wp-content\/uploads\/2024\/04\/imprimir-esta-PT-1024x568.jpg"},{"@type":"BreadcrumbList","@id":"https:\/\/usa-gv.com\/pt-pt\/imprimir-esta\/#breadcrumb","itemListElement":[{"@type":"ListItem","position":1,"name":"Home","item":"https:\/\/usa-gv.com\/pt-pt\/guia-de-viagem-dos-eua\/"},{"@type":"ListItem","position":2,"name":"Imprimir o seu ESTA para o aeroporto"}]},{"@type":"WebSite","@id":"https:\/\/usa-gv.com\/pt-pt\/#website","url":"https:\/\/usa-gv.com\/pt-pt\/","name":"USA-GV.COM","description":"","potentialAction":[{"@type":"SearchAction","target":{"@type":"EntryPoint","urlTemplate":"https:\/\/usa-gv.com\/pt-pt\/?s={search_term_string}"},"query-input":{"@type":"PropertyValueSpecification","valueRequired":true,"valueName":"search_term_string"}}],"inLanguage":"pt-PT"}]}},"_links":{"self":[{"href":"https:\/\/usa-gv.com\/pt-pt\/wp-json\/wp\/v2\/pages\/2527","targetHints":{"allow":["GET"]}}],"collection":[{"href":"https:\/\/usa-gv.com\/pt-pt\/wp-json\/wp\/v2\/pages"}],"about":[{"href":"https:\/\/usa-gv.com\/pt-pt\/wp-json\/wp\/v2\/types\/page"}],"author":[{"embeddable":true,"href":"https:\/\/usa-gv.com\/pt-pt\/wp-json\/wp\/v2\/users\/1"}],"replies":[{"embeddable":true,"href":"https:\/\/usa-gv.com\/pt-pt\/wp-json\/wp\/v2\/comments?post=2527"}],"version-history":[{"count":1,"href":"https:\/\/usa-gv.com\/pt-pt\/wp-json\/wp\/v2\/pages\/2527\/revisions"}],"predecessor-version":[{"id":7542,"href":"https:\/\/usa-gv.com\/pt-pt\/wp-json\/wp\/v2\/pages\/2527\/revisions\/7542"}],"wp:attachment":[{"href":"https:\/\/usa-gv.com\/pt-pt\/wp-json\/wp\/v2\/media?parent=2527"}],"curies":[{"name":"wp","href":"https:\/\/api.w.org\/{rel}","templated":true}]}}