{"id":2412,"date":"2024-03-11T21:27:16","date_gmt":"2024-03-11T21:27:16","guid":{"rendered":"https:\/\/usa-gv.com\/formulario-esta-em-linha\/"},"modified":"2025-02-25T11:50:24","modified_gmt":"2025-02-25T11:50:24","slug":"formulario-esta-em-linha","status":"publish","type":"page","link":"https:\/\/usa-gv.com\/pt-pt\/formulario-esta-em-linha\/","title":{"rendered":"Formul\u00e1rio de pedido ESTA em linha"},"content":{"rendered":"\t\t<div data-elementor-type=\"wp-page\" data-elementor-id=\"2412\" class=\"elementor elementor-2412 elementor-2197\" data-elementor-post-type=\"page\">\n\t\t\t\t\t\t<section class=\"elementor-section elementor-top-section elementor-element elementor-element-31254f0 elementor-section-boxed elementor-section-height-default elementor-section-height-default\" data-id=\"31254f0\" data-element_type=\"section\">\n\t\t\t\t\t\t<div class=\"elementor-container elementor-column-gap-default\">\n\t\t\t\t\t<div class=\"elementor-column elementor-col-100 elementor-top-column elementor-element elementor-element-6d4d5ef\" data-id=\"6d4d5ef\" data-element_type=\"column\">\n\t\t\t<div class=\"elementor-widget-wrap elementor-element-populated\">\n\t\t\t\t\t\t<div class=\"elementor-element elementor-element-00397ac elementor-widget elementor-widget-spacer\" data-id=\"00397ac\" data-element_type=\"widget\" data-widget_type=\"spacer.default\">\n\t\t\t\t<div class=\"elementor-widget-container\">\n\t\t\t\t\t\t\t<div class=\"elementor-spacer\">\n\t\t\t<div class=\"elementor-spacer-inner\"><\/div>\n\t\t<\/div>\n\t\t\t\t\t\t<\/div>\n\t\t\t\t<\/div>\n\t\t\t\t\t<\/div>\n\t\t<\/div>\n\t\t\t\t\t<\/div>\n\t\t<\/section>\n\t\t\t\t<section class=\"elementor-section elementor-top-section elementor-element elementor-element-ba64e19 elementor-section-boxed elementor-section-height-default elementor-section-height-default\" data-id=\"ba64e19\" data-element_type=\"section\">\n\t\t\t\t\t\t<div class=\"elementor-container elementor-column-gap-default\">\n\t\t\t\t\t<div class=\"elementor-column elementor-col-100 elementor-top-column elementor-element elementor-element-3a6bfcf\" data-id=\"3a6bfcf\" data-element_type=\"column\">\n\t\t\t<div class=\"elementor-widget-wrap elementor-element-populated\">\n\t\t\t\t\t\t<div class=\"elementor-element elementor-element-9f54b60 elementor-widget elementor-widget-heading\" data-id=\"9f54b60\" data-element_type=\"widget\" data-widget_type=\"heading.default\">\n\t\t\t\t<div class=\"elementor-widget-container\">\n\t\t\t\t\t<h1 class=\"elementor-heading-title elementor-size-default\">Preenchimento do formul\u00e1rio ESTA<\/h1>\t\t\t\t<\/div>\n\t\t\t\t<\/div>\n\t\t\t\t\t<\/div>\n\t\t<\/div>\n\t\t\t\t\t<\/div>\n\t\t<\/section>\n\t\t\t\t<section class=\"elementor-section elementor-top-section elementor-element elementor-element-3323a1c elementor-section-boxed elementor-section-height-default elementor-section-height-default\" data-id=\"3323a1c\" data-element_type=\"section\">\n\t\t\t\t\t\t<div class=\"elementor-container elementor-column-gap-default\">\n\t\t\t\t\t<div class=\"elementor-column elementor-col-100 elementor-top-column elementor-element elementor-element-cf3ec87\" data-id=\"cf3ec87\" data-element_type=\"column\">\n\t\t\t<div class=\"elementor-widget-wrap elementor-element-populated\">\n\t\t\t\t\t\t<div class=\"elementor-element elementor-element-9eca5e9 elementor-widget elementor-widget-text-editor\" data-id=\"9eca5e9\" data-element_type=\"widget\" data-widget_type=\"text-editor.default\">\n\t\t\t\t<div class=\"elementor-widget-container\">\n\t\t\t\t\t\t\t\t\t<p>O formul\u00e1rio de pedido de autoriza\u00e7\u00e3o de viagem ESTA pode ser preenchido diretamente em linha.<br \/>\nO procedimento em linha \u00e9 r\u00e1pido e f\u00e1cil.<br \/>\nO processo inform\u00e1tico permite o tratamento imediato dos pedidos.  <\/p>\n\t\t\t\t\t\t\t\t<\/div>\n\t\t\t\t<\/div>\n\t\t\t\t\t<\/div>\n\t\t<\/div>\n\t\t\t\t\t<\/div>\n\t\t<\/section>\n\t\t\t\t<section class=\"elementor-section elementor-top-section elementor-element elementor-element-10b213f6 elementor-section-boxed elementor-section-height-default elementor-section-height-default\" data-id=\"10b213f6\" data-element_type=\"section\">\n\t\t\t\t\t\t<div class=\"elementor-container elementor-column-gap-default\">\n\t\t\t\t\t<div class=\"elementor-column elementor-col-100 elementor-top-column elementor-element elementor-element-2f6790ff\" data-id=\"2f6790ff\" data-element_type=\"column\">\n\t\t\t<div class=\"elementor-widget-wrap elementor-element-populated\">\n\t\t\t\t\t\t<div class=\"elementor-element elementor-element-532786cd elementor-widget elementor-widget-text-editor\" data-id=\"532786cd\" data-element_type=\"widget\" data-widget_type=\"text-editor.default\">\n\t\t\t\t<div class=\"elementor-widget-container\">\n\t\t\t\t\t\t\t\t\t<p><span style=\"text-decoration: underline;\">Importante<\/span>: Como parte do pedido ESTA em linha, os requerentes devem carregar o seu passaporte para validar a sua identidade aquando do preenchimento do formul\u00e1rio.<\/p>\n\t\t\t\t\t\t\t\t<\/div>\n\t\t\t\t<\/div>\n\t\t\t\t\t<\/div>\n\t\t<\/div>\n\t\t\t\t\t<\/div>\n\t\t<\/section>\n\t\t\t\t<section class=\"elementor-section elementor-top-section elementor-element elementor-element-82b1396 elementor-section-boxed elementor-section-height-default elementor-section-height-default\" data-id=\"82b1396\" data-element_type=\"section\">\n\t\t\t\t\t\t<div class=\"elementor-container elementor-column-gap-default\">\n\t\t\t\t\t<div class=\"elementor-column elementor-col-100 elementor-top-column elementor-element elementor-element-e5718a7\" data-id=\"e5718a7\" data-element_type=\"column\">\n\t\t\t<div class=\"elementor-widget-wrap elementor-element-populated\">\n\t\t\t\t\t\t<div class=\"elementor-element elementor-element-5dc1667 elementor-widget elementor-widget-text-editor\" data-id=\"5dc1667\" data-element_type=\"widget\" data-widget_type=\"text-editor.default\">\n\t\t\t\t<div class=\"elementor-widget-container\">\n\t\t\t\t\t\t\t\t\t<p>As <a href=\"https:\/\/usa-gv.com\/pt-pt\/perguntas-do-formulario-esta\/\">perguntas do formul\u00e1rio ESTA<\/a> est\u00e3o agrupadas em quatro rubricas:<\/p>\n<ul>\n<li>Dados do <a href=\"https:\/\/usa-gv.com\/pt-pt\/passaporte-para-os-eua\/\">passaporte que cumpram os requisitos dos EUA<\/a> e a identidade completa do requerente;<\/li>\n<li>Informa\u00e7\u00f5es sobre como viajar para os Estados Unidos;<\/li>\n<li>Perguntas sobre o registo m\u00e9dico e criminal do candidato;<\/li>\n<li>Perguntas sobre a eventual recusa de visto ou o seu envolvimento em actividades terroristas.<\/li>\n<\/ul>\t\t\t\t\t\t\t\t<\/div>\n\t\t\t\t<\/div>\n\t\t\t\t\t<\/div>\n\t\t<\/div>\n\t\t\t\t\t<\/div>\n\t\t<\/section>\n\t\t\t\t<section class=\"elementor-section elementor-top-section elementor-element elementor-element-a0394c2 elementor-section-boxed elementor-section-height-default elementor-section-height-default\" data-id=\"a0394c2\" data-element_type=\"section\">\n\t\t\t\t\t\t<div class=\"elementor-container elementor-column-gap-default\">\n\t\t\t\t\t<div class=\"elementor-column elementor-col-100 elementor-top-column elementor-element elementor-element-28612e6\" data-id=\"28612e6\" data-element_type=\"column\">\n\t\t\t<div class=\"elementor-widget-wrap elementor-element-populated\">\n\t\t\t\t\t\t<div class=\"elementor-element elementor-element-cf95e67 elementor-widget elementor-widget-spacer\" data-id=\"cf95e67\" data-element_type=\"widget\" data-widget_type=\"spacer.default\">\n\t\t\t\t<div class=\"elementor-widget-container\">\n\t\t\t\t\t\t\t<div class=\"elementor-spacer\">\n\t\t\t<div class=\"elementor-spacer-inner\"><\/div>\n\t\t<\/div>\n\t\t\t\t\t\t<\/div>\n\t\t\t\t<\/div>\n\t\t\t\t\t<\/div>\n\t\t<\/div>\n\t\t\t\t\t<\/div>\n\t\t<\/section>\n\t\t\t\t<section class=\"elementor-section elementor-top-section elementor-element elementor-element-650ceda elementor-section-boxed elementor-section-height-default elementor-section-height-default\" data-id=\"650ceda\" data-element_type=\"section\">\n\t\t\t\t\t\t<div class=\"elementor-container elementor-column-gap-default\">\n\t\t\t\t\t<div class=\"elementor-column elementor-col-100 elementor-top-column elementor-element elementor-element-6e9ed8c\" data-id=\"6e9ed8c\" data-element_type=\"column\">\n\t\t\t<div class=\"elementor-widget-wrap elementor-element-populated\">\n\t\t\t\t\t\t<div class=\"elementor-element elementor-element-7f0854e elementor-widget elementor-widget-text-editor\" data-id=\"7f0854e\" data-element_type=\"widget\" data-widget_type=\"text-editor.default\">\n\t\t\t\t<div class=\"elementor-widget-container\">\n\t\t\t\t\t\t\t\t\t<h2>Prazos para obter a autoriza\u00e7\u00e3o ESTA<\/h2>\n<p>O processamento do pedido come\u00e7a quando o requerente <a href=\"https:\/\/usa-gv.com\/pt-pt\/como-pagar-um-esta\/\">paga a taxa ESTA<\/a>. O processamento inform\u00e1tico significa que a maioria dos candidatos recebe uma resposta em poucos minutos.<\/p>\n<p>Os <a href=\"https:\/\/usa-gv.com\/pt-pt\/prazos-obtencao-esta\/\">prazos para obten\u00e7\u00e3o do ESTA<\/a> podem em certos casos ser mais longos. Nalguns casos, a valida\u00e7\u00e3o do pedido exige um tratamento humano. A <a href=\"https:\/\/usa-gv.com\/pt-pt\/pedido-esta-pendente\/\">situa\u00e7\u00e3o pendente do ESTA<\/a> pode levar at\u00e9 3 dias para obter uma resposta definitiva.<\/p>\n<p>Uma vez concedida a autoriza\u00e7\u00e3o, n\u00e3o \u00e9 necess\u00e1rio <a href=\"https:\/\/usa-gv.com\/pt-pt\/imprimir-esta\/\">imprimir o certificado ESTA<\/a>. As companhias a\u00e9reas s\u00f3 podem imprimir o cart\u00e3o de embarque de um passageiro para os EUA se o ESTA tiver sido validado eletronicamente no sistema inform\u00e1tico.<\/p>\t\t\t\t\t\t\t\t<\/div>\n\t\t\t\t<\/div>\n\t\t\t\t\t<\/div>\n\t\t<\/div>\n\t\t\t\t\t<\/div>\n\t\t<\/section>\n\t\t\t\t<\/div>\n\t\t","protected":false},"excerpt":{"rendered":"<p>Preenchimento do formul\u00e1rio ESTA O formul\u00e1rio de pedido de autoriza\u00e7\u00e3o de viagem ESTA pode ser preenchido diretamente em linha. O procedimento em linha \u00e9 r\u00e1pido e f\u00e1cil. O processo inform\u00e1tico permite o tratamento imediato dos pedidos. Importante: Como parte do pedido ESTA em linha, os requerentes devem carregar o seu passaporte para validar a sua [&hellip;]<\/p>\n","protected":false},"author":1,"featured_media":0,"parent":0,"menu_order":0,"comment_status":"closed","ping_status":"closed","template":"","meta":{"footnotes":""},"class_list":["post-2412","page","type-page","status-publish","hentry"],"yoast_head":"<!-- This site is optimized with the Yoast SEO plugin v26.6 - https:\/\/yoast.com\/wordpress\/plugins\/seo\/ -->\n<title>Formul\u00e1rio de pedido ESTA em linha - USA-GV.COM<\/title>\n<meta name=\"description\" content=\"Preencha o formul\u00e1rio ESTA em linha em apenas alguns minutos para obter autoriza\u00e7\u00e3o para viajar para os Estados Unidos sem visto.\" \/>\n<meta name=\"robots\" content=\"index, follow, max-snippet:-1, max-image-preview:large, max-video-preview:-1\" \/>\n<link rel=\"canonical\" href=\"https:\/\/usa-gv.com\/pt-pt\/formulario-esta-em-linha\/\" \/>\n<meta property=\"og:locale\" content=\"pt_PT\" \/>\n<meta property=\"og:type\" content=\"article\" \/>\n<meta property=\"og:title\" content=\"Formul\u00e1rio de pedido ESTA em linha - USA-GV.COM\" \/>\n<meta property=\"og:description\" content=\"Preencha o formul\u00e1rio ESTA em linha em apenas alguns minutos para obter autoriza\u00e7\u00e3o para viajar para os Estados Unidos sem visto.\" \/>\n<meta property=\"og:url\" content=\"https:\/\/usa-gv.com\/pt-pt\/formulario-esta-em-linha\/\" \/>\n<meta property=\"og:site_name\" content=\"USA-GV.COM\" \/>\n<meta property=\"article:modified_time\" content=\"2025-02-25T11:50:24+00:00\" \/>\n<meta name=\"twitter:card\" content=\"summary_large_image\" \/>\n<meta name=\"twitter:label1\" content=\"Tempo estimado de leitura\" \/>\n\t<meta name=\"twitter:data1\" content=\"1 minuto\" \/>\n<script type=\"application\/ld+json\" class=\"yoast-schema-graph\">{\"@context\":\"https:\/\/schema.org\",\"@graph\":[{\"@type\":\"WebPage\",\"@id\":\"https:\/\/usa-gv.com\/pt-pt\/formulario-esta-em-linha\/\",\"url\":\"https:\/\/usa-gv.com\/pt-pt\/formulario-esta-em-linha\/\",\"name\":\"Formul\u00e1rio de pedido ESTA em linha - USA-GV.COM\",\"isPartOf\":{\"@id\":\"https:\/\/usa-gv.com\/pt-pt\/#website\"},\"datePublished\":\"2024-03-11T21:27:16+00:00\",\"dateModified\":\"2025-02-25T11:50:24+00:00\",\"description\":\"Preencha o formul\u00e1rio ESTA em linha em apenas alguns minutos para obter autoriza\u00e7\u00e3o para viajar para os Estados Unidos sem visto.\",\"breadcrumb\":{\"@id\":\"https:\/\/usa-gv.com\/pt-pt\/formulario-esta-em-linha\/#breadcrumb\"},\"inLanguage\":\"pt-PT\",\"potentialAction\":[{\"@type\":\"ReadAction\",\"target\":[\"https:\/\/usa-gv.com\/pt-pt\/formulario-esta-em-linha\/\"]}]},{\"@type\":\"BreadcrumbList\",\"@id\":\"https:\/\/usa-gv.com\/pt-pt\/formulario-esta-em-linha\/#breadcrumb\",\"itemListElement\":[{\"@type\":\"ListItem\",\"position\":1,\"name\":\"Home\",\"item\":\"https:\/\/usa-gv.com\/pt-pt\/guia-de-viagem-dos-eua\/\"},{\"@type\":\"ListItem\",\"position\":2,\"name\":\"Formul\u00e1rio de pedido ESTA em linha\"}]},{\"@type\":\"WebSite\",\"@id\":\"https:\/\/usa-gv.com\/pt-pt\/#website\",\"url\":\"https:\/\/usa-gv.com\/pt-pt\/\",\"name\":\"USA-GV.COM\",\"description\":\"\",\"potentialAction\":[{\"@type\":\"SearchAction\",\"target\":{\"@type\":\"EntryPoint\",\"urlTemplate\":\"https:\/\/usa-gv.com\/pt-pt\/?s={search_term_string}\"},\"query-input\":{\"@type\":\"PropertyValueSpecification\",\"valueRequired\":true,\"valueName\":\"search_term_string\"}}],\"inLanguage\":\"pt-PT\"}]}<\/script>\n<!-- \/ Yoast SEO plugin. -->","yoast_head_json":{"title":"Formul\u00e1rio de pedido ESTA em linha - USA-GV.COM","description":"Preencha o formul\u00e1rio ESTA em linha em apenas alguns minutos para obter autoriza\u00e7\u00e3o para viajar para os Estados Unidos sem visto.","robots":{"index":"index","follow":"follow","max-snippet":"max-snippet:-1","max-image-preview":"max-image-preview:large","max-video-preview":"max-video-preview:-1"},"canonical":"https:\/\/usa-gv.com\/pt-pt\/formulario-esta-em-linha\/","og_locale":"pt_PT","og_type":"article","og_title":"Formul\u00e1rio de pedido ESTA em linha - USA-GV.COM","og_description":"Preencha o formul\u00e1rio ESTA em linha em apenas alguns minutos para obter autoriza\u00e7\u00e3o para viajar para os Estados Unidos sem visto.","og_url":"https:\/\/usa-gv.com\/pt-pt\/formulario-esta-em-linha\/","og_site_name":"USA-GV.COM","article_modified_time":"2025-02-25T11:50:24+00:00","twitter_card":"summary_large_image","twitter_misc":{"Tempo estimado de leitura":"1 minuto"},"schema":{"@context":"https:\/\/schema.org","@graph":[{"@type":"WebPage","@id":"https:\/\/usa-gv.com\/pt-pt\/formulario-esta-em-linha\/","url":"https:\/\/usa-gv.com\/pt-pt\/formulario-esta-em-linha\/","name":"Formul\u00e1rio de pedido ESTA em linha - USA-GV.COM","isPartOf":{"@id":"https:\/\/usa-gv.com\/pt-pt\/#website"},"datePublished":"2024-03-11T21:27:16+00:00","dateModified":"2025-02-25T11:50:24+00:00","description":"Preencha o formul\u00e1rio ESTA em linha em apenas alguns minutos para obter autoriza\u00e7\u00e3o para viajar para os Estados Unidos sem visto.","breadcrumb":{"@id":"https:\/\/usa-gv.com\/pt-pt\/formulario-esta-em-linha\/#breadcrumb"},"inLanguage":"pt-PT","potentialAction":[{"@type":"ReadAction","target":["https:\/\/usa-gv.com\/pt-pt\/formulario-esta-em-linha\/"]}]},{"@type":"BreadcrumbList","@id":"https:\/\/usa-gv.com\/pt-pt\/formulario-esta-em-linha\/#breadcrumb","itemListElement":[{"@type":"ListItem","position":1,"name":"Home","item":"https:\/\/usa-gv.com\/pt-pt\/guia-de-viagem-dos-eua\/"},{"@type":"ListItem","position":2,"name":"Formul\u00e1rio de pedido ESTA em linha"}]},{"@type":"WebSite","@id":"https:\/\/usa-gv.com\/pt-pt\/#website","url":"https:\/\/usa-gv.com\/pt-pt\/","name":"USA-GV.COM","description":"","potentialAction":[{"@type":"SearchAction","target":{"@type":"EntryPoint","urlTemplate":"https:\/\/usa-gv.com\/pt-pt\/?s={search_term_string}"},"query-input":{"@type":"PropertyValueSpecification","valueRequired":true,"valueName":"search_term_string"}}],"inLanguage":"pt-PT"}]}},"_links":{"self":[{"href":"https:\/\/usa-gv.com\/pt-pt\/wp-json\/wp\/v2\/pages\/2412","targetHints":{"allow":["GET"]}}],"collection":[{"href":"https:\/\/usa-gv.com\/pt-pt\/wp-json\/wp\/v2\/pages"}],"about":[{"href":"https:\/\/usa-gv.com\/pt-pt\/wp-json\/wp\/v2\/types\/page"}],"author":[{"embeddable":true,"href":"https:\/\/usa-gv.com\/pt-pt\/wp-json\/wp\/v2\/users\/1"}],"replies":[{"embeddable":true,"href":"https:\/\/usa-gv.com\/pt-pt\/wp-json\/wp\/v2\/comments?post=2412"}],"version-history":[{"count":2,"href":"https:\/\/usa-gv.com\/pt-pt\/wp-json\/wp\/v2\/pages\/2412\/revisions"}],"predecessor-version":[{"id":7401,"href":"https:\/\/usa-gv.com\/pt-pt\/wp-json\/wp\/v2\/pages\/2412\/revisions\/7401"}],"wp:attachment":[{"href":"https:\/\/usa-gv.com\/pt-pt\/wp-json\/wp\/v2\/media?parent=2412"}],"curies":[{"name":"wp","href":"https:\/\/api.w.org\/{rel}","templated":true}]}}