{"id":2343,"date":"2020-01-31T17:54:31","date_gmt":"2020-01-31T17:54:31","guid":{"rendered":"https:\/\/usa-gv.com\/esta\/"},"modified":"2025-02-25T11:50:16","modified_gmt":"2025-02-25T11:50:16","slug":"formalidades-usa","status":"publish","type":"page","link":"https:\/\/usa-gv.com\/pt-pt\/formalidades-usa\/","title":{"rendered":"Formalidades de viagem nos EUA"},"content":{"rendered":"\n<h1 class=\"wp-block-heading\">Formalidades necess\u00e1rias antes de entrares nos Estados Unidos<\/h1>\n\n<p>O Departamento de Seguran\u00e7a Interna dos Estados Unidos criou um sistema inform\u00e1tico para refor\u00e7ar a seguran\u00e7a nacional e facilitar as estadias de curta dura\u00e7\u00e3o dos cidad\u00e3os estrangeiros.\nEsta plataforma avalia os riscos associados aos viajantes antes da sua chegada aos Estados Unidos.\nOs viajantes preenchem um formul\u00e1rio em linha antes da sua partida para obterem um Sistema Eletr\u00f3nico de Autoriza\u00e7\u00e3o de Viagem (ESTA).    <\/p>\n\n<p><strong>A autoriza\u00e7\u00e3o ESTA pode ser obtida em apenas alguns minutos<\/strong> atrav\u00e9s do preenchimento do <a href=\"https:\/\/usa-gv.com\/pt-pt\/formulario-esta-em-linha\/\">formul\u00e1rio ESTA em linha<\/a>.<\/p>\n\n<div style=\"height:10px\" aria-hidden=\"true\" class=\"wp-block-spacer\"><\/div>\n\n<p>Os Estados Unidos introduziram este <a href=\"https:\/\/usa-gv.com\/pt-pt\/o-que-e-uma-autorizacao-esta\/\">sistema de autoriza\u00e7\u00e3o pr\u00e9via de viagem<\/a> por tr\u00eas raz\u00f5es principais:<\/p>\n\n<ol class=\"wp-block-list\">\n<li><strong>Refor\u00e7ar a seguran\u00e7a nacional<\/strong>: o ESTA permite \u00e0s autoridades americanas controlar e vigiar melhor os viajantes que se dirigem aos Estados Unidos sem visto, solicitando informa\u00e7\u00f5es pessoais e efectuando controlos de seguran\u00e7a antes da chegada.<\/li>\n\n\n\n<li><strong>Facilitar as viagens<\/strong>: Para os viajantes dos pa\u00edses eleg\u00edveis, o ESTA simplifica o processo de pedido em compara\u00e7\u00e3o com a obten\u00e7\u00e3o de um visto tradicional.\nDesta forma, torna-se mais f\u00e1cil viajar para os Estados Unidos para fins de turismo, neg\u00f3cios ou tr\u00e2nsito de curta dura\u00e7\u00e3o. <\/li>\n\n\n\n<li><strong>Reduzir o processamento em papel<\/strong>: ao automatizar parte do processo de verifica\u00e7\u00e3o e de pedido, o ESTA reduz a carga administrativa para os viajantes e para as autoridades de imigra\u00e7\u00e3o competentes.<\/li>\n<\/ol>\n\n<p>Consulte a nossa p\u00e1gina para <a href=\"https:\/\/usa-gv.com\/pt-pt\/utilitario-esta\/\">saber para que serve o ESTA<\/a>. <\/p>\n\n<div style=\"height:10px\" aria-hidden=\"true\" class=\"wp-block-spacer\"><\/div>\n\n<h2 class=\"wp-block-heading\">ESTA como parte do Programa de Isen\u00e7\u00e3o de Vistos dos EUA<\/h2>\n\n<p>O ESTA faz parte do <a href=\"https:\/\/usa-gv.com\/pt-pt\/visa-waiver-program-eua\/\">Programa de Isen\u00e7\u00e3o de Vistos<\/a>. Este programa americano de isen\u00e7\u00e3o de vistos permite que os nacionais de determinados pa\u00edses viajem para os Estados Unidos sem visto para efeitos de turismo, neg\u00f3cios ou tr\u00e2nsito de curta dura\u00e7\u00e3o. Os pa\u00edses membros do Programa de Isen\u00e7\u00e3o de Vistos est\u00e3o a cooperar eficazmente com os Estados Unidos na luta contra o terrorismo. Refor\u00e7am os controlos nas fronteiras e permitem a aplica\u00e7\u00e3o das leis de seguran\u00e7a nacional dos EUA.<\/p>\n\n<h2 class=\"wp-block-heading\">Pedido de autoriza\u00e7\u00e3o ESTA<\/h2>\n\n<p>Nem todos os viajantes podem <a href=\"https:\/\/usa-gv.com\/pt-pt\/como-obter-esta\/\">obter um ESTA<\/a>. Os viajantes que pretendam candidatar-se devem primeiro verificar se cumprem os <a href=\"https:\/\/usa-gv.com\/pt-pt\/regras-de-elegibilidade-para-esta\/\">requisitos de elegibilidade do ESTA<\/a>. Estas condi\u00e7\u00f5es determinam quais os cidad\u00e3os dos pa\u00edses membros do VWP que podem viajar para os Estados Unidos para estadias inferiores a 90 dias sem necessitarem de um visto tradicional.  <\/p>\n\n<p>A autoriza\u00e7\u00e3o ESTA permite-te viajar para os Estados Unidos para fins de turismo ou de neg\u00f3cios. Tamb\u00e9m \u00e9 poss\u00edvel transitar <a href=\"https:\/\/usa-gv.com\/pt-pt\/esta-transito-eua\/\">pelos EUA com uma autoriza\u00e7\u00e3o ESTA<\/a>. Todos os viajantes devem ter uma autoriza\u00e7\u00e3o pessoal para viajar. Os pais devem requerer um <a href=\"https:\/\/usa-gv.com\/pt-pt\/esta-para-menores\/\">ESTA para menores<\/a> para cada crian\u00e7a, independentemente da idade.    <\/p>\n\n<p>Para <a href=\"https:\/\/usa-gv.com\/pt-pt\/como-solicitar-esta\/\">se candidatar ao ESTA<\/a>, os candidatos devem aceder ao s\u00edtio <a href=\"https:\/\/usa-gv.com\/pt-pt\/sitio-web-oficial-esta\/\">Web oficial do ESTA<\/a> e <a href=\"https:\/\/usa-gv.com\/pt-pt\/preencha-formulario-esta-online\/\">preencher o formul\u00e1rio ESTA<\/a>. O processo em linha demora apenas alguns minutos quando o requerente disp\u00f5e de todos os dados relativos \u00e0 sua viagem. As <a href=\"https:\/\/usa-gv.com\/pt-pt\/perguntas-do-formulario-esta\/\">perguntas do formul\u00e1rio ESTA<\/a> dividem-se em quatro categorias diferentes: <\/p>\n\n<ul class=\"wp-block-list\">\n<li>Dados sobre a identidade e o <a href=\"https:\/\/usa-gv.com\/pt-pt\/passaporte-para-os-eua\/\">passaporte para os EUA<\/a>;<\/li>\n\n\n\n<li>Informa\u00e7\u00f5es de viagem ;<\/li>\n\n\n\n<li>Perguntas sobre registos m\u00e9dicos e criminais<\/li>\n\n\n\n<li>E perguntas sobre o poss\u00edvel envolvimento em actividades terroristas.<\/li>\n<\/ul>\n\n<div style=\"height:10px\" aria-hidden=\"true\" class=\"wp-block-spacer\"><\/div>\n\n<p>\u00c9 importante que respondas a todas as perguntas do formul\u00e1rio ESTA com exatid\u00e3o e honestidade. Quaisquer declara\u00e7\u00f5es falsas podem resultar na <a href=\"https:\/\/usa-gv.com\/pt-pt\/pedido-esta-recusado\/\">recusa do ESTA<\/a> e at\u00e9 na proibi\u00e7\u00e3o de viajar para os Estados Unidos. <\/p>\n\n<h2 class=\"wp-block-heading\">Obter a autoriza\u00e7\u00e3o ESTA para viajar para os EUA<\/h2>\n\n<p>Para finalizar o seu pedido, os requerentes devem <a href=\"https:\/\/usa-gv.com\/pt-pt\/como-pagar-um-esta\/\">pagar o ESTA<\/a>. Apesar do que alguns viajantes pensam, n\u00e3o existe um <a href=\"https:\/\/usa-gv.com\/pt-pt\/esta-gratuita\/\">ESTA gratuito<\/a>. Nos \u00faltimos anos, o <a href=\"https:\/\/usa-gv.com\/pt-pt\/preco-esta-eua\/\">pre\u00e7o do ESTA<\/a> aumentou para cobrir os custos administrativos da gest\u00e3o do programa para o governo dos EUA. O pagamento acciona o processamento autom\u00e1tico do pedido ESTA. Na maioria dos casos, a resposta informatizada chega ao candidato por correio eletr\u00f3nico em poucos minutos.<\/p>\n\n<p>Para alguns pedidos, o <a href=\"https:\/\/usa-gv.com\/pt-pt\/pedido-esta-pendente\/\">estatuto ESTA est\u00e1 pendente<\/a>. Isto significa que o tratamento ser\u00e1 mais demorado, mas n\u00e3o significa que o pedido ser\u00e1 recusado. As <a href=\"https:\/\/www.usembassy.gov\/\">autoridades americanas<\/a> comprometem-se a respeitar um prazo m\u00e1ximo de 3 dias para que o <a href=\"https:\/\/usa-gv.com\/pt-pt\/prazos-obtencao-esta\/\">ESTA d\u00ea a sua resposta<\/a>.<\/p>\n\n<p>Uma vez concedida a autoriza\u00e7\u00e3o, o viajante pode efetuar v\u00e1rias estadias de at\u00e9 90 dias nos Estados Unidos durante o <a href=\"https:\/\/usa-gv.com\/pt-pt\/periodo-validade-esta\/\">per\u00edodo de validade do ESTA<\/a>.<\/p>\n\n<h2 class=\"wp-block-heading\">Descolagem para os Estados Unidos com autoriza\u00e7\u00e3o ESTA<\/h2>\n\n<p>Um cidad\u00e3o estrangeiro na posse de uma autoriza\u00e7\u00e3o ESTA v\u00e1lida pode embarcar para os Estados Unidos. O viajante deve estar na posse dos <a href=\"https:\/\/usa-gv.com\/pt-pt\/documentos-viagem-para-eua\/\">documentos de viagem necess\u00e1rios para os EUA<\/a>. N\u00e3o \u00e9 necess\u00e1rio <a href=\"https:\/\/usa-gv.com\/pt-pt\/imprimir-esta\/\">imprimir o ESTA<\/a> para ir para o aeroporto. O estatuto do ESTA pode ser consultado eletronicamente pelos funcion\u00e1rios aduaneiros nas fronteiras dos EUA.   <\/p>\n\n<p>Contudo, a autoriza\u00e7\u00e3o <a href=\"https:\/\/usa-gv.com\/pt-pt\/esta-visto-eua\/\">ESTA n\u00e3o \u00e9 um visto americano<\/a> e n\u00e3o garante automaticamente a admiss\u00e3o nos Estados Unidos. Os titulares de um ESTA devem passar pelo controlo fronteiri\u00e7o para entrar nos Estados Unidos.<\/p>\n\n<h2 class=\"wp-block-heading\">Durante o per\u00edodo de validade do ESTA  <\/h2>\n\n<p>A autoriza\u00e7\u00e3o ESTA \u00e9 v\u00e1lida por um per\u00edodo m\u00e1ximo de 2 anos. Sob certas condi\u00e7\u00f5es, o per\u00edodo de validade \u00e9 reduzido: por exemplo, se o passaporte utilizado para obter o ESTA j\u00e1 n\u00e3o for v\u00e1lido, ent\u00e3o o pr\u00f3prio ESTA j\u00e1 n\u00e3o \u00e9 v\u00e1lido. \u00c9 muito f\u00e1cil <a href=\"https:\/\/usa-gv.com\/pt-pt\/verifique-validade-esta\/\">verificar a situa\u00e7\u00e3o do teu ESTA<\/a> em linha no s\u00edtio <a href=\"https:\/\/usa-gv.com\/pt-pt\/sitio-web-oficial-esta\/\">Web oficial do ESTA<\/a>.   <\/p>\n\n<p>Os viajantes podem tamb\u00e9m <a href=\"https:\/\/usa-gv.com\/pt-pt\/editar-esta\/\">alterar o seu ESTA<\/a> em determinadas condi\u00e7\u00f5es. <a href=\"https:\/\/usa-gv.com\/pt-pt\/atualizacao-esta\/\">Atualizar o seu ESTA<\/a> \u00e9 muito simples. Garante que as informa\u00e7\u00f5es pessoais fornecidas aquando da obten\u00e7\u00e3o do ESTA continuam a ser v\u00e1lidas.<\/p>\n\n<p>Os viajantes n\u00e3o podem simplesmente alterar o seu passaporte ou dados de identidade online. Ter\u00e3o de <a href=\"https:\/\/usa-gv.com\/pt-pt\/esta-renovacao\/\">renovar o seu ESTA<\/a>. <\/p>\n\n<p>Uma autoriza\u00e7\u00e3o ESTA permite-te viajar para todos os Estados dos Estados Unidos. A autoriza\u00e7\u00e3o de viagem mais popular para os Estados Unidos \u00e9 uma <a href=\"https:\/\/usa-gv.com\/pt-pt\/esta-nova-iorque\/\">ESTA para Nova Iorque<\/a>. Quando querem descobrir a costa oeste americana, os turistas pedem uma <a href=\"https:\/\/usa-gv.com\/pt-pt\/esta-los-angeles\/\">ESTA para Los Angeles<\/a>. Na costa oeste americana, muitos turistas pedem uma <a href=\"https:\/\/usa-gv.com\/pt-pt\/esta-miami\/\">ESTA para Miami<\/a>. Para descobrir a capital dos Estados Unidos, os visitantes estrangeiros solicitam uma <a href=\"https:\/\/usa-gv.com\/pt-pt\/esta-washington\/\">ESTA para Washington<\/a>.    <\/p>\n\n<p><strong>Pa\u00edses fronteiri\u00e7os americanos<\/strong>: Para atravessar a fronteira com o norte dos Estados Unidos, os viajantes estrangeiros devem primeiro obter aquilo a que algumas pessoas chamam um <a href=\"https:\/\/usa-gv.com\/pt-pt\/esta-canada\/\">ESTA Canad\u00e1<\/a>. Trata-se, de facto, de uma autoriza\u00e7\u00e3o eletr\u00f3nica de viagem eTA Canad\u00e1, semelhante \u00e0 ESTA dos EUA, que \u00e9 necess\u00e1ria para entrar no Canad\u00e1 sem visto.<\/p>\n\n<h2 class=\"wp-block-heading\">Imagem do s\u00edtio Web para obter um ESTA para viajar para os Estados Unidos<\/h2>\n\n<p>Aqui est\u00e1 uma captura de ecr\u00e3 do website do Departamento de Seguran\u00e7a Interna dos EUA dedicado ao pedido de um documento de viagem ESTA para os Estados Unidos:<\/p>\n\n<figure class=\"wp-block-image aligncenter size-large\"><img decoding=\"async\" src=\"https:\/\/usa-gv.com\/wp-content\/uploads\/2024\/04\/esta-PT-1024x896.jpg\" alt=\"S&#xED;tio Web oficial do ESTA para os Estados Unidos\" class=\"wp-image-3279\"\/><figcaption class=\"wp-element-caption\">S\u00edtio Web do pedido de autoriza\u00e7\u00e3o ESTA<\/figcaption><\/figure>\n","protected":false},"excerpt":{"rendered":"<p>Formalidades necess\u00e1rias antes de entrares nos Estados Unidos O Departamento de Seguran\u00e7a Interna dos Estados Unidos criou um sistema inform\u00e1tico para refor\u00e7ar a seguran\u00e7a nacional e facilitar as estadias de curta dura\u00e7\u00e3o dos cidad\u00e3os estrangeiros. Esta plataforma avalia os riscos associados aos viajantes antes da sua chegada aos Estados Unidos. Os viajantes preenchem um formul\u00e1rio [&hellip;]<\/p>\n","protected":false},"author":1,"featured_media":0,"parent":0,"menu_order":0,"comment_status":"closed","ping_status":"closed","template":"","meta":{"footnotes":""},"class_list":["post-2343","page","type-page","status-publish","hentry"],"yoast_head":"<!-- This site is optimized with the Yoast SEO plugin v26.6 - https:\/\/yoast.com\/wordpress\/plugins\/seo\/ -->\n<title>Formalidades de viagem nos EUA - USA-GV.COM<\/title>\n<meta name=\"description\" content=\"Uma autoriza\u00e7\u00e3o eletr\u00f3nica ESTA permite a certos viajantes eleg\u00edveis permanecer nos Estados Unidos sem obter um visto.\" \/>\n<meta name=\"robots\" content=\"index, follow, max-snippet:-1, max-image-preview:large, max-video-preview:-1\" \/>\n<link rel=\"canonical\" href=\"https:\/\/usa-gv.com\/pt-pt\/formalidades-usa\/\" \/>\n<meta property=\"og:locale\" content=\"pt_PT\" \/>\n<meta property=\"og:type\" content=\"article\" \/>\n<meta property=\"og:title\" content=\"Formalidades de viagem nos EUA - USA-GV.COM\" \/>\n<meta property=\"og:description\" content=\"Uma autoriza\u00e7\u00e3o eletr\u00f3nica ESTA permite a certos viajantes eleg\u00edveis permanecer nos Estados Unidos sem obter um visto.\" \/>\n<meta property=\"og:url\" content=\"https:\/\/usa-gv.com\/pt-pt\/formalidades-usa\/\" \/>\n<meta property=\"og:site_name\" content=\"USA-GV.COM\" \/>\n<meta property=\"article:modified_time\" content=\"2025-02-25T11:50:16+00:00\" \/>\n<meta property=\"og:image\" content=\"https:\/\/usa-gv.com\/wp-content\/uploads\/2024\/04\/esta-PT-1024x896.jpg\" \/>\n<meta name=\"twitter:card\" content=\"summary_large_image\" \/>\n<meta name=\"twitter:label1\" content=\"Tempo estimado de leitura\" \/>\n\t<meta name=\"twitter:data1\" content=\"6 minutos\" \/>\n<script type=\"application\/ld+json\" class=\"yoast-schema-graph\">{\"@context\":\"https:\/\/schema.org\",\"@graph\":[{\"@type\":\"WebPage\",\"@id\":\"https:\/\/usa-gv.com\/pt-pt\/formalidades-usa\/\",\"url\":\"https:\/\/usa-gv.com\/pt-pt\/formalidades-usa\/\",\"name\":\"Formalidades de viagem nos EUA - USA-GV.COM\",\"isPartOf\":{\"@id\":\"https:\/\/usa-gv.com\/pt-pt\/#website\"},\"primaryImageOfPage\":{\"@id\":\"https:\/\/usa-gv.com\/pt-pt\/formalidades-usa\/#primaryimage\"},\"image\":{\"@id\":\"https:\/\/usa-gv.com\/pt-pt\/formalidades-usa\/#primaryimage\"},\"thumbnailUrl\":\"https:\/\/usa-gv.com\/wp-content\/uploads\/2024\/04\/esta-PT-1024x896.jpg\",\"datePublished\":\"2020-01-31T17:54:31+00:00\",\"dateModified\":\"2025-02-25T11:50:16+00:00\",\"description\":\"Uma autoriza\u00e7\u00e3o eletr\u00f3nica ESTA permite a certos viajantes eleg\u00edveis permanecer nos Estados Unidos sem obter um visto.\",\"breadcrumb\":{\"@id\":\"https:\/\/usa-gv.com\/pt-pt\/formalidades-usa\/#breadcrumb\"},\"inLanguage\":\"pt-PT\",\"potentialAction\":[{\"@type\":\"ReadAction\",\"target\":[\"https:\/\/usa-gv.com\/pt-pt\/formalidades-usa\/\"]}]},{\"@type\":\"ImageObject\",\"inLanguage\":\"pt-PT\",\"@id\":\"https:\/\/usa-gv.com\/pt-pt\/formalidades-usa\/#primaryimage\",\"url\":\"https:\/\/usa-gv.com\/wp-content\/uploads\/2024\/04\/esta-PT-1024x896.jpg\",\"contentUrl\":\"https:\/\/usa-gv.com\/wp-content\/uploads\/2024\/04\/esta-PT-1024x896.jpg\"},{\"@type\":\"BreadcrumbList\",\"@id\":\"https:\/\/usa-gv.com\/pt-pt\/formalidades-usa\/#breadcrumb\",\"itemListElement\":[{\"@type\":\"ListItem\",\"position\":1,\"name\":\"Home\",\"item\":\"https:\/\/usa-gv.com\/pt-pt\/guia-de-viagem-dos-eua\/\"},{\"@type\":\"ListItem\",\"position\":2,\"name\":\"Formalidades de viagem nos EUA\"}]},{\"@type\":\"WebSite\",\"@id\":\"https:\/\/usa-gv.com\/pt-pt\/#website\",\"url\":\"https:\/\/usa-gv.com\/pt-pt\/\",\"name\":\"USA-GV.COM\",\"description\":\"\",\"potentialAction\":[{\"@type\":\"SearchAction\",\"target\":{\"@type\":\"EntryPoint\",\"urlTemplate\":\"https:\/\/usa-gv.com\/pt-pt\/?s={search_term_string}\"},\"query-input\":{\"@type\":\"PropertyValueSpecification\",\"valueRequired\":true,\"valueName\":\"search_term_string\"}}],\"inLanguage\":\"pt-PT\"}]}<\/script>\n<!-- \/ Yoast SEO plugin. -->","yoast_head_json":{"title":"Formalidades de viagem nos EUA - USA-GV.COM","description":"Uma autoriza\u00e7\u00e3o eletr\u00f3nica ESTA permite a certos viajantes eleg\u00edveis permanecer nos Estados Unidos sem obter um visto.","robots":{"index":"index","follow":"follow","max-snippet":"max-snippet:-1","max-image-preview":"max-image-preview:large","max-video-preview":"max-video-preview:-1"},"canonical":"https:\/\/usa-gv.com\/pt-pt\/formalidades-usa\/","og_locale":"pt_PT","og_type":"article","og_title":"Formalidades de viagem nos EUA - USA-GV.COM","og_description":"Uma autoriza\u00e7\u00e3o eletr\u00f3nica ESTA permite a certos viajantes eleg\u00edveis permanecer nos Estados Unidos sem obter um visto.","og_url":"https:\/\/usa-gv.com\/pt-pt\/formalidades-usa\/","og_site_name":"USA-GV.COM","article_modified_time":"2025-02-25T11:50:16+00:00","og_image":[{"url":"https:\/\/usa-gv.com\/wp-content\/uploads\/2024\/04\/esta-PT-1024x896.jpg","type":"","width":"","height":""}],"twitter_card":"summary_large_image","twitter_misc":{"Tempo estimado de leitura":"6 minutos"},"schema":{"@context":"https:\/\/schema.org","@graph":[{"@type":"WebPage","@id":"https:\/\/usa-gv.com\/pt-pt\/formalidades-usa\/","url":"https:\/\/usa-gv.com\/pt-pt\/formalidades-usa\/","name":"Formalidades de viagem nos EUA - USA-GV.COM","isPartOf":{"@id":"https:\/\/usa-gv.com\/pt-pt\/#website"},"primaryImageOfPage":{"@id":"https:\/\/usa-gv.com\/pt-pt\/formalidades-usa\/#primaryimage"},"image":{"@id":"https:\/\/usa-gv.com\/pt-pt\/formalidades-usa\/#primaryimage"},"thumbnailUrl":"https:\/\/usa-gv.com\/wp-content\/uploads\/2024\/04\/esta-PT-1024x896.jpg","datePublished":"2020-01-31T17:54:31+00:00","dateModified":"2025-02-25T11:50:16+00:00","description":"Uma autoriza\u00e7\u00e3o eletr\u00f3nica ESTA permite a certos viajantes eleg\u00edveis permanecer nos Estados Unidos sem obter um visto.","breadcrumb":{"@id":"https:\/\/usa-gv.com\/pt-pt\/formalidades-usa\/#breadcrumb"},"inLanguage":"pt-PT","potentialAction":[{"@type":"ReadAction","target":["https:\/\/usa-gv.com\/pt-pt\/formalidades-usa\/"]}]},{"@type":"ImageObject","inLanguage":"pt-PT","@id":"https:\/\/usa-gv.com\/pt-pt\/formalidades-usa\/#primaryimage","url":"https:\/\/usa-gv.com\/wp-content\/uploads\/2024\/04\/esta-PT-1024x896.jpg","contentUrl":"https:\/\/usa-gv.com\/wp-content\/uploads\/2024\/04\/esta-PT-1024x896.jpg"},{"@type":"BreadcrumbList","@id":"https:\/\/usa-gv.com\/pt-pt\/formalidades-usa\/#breadcrumb","itemListElement":[{"@type":"ListItem","position":1,"name":"Home","item":"https:\/\/usa-gv.com\/pt-pt\/guia-de-viagem-dos-eua\/"},{"@type":"ListItem","position":2,"name":"Formalidades de viagem nos EUA"}]},{"@type":"WebSite","@id":"https:\/\/usa-gv.com\/pt-pt\/#website","url":"https:\/\/usa-gv.com\/pt-pt\/","name":"USA-GV.COM","description":"","potentialAction":[{"@type":"SearchAction","target":{"@type":"EntryPoint","urlTemplate":"https:\/\/usa-gv.com\/pt-pt\/?s={search_term_string}"},"query-input":{"@type":"PropertyValueSpecification","valueRequired":true,"valueName":"search_term_string"}}],"inLanguage":"pt-PT"}]}},"_links":{"self":[{"href":"https:\/\/usa-gv.com\/pt-pt\/wp-json\/wp\/v2\/pages\/2343","targetHints":{"allow":["GET"]}}],"collection":[{"href":"https:\/\/usa-gv.com\/pt-pt\/wp-json\/wp\/v2\/pages"}],"about":[{"href":"https:\/\/usa-gv.com\/pt-pt\/wp-json\/wp\/v2\/types\/page"}],"author":[{"embeddable":true,"href":"https:\/\/usa-gv.com\/pt-pt\/wp-json\/wp\/v2\/users\/1"}],"replies":[{"embeddable":true,"href":"https:\/\/usa-gv.com\/pt-pt\/wp-json\/wp\/v2\/comments?post=2343"}],"version-history":[{"count":2,"href":"https:\/\/usa-gv.com\/pt-pt\/wp-json\/wp\/v2\/pages\/2343\/revisions"}],"predecessor-version":[{"id":6114,"href":"https:\/\/usa-gv.com\/pt-pt\/wp-json\/wp\/v2\/pages\/2343\/revisions\/6114"}],"wp:attachment":[{"href":"https:\/\/usa-gv.com\/pt-pt\/wp-json\/wp\/v2\/media?parent=2343"}],"curies":[{"name":"wp","href":"https:\/\/api.w.org\/{rel}","templated":true}]}}