{"id":2292,"date":"2024-03-11T21:56:28","date_gmt":"2024-03-11T21:56:28","guid":{"rendered":"https:\/\/usa-gv.com\/politica-de-privacidade\/"},"modified":"2025-02-25T11:52:34","modified_gmt":"2025-02-25T11:52:34","slug":"politica-de-privacidade","status":"publish","type":"page","link":"https:\/\/usa-gv.com\/pt-pt\/politica-de-privacidade\/","title":{"rendered":"Pol\u00edtica de Privacidade"},"content":{"rendered":"\n<h1 class=\"wp-block-heading\">Pol\u00edtica de privacidade<\/h1>\n\n<p>Somos um s\u00edtio de informa\u00e7\u00e3o sobre as formalidades de obten\u00e7\u00e3o da autoriza\u00e7\u00e3o eletr\u00f3nica de viagem para os Estados Unidos. O s\u00edtio n\u00e3o oferece quaisquer servi\u00e7os em linha. O \u00fanico formul\u00e1rio no site \u00e9 o <a href=\"https:\/\/usa-gv.com\/pt-pt\/contact\/\">formul\u00e1rio de contacto<\/a>.<\/p>\n\n<h2 class=\"wp-block-heading\">A recolha de informa\u00e7\u00f5es no site<\/h2>\n\n<p>As \u00fanicas informa\u00e7\u00f5es pessoais que podem ser recolhidas no nosso site s\u00e3o informa\u00e7\u00f5es sobre o seu computador, ou seja, o seu endere\u00e7o IP, o seu browser e o seu sistema operativo.<\/p>\n\n<h2 class=\"wp-block-heading\">Utiliza\u00e7\u00e3o de dados recolhidos<\/h2>\n\n<p>Em caso algum fornecemos as suas informa\u00e7\u00f5es pessoais a terceiros. N\u00e3o utilizamos os dados recolhidos para fins de marketing directo ou comerciais.<\/p>\n\n<h2 class=\"wp-block-heading\">Per\u00edodo de conserva\u00e7\u00e3o de dados<\/h2>\n\n<p>Os dados recolhidos s\u00e3o regularmente apagados, o que significa que n\u00e3o mantemos qualquer conte\u00fado de correio electr\u00f3nico que nos tenha sido enviado durante mais de um m\u00eas. N\u00e3o fazemos qualquer uso de marketing dos dados de navega\u00e7\u00e3o.<\/p>\n\n<h2 class=\"wp-block-heading\">Liga\u00e7\u00f5es contextuais a s\u00edtios Web de terceiros<\/h2>\n\n<p>O nosso s\u00edtio Web cont\u00e9m hiperliga\u00e7\u00f5es para s\u00edtios Web de terceiros. N\u00e3o temos qualquer controlo sobre estes sites, e n\u00e3o somos respons\u00e1veis pelas suas pol\u00edticas de privacidade ou pelas suas pr\u00e1ticas comerciais ou de marketing.<\/p>\n","protected":false},"excerpt":{"rendered":"<p>Pol\u00edtica de privacidade Somos um s\u00edtio de informa\u00e7\u00e3o sobre as formalidades de obten\u00e7\u00e3o da autoriza\u00e7\u00e3o eletr\u00f3nica de viagem para os Estados Unidos. O s\u00edtio n\u00e3o oferece quaisquer servi\u00e7os em linha. O \u00fanico formul\u00e1rio no site \u00e9 o formul\u00e1rio de contacto. A recolha de informa\u00e7\u00f5es no site As \u00fanicas informa\u00e7\u00f5es pessoais que podem ser recolhidas no [&hellip;]<\/p>\n","protected":false},"author":1,"featured_media":0,"parent":0,"menu_order":0,"comment_status":"closed","ping_status":"closed","template":"","meta":{"footnotes":""},"class_list":["post-2292","page","type-page","status-publish","hentry"],"yoast_head":"<!-- This site is optimized with the Yoast SEO plugin v26.6 - https:\/\/yoast.com\/wordpress\/plugins\/seo\/ -->\n<title>Pol\u00edtica de Privacidade - USA-GV.COM<\/title>\n<meta name=\"description\" content=\"Esta \u00e9 a pol\u00edtica de confidencialidade do s\u00edtio no que diz respeito \u00e0 prote\u00e7\u00e3o dos dados pessoais dos utilizadores.\" \/>\n<meta name=\"robots\" content=\"noindex, nofollow\" \/>\n<meta property=\"og:locale\" content=\"pt_PT\" \/>\n<meta property=\"og:type\" content=\"article\" \/>\n<meta property=\"og:title\" content=\"Pol\u00edtica de Privacidade - USA-GV.COM\" \/>\n<meta property=\"og:description\" content=\"Esta \u00e9 a pol\u00edtica de confidencialidade do s\u00edtio no que diz respeito \u00e0 prote\u00e7\u00e3o dos dados pessoais dos utilizadores.\" \/>\n<meta property=\"og:url\" content=\"https:\/\/usa-gv.com\/pt-pt\/politica-de-privacidade\/\" \/>\n<meta property=\"og:site_name\" content=\"USA-GV.COM\" \/>\n<meta property=\"article:modified_time\" content=\"2025-02-25T11:52:34+00:00\" \/>\n<meta name=\"twitter:card\" content=\"summary_large_image\" \/>\n<meta name=\"twitter:label1\" content=\"Tempo estimado de leitura\" \/>\n\t<meta name=\"twitter:data1\" content=\"1 minuto\" \/>\n<script type=\"application\/ld+json\" class=\"yoast-schema-graph\">{\"@context\":\"https:\/\/schema.org\",\"@graph\":[{\"@type\":\"WebPage\",\"@id\":\"https:\/\/usa-gv.com\/pt-pt\/politica-de-privacidade\/\",\"url\":\"https:\/\/usa-gv.com\/pt-pt\/politica-de-privacidade\/\",\"name\":\"Pol\u00edtica de Privacidade - USA-GV.COM\",\"isPartOf\":{\"@id\":\"https:\/\/usa-gv.com\/pt-pt\/#website\"},\"datePublished\":\"2024-03-11T21:56:28+00:00\",\"dateModified\":\"2025-02-25T11:52:34+00:00\",\"description\":\"Esta \u00e9 a pol\u00edtica de confidencialidade do s\u00edtio no que diz respeito \u00e0 prote\u00e7\u00e3o dos dados pessoais dos utilizadores.\",\"breadcrumb\":{\"@id\":\"https:\/\/usa-gv.com\/pt-pt\/politica-de-privacidade\/#breadcrumb\"},\"inLanguage\":\"pt-PT\",\"potentialAction\":[{\"@type\":\"ReadAction\",\"target\":[\"https:\/\/usa-gv.com\/pt-pt\/politica-de-privacidade\/\"]}]},{\"@type\":\"BreadcrumbList\",\"@id\":\"https:\/\/usa-gv.com\/pt-pt\/politica-de-privacidade\/#breadcrumb\",\"itemListElement\":[{\"@type\":\"ListItem\",\"position\":1,\"name\":\"Home\",\"item\":\"https:\/\/usa-gv.com\/pt-pt\/guia-de-viagem-dos-eua\/\"},{\"@type\":\"ListItem\",\"position\":2,\"name\":\"Pol\u00edtica de Privacidade\"}]},{\"@type\":\"WebSite\",\"@id\":\"https:\/\/usa-gv.com\/pt-pt\/#website\",\"url\":\"https:\/\/usa-gv.com\/pt-pt\/\",\"name\":\"USA-GV.COM\",\"description\":\"\",\"potentialAction\":[{\"@type\":\"SearchAction\",\"target\":{\"@type\":\"EntryPoint\",\"urlTemplate\":\"https:\/\/usa-gv.com\/pt-pt\/?s={search_term_string}\"},\"query-input\":{\"@type\":\"PropertyValueSpecification\",\"valueRequired\":true,\"valueName\":\"search_term_string\"}}],\"inLanguage\":\"pt-PT\"}]}<\/script>\n<!-- \/ Yoast SEO plugin. -->","yoast_head_json":{"title":"Pol\u00edtica de Privacidade - USA-GV.COM","description":"Esta \u00e9 a pol\u00edtica de confidencialidade do s\u00edtio no que diz respeito \u00e0 prote\u00e7\u00e3o dos dados pessoais dos utilizadores.","robots":{"index":"noindex","follow":"nofollow"},"og_locale":"pt_PT","og_type":"article","og_title":"Pol\u00edtica de Privacidade - USA-GV.COM","og_description":"Esta \u00e9 a pol\u00edtica de confidencialidade do s\u00edtio no que diz respeito \u00e0 prote\u00e7\u00e3o dos dados pessoais dos utilizadores.","og_url":"https:\/\/usa-gv.com\/pt-pt\/politica-de-privacidade\/","og_site_name":"USA-GV.COM","article_modified_time":"2025-02-25T11:52:34+00:00","twitter_card":"summary_large_image","twitter_misc":{"Tempo estimado de leitura":"1 minuto"},"schema":{"@context":"https:\/\/schema.org","@graph":[{"@type":"WebPage","@id":"https:\/\/usa-gv.com\/pt-pt\/politica-de-privacidade\/","url":"https:\/\/usa-gv.com\/pt-pt\/politica-de-privacidade\/","name":"Pol\u00edtica de Privacidade - USA-GV.COM","isPartOf":{"@id":"https:\/\/usa-gv.com\/pt-pt\/#website"},"datePublished":"2024-03-11T21:56:28+00:00","dateModified":"2025-02-25T11:52:34+00:00","description":"Esta \u00e9 a pol\u00edtica de confidencialidade do s\u00edtio no que diz respeito \u00e0 prote\u00e7\u00e3o dos dados pessoais dos utilizadores.","breadcrumb":{"@id":"https:\/\/usa-gv.com\/pt-pt\/politica-de-privacidade\/#breadcrumb"},"inLanguage":"pt-PT","potentialAction":[{"@type":"ReadAction","target":["https:\/\/usa-gv.com\/pt-pt\/politica-de-privacidade\/"]}]},{"@type":"BreadcrumbList","@id":"https:\/\/usa-gv.com\/pt-pt\/politica-de-privacidade\/#breadcrumb","itemListElement":[{"@type":"ListItem","position":1,"name":"Home","item":"https:\/\/usa-gv.com\/pt-pt\/guia-de-viagem-dos-eua\/"},{"@type":"ListItem","position":2,"name":"Pol\u00edtica de Privacidade"}]},{"@type":"WebSite","@id":"https:\/\/usa-gv.com\/pt-pt\/#website","url":"https:\/\/usa-gv.com\/pt-pt\/","name":"USA-GV.COM","description":"","potentialAction":[{"@type":"SearchAction","target":{"@type":"EntryPoint","urlTemplate":"https:\/\/usa-gv.com\/pt-pt\/?s={search_term_string}"},"query-input":{"@type":"PropertyValueSpecification","valueRequired":true,"valueName":"search_term_string"}}],"inLanguage":"pt-PT"}]}},"_links":{"self":[{"href":"https:\/\/usa-gv.com\/pt-pt\/wp-json\/wp\/v2\/pages\/2292","targetHints":{"allow":["GET"]}}],"collection":[{"href":"https:\/\/usa-gv.com\/pt-pt\/wp-json\/wp\/v2\/pages"}],"about":[{"href":"https:\/\/usa-gv.com\/pt-pt\/wp-json\/wp\/v2\/types\/page"}],"author":[{"embeddable":true,"href":"https:\/\/usa-gv.com\/pt-pt\/wp-json\/wp\/v2\/users\/1"}],"replies":[{"embeddable":true,"href":"https:\/\/usa-gv.com\/pt-pt\/wp-json\/wp\/v2\/comments?post=2292"}],"version-history":[{"count":1,"href":"https:\/\/usa-gv.com\/pt-pt\/wp-json\/wp\/v2\/pages\/2292\/revisions"}],"predecessor-version":[{"id":7164,"href":"https:\/\/usa-gv.com\/pt-pt\/wp-json\/wp\/v2\/pages\/2292\/revisions\/7164"}],"wp:attachment":[{"href":"https:\/\/usa-gv.com\/pt-pt\/wp-json\/wp\/v2\/media?parent=2292"}],"curies":[{"name":"wp","href":"https:\/\/api.w.org\/{rel}","templated":true}]}}