{"id":2274,"date":"2024-03-11T21:53:12","date_gmt":"2024-03-11T21:53:12","guid":{"rendered":"https:\/\/usa-gv.com\/aviso-legal\/"},"modified":"2025-02-25T11:52:07","modified_gmt":"2025-02-25T11:52:07","slug":"aviso-legal","status":"publish","type":"page","link":"https:\/\/usa-gv.com\/pt-pt\/aviso-legal\/","title":{"rendered":"Informa\u00e7\u00e3o jur\u00eddica"},"content":{"rendered":"\n<h1 class=\"wp-block-heading\">Informa\u00e7\u00e3o jur\u00eddica<\/h1>\n\n<h2 class=\"wp-block-heading\">Editor do Site<\/h2>\n\n<p>Somos um guia informativo em linha sobre as f\u00e9rias nos Estados Unidos publicado pela ag\u00eancia digital <a href=\"https:\/\/alma-consulting.org\/\">Alma Consulting<\/a> por conta de uma ag\u00eancia de viagens maltesa. N\u00e3o estamos de forma alguma ligados \u00e0 administra\u00e7\u00e3o dos EUA ou a qualquer outra administra\u00e7\u00e3o. N\u00e3o estamos em condi\u00e7\u00f5es de prestar assist\u00eancia relativamente a um procedimento efectuado num s\u00edtio Web oficial ou num s\u00edtio Web privado no \u00e2mbito de uma formalidade administrativa.\nN\u00e3o prestamos qualquer assist\u00eancia na obten\u00e7\u00e3o de um ESTA. <\/p>\n\n<p>Se tiveres alguma quest\u00e3o sobre o teu pedido ESTA, visita <a href=\"https:\/\/esta.cbp.dhs.gov\/\">esta.cbp.dhs.gov<\/a>.<\/p>\n\n<p>O nosso s\u00edtio Web cont\u00e9m v\u00e1rias hiperliga\u00e7\u00f5es para s\u00edtios Web de terceiros. N\u00e3o temos qualquer liga\u00e7\u00e3o ou controlo sobre estes s\u00edtios e n\u00e3o somos respons\u00e1veis pelas suas pol\u00edticas de privacidade ou pr\u00e1ticas comerciais.<\/p>\n\n<p>A pessoa respons\u00e1vel pela publica\u00e7\u00e3o do s\u00edtio usa-gv.com \u00e9 Kevin Borg. Para nos contactar, utilize o nosso <a href=\"https:\/\/usa-gv.com\/pt-pt\/contact\/\">formul\u00e1rio de contacto<\/a>.<\/p>\n\n<h2 class=\"wp-block-heading\">Alojamento de s\u00edtios Web<\/h2>\n\n<p>O nosso s\u00edtio Web \u00e9 alojado pela OVH, uma empresa sediada em Roubaix, Fran\u00e7a. A OVH \u00e9 uma empresa inscrita no registo comercial de Lille M\u00e9tropole com o n\u00famero B424 761 419.<\/p>\n\n<h2 class=\"wp-block-heading\">Processamento de dados pessoais<\/h2>\n\n<p>N\u00e3o recolhemos quaisquer dados pessoais para gerir o s\u00edtio. O \u00fanico registo em linha de informa\u00e7\u00f5es pessoais dos visitantes diz respeito a alguns raros cookies de navega\u00e7\u00e3o. Os visitantes t\u00eam o direito de aceder, alterar, retificar e apagar estes dados. Para exercer este direito, contacte-nos atrav\u00e9s do nosso <a href=\"https:\/\/usa-gv.com\/pt-pt\/contact\/\">formul\u00e1rio de contacto<\/a>.<\/p>\n\n<p>Para mais informa\u00e7\u00f5es sobre a nossa pol\u00edtica de prote\u00e7\u00e3o de dados pessoais: ver a nossa <a href=\"https:\/\/usa-gv.com\/pt-pt\/politica-de-privacidade\/\">pol\u00edtica de privacidade<\/a>.<\/p>\n","protected":false},"excerpt":{"rendered":"<p>Informa\u00e7\u00e3o jur\u00eddica Editor do Site Somos um guia informativo em linha sobre as f\u00e9rias nos Estados Unidos publicado pela ag\u00eancia digital Alma Consulting por conta de uma ag\u00eancia de viagens maltesa. N\u00e3o estamos de forma alguma ligados \u00e0 administra\u00e7\u00e3o dos EUA ou a qualquer outra administra\u00e7\u00e3o. N\u00e3o estamos em condi\u00e7\u00f5es de prestar assist\u00eancia relativamente a [&hellip;]<\/p>\n","protected":false},"author":1,"featured_media":0,"parent":0,"menu_order":0,"comment_status":"closed","ping_status":"closed","template":"","meta":{"footnotes":""},"class_list":["post-2274","page","type-page","status-publish","hentry"],"yoast_head":"<!-- This site is optimized with the Yoast SEO plugin v26.6 - https:\/\/yoast.com\/wordpress\/plugins\/seo\/ -->\n<title>Informa\u00e7\u00e3o jur\u00eddica - USA-GV.COM<\/title>\n<meta name=\"description\" content=\"Consulta o aviso legal do s\u00edtio de informa\u00e7\u00e3o. Somos um s\u00edtio privado sem liga\u00e7\u00f5es \u00e0 administra\u00e7\u00e3o dos EUA.\" \/>\n<meta name=\"robots\" content=\"noindex, nofollow\" \/>\n<meta property=\"og:locale\" content=\"pt_PT\" \/>\n<meta property=\"og:type\" content=\"article\" \/>\n<meta property=\"og:title\" content=\"Informa\u00e7\u00e3o jur\u00eddica - USA-GV.COM\" \/>\n<meta property=\"og:description\" content=\"Consulta o aviso legal do s\u00edtio de informa\u00e7\u00e3o. Somos um s\u00edtio privado sem liga\u00e7\u00f5es \u00e0 administra\u00e7\u00e3o dos EUA.\" \/>\n<meta property=\"og:url\" content=\"https:\/\/usa-gv.com\/pt-pt\/aviso-legal\/\" \/>\n<meta property=\"og:site_name\" content=\"USA-GV.COM\" \/>\n<meta property=\"article:modified_time\" content=\"2025-02-25T11:52:07+00:00\" \/>\n<meta name=\"twitter:card\" content=\"summary_large_image\" \/>\n<meta name=\"twitter:label1\" content=\"Tempo estimado de leitura\" \/>\n\t<meta name=\"twitter:data1\" content=\"2 minutos\" \/>\n<script type=\"application\/ld+json\" class=\"yoast-schema-graph\">{\"@context\":\"https:\/\/schema.org\",\"@graph\":[{\"@type\":\"WebPage\",\"@id\":\"https:\/\/usa-gv.com\/pt-pt\/aviso-legal\/\",\"url\":\"https:\/\/usa-gv.com\/pt-pt\/aviso-legal\/\",\"name\":\"Informa\u00e7\u00e3o jur\u00eddica - USA-GV.COM\",\"isPartOf\":{\"@id\":\"https:\/\/usa-gv.com\/pt-pt\/#website\"},\"datePublished\":\"2024-03-11T21:53:12+00:00\",\"dateModified\":\"2025-02-25T11:52:07+00:00\",\"description\":\"Consulta o aviso legal do s\u00edtio de informa\u00e7\u00e3o. Somos um s\u00edtio privado sem liga\u00e7\u00f5es \u00e0 administra\u00e7\u00e3o dos EUA.\",\"breadcrumb\":{\"@id\":\"https:\/\/usa-gv.com\/pt-pt\/aviso-legal\/#breadcrumb\"},\"inLanguage\":\"pt-PT\",\"potentialAction\":[{\"@type\":\"ReadAction\",\"target\":[\"https:\/\/usa-gv.com\/pt-pt\/aviso-legal\/\"]}]},{\"@type\":\"BreadcrumbList\",\"@id\":\"https:\/\/usa-gv.com\/pt-pt\/aviso-legal\/#breadcrumb\",\"itemListElement\":[{\"@type\":\"ListItem\",\"position\":1,\"name\":\"Home\",\"item\":\"https:\/\/usa-gv.com\/pt-pt\/guia-de-viagem-dos-eua\/\"},{\"@type\":\"ListItem\",\"position\":2,\"name\":\"Informa\u00e7\u00e3o jur\u00eddica\"}]},{\"@type\":\"WebSite\",\"@id\":\"https:\/\/usa-gv.com\/pt-pt\/#website\",\"url\":\"https:\/\/usa-gv.com\/pt-pt\/\",\"name\":\"USA-GV.COM\",\"description\":\"\",\"potentialAction\":[{\"@type\":\"SearchAction\",\"target\":{\"@type\":\"EntryPoint\",\"urlTemplate\":\"https:\/\/usa-gv.com\/pt-pt\/?s={search_term_string}\"},\"query-input\":{\"@type\":\"PropertyValueSpecification\",\"valueRequired\":true,\"valueName\":\"search_term_string\"}}],\"inLanguage\":\"pt-PT\"}]}<\/script>\n<!-- \/ Yoast SEO plugin. -->","yoast_head_json":{"title":"Informa\u00e7\u00e3o jur\u00eddica - USA-GV.COM","description":"Consulta o aviso legal do s\u00edtio de informa\u00e7\u00e3o. Somos um s\u00edtio privado sem liga\u00e7\u00f5es \u00e0 administra\u00e7\u00e3o dos EUA.","robots":{"index":"noindex","follow":"nofollow"},"og_locale":"pt_PT","og_type":"article","og_title":"Informa\u00e7\u00e3o jur\u00eddica - USA-GV.COM","og_description":"Consulta o aviso legal do s\u00edtio de informa\u00e7\u00e3o. Somos um s\u00edtio privado sem liga\u00e7\u00f5es \u00e0 administra\u00e7\u00e3o dos EUA.","og_url":"https:\/\/usa-gv.com\/pt-pt\/aviso-legal\/","og_site_name":"USA-GV.COM","article_modified_time":"2025-02-25T11:52:07+00:00","twitter_card":"summary_large_image","twitter_misc":{"Tempo estimado de leitura":"2 minutos"},"schema":{"@context":"https:\/\/schema.org","@graph":[{"@type":"WebPage","@id":"https:\/\/usa-gv.com\/pt-pt\/aviso-legal\/","url":"https:\/\/usa-gv.com\/pt-pt\/aviso-legal\/","name":"Informa\u00e7\u00e3o jur\u00eddica - USA-GV.COM","isPartOf":{"@id":"https:\/\/usa-gv.com\/pt-pt\/#website"},"datePublished":"2024-03-11T21:53:12+00:00","dateModified":"2025-02-25T11:52:07+00:00","description":"Consulta o aviso legal do s\u00edtio de informa\u00e7\u00e3o. Somos um s\u00edtio privado sem liga\u00e7\u00f5es \u00e0 administra\u00e7\u00e3o dos EUA.","breadcrumb":{"@id":"https:\/\/usa-gv.com\/pt-pt\/aviso-legal\/#breadcrumb"},"inLanguage":"pt-PT","potentialAction":[{"@type":"ReadAction","target":["https:\/\/usa-gv.com\/pt-pt\/aviso-legal\/"]}]},{"@type":"BreadcrumbList","@id":"https:\/\/usa-gv.com\/pt-pt\/aviso-legal\/#breadcrumb","itemListElement":[{"@type":"ListItem","position":1,"name":"Home","item":"https:\/\/usa-gv.com\/pt-pt\/guia-de-viagem-dos-eua\/"},{"@type":"ListItem","position":2,"name":"Informa\u00e7\u00e3o jur\u00eddica"}]},{"@type":"WebSite","@id":"https:\/\/usa-gv.com\/pt-pt\/#website","url":"https:\/\/usa-gv.com\/pt-pt\/","name":"USA-GV.COM","description":"","potentialAction":[{"@type":"SearchAction","target":{"@type":"EntryPoint","urlTemplate":"https:\/\/usa-gv.com\/pt-pt\/?s={search_term_string}"},"query-input":{"@type":"PropertyValueSpecification","valueRequired":true,"valueName":"search_term_string"}}],"inLanguage":"pt-PT"}]}},"_links":{"self":[{"href":"https:\/\/usa-gv.com\/pt-pt\/wp-json\/wp\/v2\/pages\/2274","targetHints":{"allow":["GET"]}}],"collection":[{"href":"https:\/\/usa-gv.com\/pt-pt\/wp-json\/wp\/v2\/pages"}],"about":[{"href":"https:\/\/usa-gv.com\/pt-pt\/wp-json\/wp\/v2\/types\/page"}],"author":[{"embeddable":true,"href":"https:\/\/usa-gv.com\/pt-pt\/wp-json\/wp\/v2\/users\/1"}],"replies":[{"embeddable":true,"href":"https:\/\/usa-gv.com\/pt-pt\/wp-json\/wp\/v2\/comments?post=2274"}],"version-history":[{"count":2,"href":"https:\/\/usa-gv.com\/pt-pt\/wp-json\/wp\/v2\/pages\/2274\/revisions"}],"predecessor-version":[{"id":6264,"href":"https:\/\/usa-gv.com\/pt-pt\/wp-json\/wp\/v2\/pages\/2274\/revisions\/6264"}],"wp:attachment":[{"href":"https:\/\/usa-gv.com\/pt-pt\/wp-json\/wp\/v2\/media?parent=2274"}],"curies":[{"name":"wp","href":"https:\/\/api.w.org\/{rel}","templated":true}]}}