{"id":2256,"date":"2024-03-11T21:57:59","date_gmt":"2024-03-11T21:57:59","guid":{"rendered":"https:\/\/usa-gv.com\/contact\/"},"modified":"2025-02-25T11:50:18","modified_gmt":"2025-02-25T11:50:18","slug":"contact","status":"publish","type":"page","link":"https:\/\/usa-gv.com\/pt-pt\/contact\/","title":{"rendered":"Formul\u00e1rio de contacto do site"},"content":{"rendered":"\n<h1 class=\"wp-block-heading\">Formul\u00e1rio de contacto<\/h1>\n\n<p>Somos um s\u00edtio privado de informa\u00e7\u00f5es ESTA em linha.\nN\u00e3o estamos de forma alguma ligados \u00e0 administra\u00e7\u00e3o dos EUA ou a qualquer outra administra\u00e7\u00e3o.  N\u00e3o estamos em condi\u00e7\u00f5es de apoiar um procedimento efectuado num s\u00edtio Web oficial ou num s\u00edtio Web privado de assist\u00eancia \u00e0s formalidades administrativas.<\/p>\n\n<p>N\u00e3o oferecemos qualquer assist\u00eancia na obten\u00e7\u00e3o de um ESTA, nem qualquer servi\u00e7o associado a um procedimento administrativo.\nSe tiver alguma d\u00favida sobre a sua candidatura ao ESTA, visite <a href=\"https:\/\/esta.cbp.dhs.gov\/\">https:\/\/esta.cbp.dhs.gov\/.<\/a> <\/p>\n\n<p>O nosso s\u00edtio Web cont\u00e9m v\u00e1rias hiperliga\u00e7\u00f5es para s\u00edtios Web de terceiros. N\u00e3o temos qualquer liga\u00e7\u00e3o ou controlo sobre estes s\u00edtios e n\u00e3o somos respons\u00e1veis pelas suas pol\u00edticas de privacidade ou pr\u00e1ticas comerciais.<\/p>\n<div class=\"wpforms-container wpforms-container-full wpforms-block wpforms-block-df4b1aef-c373-4127-a050-1a514ac79e0c\" id=\"wpforms-2235\"><form id=\"wpforms-form-2235\" class=\"wpforms-validate wpforms-form wpforms-ajax-form\" data-formid=\"2235\" method=\"post\" enctype=\"multipart\/form-data\" action=\"\/pt-pt\/wp-json\/wp\/v2\/pages\/2256\" data-token=\"f1229f2146d99fd24d10cb971ab13eb8\" data-token-time=\"1778074941\"><noscript class=\"wpforms-error-noscript\">Please enable JavaScript in your browser to complete this form.<\/noscript><div class=\"wpforms-field-container\"><div id=\"wpforms-2235-field_0-container\" class=\"wpforms-field wpforms-field-name\" data-field-id=\"0\"><label class=\"wpforms-field-label\" for=\"wpforms-2235-field_0\">Nom <span class=\"wpforms-required-label\">*<\/span><\/label><input type=\"text\" id=\"wpforms-2235-field_0\" class=\"wpforms-field-medium wpforms-field-required\" name=\"wpforms[fields][0]\" required><\/div><div id=\"wpforms-2235-field_1-container\" class=\"wpforms-field wpforms-field-email\" data-field-id=\"1\"><label class=\"wpforms-field-label\" for=\"wpforms-2235-field_1\">E-mail <span class=\"wpforms-required-label\">*<\/span><\/label><input type=\"email\" id=\"wpforms-2235-field_1\" class=\"wpforms-field-medium wpforms-field-required\" name=\"wpforms[fields][1]\" spellcheck=\"false\" required><\/div><div id=\"wpforms-2235-field_2-container\" class=\"wpforms-field wpforms-field-textarea\" data-field-id=\"2\"><label class=\"wpforms-field-label\" for=\"wpforms-2235-field_2\">Message <span class=\"wpforms-required-label\">*<\/span><\/label><textarea id=\"wpforms-2235-field_2\" class=\"wpforms-field-medium wpforms-field-required\" name=\"wpforms[fields][2]\" required><\/textarea><\/div><\/div><!-- .wpforms-field-container --><div class=\"wpforms-submit-container\" ><input type=\"hidden\" name=\"wpforms[id]\" value=\"2235\"><input type=\"hidden\" name=\"page_title\" value=\"\"><input type=\"hidden\" name=\"page_url\" value=\"https:\/\/usa-gv.com\/pt-pt\/wp-json\/wp\/v2\/pages\/2256\"><input type=\"hidden\" name=\"url_referer\" value=\"\"><button type=\"submit\" name=\"wpforms[submit]\" id=\"wpforms-submit-2235\" class=\"wpforms-submit\" data-alt-text=\"in progress...\" data-submit-text=\"OK\" aria-live=\"assertive\" value=\"wpforms-submit\">OK<\/button><img decoding=\"async\" src=\"https:\/\/usa-gv.com\/wp-content\/plugins\/wpforms-lite\/assets\/images\/submit-spin.svg\" class=\"wpforms-submit-spinner\" style=\"display: none;\" width=\"26\" height=\"26\" alt=\"Loading\"><\/div><\/form><\/div>  <!-- .wpforms-container -->","protected":false},"excerpt":{"rendered":"<p>Formul\u00e1rio de contacto Somos um s\u00edtio privado de informa\u00e7\u00f5es ESTA em linha. N\u00e3o estamos de forma alguma ligados \u00e0 administra\u00e7\u00e3o dos EUA ou a qualquer outra administra\u00e7\u00e3o. N\u00e3o estamos em condi\u00e7\u00f5es de apoiar um procedimento efectuado num s\u00edtio Web oficial ou num s\u00edtio Web privado de assist\u00eancia \u00e0s formalidades administrativas. N\u00e3o oferecemos qualquer assist\u00eancia na [&hellip;]<\/p>\n","protected":false},"author":1,"featured_media":0,"parent":0,"menu_order":0,"comment_status":"closed","ping_status":"closed","template":"","meta":{"footnotes":""},"class_list":["post-2256","page","type-page","status-publish","hentry"],"yoast_head":"<!-- This site is optimized with the Yoast SEO plugin v26.6 - https:\/\/yoast.com\/wordpress\/plugins\/seo\/ -->\n<title>Formul\u00e1rio de contacto do site - USA-GV.COM<\/title>\n<meta name=\"description\" content=\"Formul\u00e1rio em linha para contactar diretamente a nossa equipa editorial para obter informa\u00e7\u00f5es sobre as formalidades de viagem para os EUA\" \/>\n<meta name=\"robots\" content=\"noindex, nofollow\" \/>\n<meta property=\"og:locale\" content=\"pt_PT\" \/>\n<meta property=\"og:type\" content=\"article\" \/>\n<meta property=\"og:title\" content=\"Formul\u00e1rio de contacto do site - USA-GV.COM\" \/>\n<meta property=\"og:description\" content=\"Formul\u00e1rio em linha para contactar diretamente a nossa equipa editorial para obter informa\u00e7\u00f5es sobre as formalidades de viagem para os EUA\" \/>\n<meta property=\"og:url\" content=\"https:\/\/usa-gv.com\/pt-pt\/contact\/\" \/>\n<meta property=\"og:site_name\" content=\"USA-GV.COM\" \/>\n<meta property=\"article:modified_time\" content=\"2025-02-25T11:50:18+00:00\" \/>\n<meta name=\"twitter:card\" content=\"summary_large_image\" \/>\n<meta name=\"twitter:label1\" content=\"Tempo estimado de leitura\" \/>\n\t<meta name=\"twitter:data1\" content=\"1 minuto\" \/>\n<script type=\"application\/ld+json\" class=\"yoast-schema-graph\">{\"@context\":\"https:\/\/schema.org\",\"@graph\":[{\"@type\":\"WebPage\",\"@id\":\"https:\/\/usa-gv.com\/pt-pt\/contact\/\",\"url\":\"https:\/\/usa-gv.com\/pt-pt\/contact\/\",\"name\":\"Formul\u00e1rio de contacto do site - USA-GV.COM\",\"isPartOf\":{\"@id\":\"https:\/\/usa-gv.com\/pt-pt\/#website\"},\"datePublished\":\"2024-03-11T21:57:59+00:00\",\"dateModified\":\"2025-02-25T11:50:18+00:00\",\"description\":\"Formul\u00e1rio em linha para contactar diretamente a nossa equipa editorial para obter informa\u00e7\u00f5es sobre as formalidades de viagem para os EUA\",\"breadcrumb\":{\"@id\":\"https:\/\/usa-gv.com\/pt-pt\/contact\/#breadcrumb\"},\"inLanguage\":\"pt-PT\",\"potentialAction\":[{\"@type\":\"ReadAction\",\"target\":[\"https:\/\/usa-gv.com\/pt-pt\/contact\/\"]}]},{\"@type\":\"BreadcrumbList\",\"@id\":\"https:\/\/usa-gv.com\/pt-pt\/contact\/#breadcrumb\",\"itemListElement\":[{\"@type\":\"ListItem\",\"position\":1,\"name\":\"Home\",\"item\":\"https:\/\/usa-gv.com\/pt-pt\/guia-de-viagem-dos-eua\/\"},{\"@type\":\"ListItem\",\"position\":2,\"name\":\"Formul\u00e1rio de contacto do site\"}]},{\"@type\":\"WebSite\",\"@id\":\"https:\/\/usa-gv.com\/pt-pt\/#website\",\"url\":\"https:\/\/usa-gv.com\/pt-pt\/\",\"name\":\"USA-GV.COM\",\"description\":\"\",\"potentialAction\":[{\"@type\":\"SearchAction\",\"target\":{\"@type\":\"EntryPoint\",\"urlTemplate\":\"https:\/\/usa-gv.com\/pt-pt\/?s={search_term_string}\"},\"query-input\":{\"@type\":\"PropertyValueSpecification\",\"valueRequired\":true,\"valueName\":\"search_term_string\"}}],\"inLanguage\":\"pt-PT\"}]}<\/script>\n<!-- \/ Yoast SEO plugin. -->","yoast_head_json":{"title":"Formul\u00e1rio de contacto do site - USA-GV.COM","description":"Formul\u00e1rio em linha para contactar diretamente a nossa equipa editorial para obter informa\u00e7\u00f5es sobre as formalidades de viagem para os EUA","robots":{"index":"noindex","follow":"nofollow"},"og_locale":"pt_PT","og_type":"article","og_title":"Formul\u00e1rio de contacto do site - USA-GV.COM","og_description":"Formul\u00e1rio em linha para contactar diretamente a nossa equipa editorial para obter informa\u00e7\u00f5es sobre as formalidades de viagem para os EUA","og_url":"https:\/\/usa-gv.com\/pt-pt\/contact\/","og_site_name":"USA-GV.COM","article_modified_time":"2025-02-25T11:50:18+00:00","twitter_card":"summary_large_image","twitter_misc":{"Tempo estimado de leitura":"1 minuto"},"schema":{"@context":"https:\/\/schema.org","@graph":[{"@type":"WebPage","@id":"https:\/\/usa-gv.com\/pt-pt\/contact\/","url":"https:\/\/usa-gv.com\/pt-pt\/contact\/","name":"Formul\u00e1rio de contacto do site - USA-GV.COM","isPartOf":{"@id":"https:\/\/usa-gv.com\/pt-pt\/#website"},"datePublished":"2024-03-11T21:57:59+00:00","dateModified":"2025-02-25T11:50:18+00:00","description":"Formul\u00e1rio em linha para contactar diretamente a nossa equipa editorial para obter informa\u00e7\u00f5es sobre as formalidades de viagem para os EUA","breadcrumb":{"@id":"https:\/\/usa-gv.com\/pt-pt\/contact\/#breadcrumb"},"inLanguage":"pt-PT","potentialAction":[{"@type":"ReadAction","target":["https:\/\/usa-gv.com\/pt-pt\/contact\/"]}]},{"@type":"BreadcrumbList","@id":"https:\/\/usa-gv.com\/pt-pt\/contact\/#breadcrumb","itemListElement":[{"@type":"ListItem","position":1,"name":"Home","item":"https:\/\/usa-gv.com\/pt-pt\/guia-de-viagem-dos-eua\/"},{"@type":"ListItem","position":2,"name":"Formul\u00e1rio de contacto do site"}]},{"@type":"WebSite","@id":"https:\/\/usa-gv.com\/pt-pt\/#website","url":"https:\/\/usa-gv.com\/pt-pt\/","name":"USA-GV.COM","description":"","potentialAction":[{"@type":"SearchAction","target":{"@type":"EntryPoint","urlTemplate":"https:\/\/usa-gv.com\/pt-pt\/?s={search_term_string}"},"query-input":{"@type":"PropertyValueSpecification","valueRequired":true,"valueName":"search_term_string"}}],"inLanguage":"pt-PT"}]}},"_links":{"self":[{"href":"https:\/\/usa-gv.com\/pt-pt\/wp-json\/wp\/v2\/pages\/2256","targetHints":{"allow":["GET"]}}],"collection":[{"href":"https:\/\/usa-gv.com\/pt-pt\/wp-json\/wp\/v2\/pages"}],"about":[{"href":"https:\/\/usa-gv.com\/pt-pt\/wp-json\/wp\/v2\/types\/page"}],"author":[{"embeddable":true,"href":"https:\/\/usa-gv.com\/pt-pt\/wp-json\/wp\/v2\/users\/1"}],"replies":[{"embeddable":true,"href":"https:\/\/usa-gv.com\/pt-pt\/wp-json\/wp\/v2\/comments?post=2256"}],"version-history":[{"count":1,"href":"https:\/\/usa-gv.com\/pt-pt\/wp-json\/wp\/v2\/pages\/2256\/revisions"}],"predecessor-version":[{"id":7175,"href":"https:\/\/usa-gv.com\/pt-pt\/wp-json\/wp\/v2\/pages\/2256\/revisions\/7175"}],"wp:attachment":[{"href":"https:\/\/usa-gv.com\/pt-pt\/wp-json\/wp\/v2\/media?parent=2256"}],"curies":[{"name":"wp","href":"https:\/\/api.w.org\/{rel}","templated":true}]}}