{"id":2173,"date":"2024-03-10T21:35:05","date_gmt":"2024-03-10T21:35:05","guid":{"rendered":"https:\/\/usa-gv.com\/visa-waiver-program-usa\/"},"modified":"2025-02-25T11:51:22","modified_gmt":"2025-02-25T11:51:22","slug":"visa-waiver-program-eua","status":"publish","type":"page","link":"https:\/\/usa-gv.com\/pt-pt\/visa-waiver-program-eua\/","title":{"rendered":"O Programa de Isen\u00e7\u00e3o de Vistos dos EUA"},"content":{"rendered":"\n<h1 class=\"wp-block-heading\">O programa de isen\u00e7\u00e3o de vistos dos EUA<\/h1>\n\n<h2 class=\"wp-block-heading\">O que \u00e9 o Programa de Isen\u00e7\u00e3o de Vistos?<\/h2>\n\n<p>O Programa de Isen\u00e7\u00e3o de Vistos (VWP) \u00e9 um programa criado pelo Departamento de Estado dos EUA para facilitar o rastreio dos viajantes para os EUA e refor\u00e7ar a seguran\u00e7a nas fronteiras dos EUA.\nPermite que os nacionais dos pa\u00edses membros do programa viajem para os Estados Unidos em turismo ou em neg\u00f3cios sem obterem um visto, sob reserva de determinadas <a href=\"https:\/\/usa-gv.com\/pt-pt\/regras-de-elegibilidade-para-esta\/\">condi\u00e7\u00f5es de elegibilidade ESTA<\/a>.   <\/p>\n\n<p><strong>Para beneficiar desta isen\u00e7\u00e3o de visto<\/strong>: os nacionais dos pa\u00edses parceiros devem preencher o <a href=\"https:\/\/usa-gv.com\/pt-pt\/formulario-esta-em-linha\/\">formul\u00e1rio ESTA em linha<\/a>.<\/p>\n\n<div style=\"height:10px\" aria-hidden=\"true\" class=\"wp-block-spacer\"><\/div>\n\n<h2 class=\"wp-block-heading\">Lista de pa\u00edses membros do VWP<\/h2>\n\n<p>Eis a lista de todos os pa\u00edses que beneficiam do programa de isen\u00e7\u00e3o de vistos dos EUA para os seus cidad\u00e3os.<\/p>\n\n<figure class=\"wp-block-table\"><table><tbody><tr><td>Alemanha<\/td><td>Espanha<\/td><td>Liechtenstein<\/td><td>Reino Unido<\/td><\/tr><tr><td>Andorra<\/td><td>Finl\u00e2ndia<\/td><td>Litu\u00e2nia<\/td><td>S\u00e3o Marino<\/td><\/tr><tr><td>Austr\u00e1lia<\/td><td>Fran\u00e7a<\/td><td>Luxemburgo<\/td><td>Singapura<\/td><\/tr><tr><td>\u00c1ustria<\/td><td>Gr\u00e9cia<\/td><td>Malta<\/td><td>Eslov\u00e1quia<\/td><\/tr><tr><td>B\u00e9lgica<\/td><td>Hungria<\/td><td>M\u00f3naco<\/td><td>Eslov\u00e9nia<\/td><\/tr><tr><td>Rio Brunei<\/td><td>Irlanda<\/td><td>Noruega<\/td><td>Su\u00e9cia<\/td><\/tr><tr><td>Chile<\/td><td>Isl\u00e2ndia<\/td><td>Nova Zel\u00e2ndia<\/td><td>Su\u00ed\u00e7a<\/td><\/tr><tr><td>Cro\u00e1cia<\/td><td>Israel<\/td><td>Pa\u00edses Baixos<\/td><td>Taiwan<\/td><\/tr><tr><td>Coreia do Sul<\/td><td>It\u00e1lia<\/td><td>Pol\u00f3nia<\/td><td><\/td><\/tr><tr><td>Dinamarca<\/td><td>Jap\u00e3o<\/td><td>Portugal<\/td><td><\/td><\/tr><tr><td>Est\u00f3nia<\/td><td>Let\u00f3nia<\/td><td>Rep\u00fablica Checa<\/td><td><\/td><\/tr><\/tbody><\/table><figcaption class=\"wp-element-caption\">Lista de pa\u00edses membros do VWP<\/figcaption><\/figure>\n\n<h2 class=\"wp-block-heading\">Que pa\u00edses podem aderir ao programa de isen\u00e7\u00e3o de vistos dos EUA?<\/h2>\n\n<p>Os pa\u00edses tornam-se membros do Programa de Isen\u00e7\u00e3o de Vistos dos EUA atrav\u00e9s da implementa\u00e7\u00e3o de uma gest\u00e3o refor\u00e7ada das fronteiras.\nAs condi\u00e7\u00f5es exigidas pela administra\u00e7\u00e3o dos EUA para se tornar membro do VWP s\u00e3o as seguintes <\/p>\n\n<ul class=\"wp-block-list\">\n<li>Para emitir <a href=\"https:\/\/usa-gv.com\/pt-pt\/passaporte-para-os-eua\/\">passaportes que atendam aos requisitos dos EUA<\/a> para seus cidad\u00e3os;<\/li>\n\n\n\n<li>Partilhar alguns dos dados de seguran\u00e7a do pa\u00eds com os Estados Unidos;<\/li>\n\n\n\n<li>Manter uma lista actualizada dos passaportes nacionais declarados roubados ou perdidos nos Estados Unidos;<\/li>\n\n\n\n<li>Uma taxa de recusa de vistos de visitantes dos EUA inferior a 3%;<\/li>\n\n\n\n<li>Combater ativamente o terrorismo nos controlos fronteiri\u00e7os.<\/li>\n<\/ul>\n","protected":false},"excerpt":{"rendered":"<p>O programa de isen\u00e7\u00e3o de vistos dos EUA O que \u00e9 o Programa de Isen\u00e7\u00e3o de Vistos? O Programa de Isen\u00e7\u00e3o de Vistos (VWP) \u00e9 um programa criado pelo Departamento de Estado dos EUA para facilitar o rastreio dos viajantes para os EUA e refor\u00e7ar a seguran\u00e7a nas fronteiras dos EUA. Permite que os nacionais [&hellip;]<\/p>\n","protected":false},"author":1,"featured_media":0,"parent":0,"menu_order":0,"comment_status":"closed","ping_status":"closed","template":"","meta":{"footnotes":""},"class_list":["post-2173","page","type-page","status-publish","hentry"],"yoast_head":"<!-- This site is optimized with the Yoast SEO plugin v26.6 - https:\/\/yoast.com\/wordpress\/plugins\/seo\/ -->\n<title>O Programa de Isen\u00e7\u00e3o de Vistos dos EUA - USA-GV.COM<\/title>\n<meta name=\"description\" content=\"Saiba mais sobre o Programa de Isen\u00e7\u00e3o de Vistos dos EUA e o que este permite aos cidad\u00e3os estrangeiros fazer nos EUA.\" \/>\n<meta name=\"robots\" content=\"index, follow, max-snippet:-1, max-image-preview:large, max-video-preview:-1\" \/>\n<link rel=\"canonical\" href=\"https:\/\/usa-gv.com\/pt-pt\/visa-waiver-program-eua\/\" \/>\n<meta property=\"og:locale\" content=\"pt_PT\" \/>\n<meta property=\"og:type\" content=\"article\" \/>\n<meta property=\"og:title\" content=\"O Programa de Isen\u00e7\u00e3o de Vistos dos EUA - USA-GV.COM\" \/>\n<meta property=\"og:description\" content=\"Saiba mais sobre o Programa de Isen\u00e7\u00e3o de Vistos dos EUA e o que este permite aos cidad\u00e3os estrangeiros fazer nos EUA.\" \/>\n<meta property=\"og:url\" content=\"https:\/\/usa-gv.com\/pt-pt\/visa-waiver-program-eua\/\" \/>\n<meta property=\"og:site_name\" content=\"USA-GV.COM\" \/>\n<meta property=\"article:modified_time\" content=\"2025-02-25T11:51:22+00:00\" \/>\n<meta name=\"twitter:card\" content=\"summary_large_image\" \/>\n<meta name=\"twitter:label1\" content=\"Tempo estimado de leitura\" \/>\n\t<meta name=\"twitter:data1\" content=\"1 minuto\" \/>\n<script type=\"application\/ld+json\" class=\"yoast-schema-graph\">{\"@context\":\"https:\/\/schema.org\",\"@graph\":[{\"@type\":\"WebPage\",\"@id\":\"https:\/\/usa-gv.com\/pt-pt\/visa-waiver-program-eua\/\",\"url\":\"https:\/\/usa-gv.com\/pt-pt\/visa-waiver-program-eua\/\",\"name\":\"O Programa de Isen\u00e7\u00e3o de Vistos dos EUA - USA-GV.COM\",\"isPartOf\":{\"@id\":\"https:\/\/usa-gv.com\/pt-pt\/#website\"},\"datePublished\":\"2024-03-10T21:35:05+00:00\",\"dateModified\":\"2025-02-25T11:51:22+00:00\",\"description\":\"Saiba mais sobre o Programa de Isen\u00e7\u00e3o de Vistos dos EUA e o que este permite aos cidad\u00e3os estrangeiros fazer nos EUA.\",\"breadcrumb\":{\"@id\":\"https:\/\/usa-gv.com\/pt-pt\/visa-waiver-program-eua\/#breadcrumb\"},\"inLanguage\":\"pt-PT\",\"potentialAction\":[{\"@type\":\"ReadAction\",\"target\":[\"https:\/\/usa-gv.com\/pt-pt\/visa-waiver-program-eua\/\"]}]},{\"@type\":\"BreadcrumbList\",\"@id\":\"https:\/\/usa-gv.com\/pt-pt\/visa-waiver-program-eua\/#breadcrumb\",\"itemListElement\":[{\"@type\":\"ListItem\",\"position\":1,\"name\":\"Home\",\"item\":\"https:\/\/usa-gv.com\/pt-pt\/guia-de-viagem-dos-eua\/\"},{\"@type\":\"ListItem\",\"position\":2,\"name\":\"O Programa de Isen\u00e7\u00e3o de Vistos dos EUA\"}]},{\"@type\":\"WebSite\",\"@id\":\"https:\/\/usa-gv.com\/pt-pt\/#website\",\"url\":\"https:\/\/usa-gv.com\/pt-pt\/\",\"name\":\"USA-GV.COM\",\"description\":\"\",\"potentialAction\":[{\"@type\":\"SearchAction\",\"target\":{\"@type\":\"EntryPoint\",\"urlTemplate\":\"https:\/\/usa-gv.com\/pt-pt\/?s={search_term_string}\"},\"query-input\":{\"@type\":\"PropertyValueSpecification\",\"valueRequired\":true,\"valueName\":\"search_term_string\"}}],\"inLanguage\":\"pt-PT\"}]}<\/script>\n<!-- \/ Yoast SEO plugin. -->","yoast_head_json":{"title":"O Programa de Isen\u00e7\u00e3o de Vistos dos EUA - USA-GV.COM","description":"Saiba mais sobre o Programa de Isen\u00e7\u00e3o de Vistos dos EUA e o que este permite aos cidad\u00e3os estrangeiros fazer nos EUA.","robots":{"index":"index","follow":"follow","max-snippet":"max-snippet:-1","max-image-preview":"max-image-preview:large","max-video-preview":"max-video-preview:-1"},"canonical":"https:\/\/usa-gv.com\/pt-pt\/visa-waiver-program-eua\/","og_locale":"pt_PT","og_type":"article","og_title":"O Programa de Isen\u00e7\u00e3o de Vistos dos EUA - USA-GV.COM","og_description":"Saiba mais sobre o Programa de Isen\u00e7\u00e3o de Vistos dos EUA e o que este permite aos cidad\u00e3os estrangeiros fazer nos EUA.","og_url":"https:\/\/usa-gv.com\/pt-pt\/visa-waiver-program-eua\/","og_site_name":"USA-GV.COM","article_modified_time":"2025-02-25T11:51:22+00:00","twitter_card":"summary_large_image","twitter_misc":{"Tempo estimado de leitura":"1 minuto"},"schema":{"@context":"https:\/\/schema.org","@graph":[{"@type":"WebPage","@id":"https:\/\/usa-gv.com\/pt-pt\/visa-waiver-program-eua\/","url":"https:\/\/usa-gv.com\/pt-pt\/visa-waiver-program-eua\/","name":"O Programa de Isen\u00e7\u00e3o de Vistos dos EUA - USA-GV.COM","isPartOf":{"@id":"https:\/\/usa-gv.com\/pt-pt\/#website"},"datePublished":"2024-03-10T21:35:05+00:00","dateModified":"2025-02-25T11:51:22+00:00","description":"Saiba mais sobre o Programa de Isen\u00e7\u00e3o de Vistos dos EUA e o que este permite aos cidad\u00e3os estrangeiros fazer nos EUA.","breadcrumb":{"@id":"https:\/\/usa-gv.com\/pt-pt\/visa-waiver-program-eua\/#breadcrumb"},"inLanguage":"pt-PT","potentialAction":[{"@type":"ReadAction","target":["https:\/\/usa-gv.com\/pt-pt\/visa-waiver-program-eua\/"]}]},{"@type":"BreadcrumbList","@id":"https:\/\/usa-gv.com\/pt-pt\/visa-waiver-program-eua\/#breadcrumb","itemListElement":[{"@type":"ListItem","position":1,"name":"Home","item":"https:\/\/usa-gv.com\/pt-pt\/guia-de-viagem-dos-eua\/"},{"@type":"ListItem","position":2,"name":"O Programa de Isen\u00e7\u00e3o de Vistos dos EUA"}]},{"@type":"WebSite","@id":"https:\/\/usa-gv.com\/pt-pt\/#website","url":"https:\/\/usa-gv.com\/pt-pt\/","name":"USA-GV.COM","description":"","potentialAction":[{"@type":"SearchAction","target":{"@type":"EntryPoint","urlTemplate":"https:\/\/usa-gv.com\/pt-pt\/?s={search_term_string}"},"query-input":{"@type":"PropertyValueSpecification","valueRequired":true,"valueName":"search_term_string"}}],"inLanguage":"pt-PT"}]}},"_links":{"self":[{"href":"https:\/\/usa-gv.com\/pt-pt\/wp-json\/wp\/v2\/pages\/2173","targetHints":{"allow":["GET"]}}],"collection":[{"href":"https:\/\/usa-gv.com\/pt-pt\/wp-json\/wp\/v2\/pages"}],"about":[{"href":"https:\/\/usa-gv.com\/pt-pt\/wp-json\/wp\/v2\/types\/page"}],"author":[{"embeddable":true,"href":"https:\/\/usa-gv.com\/pt-pt\/wp-json\/wp\/v2\/users\/1"}],"replies":[{"embeddable":true,"href":"https:\/\/usa-gv.com\/pt-pt\/wp-json\/wp\/v2\/comments?post=2173"}],"version-history":[{"count":1,"href":"https:\/\/usa-gv.com\/pt-pt\/wp-json\/wp\/v2\/pages\/2173\/revisions"}],"predecessor-version":[{"id":7586,"href":"https:\/\/usa-gv.com\/pt-pt\/wp-json\/wp\/v2\/pages\/2173\/revisions\/7586"}],"wp:attachment":[{"href":"https:\/\/usa-gv.com\/pt-pt\/wp-json\/wp\/v2\/media?parent=2173"}],"curies":[{"name":"wp","href":"https:\/\/api.w.org\/{rel}","templated":true}]}}