{"id":2155,"date":"2024-03-11T17:29:47","date_gmt":"2024-03-11T17:29:47","guid":{"rendered":"https:\/\/usa-gv.com\/esta-nova-iorque\/"},"modified":"2025-02-25T11:49:57","modified_gmt":"2025-02-25T11:49:57","slug":"esta-nova-iorque","status":"publish","type":"page","link":"https:\/\/usa-gv.com\/pt-pt\/esta-nova-iorque\/","title":{"rendered":"ESTA para Nova Iorque nos Estados Unidos"},"content":{"rendered":"\n<h1 class=\"wp-block-heading\">ESTA em linha para viajar para Nova Iorque<\/h1>\n\n<p><a href=\"https:\/\/usa-gv.com\/pt-pt\/visitar-nova-iorque\/\">Nova Iorque<\/a> \u00e9 a cidade americana mais visitada por turistas estrangeiros. Para permanecer em Nova Iorque, os cidad\u00e3os estrangeiros devem possuir uma autoriza\u00e7\u00e3o de viagem ou um visto v\u00e1lido.<\/p>\n\n<h2 class=\"wp-block-heading\">Posso viajar para Nova Iorque com um ESTA?<\/h2>\n\n<p>Para estadias inferiores a 90 dias, os viajantes de pa\u00edses que s\u00e3o membros do <a href=\"https:\/\/usa-gv.com\/pt-pt\/visa-waiver-program-eua\/\">Programa de Isen\u00e7\u00e3o de Vistos<\/a> podem aterrar em Nova Iorque simplesmente obtendo uma autoriza\u00e7\u00e3o de viagem ESTA.  <\/p>\n\n<h2 class=\"wp-block-heading\">Como \u00e9 que obtenho um ESTA para Nova Iorque?<\/h2>\n\n<p>O pedido de autoriza\u00e7\u00e3o ESTA pode ser efectuado inteiramente em linha. O <a href=\"https:\/\/usa-gv.com\/pt-pt\/preencha-formulario-esta-online\/\">preenchimento do formul\u00e1rio ESTA<\/a> demora apenas alguns minutos se o requerente estiver na posse de um <a href=\"https:\/\/usa-gv.com\/pt-pt\/passaporte-para-os-eua\/\">passaporte v\u00e1lido para viajar para os EUA<\/a>. O procedimento em linha deve ser conclu\u00eddo pelo menos 3 dias antes de embarcares no avi\u00e3o para <a href=\"https:\/\/usa-gv.com\/pt-pt\/visitar-nova-iorque\/\">Nova Iorque<\/a>.<\/p>\n\n<p><strong>Para obter a autoriza\u00e7\u00e3o ESTA para Nova Iorque<\/strong>, basta clicar no <a href=\"https:\/\/usa-gv.com\/pt-pt\/formulario-esta-em-linha\/\">formul\u00e1rio ESTA online<\/a>.<\/p>\n\n<div style=\"height:10px\" aria-hidden=\"true\" class=\"wp-block-spacer\"><\/div>\n\n<h2 class=\"wp-block-heading\">\u00c9 necess\u00e1rio um ESTA para uma escala em Nova Iorque?<\/h2>\n\n<p>Um viajante que tenha obtido um ESTA pode fazer uma escala em Nova Iorque sem necessitar de um visto americano.\nA autoriza\u00e7\u00e3o ESTA permite-lhe fazer escalas em qualquer ponto dos Estados Unidos.\nOs viajantes devem estar na posse dos seus <a href=\"https:\/\/usa-gv.com\/pt-pt\/documentos-viagem-para-eua\/\">documentos de viagem para os EUA<\/a>.  <\/p>\n\n<p>No entanto, n\u00e3o precisa de <a href=\"https:\/\/usa-gv.com\/pt-pt\/imprimir-esta\/\">imprimir o seu ESTA<\/a> antes de se deslocar ao aeroporto.<\/p>\n\n<h2 class=\"wp-block-heading\">Quanto \u00e9 que custa um ESTA para Nova Iorque?<\/h2>\n\n<p>O <a href=\"https:\/\/usa-gv.com\/pt-pt\/preco-esta-eua\/\">pre\u00e7o do ESTA<\/a> para Nova Iorque \u00e9 fixado pelas autoridades americanas. O pre\u00e7o mudou desde que o Programa de Isen\u00e7\u00e3o de Vistos foi introduzido: a taxa de base \u00e9 de 21 USD desde maio de 2022. O <a href=\"https:\/\/usa-gv.com\/pt-pt\/como-pagar-um-esta\/\">pagamento do ESTA<\/a> \u00e9 efectuado exclusivamente por cart\u00e3o de cr\u00e9dito em linha. O pedido s\u00f3 ser\u00e1 processado depois de o pagamento ter sido validado.<\/p>\n\n<h2 class=\"wp-block-heading\">Imagem ESTA para Nova Iorque<\/h2>\n\n<p>Com a autoriza\u00e7\u00e3o ESTA, podes descobrir a magn\u00edfica cidade de <a href=\"https:\/\/usa-gv.com\/pt-pt\/visitar-nova-iorque\/\">Nova Iorque<\/a> sem visto. Os viajantes podem efetuar m\u00faltiplas visitas a Nova Iorque durante o <a href=\"https:\/\/usa-gv.com\/pt-pt\/periodo-validade-esta\/\">per\u00edodo de validade do ESTA<\/a>.<\/p>\n\n<figure class=\"wp-block-image size-large\"><img fetchpriority=\"high\" decoding=\"async\" width=\"1295\" height=\"637\" src=\"https:\/\/usa-gv.com\/wp-content\/uploads\/2024\/04\/esta-new-york-1-e1736171807527.jpg\" alt=\"Autoriza&#xE7;&#xE3;o de viagem ESTA para Nova Iorque\" class=\"wp-image-3315\" srcset=\"https:\/\/usa-gv.com\/wp-content\/uploads\/2024\/04\/esta-new-york-1-e1736171807527.jpg 1295w, https:\/\/usa-gv.com\/wp-content\/uploads\/2024\/04\/esta-new-york-1-e1736171807527-300x148.jpg 300w, https:\/\/usa-gv.com\/wp-content\/uploads\/2024\/04\/esta-new-york-1-e1736171807527-1024x504.jpg 1024w, https:\/\/usa-gv.com\/wp-content\/uploads\/2024\/04\/esta-new-york-1-e1736171807527-768x378.jpg 768w\" sizes=\"(max-width: 1295px) 100vw, 1295px\" \/><figcaption class=\"wp-element-caption\">Foto de Nova Iorque onde viajar com um ESTA<\/figcaption><\/figure>\n","protected":false},"excerpt":{"rendered":"<p>ESTA em linha para viajar para Nova Iorque Nova Iorque \u00e9 a cidade americana mais visitada por turistas estrangeiros. Para permanecer em Nova Iorque, os cidad\u00e3os estrangeiros devem possuir uma autoriza\u00e7\u00e3o de viagem ou um visto v\u00e1lido. Posso viajar para Nova Iorque com um ESTA? Para estadias inferiores a 90 dias, os viajantes de pa\u00edses [&hellip;]<\/p>\n","protected":false},"author":1,"featured_media":0,"parent":0,"menu_order":0,"comment_status":"closed","ping_status":"closed","template":"","meta":{"footnotes":""},"class_list":["post-2155","page","type-page","status-publish","hentry"],"yoast_head":"<!-- This site is optimized with the Yoast SEO plugin v26.6 - https:\/\/yoast.com\/wordpress\/plugins\/seo\/ -->\n<title>ESTA para Nova Iorque nos Estados Unidos - USA-GV.COM<\/title>\n<meta name=\"description\" content=\"Autoriza\u00e7\u00e3o de viagem ESTA para viajar para Nova Iorque nos Estados Unidos sem obter previamente um visto\" \/>\n<meta name=\"robots\" content=\"index, follow, max-snippet:-1, max-image-preview:large, max-video-preview:-1\" \/>\n<link rel=\"canonical\" href=\"https:\/\/usa-gv.com\/pt-pt\/esta-nova-iorque\/\" \/>\n<meta property=\"og:locale\" content=\"pt_PT\" \/>\n<meta property=\"og:type\" content=\"article\" \/>\n<meta property=\"og:title\" content=\"ESTA para Nova Iorque nos Estados Unidos - USA-GV.COM\" \/>\n<meta property=\"og:description\" content=\"Autoriza\u00e7\u00e3o de viagem ESTA para viajar para Nova Iorque nos Estados Unidos sem obter previamente um visto\" \/>\n<meta property=\"og:url\" content=\"https:\/\/usa-gv.com\/pt-pt\/esta-nova-iorque\/\" \/>\n<meta property=\"og:site_name\" content=\"USA-GV.COM\" \/>\n<meta property=\"article:modified_time\" content=\"2025-02-25T11:49:57+00:00\" \/>\n<meta property=\"og:image\" content=\"https:\/\/usa-gv.com\/wp-content\/uploads\/2024\/04\/esta-new-york-1-e1736171807527.jpg\" \/>\n<meta name=\"twitter:card\" content=\"summary_large_image\" \/>\n<meta name=\"twitter:label1\" content=\"Tempo estimado de leitura\" \/>\n\t<meta name=\"twitter:data1\" content=\"2 minutos\" \/>\n<script type=\"application\/ld+json\" class=\"yoast-schema-graph\">{\"@context\":\"https:\/\/schema.org\",\"@graph\":[{\"@type\":\"WebPage\",\"@id\":\"https:\/\/usa-gv.com\/pt-pt\/esta-nova-iorque\/\",\"url\":\"https:\/\/usa-gv.com\/pt-pt\/esta-nova-iorque\/\",\"name\":\"ESTA para Nova Iorque nos Estados Unidos - USA-GV.COM\",\"isPartOf\":{\"@id\":\"https:\/\/usa-gv.com\/pt-pt\/#website\"},\"primaryImageOfPage\":{\"@id\":\"https:\/\/usa-gv.com\/pt-pt\/esta-nova-iorque\/#primaryimage\"},\"image\":{\"@id\":\"https:\/\/usa-gv.com\/pt-pt\/esta-nova-iorque\/#primaryimage\"},\"thumbnailUrl\":\"https:\/\/usa-gv.com\/wp-content\/uploads\/2024\/04\/esta-new-york-1-e1736171807527.jpg\",\"datePublished\":\"2024-03-11T17:29:47+00:00\",\"dateModified\":\"2025-02-25T11:49:57+00:00\",\"description\":\"Autoriza\u00e7\u00e3o de viagem ESTA para viajar para Nova Iorque nos Estados Unidos sem obter previamente um visto\",\"breadcrumb\":{\"@id\":\"https:\/\/usa-gv.com\/pt-pt\/esta-nova-iorque\/#breadcrumb\"},\"inLanguage\":\"pt-PT\",\"potentialAction\":[{\"@type\":\"ReadAction\",\"target\":[\"https:\/\/usa-gv.com\/pt-pt\/esta-nova-iorque\/\"]}]},{\"@type\":\"ImageObject\",\"inLanguage\":\"pt-PT\",\"@id\":\"https:\/\/usa-gv.com\/pt-pt\/esta-nova-iorque\/#primaryimage\",\"url\":\"https:\/\/usa-gv.com\/wp-content\/uploads\/2024\/04\/esta-new-york-1-e1736171807527.jpg\",\"contentUrl\":\"https:\/\/usa-gv.com\/wp-content\/uploads\/2024\/04\/esta-new-york-1-e1736171807527.jpg\"},{\"@type\":\"BreadcrumbList\",\"@id\":\"https:\/\/usa-gv.com\/pt-pt\/esta-nova-iorque\/#breadcrumb\",\"itemListElement\":[{\"@type\":\"ListItem\",\"position\":1,\"name\":\"Home\",\"item\":\"https:\/\/usa-gv.com\/pt-pt\/guia-de-viagem-dos-eua\/\"},{\"@type\":\"ListItem\",\"position\":2,\"name\":\"ESTA para Nova Iorque nos Estados Unidos\"}]},{\"@type\":\"WebSite\",\"@id\":\"https:\/\/usa-gv.com\/pt-pt\/#website\",\"url\":\"https:\/\/usa-gv.com\/pt-pt\/\",\"name\":\"USA-GV.COM\",\"description\":\"\",\"potentialAction\":[{\"@type\":\"SearchAction\",\"target\":{\"@type\":\"EntryPoint\",\"urlTemplate\":\"https:\/\/usa-gv.com\/pt-pt\/?s={search_term_string}\"},\"query-input\":{\"@type\":\"PropertyValueSpecification\",\"valueRequired\":true,\"valueName\":\"search_term_string\"}}],\"inLanguage\":\"pt-PT\"}]}<\/script>\n<!-- \/ Yoast SEO plugin. -->","yoast_head_json":{"title":"ESTA para Nova Iorque nos Estados Unidos - USA-GV.COM","description":"Autoriza\u00e7\u00e3o de viagem ESTA para viajar para Nova Iorque nos Estados Unidos sem obter previamente um visto","robots":{"index":"index","follow":"follow","max-snippet":"max-snippet:-1","max-image-preview":"max-image-preview:large","max-video-preview":"max-video-preview:-1"},"canonical":"https:\/\/usa-gv.com\/pt-pt\/esta-nova-iorque\/","og_locale":"pt_PT","og_type":"article","og_title":"ESTA para Nova Iorque nos Estados Unidos - USA-GV.COM","og_description":"Autoriza\u00e7\u00e3o de viagem ESTA para viajar para Nova Iorque nos Estados Unidos sem obter previamente um visto","og_url":"https:\/\/usa-gv.com\/pt-pt\/esta-nova-iorque\/","og_site_name":"USA-GV.COM","article_modified_time":"2025-02-25T11:49:57+00:00","og_image":[{"url":"https:\/\/usa-gv.com\/wp-content\/uploads\/2024\/04\/esta-new-york-1-e1736171807527.jpg","type":"","width":"","height":""}],"twitter_card":"summary_large_image","twitter_misc":{"Tempo estimado de leitura":"2 minutos"},"schema":{"@context":"https:\/\/schema.org","@graph":[{"@type":"WebPage","@id":"https:\/\/usa-gv.com\/pt-pt\/esta-nova-iorque\/","url":"https:\/\/usa-gv.com\/pt-pt\/esta-nova-iorque\/","name":"ESTA para Nova Iorque nos Estados Unidos - USA-GV.COM","isPartOf":{"@id":"https:\/\/usa-gv.com\/pt-pt\/#website"},"primaryImageOfPage":{"@id":"https:\/\/usa-gv.com\/pt-pt\/esta-nova-iorque\/#primaryimage"},"image":{"@id":"https:\/\/usa-gv.com\/pt-pt\/esta-nova-iorque\/#primaryimage"},"thumbnailUrl":"https:\/\/usa-gv.com\/wp-content\/uploads\/2024\/04\/esta-new-york-1-e1736171807527.jpg","datePublished":"2024-03-11T17:29:47+00:00","dateModified":"2025-02-25T11:49:57+00:00","description":"Autoriza\u00e7\u00e3o de viagem ESTA para viajar para Nova Iorque nos Estados Unidos sem obter previamente um visto","breadcrumb":{"@id":"https:\/\/usa-gv.com\/pt-pt\/esta-nova-iorque\/#breadcrumb"},"inLanguage":"pt-PT","potentialAction":[{"@type":"ReadAction","target":["https:\/\/usa-gv.com\/pt-pt\/esta-nova-iorque\/"]}]},{"@type":"ImageObject","inLanguage":"pt-PT","@id":"https:\/\/usa-gv.com\/pt-pt\/esta-nova-iorque\/#primaryimage","url":"https:\/\/usa-gv.com\/wp-content\/uploads\/2024\/04\/esta-new-york-1-e1736171807527.jpg","contentUrl":"https:\/\/usa-gv.com\/wp-content\/uploads\/2024\/04\/esta-new-york-1-e1736171807527.jpg"},{"@type":"BreadcrumbList","@id":"https:\/\/usa-gv.com\/pt-pt\/esta-nova-iorque\/#breadcrumb","itemListElement":[{"@type":"ListItem","position":1,"name":"Home","item":"https:\/\/usa-gv.com\/pt-pt\/guia-de-viagem-dos-eua\/"},{"@type":"ListItem","position":2,"name":"ESTA para Nova Iorque nos Estados Unidos"}]},{"@type":"WebSite","@id":"https:\/\/usa-gv.com\/pt-pt\/#website","url":"https:\/\/usa-gv.com\/pt-pt\/","name":"USA-GV.COM","description":"","potentialAction":[{"@type":"SearchAction","target":{"@type":"EntryPoint","urlTemplate":"https:\/\/usa-gv.com\/pt-pt\/?s={search_term_string}"},"query-input":{"@type":"PropertyValueSpecification","valueRequired":true,"valueName":"search_term_string"}}],"inLanguage":"pt-PT"}]}},"_links":{"self":[{"href":"https:\/\/usa-gv.com\/pt-pt\/wp-json\/wp\/v2\/pages\/2155","targetHints":{"allow":["GET"]}}],"collection":[{"href":"https:\/\/usa-gv.com\/pt-pt\/wp-json\/wp\/v2\/pages"}],"about":[{"href":"https:\/\/usa-gv.com\/pt-pt\/wp-json\/wp\/v2\/types\/page"}],"author":[{"embeddable":true,"href":"https:\/\/usa-gv.com\/pt-pt\/wp-json\/wp\/v2\/users\/1"}],"replies":[{"embeddable":true,"href":"https:\/\/usa-gv.com\/pt-pt\/wp-json\/wp\/v2\/comments?post=2155"}],"version-history":[{"count":2,"href":"https:\/\/usa-gv.com\/pt-pt\/wp-json\/wp\/v2\/pages\/2155\/revisions"}],"predecessor-version":[{"id":7110,"href":"https:\/\/usa-gv.com\/pt-pt\/wp-json\/wp\/v2\/pages\/2155\/revisions\/7110"}],"wp:attachment":[{"href":"https:\/\/usa-gv.com\/pt-pt\/wp-json\/wp\/v2\/media?parent=2155"}],"curies":[{"name":"wp","href":"https:\/\/api.w.org\/{rel}","templated":true}]}}