{"id":7130,"date":"2025-01-21T14:07:05","date_gmt":"2025-01-21T14:07:05","guid":{"rendered":"https:\/\/usa-gv.com\/esta-chicago\/"},"modified":"2025-02-25T11:52:20","modified_gmt":"2025-02-25T11:52:20","slug":"esta-chicago","status":"publish","type":"page","link":"https:\/\/usa-gv.com\/it\/esta-chicago\/","title":{"rendered":"Ottenere un&#8217;ESTA per Chicago"},"content":{"rendered":"\n<h1 class=\"wp-block-heading\">ESTA online per viaggiare a Chicago<\/h1>\n\n<p><a href=\"https:\/\/usa-gv.com\/it\/chicago\/chicago-2\/\">Chicago<\/a> si trova sul Lago Michigan, negli Stati Uniti. Per soggiornare a Chicago, i cittadini stranieri devono essere in possesso di un&#8217;autorizzazione di viaggio o di un visto valido. <\/p>\n\n<h2 class=\"wp-block-heading\">Posso recarmi a Chicago con un&#8217;ESTA?<\/h2>\n\n<p>Per soggiorni inferiori a 90 giorni, i viaggiatori provenienti dai paesi aderenti al <a href=\"https:\/\/usa-gv.com\/it\/visa-waiver-program-usa\/\">Visa Waiver Program<\/a> possono atterrare a Chicago con una semplice autorizzazione di viaggio ESTA.<\/p>\n\n<h2 class=\"wp-block-heading\">Come si ottiene l&#8217;ESTA?<\/h2>\n\n<p>\u00c8 possibile richiedere l&#8217;autorizzazione ESTA interamente online. La <a href=\"https:\/\/usa-gv.com\/it\/compilare-il-modulo-esta-online\/\">compilazione del modulo ESTA<\/a> richiede solo pochi minuti se il richiedente \u00e8 in possesso di un <a href=\"https:\/\/usa-gv.com\/it\/passaporto-per-gli-stati-uniti\/\">passaporto valido per viaggiare negli Stati Uniti<\/a>. La procedura online deve essere completata almeno 3 giorni prima di imbarcarsi per Chicago.<\/p>\n\n<p><strong>Per ottenere l&#8217;autorizzazione ESTA<\/strong>, \u00e8 sufficiente cliccare sul <a href=\"https:\/\/usa-gv.com\/it\/modulo-esta-online\/\">modulo ESTA online<\/a>.<\/p>\n\n<div style=\"height:10px\" aria-hidden=\"true\" class=\"wp-block-spacer\"><\/div>\n\n<h2 class=\"wp-block-heading\">Ho bisogno di un ESTA per uno scalo a Chicago?<\/h2>\n\n<p>Un viaggiatore che ha ottenuto l&#8217;ESTA pu\u00f2 fare scalo a <a href=\"https:\/\/usa-gv.com\/it\/chicago\/chicago-2\/\">Chicago<\/a> senza bisogno di un visto per gli Stati Uniti. L&#8217;autorizzazione ESTA consente di fare scalo ovunque negli Stati Uniti. I viaggiatori devono essere in possesso dei <a href=\"https:\/\/usa-gv.com\/it\/documenti-di-viaggio-per-gli-usa\/\">documenti di viaggio per gli Stati Uniti<\/a>.<\/p>\n\n<p>Tuttavia, non \u00e8 necessario <a href=\"https:\/\/usa-gv.com\/it\/stampare-esta\/\">stampare l&#8217;ESTA<\/a> prima di recarsi in aeroporto.<\/p>\n\n<h2 class=\"wp-block-heading\">Quanto costa l&#8217;ESTA?<\/h2>\n\n<p>Il <a href=\"https:\/\/usa-gv.com\/it\/prezzo-esta-statunitense\/\">prezzo dell&#8217;ESTA<\/a> \u00e8 stabilito dalle autorit\u00e0 americane. Il prezzo \u00e8 cambiato da quando \u00e8 stato introdotto il Visa Waiver Program: la tassa base \u00e8 di 21 dollari da maggio 2022. Il <a href=\"https:\/\/usa-gv.com\/it\/come-pagare-una-esta\/\">pagamento dell&#8217;ESTA<\/a> si effettua esclusivamente online con carta di credito. La richiesta verr\u00e0 elaborata solo dopo la convalida del pagamento.<\/p>\n","protected":false},"excerpt":{"rendered":"<p>ESTA online per viaggiare a Chicago Chicago si trova sul Lago Michigan, negli Stati Uniti. Per soggiornare a Chicago, i cittadini stranieri devono essere in possesso di un&#8217;autorizzazione di viaggio o di un visto valido. Posso recarmi a Chicago con un&#8217;ESTA? Per soggiorni inferiori a 90 giorni, i viaggiatori provenienti dai paesi aderenti al Visa [&hellip;]<\/p>\n","protected":false},"author":1,"featured_media":0,"parent":0,"menu_order":0,"comment_status":"closed","ping_status":"closed","template":"","meta":{"footnotes":""},"class_list":["post-7130","page","type-page","status-publish","hentry"],"yoast_head":"<!-- This site is optimized with the Yoast SEO plugin v26.6 - https:\/\/yoast.com\/wordpress\/plugins\/seo\/ -->\n<title>Ottenere un&#039;ESTA per Chicago - USA-GV.COM<\/title>\n<meta name=\"description\" content=\"Per recarsi a Chicago negli Stati Uniti \u00e8 necessario avere un&#039;autorizzazione di viaggio o un visto valido.\" \/>\n<meta name=\"robots\" content=\"index, follow, max-snippet:-1, max-image-preview:large, max-video-preview:-1\" \/>\n<link rel=\"canonical\" href=\"https:\/\/usa-gv.com\/it\/esta-chicago\/\" \/>\n<meta property=\"og:locale\" content=\"it_IT\" \/>\n<meta property=\"og:type\" content=\"article\" \/>\n<meta property=\"og:title\" content=\"Ottenere un&#039;ESTA per Chicago - USA-GV.COM\" \/>\n<meta property=\"og:description\" content=\"Per recarsi a Chicago negli Stati Uniti \u00e8 necessario avere un&#039;autorizzazione di viaggio o un visto valido.\" \/>\n<meta property=\"og:url\" content=\"https:\/\/usa-gv.com\/it\/esta-chicago\/\" \/>\n<meta property=\"og:site_name\" content=\"USA-GV.COM\" \/>\n<meta property=\"article:modified_time\" content=\"2025-02-25T11:52:20+00:00\" \/>\n<meta name=\"twitter:card\" content=\"summary_large_image\" \/>\n<meta name=\"twitter:label1\" content=\"Tempo di lettura stimato\" \/>\n\t<meta name=\"twitter:data1\" content=\"1 minuto\" \/>\n<script type=\"application\/ld+json\" class=\"yoast-schema-graph\">{\"@context\":\"https:\/\/schema.org\",\"@graph\":[{\"@type\":\"WebPage\",\"@id\":\"https:\/\/usa-gv.com\/it\/esta-chicago\/\",\"url\":\"https:\/\/usa-gv.com\/it\/esta-chicago\/\",\"name\":\"Ottenere un'ESTA per Chicago - USA-GV.COM\",\"isPartOf\":{\"@id\":\"https:\/\/usa-gv.com\/it\/#website\"},\"datePublished\":\"2025-01-21T14:07:05+00:00\",\"dateModified\":\"2025-02-25T11:52:20+00:00\",\"description\":\"Per recarsi a Chicago negli Stati Uniti \u00e8 necessario avere un'autorizzazione di viaggio o un visto valido.\",\"breadcrumb\":{\"@id\":\"https:\/\/usa-gv.com\/it\/esta-chicago\/#breadcrumb\"},\"inLanguage\":\"it-IT\",\"potentialAction\":[{\"@type\":\"ReadAction\",\"target\":[\"https:\/\/usa-gv.com\/it\/esta-chicago\/\"]}]},{\"@type\":\"BreadcrumbList\",\"@id\":\"https:\/\/usa-gv.com\/it\/esta-chicago\/#breadcrumb\",\"itemListElement\":[{\"@type\":\"ListItem\",\"position\":1,\"name\":\"Home\",\"item\":\"https:\/\/usa-gv.com\/it\/guida-turistica-degli-stati-uniti\/\"},{\"@type\":\"ListItem\",\"position\":2,\"name\":\"Ottenere un&rsquo;ESTA per Chicago\"}]},{\"@type\":\"WebSite\",\"@id\":\"https:\/\/usa-gv.com\/it\/#website\",\"url\":\"https:\/\/usa-gv.com\/it\/\",\"name\":\"USA-GV.COM\",\"description\":\"\",\"potentialAction\":[{\"@type\":\"SearchAction\",\"target\":{\"@type\":\"EntryPoint\",\"urlTemplate\":\"https:\/\/usa-gv.com\/it\/?s={search_term_string}\"},\"query-input\":{\"@type\":\"PropertyValueSpecification\",\"valueRequired\":true,\"valueName\":\"search_term_string\"}}],\"inLanguage\":\"it-IT\"}]}<\/script>\n<!-- \/ Yoast SEO plugin. -->","yoast_head_json":{"title":"Ottenere un'ESTA per Chicago - USA-GV.COM","description":"Per recarsi a Chicago negli Stati Uniti \u00e8 necessario avere un'autorizzazione di viaggio o un visto valido.","robots":{"index":"index","follow":"follow","max-snippet":"max-snippet:-1","max-image-preview":"max-image-preview:large","max-video-preview":"max-video-preview:-1"},"canonical":"https:\/\/usa-gv.com\/it\/esta-chicago\/","og_locale":"it_IT","og_type":"article","og_title":"Ottenere un'ESTA per Chicago - USA-GV.COM","og_description":"Per recarsi a Chicago negli Stati Uniti \u00e8 necessario avere un'autorizzazione di viaggio o un visto valido.","og_url":"https:\/\/usa-gv.com\/it\/esta-chicago\/","og_site_name":"USA-GV.COM","article_modified_time":"2025-02-25T11:52:20+00:00","twitter_card":"summary_large_image","twitter_misc":{"Tempo di lettura stimato":"1 minuto"},"schema":{"@context":"https:\/\/schema.org","@graph":[{"@type":"WebPage","@id":"https:\/\/usa-gv.com\/it\/esta-chicago\/","url":"https:\/\/usa-gv.com\/it\/esta-chicago\/","name":"Ottenere un'ESTA per Chicago - USA-GV.COM","isPartOf":{"@id":"https:\/\/usa-gv.com\/it\/#website"},"datePublished":"2025-01-21T14:07:05+00:00","dateModified":"2025-02-25T11:52:20+00:00","description":"Per recarsi a Chicago negli Stati Uniti \u00e8 necessario avere un'autorizzazione di viaggio o un visto valido.","breadcrumb":{"@id":"https:\/\/usa-gv.com\/it\/esta-chicago\/#breadcrumb"},"inLanguage":"it-IT","potentialAction":[{"@type":"ReadAction","target":["https:\/\/usa-gv.com\/it\/esta-chicago\/"]}]},{"@type":"BreadcrumbList","@id":"https:\/\/usa-gv.com\/it\/esta-chicago\/#breadcrumb","itemListElement":[{"@type":"ListItem","position":1,"name":"Home","item":"https:\/\/usa-gv.com\/it\/guida-turistica-degli-stati-uniti\/"},{"@type":"ListItem","position":2,"name":"Ottenere un&rsquo;ESTA per Chicago"}]},{"@type":"WebSite","@id":"https:\/\/usa-gv.com\/it\/#website","url":"https:\/\/usa-gv.com\/it\/","name":"USA-GV.COM","description":"","potentialAction":[{"@type":"SearchAction","target":{"@type":"EntryPoint","urlTemplate":"https:\/\/usa-gv.com\/it\/?s={search_term_string}"},"query-input":{"@type":"PropertyValueSpecification","valueRequired":true,"valueName":"search_term_string"}}],"inLanguage":"it-IT"}]}},"_links":{"self":[{"href":"https:\/\/usa-gv.com\/it\/wp-json\/wp\/v2\/pages\/7130","targetHints":{"allow":["GET"]}}],"collection":[{"href":"https:\/\/usa-gv.com\/it\/wp-json\/wp\/v2\/pages"}],"about":[{"href":"https:\/\/usa-gv.com\/it\/wp-json\/wp\/v2\/types\/page"}],"author":[{"embeddable":true,"href":"https:\/\/usa-gv.com\/it\/wp-json\/wp\/v2\/users\/1"}],"replies":[{"embeddable":true,"href":"https:\/\/usa-gv.com\/it\/wp-json\/wp\/v2\/comments?post=7130"}],"version-history":[{"count":2,"href":"https:\/\/usa-gv.com\/it\/wp-json\/wp\/v2\/pages\/7130\/revisions"}],"predecessor-version":[{"id":7632,"href":"https:\/\/usa-gv.com\/it\/wp-json\/wp\/v2\/pages\/7130\/revisions\/7632"}],"wp:attachment":[{"href":"https:\/\/usa-gv.com\/it\/wp-json\/wp\/v2\/media?parent=7130"}],"curies":[{"name":"wp","href":"https:\/\/api.w.org\/{rel}","templated":true}]}}