{"id":3051,"date":"2024-03-12T20:12:59","date_gmt":"2024-03-12T20:12:59","guid":{"rendered":"https:\/\/usa-gv.com\/verificare-la-validita-dell-esta\/"},"modified":"2025-02-25T11:53:39","modified_gmt":"2025-02-25T11:53:39","slug":"verificare-la-validita-dell-esta","status":"publish","type":"page","link":"https:\/\/usa-gv.com\/it\/verificare-la-validita-dell-esta\/","title":{"rendered":"Controllare la validit\u00e0 di un ESTA online"},"content":{"rendered":"\n<h1 class=\"wp-block-heading\">Controllare la validit\u00e0 del certificato ESTA<\/h1>\n\n<p>Prima di imbarcarsi per gli Stati Uniti, i viaggiatori in possesso di un&#8217;ESTA devono assicurarsi che sia valida.\nL&#8217;autorizzazione ESTA \u00e8 valida per un periodo di tempo determinato e pu\u00f2 decadere in determinate condizioni. <\/p>\n\n<p><strong>Per fare domanda in pochi minuti<\/strong>, basta cliccare sul <a href=\"https:\/\/usa-gv.com\/it\/modulo-esta-online\/\">modulo ESTA online<\/a>. <\/p>\n\n<div style=\"height:10px\" aria-hidden=\"true\" class=\"wp-block-spacer\"><\/div>\n\n<h2 class=\"wp-block-heading\">Per quanto tempo \u00e8 valido l&#8217;ESTA?<\/h2>\n\n<p>L&#8217;<a href=\"https:\/\/usa-gv.com\/it\/periodo-validita-dell-esta\/\">ESTA \u00e8 valido<\/a> per 2 anni. L&#8217;autorizzazione al viaggio consente di effettuare diversi viaggi durante questi due anni.<\/p>\n\n<p><strong>Due eccezioni<\/strong>: Il Brunei e l&#8217;Ungheria sono entrambi membri del <a href=\"https:\/\/usa-gv.com\/it\/visa-waiver-program-usa\/\">Visa Waiver Program<\/a>. Dal 2023, i loro cittadini hanno accesso a un&#8217;ESTA valida solo per un anno.<\/p>\n\n<h2 class=\"wp-block-heading\">In quali situazioni il periodo di validit\u00e0 dell&#8217;ESTA \u00e8 diverso?<\/h2>\n\n<p>In alcune situazioni, la validit\u00e0 iniziale di due anni dell&#8217;ESTA sar\u00e0 ridotta.\nEcco i casi principali: <\/p>\n\n<ul class=\"wp-block-list\">\n<li><strong>Passaporto scaduto<\/strong>: l&#8217;autorizzazione ESTA del viaggiatore \u00e8 allegata al <a href=\"https:\/\/usa-gv.com\/it\/passaporto-per-gli-stati-uniti\/\">passaporto utilizzato per gli Stati Uniti<\/a>. Quando il passaporto utilizzato per ottenere l&#8217;ESTA scade, l&#8217;autorizzazione ESTA non \u00e8 pi\u00f9 valida, anche se la data di validit\u00e0 iniziale non \u00e8 stata raggiunta;<\/li>\n\n\n\n<li><strong>Modifica dei dati personali<\/strong>: se il titolare di un&#8217;autorizzazione di viaggio ESTA cambia nome, sesso o nazionalit\u00e0 durante il <a href=\"https:\/\/usa-gv.com\/it\/periodo-validita-dell-esta\/\">periodo di validit\u00e0 di due anni dell &#8216;ESTA<\/a>, l&#8217;autorizzazione non \u00e8 pi\u00f9 valida. I viaggiatori devono <a href=\"https:\/\/usa-gv.com\/it\/esta-rinnovo\/\">rinnovare l&#8217;ESTA<\/a>.<\/li>\n\n\n\n<li><strong>Cambiamento di situazione<\/strong>: nell&#8217;ambito di una domanda ESTA, il viaggiatore ha risposto S\u00cc o NO alle domande del modulo riguardanti la sua salute e i suoi precedenti penali.\nSe la vostra situazione personale \u00e8 cambiata da quando avete ottenuto l&#8217;ESTA, dovete <a href=\"https:\/\/usa-gv.com\/it\/aggiornamento-esta\/\">aggiornare l &#8216;ESTA<\/a>.\nSe le modifiche apportate alla situazione riguardano le domande di responsabilit\u00e0 del modulo, il richiedente dovr\u00e0 presentare una nuova domanda ESTA.  <\/li>\n<\/ul>\n\n<h2 class=\"wp-block-heading\">Come verificare la validit\u00e0 dell&#8217;ESTA<\/h2>\n\n<p>Per verificare lo stato di un&#8217;autorizzazione ESTA, visitate il <a href=\"https:\/\/usa-gv.com\/it\/sito-web-ufficiale-esta\/\">sito ufficiale dell&#8217;ESTA<\/a>. Poi basta cliccare sul link nel menu: <strong>controllare lo stato del vostro ESTA<\/strong>.<\/p>\n\n<p>Il modulo di verifica richiede : Numero di passaporto e data di nascita del titolare dell&#8217;ESTA.\nSuccessivamente, \u00e8 necessario inserire la scelta di : <\/p>\n\n<ul class=\"wp-block-list\">\n<li>Numero di domanda ESTA<\/li>\n\n\n\n<li>Oppure il paese di cittadinanza, la data di rilascio e la data di scadenza del passaporto.<\/li>\n<\/ul>\n\n<div style=\"height:10px\" aria-hidden=\"true\" class=\"wp-block-spacer\"><\/div>\n\n<p>Inserendo queste informazioni nei vostri <a href=\"https:\/\/usa-gv.com\/it\/documenti-di-viaggio-per-gli-usa\/\">documenti di viaggio personali<\/a>, potrete conoscere lo stato della vostra domanda ESTA:  <\/p>\n\n<ul class=\"wp-block-list\">\n<li>Approvazione ESTA ;<\/li>\n\n\n\n<li><a href=\"https:\/\/usa-gv.com\/it\/domanda-esta-in-sospeso\/\">ESTA in attesa<\/a>;<\/li>\n\n\n\n<li><a href=\"https:\/\/usa-gv.com\/it\/domanda-esta-rifiutata\/\">ESTA rifiutato<\/a>;<\/li>\n\n\n\n<li>L&#8217;ESTA \u00e8 scaduto.<\/li>\n<\/ul>\n\n<h2 class=\"wp-block-heading\">Immagine della pagina online per il controllo dell&#8217;ESTA<\/h2>\n\n<figure class=\"wp-block-image size-large\"><img decoding=\"async\" src=\"https:\/\/usa-gv.com\/wp-content\/uploads\/2024\/04\/verificare-esta-IT-1024x624.jpg\" alt=\"Controllare la validit&#xE0; dell'autorizzazione ESTA\" class=\"wp-image-3670\"\/><figcaption class=\"wp-element-caption\">Modulo di verifica dello stato ESTA<\/figcaption><\/figure>\n","protected":false},"excerpt":{"rendered":"<p>Controllare la validit\u00e0 del certificato ESTA Prima di imbarcarsi per gli Stati Uniti, i viaggiatori in possesso di un&#8217;ESTA devono assicurarsi che sia valida. L&#8217;autorizzazione ESTA \u00e8 valida per un periodo di tempo determinato e pu\u00f2 decadere in determinate condizioni. Per fare domanda in pochi minuti, basta cliccare sul modulo ESTA online. Per quanto tempo [&hellip;]<\/p>\n","protected":false},"author":1,"featured_media":0,"parent":0,"menu_order":0,"comment_status":"closed","ping_status":"closed","template":"","meta":{"footnotes":""},"class_list":["post-3051","page","type-page","status-publish","hentry"],"yoast_head":"<!-- This site is optimized with the Yoast SEO plugin v26.6 - https:\/\/yoast.com\/wordpress\/plugins\/seo\/ -->\n<title>Controllare la validit\u00e0 di un ESTA online - USA-GV.COM<\/title>\n<meta name=\"description\" content=\"Come verificare la validit\u00e0 dell&#039;autorizzazione ESTA online in pochi minuti prima del viaggio negli Stati Uniti\" \/>\n<meta name=\"robots\" content=\"index, follow, max-snippet:-1, max-image-preview:large, max-video-preview:-1\" \/>\n<link rel=\"canonical\" href=\"https:\/\/usa-gv.com\/it\/verificare-la-validita-dell-esta\/\" \/>\n<meta property=\"og:locale\" content=\"it_IT\" \/>\n<meta property=\"og:type\" content=\"article\" \/>\n<meta property=\"og:title\" content=\"Controllare la validit\u00e0 di un ESTA online - USA-GV.COM\" \/>\n<meta property=\"og:description\" content=\"Come verificare la validit\u00e0 dell&#039;autorizzazione ESTA online in pochi minuti prima del viaggio negli Stati Uniti\" \/>\n<meta property=\"og:url\" content=\"https:\/\/usa-gv.com\/it\/verificare-la-validita-dell-esta\/\" \/>\n<meta property=\"og:site_name\" content=\"USA-GV.COM\" \/>\n<meta property=\"article:modified_time\" content=\"2025-02-25T11:53:39+00:00\" \/>\n<meta property=\"og:image\" content=\"https:\/\/usa-gv.com\/wp-content\/uploads\/2024\/04\/verificare-esta-IT-1024x624.jpg\" \/>\n<meta name=\"twitter:card\" content=\"summary_large_image\" \/>\n<meta name=\"twitter:label1\" content=\"Tempo di lettura stimato\" \/>\n\t<meta name=\"twitter:data1\" content=\"2 minuti\" \/>\n<script type=\"application\/ld+json\" class=\"yoast-schema-graph\">{\"@context\":\"https:\/\/schema.org\",\"@graph\":[{\"@type\":\"WebPage\",\"@id\":\"https:\/\/usa-gv.com\/it\/verificare-la-validita-dell-esta\/\",\"url\":\"https:\/\/usa-gv.com\/it\/verificare-la-validita-dell-esta\/\",\"name\":\"Controllare la validit\u00e0 di un ESTA online - USA-GV.COM\",\"isPartOf\":{\"@id\":\"https:\/\/usa-gv.com\/it\/#website\"},\"primaryImageOfPage\":{\"@id\":\"https:\/\/usa-gv.com\/it\/verificare-la-validita-dell-esta\/#primaryimage\"},\"image\":{\"@id\":\"https:\/\/usa-gv.com\/it\/verificare-la-validita-dell-esta\/#primaryimage\"},\"thumbnailUrl\":\"https:\/\/usa-gv.com\/wp-content\/uploads\/2024\/04\/verificare-esta-IT-1024x624.jpg\",\"datePublished\":\"2024-03-12T20:12:59+00:00\",\"dateModified\":\"2025-02-25T11:53:39+00:00\",\"description\":\"Come verificare la validit\u00e0 dell'autorizzazione ESTA online in pochi minuti prima del viaggio negli Stati Uniti\",\"breadcrumb\":{\"@id\":\"https:\/\/usa-gv.com\/it\/verificare-la-validita-dell-esta\/#breadcrumb\"},\"inLanguage\":\"it-IT\",\"potentialAction\":[{\"@type\":\"ReadAction\",\"target\":[\"https:\/\/usa-gv.com\/it\/verificare-la-validita-dell-esta\/\"]}]},{\"@type\":\"ImageObject\",\"inLanguage\":\"it-IT\",\"@id\":\"https:\/\/usa-gv.com\/it\/verificare-la-validita-dell-esta\/#primaryimage\",\"url\":\"https:\/\/usa-gv.com\/wp-content\/uploads\/2024\/04\/verificare-esta-IT-1024x624.jpg\",\"contentUrl\":\"https:\/\/usa-gv.com\/wp-content\/uploads\/2024\/04\/verificare-esta-IT-1024x624.jpg\"},{\"@type\":\"BreadcrumbList\",\"@id\":\"https:\/\/usa-gv.com\/it\/verificare-la-validita-dell-esta\/#breadcrumb\",\"itemListElement\":[{\"@type\":\"ListItem\",\"position\":1,\"name\":\"Home\",\"item\":\"https:\/\/usa-gv.com\/it\/guida-turistica-degli-stati-uniti\/\"},{\"@type\":\"ListItem\",\"position\":2,\"name\":\"Controllare la validit\u00e0 di un ESTA online\"}]},{\"@type\":\"WebSite\",\"@id\":\"https:\/\/usa-gv.com\/it\/#website\",\"url\":\"https:\/\/usa-gv.com\/it\/\",\"name\":\"USA-GV.COM\",\"description\":\"\",\"potentialAction\":[{\"@type\":\"SearchAction\",\"target\":{\"@type\":\"EntryPoint\",\"urlTemplate\":\"https:\/\/usa-gv.com\/it\/?s={search_term_string}\"},\"query-input\":{\"@type\":\"PropertyValueSpecification\",\"valueRequired\":true,\"valueName\":\"search_term_string\"}}],\"inLanguage\":\"it-IT\"}]}<\/script>\n<!-- \/ Yoast SEO plugin. -->","yoast_head_json":{"title":"Controllare la validit\u00e0 di un ESTA online - USA-GV.COM","description":"Come verificare la validit\u00e0 dell'autorizzazione ESTA online in pochi minuti prima del viaggio negli Stati Uniti","robots":{"index":"index","follow":"follow","max-snippet":"max-snippet:-1","max-image-preview":"max-image-preview:large","max-video-preview":"max-video-preview:-1"},"canonical":"https:\/\/usa-gv.com\/it\/verificare-la-validita-dell-esta\/","og_locale":"it_IT","og_type":"article","og_title":"Controllare la validit\u00e0 di un ESTA online - USA-GV.COM","og_description":"Come verificare la validit\u00e0 dell'autorizzazione ESTA online in pochi minuti prima del viaggio negli Stati Uniti","og_url":"https:\/\/usa-gv.com\/it\/verificare-la-validita-dell-esta\/","og_site_name":"USA-GV.COM","article_modified_time":"2025-02-25T11:53:39+00:00","og_image":[{"url":"https:\/\/usa-gv.com\/wp-content\/uploads\/2024\/04\/verificare-esta-IT-1024x624.jpg","type":"","width":"","height":""}],"twitter_card":"summary_large_image","twitter_misc":{"Tempo di lettura stimato":"2 minuti"},"schema":{"@context":"https:\/\/schema.org","@graph":[{"@type":"WebPage","@id":"https:\/\/usa-gv.com\/it\/verificare-la-validita-dell-esta\/","url":"https:\/\/usa-gv.com\/it\/verificare-la-validita-dell-esta\/","name":"Controllare la validit\u00e0 di un ESTA online - USA-GV.COM","isPartOf":{"@id":"https:\/\/usa-gv.com\/it\/#website"},"primaryImageOfPage":{"@id":"https:\/\/usa-gv.com\/it\/verificare-la-validita-dell-esta\/#primaryimage"},"image":{"@id":"https:\/\/usa-gv.com\/it\/verificare-la-validita-dell-esta\/#primaryimage"},"thumbnailUrl":"https:\/\/usa-gv.com\/wp-content\/uploads\/2024\/04\/verificare-esta-IT-1024x624.jpg","datePublished":"2024-03-12T20:12:59+00:00","dateModified":"2025-02-25T11:53:39+00:00","description":"Come verificare la validit\u00e0 dell'autorizzazione ESTA online in pochi minuti prima del viaggio negli Stati Uniti","breadcrumb":{"@id":"https:\/\/usa-gv.com\/it\/verificare-la-validita-dell-esta\/#breadcrumb"},"inLanguage":"it-IT","potentialAction":[{"@type":"ReadAction","target":["https:\/\/usa-gv.com\/it\/verificare-la-validita-dell-esta\/"]}]},{"@type":"ImageObject","inLanguage":"it-IT","@id":"https:\/\/usa-gv.com\/it\/verificare-la-validita-dell-esta\/#primaryimage","url":"https:\/\/usa-gv.com\/wp-content\/uploads\/2024\/04\/verificare-esta-IT-1024x624.jpg","contentUrl":"https:\/\/usa-gv.com\/wp-content\/uploads\/2024\/04\/verificare-esta-IT-1024x624.jpg"},{"@type":"BreadcrumbList","@id":"https:\/\/usa-gv.com\/it\/verificare-la-validita-dell-esta\/#breadcrumb","itemListElement":[{"@type":"ListItem","position":1,"name":"Home","item":"https:\/\/usa-gv.com\/it\/guida-turistica-degli-stati-uniti\/"},{"@type":"ListItem","position":2,"name":"Controllare la validit\u00e0 di un ESTA online"}]},{"@type":"WebSite","@id":"https:\/\/usa-gv.com\/it\/#website","url":"https:\/\/usa-gv.com\/it\/","name":"USA-GV.COM","description":"","potentialAction":[{"@type":"SearchAction","target":{"@type":"EntryPoint","urlTemplate":"https:\/\/usa-gv.com\/it\/?s={search_term_string}"},"query-input":{"@type":"PropertyValueSpecification","valueRequired":true,"valueName":"search_term_string"}}],"inLanguage":"it-IT"}]}},"_links":{"self":[{"href":"https:\/\/usa-gv.com\/it\/wp-json\/wp\/v2\/pages\/3051","targetHints":{"allow":["GET"]}}],"collection":[{"href":"https:\/\/usa-gv.com\/it\/wp-json\/wp\/v2\/pages"}],"about":[{"href":"https:\/\/usa-gv.com\/it\/wp-json\/wp\/v2\/types\/page"}],"author":[{"embeddable":true,"href":"https:\/\/usa-gv.com\/it\/wp-json\/wp\/v2\/users\/1"}],"replies":[{"embeddable":true,"href":"https:\/\/usa-gv.com\/it\/wp-json\/wp\/v2\/comments?post=3051"}],"version-history":[{"count":1,"href":"https:\/\/usa-gv.com\/it\/wp-json\/wp\/v2\/pages\/3051\/revisions"}],"predecessor-version":[{"id":7719,"href":"https:\/\/usa-gv.com\/it\/wp-json\/wp\/v2\/pages\/3051\/revisions\/7719"}],"wp:attachment":[{"href":"https:\/\/usa-gv.com\/it\/wp-json\/wp\/v2\/media?parent=3051"}],"curies":[{"name":"wp","href":"https:\/\/api.w.org\/{rel}","templated":true}]}}