{"id":2997,"date":"2024-03-19T10:22:32","date_gmt":"2024-03-19T10:22:32","guid":{"rendered":"https:\/\/usa-gv.com\/domanda-esta-rifiutata\/"},"modified":"2025-02-25T11:53:02","modified_gmt":"2025-02-25T11:53:02","slug":"domanda-esta-rifiutata","status":"publish","type":"page","link":"https:\/\/usa-gv.com\/it\/domanda-esta-rifiutata\/","title":{"rendered":"Cosa fare se la domanda ESTA viene rifiutata"},"content":{"rendered":"\n<h1 class=\"wp-block-heading\">La domanda di ESTA \u00e8 stata rifiutata<\/h1>\n\n<p>Per recarti negli Stati Uniti nell&#8217;ambito del Programma Viaggio senza Visto (Visa Waiver Programme), devi ottenere un&#8217;autorizzazione di viaggio elettronica ESTA.\nSebbene la maggior parte delle richieste venga approvata, alcuni ESTA vengono rifiutati. <\/p>\n\n<h2 class=\"wp-block-heading\">Comprendere le ragioni del rifiuto<\/h2>\n\n<p>Il primo passo \u00e8 capire perch\u00e9 la tua domanda ESTA \u00e8 stata rifiutata.\nI motivi pi\u00f9 comuni sono : <\/p>\n\n<ul class=\"wp-block-list\">\n<li><strong>Informazioni errate o incomplete<\/strong>: Un errore nella <a href=\"https:\/\/usa-gv.com\/it\/compilare-il-modulo-esta-online\/\">compilazione del modulo ESTA<\/a>, come ad esempio un numero di passaporto errato o un errore di battitura nel nome.<\/li>\n\n\n\n<li><strong>Precedenti penali o problemi di sicurezza<\/strong>: le risposte affermative alle domande sui precedenti penali o sui problemi di sicurezza non soddisfano i <a href=\"https:\/\/usa-gv.com\/it\/regole-di-ammissibilita-per-esta\/\">requisiti di idoneit\u00e0 ESTA<\/a>.<\/li>\n\n\n\n<li><strong>Viaggi precedenti<\/strong>: Superamento della durata del soggiorno autorizzata durante precedenti viaggi negli Stati Uniti o visite a paesi sensibili come Iran, Iraq, Libia, Corea del Nord, Somalia, Sudan, Siria o Yemen dopo il 1\u00b0 marzo 2011.<\/li>\n<\/ul>\n\n<div style=\"height:10px\" aria-hidden=\"true\" class=\"wp-block-spacer\"><\/div>\n\n<h2 class=\"wp-block-heading\">Passi da compiere dopo un rifiuto<\/h2>\n\n<p>Se la tua domanda ESTA viene rifiutata, segui i seguenti passi:<\/p>\n\n<ul class=\"wp-block-list\">\n<li>Controlla e corregge le informazioni inserite per individuare eventuali errori.\nCorreggi eventuali informazioni errate e assicurati che tutti i campi siano compilati con precisione. <\/li>\n\n\n\n<li>Attendi 10 giorni prima di presentare una nuova domanda.\nAssicurati che tutte le informazioni siano corrette e aggiornate. <a href=\"https:\/\/usa-gv.com\/it\/come-pagare-una-esta\/\">Paga nuovamente la tassa ESTA<\/a>. <\/li>\n<\/ul>\n\n<div style=\"height:10px\" aria-hidden=\"true\" class=\"wp-block-spacer\"><\/div>\n\n<p>Se la tua domanda ESTA viene nuovamente respinta, puoi richiedere un <a href=\"https:\/\/usa-gv.com\/it\/visto-turistico-usa\/\">visto per gli Stati Uniti<\/a> presso un&#8217;ambasciata statunitense. La procedura di richiesta del visto \u00e8 pi\u00f9 lunga e costosa, ma offre un&#8217;alternativa affidabile per recarsi negli Stati Uniti. Preparati a fornire ulteriori documenti, come la prova dei legami con il tuo paese d&#8217;origine, gli estratti conto bancari e una lettera d&#8217;invito, se necessario.<\/p>\n\n<p>In caso di rifiuto persistente, pu\u00f2 essere utile consultare un esperto di immigrazione o un avvocato specializzato.<br\/>Un professionista pu\u00f2 aiutarti a capire le ragioni del rifiuto e a preparare una solida domanda di visto.<\/p>\n\n<h2 class=\"wp-block-heading\">Consigli per evitare il rifiuto<\/h2>\n\n<p>Per ridurre al minimo il rischio che la tua domanda ESTA venga respinta, segui questi consigli:<\/p>\n\n<ul class=\"wp-block-list\">\n<li>Prima di inviare la domanda, controlla tutte le informazioni per evitare errori.<\/li>\n\n\n\n<li>Rispondi onestamente alle domande sulla sicurezza e sul background.\nQualsiasi dichiarazione falsa pu\u00f2 comportare un rifiuto. <\/li>\n\n\n\n<li>Non aspettare l&#8217;ultimo minuto per presentare la tua domanda.\nIn caso di rifiuto, avrai tempo per richiedere un visto. <\/li>\n<\/ul>\n\n<div style=\"height:10px\" aria-hidden=\"true\" class=\"wp-block-spacer\"><\/div>\n","protected":false},"excerpt":{"rendered":"<p>La domanda di ESTA \u00e8 stata rifiutata Per recarti negli Stati Uniti nell&#8217;ambito del Programma Viaggio senza Visto (Visa Waiver Programme), devi ottenere un&#8217;autorizzazione di viaggio elettronica ESTA. Sebbene la maggior parte delle richieste venga approvata, alcuni ESTA vengono rifiutati. Comprendere le ragioni del rifiuto Il primo passo \u00e8 capire perch\u00e9 la tua domanda ESTA [&hellip;]<\/p>\n","protected":false},"author":1,"featured_media":0,"parent":0,"menu_order":0,"comment_status":"closed","ping_status":"closed","template":"","meta":{"footnotes":""},"class_list":["post-2997","page","type-page","status-publish","hentry"],"yoast_head":"<!-- This site is optimized with the Yoast SEO plugin v26.6 - https:\/\/yoast.com\/wordpress\/plugins\/seo\/ -->\n<title>Cosa fare se la domanda ESTA viene rifiutata - USA-GV.COM<\/title>\n<meta name=\"description\" content=\"Il rifiuto di una domanda ESTA online non significa che non potrete recarvi negli Stati Uniti. Scopri le nostre soluzioni\" \/>\n<meta name=\"robots\" content=\"index, follow, max-snippet:-1, max-image-preview:large, max-video-preview:-1\" \/>\n<link rel=\"canonical\" href=\"https:\/\/usa-gv.com\/it\/domanda-esta-rifiutata\/\" \/>\n<meta property=\"og:locale\" content=\"it_IT\" \/>\n<meta property=\"og:type\" content=\"article\" \/>\n<meta property=\"og:title\" content=\"Cosa fare se la domanda ESTA viene rifiutata - USA-GV.COM\" \/>\n<meta property=\"og:description\" content=\"Il rifiuto di una domanda ESTA online non significa che non potrete recarvi negli Stati Uniti. Scopri le nostre soluzioni\" \/>\n<meta property=\"og:url\" content=\"https:\/\/usa-gv.com\/it\/domanda-esta-rifiutata\/\" \/>\n<meta property=\"og:site_name\" content=\"USA-GV.COM\" \/>\n<meta property=\"article:modified_time\" content=\"2025-02-25T11:53:02+00:00\" \/>\n<meta name=\"twitter:card\" content=\"summary_large_image\" \/>\n<meta name=\"twitter:label1\" content=\"Tempo di lettura stimato\" \/>\n\t<meta name=\"twitter:data1\" content=\"2 minuti\" \/>\n<script type=\"application\/ld+json\" class=\"yoast-schema-graph\">{\"@context\":\"https:\/\/schema.org\",\"@graph\":[{\"@type\":\"WebPage\",\"@id\":\"https:\/\/usa-gv.com\/it\/domanda-esta-rifiutata\/\",\"url\":\"https:\/\/usa-gv.com\/it\/domanda-esta-rifiutata\/\",\"name\":\"Cosa fare se la domanda ESTA viene rifiutata - USA-GV.COM\",\"isPartOf\":{\"@id\":\"https:\/\/usa-gv.com\/it\/#website\"},\"datePublished\":\"2024-03-19T10:22:32+00:00\",\"dateModified\":\"2025-02-25T11:53:02+00:00\",\"description\":\"Il rifiuto di una domanda ESTA online non significa che non potrete recarvi negli Stati Uniti. Scopri le nostre soluzioni\",\"breadcrumb\":{\"@id\":\"https:\/\/usa-gv.com\/it\/domanda-esta-rifiutata\/#breadcrumb\"},\"inLanguage\":\"it-IT\",\"potentialAction\":[{\"@type\":\"ReadAction\",\"target\":[\"https:\/\/usa-gv.com\/it\/domanda-esta-rifiutata\/\"]}]},{\"@type\":\"BreadcrumbList\",\"@id\":\"https:\/\/usa-gv.com\/it\/domanda-esta-rifiutata\/#breadcrumb\",\"itemListElement\":[{\"@type\":\"ListItem\",\"position\":1,\"name\":\"Home\",\"item\":\"https:\/\/usa-gv.com\/it\/guida-turistica-degli-stati-uniti\/\"},{\"@type\":\"ListItem\",\"position\":2,\"name\":\"Cosa fare se la domanda ESTA viene rifiutata\"}]},{\"@type\":\"WebSite\",\"@id\":\"https:\/\/usa-gv.com\/it\/#website\",\"url\":\"https:\/\/usa-gv.com\/it\/\",\"name\":\"USA-GV.COM\",\"description\":\"\",\"potentialAction\":[{\"@type\":\"SearchAction\",\"target\":{\"@type\":\"EntryPoint\",\"urlTemplate\":\"https:\/\/usa-gv.com\/it\/?s={search_term_string}\"},\"query-input\":{\"@type\":\"PropertyValueSpecification\",\"valueRequired\":true,\"valueName\":\"search_term_string\"}}],\"inLanguage\":\"it-IT\"}]}<\/script>\n<!-- \/ Yoast SEO plugin. -->","yoast_head_json":{"title":"Cosa fare se la domanda ESTA viene rifiutata - USA-GV.COM","description":"Il rifiuto di una domanda ESTA online non significa che non potrete recarvi negli Stati Uniti. Scopri le nostre soluzioni","robots":{"index":"index","follow":"follow","max-snippet":"max-snippet:-1","max-image-preview":"max-image-preview:large","max-video-preview":"max-video-preview:-1"},"canonical":"https:\/\/usa-gv.com\/it\/domanda-esta-rifiutata\/","og_locale":"it_IT","og_type":"article","og_title":"Cosa fare se la domanda ESTA viene rifiutata - USA-GV.COM","og_description":"Il rifiuto di una domanda ESTA online non significa che non potrete recarvi negli Stati Uniti. Scopri le nostre soluzioni","og_url":"https:\/\/usa-gv.com\/it\/domanda-esta-rifiutata\/","og_site_name":"USA-GV.COM","article_modified_time":"2025-02-25T11:53:02+00:00","twitter_card":"summary_large_image","twitter_misc":{"Tempo di lettura stimato":"2 minuti"},"schema":{"@context":"https:\/\/schema.org","@graph":[{"@type":"WebPage","@id":"https:\/\/usa-gv.com\/it\/domanda-esta-rifiutata\/","url":"https:\/\/usa-gv.com\/it\/domanda-esta-rifiutata\/","name":"Cosa fare se la domanda ESTA viene rifiutata - USA-GV.COM","isPartOf":{"@id":"https:\/\/usa-gv.com\/it\/#website"},"datePublished":"2024-03-19T10:22:32+00:00","dateModified":"2025-02-25T11:53:02+00:00","description":"Il rifiuto di una domanda ESTA online non significa che non potrete recarvi negli Stati Uniti. Scopri le nostre soluzioni","breadcrumb":{"@id":"https:\/\/usa-gv.com\/it\/domanda-esta-rifiutata\/#breadcrumb"},"inLanguage":"it-IT","potentialAction":[{"@type":"ReadAction","target":["https:\/\/usa-gv.com\/it\/domanda-esta-rifiutata\/"]}]},{"@type":"BreadcrumbList","@id":"https:\/\/usa-gv.com\/it\/domanda-esta-rifiutata\/#breadcrumb","itemListElement":[{"@type":"ListItem","position":1,"name":"Home","item":"https:\/\/usa-gv.com\/it\/guida-turistica-degli-stati-uniti\/"},{"@type":"ListItem","position":2,"name":"Cosa fare se la domanda ESTA viene rifiutata"}]},{"@type":"WebSite","@id":"https:\/\/usa-gv.com\/it\/#website","url":"https:\/\/usa-gv.com\/it\/","name":"USA-GV.COM","description":"","potentialAction":[{"@type":"SearchAction","target":{"@type":"EntryPoint","urlTemplate":"https:\/\/usa-gv.com\/it\/?s={search_term_string}"},"query-input":{"@type":"PropertyValueSpecification","valueRequired":true,"valueName":"search_term_string"}}],"inLanguage":"it-IT"}]}},"_links":{"self":[{"href":"https:\/\/usa-gv.com\/it\/wp-json\/wp\/v2\/pages\/2997","targetHints":{"allow":["GET"]}}],"collection":[{"href":"https:\/\/usa-gv.com\/it\/wp-json\/wp\/v2\/pages"}],"about":[{"href":"https:\/\/usa-gv.com\/it\/wp-json\/wp\/v2\/types\/page"}],"author":[{"embeddable":true,"href":"https:\/\/usa-gv.com\/it\/wp-json\/wp\/v2\/users\/1"}],"replies":[{"embeddable":true,"href":"https:\/\/usa-gv.com\/it\/wp-json\/wp\/v2\/comments?post=2997"}],"version-history":[{"count":1,"href":"https:\/\/usa-gv.com\/it\/wp-json\/wp\/v2\/pages\/2997\/revisions"}],"predecessor-version":[{"id":7686,"href":"https:\/\/usa-gv.com\/it\/wp-json\/wp\/v2\/pages\/2997\/revisions\/7686"}],"wp:attachment":[{"href":"https:\/\/usa-gv.com\/it\/wp-json\/wp\/v2\/media?parent=2997"}],"curies":[{"name":"wp","href":"https:\/\/api.w.org\/{rel}","templated":true}]}}