{"id":2961,"date":"2024-03-10T21:26:19","date_gmt":"2024-03-10T21:26:19","guid":{"rendered":"https:\/\/usa-gv.com\/cos-e-un-autorizzazione-esta\/"},"modified":"2025-02-25T11:52:49","modified_gmt":"2025-02-25T11:52:49","slug":"cos-e-un-autorizzazione-esta","status":"publish","type":"page","link":"https:\/\/usa-gv.com\/it\/cos-e-un-autorizzazione-esta\/","title":{"rendered":"Cos&#8217;\u00e8 l&#8217;autorizzazione ESTA USA?"},"content":{"rendered":"\n<h1 class=\"wp-block-heading\">Cos&#8217;\u00e8 l&#8217;autorizzazione ESTA?<\/h1>\n\n<p>L&#8217;ESTA \u00e8 un sistema elettronico di richiesta di autorizzazione al viaggio istituito dal governo degli Stati Uniti.\nESTA \u00e8 l&#8217;acronimo di <strong>Electronic System for Travel Authorization<\/strong>.\nQuesto programma di esenzione dal visto consente ai cittadini dei paesi che beneficiano del <a href=\"https:\/\/usa-gv.com\/it\/visa-waiver-program-usa\/\">Visa Waiver Program<\/a> di recarsi negli Stati Uniti per turismo o per affari senza dover richiedere un visto.  <\/p>\n\n<h2 class=\"wp-block-heading\">Come funziona l&#8217;ESTA?<\/h2>\n\n<p>Per ottenere l&#8217;autorizzazione ESTA, i viaggiatori devono compilare il <a href=\"https:\/\/usa-gv.com\/it\/modulo-esta-online\/\">modulo ESTA online<\/a>. La procedura prevede la compilazione dei dati personali del viaggiatore e la risposta sincera alle <a href=\"https:\/\/usa-gv.com\/it\/domande-sul-modulo-esta\/\">domande dell&#8217;ESTA<\/a>. Questo processo computerizzato verifica l&#8217;idoneit\u00e0 dei visitatori nell&#8217;ambito del Programma Viaggio senza Visto prima del loro arrivo negli Stati Uniti. Una volta approvata, l&#8217;autorizzazione ESTA \u00e8 valida per due anni o fino alla scadenza del <a href=\"https:\/\/usa-gv.com\/it\/passaporto-per-gli-stati-uniti\/\">passaporto valido per gli USA<\/a> del titolare.<\/p>\n\n<h2 class=\"wp-block-heading\">Vantaggi dell&#8217;ESTA per i viaggi negli Stati Uniti<\/h2>\n\n<p>L&#8217;ESTA offre numerosi vantaggi ai viaggiatori internazionali.\nIl processo di richiesta \u00e8 interamente online, semplificando le procedure amministrative e consentendo una risposta entro 72 ore.\nI viaggiatori possono visitare gli Stati Uniti pi\u00f9 volte durante il <a href=\"https:\/\/usa-gv.com\/it\/periodo-validita-dell-esta\/\">periodo di validit\u00e0 dell&#8217;ESTA<\/a> senza dover <a href=\"https:\/\/usa-gv.com\/it\/esta-rinnovo\/\">rinnovare l&#8217;ESTA<\/a> per ogni visita.  <\/p>\n\n<h2 class=\"wp-block-heading\">Condizioni e restrizioni dell&#8217;ESTA<\/h2>\n\n<p>L&#8217;ESTA facilita l&#8217;accesso agli Stati Uniti per un soggiorno di breve durata, ma prevede alcune restrizioni.\nI titolari di autorizzazione ESTA non possono lavorare o studiare per ottenere crediti accademici.\nNon \u00e8 nemmeno possibile diventare un residente permanente entrando negli Stati Uniti con l&#8217;autorizzazione ESTA.\n\u00c8 fondamentale rispettare queste condizioni per evitare complicazioni legali o il <a href=\"https:\/\/usa-gv.com\/it\/domanda-esta-rifiutata\/\">rifiuto dell&#8217;ESTA<\/a>.   <\/p>\n\n<h2 class=\"wp-block-heading\">L&#8217;importanza dell&#8217;ESTA per il turismo e le imprese<\/h2>\n\n<p>L&#8217;ESTA \u00e8 diventata uno strumento essenziale per il turismo e i viaggi d&#8217;affari, consentendo un ingresso rapido e sicuro negli Stati Uniti.\nIn questo modo si rafforzano i legami economici e culturali tra gli Stati Uniti e i Paesi aderenti al Programma Viaggio senza Visto, mantenendo al contempo gli standard di sicurezza nazionale. <\/p>\n","protected":false},"excerpt":{"rendered":"<p>Cos&#8217;\u00e8 l&#8217;autorizzazione ESTA? L&#8217;ESTA \u00e8 un sistema elettronico di richiesta di autorizzazione al viaggio istituito dal governo degli Stati Uniti. ESTA \u00e8 l&#8217;acronimo di Electronic System for Travel Authorization. Questo programma di esenzione dal visto consente ai cittadini dei paesi che beneficiano del Visa Waiver Program di recarsi negli Stati Uniti per turismo o per [&hellip;]<\/p>\n","protected":false},"author":1,"featured_media":0,"parent":0,"menu_order":0,"comment_status":"closed","ping_status":"closed","template":"","meta":{"footnotes":""},"class_list":["post-2961","page","type-page","status-publish","hentry"],"yoast_head":"<!-- This site is optimized with the Yoast SEO plugin v26.6 - https:\/\/yoast.com\/wordpress\/plugins\/seo\/ -->\n<title>Cos&#039;\u00e8 l&#039;autorizzazione ESTA USA? - USA-GV.COM<\/title>\n<meta name=\"description\" content=\"Scoprite in dettaglio cos&#039;\u00e8 un&#039;autorizzazione di viaggio ESTA per gli Stati Uniti prima di presentare una domanda ESTA online.\" \/>\n<meta name=\"robots\" content=\"index, follow, max-snippet:-1, max-image-preview:large, max-video-preview:-1\" \/>\n<link rel=\"canonical\" href=\"https:\/\/usa-gv.com\/it\/cos-e-un-autorizzazione-esta\/\" \/>\n<meta property=\"og:locale\" content=\"it_IT\" \/>\n<meta property=\"og:type\" content=\"article\" \/>\n<meta property=\"og:title\" content=\"Cos&#039;\u00e8 l&#039;autorizzazione ESTA USA? - USA-GV.COM\" \/>\n<meta property=\"og:description\" content=\"Scoprite in dettaglio cos&#039;\u00e8 un&#039;autorizzazione di viaggio ESTA per gli Stati Uniti prima di presentare una domanda ESTA online.\" \/>\n<meta property=\"og:url\" content=\"https:\/\/usa-gv.com\/it\/cos-e-un-autorizzazione-esta\/\" \/>\n<meta property=\"og:site_name\" content=\"USA-GV.COM\" \/>\n<meta property=\"article:modified_time\" content=\"2025-02-25T11:52:49+00:00\" \/>\n<meta name=\"twitter:card\" content=\"summary_large_image\" \/>\n<meta name=\"twitter:label1\" content=\"Tempo di lettura stimato\" \/>\n\t<meta name=\"twitter:data1\" content=\"2 minuti\" \/>\n<script type=\"application\/ld+json\" class=\"yoast-schema-graph\">{\"@context\":\"https:\/\/schema.org\",\"@graph\":[{\"@type\":\"WebPage\",\"@id\":\"https:\/\/usa-gv.com\/it\/cos-e-un-autorizzazione-esta\/\",\"url\":\"https:\/\/usa-gv.com\/it\/cos-e-un-autorizzazione-esta\/\",\"name\":\"Cos'\u00e8 l'autorizzazione ESTA USA? - USA-GV.COM\",\"isPartOf\":{\"@id\":\"https:\/\/usa-gv.com\/it\/#website\"},\"datePublished\":\"2024-03-10T21:26:19+00:00\",\"dateModified\":\"2025-02-25T11:52:49+00:00\",\"description\":\"Scoprite in dettaglio cos'\u00e8 un'autorizzazione di viaggio ESTA per gli Stati Uniti prima di presentare una domanda ESTA online.\",\"breadcrumb\":{\"@id\":\"https:\/\/usa-gv.com\/it\/cos-e-un-autorizzazione-esta\/#breadcrumb\"},\"inLanguage\":\"it-IT\",\"potentialAction\":[{\"@type\":\"ReadAction\",\"target\":[\"https:\/\/usa-gv.com\/it\/cos-e-un-autorizzazione-esta\/\"]}]},{\"@type\":\"BreadcrumbList\",\"@id\":\"https:\/\/usa-gv.com\/it\/cos-e-un-autorizzazione-esta\/#breadcrumb\",\"itemListElement\":[{\"@type\":\"ListItem\",\"position\":1,\"name\":\"Home\",\"item\":\"https:\/\/usa-gv.com\/it\/guida-turistica-degli-stati-uniti\/\"},{\"@type\":\"ListItem\",\"position\":2,\"name\":\"Cos&rsquo;\u00e8 l&rsquo;autorizzazione ESTA USA?\"}]},{\"@type\":\"WebSite\",\"@id\":\"https:\/\/usa-gv.com\/it\/#website\",\"url\":\"https:\/\/usa-gv.com\/it\/\",\"name\":\"USA-GV.COM\",\"description\":\"\",\"potentialAction\":[{\"@type\":\"SearchAction\",\"target\":{\"@type\":\"EntryPoint\",\"urlTemplate\":\"https:\/\/usa-gv.com\/it\/?s={search_term_string}\"},\"query-input\":{\"@type\":\"PropertyValueSpecification\",\"valueRequired\":true,\"valueName\":\"search_term_string\"}}],\"inLanguage\":\"it-IT\"}]}<\/script>\n<!-- \/ Yoast SEO plugin. -->","yoast_head_json":{"title":"Cos'\u00e8 l'autorizzazione ESTA USA? - USA-GV.COM","description":"Scoprite in dettaglio cos'\u00e8 un'autorizzazione di viaggio ESTA per gli Stati Uniti prima di presentare una domanda ESTA online.","robots":{"index":"index","follow":"follow","max-snippet":"max-snippet:-1","max-image-preview":"max-image-preview:large","max-video-preview":"max-video-preview:-1"},"canonical":"https:\/\/usa-gv.com\/it\/cos-e-un-autorizzazione-esta\/","og_locale":"it_IT","og_type":"article","og_title":"Cos'\u00e8 l'autorizzazione ESTA USA? - USA-GV.COM","og_description":"Scoprite in dettaglio cos'\u00e8 un'autorizzazione di viaggio ESTA per gli Stati Uniti prima di presentare una domanda ESTA online.","og_url":"https:\/\/usa-gv.com\/it\/cos-e-un-autorizzazione-esta\/","og_site_name":"USA-GV.COM","article_modified_time":"2025-02-25T11:52:49+00:00","twitter_card":"summary_large_image","twitter_misc":{"Tempo di lettura stimato":"2 minuti"},"schema":{"@context":"https:\/\/schema.org","@graph":[{"@type":"WebPage","@id":"https:\/\/usa-gv.com\/it\/cos-e-un-autorizzazione-esta\/","url":"https:\/\/usa-gv.com\/it\/cos-e-un-autorizzazione-esta\/","name":"Cos'\u00e8 l'autorizzazione ESTA USA? - USA-GV.COM","isPartOf":{"@id":"https:\/\/usa-gv.com\/it\/#website"},"datePublished":"2024-03-10T21:26:19+00:00","dateModified":"2025-02-25T11:52:49+00:00","description":"Scoprite in dettaglio cos'\u00e8 un'autorizzazione di viaggio ESTA per gli Stati Uniti prima di presentare una domanda ESTA online.","breadcrumb":{"@id":"https:\/\/usa-gv.com\/it\/cos-e-un-autorizzazione-esta\/#breadcrumb"},"inLanguage":"it-IT","potentialAction":[{"@type":"ReadAction","target":["https:\/\/usa-gv.com\/it\/cos-e-un-autorizzazione-esta\/"]}]},{"@type":"BreadcrumbList","@id":"https:\/\/usa-gv.com\/it\/cos-e-un-autorizzazione-esta\/#breadcrumb","itemListElement":[{"@type":"ListItem","position":1,"name":"Home","item":"https:\/\/usa-gv.com\/it\/guida-turistica-degli-stati-uniti\/"},{"@type":"ListItem","position":2,"name":"Cos&rsquo;\u00e8 l&rsquo;autorizzazione ESTA USA?"}]},{"@type":"WebSite","@id":"https:\/\/usa-gv.com\/it\/#website","url":"https:\/\/usa-gv.com\/it\/","name":"USA-GV.COM","description":"","potentialAction":[{"@type":"SearchAction","target":{"@type":"EntryPoint","urlTemplate":"https:\/\/usa-gv.com\/it\/?s={search_term_string}"},"query-input":{"@type":"PropertyValueSpecification","valueRequired":true,"valueName":"search_term_string"}}],"inLanguage":"it-IT"}]}},"_links":{"self":[{"href":"https:\/\/usa-gv.com\/it\/wp-json\/wp\/v2\/pages\/2961","targetHints":{"allow":["GET"]}}],"collection":[{"href":"https:\/\/usa-gv.com\/it\/wp-json\/wp\/v2\/pages"}],"about":[{"href":"https:\/\/usa-gv.com\/it\/wp-json\/wp\/v2\/types\/page"}],"author":[{"embeddable":true,"href":"https:\/\/usa-gv.com\/it\/wp-json\/wp\/v2\/users\/1"}],"replies":[{"embeddable":true,"href":"https:\/\/usa-gv.com\/it\/wp-json\/wp\/v2\/comments?post=2961"}],"version-history":[{"count":1,"href":"https:\/\/usa-gv.com\/it\/wp-json\/wp\/v2\/pages\/2961\/revisions"}],"predecessor-version":[{"id":7664,"href":"https:\/\/usa-gv.com\/it\/wp-json\/wp\/v2\/pages\/2961\/revisions\/7664"}],"wp:attachment":[{"href":"https:\/\/usa-gv.com\/it\/wp-json\/wp\/v2\/media?parent=2961"}],"curies":[{"name":"wp","href":"https:\/\/api.w.org\/{rel}","templated":true}]}}