{"id":2943,"date":"2024-03-19T10:16:25","date_gmt":"2024-03-19T10:16:25","guid":{"rendered":"https:\/\/usa-gv.com\/domanda-esta-in-sospeso\/"},"modified":"2025-02-25T11:52:42","modified_gmt":"2025-02-25T11:52:42","slug":"domanda-esta-in-sospeso","status":"publish","type":"page","link":"https:\/\/usa-gv.com\/it\/domanda-esta-in-sospeso\/","title":{"rendered":"Perch\u00e9 una domanda ESTA \u00e8 in attesa"},"content":{"rendered":"\n<h1 class=\"wp-block-heading\">La vostra domanda di ESTA \u00e8 in sospeso<\/h1>\n\n<p>La procedura per ottenere l&#8217;autorizzazione al viaggio ESTA \u00e8 interamente online.\nSebbene la maggior parte delle autorizzazioni venga rilasciata nel giro di pochi minuti, alcune richieste vengono considerate in sospeso.  Questo stato significa che la tua domanda avr\u00e0 bisogno di pi\u00f9 tempo per essere elaborata.<\/p>\n\n<h2 class=\"wp-block-heading\">Perch\u00e9 una domanda ESTA \u00e8 in attesa?<\/h2>\n\n<p>Ci sono diversi motivi per cui una domanda ESTA pu\u00f2 essere messa in attesa:<\/p>\n\n<ol class=\"wp-block-list\">\n<li><strong>Traffico sul sito<\/strong>: se invii la tua domanda ESTA durante un periodo di grande affluenza, la <a href=\"https:\/\/usa-gv.com\/it\/verificare-la-validita-dell-esta\/\">validit\u00e0 dell&#8217;ESTA<\/a> potrebbe non essere elaborata immediatamente, mettendo temporaneamente in attesa la tua domanda.<\/li>\n\n\n\n<li><strong>Controlli casuali<\/strong>: le autorit\u00e0 statunitensi a volte effettuano controlli casuali sulle domande, il che pu\u00f2 comportare ulteriori ritardi.<\/li>\n\n\n\n<li><strong>Controlli aggiuntivi<\/strong>: a seconda delle informazioni fornite, potrebbero essere necessari ulteriori controlli per assicurarsi che tu non rappresenti una minaccia per il paese.<\/li>\n<\/ol>\n\n<h2 class=\"wp-block-heading\">Tempi di attesa per la domanda ESTA<\/h2>\n\n<p>La maggior parte delle domande viene elaborata entro 24 ore dall&#8217;invio.\nTuttavia, l&#8217;<a href=\"https:\/\/usa-gv.com\/it\/scadenze-ottenere-esta\/\">elaborazione delle domande ESTA richiede<\/a> un massimo di 72 ore.\n\u00c8 quindi fondamentale tenere conto di questo periodo al momento della presentazione della domanda per evitare il rischio di una partenza compromessa.   Non puoi recarti negli Stati Uniti senza un&#8217;autorizzazione preventiva.<\/p>\n\n<h2 class=\"wp-block-heading\">Cosa devo fare se il mio ESTA viene rifiutato?<\/h2>\n\n<p>Se la tua <a href=\"https:\/\/usa-gv.com\/it\/domanda-esta-rifiutata\/\">domanda ESTA viene rifiutata<\/a>, ecco i passi da seguire:<\/p>\n\n<ol class=\"wp-block-list\">\n<li><strong>Ripresentare una domanda<\/strong>: puoi presentare una nuova domanda dopo 10 giorni.\nAssicurati che tutte le informazioni inserite siano corrette e che tu soddisfi tutti i criteri di idoneit\u00e0. <\/li>\n\n\n\n<li><strong>Richiesta di visto<\/strong>: puoi richiedere un <a href=\"https:\/\/usa-gv.com\/it\/visto-turistico-usa\/\">visto turistico per gli Stati Uniti<\/a> presso un&#8217;ambasciata americana. Sebbene questa procedura sia pi\u00f9 lunga e costosa, ti permette di viaggiare negli Stati Uniti nonostante il rifiuto dell&#8217;autorizzazione ESTA.<\/li>\n<\/ol>\n\n<p>Per assicurarti che la tua domanda ESTA venga elaborata senza intoppi, assicurati che le informazioni fornite siano accurate e presenta la domanda con largo anticipo per evitare qualsiasi imprevisto.<\/p>\n","protected":false},"excerpt":{"rendered":"<p>La vostra domanda di ESTA \u00e8 in sospeso La procedura per ottenere l&#8217;autorizzazione al viaggio ESTA \u00e8 interamente online. Sebbene la maggior parte delle autorizzazioni venga rilasciata nel giro di pochi minuti, alcune richieste vengono considerate in sospeso. Questo stato significa che la tua domanda avr\u00e0 bisogno di pi\u00f9 tempo per essere elaborata. Perch\u00e9 una [&hellip;]<\/p>\n","protected":false},"author":1,"featured_media":0,"parent":0,"menu_order":0,"comment_status":"closed","ping_status":"closed","template":"","meta":{"footnotes":""},"class_list":["post-2943","page","type-page","status-publish","hentry"],"yoast_head":"<!-- This site is optimized with the Yoast SEO plugin v26.6 - https:\/\/yoast.com\/wordpress\/plugins\/seo\/ -->\n<title>Perch\u00e9 una domanda ESTA \u00e8 in attesa - USA-GV.COM<\/title>\n<meta name=\"description\" content=\"Cosa significa che lo stato della vostra domanda ESTA \u00e8 in sospeso? Ecco le informazioni necessarie per capire\" \/>\n<meta name=\"robots\" content=\"index, follow, max-snippet:-1, max-image-preview:large, max-video-preview:-1\" \/>\n<link rel=\"canonical\" href=\"https:\/\/usa-gv.com\/it\/domanda-esta-in-sospeso\/\" \/>\n<meta property=\"og:locale\" content=\"it_IT\" \/>\n<meta property=\"og:type\" content=\"article\" \/>\n<meta property=\"og:title\" content=\"Perch\u00e9 una domanda ESTA \u00e8 in attesa - USA-GV.COM\" \/>\n<meta property=\"og:description\" content=\"Cosa significa che lo stato della vostra domanda ESTA \u00e8 in sospeso? Ecco le informazioni necessarie per capire\" \/>\n<meta property=\"og:url\" content=\"https:\/\/usa-gv.com\/it\/domanda-esta-in-sospeso\/\" \/>\n<meta property=\"og:site_name\" content=\"USA-GV.COM\" \/>\n<meta property=\"article:modified_time\" content=\"2025-02-25T11:52:42+00:00\" \/>\n<meta name=\"twitter:card\" content=\"summary_large_image\" \/>\n<meta name=\"twitter:label1\" content=\"Tempo di lettura stimato\" \/>\n\t<meta name=\"twitter:data1\" content=\"2 minuti\" \/>\n<script type=\"application\/ld+json\" class=\"yoast-schema-graph\">{\"@context\":\"https:\/\/schema.org\",\"@graph\":[{\"@type\":\"WebPage\",\"@id\":\"https:\/\/usa-gv.com\/it\/domanda-esta-in-sospeso\/\",\"url\":\"https:\/\/usa-gv.com\/it\/domanda-esta-in-sospeso\/\",\"name\":\"Perch\u00e9 una domanda ESTA \u00e8 in attesa - USA-GV.COM\",\"isPartOf\":{\"@id\":\"https:\/\/usa-gv.com\/it\/#website\"},\"datePublished\":\"2024-03-19T10:16:25+00:00\",\"dateModified\":\"2025-02-25T11:52:42+00:00\",\"description\":\"Cosa significa che lo stato della vostra domanda ESTA \u00e8 in sospeso? Ecco le informazioni necessarie per capire\",\"breadcrumb\":{\"@id\":\"https:\/\/usa-gv.com\/it\/domanda-esta-in-sospeso\/#breadcrumb\"},\"inLanguage\":\"it-IT\",\"potentialAction\":[{\"@type\":\"ReadAction\",\"target\":[\"https:\/\/usa-gv.com\/it\/domanda-esta-in-sospeso\/\"]}]},{\"@type\":\"BreadcrumbList\",\"@id\":\"https:\/\/usa-gv.com\/it\/domanda-esta-in-sospeso\/#breadcrumb\",\"itemListElement\":[{\"@type\":\"ListItem\",\"position\":1,\"name\":\"Home\",\"item\":\"https:\/\/usa-gv.com\/it\/guida-turistica-degli-stati-uniti\/\"},{\"@type\":\"ListItem\",\"position\":2,\"name\":\"Perch\u00e9 una domanda ESTA \u00e8 in attesa\"}]},{\"@type\":\"WebSite\",\"@id\":\"https:\/\/usa-gv.com\/it\/#website\",\"url\":\"https:\/\/usa-gv.com\/it\/\",\"name\":\"USA-GV.COM\",\"description\":\"\",\"potentialAction\":[{\"@type\":\"SearchAction\",\"target\":{\"@type\":\"EntryPoint\",\"urlTemplate\":\"https:\/\/usa-gv.com\/it\/?s={search_term_string}\"},\"query-input\":{\"@type\":\"PropertyValueSpecification\",\"valueRequired\":true,\"valueName\":\"search_term_string\"}}],\"inLanguage\":\"it-IT\"}]}<\/script>\n<!-- \/ Yoast SEO plugin. -->","yoast_head_json":{"title":"Perch\u00e9 una domanda ESTA \u00e8 in attesa - USA-GV.COM","description":"Cosa significa che lo stato della vostra domanda ESTA \u00e8 in sospeso? Ecco le informazioni necessarie per capire","robots":{"index":"index","follow":"follow","max-snippet":"max-snippet:-1","max-image-preview":"max-image-preview:large","max-video-preview":"max-video-preview:-1"},"canonical":"https:\/\/usa-gv.com\/it\/domanda-esta-in-sospeso\/","og_locale":"it_IT","og_type":"article","og_title":"Perch\u00e9 una domanda ESTA \u00e8 in attesa - USA-GV.COM","og_description":"Cosa significa che lo stato della vostra domanda ESTA \u00e8 in sospeso? Ecco le informazioni necessarie per capire","og_url":"https:\/\/usa-gv.com\/it\/domanda-esta-in-sospeso\/","og_site_name":"USA-GV.COM","article_modified_time":"2025-02-25T11:52:42+00:00","twitter_card":"summary_large_image","twitter_misc":{"Tempo di lettura stimato":"2 minuti"},"schema":{"@context":"https:\/\/schema.org","@graph":[{"@type":"WebPage","@id":"https:\/\/usa-gv.com\/it\/domanda-esta-in-sospeso\/","url":"https:\/\/usa-gv.com\/it\/domanda-esta-in-sospeso\/","name":"Perch\u00e9 una domanda ESTA \u00e8 in attesa - USA-GV.COM","isPartOf":{"@id":"https:\/\/usa-gv.com\/it\/#website"},"datePublished":"2024-03-19T10:16:25+00:00","dateModified":"2025-02-25T11:52:42+00:00","description":"Cosa significa che lo stato della vostra domanda ESTA \u00e8 in sospeso? Ecco le informazioni necessarie per capire","breadcrumb":{"@id":"https:\/\/usa-gv.com\/it\/domanda-esta-in-sospeso\/#breadcrumb"},"inLanguage":"it-IT","potentialAction":[{"@type":"ReadAction","target":["https:\/\/usa-gv.com\/it\/domanda-esta-in-sospeso\/"]}]},{"@type":"BreadcrumbList","@id":"https:\/\/usa-gv.com\/it\/domanda-esta-in-sospeso\/#breadcrumb","itemListElement":[{"@type":"ListItem","position":1,"name":"Home","item":"https:\/\/usa-gv.com\/it\/guida-turistica-degli-stati-uniti\/"},{"@type":"ListItem","position":2,"name":"Perch\u00e9 una domanda ESTA \u00e8 in attesa"}]},{"@type":"WebSite","@id":"https:\/\/usa-gv.com\/it\/#website","url":"https:\/\/usa-gv.com\/it\/","name":"USA-GV.COM","description":"","potentialAction":[{"@type":"SearchAction","target":{"@type":"EntryPoint","urlTemplate":"https:\/\/usa-gv.com\/it\/?s={search_term_string}"},"query-input":{"@type":"PropertyValueSpecification","valueRequired":true,"valueName":"search_term_string"}}],"inLanguage":"it-IT"}]}},"_links":{"self":[{"href":"https:\/\/usa-gv.com\/it\/wp-json\/wp\/v2\/pages\/2943","targetHints":{"allow":["GET"]}}],"collection":[{"href":"https:\/\/usa-gv.com\/it\/wp-json\/wp\/v2\/pages"}],"about":[{"href":"https:\/\/usa-gv.com\/it\/wp-json\/wp\/v2\/types\/page"}],"author":[{"embeddable":true,"href":"https:\/\/usa-gv.com\/it\/wp-json\/wp\/v2\/users\/1"}],"replies":[{"embeddable":true,"href":"https:\/\/usa-gv.com\/it\/wp-json\/wp\/v2\/comments?post=2943"}],"version-history":[{"count":1,"href":"https:\/\/usa-gv.com\/it\/wp-json\/wp\/v2\/pages\/2943\/revisions"}],"predecessor-version":[{"id":7653,"href":"https:\/\/usa-gv.com\/it\/wp-json\/wp\/v2\/pages\/2943\/revisions\/7653"}],"wp:attachment":[{"href":"https:\/\/usa-gv.com\/it\/wp-json\/wp\/v2\/media?parent=2943"}],"curies":[{"name":"wp","href":"https:\/\/api.w.org\/{rel}","templated":true}]}}