{"id":2925,"date":"2024-03-12T18:55:40","date_gmt":"2024-03-12T18:55:40","guid":{"rendered":"https:\/\/usa-gv.com\/passaporto-per-gli-stati-uniti\/"},"modified":"2025-02-25T11:52:28","modified_gmt":"2025-02-25T11:52:28","slug":"passaporto-per-gli-stati-uniti","status":"publish","type":"page","link":"https:\/\/usa-gv.com\/it\/passaporto-per-gli-stati-uniti\/","title":{"rendered":"Passaporti accettati per i viaggi negli Stati Uniti"},"content":{"rendered":"\n<h1 class=\"wp-block-heading\">Di quale passaporto ho bisogno per recarmi negli Stati Uniti?<\/h1>\n\n<p>Gli Stati Uniti impongono alcune condizioni sul tipo di passaporto richiesto ai viaggiatori che desiderano entrare nel Paese nell&#8217;ambito del <a href=\"https:\/\/usa-gv.com\/it\/visa-waiver-program-usa\/\">Programma Viaggio senza Visto<\/a>. Ecco le specifiche del passaporto richieste dalle autorit\u00e0 statunitensi per la <a href=\"https:\/\/usa-gv.com\/it\/modulo-esta-online\/\">richiesta ESTA online<\/a> per gli Stati Uniti:<\/p>\n\n<ul class=\"wp-block-list\">\n<li>I viaggiatori devono essere in possesso di un passaporto biometrico o elettronico;<\/li>\n\n\n\n<li>Il passaporto deve essere valido per un periodo di 6 mesi oltre la data di partenza prevista dagli Stati Uniti.<\/li>\n<\/ul>\n\n<div style=\"height:10px\" aria-hidden=\"true\" class=\"wp-block-spacer\"><\/div>\n\n<p><strong>Attenzione<\/strong>: Il periodo di validit\u00e0 del passaporto pu\u00f2 influire sul <a href=\"https:\/\/usa-gv.com\/it\/periodo-validita-dell-esta\/\">periodo di validit\u00e0 dell&#8217;ESTA<\/a>. Quando un passaporto raggiunge la data di validit\u00e0, l&#8217;autorizzazione ESTA ottenuta con il passaporto non \u00e8 pi\u00f9 valida. I viaggiatori devono <a href=\"https:\/\/usa-gv.com\/it\/esta-rinnovo\/\">rinnovare l&#8217;ESTA<\/a> una volta ottenuto un nuovo passaporto.<\/p>\n\n<h2 class=\"wp-block-heading\">Che cos&#8217;\u00e8 un passaporto biometrico?<\/h2>\n\n<p>Il passaporto biometrico \u00e8 un importante sviluppo tecnologico nel campo dei <a href=\"https:\/\/usa-gv.com\/it\/documenti-di-viaggio-per-gli-usa\/\">documenti di viaggio sicuri per gli Stati Uniti<\/a>. Contiene un chip elettronico che memorizza i dati biometrici del titolare del passaporto. Le informazioni contenute nel microchip sono :  <\/p>\n\n<ul class=\"wp-block-list\">\n<li>informazioni sull&#8217;identit\u00e0, come nome, data di nascita e luogo di residenza;<\/li>\n\n\n\n<li>dati biometrici, come foto del viso e impronte digitali.<\/li>\n<\/ul>\n\n<div style=\"height:10px\" aria-hidden=\"true\" class=\"wp-block-spacer\"><\/div>\n\n<p>Questo tipo di passaporto \u00e8 stato progettato per <strong>aumentare la sicurezza e ridurre il rischio di frodi e falsificazioni<\/strong>.<\/p>\n\n<h2 class=\"wp-block-heading\">Qual \u00e8 la differenza tra un passaporto biometrico e un passaporto elettronico?<\/h2>\n\n<p>Il termine passaporto elettronico \u00e8 utilizzato per indicare un passaporto che incorpora funzioni elettroniche per memorizzare i dati di identificazione del portatore.\nIl passaporto biometrico \u00e8 un passaporto elettronico.\nTuttavia, in alcuni Paesi si distingue tra passaporto elettronico e passaporto biometrico, che contiene dati biometrici specifici memorizzati nel chip.  <\/p>\n\n<h2 class=\"wp-block-heading\">Come posso sapere se un passaporto \u00e8 biometrico o elettronico?<\/h2>\n\n<p>Per sapere se un passaporto \u00e8 biometrico o elettronico, le autorit\u00e0 nazionali stampano un simbolo dorato sulla copertina, che rappresenta un cerchio tra due linee spesse.\nQuesto simbolo si trova sotto la parola PASSAPORTO sulla copertina del passaporto. <\/p>\n\n<h2 class=\"wp-block-heading\">Foto di un passaporto elettronico contenente informazioni biometriche<\/h2>\n\n<p>Ecco una foto della copertina di un passaporto europeo rilasciato dalla Francia.\nQuesto passaporto \u00e8 dotato di un chip elettronico perch\u00e9 il simbolo dorato che rappresenta un cerchio con delle linee \u00e8 presente nella parte inferiore della copertina del passaporto. <\/p>\n\n<figure class=\"wp-block-image size-full is-resized\"><img fetchpriority=\"high\" decoding=\"async\" width=\"674\" height=\"988\" src=\"https:\/\/usa-gv.com\/wp-content\/uploads\/2024\/03\/Europe-passport.jpg\" alt=\"Copertina del passaporto elettronico\" class=\"wp-image-3251\" style=\"width:840px;height:auto\" srcset=\"https:\/\/usa-gv.com\/wp-content\/uploads\/2024\/03\/Europe-passport.jpg 674w, https:\/\/usa-gv.com\/wp-content\/uploads\/2024\/03\/Europe-passport-205x300.jpg 205w\" sizes=\"(max-width: 674px) 100vw, 674px\" \/><\/figure>\n","protected":false},"excerpt":{"rendered":"<p>Di quale passaporto ho bisogno per recarmi negli Stati Uniti? Gli Stati Uniti impongono alcune condizioni sul tipo di passaporto richiesto ai viaggiatori che desiderano entrare nel Paese nell&#8217;ambito del Programma Viaggio senza Visto. Ecco le specifiche del passaporto richieste dalle autorit\u00e0 statunitensi per la richiesta ESTA online per gli Stati Uniti: Attenzione: Il periodo [&hellip;]<\/p>\n","protected":false},"author":1,"featured_media":0,"parent":0,"menu_order":0,"comment_status":"closed","ping_status":"closed","template":"","meta":{"footnotes":""},"class_list":["post-2925","page","type-page","status-publish","hentry"],"yoast_head":"<!-- This site is optimized with the Yoast SEO plugin v26.6 - https:\/\/yoast.com\/wordpress\/plugins\/seo\/ -->\n<title>Passaporti accettati per i viaggi negli Stati Uniti - USA-GV.COM<\/title>\n<meta name=\"description\" content=\"Per recarsi negli Stati Uniti \u00e8 necessario un passaporto valido approvato dalle autorit\u00e0 statunitensi.\" \/>\n<meta name=\"robots\" content=\"index, follow, max-snippet:-1, max-image-preview:large, max-video-preview:-1\" \/>\n<link rel=\"canonical\" href=\"https:\/\/usa-gv.com\/it\/passaporto-per-gli-stati-uniti\/\" \/>\n<meta property=\"og:locale\" content=\"it_IT\" \/>\n<meta property=\"og:type\" content=\"article\" \/>\n<meta property=\"og:title\" content=\"Passaporti accettati per i viaggi negli Stati Uniti - USA-GV.COM\" \/>\n<meta property=\"og:description\" content=\"Per recarsi negli Stati Uniti \u00e8 necessario un passaporto valido approvato dalle autorit\u00e0 statunitensi.\" \/>\n<meta property=\"og:url\" content=\"https:\/\/usa-gv.com\/it\/passaporto-per-gli-stati-uniti\/\" \/>\n<meta property=\"og:site_name\" content=\"USA-GV.COM\" \/>\n<meta property=\"article:modified_time\" content=\"2025-02-25T11:52:28+00:00\" \/>\n<meta property=\"og:image\" content=\"https:\/\/usa-gv.com\/wp-content\/uploads\/2024\/03\/Europe-passport.jpg\" \/>\n<meta name=\"twitter:card\" content=\"summary_large_image\" \/>\n<meta name=\"twitter:label1\" content=\"Tempo di lettura stimato\" \/>\n\t<meta name=\"twitter:data1\" content=\"2 minuti\" \/>\n<script type=\"application\/ld+json\" class=\"yoast-schema-graph\">{\"@context\":\"https:\/\/schema.org\",\"@graph\":[{\"@type\":\"WebPage\",\"@id\":\"https:\/\/usa-gv.com\/it\/passaporto-per-gli-stati-uniti\/\",\"url\":\"https:\/\/usa-gv.com\/it\/passaporto-per-gli-stati-uniti\/\",\"name\":\"Passaporti accettati per i viaggi negli Stati Uniti - USA-GV.COM\",\"isPartOf\":{\"@id\":\"https:\/\/usa-gv.com\/it\/#website\"},\"primaryImageOfPage\":{\"@id\":\"https:\/\/usa-gv.com\/it\/passaporto-per-gli-stati-uniti\/#primaryimage\"},\"image\":{\"@id\":\"https:\/\/usa-gv.com\/it\/passaporto-per-gli-stati-uniti\/#primaryimage\"},\"thumbnailUrl\":\"https:\/\/usa-gv.com\/wp-content\/uploads\/2024\/03\/Europe-passport.jpg\",\"datePublished\":\"2024-03-12T18:55:40+00:00\",\"dateModified\":\"2025-02-25T11:52:28+00:00\",\"description\":\"Per recarsi negli Stati Uniti \u00e8 necessario un passaporto valido approvato dalle autorit\u00e0 statunitensi.\",\"breadcrumb\":{\"@id\":\"https:\/\/usa-gv.com\/it\/passaporto-per-gli-stati-uniti\/#breadcrumb\"},\"inLanguage\":\"it-IT\",\"potentialAction\":[{\"@type\":\"ReadAction\",\"target\":[\"https:\/\/usa-gv.com\/it\/passaporto-per-gli-stati-uniti\/\"]}]},{\"@type\":\"ImageObject\",\"inLanguage\":\"it-IT\",\"@id\":\"https:\/\/usa-gv.com\/it\/passaporto-per-gli-stati-uniti\/#primaryimage\",\"url\":\"https:\/\/usa-gv.com\/wp-content\/uploads\/2024\/03\/Europe-passport.jpg\",\"contentUrl\":\"https:\/\/usa-gv.com\/wp-content\/uploads\/2024\/03\/Europe-passport.jpg\"},{\"@type\":\"BreadcrumbList\",\"@id\":\"https:\/\/usa-gv.com\/it\/passaporto-per-gli-stati-uniti\/#breadcrumb\",\"itemListElement\":[{\"@type\":\"ListItem\",\"position\":1,\"name\":\"Home\",\"item\":\"https:\/\/usa-gv.com\/it\/guida-turistica-degli-stati-uniti\/\"},{\"@type\":\"ListItem\",\"position\":2,\"name\":\"Passaporti accettati per i viaggi negli Stati Uniti\"}]},{\"@type\":\"WebSite\",\"@id\":\"https:\/\/usa-gv.com\/it\/#website\",\"url\":\"https:\/\/usa-gv.com\/it\/\",\"name\":\"USA-GV.COM\",\"description\":\"\",\"potentialAction\":[{\"@type\":\"SearchAction\",\"target\":{\"@type\":\"EntryPoint\",\"urlTemplate\":\"https:\/\/usa-gv.com\/it\/?s={search_term_string}\"},\"query-input\":{\"@type\":\"PropertyValueSpecification\",\"valueRequired\":true,\"valueName\":\"search_term_string\"}}],\"inLanguage\":\"it-IT\"}]}<\/script>\n<!-- \/ Yoast SEO plugin. -->","yoast_head_json":{"title":"Passaporti accettati per i viaggi negli Stati Uniti - USA-GV.COM","description":"Per recarsi negli Stati Uniti \u00e8 necessario un passaporto valido approvato dalle autorit\u00e0 statunitensi.","robots":{"index":"index","follow":"follow","max-snippet":"max-snippet:-1","max-image-preview":"max-image-preview:large","max-video-preview":"max-video-preview:-1"},"canonical":"https:\/\/usa-gv.com\/it\/passaporto-per-gli-stati-uniti\/","og_locale":"it_IT","og_type":"article","og_title":"Passaporti accettati per i viaggi negli Stati Uniti - USA-GV.COM","og_description":"Per recarsi negli Stati Uniti \u00e8 necessario un passaporto valido approvato dalle autorit\u00e0 statunitensi.","og_url":"https:\/\/usa-gv.com\/it\/passaporto-per-gli-stati-uniti\/","og_site_name":"USA-GV.COM","article_modified_time":"2025-02-25T11:52:28+00:00","og_image":[{"url":"https:\/\/usa-gv.com\/wp-content\/uploads\/2024\/03\/Europe-passport.jpg","type":"","width":"","height":""}],"twitter_card":"summary_large_image","twitter_misc":{"Tempo di lettura stimato":"2 minuti"},"schema":{"@context":"https:\/\/schema.org","@graph":[{"@type":"WebPage","@id":"https:\/\/usa-gv.com\/it\/passaporto-per-gli-stati-uniti\/","url":"https:\/\/usa-gv.com\/it\/passaporto-per-gli-stati-uniti\/","name":"Passaporti accettati per i viaggi negli Stati Uniti - USA-GV.COM","isPartOf":{"@id":"https:\/\/usa-gv.com\/it\/#website"},"primaryImageOfPage":{"@id":"https:\/\/usa-gv.com\/it\/passaporto-per-gli-stati-uniti\/#primaryimage"},"image":{"@id":"https:\/\/usa-gv.com\/it\/passaporto-per-gli-stati-uniti\/#primaryimage"},"thumbnailUrl":"https:\/\/usa-gv.com\/wp-content\/uploads\/2024\/03\/Europe-passport.jpg","datePublished":"2024-03-12T18:55:40+00:00","dateModified":"2025-02-25T11:52:28+00:00","description":"Per recarsi negli Stati Uniti \u00e8 necessario un passaporto valido approvato dalle autorit\u00e0 statunitensi.","breadcrumb":{"@id":"https:\/\/usa-gv.com\/it\/passaporto-per-gli-stati-uniti\/#breadcrumb"},"inLanguage":"it-IT","potentialAction":[{"@type":"ReadAction","target":["https:\/\/usa-gv.com\/it\/passaporto-per-gli-stati-uniti\/"]}]},{"@type":"ImageObject","inLanguage":"it-IT","@id":"https:\/\/usa-gv.com\/it\/passaporto-per-gli-stati-uniti\/#primaryimage","url":"https:\/\/usa-gv.com\/wp-content\/uploads\/2024\/03\/Europe-passport.jpg","contentUrl":"https:\/\/usa-gv.com\/wp-content\/uploads\/2024\/03\/Europe-passport.jpg"},{"@type":"BreadcrumbList","@id":"https:\/\/usa-gv.com\/it\/passaporto-per-gli-stati-uniti\/#breadcrumb","itemListElement":[{"@type":"ListItem","position":1,"name":"Home","item":"https:\/\/usa-gv.com\/it\/guida-turistica-degli-stati-uniti\/"},{"@type":"ListItem","position":2,"name":"Passaporti accettati per i viaggi negli Stati Uniti"}]},{"@type":"WebSite","@id":"https:\/\/usa-gv.com\/it\/#website","url":"https:\/\/usa-gv.com\/it\/","name":"USA-GV.COM","description":"","potentialAction":[{"@type":"SearchAction","target":{"@type":"EntryPoint","urlTemplate":"https:\/\/usa-gv.com\/it\/?s={search_term_string}"},"query-input":{"@type":"PropertyValueSpecification","valueRequired":true,"valueName":"search_term_string"}}],"inLanguage":"it-IT"}]}},"_links":{"self":[{"href":"https:\/\/usa-gv.com\/it\/wp-json\/wp\/v2\/pages\/2925","targetHints":{"allow":["GET"]}}],"collection":[{"href":"https:\/\/usa-gv.com\/it\/wp-json\/wp\/v2\/pages"}],"about":[{"href":"https:\/\/usa-gv.com\/it\/wp-json\/wp\/v2\/types\/page"}],"author":[{"embeddable":true,"href":"https:\/\/usa-gv.com\/it\/wp-json\/wp\/v2\/users\/1"}],"replies":[{"embeddable":true,"href":"https:\/\/usa-gv.com\/it\/wp-json\/wp\/v2\/comments?post=2925"}],"version-history":[{"count":1,"href":"https:\/\/usa-gv.com\/it\/wp-json\/wp\/v2\/pages\/2925\/revisions"}],"predecessor-version":[{"id":7642,"href":"https:\/\/usa-gv.com\/it\/wp-json\/wp\/v2\/pages\/2925\/revisions\/7642"}],"wp:attachment":[{"href":"https:\/\/usa-gv.com\/it\/wp-json\/wp\/v2\/media?parent=2925"}],"curies":[{"name":"wp","href":"https:\/\/api.w.org\/{rel}","templated":true}]}}