{"id":2907,"date":"2024-03-11T21:42:38","date_gmt":"2024-03-11T21:42:38","guid":{"rendered":"https:\/\/usa-gv.com\/regole-di-ammissibilita-per-esta\/"},"modified":"2025-02-25T11:51:59","modified_gmt":"2025-02-25T11:51:59","slug":"regole-di-ammissibilita-per-esta","status":"publish","type":"page","link":"https:\/\/usa-gv.com\/it\/regole-di-ammissibilita-per-esta\/","title":{"rendered":"Le regole per ottenere l&#8217;ESTA"},"content":{"rendered":"\n<h1 class=\"wp-block-heading\">Requisiti di idoneit\u00e0 per ottenere l&#8217;ESTA<\/h1>\n\n<p>Per recarsi negli Stati Uniti nell&#8217;ambito del Programma Viaggio senza Visto \u00e8 necessaria l&#8217;autorizzazione di viaggio ESTA.\nQuesta autorizzazione \u00e8 essenziale per i cittadini dei paesi che partecipano al VWP che desiderano visitare gli Stati Uniti per soggiorni fino a 90 giorni.\nLe condizioni di ammissibilit\u00e0 per ottenere un&#8217;ESTA riguardano :  <\/p>\n\n<ol class=\"wp-block-list\">\n<li>La cittadinanza del richiedente<\/li>\n\n\n\n<li>Tipo di passaporto<\/li>\n\n\n\n<li>Durata del soggiorno e motivo del soggiorno<\/li>\n\n\n\n<li>Profilo personale e di sicurezza<\/li>\n<\/ol>\n\n<div style=\"height:10px\" aria-hidden=\"true\" class=\"wp-block-spacer\"><\/div>\n\n<p><strong>Se soddisfi questi criteri di idoneit\u00e0<\/strong>, puoi compilare il <a href=\"https:\/\/usa-gv.com\/it\/modulo-esta-online\/\">modulo ESTA online<\/a> in pochi minuti.<\/p>\n\n<div style=\"height:10px\" aria-hidden=\"true\" class=\"wp-block-spacer\"><\/div>\n\n<h2 class=\"wp-block-heading\">1. Cittadini autorizzati a richiedere l&#8217;ESTA<\/h2>\n\n<p>Per avere diritto all&#8217;ESTA, un viaggiatore deve essere cittadino o cittadina di un <a href=\"https:\/\/usa-gv.com\/it\/visa-waiver-program-usa\/\">paese che partecipa al VWP<\/a>.<\/p>\n\n<h2 class=\"wp-block-heading\">2. Tipi di passaporti autorizzati a recarsi negli USA<\/h2>\n\n<p>I viaggiatori stranieri devono essere in possesso di un <a href=\"https:\/\/usa-gv.com\/it\/passaporto-per-gli-stati-uniti\/\">passaporto valido per gli Stati Uniti<\/a> e rilasciato da un paese aderente al VWP. Questo passaporto deve essere :<\/p>\n\n<ul class=\"wp-block-list\">\n<li>Un passaporto elettronico contenente un chip digitale.<\/li>\n\n\n\n<li>Valido per la durata del soggiorno negli Stati Uniti.<\/li>\n<\/ul>\n\n<div style=\"height:10px\" aria-hidden=\"true\" class=\"wp-block-spacer\"><\/div>\n\n<h2 class=\"wp-block-heading\">3. Motivo e durata del soggiorno<\/h2>\n\n<p>L&#8217;autorizzazione ESTA \u00e8 necessaria solo per soggiorni brevi.\nL&#8217;ESTA \u00e8 per soggiorni fino a 90 giorni.\nSe hai intenzione di fermarti pi\u00f9 a lungo, dovrai ottenere un <a href=\"https:\/\/usa-gv.com\/it\/visto-turistico-usa\/\">visto turistico per gli Stati Uniti<\/a>.  <\/p>\n\n<p><strong>I motivi di viaggio accettabili per ottenere un&#8217;ESTA sono<\/strong>: Turismo, visite a parenti o amici, appuntamenti di lavoro (riunioni, conferenze), cure mediche o <a href=\"https:\/\/usa-gv.com\/it\/esta-transito-usa\/\">transito negli Stati Uniti<\/a>.<\/p>\n\n<p>I soggiorni per studio, lavoro retribuito o residenza permanente non sono autorizzati con l&#8217;autorizzazione di viaggio ESTA.<\/p>\n\n<h2 class=\"wp-block-heading\">4. Condizioni personali e di sicurezza<\/h2>\n\n<p>Per ottenere l&#8217;autorizzazione al viaggio ESTA, devi soddisfare i requisiti di salute e sicurezza delle autorit\u00e0 di frontiera statunitensi.\nL&#8217;ultima parte delle <a href=\"https:\/\/usa-gv.com\/it\/domande-sul-modulo-esta\/\">domande dell&#8217;ESTA<\/a> riguarda il tuo profilo di sicurezza personale per gli Stati Uniti: <\/p>\n\n<ul class=\"wp-block-list\">\n<li><strong>Fedina penale<\/strong>: quando fai <a href=\"https:\/\/usa-gv.com\/it\/come-richiedere-esta\/\">domanda per l&#8217;ESTA<\/a> devi rispondere a una serie di domande di sicurezza. Qualsiasi condanna penale, malattia contagiosa o precedente violazione delle leggi sull&#8217;immigrazione degli Stati Uniti pu\u00f2 comportare il <a href=\"https:\/\/usa-gv.com\/it\/domanda-esta-rifiutata\/\">rifiuto dell&#8217;ESTA<\/a>.<\/li>\n\n\n\n<li><strong>Problemi di salute<\/strong>: devi dichiarare se soffri di alcune malattie contagiose.\nLe persone che rappresentano un rischio per la salute pubblica possono vedersi rifiutare l&#8217;ESTA. <\/li>\n\n\n\n<li><strong>Viaggi in alcuni paesi<\/strong>: se hai viaggiato in Iran, Iraq, Libia, Corea del Nord, Somalia, Sudan, Siria o Yemen dopo il 1\u00b0 marzo 2011, non potrai beneficiare dell&#8217;ESTA e dovrai richiedere un visto.<\/li>\n<\/ul>\n\n<ol start=\"3\" class=\"wp-block-list\">\n<li><\/li>\n<\/ol>\n","protected":false},"excerpt":{"rendered":"<p>Requisiti di idoneit\u00e0 per ottenere l&#8217;ESTA Per recarsi negli Stati Uniti nell&#8217;ambito del Programma Viaggio senza Visto \u00e8 necessaria l&#8217;autorizzazione di viaggio ESTA. Questa autorizzazione \u00e8 essenziale per i cittadini dei paesi che partecipano al VWP che desiderano visitare gli Stati Uniti per soggiorni fino a 90 giorni. Le condizioni di ammissibilit\u00e0 per ottenere un&#8217;ESTA [&hellip;]<\/p>\n","protected":false},"author":1,"featured_media":0,"parent":0,"menu_order":0,"comment_status":"closed","ping_status":"closed","template":"","meta":{"footnotes":""},"class_list":["post-2907","page","type-page","status-publish","hentry"],"yoast_head":"<!-- This site is optimized with the Yoast SEO plugin v26.6 - https:\/\/yoast.com\/wordpress\/plugins\/seo\/ -->\n<title>Le regole per ottenere l&#039;ESTA - USA-GV.COM<\/title>\n<meta name=\"description\" content=\"L&#039;autorizzazione al viaggio ESTA pu\u00f2 essere ottenuta solo se il viaggiatore soddisfa determinati criteri di idoneit\u00e0.\" \/>\n<meta name=\"robots\" content=\"index, follow, max-snippet:-1, max-image-preview:large, max-video-preview:-1\" \/>\n<link rel=\"canonical\" href=\"https:\/\/usa-gv.com\/it\/regole-di-ammissibilita-per-esta\/\" \/>\n<meta property=\"og:locale\" content=\"it_IT\" \/>\n<meta property=\"og:type\" content=\"article\" \/>\n<meta property=\"og:title\" content=\"Le regole per ottenere l&#039;ESTA - USA-GV.COM\" \/>\n<meta property=\"og:description\" content=\"L&#039;autorizzazione al viaggio ESTA pu\u00f2 essere ottenuta solo se il viaggiatore soddisfa determinati criteri di idoneit\u00e0.\" \/>\n<meta property=\"og:url\" content=\"https:\/\/usa-gv.com\/it\/regole-di-ammissibilita-per-esta\/\" \/>\n<meta property=\"og:site_name\" content=\"USA-GV.COM\" \/>\n<meta property=\"article:modified_time\" content=\"2025-02-25T11:51:59+00:00\" \/>\n<meta name=\"twitter:card\" content=\"summary_large_image\" \/>\n<meta name=\"twitter:label1\" content=\"Tempo di lettura stimato\" \/>\n\t<meta name=\"twitter:data1\" content=\"2 minuti\" \/>\n<script type=\"application\/ld+json\" class=\"yoast-schema-graph\">{\"@context\":\"https:\/\/schema.org\",\"@graph\":[{\"@type\":\"WebPage\",\"@id\":\"https:\/\/usa-gv.com\/it\/regole-di-ammissibilita-per-esta\/\",\"url\":\"https:\/\/usa-gv.com\/it\/regole-di-ammissibilita-per-esta\/\",\"name\":\"Le regole per ottenere l'ESTA - USA-GV.COM\",\"isPartOf\":{\"@id\":\"https:\/\/usa-gv.com\/it\/#website\"},\"datePublished\":\"2024-03-11T21:42:38+00:00\",\"dateModified\":\"2025-02-25T11:51:59+00:00\",\"description\":\"L'autorizzazione al viaggio ESTA pu\u00f2 essere ottenuta solo se il viaggiatore soddisfa determinati criteri di idoneit\u00e0.\",\"breadcrumb\":{\"@id\":\"https:\/\/usa-gv.com\/it\/regole-di-ammissibilita-per-esta\/#breadcrumb\"},\"inLanguage\":\"it-IT\",\"potentialAction\":[{\"@type\":\"ReadAction\",\"target\":[\"https:\/\/usa-gv.com\/it\/regole-di-ammissibilita-per-esta\/\"]}]},{\"@type\":\"BreadcrumbList\",\"@id\":\"https:\/\/usa-gv.com\/it\/regole-di-ammissibilita-per-esta\/#breadcrumb\",\"itemListElement\":[{\"@type\":\"ListItem\",\"position\":1,\"name\":\"Home\",\"item\":\"https:\/\/usa-gv.com\/it\/guida-turistica-degli-stati-uniti\/\"},{\"@type\":\"ListItem\",\"position\":2,\"name\":\"Le regole per ottenere l&rsquo;ESTA\"}]},{\"@type\":\"WebSite\",\"@id\":\"https:\/\/usa-gv.com\/it\/#website\",\"url\":\"https:\/\/usa-gv.com\/it\/\",\"name\":\"USA-GV.COM\",\"description\":\"\",\"potentialAction\":[{\"@type\":\"SearchAction\",\"target\":{\"@type\":\"EntryPoint\",\"urlTemplate\":\"https:\/\/usa-gv.com\/it\/?s={search_term_string}\"},\"query-input\":{\"@type\":\"PropertyValueSpecification\",\"valueRequired\":true,\"valueName\":\"search_term_string\"}}],\"inLanguage\":\"it-IT\"}]}<\/script>\n<!-- \/ Yoast SEO plugin. -->","yoast_head_json":{"title":"Le regole per ottenere l'ESTA - USA-GV.COM","description":"L'autorizzazione al viaggio ESTA pu\u00f2 essere ottenuta solo se il viaggiatore soddisfa determinati criteri di idoneit\u00e0.","robots":{"index":"index","follow":"follow","max-snippet":"max-snippet:-1","max-image-preview":"max-image-preview:large","max-video-preview":"max-video-preview:-1"},"canonical":"https:\/\/usa-gv.com\/it\/regole-di-ammissibilita-per-esta\/","og_locale":"it_IT","og_type":"article","og_title":"Le regole per ottenere l'ESTA - USA-GV.COM","og_description":"L'autorizzazione al viaggio ESTA pu\u00f2 essere ottenuta solo se il viaggiatore soddisfa determinati criteri di idoneit\u00e0.","og_url":"https:\/\/usa-gv.com\/it\/regole-di-ammissibilita-per-esta\/","og_site_name":"USA-GV.COM","article_modified_time":"2025-02-25T11:51:59+00:00","twitter_card":"summary_large_image","twitter_misc":{"Tempo di lettura stimato":"2 minuti"},"schema":{"@context":"https:\/\/schema.org","@graph":[{"@type":"WebPage","@id":"https:\/\/usa-gv.com\/it\/regole-di-ammissibilita-per-esta\/","url":"https:\/\/usa-gv.com\/it\/regole-di-ammissibilita-per-esta\/","name":"Le regole per ottenere l'ESTA - USA-GV.COM","isPartOf":{"@id":"https:\/\/usa-gv.com\/it\/#website"},"datePublished":"2024-03-11T21:42:38+00:00","dateModified":"2025-02-25T11:51:59+00:00","description":"L'autorizzazione al viaggio ESTA pu\u00f2 essere ottenuta solo se il viaggiatore soddisfa determinati criteri di idoneit\u00e0.","breadcrumb":{"@id":"https:\/\/usa-gv.com\/it\/regole-di-ammissibilita-per-esta\/#breadcrumb"},"inLanguage":"it-IT","potentialAction":[{"@type":"ReadAction","target":["https:\/\/usa-gv.com\/it\/regole-di-ammissibilita-per-esta\/"]}]},{"@type":"BreadcrumbList","@id":"https:\/\/usa-gv.com\/it\/regole-di-ammissibilita-per-esta\/#breadcrumb","itemListElement":[{"@type":"ListItem","position":1,"name":"Home","item":"https:\/\/usa-gv.com\/it\/guida-turistica-degli-stati-uniti\/"},{"@type":"ListItem","position":2,"name":"Le regole per ottenere l&rsquo;ESTA"}]},{"@type":"WebSite","@id":"https:\/\/usa-gv.com\/it\/#website","url":"https:\/\/usa-gv.com\/it\/","name":"USA-GV.COM","description":"","potentialAction":[{"@type":"SearchAction","target":{"@type":"EntryPoint","urlTemplate":"https:\/\/usa-gv.com\/it\/?s={search_term_string}"},"query-input":{"@type":"PropertyValueSpecification","valueRequired":true,"valueName":"search_term_string"}}],"inLanguage":"it-IT"}]}},"_links":{"self":[{"href":"https:\/\/usa-gv.com\/it\/wp-json\/wp\/v2\/pages\/2907","targetHints":{"allow":["GET"]}}],"collection":[{"href":"https:\/\/usa-gv.com\/it\/wp-json\/wp\/v2\/pages"}],"about":[{"href":"https:\/\/usa-gv.com\/it\/wp-json\/wp\/v2\/types\/page"}],"author":[{"embeddable":true,"href":"https:\/\/usa-gv.com\/it\/wp-json\/wp\/v2\/users\/1"}],"replies":[{"embeddable":true,"href":"https:\/\/usa-gv.com\/it\/wp-json\/wp\/v2\/comments?post=2907"}],"version-history":[{"count":1,"href":"https:\/\/usa-gv.com\/it\/wp-json\/wp\/v2\/pages\/2907\/revisions"}],"predecessor-version":[{"id":7625,"href":"https:\/\/usa-gv.com\/it\/wp-json\/wp\/v2\/pages\/2907\/revisions\/7625"}],"wp:attachment":[{"href":"https:\/\/usa-gv.com\/it\/wp-json\/wp\/v2\/media?parent=2907"}],"curies":[{"name":"wp","href":"https:\/\/api.w.org\/{rel}","templated":true}]}}