{"id":2815,"date":"2024-03-12T20:06:24","date_gmt":"2024-03-12T20:06:24","guid":{"rendered":"https:\/\/usa-gv.com\/periodo-validita-dell-esta\/"},"modified":"2025-02-25T11:51:04","modified_gmt":"2025-02-25T11:51:04","slug":"periodo-validita-dell-esta","status":"publish","type":"page","link":"https:\/\/usa-gv.com\/it\/periodo-validita-dell-esta\/","title":{"rendered":"Periodo di validit\u00e0 dell&#8217;ESTA"},"content":{"rendered":"\n<h1 class=\"wp-block-heading\">Per quanto tempo \u00e8 valido l&#8217;ESTA?<\/h1>\n\n<p>L&#8217;autorizzazione ESTA \u00e8 valida per due anni dalla data di approvazione.\nPer rinnovare o richiedere la tua prima autorizzazione di viaggio per gli Stati Uniti, \u00e8 sufficiente compilare il modulo ESTA online. <\/p>\n\n<h2 class=\"wp-block-heading\">Periodo di validit\u00e0 dell&#8217;autorizzazione ESTA<\/h2>\n\n<p>L&#8217;ESTA ha una validit\u00e0 iniziale di 2 anni.\nDurante questo periodo, i viaggiatori possono effettuare pi\u00f9 viaggi negli Stati Uniti senza dover presentare ogni volta una nuova domanda.\nTuttavia, \u00e8 fondamentale <a href=\"https:\/\/usa-gv.com\/it\/verificare-la-validita-dell-esta\/\">verificare la validit\u00e0 dell&#8217;ESTA<\/a> prima di ogni viaggio negli Stati Uniti.  <\/p>\n\n<p>A partire dall&#8217;estate 2023, il periodo massimo di validit\u00e0 \u00e8 stato ridotto a 1 anno per due paesi del <a href=\"https:\/\/usa-gv.com\/it\/visa-waiver-program-usa\/\">Programma Viaggio senza Visto<\/a>: Brunei e Ungheria. Di seguito sono riportati ulteriori dettagli.<\/p>\n\n<h2 class=\"wp-block-heading\">Paesi con un periodo di validit\u00e0 dell&#8217;ESTA ridotto<\/h2>\n\n<p>I cittadini dei paesi che aderiscono al Programma &#8220;Viaggio senza Visto&#8221; degli Stati Uniti generalmente beneficiano di un periodo di validit\u00e0 massimo di 2 anni per l&#8217;ESTA.\nTuttavia, dal 2023 ci sono state delle eccezioni: <\/p>\n\n<ul class=\"wp-block-list\">\n<li><strong>Dal 6 luglio 2023<\/strong>: Per i cittadini del Brunei che utilizzano un passaporto del Brunei la validit\u00e0 massima dell&#8217;ESTA \u00e8 stata ridotta a 1 anno.<\/li>\n\n\n\n<li><strong>Dal 1\u00b0 agosto 2023<\/strong>: Anche per i cittadini ungheresi che utilizzano un passaporto ungherese il periodo massimo di validit\u00e0 dell&#8217;ESTA sar\u00e0 ridotto a 1 anno.<\/li>\n<\/ul>\n\n<div style=\"height:10px\" aria-hidden=\"true\" class=\"wp-block-spacer\"><\/div>\n\n<h2 class=\"wp-block-heading\">Condizioni per ridurre la validit\u00e0 dell&#8217;ESTA<\/h2>\n\n<p>Il periodo di validit\u00e0 dell&#8217;ESTA pu\u00f2 essere ridotto nei seguenti casi:<\/p>\n\n<ul class=\"wp-block-list\">\n<li><strong>Data di scadenza del passaporto<\/strong>: l&#8217;autorizzazione ESTA \u00e8 legata a un <a href=\"https:\/\/usa-gv.com\/it\/passaporto-per-gli-stati-uniti\/\">passaporto valido per gli Stati Uniti<\/a>. Se il tuo passaporto scade durante questi due anni, la tua ESTA non sar\u00e0 pi\u00f9 valida e dovrai compilare una <a href=\"https:\/\/usa-gv.com\/it\/come-richiedere-esta\/\">nuova domanda ESTA<\/a>.<\/li>\n\n\n\n<li><strong>Modifica dei dati personali<\/strong>: se cambi nome, sesso o nazionalit\u00e0 durante il periodo di due anni, \u00e8 necessario presentare una nuova domanda ESTA poich\u00e9 i tuoi dati personali non saranno pi\u00f9 aggiornati.<\/li>\n\n\n\n<li><strong>Modifica delle risposte alle domande<\/strong>: se le risposte alle <a href=\"https:\/\/usa-gv.com\/it\/domande-sul-modulo-esta\/\">domande personali dell&#8217;ESTA<\/a> (salute, fedina penale, comportamento) cambiano, \u00e8 necessario presentare una nuova domanda ESTA.<\/li>\n<\/ul>\n\n<div style=\"height:10px\" aria-hidden=\"true\" class=\"wp-block-spacer\"><\/div>\n\n<h2 class=\"wp-block-heading\">Durata del soggiorno autorizzata con un&#8217;ESTA<\/h2>\n\n<p>Sebbene l&#8217;autorizzazione ESTA sia valida per due anni, non ti permette di rimanere negli Stati Uniti per 24 mesi consecutivi.\nOgni soggiorno \u00e8 limitato a un massimo di 90 giorni.\nPer soggiorni superiori a 90 giorni, sar\u00e0 necessario un <a href=\"https:\/\/usa-gv.com\/it\/visto-turistico-usa\/\">visto turistico statunitense<\/a> o una Green Card.  <\/p>\n\n<h2 class=\"wp-block-heading\">Scadenza di un ESTA mentre si trova negli Stati Uniti<\/h2>\n\n<p>Se il tuo ESTA scade durante il tuo soggiorno negli Stati Uniti, puoi rimanere fino alla fine del tuo soggiorno previsto senza preoccupazioni, a patto che non superi i 90 giorni autorizzati.\nNon avrai problemi a lasciare gli Stati Uniti se rispetterai questo limite di tempo. <\/p>\n\n<p><\/p>\n","protected":false},"excerpt":{"rendered":"<p>Per quanto tempo \u00e8 valido l&#8217;ESTA? L&#8217;autorizzazione ESTA \u00e8 valida per due anni dalla data di approvazione. Per rinnovare o richiedere la tua prima autorizzazione di viaggio per gli Stati Uniti, \u00e8 sufficiente compilare il modulo ESTA online. Periodo di validit\u00e0 dell&#8217;autorizzazione ESTA L&#8217;ESTA ha una validit\u00e0 iniziale di 2 anni. Durante questo periodo, i [&hellip;]<\/p>\n","protected":false},"author":1,"featured_media":0,"parent":0,"menu_order":0,"comment_status":"closed","ping_status":"closed","template":"","meta":{"footnotes":""},"class_list":["post-2815","page","type-page","status-publish","hentry"],"yoast_head":"<!-- This site is optimized with the Yoast SEO plugin v26.6 - https:\/\/yoast.com\/wordpress\/plugins\/seo\/ -->\n<title>Periodo di validit\u00e0 dell&#039;ESTA - USA-GV.COM<\/title>\n<meta name=\"description\" content=\"Scoprite per quanto tempo \u00e8 valida l&#039;autorizzazione ESTA per il soggiorno negli Stati Uniti.\" \/>\n<meta name=\"robots\" content=\"index, follow, max-snippet:-1, max-image-preview:large, max-video-preview:-1\" \/>\n<link rel=\"canonical\" href=\"https:\/\/usa-gv.com\/it\/periodo-validita-dell-esta\/\" \/>\n<meta property=\"og:locale\" content=\"it_IT\" \/>\n<meta property=\"og:type\" content=\"article\" \/>\n<meta property=\"og:title\" content=\"Periodo di validit\u00e0 dell&#039;ESTA - USA-GV.COM\" \/>\n<meta property=\"og:description\" content=\"Scoprite per quanto tempo \u00e8 valida l&#039;autorizzazione ESTA per il soggiorno negli Stati Uniti.\" \/>\n<meta property=\"og:url\" content=\"https:\/\/usa-gv.com\/it\/periodo-validita-dell-esta\/\" \/>\n<meta property=\"og:site_name\" content=\"USA-GV.COM\" \/>\n<meta property=\"article:modified_time\" content=\"2025-02-25T11:51:04+00:00\" \/>\n<meta name=\"twitter:card\" content=\"summary_large_image\" \/>\n<meta name=\"twitter:label1\" content=\"Tempo di lettura stimato\" \/>\n\t<meta name=\"twitter:data1\" content=\"2 minuti\" \/>\n<script type=\"application\/ld+json\" class=\"yoast-schema-graph\">{\"@context\":\"https:\/\/schema.org\",\"@graph\":[{\"@type\":\"WebPage\",\"@id\":\"https:\/\/usa-gv.com\/it\/periodo-validita-dell-esta\/\",\"url\":\"https:\/\/usa-gv.com\/it\/periodo-validita-dell-esta\/\",\"name\":\"Periodo di validit\u00e0 dell'ESTA - USA-GV.COM\",\"isPartOf\":{\"@id\":\"https:\/\/usa-gv.com\/it\/#website\"},\"datePublished\":\"2024-03-12T20:06:24+00:00\",\"dateModified\":\"2025-02-25T11:51:04+00:00\",\"description\":\"Scoprite per quanto tempo \u00e8 valida l'autorizzazione ESTA per il soggiorno negli Stati Uniti.\",\"breadcrumb\":{\"@id\":\"https:\/\/usa-gv.com\/it\/periodo-validita-dell-esta\/#breadcrumb\"},\"inLanguage\":\"it-IT\",\"potentialAction\":[{\"@type\":\"ReadAction\",\"target\":[\"https:\/\/usa-gv.com\/it\/periodo-validita-dell-esta\/\"]}]},{\"@type\":\"BreadcrumbList\",\"@id\":\"https:\/\/usa-gv.com\/it\/periodo-validita-dell-esta\/#breadcrumb\",\"itemListElement\":[{\"@type\":\"ListItem\",\"position\":1,\"name\":\"Home\",\"item\":\"https:\/\/usa-gv.com\/it\/guida-turistica-degli-stati-uniti\/\"},{\"@type\":\"ListItem\",\"position\":2,\"name\":\"Periodo di validit\u00e0 dell&rsquo;ESTA\"}]},{\"@type\":\"WebSite\",\"@id\":\"https:\/\/usa-gv.com\/it\/#website\",\"url\":\"https:\/\/usa-gv.com\/it\/\",\"name\":\"USA-GV.COM\",\"description\":\"\",\"potentialAction\":[{\"@type\":\"SearchAction\",\"target\":{\"@type\":\"EntryPoint\",\"urlTemplate\":\"https:\/\/usa-gv.com\/it\/?s={search_term_string}\"},\"query-input\":{\"@type\":\"PropertyValueSpecification\",\"valueRequired\":true,\"valueName\":\"search_term_string\"}}],\"inLanguage\":\"it-IT\"}]}<\/script>\n<!-- \/ Yoast SEO plugin. -->","yoast_head_json":{"title":"Periodo di validit\u00e0 dell'ESTA - USA-GV.COM","description":"Scoprite per quanto tempo \u00e8 valida l'autorizzazione ESTA per il soggiorno negli Stati Uniti.","robots":{"index":"index","follow":"follow","max-snippet":"max-snippet:-1","max-image-preview":"max-image-preview:large","max-video-preview":"max-video-preview:-1"},"canonical":"https:\/\/usa-gv.com\/it\/periodo-validita-dell-esta\/","og_locale":"it_IT","og_type":"article","og_title":"Periodo di validit\u00e0 dell'ESTA - USA-GV.COM","og_description":"Scoprite per quanto tempo \u00e8 valida l'autorizzazione ESTA per il soggiorno negli Stati Uniti.","og_url":"https:\/\/usa-gv.com\/it\/periodo-validita-dell-esta\/","og_site_name":"USA-GV.COM","article_modified_time":"2025-02-25T11:51:04+00:00","twitter_card":"summary_large_image","twitter_misc":{"Tempo di lettura stimato":"2 minuti"},"schema":{"@context":"https:\/\/schema.org","@graph":[{"@type":"WebPage","@id":"https:\/\/usa-gv.com\/it\/periodo-validita-dell-esta\/","url":"https:\/\/usa-gv.com\/it\/periodo-validita-dell-esta\/","name":"Periodo di validit\u00e0 dell'ESTA - USA-GV.COM","isPartOf":{"@id":"https:\/\/usa-gv.com\/it\/#website"},"datePublished":"2024-03-12T20:06:24+00:00","dateModified":"2025-02-25T11:51:04+00:00","description":"Scoprite per quanto tempo \u00e8 valida l'autorizzazione ESTA per il soggiorno negli Stati Uniti.","breadcrumb":{"@id":"https:\/\/usa-gv.com\/it\/periodo-validita-dell-esta\/#breadcrumb"},"inLanguage":"it-IT","potentialAction":[{"@type":"ReadAction","target":["https:\/\/usa-gv.com\/it\/periodo-validita-dell-esta\/"]}]},{"@type":"BreadcrumbList","@id":"https:\/\/usa-gv.com\/it\/periodo-validita-dell-esta\/#breadcrumb","itemListElement":[{"@type":"ListItem","position":1,"name":"Home","item":"https:\/\/usa-gv.com\/it\/guida-turistica-degli-stati-uniti\/"},{"@type":"ListItem","position":2,"name":"Periodo di validit\u00e0 dell&rsquo;ESTA"}]},{"@type":"WebSite","@id":"https:\/\/usa-gv.com\/it\/#website","url":"https:\/\/usa-gv.com\/it\/","name":"USA-GV.COM","description":"","potentialAction":[{"@type":"SearchAction","target":{"@type":"EntryPoint","urlTemplate":"https:\/\/usa-gv.com\/it\/?s={search_term_string}"},"query-input":{"@type":"PropertyValueSpecification","valueRequired":true,"valueName":"search_term_string"}}],"inLanguage":"it-IT"}]}},"_links":{"self":[{"href":"https:\/\/usa-gv.com\/it\/wp-json\/wp\/v2\/pages\/2815","targetHints":{"allow":["GET"]}}],"collection":[{"href":"https:\/\/usa-gv.com\/it\/wp-json\/wp\/v2\/pages"}],"about":[{"href":"https:\/\/usa-gv.com\/it\/wp-json\/wp\/v2\/types\/page"}],"author":[{"embeddable":true,"href":"https:\/\/usa-gv.com\/it\/wp-json\/wp\/v2\/users\/1"}],"replies":[{"embeddable":true,"href":"https:\/\/usa-gv.com\/it\/wp-json\/wp\/v2\/comments?post=2815"}],"version-history":[{"count":1,"href":"https:\/\/usa-gv.com\/it\/wp-json\/wp\/v2\/pages\/2815\/revisions"}],"predecessor-version":[{"id":7559,"href":"https:\/\/usa-gv.com\/it\/wp-json\/wp\/v2\/pages\/2815\/revisions\/7559"}],"wp:attachment":[{"href":"https:\/\/usa-gv.com\/it\/wp-json\/wp\/v2\/media?parent=2815"}],"curies":[{"name":"wp","href":"https:\/\/api.w.org\/{rel}","templated":true}]}}