{"id":2776,"date":"2024-03-11T21:45:25","date_gmt":"2024-03-11T21:45:25","guid":{"rendered":"https:\/\/usa-gv.com\/esta-visto-usa\/"},"modified":"2025-02-25T11:50:45","modified_gmt":"2025-02-25T11:50:45","slug":"esta-visto-usa","status":"publish","type":"page","link":"https:\/\/usa-gv.com\/it\/esta-visto-usa\/","title":{"rendered":"L&#8217;ESTA \u00e8 un visto per gli Stati Uniti?"},"content":{"rendered":"\n<h1 class=\"wp-block-heading\">Qual \u00e8 la differenza tra un visto e l&#8217;ESTA?<\/h1>\n\n<p>Questi due documenti sono autorizzazioni di viaggio statunitensi.\nSono fondamentalmente diversi e le differenze principali sono le seguenti:   <\/p>\n\n<ol class=\"wp-block-list\">\n<li>Il visto viene concesso da un&#8217;ambasciata o un consolato americano nel paese in cui il viaggiatore risiede, mentre l&#8217;ESTA \u00e8 un&#8217;<a href=\"https:\/\/usa-gv.com\/it\/cos-e-un-autorizzazione-esta\/\">autorizzazione elettronica ottenuta online<\/a>;<\/li>\n\n\n\n<li>Ogni tipo di visto prevede condizioni specifiche e un determinato periodo di validit\u00e0, mentre l&#8217;ESTA consente soggiorni brevi inferiori a 90 giorni nell&#8217;ambito del <a href=\"https:\/\/usa-gv.com\/it\/visa-waiver-program-usa\/\">Visa Waiver Programme<\/a>.<\/li>\n\n\n\n<li>L&#8217;ottenimento di un <a href=\"https:\/\/usa-gv.com\/it\/visto-turistico-usa\/\">visto turistico<\/a> comporta un colloquio consolare e la presentazione di ulteriori documenti, mentre per l&#8217;ESTA \u00e8 sufficiente <a href=\"https:\/\/usa-gv.com\/it\/compilare-il-modulo-esta-online\/\">compilare il modulo online<\/a> e <a href=\"https:\/\/usa-gv.com\/it\/come-pagare-una-esta\/\">pagare la tassa ESTA<\/a>.<\/li>\n<\/ol>\n\n<h2 class=\"wp-block-heading\">L&#8217;ESTA \u00e8 un tipo di visto per gli Stati Uniti?<\/h2>\n\n<p>No, l&#8217;autorizzazione ESTA non \u00e8 un visto per gli Stati Uniti.\nL&#8217;ESTA \u00e8 un&#8217;autorizzazione di viaggio elettronica che deve essere ottenuta prima di imbarcarsi su un volo per gli Stati Uniti.\nQuesta procedura ti permette di recarti negli Stati Uniti senza visto, a condizione che <a href=\"https:\/\/usa-gv.com\/it\/regole-di-ammissibilita-per-esta\/\">tu sia idoneo all&#8217;ESTA<\/a>.  <\/p>\n\n<p>L&#8217;autorizzazione ESTA non garantisce l&#8217;ingresso negli Stati Uniti.\nI viaggiatori in possesso di un&#8217;ESTA devono sottoporsi a un breve colloquio con un funzionario doganale all&#8217;arrivo alla frontiera degli Stati Uniti.\nSolo dopo questo colloquio il viaggiatore \u00e8 autorizzato a entrare e rimanere negli Stati Uniti.  <\/p>\n\n<h2 class=\"wp-block-heading\">Chi pu\u00f2 recarsi negli Stati Uniti con un&#8217;ESTA e senza visto?<\/h2>\n\n<p>Solo i cittadini dei paesi aderenti al <a href=\"https:\/\/usa-gv.com\/it\/visa-waiver-program-usa\/\">Programma Viaggio senza Visto<\/a> possono recarsi negli Stati Uniti senza visto semplicemente ottenendo l&#8217;autorizzazione ESTA. Per ottenere il certificato, i viaggiatori devono compilare il <a href=\"https:\/\/usa-gv.com\/it\/modulo-esta-online\/\">modulo ESTA online<\/a>. I <a href=\"https:\/\/usa-gv.com\/it\/scadenze-ottenere-esta\/\">tempi di elaborazione dell&#8217;ESTA<\/a> vanno da un minimo di pochi minuti a un massimo di 72 ore.<\/p>\n\n<h2 class=\"wp-block-heading\">Il prezzo dell&#8217;ESTA \u00e8 diverso da quello del visto?<\/h2>\n\n<p>Le spese per l&#8217;ESTA e per il visto USA sono diverse:<\/p>\n\n<ul class=\"wp-block-list\">\n<li>Il <a href=\"https:\/\/usa-gv.com\/it\/prezzo-esta-statunitense\/\">prezzo dell&#8217;ESTA<\/a> \u00e8 cambiato diverse volte da quando il programma \u00e8 stato lanciato nel 2009. Dal 2022, la tassa amministrativa pagabile online sul <a href=\"https:\/\/usa-gv.com\/it\/sito-web-ufficiale-esta\/\">sito ufficiale dell&#8217;ESTA<\/a> \u00e8 di 21 dollari USA;<\/li>\n\n\n\n<li>Dal 2023, la tassa per l&#8217;elaborazione di una richiesta di <a href=\"https:\/\/usa-gv.com\/it\/visto-turistico-usa\/\">visto turistico B2<\/a> \u00e8 di 185 dollari USA, pagabili online.<\/li>\n<\/ul>\n","protected":false},"excerpt":{"rendered":"<p>Qual \u00e8 la differenza tra un visto e l&#8217;ESTA? Questi due documenti sono autorizzazioni di viaggio statunitensi. Sono fondamentalmente diversi e le differenze principali sono le seguenti: L&#8217;ESTA \u00e8 un tipo di visto per gli Stati Uniti? No, l&#8217;autorizzazione ESTA non \u00e8 un visto per gli Stati Uniti. L&#8217;ESTA \u00e8 un&#8217;autorizzazione di viaggio elettronica che [&hellip;]<\/p>\n","protected":false},"author":1,"featured_media":0,"parent":0,"menu_order":0,"comment_status":"closed","ping_status":"closed","template":"","meta":{"footnotes":""},"class_list":["post-2776","page","type-page","status-publish","hentry"],"yoast_head":"<!-- This site is optimized with the Yoast SEO plugin v26.6 - https:\/\/yoast.com\/wordpress\/plugins\/seo\/ -->\n<title>L&#039;ESTA \u00e8 un visto per gli Stati Uniti? - USA-GV.COM<\/title>\n<meta name=\"description\" content=\"Scoprite se l&#039;ESTA \u00e8 un visto americano e se vi consente di recarvi negli Stati Uniti alle stesse condizioni.\" \/>\n<meta name=\"robots\" content=\"index, follow, max-snippet:-1, max-image-preview:large, max-video-preview:-1\" \/>\n<link rel=\"canonical\" href=\"https:\/\/usa-gv.com\/it\/esta-visto-usa\/\" \/>\n<meta property=\"og:locale\" content=\"it_IT\" \/>\n<meta property=\"og:type\" content=\"article\" \/>\n<meta property=\"og:title\" content=\"L&#039;ESTA \u00e8 un visto per gli Stati Uniti? - USA-GV.COM\" \/>\n<meta property=\"og:description\" content=\"Scoprite se l&#039;ESTA \u00e8 un visto americano e se vi consente di recarvi negli Stati Uniti alle stesse condizioni.\" \/>\n<meta property=\"og:url\" content=\"https:\/\/usa-gv.com\/it\/esta-visto-usa\/\" \/>\n<meta property=\"og:site_name\" content=\"USA-GV.COM\" \/>\n<meta property=\"article:modified_time\" content=\"2025-02-25T11:50:45+00:00\" \/>\n<meta name=\"twitter:card\" content=\"summary_large_image\" \/>\n<meta name=\"twitter:label1\" content=\"Tempo di lettura stimato\" \/>\n\t<meta name=\"twitter:data1\" content=\"2 minuti\" \/>\n<script type=\"application\/ld+json\" class=\"yoast-schema-graph\">{\"@context\":\"https:\/\/schema.org\",\"@graph\":[{\"@type\":\"WebPage\",\"@id\":\"https:\/\/usa-gv.com\/it\/esta-visto-usa\/\",\"url\":\"https:\/\/usa-gv.com\/it\/esta-visto-usa\/\",\"name\":\"L'ESTA \u00e8 un visto per gli Stati Uniti? - USA-GV.COM\",\"isPartOf\":{\"@id\":\"https:\/\/usa-gv.com\/it\/#website\"},\"datePublished\":\"2024-03-11T21:45:25+00:00\",\"dateModified\":\"2025-02-25T11:50:45+00:00\",\"description\":\"Scoprite se l'ESTA \u00e8 un visto americano e se vi consente di recarvi negli Stati Uniti alle stesse condizioni.\",\"breadcrumb\":{\"@id\":\"https:\/\/usa-gv.com\/it\/esta-visto-usa\/#breadcrumb\"},\"inLanguage\":\"it-IT\",\"potentialAction\":[{\"@type\":\"ReadAction\",\"target\":[\"https:\/\/usa-gv.com\/it\/esta-visto-usa\/\"]}]},{\"@type\":\"BreadcrumbList\",\"@id\":\"https:\/\/usa-gv.com\/it\/esta-visto-usa\/#breadcrumb\",\"itemListElement\":[{\"@type\":\"ListItem\",\"position\":1,\"name\":\"Home\",\"item\":\"https:\/\/usa-gv.com\/it\/guida-turistica-degli-stati-uniti\/\"},{\"@type\":\"ListItem\",\"position\":2,\"name\":\"L&rsquo;ESTA \u00e8 un visto per gli Stati Uniti?\"}]},{\"@type\":\"WebSite\",\"@id\":\"https:\/\/usa-gv.com\/it\/#website\",\"url\":\"https:\/\/usa-gv.com\/it\/\",\"name\":\"USA-GV.COM\",\"description\":\"\",\"potentialAction\":[{\"@type\":\"SearchAction\",\"target\":{\"@type\":\"EntryPoint\",\"urlTemplate\":\"https:\/\/usa-gv.com\/it\/?s={search_term_string}\"},\"query-input\":{\"@type\":\"PropertyValueSpecification\",\"valueRequired\":true,\"valueName\":\"search_term_string\"}}],\"inLanguage\":\"it-IT\"}]}<\/script>\n<!-- \/ Yoast SEO plugin. -->","yoast_head_json":{"title":"L'ESTA \u00e8 un visto per gli Stati Uniti? - USA-GV.COM","description":"Scoprite se l'ESTA \u00e8 un visto americano e se vi consente di recarvi negli Stati Uniti alle stesse condizioni.","robots":{"index":"index","follow":"follow","max-snippet":"max-snippet:-1","max-image-preview":"max-image-preview:large","max-video-preview":"max-video-preview:-1"},"canonical":"https:\/\/usa-gv.com\/it\/esta-visto-usa\/","og_locale":"it_IT","og_type":"article","og_title":"L'ESTA \u00e8 un visto per gli Stati Uniti? - USA-GV.COM","og_description":"Scoprite se l'ESTA \u00e8 un visto americano e se vi consente di recarvi negli Stati Uniti alle stesse condizioni.","og_url":"https:\/\/usa-gv.com\/it\/esta-visto-usa\/","og_site_name":"USA-GV.COM","article_modified_time":"2025-02-25T11:50:45+00:00","twitter_card":"summary_large_image","twitter_misc":{"Tempo di lettura stimato":"2 minuti"},"schema":{"@context":"https:\/\/schema.org","@graph":[{"@type":"WebPage","@id":"https:\/\/usa-gv.com\/it\/esta-visto-usa\/","url":"https:\/\/usa-gv.com\/it\/esta-visto-usa\/","name":"L'ESTA \u00e8 un visto per gli Stati Uniti? - USA-GV.COM","isPartOf":{"@id":"https:\/\/usa-gv.com\/it\/#website"},"datePublished":"2024-03-11T21:45:25+00:00","dateModified":"2025-02-25T11:50:45+00:00","description":"Scoprite se l'ESTA \u00e8 un visto americano e se vi consente di recarvi negli Stati Uniti alle stesse condizioni.","breadcrumb":{"@id":"https:\/\/usa-gv.com\/it\/esta-visto-usa\/#breadcrumb"},"inLanguage":"it-IT","potentialAction":[{"@type":"ReadAction","target":["https:\/\/usa-gv.com\/it\/esta-visto-usa\/"]}]},{"@type":"BreadcrumbList","@id":"https:\/\/usa-gv.com\/it\/esta-visto-usa\/#breadcrumb","itemListElement":[{"@type":"ListItem","position":1,"name":"Home","item":"https:\/\/usa-gv.com\/it\/guida-turistica-degli-stati-uniti\/"},{"@type":"ListItem","position":2,"name":"L&rsquo;ESTA \u00e8 un visto per gli Stati Uniti?"}]},{"@type":"WebSite","@id":"https:\/\/usa-gv.com\/it\/#website","url":"https:\/\/usa-gv.com\/it\/","name":"USA-GV.COM","description":"","potentialAction":[{"@type":"SearchAction","target":{"@type":"EntryPoint","urlTemplate":"https:\/\/usa-gv.com\/it\/?s={search_term_string}"},"query-input":{"@type":"PropertyValueSpecification","valueRequired":true,"valueName":"search_term_string"}}],"inLanguage":"it-IT"}]}},"_links":{"self":[{"href":"https:\/\/usa-gv.com\/it\/wp-json\/wp\/v2\/pages\/2776","targetHints":{"allow":["GET"]}}],"collection":[{"href":"https:\/\/usa-gv.com\/it\/wp-json\/wp\/v2\/pages"}],"about":[{"href":"https:\/\/usa-gv.com\/it\/wp-json\/wp\/v2\/types\/page"}],"author":[{"embeddable":true,"href":"https:\/\/usa-gv.com\/it\/wp-json\/wp\/v2\/users\/1"}],"replies":[{"embeddable":true,"href":"https:\/\/usa-gv.com\/it\/wp-json\/wp\/v2\/comments?post=2776"}],"version-history":[{"count":1,"href":"https:\/\/usa-gv.com\/it\/wp-json\/wp\/v2\/pages\/2776\/revisions"}],"predecessor-version":[{"id":7548,"href":"https:\/\/usa-gv.com\/it\/wp-json\/wp\/v2\/pages\/2776\/revisions\/7548"}],"wp:attachment":[{"href":"https:\/\/usa-gv.com\/it\/wp-json\/wp\/v2\/media?parent=2776"}],"curies":[{"name":"wp","href":"https:\/\/api.w.org\/{rel}","templated":true}]}}